{"id":4767,"date":"2022-02-20T15:46:01","date_gmt":"2022-02-20T15:46:01","guid":{"rendered":"https:\/\/medicinasinc.com\/pl\/?post_type=product&#038;p=4767"},"modified":"2022-03-22T01:13:37","modified_gmt":"2022-03-22T01:13:37","slug":"kup-k2-papier","status":"publish","type":"product","link":"https:\/\/medicinasinc.com\/pl\/product\/kup-k2-papier\/","title":{"rendered":"Kup papier K2"},"content":{"rendered":"<p>Otrzymuj tanie arkusze papieru K2 dostarczane bezpo\u015brednio do Twoich drzwi.<\/p>\n<p>Syntetyczna marihuana szybko zyskuje popularno\u015b\u0107 w\u015br\u00f3d konsument\u00f3w marihuany. Papier nasycony K2 to mieszanka rozdrobnionych materia\u0142\u00f3w ro\u015blinnych i syntetycznych chemikali\u00f3w o w\u0142a\u015bciwo\u015bciach psychodelicznych. Wed\u0142ug bada\u0144, chemikalia wi\u0105\u017c\u0105 si\u0119 z tymi samymi receptorami kom\u00f3rek nerwowych w m\u00f3zgu co THC, wywo\u0142uj\u0105c uczucie dobrego samopoczucia, relaksacji, zmienion\u0105 percepcj\u0119 i psychoz\u0119. Je\u015bli szukasz renomowanego sklepu internetowego do zakupu wysokiej jako\u015bci produktu, nie szukaj dalej ni\u017c w naszym renomowanym sklepie internetowym. Aby zapewni\u0107 bezpiecze\u0144stwo naszym klientom, pozyskujemy nasze zapasy od renomowanych producent\u00f3w. Daj nam szans\u0119; gwarantujemy, \u017ce nie b\u0119dziesz zawiedziony.<\/p>\n<p>Kanabinoidy to zwi\u0105zki chemiczne wyst\u0119puj\u0105ce naturalnie w ro\u015blinach marihuany i s\u0142u\u017c\u0105 jako podstawa wielu lek\u00f3w syntetycznych. Chemicznie syntetyczny papier do chwast\u00f3w K2 jest powi\u0105zany z aktywnym sk\u0142adnikiem marihuany. Efekty s\u0105 bardziej intensywne, a na zako\u0144czenie sesji mo\u017cna poczu\u0107 si\u0119 zrelaksowanym i wznios\u0142ym. Poniewa\u017c coraz wi\u0119cej os\u00f3b zdaje sobie spraw\u0119 z prawdziwych korzy\u015bci marihuany, produkt ten jest u\u017cywany jako bezpieczna alternatywa do r\u00f3\u017cnych cel\u00f3w medycznych i rekreacyjnych. Nale\u017cy jednak zachowa\u0107 ostro\u017cno\u015b\u0107, poniewa\u017c nadmierne spo\u017cycie mo\u017ce powodowa\u0107 niepo\u017c\u0105dane skutki uboczne, takie jak l\u0119k, halucynacje, nadci\u015bnienie, b\u00f3l w klatce piersiowej, duszno\u015b\u0107, drgawki i wymioty. Niekt\u00f3re produkty przyprawowe K2 dost\u0119pne na rynku mog\u0105 r\u00f3wnie\u017c zawiera\u0107 sk\u0142adniki toksyczne. W rezultacie bardzo wa\u017cne jest kupowanie od renomowanego dostawcy.<\/p>\n<p>Czy chcesz kupi\u0107 produkty zio\u0142owe najwy\u017cszej jako\u015bci? Dzi\u0119ki globalnej bazie klient\u00f3w zapewniamy doskona\u0142\u0105 mo\u017cliwo\u015b\u0107 zakupu papieru K2 przez Internet po konkurencyjnych cenach. Wraz z najwi\u0119kszym wyborem oferujemy bezpieczne metody p\u0142atno\u015bci i dyskretn\u0105 wysy\u0142k\u0119. Nie musisz odwiedza\u0107 pobliskich sklep\u00f3w spo\u017cywczych ani postoj\u00f3w. Celem firmy jest ci\u0105g\u0142e podnoszenie jako\u015bci produkt\u00f3w i obs\u0142ugi klienta, aby wyprzedza\u0107 konkurencj\u0119. Naszym priorytetem jest Twoja satysfakcja, a mamy pod r\u0119k\u0105 do\u015bwiadczony zesp\u00f3\u0142, kt\u00f3ry poradzi sobie z ka\u017cd\u0105 czkawk\u0105. Nie wahaj si\u0119 z nami skontaktowa\u0107, je\u015bli masz jakiekolwiek pytania lub w\u0105tpliwo\u015bci.<\/p>\n","protected":false},"excerpt":{"rendered":"<div class=\"woocommerce-product-details__short-description\">\n<p>Ka\u017cdy arkusz A4 zawiera\u00a0<em><strong>25 ml=0,845351 uncji p\u0142ynu<\/strong><\/em>\u00a0p\u0142ynu K2. <strong>Bezzapachowy i bezbarwny<\/strong>\u00a0papier K2. <strong>Mamy r\u00f3wnie\u017c na sprzeda\u017c K2 Spray<\/strong><\/p>\n<\/p><\/div>\n","protected":false},"featured_media":4781,"comment_status":"open","ping_status":"closed","template":"","meta":[],"product_brand":[],"product_cat":[690],"product_tag":[691,692,693],"class_list":{"0":"post-4767","1":"product","2":"type-product","3":"status-publish","4":"has-post-thumbnail","6":"product_cat-kup-papier-k2","7":"product_tag-kup-k2-papier-online-uk","8":"product_tag-buy-k2-paper","9":"product_tag-kup-k2-papier-arkusz","11":"first","12":"instock","13":"shipping-taxable","14":"purchasable","15":"product-type-variable","16":"has-default-attributes"},"yoast_head":"<!-- This site is optimized with the Yoast SEO plugin v27.3 - https:\/\/yoast.com\/product\/yoast-seo-wordpress\/ -->\n<title>Kup papier K2 online - Best Best Global Meds<\/title>\n<meta name=\"description\" content=\"Kup K2 Paper online po niskich cenach Ka\u017cdy arkusz A4 jest wype\u0142niony 25 ml = 0,845351 p\u0142ynnej uncji p\u0142ynu K2. Sprzedam bezwonny i bezbarwny papier K2. Posiadamy r\u00f3wnie\u017c na sprzeda\u017c K2 Spray\" \/>\n<meta name=\"robots\" content=\"index, follow, max-snippet:-1, max-image-preview:large, max-video-preview:-1\" \/>\n<link rel=\"canonical\" href=\"https:\/\/medicinasinc.com\/pl\/product\/kup-k2-papier\/\" \/>\n<meta property=\"og:locale\" content=\"en_US\" \/>\n<meta property=\"og:type\" content=\"article\" \/>\n<meta property=\"og:title\" content=\"Kup papier K2 online - Best Best Global Meds\" \/>\n<meta property=\"og:description\" content=\"Kup K2 Paper online po niskich cenach Ka\u017cdy arkusz A4 jest wype\u0142niony 25 ml = 0,845351 p\u0142ynnej uncji p\u0142ynu K2. Sprzedam bezwonny i bezbarwny papier K2. Posiadamy r\u00f3wnie\u017c na sprzeda\u017c K2 Spray\" \/>\n<meta property=\"og:url\" content=\"https:\/\/medicinasinc.com\/pl\/product\/kup-k2-papier\/\" \/>\n<meta property=\"og:site_name\" content=\"Medicinas Inc\" \/>\n<meta property=\"article:modified_time\" content=\"2022-03-22T01:13:37+00:00\" \/>\n<meta property=\"og:image\" content=\"https:\/\/medicinasinc.com\/pl\/wp-content\/uploads\/sites\/13\/2022\/02\/Buy-K2-paper-online.jpg\" \/>\n\t<meta property=\"og:image:width\" content=\"600\" \/>\n\t<meta property=\"og:image:height\" content=\"600\" \/>\n\t<meta property=\"og:image:type\" content=\"image\/jpeg\" \/>\n<meta name=\"twitter:card\" content=\"summary_large_image\" \/>\n<meta name=\"twitter:label1\" content=\"Est. reading time\" \/>\n\t<meta name=\"twitter:data1\" content=\"2 minutes\" \/>\n<script type=\"application\/ld+json\" class=\"yoast-schema-graph\">{\"@context\":\"https:\\\/\\\/schema.org\",\"@graph\":[{\"@type\":\"WebPage\",\"@id\":\"https:\\\/\\\/medicinasinc.com\\\/pl\\\/product\\\/kup-k2-papier\\\/\",\"url\":\"https:\\\/\\\/medicinasinc.com\\\/pl\\\/product\\\/kup-k2-papier\\\/\",\"name\":\"Kup papier K2 online - Best Best Global Meds\",\"isPartOf\":{\"@id\":\"https:\\\/\\\/medicinasinc.com\\\/pl\\\/#website\"},\"primaryImageOfPage\":{\"@id\":\"https:\\\/\\\/medicinasinc.com\\\/pl\\\/product\\\/kup-k2-papier\\\/#primaryimage\"},\"image\":{\"@id\":\"https:\\\/\\\/medicinasinc.com\\\/pl\\\/product\\\/kup-k2-papier\\\/#primaryimage\"},\"thumbnailUrl\":\"https:\\\/\\\/medicinasinc.com\\\/pl\\\/wp-content\\\/uploads\\\/sites\\\/13\\\/2022\\\/02\\\/Buy-K2-paper-online.jpg\",\"datePublished\":\"2022-02-20T15:46:01+00:00\",\"dateModified\":\"2022-03-22T01:13:37+00:00\",\"description\":\"Kup K2 Paper online po niskich cenach Ka\u017cdy arkusz A4 jest wype\u0142niony 25 ml = 0,845351 p\u0142ynnej uncji p\u0142ynu K2. Sprzedam bezwonny i bezbarwny papier K2. Posiadamy r\u00f3wnie\u017c na sprzeda\u017c K2 Spray\",\"breadcrumb\":{\"@id\":\"https:\\\/\\\/medicinasinc.com\\\/pl\\\/product\\\/kup-k2-papier\\\/#breadcrumb\"},\"inLanguage\":\"en-US\",\"potentialAction\":[{\"@type\":\"ReadAction\",\"target\":[\"https:\\\/\\\/medicinasinc.com\\\/pl\\\/product\\\/kup-k2-papier\\\/\"]}]},{\"@type\":\"ImageObject\",\"inLanguage\":\"en-US\",\"@id\":\"https:\\\/\\\/medicinasinc.com\\\/pl\\\/product\\\/kup-k2-papier\\\/#primaryimage\",\"url\":\"https:\\\/\\\/medicinasinc.com\\\/pl\\\/wp-content\\\/uploads\\\/sites\\\/13\\\/2022\\\/02\\\/Buy-K2-paper-online.jpg\",\"contentUrl\":\"https:\\\/\\\/medicinasinc.com\\\/pl\\\/wp-content\\\/uploads\\\/sites\\\/13\\\/2022\\\/02\\\/Buy-K2-paper-online.jpg\",\"width\":600,\"height\":600},{\"@type\":\"BreadcrumbList\",\"@id\":\"https:\\\/\\\/medicinasinc.com\\\/pl\\\/product\\\/kup-k2-papier\\\/#breadcrumb\",\"itemListElement\":[{\"@type\":\"ListItem\",\"position\":1,\"name\":\"Sklep\",\"item\":\"https:\\\/\\\/medicinasinc.com\\\/pl\\\/sklep\\\/\"},{\"@type\":\"ListItem\",\"position\":2,\"name\":\"Kup papier K2\"}]},{\"@type\":\"WebSite\",\"@id\":\"https:\\\/\\\/medicinasinc.com\\\/pl\\\/#website\",\"url\":\"https:\\\/\\\/medicinasinc.com\\\/pl\\\/\",\"name\":\"Medicinas Inc\",\"description\":\"Health Medical Clinic\",\"potentialAction\":[{\"@type\":\"SearchAction\",\"target\":{\"@type\":\"EntryPoint\",\"urlTemplate\":\"https:\\\/\\\/medicinasinc.com\\\/pl\\\/?s={search_term_string}\"},\"query-input\":{\"@type\":\"PropertyValueSpecification\",\"valueRequired\":true,\"valueName\":\"search_term_string\"}}],\"inLanguage\":\"en-US\"}]}<\/script>\n<!-- \/ Yoast SEO plugin. -->","yoast_head_json":{"title":"Kup papier K2 online - Best Best Global Meds","description":"Kup K2 Paper online po niskich cenach Ka\u017cdy arkusz A4 jest wype\u0142niony 25 ml = 0,845351 p\u0142ynnej uncji p\u0142ynu K2. Sprzedam bezwonny i bezbarwny papier K2. Posiadamy r\u00f3wnie\u017c na sprzeda\u017c K2 Spray","robots":{"index":"index","follow":"follow","max-snippet":"max-snippet:-1","max-image-preview":"max-image-preview:large","max-video-preview":"max-video-preview:-1"},"canonical":"https:\/\/medicinasinc.com\/pl\/product\/kup-k2-papier\/","og_locale":"en_US","og_type":"article","og_title":"Kup papier K2 online - Best Best Global Meds","og_description":"Kup K2 Paper online po niskich cenach Ka\u017cdy arkusz A4 jest wype\u0142niony 25 ml = 0,845351 p\u0142ynnej uncji p\u0142ynu K2. Sprzedam bezwonny i bezbarwny papier K2. Posiadamy r\u00f3wnie\u017c na sprzeda\u017c K2 Spray","og_url":"https:\/\/medicinasinc.com\/pl\/product\/kup-k2-papier\/","og_site_name":"Medicinas Inc","article_modified_time":"2022-03-22T01:13:37+00:00","og_image":[{"width":600,"height":600,"url":"https:\/\/medicinasinc.com\/pl\/wp-content\/uploads\/sites\/13\/2022\/02\/Buy-K2-paper-online.jpg","type":"image\/jpeg"}],"twitter_card":"summary_large_image","twitter_misc":{"Est. reading time":"2 minutes"},"schema":{"@context":"https:\/\/schema.org","@graph":[{"@type":"WebPage","@id":"https:\/\/medicinasinc.com\/pl\/product\/kup-k2-papier\/","url":"https:\/\/medicinasinc.com\/pl\/product\/kup-k2-papier\/","name":"Kup papier K2 online - Best Best Global Meds","isPartOf":{"@id":"https:\/\/medicinasinc.com\/pl\/#website"},"primaryImageOfPage":{"@id":"https:\/\/medicinasinc.com\/pl\/product\/kup-k2-papier\/#primaryimage"},"image":{"@id":"https:\/\/medicinasinc.com\/pl\/product\/kup-k2-papier\/#primaryimage"},"thumbnailUrl":"https:\/\/medicinasinc.com\/pl\/wp-content\/uploads\/sites\/13\/2022\/02\/Buy-K2-paper-online.jpg","datePublished":"2022-02-20T15:46:01+00:00","dateModified":"2022-03-22T01:13:37+00:00","description":"Kup K2 Paper online po niskich cenach Ka\u017cdy arkusz A4 jest wype\u0142niony 25 ml = 0,845351 p\u0142ynnej uncji p\u0142ynu K2. Sprzedam bezwonny i bezbarwny papier K2. Posiadamy r\u00f3wnie\u017c na sprzeda\u017c K2 Spray","breadcrumb":{"@id":"https:\/\/medicinasinc.com\/pl\/product\/kup-k2-papier\/#breadcrumb"},"inLanguage":"en-US","potentialAction":[{"@type":"ReadAction","target":["https:\/\/medicinasinc.com\/pl\/product\/kup-k2-papier\/"]}]},{"@type":"ImageObject","inLanguage":"en-US","@id":"https:\/\/medicinasinc.com\/pl\/product\/kup-k2-papier\/#primaryimage","url":"https:\/\/medicinasinc.com\/pl\/wp-content\/uploads\/sites\/13\/2022\/02\/Buy-K2-paper-online.jpg","contentUrl":"https:\/\/medicinasinc.com\/pl\/wp-content\/uploads\/sites\/13\/2022\/02\/Buy-K2-paper-online.jpg","width":600,"height":600},{"@type":"BreadcrumbList","@id":"https:\/\/medicinasinc.com\/pl\/product\/kup-k2-papier\/#breadcrumb","itemListElement":[{"@type":"ListItem","position":1,"name":"Sklep","item":"https:\/\/medicinasinc.com\/pl\/sklep\/"},{"@type":"ListItem","position":2,"name":"Kup papier K2"}]},{"@type":"WebSite","@id":"https:\/\/medicinasinc.com\/pl\/#website","url":"https:\/\/medicinasinc.com\/pl\/","name":"Medicinas Inc","description":"Health Medical Clinic","potentialAction":[{"@type":"SearchAction","target":{"@type":"EntryPoint","urlTemplate":"https:\/\/medicinasinc.com\/pl\/?s={search_term_string}"},"query-input":{"@type":"PropertyValueSpecification","valueRequired":true,"valueName":"search_term_string"}}],"inLanguage":"en-US"}]}},"_links":{"self":[{"href":"https:\/\/medicinasinc.com\/pl\/wp-json\/wp\/v2\/product\/4767","targetHints":{"allow":["GET"]}}],"collection":[{"href":"https:\/\/medicinasinc.com\/pl\/wp-json\/wp\/v2\/product"}],"about":[{"href":"https:\/\/medicinasinc.com\/pl\/wp-json\/wp\/v2\/types\/product"}],"replies":[{"embeddable":true,"href":"https:\/\/medicinasinc.com\/pl\/wp-json\/wp\/v2\/comments?post=4767"}],"wp:featuredmedia":[{"embeddable":true,"href":"https:\/\/medicinasinc.com\/pl\/wp-json\/wp\/v2\/media\/4781"}],"wp:attachment":[{"href":"https:\/\/medicinasinc.com\/pl\/wp-json\/wp\/v2\/media?parent=4767"}],"wp:term":[{"taxonomy":"product_brand","embeddable":true,"href":"https:\/\/medicinasinc.com\/pl\/wp-json\/wp\/v2\/product_brand?post=4767"},{"taxonomy":"product_cat","embeddable":true,"href":"https:\/\/medicinasinc.com\/pl\/wp-json\/wp\/v2\/product_cat?post=4767"},{"taxonomy":"product_tag","embeddable":true,"href":"https:\/\/medicinasinc.com\/pl\/wp-json\/wp\/v2\/product_tag?post=4767"}],"curies":[{"name":"wp","href":"https:\/\/api.w.org\/{rel}","templated":true}]}}