{"id":4761,"date":"2022-02-20T15:41:01","date_gmt":"2022-02-20T15:41:01","guid":{"rendered":"https:\/\/medicinasinc.com\/pl\/?post_type=product&#038;p=4761"},"modified":"2022-03-22T01:13:46","modified_gmt":"2022-03-22T01:13:46","slug":"kup-kwasny-diesel-cbd-kwiat-konopi-online","status":"publish","type":"product","link":"https:\/\/medicinasinc.com\/pl\/product\/kup-kwasny-diesel-cbd-kwiat-konopi-online\/","title":{"rendered":"Kup online kwa\u015bny kwiat konopi CBD z olejem nap\u0119dowym"},"content":{"rendered":"<div class=\"woocommerce-tabs wc-tabs-wrapper\">\n<div id=\"tab-description\" class=\"woocommerce-Tabs-panel woocommerce-Tabs-panel--description panel entry-content wc-tab\" role=\"tabpanel\" aria-labelledby=\"tab-title-description\">\n<p>Sour Diesel to legendarna odmiana wywodz\u0105ca si\u0119 z dw\u00f3ch klasyk\u00f3w. \u0141\u0105czy w sobie obezw\u0142adniaj\u0105c\u0105 gorycz benzyny z mlaskaniem kwa\u015bnych cytrus\u00f3w. To kultowe zio\u0142o wyprodukowa\u0142o mn\u00f3stwo odmian, dzi\u0119ki doskona\u0142ej genetyce i wyra\u017anym efektom, kt\u00f3re sprawiaj\u0105, \u017ce jest ulubie\u0144cem rolnik\u00f3w, kt\u00f3rzy chc\u0105 uprawia\u0107 kolejn\u0105 wielk\u0105 rzecz przemys\u0142u konopnego.<\/p>\n<p>Odmiana Sour Diesel dzia\u0142a szybko. i bardzo silny, zapewniaj\u0105c efekty, kt\u00f3re mog\u0105 przyt\u0142oczy\u0107 Tw\u00f3j system dzi\u0119ki kwintesencji korzy\u015bci szczepu sativa. Oznacza to mo\u017cliwo\u015b\u0107 silnego, zapieraj\u0105cego dech w piersiach przebudzenia, kt\u00f3re mo\u017ce pobudza\u0107 energi\u0119, produktywno\u015b\u0107, motywacj\u0119 i kreatywno\u015b\u0107.<\/p>\n<p>&nbsp;<\/p>\n<p>Historia Sour Diesel<\/p>\n<p>Sour Diesel jest cz\u0119sto uwa\u017cany za jedn\u0105 z najwa\u017cniejszych dost\u0119pnych odmian konopi. Ka\u017cdy koneser konopi powie, \u017ce Sour Diesel to obowi\u0105zkowa pozycja dla ka\u017cdego, kto twierdzi, \u017ce docenia korzy\u015bci p\u0142yn\u0105ce z tego zio\u0142a. W wi\u0119kszo\u015bci popularno\u015b\u0107 tej odmiany wynika z reputacji jej rodzic\u00f3w \u2013 Chemdog 91 i Super Skunk. Te konopne legendy podnios\u0142y reputacj\u0119 odmiany Sour Diesel na nowe wy\u017cyny, obdarzaj\u0105c j\u0105 niezr\u00f3wnan\u0105 genetyk\u0105, kt\u00f3ra sprawi\u0142a, \u017ce \u200b\u200bpotomstwo tej odmiany sta\u0142o si\u0119 konopnym sukcesem, jakim jest dzisiaj.<\/p>\n<p>Chemdog 91 to enigmatyczna odmiana, kt\u00f3ra uwa\u017cana jest za zadebiutowa\u0142y na rynku w 1991 roku. Niezidentyfikowana odmiana wydziela ostry, skunkowy aromat z ostrymi nutami benzyny. Te cechy s\u0105 widoczne w ziele Sour Diesel, kt\u00f3rego profil smakowy bardzo przypomina szczep Chemdog 91.<\/p>\n<p>Z drugiej strony, Super Skunk to szczep nazwany z oczywistych powod\u00f3w. Odmiana ultra-skunky wytwarza zapach (lub zapach, w zale\u017cno\u015bci od poziomu tolerancji), kt\u00f3ry wybije Twoje zmys\u0142y w\u0119chowe z parku. Pomimo obra\u017aliwego aromatu szczep zapewnia uroczo zaskakuj\u0105c\u0105, delikatn\u0105 s\u0142odycz, kt\u00f3ra otula j\u0119zyk miodow\u0105 dobroci\u0105.<\/p>\n<p>&nbsp;<\/p>\n<p>Estetyka i aromat<\/p>\n<p> Twoje pierwsze wra\u017cenia na temat odmiany Sour Diesel mog\u0105 by\u0107 rozczarowuj\u0105ce. W ko\u0144cu to tylko odrobina zieleni, a inne zielonkawe odcienie kr\u0105\u017c\u0105 po wn\u0119trzu, tworz\u0105c monochromatyczn\u0105 palet\u0119 trawiastych odcieni. Truskawkowe blond w\u0142osy oplataj\u0105 li\u015bcie na zewn\u0105trz, tworz\u0105c sie\u0107 \u017c\u00f3\u0142tych w\u0105s\u00f3w, kt\u00f3re pokryte s\u0105 mro\u017an\u0105 pow\u0142ok\u0105 s\u0142odkich w\u0142osk\u00f3w. Poza tym, o tej odmianie nie ma nic wi\u0119cej do wzmianki. Jednak to, czego brakuje w kolorze, rekompensuje swoim zapachem.<\/p>\n<p>Oboje rodzice prezentuj\u0105 wyj\u0105tkowo ostre zapachy, wi\u0119c nie dziwi fakt, \u017ce Sour Diesel ma tak dziwny aromat. Dziwnie pachn\u0105cy szczep atakuje receptory w\u0119chowe jak skunksowy poci\u0105g towarowy. Obra\u017aliwe i przyt\u0142aczaj\u0105ce, niekt\u00f3rzy u\u017cytkownicy twierdz\u0105, \u017ce wykrywaj\u0105 ostre nuty sera, kt\u00f3re mieszaj\u0105 si\u0119 z benzyn\u0105 na szczycie skunkowego aromatu, aby stworzy\u0107 niezapomniane wra\u017cenia z konopi.<\/p>\n<p>&nbsp;<\/p>\n<p>Do\u015bwiadczenia i konsekwencje<\/p>\n<p>Po pierwsze, Sour Diesel to nie \u017cart, je\u015bli chodzi o smak. Dym ze szczepu zawiera niezwykle silny smak, kt\u00f3ry mo\u017ce z \u0142atwo\u015bci\u0105 przyt\u0142oczy\u0107 nowicjuszy i u\u017cytkownik\u00f3w o niskiej tolerancji. Dlatego uwa\u017caj to za uczciwe ostrze\u017cenie \u2013 Sour Diesel spieprza twoje g\u00f3wno, zaczynaj\u0105c od tego, jak smakuje. M\u00f3wi\u0105c pro\u015bciej, szczep wytwarza smak prawie identyczny z jego zapachem. To znaczy, du\u017ca ilo\u015b\u0107 skunksa po\u0142\u0105czona z silnymi ciosami benzyny.<\/p>\n<p>Pomi\u0119dzy nieodpartymi falami ostrego smaku fale kwa\u015bnych cytrus\u00f3w rozbijaj\u0105 skunksa. Delikatne nuty dodaj\u0105 przyjemno\u015bci do do\u015bwiadczenia, przekszta\u0142caj\u0105c je w prawdziwie dynamiczne i interesuj\u0105ce spotkanie smakowe.<\/p>\n<p>Kolejnym aspektem, kt\u00f3ry dodaje uroku Sour Diesel, jest jego natychmiastowy efekt. Efekty pojawiaj\u0105 si\u0119 w ci\u0105gu kilku minut po wdechu, zapewniaj\u0105c intensywne efekty oparte na sativie, kt\u00f3re stymuluj\u0105 zmys\u0142y i obud\u017a sw\u00f3j wigor. Na wiele sposob\u00f3w mo\u017cna powiedzie\u0107, \u017ce odmiana ta pomaga przezwyci\u0119\u017cy\u0107 zahamowania, sprawiaj\u0105c, \u017ce czujesz si\u0119 bardziej odwa\u017cny, odwa\u017cny i pewny siebie.<\/p>\n<p>Odmiana Sour Diesel, b\u0119d\u0105ca w stanie z\u0142agodzi\u0107 dyskomfort fizyczny i poznawczy, nape\u0142nia Tw\u00f3j organizm dodatkowa energia, daj\u0105ca si\u0142\u0119 i motywacj\u0119 do przetrwania ca\u0142ego dnia pracy i obowi\u0105zk\u00f3w. Jednak s\u0142owo ostrze\u017cenia \u2013 Sour Diesel nie jest dla os\u00f3b o s\u0142abym sercu. Zanim spr\u00f3bujesz tej potwornej odmiany, upewnij si\u0119, \u017ce masz tolerancj\u0119 na silne efekty sativy i silny smak.<\/p>\n<p>&nbsp;<\/p>\n<p>Plantacja i przetwarzanie<\/p>\n<p> Chocia\u017c odmiana Sour Diesel jest umiarkowanie trudna dla pocz\u0105tkuj\u0105cych hodowc\u00f3w, jej unikalna genetyka sprawia, \u017ce \u200b\u200bjest doskona\u0142ym wyborem dla os\u00f3b poszukuj\u0105cych pot\u0119\u017cnych efekt\u00f3w przy minimalnym wysi\u0142ku. Szczepy o bardziej wyspecjalizowanych wymaganiach dotycz\u0105cych uprawy s\u0105 zwykle znacznie bardziej odpowiednie do ekstrakcji, daj\u0105c silniejsze koncentraty o pe\u0142nym spektrum dla produkt\u00f3w konopnych o wy\u017cszej jako\u015bci. Tak wi\u0119c, pomimo umiarkowanej trudno\u015bci, Sour Diesel op\u0142aca si\u0119 doskona\u0142ymi konopiami, kt\u00f3re s\u0105 idealne do r\u00f3\u017cnych proces\u00f3w po zbiorach.<\/p>\n<p>Za oko\u0142o 11 tygodni, daj lub we\u017a tydzie\u0144, kwiaty Sour Diesel. Umiarkowany plon jest ograniczony do 3 uncji na stop\u0119 wysoko\u015bci ro\u015bliny. Twoje zio\u0142o osi\u0105gnie co najwy\u017cej wysoko\u015b\u0107 ponad 7 st\u00f3p, dzi\u0119ki czemu b\u0119dzie nieco wy\u017csze ni\u017c wi\u0119kszo\u015b\u0107 innych odmian.<\/p>\n<p>Ze wzgl\u0119du na wymagania przestrzenne ro\u015bliny, uprawa na zewn\u0105trz mo\u017ce by\u0107 idealna, zw\u0142aszcza je\u015bli masz ponowna praca z ograniczon\u0105 przestrzeni\u0105. Jednak warunki wewn\u0119trzne mog\u0105 by\u0107 korzystne dla Sour Diesel, o ile zapewnione jest odpowiednie ciep\u0142o, \u015bwiat\u0142o i niska wilgotno\u015b\u0107. Uzupe\u0142niaj\u0105c bogate w fosfor sk\u0142adniki od\u017cywcze pod koniec okresu wegetacji ro\u015bliny i zaprzestaj\u0105c podlewania na oko\u0142o trzy dni przed zbiorami, powiniene\u015b uzyska\u0107 przejmuj\u0105cy, ostry zapach i g\u0119st\u0105 warstw\u0119 trichom\u00f3w, kt\u00f3re zapewni\u0105 doskona\u0142\u0105 podr\u00f3\u017c.<\/p>\n<p>&nbsp;<\/p>\n<p>Dla kogo jest przeznaczony?<\/p>\n<p>Ze wzgl\u0119du na intensywny smak i potworne dzia\u0142anie Sour Diesel nie ka\u017cdemu spodobaj\u0105 si\u0119 doznania, jakie zapewnia. U\u017cytkownicy o niskiej tolerancji i pocz\u0105tkuj\u0105cy mog\u0105 by\u0107 przyt\u0142oczeni nie tylko niesamowitym smakiem, ale tak\u017ce przyt\u0142aczaj\u0105cymi efektami, kt\u00f3re u niekt\u00f3rych mog\u0105 powodowa\u0107 niepok\u00f3j i nerwowo\u015b\u0107.<\/p>\n<p>Niemniej jednak Sour Diesel pozostaje legendarn\u0105 odmian\u0105 dla weteran\u00f3w i puryst\u00f3w kt\u00f3rzy ceni\u0105 silne konopie. Dla os\u00f3b z wi\u0119kszym do\u015bwiadczeniem, dudni\u0105ce uczucie bezprecedensowego przep\u0142ywu energii przep\u0142ywaj\u0105cego przez ich system mo\u017ce zapewni\u0107 si\u0142\u0119, motywacj\u0119 i nastawienie niezb\u0119dne do wype\u0142nienia ca\u0142odziennych obowi\u0105zk\u00f3w \u2013 i nie tylko.<\/p>\n<\/p><\/div><\/div>\n<section class=\"produkty powi\u0105zane\">\n<h2><\/h2>\n<\/section>\n<div class=\"product-next-previous\">\n<div class=\"product-prev\"><\/div><\/div>\n","protected":false},"excerpt":{"rendered":"<div class=\"woocommerce-product-details__short-description\">\n<p>Kup kwiat Sour Diesel CBD na sprzeda\u017c w Wielkiej Brytanii, Europa to energetyzuj\u0105ca odmiana z dominuj\u0105c\u0105 sativ\u0105, kt\u00f3ra pomo\u017ce Ci pozosta\u0107 skoncentrowanym, produktywnym i zr\u00f3wnowa\u017conym przez ca\u0142y dzie\u0144.<\/p>\n<\/p><\/div>\n","protected":false},"featured_media":4775,"comment_status":"open","ping_status":"closed","template":"","meta":[],"product_brand":[],"product_cat":[689],"product_tag":[],"class_list":{"0":"post-4761","1":"product","2":"type-product","3":"status-publish","4":"has-post-thumbnail","6":"product_cat-kup-kwiat-konopi","8":"first","9":"instock","10":"shipping-taxable","11":"purchasable","12":"product-type-variable","13":"has-default-attributes"},"yoast_head":"<!-- This site is optimized with the Yoast SEO plugin v27.3 - https:\/\/yoast.com\/product\/yoast-seo-wordpress\/ -->\n<title>Kup online kwiat konopi Sour Diesel CBD - najlepsze najlepsze globalne leki<\/title>\n<meta name=\"description\" content=\"Kup kwiat Sour Diesel CBD UK, Europe to energetyzuj\u0105ca odmiana z przewag\u0105 Sativy, kt\u00f3ra pomo\u017ce Ci pozosta\u0107 skoncentrowanym, produktywnym i zr\u00f3wnowa\u017conym przez ca\u0142y dzie\u0144.\" \/>\n<meta name=\"robots\" content=\"index, follow, max-snippet:-1, max-image-preview:large, max-video-preview:-1\" \/>\n<link rel=\"canonical\" href=\"https:\/\/medicinasinc.com\/pl\/product\/kup-kwasny-diesel-cbd-kwiat-konopi-online\/\" \/>\n<meta property=\"og:locale\" content=\"en_US\" \/>\n<meta property=\"og:type\" content=\"article\" \/>\n<meta property=\"og:title\" content=\"Kup online kwiat konopi Sour Diesel CBD - najlepsze najlepsze globalne leki\" \/>\n<meta property=\"og:description\" content=\"Kup kwiat Sour Diesel CBD UK, Europe to energetyzuj\u0105ca odmiana z przewag\u0105 Sativy, kt\u00f3ra pomo\u017ce Ci pozosta\u0107 skoncentrowanym, produktywnym i zr\u00f3wnowa\u017conym przez ca\u0142y dzie\u0144.\" \/>\n<meta property=\"og:url\" content=\"https:\/\/medicinasinc.com\/pl\/product\/kup-kwasny-diesel-cbd-kwiat-konopi-online\/\" \/>\n<meta property=\"og:site_name\" content=\"Medicinas Inc\" \/>\n<meta property=\"article:modified_time\" content=\"2022-03-22T01:13:46+00:00\" \/>\n<meta property=\"og:image\" content=\"https:\/\/medicinasinc.com\/pl\/wp-content\/uploads\/sites\/13\/2022\/02\/Buy-Sour-Diesel-CBD-Hemp-Flower-Online.jpg\" \/>\n\t<meta property=\"og:image:width\" content=\"600\" \/>\n\t<meta property=\"og:image:height\" content=\"600\" \/>\n\t<meta property=\"og:image:type\" content=\"image\/jpeg\" \/>\n<meta name=\"twitter:card\" content=\"summary_large_image\" \/>\n<meta name=\"twitter:label1\" content=\"Est. reading time\" \/>\n\t<meta name=\"twitter:data1\" content=\"5 minutes\" \/>\n<script type=\"application\/ld+json\" class=\"yoast-schema-graph\">{\"@context\":\"https:\\\/\\\/schema.org\",\"@graph\":[{\"@type\":\"WebPage\",\"@id\":\"https:\\\/\\\/medicinasinc.com\\\/pl\\\/product\\\/kup-kwasny-diesel-cbd-kwiat-konopi-online\\\/\",\"url\":\"https:\\\/\\\/medicinasinc.com\\\/pl\\\/product\\\/kup-kwasny-diesel-cbd-kwiat-konopi-online\\\/\",\"name\":\"Kup online kwiat konopi Sour Diesel CBD - najlepsze najlepsze globalne leki\",\"isPartOf\":{\"@id\":\"https:\\\/\\\/medicinasinc.com\\\/pl\\\/#website\"},\"primaryImageOfPage\":{\"@id\":\"https:\\\/\\\/medicinasinc.com\\\/pl\\\/product\\\/kup-kwasny-diesel-cbd-kwiat-konopi-online\\\/#primaryimage\"},\"image\":{\"@id\":\"https:\\\/\\\/medicinasinc.com\\\/pl\\\/product\\\/kup-kwasny-diesel-cbd-kwiat-konopi-online\\\/#primaryimage\"},\"thumbnailUrl\":\"https:\\\/\\\/medicinasinc.com\\\/pl\\\/wp-content\\\/uploads\\\/sites\\\/13\\\/2022\\\/02\\\/Buy-Sour-Diesel-CBD-Hemp-Flower-Online.jpg\",\"datePublished\":\"2022-02-20T15:41:01+00:00\",\"dateModified\":\"2022-03-22T01:13:46+00:00\",\"description\":\"Kup kwiat Sour Diesel CBD UK, Europe to energetyzuj\u0105ca odmiana z przewag\u0105 Sativy, kt\u00f3ra pomo\u017ce Ci pozosta\u0107 skoncentrowanym, produktywnym i zr\u00f3wnowa\u017conym przez ca\u0142y dzie\u0144.\",\"breadcrumb\":{\"@id\":\"https:\\\/\\\/medicinasinc.com\\\/pl\\\/product\\\/kup-kwasny-diesel-cbd-kwiat-konopi-online\\\/#breadcrumb\"},\"inLanguage\":\"en-US\",\"potentialAction\":[{\"@type\":\"ReadAction\",\"target\":[\"https:\\\/\\\/medicinasinc.com\\\/pl\\\/product\\\/kup-kwasny-diesel-cbd-kwiat-konopi-online\\\/\"]}]},{\"@type\":\"ImageObject\",\"inLanguage\":\"en-US\",\"@id\":\"https:\\\/\\\/medicinasinc.com\\\/pl\\\/product\\\/kup-kwasny-diesel-cbd-kwiat-konopi-online\\\/#primaryimage\",\"url\":\"https:\\\/\\\/medicinasinc.com\\\/pl\\\/wp-content\\\/uploads\\\/sites\\\/13\\\/2022\\\/02\\\/Buy-Sour-Diesel-CBD-Hemp-Flower-Online.jpg\",\"contentUrl\":\"https:\\\/\\\/medicinasinc.com\\\/pl\\\/wp-content\\\/uploads\\\/sites\\\/13\\\/2022\\\/02\\\/Buy-Sour-Diesel-CBD-Hemp-Flower-Online.jpg\",\"width\":600,\"height\":600},{\"@type\":\"BreadcrumbList\",\"@id\":\"https:\\\/\\\/medicinasinc.com\\\/pl\\\/product\\\/kup-kwasny-diesel-cbd-kwiat-konopi-online\\\/#breadcrumb\",\"itemListElement\":[{\"@type\":\"ListItem\",\"position\":1,\"name\":\"Sklep\",\"item\":\"https:\\\/\\\/medicinasinc.com\\\/pl\\\/sklep\\\/\"},{\"@type\":\"ListItem\",\"position\":2,\"name\":\"Kup online kwa\u015bny kwiat konopi CBD z olejem nap\u0119dowym\"}]},{\"@type\":\"WebSite\",\"@id\":\"https:\\\/\\\/medicinasinc.com\\\/pl\\\/#website\",\"url\":\"https:\\\/\\\/medicinasinc.com\\\/pl\\\/\",\"name\":\"Medicinas Inc\",\"description\":\"Health Medical Clinic\",\"potentialAction\":[{\"@type\":\"SearchAction\",\"target\":{\"@type\":\"EntryPoint\",\"urlTemplate\":\"https:\\\/\\\/medicinasinc.com\\\/pl\\\/?s={search_term_string}\"},\"query-input\":{\"@type\":\"PropertyValueSpecification\",\"valueRequired\":true,\"valueName\":\"search_term_string\"}}],\"inLanguage\":\"en-US\"}]}<\/script>\n<!-- \/ Yoast SEO plugin. -->","yoast_head_json":{"title":"Kup online kwiat konopi Sour Diesel CBD - najlepsze najlepsze globalne leki","description":"Kup kwiat Sour Diesel CBD UK, Europe to energetyzuj\u0105ca odmiana z przewag\u0105 Sativy, kt\u00f3ra pomo\u017ce Ci pozosta\u0107 skoncentrowanym, produktywnym i zr\u00f3wnowa\u017conym przez ca\u0142y dzie\u0144.","robots":{"index":"index","follow":"follow","max-snippet":"max-snippet:-1","max-image-preview":"max-image-preview:large","max-video-preview":"max-video-preview:-1"},"canonical":"https:\/\/medicinasinc.com\/pl\/product\/kup-kwasny-diesel-cbd-kwiat-konopi-online\/","og_locale":"en_US","og_type":"article","og_title":"Kup online kwiat konopi Sour Diesel CBD - najlepsze najlepsze globalne leki","og_description":"Kup kwiat Sour Diesel CBD UK, Europe to energetyzuj\u0105ca odmiana z przewag\u0105 Sativy, kt\u00f3ra pomo\u017ce Ci pozosta\u0107 skoncentrowanym, produktywnym i zr\u00f3wnowa\u017conym przez ca\u0142y dzie\u0144.","og_url":"https:\/\/medicinasinc.com\/pl\/product\/kup-kwasny-diesel-cbd-kwiat-konopi-online\/","og_site_name":"Medicinas Inc","article_modified_time":"2022-03-22T01:13:46+00:00","og_image":[{"width":600,"height":600,"url":"https:\/\/medicinasinc.com\/pl\/wp-content\/uploads\/sites\/13\/2022\/02\/Buy-Sour-Diesel-CBD-Hemp-Flower-Online.jpg","type":"image\/jpeg"}],"twitter_card":"summary_large_image","twitter_misc":{"Est. reading time":"5 minutes"},"schema":{"@context":"https:\/\/schema.org","@graph":[{"@type":"WebPage","@id":"https:\/\/medicinasinc.com\/pl\/product\/kup-kwasny-diesel-cbd-kwiat-konopi-online\/","url":"https:\/\/medicinasinc.com\/pl\/product\/kup-kwasny-diesel-cbd-kwiat-konopi-online\/","name":"Kup online kwiat konopi Sour Diesel CBD - najlepsze najlepsze globalne leki","isPartOf":{"@id":"https:\/\/medicinasinc.com\/pl\/#website"},"primaryImageOfPage":{"@id":"https:\/\/medicinasinc.com\/pl\/product\/kup-kwasny-diesel-cbd-kwiat-konopi-online\/#primaryimage"},"image":{"@id":"https:\/\/medicinasinc.com\/pl\/product\/kup-kwasny-diesel-cbd-kwiat-konopi-online\/#primaryimage"},"thumbnailUrl":"https:\/\/medicinasinc.com\/pl\/wp-content\/uploads\/sites\/13\/2022\/02\/Buy-Sour-Diesel-CBD-Hemp-Flower-Online.jpg","datePublished":"2022-02-20T15:41:01+00:00","dateModified":"2022-03-22T01:13:46+00:00","description":"Kup kwiat Sour Diesel CBD UK, Europe to energetyzuj\u0105ca odmiana z przewag\u0105 Sativy, kt\u00f3ra pomo\u017ce Ci pozosta\u0107 skoncentrowanym, produktywnym i zr\u00f3wnowa\u017conym przez ca\u0142y dzie\u0144.","breadcrumb":{"@id":"https:\/\/medicinasinc.com\/pl\/product\/kup-kwasny-diesel-cbd-kwiat-konopi-online\/#breadcrumb"},"inLanguage":"en-US","potentialAction":[{"@type":"ReadAction","target":["https:\/\/medicinasinc.com\/pl\/product\/kup-kwasny-diesel-cbd-kwiat-konopi-online\/"]}]},{"@type":"ImageObject","inLanguage":"en-US","@id":"https:\/\/medicinasinc.com\/pl\/product\/kup-kwasny-diesel-cbd-kwiat-konopi-online\/#primaryimage","url":"https:\/\/medicinasinc.com\/pl\/wp-content\/uploads\/sites\/13\/2022\/02\/Buy-Sour-Diesel-CBD-Hemp-Flower-Online.jpg","contentUrl":"https:\/\/medicinasinc.com\/pl\/wp-content\/uploads\/sites\/13\/2022\/02\/Buy-Sour-Diesel-CBD-Hemp-Flower-Online.jpg","width":600,"height":600},{"@type":"BreadcrumbList","@id":"https:\/\/medicinasinc.com\/pl\/product\/kup-kwasny-diesel-cbd-kwiat-konopi-online\/#breadcrumb","itemListElement":[{"@type":"ListItem","position":1,"name":"Sklep","item":"https:\/\/medicinasinc.com\/pl\/sklep\/"},{"@type":"ListItem","position":2,"name":"Kup online kwa\u015bny kwiat konopi CBD z olejem nap\u0119dowym"}]},{"@type":"WebSite","@id":"https:\/\/medicinasinc.com\/pl\/#website","url":"https:\/\/medicinasinc.com\/pl\/","name":"Medicinas Inc","description":"Health Medical Clinic","potentialAction":[{"@type":"SearchAction","target":{"@type":"EntryPoint","urlTemplate":"https:\/\/medicinasinc.com\/pl\/?s={search_term_string}"},"query-input":{"@type":"PropertyValueSpecification","valueRequired":true,"valueName":"search_term_string"}}],"inLanguage":"en-US"}]}},"_links":{"self":[{"href":"https:\/\/medicinasinc.com\/pl\/wp-json\/wp\/v2\/product\/4761","targetHints":{"allow":["GET"]}}],"collection":[{"href":"https:\/\/medicinasinc.com\/pl\/wp-json\/wp\/v2\/product"}],"about":[{"href":"https:\/\/medicinasinc.com\/pl\/wp-json\/wp\/v2\/types\/product"}],"replies":[{"embeddable":true,"href":"https:\/\/medicinasinc.com\/pl\/wp-json\/wp\/v2\/comments?post=4761"}],"wp:featuredmedia":[{"embeddable":true,"href":"https:\/\/medicinasinc.com\/pl\/wp-json\/wp\/v2\/media\/4775"}],"wp:attachment":[{"href":"https:\/\/medicinasinc.com\/pl\/wp-json\/wp\/v2\/media?parent=4761"}],"wp:term":[{"taxonomy":"product_brand","embeddable":true,"href":"https:\/\/medicinasinc.com\/pl\/wp-json\/wp\/v2\/product_brand?post=4761"},{"taxonomy":"product_cat","embeddable":true,"href":"https:\/\/medicinasinc.com\/pl\/wp-json\/wp\/v2\/product_cat?post=4761"},{"taxonomy":"product_tag","embeddable":true,"href":"https:\/\/medicinasinc.com\/pl\/wp-json\/wp\/v2\/product_tag?post=4761"}],"curies":[{"name":"wp","href":"https:\/\/api.w.org\/{rel}","templated":true}]}}