{"id":4759,"date":"2022-02-20T15:39:59","date_gmt":"2022-02-20T15:39:59","guid":{"rendered":"https:\/\/medicinasinc.com\/pl\/?post_type=product&#038;p=4759"},"modified":"2022-03-22T01:13:54","modified_gmt":"2022-03-22T01:13:54","slug":"kup-suzy-q-cbd-kwiat-konopi","status":"publish","type":"product","link":"https:\/\/medicinasinc.com\/pl\/product\/kup-suzy-q-cbd-kwiat-konopi\/","title":{"rendered":"Kup kwiat konopi Suzy Q CBD"},"content":{"rendered":"<p>Suzy Q to \u015brednio g\u0119sta, oliwkowo-zielona odmiana z ciemnymi, bursztynowymi w\u0142oskami. Polecana jest dla entuzjast\u00f3w konopi, kt\u00f3rzy poszukuj\u0105 czystego, podnosz\u0105cego na duchu efektu. Mocny smak tej odmiany charakteryzuje si\u0119 drzewnymi nutami i nut\u0105 przypraw. Suzy Q jest dobrze znana ze swojego s\u0142odkiego, ziemistego aromatu i profilu terpenowego sosnowych, pikantnych terpen\u00f3w.<\/p>\n<p>R\u00f3wnomiernie zbilansowana hybryda zawiera 50% sativy (bardziej stymuluj\u0105ca odmiana) i 50% indica (bardziej relaksuj\u0105ca). szczep), co daje efekt synergiczny. Ze wzgl\u0119du na stosunkowo wysok\u0105 zawarto\u015b\u0107 CBD jest doskona\u0142ym wyborem dla os\u00f3b poszukuj\u0105cych wyciszenia. Jest powszechnie uwa\u017cana za jedn\u0105 z najbardziej uspokajaj\u0105cych dost\u0119pnych odmian.<\/p>\n<p>Suzy Q zawiera wysokie st\u0119\u017cenie CBD i tylko \u015bladowe ilo\u015bci THC, znacznie poni\u017cej prawnie dopuszczalnego limitu dla konopi. Ten stosunek wskazuje, \u017ce powiniene\u015b spodziewa\u0107 si\u0119 lekko podnosz\u0105cego na duchu do\u015bwiadczenia.<\/p>\n<p>Zapewnienie jako\u015bci kwiat\u00f3w konopi od gospodarstwa do sprzeda\u017cy<\/p>\n<p>Kwiaty konopi Suzy Q s\u0105 uprawiane na malowniczej 100-akrowej farmie w p\u00f3\u0142nocna Kalifornia. Idylliczny klimat p\u00f3\u0142nocnej Kalifornii stwarza iluzj\u0119 nieko\u0144cz\u0105cego si\u0119 lata, a te suche, jasne dni skutkuj\u0105 obfitymi plonami wspania\u0142ych kwiat\u00f3w wolnych od ple\u015bni i m\u0105czniaka prawdziwego.<\/p>\n<p>Nasze gospodarstwo posiada certyfikat ekologiczny, co oznacza, \u017ce \u200b\u200bnie zawiera chemikali\u00f3w stosowane s\u0105 nawozy lub pestycydy. Dbamy o w\u0142a\u015bciw\u0105 permakultur\u0119 \u2014 \u200b\u200bkultywacj\u0119 samowystarczalnego i samowystarczalnego ekosystemu rolniczego. Jednym ze sposob\u00f3w, w jaki to robimy, jest stosowanie paszy pog\u0142\u00f3wnej, kt\u00f3ra zmusza korzenie do ci\u0119\u017cszej pracy, aby promowa\u0107 zdrowe \u015brodowisko glebowe sprzyjaj\u0105ce wzrostowi ro\u015blin.<\/p>\n<p>Gdy nasze ro\u015bliny konopi osi\u0105gn\u0105 sw\u00f3j pe\u0142ny potencja\u0142, s\u0105 zawieszane do g\u00f3ry nogami do wyschni\u0119cia, a nast\u0119pnie suszone na sucho i r\u0119cznie przycinane. Konopie indyjskie to niezwykle delikatna ro\u015blina. Nawet drobne b\u0142\u0119dy podczas uprawy lub zbioru mog\u0105 szybko pogorszy\u0107 jako\u015b\u0107 p\u0105k\u00f3w. \u017b\u0105damy pe\u0142nej przejrzysto\u015bci i kontroli jako\u015bci\u2026 i Ty te\u017c powiniene\u015b. Nic mniej nie jest wymagane od kwiat\u00f3w konopi.<\/p>\n<p>Nasz kwiat konopi CBD przeszed\u0142 niezale\u017cne testy<\/p>\n<p>Ka\u017cda uprawa jest testowana pod k\u0105tem czysto\u015bci i mocy w AHCA zarejestrowanym przez DEA, z akredytacj\u0105 ISO 17025 -akredytowane i niezale\u017cne laboratorium z akredytacj\u0105 CLIA. Testy pe\u0142nopanelowe badaj\u0105:<\/p>\n<p>CBD, THC i inne kannabinoidy.<br \/> Lourdes metali (o\u0142\u00f3w, rt\u0119\u0107, arsen, kadm).<br \/> Bakterie, takie jak E. coli, a tak\u017ce inne patogeny<br \/> Zanieczyszczenia, takie jak mykotoksyny.<\/p>\n<p>Do ka\u017cdego zam\u00f3wienia do\u0142\u0105czany jest Certyfikat analizy, dzi\u0119ki kt\u00f3remu zawsze wiesz dok\u0142adnie, co otrzymujesz, kupuj\u0105c Crescent Flower .<\/p>\n","protected":false},"excerpt":{"rendered":"<p>Kwiat konopi Suzy Q CBD Kwiat konopi o pe\u0142nym spektrum &#8211; Kup Suzy Q CBD Hemp Flower Full Spectrum Hemp Flower. Suzy Q to szczep o wysokiej zawarto\u015bci CBD i niskiej zawarto\u015bci THC o sosnowym smaku, kt\u00f3ry pomaga w leczeniu objaw\u00f3w, jednocze\u015bnie wywo\u0142uj\u0105c niewielk\u0105 lub \u017cadn\u0105 eufori\u0119.<\/p>\n<p>Suzy Q to szczep o wysokiej zawarto\u015bci CBD i niskiej zawarto\u015bci THC z sosnowy smak, kt\u00f3ry pomaga w leczeniu objaw\u00f3w przy niewielkim lub zerowym dzia\u0142aniu psychoaktywnym. To doskona\u0142a odmiana do dodania do rodziny CBD.<br \/> Cbd: 15%-17%<\/p>\n<p>0,2 procent thc<\/p>\n","protected":false},"featured_media":4773,"comment_status":"open","ping_status":"closed","template":"","meta":[],"product_brand":[],"product_cat":[689],"product_tag":[],"class_list":{"0":"post-4759","1":"product","2":"type-product","3":"status-publish","4":"has-post-thumbnail","6":"product_cat-kup-kwiat-konopi","8":"first","9":"instock","10":"shipping-taxable","11":"purchasable","12":"product-type-variable","13":"has-default-attributes"},"yoast_head":"<!-- This site is optimized with the Yoast SEO plugin v27.3 - https:\/\/yoast.com\/product\/yoast-seo-wordpress\/ -->\n<title>Kup kwiat konopi Suzy Q CBD - najlepsze najlepsze globalne leki<\/title>\n<meta name=\"description\" content=\"Kup Suzy Q CBD Hemp Flower Full Spectrum Hemp Flower. Suzy Q to szczep o wysokiej zawarto\u015bci CBD, niskiej zawarto\u015bci THC o sosnowym smaku, kt\u00f3ry pomaga leczy\u0107 objawy przy niewielkim lub zerowym euforycznym haju.\" \/>\n<meta name=\"robots\" content=\"index, follow, max-snippet:-1, max-image-preview:large, max-video-preview:-1\" \/>\n<link rel=\"canonical\" href=\"https:\/\/medicinasinc.com\/pl\/product\/kup-suzy-q-cbd-kwiat-konopi\/\" \/>\n<meta property=\"og:locale\" content=\"en_US\" \/>\n<meta property=\"og:type\" content=\"article\" \/>\n<meta property=\"og:title\" content=\"Kup kwiat konopi Suzy Q CBD - najlepsze najlepsze globalne leki\" \/>\n<meta property=\"og:description\" content=\"Kup Suzy Q CBD Hemp Flower Full Spectrum Hemp Flower. Suzy Q to szczep o wysokiej zawarto\u015bci CBD, niskiej zawarto\u015bci THC o sosnowym smaku, kt\u00f3ry pomaga leczy\u0107 objawy przy niewielkim lub zerowym euforycznym haju.\" \/>\n<meta property=\"og:url\" content=\"https:\/\/medicinasinc.com\/pl\/product\/kup-suzy-q-cbd-kwiat-konopi\/\" \/>\n<meta property=\"og:site_name\" content=\"Medicinas Inc\" \/>\n<meta property=\"article:modified_time\" content=\"2022-03-22T01:13:54+00:00\" \/>\n<meta property=\"og:image\" content=\"https:\/\/medicinasinc.com\/pl\/wp-content\/uploads\/sites\/13\/2022\/02\/Buy-Suzy-Q-CBD-Hemp-Flower-Online.jpg\" \/>\n\t<meta property=\"og:image:width\" content=\"600\" \/>\n\t<meta property=\"og:image:height\" content=\"600\" \/>\n\t<meta property=\"og:image:type\" content=\"image\/jpeg\" \/>\n<meta name=\"twitter:card\" content=\"summary_large_image\" \/>\n<meta name=\"twitter:label1\" content=\"Est. reading time\" \/>\n\t<meta name=\"twitter:data1\" content=\"2 minutes\" \/>\n<script type=\"application\/ld+json\" class=\"yoast-schema-graph\">{\"@context\":\"https:\\\/\\\/schema.org\",\"@graph\":[{\"@type\":\"WebPage\",\"@id\":\"https:\\\/\\\/medicinasinc.com\\\/pl\\\/product\\\/kup-suzy-q-cbd-kwiat-konopi\\\/\",\"url\":\"https:\\\/\\\/medicinasinc.com\\\/pl\\\/product\\\/kup-suzy-q-cbd-kwiat-konopi\\\/\",\"name\":\"Kup kwiat konopi Suzy Q CBD - najlepsze najlepsze globalne leki\",\"isPartOf\":{\"@id\":\"https:\\\/\\\/medicinasinc.com\\\/pl\\\/#website\"},\"primaryImageOfPage\":{\"@id\":\"https:\\\/\\\/medicinasinc.com\\\/pl\\\/product\\\/kup-suzy-q-cbd-kwiat-konopi\\\/#primaryimage\"},\"image\":{\"@id\":\"https:\\\/\\\/medicinasinc.com\\\/pl\\\/product\\\/kup-suzy-q-cbd-kwiat-konopi\\\/#primaryimage\"},\"thumbnailUrl\":\"https:\\\/\\\/medicinasinc.com\\\/pl\\\/wp-content\\\/uploads\\\/sites\\\/13\\\/2022\\\/02\\\/Buy-Suzy-Q-CBD-Hemp-Flower-Online.jpg\",\"datePublished\":\"2022-02-20T15:39:59+00:00\",\"dateModified\":\"2022-03-22T01:13:54+00:00\",\"description\":\"Kup Suzy Q CBD Hemp Flower Full Spectrum Hemp Flower. Suzy Q to szczep o wysokiej zawarto\u015bci CBD, niskiej zawarto\u015bci THC o sosnowym smaku, kt\u00f3ry pomaga leczy\u0107 objawy przy niewielkim lub zerowym euforycznym haju.\",\"breadcrumb\":{\"@id\":\"https:\\\/\\\/medicinasinc.com\\\/pl\\\/product\\\/kup-suzy-q-cbd-kwiat-konopi\\\/#breadcrumb\"},\"inLanguage\":\"en-US\",\"potentialAction\":[{\"@type\":\"ReadAction\",\"target\":[\"https:\\\/\\\/medicinasinc.com\\\/pl\\\/product\\\/kup-suzy-q-cbd-kwiat-konopi\\\/\"]}]},{\"@type\":\"ImageObject\",\"inLanguage\":\"en-US\",\"@id\":\"https:\\\/\\\/medicinasinc.com\\\/pl\\\/product\\\/kup-suzy-q-cbd-kwiat-konopi\\\/#primaryimage\",\"url\":\"https:\\\/\\\/medicinasinc.com\\\/pl\\\/wp-content\\\/uploads\\\/sites\\\/13\\\/2022\\\/02\\\/Buy-Suzy-Q-CBD-Hemp-Flower-Online.jpg\",\"contentUrl\":\"https:\\\/\\\/medicinasinc.com\\\/pl\\\/wp-content\\\/uploads\\\/sites\\\/13\\\/2022\\\/02\\\/Buy-Suzy-Q-CBD-Hemp-Flower-Online.jpg\",\"width\":600,\"height\":600},{\"@type\":\"BreadcrumbList\",\"@id\":\"https:\\\/\\\/medicinasinc.com\\\/pl\\\/product\\\/kup-suzy-q-cbd-kwiat-konopi\\\/#breadcrumb\",\"itemListElement\":[{\"@type\":\"ListItem\",\"position\":1,\"name\":\"Sklep\",\"item\":\"https:\\\/\\\/medicinasinc.com\\\/pl\\\/sklep\\\/\"},{\"@type\":\"ListItem\",\"position\":2,\"name\":\"Kup kwiat konopi Suzy Q CBD\"}]},{\"@type\":\"WebSite\",\"@id\":\"https:\\\/\\\/medicinasinc.com\\\/pl\\\/#website\",\"url\":\"https:\\\/\\\/medicinasinc.com\\\/pl\\\/\",\"name\":\"Medicinas Inc\",\"description\":\"Health Medical Clinic\",\"potentialAction\":[{\"@type\":\"SearchAction\",\"target\":{\"@type\":\"EntryPoint\",\"urlTemplate\":\"https:\\\/\\\/medicinasinc.com\\\/pl\\\/?s={search_term_string}\"},\"query-input\":{\"@type\":\"PropertyValueSpecification\",\"valueRequired\":true,\"valueName\":\"search_term_string\"}}],\"inLanguage\":\"en-US\"}]}<\/script>\n<!-- \/ Yoast SEO plugin. -->","yoast_head_json":{"title":"Kup kwiat konopi Suzy Q CBD - najlepsze najlepsze globalne leki","description":"Kup Suzy Q CBD Hemp Flower Full Spectrum Hemp Flower. Suzy Q to szczep o wysokiej zawarto\u015bci CBD, niskiej zawarto\u015bci THC o sosnowym smaku, kt\u00f3ry pomaga leczy\u0107 objawy przy niewielkim lub zerowym euforycznym haju.","robots":{"index":"index","follow":"follow","max-snippet":"max-snippet:-1","max-image-preview":"max-image-preview:large","max-video-preview":"max-video-preview:-1"},"canonical":"https:\/\/medicinasinc.com\/pl\/product\/kup-suzy-q-cbd-kwiat-konopi\/","og_locale":"en_US","og_type":"article","og_title":"Kup kwiat konopi Suzy Q CBD - najlepsze najlepsze globalne leki","og_description":"Kup Suzy Q CBD Hemp Flower Full Spectrum Hemp Flower. Suzy Q to szczep o wysokiej zawarto\u015bci CBD, niskiej zawarto\u015bci THC o sosnowym smaku, kt\u00f3ry pomaga leczy\u0107 objawy przy niewielkim lub zerowym euforycznym haju.","og_url":"https:\/\/medicinasinc.com\/pl\/product\/kup-suzy-q-cbd-kwiat-konopi\/","og_site_name":"Medicinas Inc","article_modified_time":"2022-03-22T01:13:54+00:00","og_image":[{"width":600,"height":600,"url":"https:\/\/medicinasinc.com\/pl\/wp-content\/uploads\/sites\/13\/2022\/02\/Buy-Suzy-Q-CBD-Hemp-Flower-Online.jpg","type":"image\/jpeg"}],"twitter_card":"summary_large_image","twitter_misc":{"Est. reading time":"2 minutes"},"schema":{"@context":"https:\/\/schema.org","@graph":[{"@type":"WebPage","@id":"https:\/\/medicinasinc.com\/pl\/product\/kup-suzy-q-cbd-kwiat-konopi\/","url":"https:\/\/medicinasinc.com\/pl\/product\/kup-suzy-q-cbd-kwiat-konopi\/","name":"Kup kwiat konopi Suzy Q CBD - najlepsze najlepsze globalne leki","isPartOf":{"@id":"https:\/\/medicinasinc.com\/pl\/#website"},"primaryImageOfPage":{"@id":"https:\/\/medicinasinc.com\/pl\/product\/kup-suzy-q-cbd-kwiat-konopi\/#primaryimage"},"image":{"@id":"https:\/\/medicinasinc.com\/pl\/product\/kup-suzy-q-cbd-kwiat-konopi\/#primaryimage"},"thumbnailUrl":"https:\/\/medicinasinc.com\/pl\/wp-content\/uploads\/sites\/13\/2022\/02\/Buy-Suzy-Q-CBD-Hemp-Flower-Online.jpg","datePublished":"2022-02-20T15:39:59+00:00","dateModified":"2022-03-22T01:13:54+00:00","description":"Kup Suzy Q CBD Hemp Flower Full Spectrum Hemp Flower. Suzy Q to szczep o wysokiej zawarto\u015bci CBD, niskiej zawarto\u015bci THC o sosnowym smaku, kt\u00f3ry pomaga leczy\u0107 objawy przy niewielkim lub zerowym euforycznym haju.","breadcrumb":{"@id":"https:\/\/medicinasinc.com\/pl\/product\/kup-suzy-q-cbd-kwiat-konopi\/#breadcrumb"},"inLanguage":"en-US","potentialAction":[{"@type":"ReadAction","target":["https:\/\/medicinasinc.com\/pl\/product\/kup-suzy-q-cbd-kwiat-konopi\/"]}]},{"@type":"ImageObject","inLanguage":"en-US","@id":"https:\/\/medicinasinc.com\/pl\/product\/kup-suzy-q-cbd-kwiat-konopi\/#primaryimage","url":"https:\/\/medicinasinc.com\/pl\/wp-content\/uploads\/sites\/13\/2022\/02\/Buy-Suzy-Q-CBD-Hemp-Flower-Online.jpg","contentUrl":"https:\/\/medicinasinc.com\/pl\/wp-content\/uploads\/sites\/13\/2022\/02\/Buy-Suzy-Q-CBD-Hemp-Flower-Online.jpg","width":600,"height":600},{"@type":"BreadcrumbList","@id":"https:\/\/medicinasinc.com\/pl\/product\/kup-suzy-q-cbd-kwiat-konopi\/#breadcrumb","itemListElement":[{"@type":"ListItem","position":1,"name":"Sklep","item":"https:\/\/medicinasinc.com\/pl\/sklep\/"},{"@type":"ListItem","position":2,"name":"Kup kwiat konopi Suzy Q CBD"}]},{"@type":"WebSite","@id":"https:\/\/medicinasinc.com\/pl\/#website","url":"https:\/\/medicinasinc.com\/pl\/","name":"Medicinas Inc","description":"Health Medical Clinic","potentialAction":[{"@type":"SearchAction","target":{"@type":"EntryPoint","urlTemplate":"https:\/\/medicinasinc.com\/pl\/?s={search_term_string}"},"query-input":{"@type":"PropertyValueSpecification","valueRequired":true,"valueName":"search_term_string"}}],"inLanguage":"en-US"}]}},"_links":{"self":[{"href":"https:\/\/medicinasinc.com\/pl\/wp-json\/wp\/v2\/product\/4759","targetHints":{"allow":["GET"]}}],"collection":[{"href":"https:\/\/medicinasinc.com\/pl\/wp-json\/wp\/v2\/product"}],"about":[{"href":"https:\/\/medicinasinc.com\/pl\/wp-json\/wp\/v2\/types\/product"}],"replies":[{"embeddable":true,"href":"https:\/\/medicinasinc.com\/pl\/wp-json\/wp\/v2\/comments?post=4759"}],"wp:featuredmedia":[{"embeddable":true,"href":"https:\/\/medicinasinc.com\/pl\/wp-json\/wp\/v2\/media\/4773"}],"wp:attachment":[{"href":"https:\/\/medicinasinc.com\/pl\/wp-json\/wp\/v2\/media?parent=4759"}],"wp:term":[{"taxonomy":"product_brand","embeddable":true,"href":"https:\/\/medicinasinc.com\/pl\/wp-json\/wp\/v2\/product_brand?post=4759"},{"taxonomy":"product_cat","embeddable":true,"href":"https:\/\/medicinasinc.com\/pl\/wp-json\/wp\/v2\/product_cat?post=4759"},{"taxonomy":"product_tag","embeddable":true,"href":"https:\/\/medicinasinc.com\/pl\/wp-json\/wp\/v2\/product_tag?post=4759"}],"curies":[{"name":"wp","href":"https:\/\/api.w.org\/{rel}","templated":true}]}}