{"id":4748,"date":"2022-02-20T15:30:50","date_gmt":"2022-02-20T15:30:50","guid":{"rendered":"https:\/\/medicinasinc.com\/pl\/?post_type=product&#038;p=4748"},"modified":"2022-03-22T01:14:15","modified_gmt":"2022-03-22T01:14:15","slug":"kup-hawajska-sosna-kwiat-konopi","status":"publish","type":"product","link":"https:\/\/medicinasinc.com\/pl\/product\/kup-hawajska-sosna-kwiat-konopi\/","title":{"rendered":"Kup kwiat konopi sosny hawajskiej"},"content":{"rendered":"<div class=\"woocommerce-tabs wc-tabs-wrapper\">\n<div id=\"tab-description\" class=\"woocommerce-Tabs-panel woocommerce-Tabs-panel--description panel entry-content wc-tab\" role=\"tabpanel\" aria-labelledby=\"tab-title-description\">\n<p>Kwiat konopi z CBD z sosny hawajskiej<\/p>\n<p>Odmiana Kwiat konopi CBD z sosny hawajskiej zawiera mniej ni\u017c 0,2% Delta 9 THC, kt\u00f3ry jest legalny limit THC, a je\u015bli jest spo\u017cywany z umiarem, nie spowoduje niepowodzenia testu narkotykowego, ale nie udzielamy \u017cadnych gwarancji.<\/p>\n<p>W Bud Chasers k\u0142adziemy nacisk na jako\u015b\u0107 i bezpiecze\u0144stwo, dlatego ka\u017cdy partia kwiatu CBD jest testowana i zatwierdzana przez Departament Rolnictwa przed dystrybucj\u0105.<\/p>\n<p>Leki bogate w CBD mog\u0105 by\u0107 w stanie pom\u00f3c w stanach zapalnych i napadach, ale maj\u0105 niewiele efekt\u00f3w psychoaktywnych. Ze wzgl\u0119du na wysok\u0105 zawarto\u015b\u0107 alkoholu zalecamy umieszczenie go z boku ust (przy policzku) i przytrzymanie przez 30-60 sekund. Nalewka mo\u017ce by\u0107 rozcie\u0144czona w soku lub herbacie, ale jej zastosowanie zajmie wi\u0119cej czasu.<\/p>\n<p>Kwiat konopny CBD z sosny hawajskiej jest ju\u017c dost\u0119pny.<\/p>\n<p>Kup kwiat konopny CBD z sosny hawajskiej z konopi Online ju\u017c teraz; dodatkowo mo\u017cna tutaj z\u0142o\u017cy\u0107 zam\u00f3wienie i dokona\u0107 natychmiastowego zakupu.<\/p>\n<p>Kwiat CBD z sosny hawajskiej<\/p>\n<\/p><\/div><\/div>\n","protected":false},"excerpt":{"rendered":"<div class=\"woocommerce-product-details__short-description\">\n<p>Kup\u00a0kwiat konopi CBD z hawajskiej sosny online na stronie bestglobalmeds.com. Kupuj r\u00f3\u017cnorodne produkty zwi\u0105zane z marihuan\u0105 i nie tylko. Dostawa jest bezp\u0142atna.<\/p>\n<p>Oferujemy doskona\u0142y kwiat konopi CBD z hawajskiej sosny do cel\u00f3w leczniczych lub rekreacyjnych.<\/p>\n<\/p><\/div>\n","protected":false},"featured_media":4760,"comment_status":"open","ping_status":"closed","template":"","meta":[],"product_brand":[],"product_cat":[689],"product_tag":[],"class_list":{"0":"post-4748","1":"product","2":"type-product","3":"status-publish","4":"has-post-thumbnail","6":"product_cat-kup-kwiat-konopi","8":"first","9":"instock","10":"shipping-taxable","11":"purchasable","12":"product-type-variable","13":"has-default-attributes"},"yoast_head":"<!-- This site is optimized with the Yoast SEO plugin v27.3 - https:\/\/yoast.com\/product\/yoast-seo-wordpress\/ -->\n<title>Kup kwiat konopi hawajskiej sosny - najlepsze najlepsze globalne leki<\/title>\n<meta name=\"description\" content=\"Kup kwiat konopi CBD z hawajskiej sosny (1 funt) online na stronie bestglobalmeds.com. Kupuj szeroki wyb\u00f3r produkt\u00f3w z marihuan\u0105 i nie tylko. Darmowa dostawa.\" \/>\n<meta name=\"robots\" content=\"index, follow, max-snippet:-1, max-image-preview:large, max-video-preview:-1\" \/>\n<link rel=\"canonical\" href=\"https:\/\/medicinasinc.com\/pl\/product\/kup-hawajska-sosna-kwiat-konopi\/\" \/>\n<meta property=\"og:locale\" content=\"en_US\" \/>\n<meta property=\"og:type\" content=\"article\" \/>\n<meta property=\"og:title\" content=\"Kup kwiat konopi hawajskiej sosny - najlepsze najlepsze globalne leki\" \/>\n<meta property=\"og:description\" content=\"Kup kwiat konopi CBD z hawajskiej sosny (1 funt) online na stronie bestglobalmeds.com. Kupuj szeroki wyb\u00f3r produkt\u00f3w z marihuan\u0105 i nie tylko. Darmowa dostawa.\" \/>\n<meta property=\"og:url\" content=\"https:\/\/medicinasinc.com\/pl\/product\/kup-hawajska-sosna-kwiat-konopi\/\" \/>\n<meta property=\"og:site_name\" content=\"Medicinas Inc\" \/>\n<meta property=\"article:modified_time\" content=\"2022-03-22T01:14:15+00:00\" \/>\n<meta property=\"og:image\" content=\"https:\/\/medicinasinc.com\/pl\/wp-content\/uploads\/sites\/13\/2022\/02\/Buy-Hawaiian-Pine-Hemp-Flower-Onlin.jpg\" \/>\n\t<meta property=\"og:image:width\" content=\"600\" \/>\n\t<meta property=\"og:image:height\" content=\"600\" \/>\n\t<meta property=\"og:image:type\" content=\"image\/jpeg\" \/>\n<meta name=\"twitter:card\" content=\"summary_large_image\" \/>\n<meta name=\"twitter:label1\" content=\"Est. reading time\" \/>\n\t<meta name=\"twitter:data1\" content=\"1 minute\" \/>\n<script type=\"application\/ld+json\" class=\"yoast-schema-graph\">{\"@context\":\"https:\\\/\\\/schema.org\",\"@graph\":[{\"@type\":\"WebPage\",\"@id\":\"https:\\\/\\\/medicinasinc.com\\\/pl\\\/product\\\/kup-hawajska-sosna-kwiat-konopi\\\/\",\"url\":\"https:\\\/\\\/medicinasinc.com\\\/pl\\\/product\\\/kup-hawajska-sosna-kwiat-konopi\\\/\",\"name\":\"Kup kwiat konopi hawajskiej sosny - najlepsze najlepsze globalne leki\",\"isPartOf\":{\"@id\":\"https:\\\/\\\/medicinasinc.com\\\/pl\\\/#website\"},\"primaryImageOfPage\":{\"@id\":\"https:\\\/\\\/medicinasinc.com\\\/pl\\\/product\\\/kup-hawajska-sosna-kwiat-konopi\\\/#primaryimage\"},\"image\":{\"@id\":\"https:\\\/\\\/medicinasinc.com\\\/pl\\\/product\\\/kup-hawajska-sosna-kwiat-konopi\\\/#primaryimage\"},\"thumbnailUrl\":\"https:\\\/\\\/medicinasinc.com\\\/pl\\\/wp-content\\\/uploads\\\/sites\\\/13\\\/2022\\\/02\\\/Buy-Hawaiian-Pine-Hemp-Flower-Onlin.jpg\",\"datePublished\":\"2022-02-20T15:30:50+00:00\",\"dateModified\":\"2022-03-22T01:14:15+00:00\",\"description\":\"Kup kwiat konopi CBD z hawajskiej sosny (1 funt) online na stronie bestglobalmeds.com. Kupuj szeroki wyb\u00f3r produkt\u00f3w z marihuan\u0105 i nie tylko. Darmowa dostawa.\",\"breadcrumb\":{\"@id\":\"https:\\\/\\\/medicinasinc.com\\\/pl\\\/product\\\/kup-hawajska-sosna-kwiat-konopi\\\/#breadcrumb\"},\"inLanguage\":\"en-US\",\"potentialAction\":[{\"@type\":\"ReadAction\",\"target\":[\"https:\\\/\\\/medicinasinc.com\\\/pl\\\/product\\\/kup-hawajska-sosna-kwiat-konopi\\\/\"]}]},{\"@type\":\"ImageObject\",\"inLanguage\":\"en-US\",\"@id\":\"https:\\\/\\\/medicinasinc.com\\\/pl\\\/product\\\/kup-hawajska-sosna-kwiat-konopi\\\/#primaryimage\",\"url\":\"https:\\\/\\\/medicinasinc.com\\\/pl\\\/wp-content\\\/uploads\\\/sites\\\/13\\\/2022\\\/02\\\/Buy-Hawaiian-Pine-Hemp-Flower-Onlin.jpg\",\"contentUrl\":\"https:\\\/\\\/medicinasinc.com\\\/pl\\\/wp-content\\\/uploads\\\/sites\\\/13\\\/2022\\\/02\\\/Buy-Hawaiian-Pine-Hemp-Flower-Onlin.jpg\",\"width\":600,\"height\":600},{\"@type\":\"BreadcrumbList\",\"@id\":\"https:\\\/\\\/medicinasinc.com\\\/pl\\\/product\\\/kup-hawajska-sosna-kwiat-konopi\\\/#breadcrumb\",\"itemListElement\":[{\"@type\":\"ListItem\",\"position\":1,\"name\":\"Sklep\",\"item\":\"https:\\\/\\\/medicinasinc.com\\\/pl\\\/sklep\\\/\"},{\"@type\":\"ListItem\",\"position\":2,\"name\":\"Kup kwiat konopi sosny hawajskiej\"}]},{\"@type\":\"WebSite\",\"@id\":\"https:\\\/\\\/medicinasinc.com\\\/pl\\\/#website\",\"url\":\"https:\\\/\\\/medicinasinc.com\\\/pl\\\/\",\"name\":\"Medicinas Inc\",\"description\":\"Health Medical Clinic\",\"potentialAction\":[{\"@type\":\"SearchAction\",\"target\":{\"@type\":\"EntryPoint\",\"urlTemplate\":\"https:\\\/\\\/medicinasinc.com\\\/pl\\\/?s={search_term_string}\"},\"query-input\":{\"@type\":\"PropertyValueSpecification\",\"valueRequired\":true,\"valueName\":\"search_term_string\"}}],\"inLanguage\":\"en-US\"}]}<\/script>\n<!-- \/ Yoast SEO plugin. -->","yoast_head_json":{"title":"Kup kwiat konopi hawajskiej sosny - najlepsze najlepsze globalne leki","description":"Kup kwiat konopi CBD z hawajskiej sosny (1 funt) online na stronie bestglobalmeds.com. Kupuj szeroki wyb\u00f3r produkt\u00f3w z marihuan\u0105 i nie tylko. Darmowa dostawa.","robots":{"index":"index","follow":"follow","max-snippet":"max-snippet:-1","max-image-preview":"max-image-preview:large","max-video-preview":"max-video-preview:-1"},"canonical":"https:\/\/medicinasinc.com\/pl\/product\/kup-hawajska-sosna-kwiat-konopi\/","og_locale":"en_US","og_type":"article","og_title":"Kup kwiat konopi hawajskiej sosny - najlepsze najlepsze globalne leki","og_description":"Kup kwiat konopi CBD z hawajskiej sosny (1 funt) online na stronie bestglobalmeds.com. Kupuj szeroki wyb\u00f3r produkt\u00f3w z marihuan\u0105 i nie tylko. Darmowa dostawa.","og_url":"https:\/\/medicinasinc.com\/pl\/product\/kup-hawajska-sosna-kwiat-konopi\/","og_site_name":"Medicinas Inc","article_modified_time":"2022-03-22T01:14:15+00:00","og_image":[{"width":600,"height":600,"url":"https:\/\/medicinasinc.com\/pl\/wp-content\/uploads\/sites\/13\/2022\/02\/Buy-Hawaiian-Pine-Hemp-Flower-Onlin.jpg","type":"image\/jpeg"}],"twitter_card":"summary_large_image","twitter_misc":{"Est. reading time":"1 minute"},"schema":{"@context":"https:\/\/schema.org","@graph":[{"@type":"WebPage","@id":"https:\/\/medicinasinc.com\/pl\/product\/kup-hawajska-sosna-kwiat-konopi\/","url":"https:\/\/medicinasinc.com\/pl\/product\/kup-hawajska-sosna-kwiat-konopi\/","name":"Kup kwiat konopi hawajskiej sosny - najlepsze najlepsze globalne leki","isPartOf":{"@id":"https:\/\/medicinasinc.com\/pl\/#website"},"primaryImageOfPage":{"@id":"https:\/\/medicinasinc.com\/pl\/product\/kup-hawajska-sosna-kwiat-konopi\/#primaryimage"},"image":{"@id":"https:\/\/medicinasinc.com\/pl\/product\/kup-hawajska-sosna-kwiat-konopi\/#primaryimage"},"thumbnailUrl":"https:\/\/medicinasinc.com\/pl\/wp-content\/uploads\/sites\/13\/2022\/02\/Buy-Hawaiian-Pine-Hemp-Flower-Onlin.jpg","datePublished":"2022-02-20T15:30:50+00:00","dateModified":"2022-03-22T01:14:15+00:00","description":"Kup kwiat konopi CBD z hawajskiej sosny (1 funt) online na stronie bestglobalmeds.com. Kupuj szeroki wyb\u00f3r produkt\u00f3w z marihuan\u0105 i nie tylko. Darmowa dostawa.","breadcrumb":{"@id":"https:\/\/medicinasinc.com\/pl\/product\/kup-hawajska-sosna-kwiat-konopi\/#breadcrumb"},"inLanguage":"en-US","potentialAction":[{"@type":"ReadAction","target":["https:\/\/medicinasinc.com\/pl\/product\/kup-hawajska-sosna-kwiat-konopi\/"]}]},{"@type":"ImageObject","inLanguage":"en-US","@id":"https:\/\/medicinasinc.com\/pl\/product\/kup-hawajska-sosna-kwiat-konopi\/#primaryimage","url":"https:\/\/medicinasinc.com\/pl\/wp-content\/uploads\/sites\/13\/2022\/02\/Buy-Hawaiian-Pine-Hemp-Flower-Onlin.jpg","contentUrl":"https:\/\/medicinasinc.com\/pl\/wp-content\/uploads\/sites\/13\/2022\/02\/Buy-Hawaiian-Pine-Hemp-Flower-Onlin.jpg","width":600,"height":600},{"@type":"BreadcrumbList","@id":"https:\/\/medicinasinc.com\/pl\/product\/kup-hawajska-sosna-kwiat-konopi\/#breadcrumb","itemListElement":[{"@type":"ListItem","position":1,"name":"Sklep","item":"https:\/\/medicinasinc.com\/pl\/sklep\/"},{"@type":"ListItem","position":2,"name":"Kup kwiat konopi sosny hawajskiej"}]},{"@type":"WebSite","@id":"https:\/\/medicinasinc.com\/pl\/#website","url":"https:\/\/medicinasinc.com\/pl\/","name":"Medicinas Inc","description":"Health Medical Clinic","potentialAction":[{"@type":"SearchAction","target":{"@type":"EntryPoint","urlTemplate":"https:\/\/medicinasinc.com\/pl\/?s={search_term_string}"},"query-input":{"@type":"PropertyValueSpecification","valueRequired":true,"valueName":"search_term_string"}}],"inLanguage":"en-US"}]}},"_links":{"self":[{"href":"https:\/\/medicinasinc.com\/pl\/wp-json\/wp\/v2\/product\/4748","targetHints":{"allow":["GET"]}}],"collection":[{"href":"https:\/\/medicinasinc.com\/pl\/wp-json\/wp\/v2\/product"}],"about":[{"href":"https:\/\/medicinasinc.com\/pl\/wp-json\/wp\/v2\/types\/product"}],"replies":[{"embeddable":true,"href":"https:\/\/medicinasinc.com\/pl\/wp-json\/wp\/v2\/comments?post=4748"}],"wp:featuredmedia":[{"embeddable":true,"href":"https:\/\/medicinasinc.com\/pl\/wp-json\/wp\/v2\/media\/4760"}],"wp:attachment":[{"href":"https:\/\/medicinasinc.com\/pl\/wp-json\/wp\/v2\/media?parent=4748"}],"wp:term":[{"taxonomy":"product_brand","embeddable":true,"href":"https:\/\/medicinasinc.com\/pl\/wp-json\/wp\/v2\/product_brand?post=4748"},{"taxonomy":"product_cat","embeddable":true,"href":"https:\/\/medicinasinc.com\/pl\/wp-json\/wp\/v2\/product_cat?post=4748"},{"taxonomy":"product_tag","embeddable":true,"href":"https:\/\/medicinasinc.com\/pl\/wp-json\/wp\/v2\/product_tag?post=4748"}],"curies":[{"name":"wp","href":"https:\/\/api.w.org\/{rel}","templated":true}]}}