{"id":4734,"date":"2022-02-20T15:19:28","date_gmt":"2022-02-20T15:19:28","guid":{"rendered":"https:\/\/medicinasinc.com\/pl\/?post_type=product&#038;p=4734"},"modified":"2022-03-22T01:14:24","modified_gmt":"2022-03-22T01:14:24","slug":"thc-live-diamonds-superior-extract","status":"publish","type":"product","link":"https:\/\/medicinasinc.com\/pl\/product\/thc-live-diamonds-superior-extract\/","title":{"rendered":"THC Live Diamonds-Doskona\u0142y ekstrakt"},"content":{"rendered":"<p>THC Live Diamonds najwy\u017cszej jako\u015bci<br \/> Cz\u0119sto okre\u015blane jako \u201enajsilniejsze dabsy na \u015bwiecie\u201d, Superior THC Live Diamonds to nowy ekstrakt, kt\u00f3ry szybko zyskuje popularno\u015b\u0107 w spo\u0142eczno\u015bci konopnej jako najsilniejszy koncentrat na rynku. Ten skrystalizowany ekstrakt zawiera ponad 99 procent czystego THC-A \u2013 kt\u00f3ry po spo\u017cyciu nie wywo\u0142uje efektu psychoaktywnego, ale wymaga dekarboksylacji (spalania), aby przekszta\u0142ci\u0107 si\u0119 w psychoaktywne THC.<\/p>\n<p>Doskona\u0142e \u017cywe diamenty THC s\u0105 wytwarzane z \u017cywych \u017cywica, kt\u00f3ra pomaga zatrzyma\u0107 terpeny, co daje bardziej aromatyczny koncentrat!<br \/> Podczas gdy \u017cywa \u017cywica jest lepka, jest zamkni\u0119ta w pojemniku pod ci\u015bnieniem i pozostawiona do ostygni\u0119cia do temperatury pokojowej. W tej mieszaninie kryszta\u0142y THCA tworz\u0105 si\u0119 i z czasem opadaj\u0105 na dno s\u0142oika. Resztkowe terpeny w \u017cywej \u017cywicy unosz\u0105 si\u0119 na powierzchni\u0119 i tworz\u0105 lepk\u0105 warstw\u0119. W rezultacie powstaje koncentrat zawieraj\u0105cy 97-99% THC, wraz ze smakiem i w\u0142a\u015bciwo\u015bciami leczniczymi terpen\u00f3w specyficznych dla szczepu.<\/p>\n","protected":false},"excerpt":{"rendered":"<ul>\n<li>Koncentrat sk\u0142adaj\u0105cy si\u0119 z 97-99% THC<\/li>\n<li>99% czystego THC-A<\/li>\n<li>Canada Post Xpresspost BEZP\u0141ATNA wysy\u0142ka przy zam\u00f3wieniach powy\u017cej 99 USD<\/li>\n<li>Tylko wysy\u0142ka do ca\u0142ej Kanady<\/li>\n<li>Pe\u0142ny opis produktu poni\u017cej<\/li>\n<\/ul>\n","protected":false},"featured_media":4747,"comment_status":"open","ping_status":"closed","template":"","meta":[],"product_brand":[],"product_cat":[610],"product_tag":[],"class_list":{"0":"post-4734","1":"product","2":"type-product","3":"status-publish","4":"has-post-thumbnail","6":"product_cat-kup-hasz-haszysz","8":"first","9":"instock","10":"shipping-taxable","11":"purchasable","12":"product-type-variable","13":"has-default-attributes"},"yoast_head":"<!-- This site is optimized with the Yoast SEO plugin v27.3 - https:\/\/yoast.com\/product\/yoast-seo-wordpress\/ -->\n<title>THC Live Diamonds- Doskona\u0142y ekstrakt - Najlepsze najlepsze \u015bwiatowe leki<\/title>\n<meta name=\"description\" content=\"Kup THC Live-Diamonds \u2014 doskona\u0142e ekstrakty online z wysy\u0142k\u0105 i dostaw\u0105 na ca\u0142y \u015bwiat do wybranej lokalizacji. Prowadzimy sprzeda\u017c detaliczn\u0105 i hurtow\u0105 naszego THC.\" \/>\n<meta name=\"robots\" content=\"index, follow, max-snippet:-1, max-image-preview:large, max-video-preview:-1\" \/>\n<link rel=\"canonical\" href=\"https:\/\/medicinasinc.com\/pl\/product\/thc-live-diamonds-superior-extract\/\" \/>\n<meta property=\"og:locale\" content=\"en_US\" \/>\n<meta property=\"og:type\" content=\"article\" \/>\n<meta property=\"og:title\" content=\"THC Live Diamonds- Doskona\u0142y ekstrakt - Najlepsze najlepsze \u015bwiatowe leki\" \/>\n<meta property=\"og:description\" content=\"Kup THC Live-Diamonds \u2014 doskona\u0142e ekstrakty online z wysy\u0142k\u0105 i dostaw\u0105 na ca\u0142y \u015bwiat do wybranej lokalizacji. Prowadzimy sprzeda\u017c detaliczn\u0105 i hurtow\u0105 naszego THC.\" \/>\n<meta property=\"og:url\" content=\"https:\/\/medicinasinc.com\/pl\/product\/thc-live-diamonds-superior-extract\/\" \/>\n<meta property=\"og:site_name\" content=\"Medicinas Inc\" \/>\n<meta property=\"article:modified_time\" content=\"2022-03-22T01:14:24+00:00\" \/>\n<meta property=\"og:image\" content=\"https:\/\/medicinasinc.com\/pl\/wp-content\/uploads\/sites\/13\/2022\/02\/Buy-THC-Live-Diamonds-Superior-Extract.jpg\" \/>\n\t<meta property=\"og:image:width\" content=\"600\" \/>\n\t<meta property=\"og:image:height\" content=\"600\" \/>\n\t<meta property=\"og:image:type\" content=\"image\/jpeg\" \/>\n<meta name=\"twitter:card\" content=\"summary_large_image\" \/>\n<meta name=\"twitter:label1\" content=\"Est. reading time\" \/>\n\t<meta name=\"twitter:data1\" content=\"1 minute\" \/>\n<script type=\"application\/ld+json\" class=\"yoast-schema-graph\">{\"@context\":\"https:\\\/\\\/schema.org\",\"@graph\":[{\"@type\":\"WebPage\",\"@id\":\"https:\\\/\\\/medicinasinc.com\\\/pl\\\/product\\\/thc-live-diamonds-superior-extract\\\/\",\"url\":\"https:\\\/\\\/medicinasinc.com\\\/pl\\\/product\\\/thc-live-diamonds-superior-extract\\\/\",\"name\":\"THC Live Diamonds- Doskona\u0142y ekstrakt - Najlepsze najlepsze \u015bwiatowe leki\",\"isPartOf\":{\"@id\":\"https:\\\/\\\/medicinasinc.com\\\/pl\\\/#website\"},\"primaryImageOfPage\":{\"@id\":\"https:\\\/\\\/medicinasinc.com\\\/pl\\\/product\\\/thc-live-diamonds-superior-extract\\\/#primaryimage\"},\"image\":{\"@id\":\"https:\\\/\\\/medicinasinc.com\\\/pl\\\/product\\\/thc-live-diamonds-superior-extract\\\/#primaryimage\"},\"thumbnailUrl\":\"https:\\\/\\\/medicinasinc.com\\\/pl\\\/wp-content\\\/uploads\\\/sites\\\/13\\\/2022\\\/02\\\/Buy-THC-Live-Diamonds-Superior-Extract.jpg\",\"datePublished\":\"2022-02-20T15:19:28+00:00\",\"dateModified\":\"2022-03-22T01:14:24+00:00\",\"description\":\"Kup THC Live-Diamonds \u2014 doskona\u0142e ekstrakty online z wysy\u0142k\u0105 i dostaw\u0105 na ca\u0142y \u015bwiat do wybranej lokalizacji. Prowadzimy sprzeda\u017c detaliczn\u0105 i hurtow\u0105 naszego THC.\",\"breadcrumb\":{\"@id\":\"https:\\\/\\\/medicinasinc.com\\\/pl\\\/product\\\/thc-live-diamonds-superior-extract\\\/#breadcrumb\"},\"inLanguage\":\"en-US\",\"potentialAction\":[{\"@type\":\"ReadAction\",\"target\":[\"https:\\\/\\\/medicinasinc.com\\\/pl\\\/product\\\/thc-live-diamonds-superior-extract\\\/\"]}]},{\"@type\":\"ImageObject\",\"inLanguage\":\"en-US\",\"@id\":\"https:\\\/\\\/medicinasinc.com\\\/pl\\\/product\\\/thc-live-diamonds-superior-extract\\\/#primaryimage\",\"url\":\"https:\\\/\\\/medicinasinc.com\\\/pl\\\/wp-content\\\/uploads\\\/sites\\\/13\\\/2022\\\/02\\\/Buy-THC-Live-Diamonds-Superior-Extract.jpg\",\"contentUrl\":\"https:\\\/\\\/medicinasinc.com\\\/pl\\\/wp-content\\\/uploads\\\/sites\\\/13\\\/2022\\\/02\\\/Buy-THC-Live-Diamonds-Superior-Extract.jpg\",\"width\":600,\"height\":600},{\"@type\":\"BreadcrumbList\",\"@id\":\"https:\\\/\\\/medicinasinc.com\\\/pl\\\/product\\\/thc-live-diamonds-superior-extract\\\/#breadcrumb\",\"itemListElement\":[{\"@type\":\"ListItem\",\"position\":1,\"name\":\"Sklep\",\"item\":\"https:\\\/\\\/medicinasinc.com\\\/pl\\\/sklep\\\/\"},{\"@type\":\"ListItem\",\"position\":2,\"name\":\"THC Live Diamonds-Doskona\u0142y ekstrakt\"}]},{\"@type\":\"WebSite\",\"@id\":\"https:\\\/\\\/medicinasinc.com\\\/pl\\\/#website\",\"url\":\"https:\\\/\\\/medicinasinc.com\\\/pl\\\/\",\"name\":\"Medicinas Inc\",\"description\":\"Health Medical Clinic\",\"potentialAction\":[{\"@type\":\"SearchAction\",\"target\":{\"@type\":\"EntryPoint\",\"urlTemplate\":\"https:\\\/\\\/medicinasinc.com\\\/pl\\\/?s={search_term_string}\"},\"query-input\":{\"@type\":\"PropertyValueSpecification\",\"valueRequired\":true,\"valueName\":\"search_term_string\"}}],\"inLanguage\":\"en-US\"}]}<\/script>\n<!-- \/ Yoast SEO plugin. -->","yoast_head_json":{"title":"THC Live Diamonds- Doskona\u0142y ekstrakt - Najlepsze najlepsze \u015bwiatowe leki","description":"Kup THC Live-Diamonds \u2014 doskona\u0142e ekstrakty online z wysy\u0142k\u0105 i dostaw\u0105 na ca\u0142y \u015bwiat do wybranej lokalizacji. Prowadzimy sprzeda\u017c detaliczn\u0105 i hurtow\u0105 naszego THC.","robots":{"index":"index","follow":"follow","max-snippet":"max-snippet:-1","max-image-preview":"max-image-preview:large","max-video-preview":"max-video-preview:-1"},"canonical":"https:\/\/medicinasinc.com\/pl\/product\/thc-live-diamonds-superior-extract\/","og_locale":"en_US","og_type":"article","og_title":"THC Live Diamonds- Doskona\u0142y ekstrakt - Najlepsze najlepsze \u015bwiatowe leki","og_description":"Kup THC Live-Diamonds \u2014 doskona\u0142e ekstrakty online z wysy\u0142k\u0105 i dostaw\u0105 na ca\u0142y \u015bwiat do wybranej lokalizacji. Prowadzimy sprzeda\u017c detaliczn\u0105 i hurtow\u0105 naszego THC.","og_url":"https:\/\/medicinasinc.com\/pl\/product\/thc-live-diamonds-superior-extract\/","og_site_name":"Medicinas Inc","article_modified_time":"2022-03-22T01:14:24+00:00","og_image":[{"width":600,"height":600,"url":"https:\/\/medicinasinc.com\/pl\/wp-content\/uploads\/sites\/13\/2022\/02\/Buy-THC-Live-Diamonds-Superior-Extract.jpg","type":"image\/jpeg"}],"twitter_card":"summary_large_image","twitter_misc":{"Est. reading time":"1 minute"},"schema":{"@context":"https:\/\/schema.org","@graph":[{"@type":"WebPage","@id":"https:\/\/medicinasinc.com\/pl\/product\/thc-live-diamonds-superior-extract\/","url":"https:\/\/medicinasinc.com\/pl\/product\/thc-live-diamonds-superior-extract\/","name":"THC Live Diamonds- Doskona\u0142y ekstrakt - Najlepsze najlepsze \u015bwiatowe leki","isPartOf":{"@id":"https:\/\/medicinasinc.com\/pl\/#website"},"primaryImageOfPage":{"@id":"https:\/\/medicinasinc.com\/pl\/product\/thc-live-diamonds-superior-extract\/#primaryimage"},"image":{"@id":"https:\/\/medicinasinc.com\/pl\/product\/thc-live-diamonds-superior-extract\/#primaryimage"},"thumbnailUrl":"https:\/\/medicinasinc.com\/pl\/wp-content\/uploads\/sites\/13\/2022\/02\/Buy-THC-Live-Diamonds-Superior-Extract.jpg","datePublished":"2022-02-20T15:19:28+00:00","dateModified":"2022-03-22T01:14:24+00:00","description":"Kup THC Live-Diamonds \u2014 doskona\u0142e ekstrakty online z wysy\u0142k\u0105 i dostaw\u0105 na ca\u0142y \u015bwiat do wybranej lokalizacji. Prowadzimy sprzeda\u017c detaliczn\u0105 i hurtow\u0105 naszego THC.","breadcrumb":{"@id":"https:\/\/medicinasinc.com\/pl\/product\/thc-live-diamonds-superior-extract\/#breadcrumb"},"inLanguage":"en-US","potentialAction":[{"@type":"ReadAction","target":["https:\/\/medicinasinc.com\/pl\/product\/thc-live-diamonds-superior-extract\/"]}]},{"@type":"ImageObject","inLanguage":"en-US","@id":"https:\/\/medicinasinc.com\/pl\/product\/thc-live-diamonds-superior-extract\/#primaryimage","url":"https:\/\/medicinasinc.com\/pl\/wp-content\/uploads\/sites\/13\/2022\/02\/Buy-THC-Live-Diamonds-Superior-Extract.jpg","contentUrl":"https:\/\/medicinasinc.com\/pl\/wp-content\/uploads\/sites\/13\/2022\/02\/Buy-THC-Live-Diamonds-Superior-Extract.jpg","width":600,"height":600},{"@type":"BreadcrumbList","@id":"https:\/\/medicinasinc.com\/pl\/product\/thc-live-diamonds-superior-extract\/#breadcrumb","itemListElement":[{"@type":"ListItem","position":1,"name":"Sklep","item":"https:\/\/medicinasinc.com\/pl\/sklep\/"},{"@type":"ListItem","position":2,"name":"THC Live Diamonds-Doskona\u0142y ekstrakt"}]},{"@type":"WebSite","@id":"https:\/\/medicinasinc.com\/pl\/#website","url":"https:\/\/medicinasinc.com\/pl\/","name":"Medicinas Inc","description":"Health Medical Clinic","potentialAction":[{"@type":"SearchAction","target":{"@type":"EntryPoint","urlTemplate":"https:\/\/medicinasinc.com\/pl\/?s={search_term_string}"},"query-input":{"@type":"PropertyValueSpecification","valueRequired":true,"valueName":"search_term_string"}}],"inLanguage":"en-US"}]}},"_links":{"self":[{"href":"https:\/\/medicinasinc.com\/pl\/wp-json\/wp\/v2\/product\/4734","targetHints":{"allow":["GET"]}}],"collection":[{"href":"https:\/\/medicinasinc.com\/pl\/wp-json\/wp\/v2\/product"}],"about":[{"href":"https:\/\/medicinasinc.com\/pl\/wp-json\/wp\/v2\/types\/product"}],"replies":[{"embeddable":true,"href":"https:\/\/medicinasinc.com\/pl\/wp-json\/wp\/v2\/comments?post=4734"}],"wp:featuredmedia":[{"embeddable":true,"href":"https:\/\/medicinasinc.com\/pl\/wp-json\/wp\/v2\/media\/4747"}],"wp:attachment":[{"href":"https:\/\/medicinasinc.com\/pl\/wp-json\/wp\/v2\/media?parent=4734"}],"wp:term":[{"taxonomy":"product_brand","embeddable":true,"href":"https:\/\/medicinasinc.com\/pl\/wp-json\/wp\/v2\/product_brand?post=4734"},{"taxonomy":"product_cat","embeddable":true,"href":"https:\/\/medicinasinc.com\/pl\/wp-json\/wp\/v2\/product_cat?post=4734"},{"taxonomy":"product_tag","embeddable":true,"href":"https:\/\/medicinasinc.com\/pl\/wp-json\/wp\/v2\/product_tag?post=4734"}],"curies":[{"name":"wp","href":"https:\/\/api.w.org\/{rel}","templated":true}]}}