{"id":4733,"date":"2022-02-20T15:18:37","date_gmt":"2022-02-20T15:18:37","guid":{"rendered":"https:\/\/medicinasinc.com\/pl\/?post_type=product&#038;p=4733"},"modified":"2022-03-22T01:14:33","modified_gmt":"2022-03-22T01:14:33","slug":"kup-rozowy-kush-hash","status":"publish","type":"product","link":"https:\/\/medicinasinc.com\/pl\/product\/kup-rozowy-kush-hash\/","title":{"rendered":"Kup R\u00f3\u017cowy Kush Hash"},"content":{"rendered":"<p>Zakup Pink Kush Hash przez Internet<\/p>\n<p>Zanim kupisz legalny haszysz online, bardzo wa\u017cne jest, aby zrozumie\u0107, co to jest, jak odnosi si\u0119 do konopi i co odr\u00f3\u017cnia j\u0105 od innych produkt\u00f3w chwast\u00f3w. Haszysz, inny termin oznaczaj\u0105cy \u201ehaszysz\u201d, to koncentrat konopi przenoszony przez smo\u0142\u0119 ro\u015bliny marihuany. Osi\u0105ga si\u0119 to poprzez oddzielenie organ\u00f3w soku ro\u015bliny konopi, kt\u00f3re s\u0105 zbiorczo okre\u015blane jako trichom, od jej kwiat\u00f3w. Wiadomo, \u017ce te trichomy zawieraj\u0105 najwy\u017csze st\u0119\u017cenia kannabinoid\u00f3w i terpen\u00f3w, kt\u00f3re s\u0105 zwi\u0105zkami chemicznymi odpowiedzialnymi za wyj\u0105tkowe w\u0142a\u015bciwo\u015bci i cechy Maryjane. Ze wzgl\u0119du na wysok\u0105 koncentracj\u0119 kannabinoid\u00f3w i terpen\u00f3w w haszyszu, ma niezwyk\u0142\u0105 zdolno\u015b\u0107 do tworzenia osza\u0142amiaj\u0105cych psychoaktywnych i leczniczych spotka\u0144 dla konsument\u00f3w konopi. Olej haszyszowy to wysoce skoncentrowana forma konopi, kt\u00f3r\u0105 mo\u017cna pali\u0107, waporyzowa\u0107, spo\u017cywa\u0107 lub wyciera\u0107 na sk\u00f3r\u0119. Czasami stosowanie oleju haszyszowego jest okre\u015blane jako \u201eosi\u0105gaj\u0105ce\u201d lub \u201ekonsumuj\u0105ce\u201d. Olejek haszyszowy pochodzi z ro\u015blin konopi i zawiera THC (delta-9-tetrahydrokannabinol), ten sam rewolucyjny zwi\u0105zek, kt\u00f3ry mo\u017cna znale\u017a\u0107 w innych produktach Maryjane.<\/p>\n<p>W ka\u017cdym razie olej haszyszowy jest silniejszy i zawiera do 90% czysty THC. Oczywi\u015bcie w innych cz\u0119\u015bciach ro\u015bliny konopi typowe st\u0119\u017cenie THC wynosi oko\u0142o 12%. Zaufana<\/p>\n<p>Ekstrakcja CO2 jest obecnie najskuteczniejsz\u0105 metod\u0105 pozyskiwania oleju THC. Ponadto jest to najcz\u0119stsza i najbezpieczniejsza metoda produkcji oleju z konopi indyjskich, destylatu i ci\u0119\u017car\u00f3wek z \u017cyw\u0105 gum\u0105. Powodem, dla kt\u00f3rego jest tak powszechny w dzisiejszych czasach, jest to, \u017ce ten olej THC jest wolny od dodatkowych rozpuszczalnik\u00f3w, takich jak alkohol lub butan.<\/p>\n<p>Wi\u0119kszo\u015b\u0107 olej\u00f3w THC zawiera rodzaj zmniejszaj\u0105cej si\u0119 gotowo\u015bci. Jest to konieczne, aby olejek zachowa\u0142 idealn\u0105 konsystencj\u0119 do waporyzacji. Najskuteczniejszymi \u015brodkami redukuj\u0105cymi s\u0105 gliceryna ro\u015blinna i glikol propylenowy (VG i PG), kt\u00f3re powszechnie wyst\u0119puj\u0105 w konwencjonalnych e-liquidach. Kilka zawiera r\u00f3\u017cne wype\u0142niacze, takie jak PEG, a ostatnio TEC Temper, kt\u00f3ry jest kolejnym warunkiem pochodz\u0105cym z konwencjonalnych terpen\u00f3w. Olej haszyszowy jest dost\u0119pny w sprzeda\u017cy.<\/p>\n","protected":false},"excerpt":{"rendered":"<p>Kup Pink Kush Hash na sprzeda\u017c w Wielkiej Brytanii, Europie przez Internet. Pink Kush, tak po\u017c\u0105dany jak jego krewny OG Kush, jest hybryd\u0105 z dominacj\u0105 indici i pot\u0119\u017cnymi efektami skoncentrowanymi na ciele. Zam\u00f3w online TERAZ!<\/p>\n<ul>\n<li>Wysy\u0142ka na ca\u0142y \u015bwiat<\/li>\n<li>Skontaktuj si\u0119 z nami w przypadku wi\u0119kszych zam\u00f3wie\u0144<\/li>\n<\/ul>\n","protected":false},"featured_media":4745,"comment_status":"open","ping_status":"closed","template":"","meta":[],"product_brand":[],"product_cat":[610],"product_tag":[],"class_list":{"0":"post-4733","1":"product","2":"type-product","3":"status-publish","4":"has-post-thumbnail","6":"product_cat-kup-hasz-haszysz","8":"first","9":"instock","10":"shipping-taxable","11":"purchasable","12":"product-type-variable","13":"has-default-attributes"},"yoast_head":"<!-- This site is optimized with the Yoast SEO plugin v27.3 - https:\/\/yoast.com\/product\/yoast-seo-wordpress\/ -->\n<title>Kup Pink Kush Hash Online - Najlepsze najlepsze globalne leki<\/title>\n<meta name=\"description\" content=\"Kup Pink Kush Hash na sprzeda\u017c w Wielkiej Brytanii, Europie przez Internet. Pink Kush, tak po\u017c\u0105dany jak jego krewny OG Kush, jest hybryd\u0105 z dominacj\u0105 indici i pot\u0119\u017cnymi efektami skoncentrowanymi na ciele. Zam\u00f3w online TERAZ!\" \/>\n<meta name=\"robots\" content=\"index, follow, max-snippet:-1, max-image-preview:large, max-video-preview:-1\" \/>\n<link rel=\"canonical\" href=\"https:\/\/medicinasinc.com\/pl\/product\/kup-rozowy-kush-hash\/\" \/>\n<meta property=\"og:locale\" content=\"en_US\" \/>\n<meta property=\"og:type\" content=\"article\" \/>\n<meta property=\"og:title\" content=\"Kup Pink Kush Hash Online - Najlepsze najlepsze globalne leki\" \/>\n<meta property=\"og:description\" content=\"Kup Pink Kush Hash na sprzeda\u017c w Wielkiej Brytanii, Europie przez Internet. Pink Kush, tak po\u017c\u0105dany jak jego krewny OG Kush, jest hybryd\u0105 z dominacj\u0105 indici i pot\u0119\u017cnymi efektami skoncentrowanymi na ciele. Zam\u00f3w online TERAZ!\" \/>\n<meta property=\"og:url\" content=\"https:\/\/medicinasinc.com\/pl\/product\/kup-rozowy-kush-hash\/\" \/>\n<meta property=\"og:site_name\" content=\"Medicinas Inc\" \/>\n<meta property=\"article:modified_time\" content=\"2022-03-22T01:14:33+00:00\" \/>\n<meta property=\"og:image\" content=\"https:\/\/medicinasinc.com\/pl\/wp-content\/uploads\/sites\/13\/2022\/02\/buy-pink-kush-hash.jpg\" \/>\n\t<meta property=\"og:image:width\" content=\"600\" \/>\n\t<meta property=\"og:image:height\" content=\"600\" \/>\n\t<meta property=\"og:image:type\" content=\"image\/jpeg\" \/>\n<meta name=\"twitter:card\" content=\"summary_large_image\" \/>\n<meta name=\"twitter:label1\" content=\"Est. reading time\" \/>\n\t<meta name=\"twitter:data1\" content=\"2 minutes\" \/>\n<script type=\"application\/ld+json\" class=\"yoast-schema-graph\">{\"@context\":\"https:\\\/\\\/schema.org\",\"@graph\":[{\"@type\":\"WebPage\",\"@id\":\"https:\\\/\\\/medicinasinc.com\\\/pl\\\/product\\\/kup-rozowy-kush-hash\\\/\",\"url\":\"https:\\\/\\\/medicinasinc.com\\\/pl\\\/product\\\/kup-rozowy-kush-hash\\\/\",\"name\":\"Kup Pink Kush Hash Online - Najlepsze najlepsze globalne leki\",\"isPartOf\":{\"@id\":\"https:\\\/\\\/medicinasinc.com\\\/pl\\\/#website\"},\"primaryImageOfPage\":{\"@id\":\"https:\\\/\\\/medicinasinc.com\\\/pl\\\/product\\\/kup-rozowy-kush-hash\\\/#primaryimage\"},\"image\":{\"@id\":\"https:\\\/\\\/medicinasinc.com\\\/pl\\\/product\\\/kup-rozowy-kush-hash\\\/#primaryimage\"},\"thumbnailUrl\":\"https:\\\/\\\/medicinasinc.com\\\/pl\\\/wp-content\\\/uploads\\\/sites\\\/13\\\/2022\\\/02\\\/buy-pink-kush-hash.jpg\",\"datePublished\":\"2022-02-20T15:18:37+00:00\",\"dateModified\":\"2022-03-22T01:14:33+00:00\",\"description\":\"Kup Pink Kush Hash na sprzeda\u017c w Wielkiej Brytanii, Europie przez Internet. Pink Kush, tak po\u017c\u0105dany jak jego krewny OG Kush, jest hybryd\u0105 z dominacj\u0105 indici i pot\u0119\u017cnymi efektami skoncentrowanymi na ciele. Zam\u00f3w online TERAZ!\",\"breadcrumb\":{\"@id\":\"https:\\\/\\\/medicinasinc.com\\\/pl\\\/product\\\/kup-rozowy-kush-hash\\\/#breadcrumb\"},\"inLanguage\":\"en-US\",\"potentialAction\":[{\"@type\":\"ReadAction\",\"target\":[\"https:\\\/\\\/medicinasinc.com\\\/pl\\\/product\\\/kup-rozowy-kush-hash\\\/\"]}]},{\"@type\":\"ImageObject\",\"inLanguage\":\"en-US\",\"@id\":\"https:\\\/\\\/medicinasinc.com\\\/pl\\\/product\\\/kup-rozowy-kush-hash\\\/#primaryimage\",\"url\":\"https:\\\/\\\/medicinasinc.com\\\/pl\\\/wp-content\\\/uploads\\\/sites\\\/13\\\/2022\\\/02\\\/buy-pink-kush-hash.jpg\",\"contentUrl\":\"https:\\\/\\\/medicinasinc.com\\\/pl\\\/wp-content\\\/uploads\\\/sites\\\/13\\\/2022\\\/02\\\/buy-pink-kush-hash.jpg\",\"width\":600,\"height\":600},{\"@type\":\"BreadcrumbList\",\"@id\":\"https:\\\/\\\/medicinasinc.com\\\/pl\\\/product\\\/kup-rozowy-kush-hash\\\/#breadcrumb\",\"itemListElement\":[{\"@type\":\"ListItem\",\"position\":1,\"name\":\"Sklep\",\"item\":\"https:\\\/\\\/medicinasinc.com\\\/pl\\\/sklep\\\/\"},{\"@type\":\"ListItem\",\"position\":2,\"name\":\"Kup R\u00f3\u017cowy Kush Hash\"}]},{\"@type\":\"WebSite\",\"@id\":\"https:\\\/\\\/medicinasinc.com\\\/pl\\\/#website\",\"url\":\"https:\\\/\\\/medicinasinc.com\\\/pl\\\/\",\"name\":\"Medicinas Inc\",\"description\":\"Health Medical Clinic\",\"potentialAction\":[{\"@type\":\"SearchAction\",\"target\":{\"@type\":\"EntryPoint\",\"urlTemplate\":\"https:\\\/\\\/medicinasinc.com\\\/pl\\\/?s={search_term_string}\"},\"query-input\":{\"@type\":\"PropertyValueSpecification\",\"valueRequired\":true,\"valueName\":\"search_term_string\"}}],\"inLanguage\":\"en-US\"}]}<\/script>\n<!-- \/ Yoast SEO plugin. -->","yoast_head_json":{"title":"Kup Pink Kush Hash Online - Najlepsze najlepsze globalne leki","description":"Kup Pink Kush Hash na sprzeda\u017c w Wielkiej Brytanii, Europie przez Internet. Pink Kush, tak po\u017c\u0105dany jak jego krewny OG Kush, jest hybryd\u0105 z dominacj\u0105 indici i pot\u0119\u017cnymi efektami skoncentrowanymi na ciele. Zam\u00f3w online TERAZ!","robots":{"index":"index","follow":"follow","max-snippet":"max-snippet:-1","max-image-preview":"max-image-preview:large","max-video-preview":"max-video-preview:-1"},"canonical":"https:\/\/medicinasinc.com\/pl\/product\/kup-rozowy-kush-hash\/","og_locale":"en_US","og_type":"article","og_title":"Kup Pink Kush Hash Online - Najlepsze najlepsze globalne leki","og_description":"Kup Pink Kush Hash na sprzeda\u017c w Wielkiej Brytanii, Europie przez Internet. Pink Kush, tak po\u017c\u0105dany jak jego krewny OG Kush, jest hybryd\u0105 z dominacj\u0105 indici i pot\u0119\u017cnymi efektami skoncentrowanymi na ciele. Zam\u00f3w online TERAZ!","og_url":"https:\/\/medicinasinc.com\/pl\/product\/kup-rozowy-kush-hash\/","og_site_name":"Medicinas Inc","article_modified_time":"2022-03-22T01:14:33+00:00","og_image":[{"width":600,"height":600,"url":"https:\/\/medicinasinc.com\/pl\/wp-content\/uploads\/sites\/13\/2022\/02\/buy-pink-kush-hash.jpg","type":"image\/jpeg"}],"twitter_card":"summary_large_image","twitter_misc":{"Est. reading time":"2 minutes"},"schema":{"@context":"https:\/\/schema.org","@graph":[{"@type":"WebPage","@id":"https:\/\/medicinasinc.com\/pl\/product\/kup-rozowy-kush-hash\/","url":"https:\/\/medicinasinc.com\/pl\/product\/kup-rozowy-kush-hash\/","name":"Kup Pink Kush Hash Online - Najlepsze najlepsze globalne leki","isPartOf":{"@id":"https:\/\/medicinasinc.com\/pl\/#website"},"primaryImageOfPage":{"@id":"https:\/\/medicinasinc.com\/pl\/product\/kup-rozowy-kush-hash\/#primaryimage"},"image":{"@id":"https:\/\/medicinasinc.com\/pl\/product\/kup-rozowy-kush-hash\/#primaryimage"},"thumbnailUrl":"https:\/\/medicinasinc.com\/pl\/wp-content\/uploads\/sites\/13\/2022\/02\/buy-pink-kush-hash.jpg","datePublished":"2022-02-20T15:18:37+00:00","dateModified":"2022-03-22T01:14:33+00:00","description":"Kup Pink Kush Hash na sprzeda\u017c w Wielkiej Brytanii, Europie przez Internet. Pink Kush, tak po\u017c\u0105dany jak jego krewny OG Kush, jest hybryd\u0105 z dominacj\u0105 indici i pot\u0119\u017cnymi efektami skoncentrowanymi na ciele. Zam\u00f3w online TERAZ!","breadcrumb":{"@id":"https:\/\/medicinasinc.com\/pl\/product\/kup-rozowy-kush-hash\/#breadcrumb"},"inLanguage":"en-US","potentialAction":[{"@type":"ReadAction","target":["https:\/\/medicinasinc.com\/pl\/product\/kup-rozowy-kush-hash\/"]}]},{"@type":"ImageObject","inLanguage":"en-US","@id":"https:\/\/medicinasinc.com\/pl\/product\/kup-rozowy-kush-hash\/#primaryimage","url":"https:\/\/medicinasinc.com\/pl\/wp-content\/uploads\/sites\/13\/2022\/02\/buy-pink-kush-hash.jpg","contentUrl":"https:\/\/medicinasinc.com\/pl\/wp-content\/uploads\/sites\/13\/2022\/02\/buy-pink-kush-hash.jpg","width":600,"height":600},{"@type":"BreadcrumbList","@id":"https:\/\/medicinasinc.com\/pl\/product\/kup-rozowy-kush-hash\/#breadcrumb","itemListElement":[{"@type":"ListItem","position":1,"name":"Sklep","item":"https:\/\/medicinasinc.com\/pl\/sklep\/"},{"@type":"ListItem","position":2,"name":"Kup R\u00f3\u017cowy Kush Hash"}]},{"@type":"WebSite","@id":"https:\/\/medicinasinc.com\/pl\/#website","url":"https:\/\/medicinasinc.com\/pl\/","name":"Medicinas Inc","description":"Health Medical Clinic","potentialAction":[{"@type":"SearchAction","target":{"@type":"EntryPoint","urlTemplate":"https:\/\/medicinasinc.com\/pl\/?s={search_term_string}"},"query-input":{"@type":"PropertyValueSpecification","valueRequired":true,"valueName":"search_term_string"}}],"inLanguage":"en-US"}]}},"_links":{"self":[{"href":"https:\/\/medicinasinc.com\/pl\/wp-json\/wp\/v2\/product\/4733","targetHints":{"allow":["GET"]}}],"collection":[{"href":"https:\/\/medicinasinc.com\/pl\/wp-json\/wp\/v2\/product"}],"about":[{"href":"https:\/\/medicinasinc.com\/pl\/wp-json\/wp\/v2\/types\/product"}],"replies":[{"embeddable":true,"href":"https:\/\/medicinasinc.com\/pl\/wp-json\/wp\/v2\/comments?post=4733"}],"wp:featuredmedia":[{"embeddable":true,"href":"https:\/\/medicinasinc.com\/pl\/wp-json\/wp\/v2\/media\/4745"}],"wp:attachment":[{"href":"https:\/\/medicinasinc.com\/pl\/wp-json\/wp\/v2\/media?parent=4733"}],"wp:term":[{"taxonomy":"product_brand","embeddable":true,"href":"https:\/\/medicinasinc.com\/pl\/wp-json\/wp\/v2\/product_brand?post=4733"},{"taxonomy":"product_cat","embeddable":true,"href":"https:\/\/medicinasinc.com\/pl\/wp-json\/wp\/v2\/product_cat?post=4733"},{"taxonomy":"product_tag","embeddable":true,"href":"https:\/\/medicinasinc.com\/pl\/wp-json\/wp\/v2\/product_tag?post=4733"}],"curies":[{"name":"wp","href":"https:\/\/api.w.org\/{rel}","templated":true}]}}