{"id":4717,"date":"2022-02-20T15:05:15","date_gmt":"2022-02-20T15:05:15","guid":{"rendered":"https:\/\/medicinasinc.com\/pl\/?post_type=product&#038;p=4717"},"modified":"2022-03-22T01:14:44","modified_gmt":"2022-03-22T01:14:44","slug":"kup-nepalski-kij-hasz","status":"publish","type":"product","link":"https:\/\/medicinasinc.com\/pl\/product\/kup-nepalski-kij-hasz\/","title":{"rendered":"Kup nepalski hasz w sztyfcie"},"content":{"rendered":"<p>Zakup online nepalskiego haszu na kij<\/p>\n<p>Nepalski hasz na kij jest przygotowywany w taki sam spos\u00f3b, jak Temple Balls. Ro\u015bliny konopi uprawiaj\u0105 je. P\u0105ki lub kwiaty konopi s\u0105 najpierw zbierane i zbierane. Rozetrzyj te p\u0105ki w d\u0142oniach, aby wydoby\u0107 \u017cywice lub trichomy. Z otrzymanych \u017cywic powstaj\u0105 kule \u015bwi\u0105tynne. Kulki zausznik\u00f3w s\u0105 nast\u0119pnie dociskane do grubej, twardej p\u00f3\u0142ki lub p\u0142yty.<\/p>\n<p>Hash z kija nepalskiego jest czarny na zewn\u0105trz i br\u0105zowawy w \u015brodku. Zawieraj\u0105 prawie 15-20% THC. S\u0105 one silnie skoncentrowane i maj\u0105 pikantny lub s\u0142odzony smak.<\/p>\n<p>Efekty:<\/p>\n<p>Skutki Stick Hash s\u0105 zazwyczaj zale\u017cne od st\u0119\u017cenia THC i \u017cywicy. Maj\u0105 tendencj\u0119 do podnoszenia temperatury cia\u0142a i podnoszenia Ci\u0119 do niebezpiecznie wysokiego poziomu, nawet w niewielkich ilo\u015bciach. Jest og\u00f3lnie bezpieczny w u\u017cyciu i ma okres p\u00f3\u0142trwania 6-7 godzin. Te pa\u0142eczki haszyszowe s\u0105 idealne dla tych, kt\u00f3rzy musz\u0105 pozosta\u0107 na haju przez d\u0142u\u017cszy czas.<\/p>\n<p>Jak u\u017cywa\u0107:<\/p>\n<p>Nepalski hasz jest produktem Nepalu. Mo\u017cna je pali\u0107, wlewa\u0107 do fajki, dodawa\u0107 do artyku\u0142\u00f3w spo\u017cywczych lub waporyzowa\u0107. Kiedy Stick Hash jest u\u017cywany w artyku\u0142ach spo\u017cywczych, uruchomienie i pokazanie efekt\u00f3w zajmuje oko\u0142o 1-2 godzin.<\/p>\n<p>Gdzie mog\u0119 kupi\u0107 Nepalese Stick Hash w Internecie?<\/p>\n<p>Mo\u017cesz kupi\u0107 na naszej stronie internetowej \u015bwie\u017co przygotowany nepalski hasz w sztyfcie, zapewniamy wysokiej jako\u015bci i niezwykle mocny haszysz. S\u0105 one produkowane w naturalny spos\u00f3b w Nepalu. Mo\u017cesz je kupi\u0107 w rozs\u0105dnej cenie i szybko je otrzyma\u0107.<\/p>\n","protected":false},"excerpt":{"rendered":"<p>Kup Nepalese Stick Hash Online J\u0119zyk nepalski odnosi si\u0119 do ka\u017cdej odmiany, kt\u00f3ra naiwnie ro\u015bnie w regionie Nepalu. Zam\u00f3w chwasty online, te rodzime odmiany.<\/p>\n","protected":false},"featured_media":4730,"comment_status":"open","ping_status":"closed","template":"","meta":[],"product_brand":[],"product_cat":[610],"product_tag":[],"class_list":{"0":"post-4717","1":"product","2":"type-product","3":"status-publish","4":"has-post-thumbnail","6":"product_cat-kup-hasz-haszysz","8":"first","9":"instock","10":"shipping-taxable","11":"purchasable","12":"product-type-variable","13":"has-default-attributes"},"yoast_head":"<!-- This site is optimized with the Yoast SEO plugin v27.3 - https:\/\/yoast.com\/product\/yoast-seo-wordpress\/ -->\n<title>Kup nepalski hasz w sztyfcie \u2014 najlepsze leki na \u015bwiecie<\/title>\n<meta name=\"description\" content=\"Kup Nepalese Stick Hash Online Termin \u201enepalski\u201d odnosi si\u0119 do ka\u017cdego szczepu, kt\u00f3ry naiwnie ro\u015bnie w regionie Nepalu. Zam\u00f3w chwasty online, te rodzime odmiany.\" \/>\n<meta name=\"robots\" content=\"index, follow, max-snippet:-1, max-image-preview:large, max-video-preview:-1\" \/>\n<link rel=\"canonical\" href=\"https:\/\/medicinasinc.com\/pl\/product\/kup-nepalski-kij-hasz\/\" \/>\n<meta property=\"og:locale\" content=\"en_US\" \/>\n<meta property=\"og:type\" content=\"article\" \/>\n<meta property=\"og:title\" content=\"Kup nepalski hasz w sztyfcie \u2014 najlepsze leki na \u015bwiecie\" \/>\n<meta property=\"og:description\" content=\"Kup Nepalese Stick Hash Online Termin \u201enepalski\u201d odnosi si\u0119 do ka\u017cdego szczepu, kt\u00f3ry naiwnie ro\u015bnie w regionie Nepalu. Zam\u00f3w chwasty online, te rodzime odmiany.\" \/>\n<meta property=\"og:url\" content=\"https:\/\/medicinasinc.com\/pl\/product\/kup-nepalski-kij-hasz\/\" \/>\n<meta property=\"og:site_name\" content=\"Medicinas Inc\" \/>\n<meta property=\"article:modified_time\" content=\"2022-03-22T01:14:44+00:00\" \/>\n<meta property=\"og:image\" content=\"https:\/\/medicinasinc.com\/pl\/wp-content\/uploads\/sites\/13\/2022\/02\/Buy-Nepalese-Stick-Hash.jpg\" \/>\n\t<meta property=\"og:image:width\" content=\"600\" \/>\n\t<meta property=\"og:image:height\" content=\"600\" \/>\n\t<meta property=\"og:image:type\" content=\"image\/jpeg\" \/>\n<meta name=\"twitter:card\" content=\"summary_large_image\" \/>\n<meta name=\"twitter:label1\" content=\"Est. reading time\" \/>\n\t<meta name=\"twitter:data1\" content=\"2 minutes\" \/>\n<script type=\"application\/ld+json\" class=\"yoast-schema-graph\">{\"@context\":\"https:\\\/\\\/schema.org\",\"@graph\":[{\"@type\":\"WebPage\",\"@id\":\"https:\\\/\\\/medicinasinc.com\\\/pl\\\/product\\\/kup-nepalski-kij-hasz\\\/\",\"url\":\"https:\\\/\\\/medicinasinc.com\\\/pl\\\/product\\\/kup-nepalski-kij-hasz\\\/\",\"name\":\"Kup nepalski hasz w sztyfcie \u2014 najlepsze leki na \u015bwiecie\",\"isPartOf\":{\"@id\":\"https:\\\/\\\/medicinasinc.com\\\/pl\\\/#website\"},\"primaryImageOfPage\":{\"@id\":\"https:\\\/\\\/medicinasinc.com\\\/pl\\\/product\\\/kup-nepalski-kij-hasz\\\/#primaryimage\"},\"image\":{\"@id\":\"https:\\\/\\\/medicinasinc.com\\\/pl\\\/product\\\/kup-nepalski-kij-hasz\\\/#primaryimage\"},\"thumbnailUrl\":\"https:\\\/\\\/medicinasinc.com\\\/pl\\\/wp-content\\\/uploads\\\/sites\\\/13\\\/2022\\\/02\\\/Buy-Nepalese-Stick-Hash.jpg\",\"datePublished\":\"2022-02-20T15:05:15+00:00\",\"dateModified\":\"2022-03-22T01:14:44+00:00\",\"description\":\"Kup Nepalese Stick Hash Online Termin \u201enepalski\u201d odnosi si\u0119 do ka\u017cdego szczepu, kt\u00f3ry naiwnie ro\u015bnie w regionie Nepalu. Zam\u00f3w chwasty online, te rodzime odmiany.\",\"breadcrumb\":{\"@id\":\"https:\\\/\\\/medicinasinc.com\\\/pl\\\/product\\\/kup-nepalski-kij-hasz\\\/#breadcrumb\"},\"inLanguage\":\"en-US\",\"potentialAction\":[{\"@type\":\"ReadAction\",\"target\":[\"https:\\\/\\\/medicinasinc.com\\\/pl\\\/product\\\/kup-nepalski-kij-hasz\\\/\"]}]},{\"@type\":\"ImageObject\",\"inLanguage\":\"en-US\",\"@id\":\"https:\\\/\\\/medicinasinc.com\\\/pl\\\/product\\\/kup-nepalski-kij-hasz\\\/#primaryimage\",\"url\":\"https:\\\/\\\/medicinasinc.com\\\/pl\\\/wp-content\\\/uploads\\\/sites\\\/13\\\/2022\\\/02\\\/Buy-Nepalese-Stick-Hash.jpg\",\"contentUrl\":\"https:\\\/\\\/medicinasinc.com\\\/pl\\\/wp-content\\\/uploads\\\/sites\\\/13\\\/2022\\\/02\\\/Buy-Nepalese-Stick-Hash.jpg\",\"width\":600,\"height\":600},{\"@type\":\"BreadcrumbList\",\"@id\":\"https:\\\/\\\/medicinasinc.com\\\/pl\\\/product\\\/kup-nepalski-kij-hasz\\\/#breadcrumb\",\"itemListElement\":[{\"@type\":\"ListItem\",\"position\":1,\"name\":\"Sklep\",\"item\":\"https:\\\/\\\/medicinasinc.com\\\/pl\\\/sklep\\\/\"},{\"@type\":\"ListItem\",\"position\":2,\"name\":\"Kup nepalski hasz w sztyfcie\"}]},{\"@type\":\"WebSite\",\"@id\":\"https:\\\/\\\/medicinasinc.com\\\/pl\\\/#website\",\"url\":\"https:\\\/\\\/medicinasinc.com\\\/pl\\\/\",\"name\":\"Medicinas Inc\",\"description\":\"Health Medical Clinic\",\"potentialAction\":[{\"@type\":\"SearchAction\",\"target\":{\"@type\":\"EntryPoint\",\"urlTemplate\":\"https:\\\/\\\/medicinasinc.com\\\/pl\\\/?s={search_term_string}\"},\"query-input\":{\"@type\":\"PropertyValueSpecification\",\"valueRequired\":true,\"valueName\":\"search_term_string\"}}],\"inLanguage\":\"en-US\"}]}<\/script>\n<!-- \/ Yoast SEO plugin. -->","yoast_head_json":{"title":"Kup nepalski hasz w sztyfcie \u2014 najlepsze leki na \u015bwiecie","description":"Kup Nepalese Stick Hash Online Termin \u201enepalski\u201d odnosi si\u0119 do ka\u017cdego szczepu, kt\u00f3ry naiwnie ro\u015bnie w regionie Nepalu. Zam\u00f3w chwasty online, te rodzime odmiany.","robots":{"index":"index","follow":"follow","max-snippet":"max-snippet:-1","max-image-preview":"max-image-preview:large","max-video-preview":"max-video-preview:-1"},"canonical":"https:\/\/medicinasinc.com\/pl\/product\/kup-nepalski-kij-hasz\/","og_locale":"en_US","og_type":"article","og_title":"Kup nepalski hasz w sztyfcie \u2014 najlepsze leki na \u015bwiecie","og_description":"Kup Nepalese Stick Hash Online Termin \u201enepalski\u201d odnosi si\u0119 do ka\u017cdego szczepu, kt\u00f3ry naiwnie ro\u015bnie w regionie Nepalu. Zam\u00f3w chwasty online, te rodzime odmiany.","og_url":"https:\/\/medicinasinc.com\/pl\/product\/kup-nepalski-kij-hasz\/","og_site_name":"Medicinas Inc","article_modified_time":"2022-03-22T01:14:44+00:00","og_image":[{"width":600,"height":600,"url":"https:\/\/medicinasinc.com\/pl\/wp-content\/uploads\/sites\/13\/2022\/02\/Buy-Nepalese-Stick-Hash.jpg","type":"image\/jpeg"}],"twitter_card":"summary_large_image","twitter_misc":{"Est. reading time":"2 minutes"},"schema":{"@context":"https:\/\/schema.org","@graph":[{"@type":"WebPage","@id":"https:\/\/medicinasinc.com\/pl\/product\/kup-nepalski-kij-hasz\/","url":"https:\/\/medicinasinc.com\/pl\/product\/kup-nepalski-kij-hasz\/","name":"Kup nepalski hasz w sztyfcie \u2014 najlepsze leki na \u015bwiecie","isPartOf":{"@id":"https:\/\/medicinasinc.com\/pl\/#website"},"primaryImageOfPage":{"@id":"https:\/\/medicinasinc.com\/pl\/product\/kup-nepalski-kij-hasz\/#primaryimage"},"image":{"@id":"https:\/\/medicinasinc.com\/pl\/product\/kup-nepalski-kij-hasz\/#primaryimage"},"thumbnailUrl":"https:\/\/medicinasinc.com\/pl\/wp-content\/uploads\/sites\/13\/2022\/02\/Buy-Nepalese-Stick-Hash.jpg","datePublished":"2022-02-20T15:05:15+00:00","dateModified":"2022-03-22T01:14:44+00:00","description":"Kup Nepalese Stick Hash Online Termin \u201enepalski\u201d odnosi si\u0119 do ka\u017cdego szczepu, kt\u00f3ry naiwnie ro\u015bnie w regionie Nepalu. Zam\u00f3w chwasty online, te rodzime odmiany.","breadcrumb":{"@id":"https:\/\/medicinasinc.com\/pl\/product\/kup-nepalski-kij-hasz\/#breadcrumb"},"inLanguage":"en-US","potentialAction":[{"@type":"ReadAction","target":["https:\/\/medicinasinc.com\/pl\/product\/kup-nepalski-kij-hasz\/"]}]},{"@type":"ImageObject","inLanguage":"en-US","@id":"https:\/\/medicinasinc.com\/pl\/product\/kup-nepalski-kij-hasz\/#primaryimage","url":"https:\/\/medicinasinc.com\/pl\/wp-content\/uploads\/sites\/13\/2022\/02\/Buy-Nepalese-Stick-Hash.jpg","contentUrl":"https:\/\/medicinasinc.com\/pl\/wp-content\/uploads\/sites\/13\/2022\/02\/Buy-Nepalese-Stick-Hash.jpg","width":600,"height":600},{"@type":"BreadcrumbList","@id":"https:\/\/medicinasinc.com\/pl\/product\/kup-nepalski-kij-hasz\/#breadcrumb","itemListElement":[{"@type":"ListItem","position":1,"name":"Sklep","item":"https:\/\/medicinasinc.com\/pl\/sklep\/"},{"@type":"ListItem","position":2,"name":"Kup nepalski hasz w sztyfcie"}]},{"@type":"WebSite","@id":"https:\/\/medicinasinc.com\/pl\/#website","url":"https:\/\/medicinasinc.com\/pl\/","name":"Medicinas Inc","description":"Health Medical Clinic","potentialAction":[{"@type":"SearchAction","target":{"@type":"EntryPoint","urlTemplate":"https:\/\/medicinasinc.com\/pl\/?s={search_term_string}"},"query-input":{"@type":"PropertyValueSpecification","valueRequired":true,"valueName":"search_term_string"}}],"inLanguage":"en-US"}]}},"_links":{"self":[{"href":"https:\/\/medicinasinc.com\/pl\/wp-json\/wp\/v2\/product\/4717","targetHints":{"allow":["GET"]}}],"collection":[{"href":"https:\/\/medicinasinc.com\/pl\/wp-json\/wp\/v2\/product"}],"about":[{"href":"https:\/\/medicinasinc.com\/pl\/wp-json\/wp\/v2\/types\/product"}],"replies":[{"embeddable":true,"href":"https:\/\/medicinasinc.com\/pl\/wp-json\/wp\/v2\/comments?post=4717"}],"wp:featuredmedia":[{"embeddable":true,"href":"https:\/\/medicinasinc.com\/pl\/wp-json\/wp\/v2\/media\/4730"}],"wp:attachment":[{"href":"https:\/\/medicinasinc.com\/pl\/wp-json\/wp\/v2\/media?parent=4717"}],"wp:term":[{"taxonomy":"product_brand","embeddable":true,"href":"https:\/\/medicinasinc.com\/pl\/wp-json\/wp\/v2\/product_brand?post=4717"},{"taxonomy":"product_cat","embeddable":true,"href":"https:\/\/medicinasinc.com\/pl\/wp-json\/wp\/v2\/product_cat?post=4717"},{"taxonomy":"product_tag","embeddable":true,"href":"https:\/\/medicinasinc.com\/pl\/wp-json\/wp\/v2\/product_tag?post=4717"}],"curies":[{"name":"wp","href":"https:\/\/api.w.org\/{rel}","templated":true}]}}