{"id":4716,"date":"2022-02-20T15:05:01","date_gmt":"2022-02-20T15:05:01","guid":{"rendered":"https:\/\/medicinasinc.com\/pl\/?post_type=product&#038;p=4716"},"modified":"2022-03-22T01:14:58","modified_gmt":"2022-03-22T01:14:58","slug":"kup-nederhash-haszysz","status":"publish","type":"product","link":"https:\/\/medicinasinc.com\/pl\/product\/kup-nederhash-haszysz\/","title":{"rendered":"Kup haszysz Nederhash"},"content":{"rendered":"<p>Zakup online haszyszu Nederhash<\/p>\n<p>Czym dok\u0142adnie jest hasz? Haszysz jest pozyskiwany z ro\u015blin konopi uprawianych w Holandii. Ro\u015bliny s\u0105 zwykle uprawiane w pomieszczeniach, ale istnieje r\u00f3wnie\u017c kilka projekt\u00f3w na zewn\u0105trz i szklarni. Generacja: Techniki monta\u017cu r\u00f3\u017cni\u0105 si\u0119 w zale\u017cno\u015bci od producenta. Podczas gdy wi\u0119kszo\u015b\u0107 haszyszu jest dostarczana poprzez przesiewanie, jak ma to miejsce w Maroku, niewielka ilo\u015b\u0107 r\u0119cznie czyszczonego haszyszu jest r\u00f3wnie\u017c produkowana przy u\u017cyciu strategii afga\u0144skiej (kt\u00f3ra oczywi\u015bcie jest znacznie ulepszona). W ka\u017cdym razie w haszyszu zmieniana jest tylko \u015bladowa ilo\u015b\u0107 chwast\u00f3w. Cieniowanie: Generalnie bardzo zielone, ale zale\u017cy to od rodzaju u\u017cytego chwastu i producenta. Zapach: typowo trawiasty lub skunkowaty, ale zale\u017cy to od rodzaju chwast\u00f3w. Smak: Identyczny z podanym wcze\u015bniej. Sp\u00f3jno\u015b\u0107: Du\u017ca cz\u0119\u015b\u0107 holenderskiego haszyszu nie jest precyzyjnie wyciskana (jest to jako\u015b\u0107 wykonania), a pyski s\u0105 zazwyczaj zbyt skutecznie oddzielane. W ka\u017cdym razie konsystencja poprawi\u0142a si\u0119 ostatnio i wydaje si\u0119, \u017ce szybko si\u0119 dostosowuj\u0105. Oczywi\u015bcie poprzednik nie odnosi si\u0119 do r\u0119cznie czyszczonego haszyszu, kt\u00f3ry jest niezwykle delikatny, podobny do Afghani. Zazwyczaj haszysz sk\u0142ada si\u0119 z kobiecych g\u0142\u00f3w, kt\u00f3re zosta\u0142y zmia\u017cd\u017cone i \u015bci\u015bni\u0119te pod ogromnym obci\u0105\u017ceniem, aby stworzy\u0107 siln\u0105 nieregularno\u015b\u0107, kt\u00f3ra ca\u0142kowicie si\u0119 pudruje. Rodzaj haju r\u00f3\u017cni si\u0119 w zale\u017cno\u015bci od u\u017cytej odmiany chwast\u00f3w, ale w wi\u0119kszo\u015bci haj jest bardzo dynamiczny i m\u00f3zgowy. Intensywno\u015b\u0107: od silnego do pot\u0119\u017cnego, ten materia\u0142 przewy\u017csza wszelkie inne rodzaje haszu dost\u0119pne dla przeci\u0119tnego u\u017cytkownika. Przewy\u017csza nawet wi\u0119kszo\u015b\u0107 Nepalczyk\u00f3w i prawie ka\u017cdego \u017cyczliwego Afga\u0144czyka. (Zawiera do 59 procent THC) Dost\u0119pno\u015b\u0107: Niezwykle rzadka poza Holandi\u0105 i s\u0105siednimi krajami. Nie wstrzymywa\u0142bym oddechu, czekaj\u0105c, a\u017c pojawi si\u0119 to na rynku brytyjskim. Og\u00f3lnie jako\u015b\u0107 jest r\u00f3\u017cna, ale koszt jest zawsze wysoki. Nie ma standardowej klasyfikacji haszyszu holenderskiego. Sensi-Hash to nazwa nadana niezwyk\u0142emu proszkowi, kt\u00f3ry jest zasadniczo bardzo g\u0119sto upakowanymi klejnotami THC.<\/p>\n<p>Jak powstaje hasz?<\/p>\n<p>Wi\u0119kszo\u015b\u0107 haszyszu jest wytwarzana przez pocieranie suszonych ro\u015blin przeciwko bardzo drobnej siatce. Nast\u0119pnie trichomy wpadaj\u0105 przez sito, oddzielaj\u0105c je od materia\u0142u ro\u015blinnego. Gruczo\u0142y \u017cywiczne s\u0105 nast\u0119pnie podgrzewane i kompresowane, aby utworzy\u0107 sp\u00f3jn\u0105 mas\u0119 haszyszu.<\/p>\n<p>Haszysz kontra marihuana?<\/p>\n<p>Na pocz\u0105tek oczywistym zwi\u0105zkiem mi\u0119dzy marihuan\u0105 a haszyszem jest to, \u017ce oba pochodz\u0105 z tej samej ro\u015bliny konopi. Jak zapewne ju\u017c wiesz, doniczka to kwiatowy p\u0105czek \u017ce\u0144skiej ro\u015bliny konopi. Ziele haszyszowe sk\u0142ada si\u0119 z tych samych p\u0105k\u00f3w co marihuana, ale jest inaczej przetwarzane. Podczas gdy ro\u015blina konopi jest w pe\u0142nym rozkwicie, p\u0105ki kwiatowe s\u0105 zbierane, a rolnik porusza si\u0119 w jednym z dw\u00f3ch kierunk\u00f3w. W przypadku haszyszu kwiaty b\u0119d\u0105 wieszane do wyschni\u0119cia. Otrzymany produkt to ro\u015blina, kt\u00f3r\u0105 wszyscy znamy po usuni\u0119ciu ka\u017cdego nasiona, wiosny i nadmiaru li\u015bci. To, czy wolisz marihuan\u0119, czy haszysz, zale\u017cy wy\u0142\u0105cznie od Ciebie, ale jedynym sposobem na uzyskanie dost\u0119pu do wszystkich korzy\u015bci p\u0142yn\u0105cych z konopi jest osobista edukacja. Przeprowad\u017a badania przed paleniem i jak zawsze subskrybuj nasz biuletyn, aby uzyska\u0107 dodatkowe porady i wskaz\u00f3wki!<\/p>\n<p>Czym dok\u0142adnie jest haszysz?<\/p>\n<p>Co to jest haszysz? Haszysz, alternatywnie okre\u015blany jako \u201ehaszysz\u201d, to rodzaj p\u0105k\u00f3w marihuany stworzony przez kompresj\u0119 i przetwarzanie w\u0142osk\u00f3w ro\u015bliny konopi. Zwykle pali si\u0119 go z fajki, bonga, waporyzatora lub jointa, ale mo\u017cna go r\u00f3wnie\u017c spo\u017cywa\u0107 doustnie. Jak powstaje haszysz? Zakup online Nederhash Hashish, haszysz jest wytwarzany przez oddzielenie tych w\u0142osk\u00f3w od p\u0105czk\u00f3w, li\u015bci i \u0142odyg ro\u015bliny oraz podgrzanie\/prasowanie ich w celu uzyskania silnej substancji.<\/p>\n<p>Jak skr\u0119ci\u0107 jointa z haszyszem?<\/p>\n<p>Po\u0142\u0105cz go z traw\u0105 i tytoniem w spliffie. Je\u015bli masz suchy klocek, mo\u017cesz go po prostu zmia\u017cd\u017cy\u0107 lub od\u0142ama\u0107 ma\u0142e kamyki i w\u0142\u0105czy\u0107 do wsp\u00f3lnego walcowania. Po\u0142\u0105cz go z tytoniem lub marihuan\u0105. Druga metoda zak\u0142ada intensywniejszy haj, kt\u00f3rego prawdopodobnie b\u0119dziesz poszukiwa\u0107 je\u015bli jeste\u015b poszukiwaczem przyg\u00f3d. Najlepszym sposobem na zrolowanie haszyszu jest rozbicie haszu i po\u0142\u0105czenie go z traw\u0105. To naprawd\u0119 najlepszy spos\u00f3b na palenie haszyszu, poniewa\u017c \u0142atwo si\u0119 nim dzieli\u0107, a smak haszyszu wzmacnia doobie. Czy haszysz jest legalny w Stanach Zjednoczonych? Chocia\u017c sprzeda\u017c konopi zosta\u0142a zakazana w 1989 roku, przepisy s\u0105 rzadko egzekwowane, a narkotyk jest otwarcie sprzedawany w wielu cz\u0119\u015bciach kraju. Barbados, legalne do u\u017cytku duchowego przez zarejestrowane organizacje religijne<\/p>\n<p>Jakie s\u0105 skutki haszyszu?<\/p>\n<p>W kr\u00f3tkim okresie u\u017cywanie haszyszu mo\u017ce powodowa\u0107 trudno\u015bci z pami\u0119ci\u0105 i uczeniem si\u0119; zniekszta\u0142cona percepcja (obrazy, d\u017awi\u0119ki, czas, dotyk); trudno\u015bci w my\u015bleniu i rozwi\u0105zywaniu problem\u00f3w; utrata koordynacji; oraz zwi\u0119kszone t\u0119tno, niepok\u00f3j i ataki paniki. Ze wzgl\u0119du na wysokie st\u0119\u017cenie THC w haszyszu i innych koncentratach, efekty mog\u0105 by\u0107 bardziej intensywne.<\/p>\n<p>Hasz b\u0105belkowy to koncentrat konopny sk\u0142adaj\u0105cy si\u0119 z tysi\u0119cy trichom\u00f3w lub gruczo\u0142\u00f3w \u017cywicznych, kt\u00f3re zosta\u0142y wyekstrahowane z ro\u015blina za pomoc\u0105 lodowatej wody, mieszania i sita. Termin \u201eb\u0105belkowy hasz\u201d odnosi si\u0119 do sposobu, w jaki b\u0105belki s\u0105 wystawione na dzia\u0142anie p\u0142omieni. Dodatkowo torby u\u017cywane do robienia go w domu s\u0105 okre\u015blane jako \u201eworki b\u0105belkowe\u201d.<\/p>\n<p>Hash Plant, klasyk Sensi Seeds, pozostaje kompaktowy przez ca\u0142y jej ultrakr\u00f3tki okres kwitnienia. Ten 90% produkt indyjski jest wynikiem drobiazgowej selekcji genetycznej, kt\u00f3ra obejmowa\u0142a krzy\u017cowanie enigmatycznej ro\u015bliny haszyszu ze Stan\u00f3w Zjednoczonych z zorz\u0105 polarn\u0105.<\/p>\n","protected":false},"excerpt":{"rendered":"<p>Zakup online Nederhash Hashish,\u00a0 Kupuj medyczn\u0105 marihuan\u0119 w Niemczech Gdzie mog\u0119 kupi\u0107 nielegalne narkotyki online? Apteki internetowe w pobli\u017cu Sprzeda\u017c lek\u00f3w w ciemnej sieci.<\/p>\n<p>&nbsp;<\/p>\n","protected":false},"featured_media":4728,"comment_status":"open","ping_status":"closed","template":"","meta":[],"product_brand":[],"product_cat":[610],"product_tag":[],"class_list":{"0":"post-4716","1":"product","2":"type-product","3":"status-publish","4":"has-post-thumbnail","6":"product_cat-kup-hasz-haszysz","8":"first","9":"instock","10":"shipping-taxable","11":"purchasable","12":"product-type-variable","13":"has-default-attributes"},"yoast_head":"<!-- This site is optimized with the Yoast SEO plugin v27.3 - https:\/\/yoast.com\/product\/yoast-seo-wordpress\/ -->\n<title>Kup haszysz Nederhash \u2014 najlepsze leki na \u015bwiecie<\/title>\n<meta name=\"description\" content=\"Kup Nederhash Hashish Online Kup medyczne chwasty w Niemczech Gdzie kupi\u0107 nielegalne narkotyki w Internecie Leki na sprzeda\u017c w pobli\u017cu mnie Leki ze sprzeda\u017cy w ciemnej sieci.\" \/>\n<meta name=\"robots\" content=\"index, follow, max-snippet:-1, max-image-preview:large, max-video-preview:-1\" \/>\n<link rel=\"canonical\" href=\"https:\/\/medicinasinc.com\/pl\/product\/kup-nederhash-haszysz\/\" \/>\n<meta property=\"og:locale\" content=\"en_US\" \/>\n<meta property=\"og:type\" content=\"article\" \/>\n<meta property=\"og:title\" content=\"Kup haszysz Nederhash \u2014 najlepsze leki na \u015bwiecie\" \/>\n<meta property=\"og:description\" content=\"Kup Nederhash Hashish Online Kup medyczne chwasty w Niemczech Gdzie kupi\u0107 nielegalne narkotyki w Internecie Leki na sprzeda\u017c w pobli\u017cu mnie Leki ze sprzeda\u017cy w ciemnej sieci.\" \/>\n<meta property=\"og:url\" content=\"https:\/\/medicinasinc.com\/pl\/product\/kup-nederhash-haszysz\/\" \/>\n<meta property=\"og:site_name\" content=\"Medicinas Inc\" \/>\n<meta property=\"article:modified_time\" content=\"2022-03-22T01:14:58+00:00\" \/>\n<meta property=\"og:image\" content=\"https:\/\/medicinasinc.com\/pl\/wp-content\/uploads\/sites\/13\/2022\/02\/Buy-Nederhash-Hashish-Online.jpg\" \/>\n\t<meta property=\"og:image:width\" content=\"600\" \/>\n\t<meta property=\"og:image:height\" content=\"600\" \/>\n\t<meta property=\"og:image:type\" content=\"image\/jpeg\" \/>\n<meta name=\"twitter:card\" content=\"summary_large_image\" \/>\n<meta name=\"twitter:label1\" content=\"Est. reading time\" \/>\n\t<meta name=\"twitter:data1\" content=\"4 minutes\" \/>\n<script type=\"application\/ld+json\" class=\"yoast-schema-graph\">{\"@context\":\"https:\\\/\\\/schema.org\",\"@graph\":[{\"@type\":\"WebPage\",\"@id\":\"https:\\\/\\\/medicinasinc.com\\\/pl\\\/product\\\/kup-nederhash-haszysz\\\/\",\"url\":\"https:\\\/\\\/medicinasinc.com\\\/pl\\\/product\\\/kup-nederhash-haszysz\\\/\",\"name\":\"Kup haszysz Nederhash \u2014 najlepsze leki na \u015bwiecie\",\"isPartOf\":{\"@id\":\"https:\\\/\\\/medicinasinc.com\\\/pl\\\/#website\"},\"primaryImageOfPage\":{\"@id\":\"https:\\\/\\\/medicinasinc.com\\\/pl\\\/product\\\/kup-nederhash-haszysz\\\/#primaryimage\"},\"image\":{\"@id\":\"https:\\\/\\\/medicinasinc.com\\\/pl\\\/product\\\/kup-nederhash-haszysz\\\/#primaryimage\"},\"thumbnailUrl\":\"https:\\\/\\\/medicinasinc.com\\\/pl\\\/wp-content\\\/uploads\\\/sites\\\/13\\\/2022\\\/02\\\/Buy-Nederhash-Hashish-Online.jpg\",\"datePublished\":\"2022-02-20T15:05:01+00:00\",\"dateModified\":\"2022-03-22T01:14:58+00:00\",\"description\":\"Kup Nederhash Hashish Online Kup medyczne chwasty w Niemczech Gdzie kupi\u0107 nielegalne narkotyki w Internecie Leki na sprzeda\u017c w pobli\u017cu mnie Leki ze sprzeda\u017cy w ciemnej sieci.\",\"breadcrumb\":{\"@id\":\"https:\\\/\\\/medicinasinc.com\\\/pl\\\/product\\\/kup-nederhash-haszysz\\\/#breadcrumb\"},\"inLanguage\":\"en-US\",\"potentialAction\":[{\"@type\":\"ReadAction\",\"target\":[\"https:\\\/\\\/medicinasinc.com\\\/pl\\\/product\\\/kup-nederhash-haszysz\\\/\"]}]},{\"@type\":\"ImageObject\",\"inLanguage\":\"en-US\",\"@id\":\"https:\\\/\\\/medicinasinc.com\\\/pl\\\/product\\\/kup-nederhash-haszysz\\\/#primaryimage\",\"url\":\"https:\\\/\\\/medicinasinc.com\\\/pl\\\/wp-content\\\/uploads\\\/sites\\\/13\\\/2022\\\/02\\\/Buy-Nederhash-Hashish-Online.jpg\",\"contentUrl\":\"https:\\\/\\\/medicinasinc.com\\\/pl\\\/wp-content\\\/uploads\\\/sites\\\/13\\\/2022\\\/02\\\/Buy-Nederhash-Hashish-Online.jpg\",\"width\":600,\"height\":600},{\"@type\":\"BreadcrumbList\",\"@id\":\"https:\\\/\\\/medicinasinc.com\\\/pl\\\/product\\\/kup-nederhash-haszysz\\\/#breadcrumb\",\"itemListElement\":[{\"@type\":\"ListItem\",\"position\":1,\"name\":\"Sklep\",\"item\":\"https:\\\/\\\/medicinasinc.com\\\/pl\\\/sklep\\\/\"},{\"@type\":\"ListItem\",\"position\":2,\"name\":\"Kup haszysz Nederhash\"}]},{\"@type\":\"WebSite\",\"@id\":\"https:\\\/\\\/medicinasinc.com\\\/pl\\\/#website\",\"url\":\"https:\\\/\\\/medicinasinc.com\\\/pl\\\/\",\"name\":\"Medicinas Inc\",\"description\":\"Health Medical Clinic\",\"potentialAction\":[{\"@type\":\"SearchAction\",\"target\":{\"@type\":\"EntryPoint\",\"urlTemplate\":\"https:\\\/\\\/medicinasinc.com\\\/pl\\\/?s={search_term_string}\"},\"query-input\":{\"@type\":\"PropertyValueSpecification\",\"valueRequired\":true,\"valueName\":\"search_term_string\"}}],\"inLanguage\":\"en-US\"}]}<\/script>\n<!-- \/ Yoast SEO plugin. -->","yoast_head_json":{"title":"Kup haszysz Nederhash \u2014 najlepsze leki na \u015bwiecie","description":"Kup Nederhash Hashish Online Kup medyczne chwasty w Niemczech Gdzie kupi\u0107 nielegalne narkotyki w Internecie Leki na sprzeda\u017c w pobli\u017cu mnie Leki ze sprzeda\u017cy w ciemnej sieci.","robots":{"index":"index","follow":"follow","max-snippet":"max-snippet:-1","max-image-preview":"max-image-preview:large","max-video-preview":"max-video-preview:-1"},"canonical":"https:\/\/medicinasinc.com\/pl\/product\/kup-nederhash-haszysz\/","og_locale":"en_US","og_type":"article","og_title":"Kup haszysz Nederhash \u2014 najlepsze leki na \u015bwiecie","og_description":"Kup Nederhash Hashish Online Kup medyczne chwasty w Niemczech Gdzie kupi\u0107 nielegalne narkotyki w Internecie Leki na sprzeda\u017c w pobli\u017cu mnie Leki ze sprzeda\u017cy w ciemnej sieci.","og_url":"https:\/\/medicinasinc.com\/pl\/product\/kup-nederhash-haszysz\/","og_site_name":"Medicinas Inc","article_modified_time":"2022-03-22T01:14:58+00:00","og_image":[{"width":600,"height":600,"url":"https:\/\/medicinasinc.com\/pl\/wp-content\/uploads\/sites\/13\/2022\/02\/Buy-Nederhash-Hashish-Online.jpg","type":"image\/jpeg"}],"twitter_card":"summary_large_image","twitter_misc":{"Est. reading time":"4 minutes"},"schema":{"@context":"https:\/\/schema.org","@graph":[{"@type":"WebPage","@id":"https:\/\/medicinasinc.com\/pl\/product\/kup-nederhash-haszysz\/","url":"https:\/\/medicinasinc.com\/pl\/product\/kup-nederhash-haszysz\/","name":"Kup haszysz Nederhash \u2014 najlepsze leki na \u015bwiecie","isPartOf":{"@id":"https:\/\/medicinasinc.com\/pl\/#website"},"primaryImageOfPage":{"@id":"https:\/\/medicinasinc.com\/pl\/product\/kup-nederhash-haszysz\/#primaryimage"},"image":{"@id":"https:\/\/medicinasinc.com\/pl\/product\/kup-nederhash-haszysz\/#primaryimage"},"thumbnailUrl":"https:\/\/medicinasinc.com\/pl\/wp-content\/uploads\/sites\/13\/2022\/02\/Buy-Nederhash-Hashish-Online.jpg","datePublished":"2022-02-20T15:05:01+00:00","dateModified":"2022-03-22T01:14:58+00:00","description":"Kup Nederhash Hashish Online Kup medyczne chwasty w Niemczech Gdzie kupi\u0107 nielegalne narkotyki w Internecie Leki na sprzeda\u017c w pobli\u017cu mnie Leki ze sprzeda\u017cy w ciemnej sieci.","breadcrumb":{"@id":"https:\/\/medicinasinc.com\/pl\/product\/kup-nederhash-haszysz\/#breadcrumb"},"inLanguage":"en-US","potentialAction":[{"@type":"ReadAction","target":["https:\/\/medicinasinc.com\/pl\/product\/kup-nederhash-haszysz\/"]}]},{"@type":"ImageObject","inLanguage":"en-US","@id":"https:\/\/medicinasinc.com\/pl\/product\/kup-nederhash-haszysz\/#primaryimage","url":"https:\/\/medicinasinc.com\/pl\/wp-content\/uploads\/sites\/13\/2022\/02\/Buy-Nederhash-Hashish-Online.jpg","contentUrl":"https:\/\/medicinasinc.com\/pl\/wp-content\/uploads\/sites\/13\/2022\/02\/Buy-Nederhash-Hashish-Online.jpg","width":600,"height":600},{"@type":"BreadcrumbList","@id":"https:\/\/medicinasinc.com\/pl\/product\/kup-nederhash-haszysz\/#breadcrumb","itemListElement":[{"@type":"ListItem","position":1,"name":"Sklep","item":"https:\/\/medicinasinc.com\/pl\/sklep\/"},{"@type":"ListItem","position":2,"name":"Kup haszysz Nederhash"}]},{"@type":"WebSite","@id":"https:\/\/medicinasinc.com\/pl\/#website","url":"https:\/\/medicinasinc.com\/pl\/","name":"Medicinas Inc","description":"Health Medical Clinic","potentialAction":[{"@type":"SearchAction","target":{"@type":"EntryPoint","urlTemplate":"https:\/\/medicinasinc.com\/pl\/?s={search_term_string}"},"query-input":{"@type":"PropertyValueSpecification","valueRequired":true,"valueName":"search_term_string"}}],"inLanguage":"en-US"}]}},"_links":{"self":[{"href":"https:\/\/medicinasinc.com\/pl\/wp-json\/wp\/v2\/product\/4716","targetHints":{"allow":["GET"]}}],"collection":[{"href":"https:\/\/medicinasinc.com\/pl\/wp-json\/wp\/v2\/product"}],"about":[{"href":"https:\/\/medicinasinc.com\/pl\/wp-json\/wp\/v2\/types\/product"}],"replies":[{"embeddable":true,"href":"https:\/\/medicinasinc.com\/pl\/wp-json\/wp\/v2\/comments?post=4716"}],"wp:featuredmedia":[{"embeddable":true,"href":"https:\/\/medicinasinc.com\/pl\/wp-json\/wp\/v2\/media\/4728"}],"wp:attachment":[{"href":"https:\/\/medicinasinc.com\/pl\/wp-json\/wp\/v2\/media?parent=4716"}],"wp:term":[{"taxonomy":"product_brand","embeddable":true,"href":"https:\/\/medicinasinc.com\/pl\/wp-json\/wp\/v2\/product_brand?post=4716"},{"taxonomy":"product_cat","embeddable":true,"href":"https:\/\/medicinasinc.com\/pl\/wp-json\/wp\/v2\/product_cat?post=4716"},{"taxonomy":"product_tag","embeddable":true,"href":"https:\/\/medicinasinc.com\/pl\/wp-json\/wp\/v2\/product_tag?post=4716"}],"curies":[{"name":"wp","href":"https:\/\/api.w.org\/{rel}","templated":true}]}}