{"id":4701,"date":"2022-02-20T14:53:39","date_gmt":"2022-02-20T14:53:39","guid":{"rendered":"https:\/\/medicinasinc.com\/pl\/?post_type=product&#038;p=4701"},"modified":"2022-03-22T01:15:08","modified_gmt":"2022-03-22T01:15:08","slug":"kup-marokanski-karamello-hash","status":"publish","type":"product","link":"https:\/\/medicinasinc.com\/pl\/product\/kup-marokanski-karamello-hash\/","title":{"rendered":"Kup maroka\u0144ski hasz karamello"},"content":{"rendered":"<p>Kup Caramello Hash z Maroka<\/p>\n<p>Kup Caramello Hash z Maroka. Maroka\u0144ski Caramello Hash to klon ro\u015bliny haszyszowej. Generalnie jest to legalne i pozostanie legalne do ko\u0144ca czas\u00f3w. Jest wolny od THC, modyfikowanych kannabinoid\u00f3w i innych syntetycznych kannabinoid\u00f3w klasy badawczej (takich jak JWH-018, JWH-073, JWH-250, AM-2209 i tak dalej). Jest to prawie na pewno najlepszy dost\u0119pny legalny hash. U\u017cywamy wy\u0142\u0105cznie naturalnych, bogatych w sk\u0142adniki od\u017cywcze materia\u0142\u00f3w. Wygl\u0105da na to, \u017ce haszysz wygl\u0105da jak haszysz, czuje si\u0119 jak hasz, pachnie konopiami i ma og\u00f3lnie doskona\u0142y smak. Maroka\u0144ski haszysz Caramello Hash jest tylko nieco ciemniejszy ni\u017c nasze inne produkty. Je\u015bli interesuj\u0105 Ci\u0119 nasze produkty, zalecamy najpierw zakup przyk\u0142adowego opakowania. Kupuj legalne leki online.<\/p>\n","protected":false},"excerpt":{"rendered":"<div class=\"woocommerce-product-details__short-description\">\n<p>Maroka\u0144ski hasz karamello jest dost\u0119pny w sprzeda\u017cy online i zawiera 5 g olejku konopnego. Maroka\u0144ski Caramello Hash to ca\u0142kowicie naturalny produkt z konopi.<\/p>\n<p>AKCEPTUJEMY P\u0141ATNO\u015aCI TYLKO PRZEZ WESTERN UNION, MONEY GRAM LUB BTC. Czas dostawy wynosi oko\u0142o trzech dni lub dwudziestu czterech godzin.<\/p>\n<\/p><\/div>\n","protected":false},"featured_media":4714,"comment_status":"open","ping_status":"closed","template":"","meta":[],"product_brand":[],"product_cat":[610],"product_tag":[],"class_list":{"0":"post-4701","1":"product","2":"type-product","3":"status-publish","4":"has-post-thumbnail","6":"product_cat-kup-hasz-haszysz","8":"first","9":"instock","10":"shipping-taxable","11":"purchasable","12":"product-type-variable","13":"has-default-attributes"},"yoast_head":"<!-- This site is optimized with the Yoast SEO plugin v27.3 - https:\/\/yoast.com\/product\/yoast-seo-wordpress\/ -->\n<title>Kup maroka\u0144ski hasz karamello - najlepsze najlepsze leki na \u015bwiecie<\/title>\n<meta name=\"description\" content=\"Kup Maroka\u0144ski Caramello Hash Online, zawiera 5g olejku konopnego. Maroka\u0144ski Caramello Hash to w 100% naturalny haszysz.\" \/>\n<meta name=\"robots\" content=\"index, follow, max-snippet:-1, max-image-preview:large, max-video-preview:-1\" \/>\n<link rel=\"canonical\" href=\"https:\/\/medicinasinc.com\/pl\/product\/kup-marokanski-karamello-hash\/\" \/>\n<meta property=\"og:locale\" content=\"en_US\" \/>\n<meta property=\"og:type\" content=\"article\" \/>\n<meta property=\"og:title\" content=\"Kup maroka\u0144ski hasz karamello - najlepsze najlepsze leki na \u015bwiecie\" \/>\n<meta property=\"og:description\" content=\"Kup Maroka\u0144ski Caramello Hash Online, zawiera 5g olejku konopnego. Maroka\u0144ski Caramello Hash to w 100% naturalny haszysz.\" \/>\n<meta property=\"og:url\" content=\"https:\/\/medicinasinc.com\/pl\/product\/kup-marokanski-karamello-hash\/\" \/>\n<meta property=\"og:site_name\" content=\"Medicinas Inc\" \/>\n<meta property=\"article:modified_time\" content=\"2022-03-22T01:15:08+00:00\" \/>\n<meta property=\"og:image\" content=\"https:\/\/medicinasinc.com\/pl\/wp-content\/uploads\/sites\/13\/2022\/02\/Buy-Moroccan-Caramello-Hash.jpg\" \/>\n\t<meta property=\"og:image:width\" content=\"600\" \/>\n\t<meta property=\"og:image:height\" content=\"600\" \/>\n\t<meta property=\"og:image:type\" content=\"image\/jpeg\" \/>\n<meta name=\"twitter:card\" content=\"summary_large_image\" \/>\n<meta name=\"twitter:label1\" content=\"Est. reading time\" \/>\n\t<meta name=\"twitter:data1\" content=\"1 minute\" \/>\n<script type=\"application\/ld+json\" class=\"yoast-schema-graph\">{\"@context\":\"https:\\\/\\\/schema.org\",\"@graph\":[{\"@type\":\"WebPage\",\"@id\":\"https:\\\/\\\/medicinasinc.com\\\/pl\\\/product\\\/kup-marokanski-karamello-hash\\\/\",\"url\":\"https:\\\/\\\/medicinasinc.com\\\/pl\\\/product\\\/kup-marokanski-karamello-hash\\\/\",\"name\":\"Kup maroka\u0144ski hasz karamello - najlepsze najlepsze leki na \u015bwiecie\",\"isPartOf\":{\"@id\":\"https:\\\/\\\/medicinasinc.com\\\/pl\\\/#website\"},\"primaryImageOfPage\":{\"@id\":\"https:\\\/\\\/medicinasinc.com\\\/pl\\\/product\\\/kup-marokanski-karamello-hash\\\/#primaryimage\"},\"image\":{\"@id\":\"https:\\\/\\\/medicinasinc.com\\\/pl\\\/product\\\/kup-marokanski-karamello-hash\\\/#primaryimage\"},\"thumbnailUrl\":\"https:\\\/\\\/medicinasinc.com\\\/pl\\\/wp-content\\\/uploads\\\/sites\\\/13\\\/2022\\\/02\\\/Buy-Moroccan-Caramello-Hash.jpg\",\"datePublished\":\"2022-02-20T14:53:39+00:00\",\"dateModified\":\"2022-03-22T01:15:08+00:00\",\"description\":\"Kup Maroka\u0144ski Caramello Hash Online, zawiera 5g olejku konopnego. Maroka\u0144ski Caramello Hash to w 100% naturalny haszysz.\",\"breadcrumb\":{\"@id\":\"https:\\\/\\\/medicinasinc.com\\\/pl\\\/product\\\/kup-marokanski-karamello-hash\\\/#breadcrumb\"},\"inLanguage\":\"en-US\",\"potentialAction\":[{\"@type\":\"ReadAction\",\"target\":[\"https:\\\/\\\/medicinasinc.com\\\/pl\\\/product\\\/kup-marokanski-karamello-hash\\\/\"]}]},{\"@type\":\"ImageObject\",\"inLanguage\":\"en-US\",\"@id\":\"https:\\\/\\\/medicinasinc.com\\\/pl\\\/product\\\/kup-marokanski-karamello-hash\\\/#primaryimage\",\"url\":\"https:\\\/\\\/medicinasinc.com\\\/pl\\\/wp-content\\\/uploads\\\/sites\\\/13\\\/2022\\\/02\\\/Buy-Moroccan-Caramello-Hash.jpg\",\"contentUrl\":\"https:\\\/\\\/medicinasinc.com\\\/pl\\\/wp-content\\\/uploads\\\/sites\\\/13\\\/2022\\\/02\\\/Buy-Moroccan-Caramello-Hash.jpg\",\"width\":600,\"height\":600},{\"@type\":\"BreadcrumbList\",\"@id\":\"https:\\\/\\\/medicinasinc.com\\\/pl\\\/product\\\/kup-marokanski-karamello-hash\\\/#breadcrumb\",\"itemListElement\":[{\"@type\":\"ListItem\",\"position\":1,\"name\":\"Sklep\",\"item\":\"https:\\\/\\\/medicinasinc.com\\\/pl\\\/sklep\\\/\"},{\"@type\":\"ListItem\",\"position\":2,\"name\":\"Kup maroka\u0144ski hasz karamello\"}]},{\"@type\":\"WebSite\",\"@id\":\"https:\\\/\\\/medicinasinc.com\\\/pl\\\/#website\",\"url\":\"https:\\\/\\\/medicinasinc.com\\\/pl\\\/\",\"name\":\"Medicinas Inc\",\"description\":\"Health Medical Clinic\",\"potentialAction\":[{\"@type\":\"SearchAction\",\"target\":{\"@type\":\"EntryPoint\",\"urlTemplate\":\"https:\\\/\\\/medicinasinc.com\\\/pl\\\/?s={search_term_string}\"},\"query-input\":{\"@type\":\"PropertyValueSpecification\",\"valueRequired\":true,\"valueName\":\"search_term_string\"}}],\"inLanguage\":\"en-US\"}]}<\/script>\n<!-- \/ Yoast SEO plugin. -->","yoast_head_json":{"title":"Kup maroka\u0144ski hasz karamello - najlepsze najlepsze leki na \u015bwiecie","description":"Kup Maroka\u0144ski Caramello Hash Online, zawiera 5g olejku konopnego. Maroka\u0144ski Caramello Hash to w 100% naturalny haszysz.","robots":{"index":"index","follow":"follow","max-snippet":"max-snippet:-1","max-image-preview":"max-image-preview:large","max-video-preview":"max-video-preview:-1"},"canonical":"https:\/\/medicinasinc.com\/pl\/product\/kup-marokanski-karamello-hash\/","og_locale":"en_US","og_type":"article","og_title":"Kup maroka\u0144ski hasz karamello - najlepsze najlepsze leki na \u015bwiecie","og_description":"Kup Maroka\u0144ski Caramello Hash Online, zawiera 5g olejku konopnego. Maroka\u0144ski Caramello Hash to w 100% naturalny haszysz.","og_url":"https:\/\/medicinasinc.com\/pl\/product\/kup-marokanski-karamello-hash\/","og_site_name":"Medicinas Inc","article_modified_time":"2022-03-22T01:15:08+00:00","og_image":[{"width":600,"height":600,"url":"https:\/\/medicinasinc.com\/pl\/wp-content\/uploads\/sites\/13\/2022\/02\/Buy-Moroccan-Caramello-Hash.jpg","type":"image\/jpeg"}],"twitter_card":"summary_large_image","twitter_misc":{"Est. reading time":"1 minute"},"schema":{"@context":"https:\/\/schema.org","@graph":[{"@type":"WebPage","@id":"https:\/\/medicinasinc.com\/pl\/product\/kup-marokanski-karamello-hash\/","url":"https:\/\/medicinasinc.com\/pl\/product\/kup-marokanski-karamello-hash\/","name":"Kup maroka\u0144ski hasz karamello - najlepsze najlepsze leki na \u015bwiecie","isPartOf":{"@id":"https:\/\/medicinasinc.com\/pl\/#website"},"primaryImageOfPage":{"@id":"https:\/\/medicinasinc.com\/pl\/product\/kup-marokanski-karamello-hash\/#primaryimage"},"image":{"@id":"https:\/\/medicinasinc.com\/pl\/product\/kup-marokanski-karamello-hash\/#primaryimage"},"thumbnailUrl":"https:\/\/medicinasinc.com\/pl\/wp-content\/uploads\/sites\/13\/2022\/02\/Buy-Moroccan-Caramello-Hash.jpg","datePublished":"2022-02-20T14:53:39+00:00","dateModified":"2022-03-22T01:15:08+00:00","description":"Kup Maroka\u0144ski Caramello Hash Online, zawiera 5g olejku konopnego. Maroka\u0144ski Caramello Hash to w 100% naturalny haszysz.","breadcrumb":{"@id":"https:\/\/medicinasinc.com\/pl\/product\/kup-marokanski-karamello-hash\/#breadcrumb"},"inLanguage":"en-US","potentialAction":[{"@type":"ReadAction","target":["https:\/\/medicinasinc.com\/pl\/product\/kup-marokanski-karamello-hash\/"]}]},{"@type":"ImageObject","inLanguage":"en-US","@id":"https:\/\/medicinasinc.com\/pl\/product\/kup-marokanski-karamello-hash\/#primaryimage","url":"https:\/\/medicinasinc.com\/pl\/wp-content\/uploads\/sites\/13\/2022\/02\/Buy-Moroccan-Caramello-Hash.jpg","contentUrl":"https:\/\/medicinasinc.com\/pl\/wp-content\/uploads\/sites\/13\/2022\/02\/Buy-Moroccan-Caramello-Hash.jpg","width":600,"height":600},{"@type":"BreadcrumbList","@id":"https:\/\/medicinasinc.com\/pl\/product\/kup-marokanski-karamello-hash\/#breadcrumb","itemListElement":[{"@type":"ListItem","position":1,"name":"Sklep","item":"https:\/\/medicinasinc.com\/pl\/sklep\/"},{"@type":"ListItem","position":2,"name":"Kup maroka\u0144ski hasz karamello"}]},{"@type":"WebSite","@id":"https:\/\/medicinasinc.com\/pl\/#website","url":"https:\/\/medicinasinc.com\/pl\/","name":"Medicinas Inc","description":"Health Medical Clinic","potentialAction":[{"@type":"SearchAction","target":{"@type":"EntryPoint","urlTemplate":"https:\/\/medicinasinc.com\/pl\/?s={search_term_string}"},"query-input":{"@type":"PropertyValueSpecification","valueRequired":true,"valueName":"search_term_string"}}],"inLanguage":"en-US"}]}},"_links":{"self":[{"href":"https:\/\/medicinasinc.com\/pl\/wp-json\/wp\/v2\/product\/4701","targetHints":{"allow":["GET"]}}],"collection":[{"href":"https:\/\/medicinasinc.com\/pl\/wp-json\/wp\/v2\/product"}],"about":[{"href":"https:\/\/medicinasinc.com\/pl\/wp-json\/wp\/v2\/types\/product"}],"replies":[{"embeddable":true,"href":"https:\/\/medicinasinc.com\/pl\/wp-json\/wp\/v2\/comments?post=4701"}],"wp:featuredmedia":[{"embeddable":true,"href":"https:\/\/medicinasinc.com\/pl\/wp-json\/wp\/v2\/media\/4714"}],"wp:attachment":[{"href":"https:\/\/medicinasinc.com\/pl\/wp-json\/wp\/v2\/media?parent=4701"}],"wp:term":[{"taxonomy":"product_brand","embeddable":true,"href":"https:\/\/medicinasinc.com\/pl\/wp-json\/wp\/v2\/product_brand?post=4701"},{"taxonomy":"product_cat","embeddable":true,"href":"https:\/\/medicinasinc.com\/pl\/wp-json\/wp\/v2\/product_cat?post=4701"},{"taxonomy":"product_tag","embeddable":true,"href":"https:\/\/medicinasinc.com\/pl\/wp-json\/wp\/v2\/product_tag?post=4701"}],"curies":[{"name":"wp","href":"https:\/\/api.w.org\/{rel}","templated":true}]}}