{"id":4700,"date":"2022-02-20T14:53:18","date_gmt":"2022-02-20T14:53:18","guid":{"rendered":"https:\/\/medicinasinc.com\/pl\/?post_type=product&#038;p=4700"},"modified":"2022-03-22T01:15:16","modified_gmt":"2022-03-22T01:15:16","slug":"kup-marokanski-primero-hash","status":"publish","type":"product","link":"https:\/\/medicinasinc.com\/pl\/product\/kup-marokanski-primero-hash\/","title":{"rendered":"Kup maroka\u0144ski hasz Primero"},"content":{"rendered":"<p>Kup maroka\u0144ski hasz primo<\/p>\n<p>Kup maroka\u0144ski hasz primo. Maroka\u0144ski Primero Hash to szanowany klon haszyszu. Generalnie jest to legalne i pozostanie legalne do ko\u0144ca czas\u00f3w. Nie zawiera THC, syntetycznych kannabinoid\u00f3w i innych syntetycznych substancji badawczych (takich jak JWH-018, JWH-073, JWH-250, AM-2209 itd.). Jest to prawdopodobnie najlepszy dost\u0119pny legalny klon haszyszu. U\u017cywamy wy\u0142\u0105cznie naturalnych, bogatych w sk\u0142adniki od\u017cywcze materia\u0142\u00f3w. Wygl\u0105da na to, \u017ce haszysz wygl\u0105da jak haszysz, czuje si\u0119 jak hasz, pachnie konopiami i ma niesamowity smak. Maroka\u0144ski haszysz Primero jest tylko nieco ciemniejszy ni\u017c nasze inne produkty. Je\u015bli interesuj\u0105 Ci\u0119 nasze produkty, zalecamy najpierw zakup przyk\u0142adowego opakowania. Kup wi\u0119cej naszych legalnych klon\u00f3w haszuj\u0105cych, aby zaoszcz\u0119dzi\u0107 pieni\u0105dze.<\/p>\n","protected":false},"excerpt":{"rendered":"<div class=\"woocommerce-product-details__short-description\">\n<p>kupuj maroka\u0144ski hasz premiero online w bestglobalmed z szybk\u0105 dostaw\u0105 na ca\u0142y \u015bwiat. Sprzedam wysokiej jako\u015bci hasz maroka\u0144ski. kup teraz.<\/p>\n<\/p><\/div>\n","protected":false},"featured_media":4712,"comment_status":"open","ping_status":"closed","template":"","meta":[],"product_brand":[],"product_cat":[610],"product_tag":[685,686,687,683,684,688],"class_list":{"0":"post-4700","1":"product","2":"type-product","3":"status-publish","4":"has-post-thumbnail","6":"product_cat-kup-hasz-haszysz","7":"product_tag-buy-moroc-caramello-online","8":"product_tag-buy-nepalese-temple-balls","9":"product_tag-sale-truskawkowe-kaszlowe-krople","10":"product_tag-kup-kup-bubble-hash-online","11":"product_tag-kup-konopi-olej-kokosowy","12":"product_tag-miodowo-marokasko-blond-hash","14":"first","15":"instock","16":"shipping-taxable","17":"purchasable","18":"product-type-variable","19":"has-default-attributes"},"yoast_head":"<!-- This site is optimized with the Yoast SEO plugin v27.3 - https:\/\/yoast.com\/product\/yoast-seo-wordpress\/ -->\n<title>Kup maroka\u0144ski hasz Primero - najlepsze najlepsze globalne leki<\/title>\n<meta name=\"description\" content=\"kup maroka\u0144ski hasz premiero online w bestglobalmed z szybk\u0105 dostaw\u0105 na ca\u0142y \u015bwiat. Sprzedam wysokiej jako\u015bci hasz maroka\u0144ski. Kupuj teraz.\" \/>\n<meta name=\"robots\" content=\"index, follow, max-snippet:-1, max-image-preview:large, max-video-preview:-1\" \/>\n<link rel=\"canonical\" href=\"https:\/\/medicinasinc.com\/pl\/product\/kup-marokanski-primero-hash\/\" \/>\n<meta property=\"og:locale\" content=\"en_US\" \/>\n<meta property=\"og:type\" content=\"article\" \/>\n<meta property=\"og:title\" content=\"Kup maroka\u0144ski hasz Primero - najlepsze najlepsze globalne leki\" \/>\n<meta property=\"og:description\" content=\"kup maroka\u0144ski hasz premiero online w bestglobalmed z szybk\u0105 dostaw\u0105 na ca\u0142y \u015bwiat. Sprzedam wysokiej jako\u015bci hasz maroka\u0144ski. Kupuj teraz.\" \/>\n<meta property=\"og:url\" content=\"https:\/\/medicinasinc.com\/pl\/product\/kup-marokanski-primero-hash\/\" \/>\n<meta property=\"og:site_name\" content=\"Medicinas Inc\" \/>\n<meta property=\"article:modified_time\" content=\"2022-03-22T01:15:16+00:00\" \/>\n<meta property=\"og:image\" content=\"https:\/\/medicinasinc.com\/pl\/wp-content\/uploads\/sites\/13\/2022\/02\/Buy-Moroccan-Primero-Hash.jpg\" \/>\n\t<meta property=\"og:image:width\" content=\"600\" \/>\n\t<meta property=\"og:image:height\" content=\"600\" \/>\n\t<meta property=\"og:image:type\" content=\"image\/jpeg\" \/>\n<meta name=\"twitter:card\" content=\"summary_large_image\" \/>\n<meta name=\"twitter:label1\" content=\"Est. reading time\" \/>\n\t<meta name=\"twitter:data1\" content=\"1 minute\" \/>\n<script type=\"application\/ld+json\" class=\"yoast-schema-graph\">{\"@context\":\"https:\\\/\\\/schema.org\",\"@graph\":[{\"@type\":\"WebPage\",\"@id\":\"https:\\\/\\\/medicinasinc.com\\\/pl\\\/product\\\/kup-marokanski-primero-hash\\\/\",\"url\":\"https:\\\/\\\/medicinasinc.com\\\/pl\\\/product\\\/kup-marokanski-primero-hash\\\/\",\"name\":\"Kup maroka\u0144ski hasz Primero - najlepsze najlepsze globalne leki\",\"isPartOf\":{\"@id\":\"https:\\\/\\\/medicinasinc.com\\\/pl\\\/#website\"},\"primaryImageOfPage\":{\"@id\":\"https:\\\/\\\/medicinasinc.com\\\/pl\\\/product\\\/kup-marokanski-primero-hash\\\/#primaryimage\"},\"image\":{\"@id\":\"https:\\\/\\\/medicinasinc.com\\\/pl\\\/product\\\/kup-marokanski-primero-hash\\\/#primaryimage\"},\"thumbnailUrl\":\"https:\\\/\\\/medicinasinc.com\\\/pl\\\/wp-content\\\/uploads\\\/sites\\\/13\\\/2022\\\/02\\\/Buy-Moroccan-Primero-Hash.jpg\",\"datePublished\":\"2022-02-20T14:53:18+00:00\",\"dateModified\":\"2022-03-22T01:15:16+00:00\",\"description\":\"kup maroka\u0144ski hasz premiero online w bestglobalmed z szybk\u0105 dostaw\u0105 na ca\u0142y \u015bwiat. Sprzedam wysokiej jako\u015bci hasz maroka\u0144ski. Kupuj teraz.\",\"breadcrumb\":{\"@id\":\"https:\\\/\\\/medicinasinc.com\\\/pl\\\/product\\\/kup-marokanski-primero-hash\\\/#breadcrumb\"},\"inLanguage\":\"en-US\",\"potentialAction\":[{\"@type\":\"ReadAction\",\"target\":[\"https:\\\/\\\/medicinasinc.com\\\/pl\\\/product\\\/kup-marokanski-primero-hash\\\/\"]}]},{\"@type\":\"ImageObject\",\"inLanguage\":\"en-US\",\"@id\":\"https:\\\/\\\/medicinasinc.com\\\/pl\\\/product\\\/kup-marokanski-primero-hash\\\/#primaryimage\",\"url\":\"https:\\\/\\\/medicinasinc.com\\\/pl\\\/wp-content\\\/uploads\\\/sites\\\/13\\\/2022\\\/02\\\/Buy-Moroccan-Primero-Hash.jpg\",\"contentUrl\":\"https:\\\/\\\/medicinasinc.com\\\/pl\\\/wp-content\\\/uploads\\\/sites\\\/13\\\/2022\\\/02\\\/Buy-Moroccan-Primero-Hash.jpg\",\"width\":600,\"height\":600},{\"@type\":\"BreadcrumbList\",\"@id\":\"https:\\\/\\\/medicinasinc.com\\\/pl\\\/product\\\/kup-marokanski-primero-hash\\\/#breadcrumb\",\"itemListElement\":[{\"@type\":\"ListItem\",\"position\":1,\"name\":\"Sklep\",\"item\":\"https:\\\/\\\/medicinasinc.com\\\/pl\\\/sklep\\\/\"},{\"@type\":\"ListItem\",\"position\":2,\"name\":\"Kup maroka\u0144ski hasz Primero\"}]},{\"@type\":\"WebSite\",\"@id\":\"https:\\\/\\\/medicinasinc.com\\\/pl\\\/#website\",\"url\":\"https:\\\/\\\/medicinasinc.com\\\/pl\\\/\",\"name\":\"Medicinas Inc\",\"description\":\"Health Medical Clinic\",\"potentialAction\":[{\"@type\":\"SearchAction\",\"target\":{\"@type\":\"EntryPoint\",\"urlTemplate\":\"https:\\\/\\\/medicinasinc.com\\\/pl\\\/?s={search_term_string}\"},\"query-input\":{\"@type\":\"PropertyValueSpecification\",\"valueRequired\":true,\"valueName\":\"search_term_string\"}}],\"inLanguage\":\"en-US\"}]}<\/script>\n<!-- \/ Yoast SEO plugin. -->","yoast_head_json":{"title":"Kup maroka\u0144ski hasz Primero - najlepsze najlepsze globalne leki","description":"kup maroka\u0144ski hasz premiero online w bestglobalmed z szybk\u0105 dostaw\u0105 na ca\u0142y \u015bwiat. Sprzedam wysokiej jako\u015bci hasz maroka\u0144ski. Kupuj teraz.","robots":{"index":"index","follow":"follow","max-snippet":"max-snippet:-1","max-image-preview":"max-image-preview:large","max-video-preview":"max-video-preview:-1"},"canonical":"https:\/\/medicinasinc.com\/pl\/product\/kup-marokanski-primero-hash\/","og_locale":"en_US","og_type":"article","og_title":"Kup maroka\u0144ski hasz Primero - najlepsze najlepsze globalne leki","og_description":"kup maroka\u0144ski hasz premiero online w bestglobalmed z szybk\u0105 dostaw\u0105 na ca\u0142y \u015bwiat. Sprzedam wysokiej jako\u015bci hasz maroka\u0144ski. Kupuj teraz.","og_url":"https:\/\/medicinasinc.com\/pl\/product\/kup-marokanski-primero-hash\/","og_site_name":"Medicinas Inc","article_modified_time":"2022-03-22T01:15:16+00:00","og_image":[{"width":600,"height":600,"url":"https:\/\/medicinasinc.com\/pl\/wp-content\/uploads\/sites\/13\/2022\/02\/Buy-Moroccan-Primero-Hash.jpg","type":"image\/jpeg"}],"twitter_card":"summary_large_image","twitter_misc":{"Est. reading time":"1 minute"},"schema":{"@context":"https:\/\/schema.org","@graph":[{"@type":"WebPage","@id":"https:\/\/medicinasinc.com\/pl\/product\/kup-marokanski-primero-hash\/","url":"https:\/\/medicinasinc.com\/pl\/product\/kup-marokanski-primero-hash\/","name":"Kup maroka\u0144ski hasz Primero - najlepsze najlepsze globalne leki","isPartOf":{"@id":"https:\/\/medicinasinc.com\/pl\/#website"},"primaryImageOfPage":{"@id":"https:\/\/medicinasinc.com\/pl\/product\/kup-marokanski-primero-hash\/#primaryimage"},"image":{"@id":"https:\/\/medicinasinc.com\/pl\/product\/kup-marokanski-primero-hash\/#primaryimage"},"thumbnailUrl":"https:\/\/medicinasinc.com\/pl\/wp-content\/uploads\/sites\/13\/2022\/02\/Buy-Moroccan-Primero-Hash.jpg","datePublished":"2022-02-20T14:53:18+00:00","dateModified":"2022-03-22T01:15:16+00:00","description":"kup maroka\u0144ski hasz premiero online w bestglobalmed z szybk\u0105 dostaw\u0105 na ca\u0142y \u015bwiat. Sprzedam wysokiej jako\u015bci hasz maroka\u0144ski. Kupuj teraz.","breadcrumb":{"@id":"https:\/\/medicinasinc.com\/pl\/product\/kup-marokanski-primero-hash\/#breadcrumb"},"inLanguage":"en-US","potentialAction":[{"@type":"ReadAction","target":["https:\/\/medicinasinc.com\/pl\/product\/kup-marokanski-primero-hash\/"]}]},{"@type":"ImageObject","inLanguage":"en-US","@id":"https:\/\/medicinasinc.com\/pl\/product\/kup-marokanski-primero-hash\/#primaryimage","url":"https:\/\/medicinasinc.com\/pl\/wp-content\/uploads\/sites\/13\/2022\/02\/Buy-Moroccan-Primero-Hash.jpg","contentUrl":"https:\/\/medicinasinc.com\/pl\/wp-content\/uploads\/sites\/13\/2022\/02\/Buy-Moroccan-Primero-Hash.jpg","width":600,"height":600},{"@type":"BreadcrumbList","@id":"https:\/\/medicinasinc.com\/pl\/product\/kup-marokanski-primero-hash\/#breadcrumb","itemListElement":[{"@type":"ListItem","position":1,"name":"Sklep","item":"https:\/\/medicinasinc.com\/pl\/sklep\/"},{"@type":"ListItem","position":2,"name":"Kup maroka\u0144ski hasz Primero"}]},{"@type":"WebSite","@id":"https:\/\/medicinasinc.com\/pl\/#website","url":"https:\/\/medicinasinc.com\/pl\/","name":"Medicinas Inc","description":"Health Medical Clinic","potentialAction":[{"@type":"SearchAction","target":{"@type":"EntryPoint","urlTemplate":"https:\/\/medicinasinc.com\/pl\/?s={search_term_string}"},"query-input":{"@type":"PropertyValueSpecification","valueRequired":true,"valueName":"search_term_string"}}],"inLanguage":"en-US"}]}},"_links":{"self":[{"href":"https:\/\/medicinasinc.com\/pl\/wp-json\/wp\/v2\/product\/4700","targetHints":{"allow":["GET"]}}],"collection":[{"href":"https:\/\/medicinasinc.com\/pl\/wp-json\/wp\/v2\/product"}],"about":[{"href":"https:\/\/medicinasinc.com\/pl\/wp-json\/wp\/v2\/types\/product"}],"replies":[{"embeddable":true,"href":"https:\/\/medicinasinc.com\/pl\/wp-json\/wp\/v2\/comments?post=4700"}],"wp:featuredmedia":[{"embeddable":true,"href":"https:\/\/medicinasinc.com\/pl\/wp-json\/wp\/v2\/media\/4712"}],"wp:attachment":[{"href":"https:\/\/medicinasinc.com\/pl\/wp-json\/wp\/v2\/media?parent=4700"}],"wp:term":[{"taxonomy":"product_brand","embeddable":true,"href":"https:\/\/medicinasinc.com\/pl\/wp-json\/wp\/v2\/product_brand?post=4700"},{"taxonomy":"product_cat","embeddable":true,"href":"https:\/\/medicinasinc.com\/pl\/wp-json\/wp\/v2\/product_cat?post=4700"},{"taxonomy":"product_tag","embeddable":true,"href":"https:\/\/medicinasinc.com\/pl\/wp-json\/wp\/v2\/product_tag?post=4700"}],"curies":[{"name":"wp","href":"https:\/\/api.w.org\/{rel}","templated":true}]}}