{"id":4685,"date":"2022-02-20T14:41:24","date_gmt":"2022-02-20T14:41:24","guid":{"rendered":"https:\/\/medicinasinc.com\/pl\/?post_type=product&#038;p=4685"},"modified":"2022-03-22T01:15:25","modified_gmt":"2022-03-22T01:15:25","slug":"kup-iso-hash-online","status":"publish","type":"product","link":"https:\/\/medicinasinc.com\/pl\/product\/kup-iso-hash-online\/","title":{"rendered":"Kup Iso Hash Online"},"content":{"rendered":"<p>Zakup ISO hasz online<\/p>\n<p>Iso hasz mo\u017cna kupi\u0107 online.<\/p>\n<p>Iso hasz uzyskuje si\u0119 poprzez ekstrakcj\u0119 \u0142ugu izopropylowego. QWISO to skr\u00f3t od Quick Wash Isopropyl Alcohol hash, znanej metody produkcji haszyszu alkoholu izopropylowego. U\u017cywanie alkoholu jako \u015brodka do rozpuszczania jest wyj\u0105tkowo niechlujne; jednak smak jest gorszy od innych rozpuszczalnik\u00f3w\/technik. Pozycja zale\u017cy od rodzaju konopi i jej ekstrakcji. Doskona\u0142y QWISO jest cz\u0119sto przezroczysty i \u017c\u00f3\u0142ty, przypominaj\u0105cy p\u0119kni\u0119cie, z elastyczn\u0105 powierzchni\u0105. Hash Iso niskiej jako\u015bci jest cz\u0119sto zielony (z chlorofilu ro\u015blinnego) lub ciemny, z lepk\u0105 powierzchni\u0105.<\/p>\n","protected":false},"excerpt":{"rendered":"<div class=\"woocommerce-product-details__short-description\">\n<p>Kup Iso hash jest produktem ekstrakcji alkoholu izopropylowego. QWISO to akronim od skr\u00f3tu szybkiego prania z alkoholem izopropylowym.<\/p>\n<\/p><\/div>\n","protected":false},"featured_media":4698,"comment_status":"open","ping_status":"closed","template":"","meta":[],"product_brand":[],"product_cat":[610],"product_tag":[],"class_list":{"0":"post-4685","1":"product","2":"type-product","3":"status-publish","4":"has-post-thumbnail","6":"product_cat-kup-hasz-haszysz","8":"first","9":"instock","10":"shipping-taxable","11":"purchasable","12":"product-type-variable","13":"has-default-attributes"},"yoast_head":"<!-- This site is optimized with the Yoast SEO plugin v27.3 - https:\/\/yoast.com\/product\/yoast-seo-wordpress\/ -->\n<title>Kup Iso Hash Online - Najlepsze najlepsze globalne leki<\/title>\n<meta name=\"description\" content=\"Kup haszysz Iso jest produktem ekstrakcji alkoholem izopropylowym. QWISO to skr\u00f3t od skr\u00f3tu Quick Wash Isopropyl Alcohol.\" \/>\n<meta name=\"robots\" content=\"index, follow, max-snippet:-1, max-image-preview:large, max-video-preview:-1\" \/>\n<link rel=\"canonical\" href=\"https:\/\/medicinasinc.com\/pl\/product\/kup-iso-hash-online\/\" \/>\n<meta property=\"og:locale\" content=\"en_US\" \/>\n<meta property=\"og:type\" content=\"article\" \/>\n<meta property=\"og:title\" content=\"Kup Iso Hash Online - Najlepsze najlepsze globalne leki\" \/>\n<meta property=\"og:description\" content=\"Kup haszysz Iso jest produktem ekstrakcji alkoholem izopropylowym. QWISO to skr\u00f3t od skr\u00f3tu Quick Wash Isopropyl Alcohol.\" \/>\n<meta property=\"og:url\" content=\"https:\/\/medicinasinc.com\/pl\/product\/kup-iso-hash-online\/\" \/>\n<meta property=\"og:site_name\" content=\"Medicinas Inc\" \/>\n<meta property=\"article:modified_time\" content=\"2022-03-22T01:15:25+00:00\" \/>\n<meta property=\"og:image\" content=\"https:\/\/medicinasinc.com\/pl\/wp-content\/uploads\/sites\/13\/2022\/02\/Buy-Iso-hash-online.jpg\" \/>\n\t<meta property=\"og:image:width\" content=\"600\" \/>\n\t<meta property=\"og:image:height\" content=\"600\" \/>\n\t<meta property=\"og:image:type\" content=\"image\/jpeg\" \/>\n<meta name=\"twitter:card\" content=\"summary_large_image\" \/>\n<meta name=\"twitter:label1\" content=\"Est. reading time\" \/>\n\t<meta name=\"twitter:data1\" content=\"1 minute\" \/>\n<script type=\"application\/ld+json\" class=\"yoast-schema-graph\">{\"@context\":\"https:\\\/\\\/schema.org\",\"@graph\":[{\"@type\":\"WebPage\",\"@id\":\"https:\\\/\\\/medicinasinc.com\\\/pl\\\/product\\\/kup-iso-hash-online\\\/\",\"url\":\"https:\\\/\\\/medicinasinc.com\\\/pl\\\/product\\\/kup-iso-hash-online\\\/\",\"name\":\"Kup Iso Hash Online - Najlepsze najlepsze globalne leki\",\"isPartOf\":{\"@id\":\"https:\\\/\\\/medicinasinc.com\\\/pl\\\/#website\"},\"primaryImageOfPage\":{\"@id\":\"https:\\\/\\\/medicinasinc.com\\\/pl\\\/product\\\/kup-iso-hash-online\\\/#primaryimage\"},\"image\":{\"@id\":\"https:\\\/\\\/medicinasinc.com\\\/pl\\\/product\\\/kup-iso-hash-online\\\/#primaryimage\"},\"thumbnailUrl\":\"https:\\\/\\\/medicinasinc.com\\\/pl\\\/wp-content\\\/uploads\\\/sites\\\/13\\\/2022\\\/02\\\/Buy-Iso-hash-online.jpg\",\"datePublished\":\"2022-02-20T14:41:24+00:00\",\"dateModified\":\"2022-03-22T01:15:25+00:00\",\"description\":\"Kup haszysz Iso jest produktem ekstrakcji alkoholem izopropylowym. QWISO to skr\u00f3t od skr\u00f3tu Quick Wash Isopropyl Alcohol.\",\"breadcrumb\":{\"@id\":\"https:\\\/\\\/medicinasinc.com\\\/pl\\\/product\\\/kup-iso-hash-online\\\/#breadcrumb\"},\"inLanguage\":\"en-US\",\"potentialAction\":[{\"@type\":\"ReadAction\",\"target\":[\"https:\\\/\\\/medicinasinc.com\\\/pl\\\/product\\\/kup-iso-hash-online\\\/\"]}]},{\"@type\":\"ImageObject\",\"inLanguage\":\"en-US\",\"@id\":\"https:\\\/\\\/medicinasinc.com\\\/pl\\\/product\\\/kup-iso-hash-online\\\/#primaryimage\",\"url\":\"https:\\\/\\\/medicinasinc.com\\\/pl\\\/wp-content\\\/uploads\\\/sites\\\/13\\\/2022\\\/02\\\/Buy-Iso-hash-online.jpg\",\"contentUrl\":\"https:\\\/\\\/medicinasinc.com\\\/pl\\\/wp-content\\\/uploads\\\/sites\\\/13\\\/2022\\\/02\\\/Buy-Iso-hash-online.jpg\",\"width\":600,\"height\":600},{\"@type\":\"BreadcrumbList\",\"@id\":\"https:\\\/\\\/medicinasinc.com\\\/pl\\\/product\\\/kup-iso-hash-online\\\/#breadcrumb\",\"itemListElement\":[{\"@type\":\"ListItem\",\"position\":1,\"name\":\"Sklep\",\"item\":\"https:\\\/\\\/medicinasinc.com\\\/pl\\\/sklep\\\/\"},{\"@type\":\"ListItem\",\"position\":2,\"name\":\"Kup Iso Hash Online\"}]},{\"@type\":\"WebSite\",\"@id\":\"https:\\\/\\\/medicinasinc.com\\\/pl\\\/#website\",\"url\":\"https:\\\/\\\/medicinasinc.com\\\/pl\\\/\",\"name\":\"Medicinas Inc\",\"description\":\"Health Medical Clinic\",\"potentialAction\":[{\"@type\":\"SearchAction\",\"target\":{\"@type\":\"EntryPoint\",\"urlTemplate\":\"https:\\\/\\\/medicinasinc.com\\\/pl\\\/?s={search_term_string}\"},\"query-input\":{\"@type\":\"PropertyValueSpecification\",\"valueRequired\":true,\"valueName\":\"search_term_string\"}}],\"inLanguage\":\"en-US\"}]}<\/script>\n<!-- \/ Yoast SEO plugin. -->","yoast_head_json":{"title":"Kup Iso Hash Online - Najlepsze najlepsze globalne leki","description":"Kup haszysz Iso jest produktem ekstrakcji alkoholem izopropylowym. QWISO to skr\u00f3t od skr\u00f3tu Quick Wash Isopropyl Alcohol.","robots":{"index":"index","follow":"follow","max-snippet":"max-snippet:-1","max-image-preview":"max-image-preview:large","max-video-preview":"max-video-preview:-1"},"canonical":"https:\/\/medicinasinc.com\/pl\/product\/kup-iso-hash-online\/","og_locale":"en_US","og_type":"article","og_title":"Kup Iso Hash Online - Najlepsze najlepsze globalne leki","og_description":"Kup haszysz Iso jest produktem ekstrakcji alkoholem izopropylowym. QWISO to skr\u00f3t od skr\u00f3tu Quick Wash Isopropyl Alcohol.","og_url":"https:\/\/medicinasinc.com\/pl\/product\/kup-iso-hash-online\/","og_site_name":"Medicinas Inc","article_modified_time":"2022-03-22T01:15:25+00:00","og_image":[{"width":600,"height":600,"url":"https:\/\/medicinasinc.com\/pl\/wp-content\/uploads\/sites\/13\/2022\/02\/Buy-Iso-hash-online.jpg","type":"image\/jpeg"}],"twitter_card":"summary_large_image","twitter_misc":{"Est. reading time":"1 minute"},"schema":{"@context":"https:\/\/schema.org","@graph":[{"@type":"WebPage","@id":"https:\/\/medicinasinc.com\/pl\/product\/kup-iso-hash-online\/","url":"https:\/\/medicinasinc.com\/pl\/product\/kup-iso-hash-online\/","name":"Kup Iso Hash Online - Najlepsze najlepsze globalne leki","isPartOf":{"@id":"https:\/\/medicinasinc.com\/pl\/#website"},"primaryImageOfPage":{"@id":"https:\/\/medicinasinc.com\/pl\/product\/kup-iso-hash-online\/#primaryimage"},"image":{"@id":"https:\/\/medicinasinc.com\/pl\/product\/kup-iso-hash-online\/#primaryimage"},"thumbnailUrl":"https:\/\/medicinasinc.com\/pl\/wp-content\/uploads\/sites\/13\/2022\/02\/Buy-Iso-hash-online.jpg","datePublished":"2022-02-20T14:41:24+00:00","dateModified":"2022-03-22T01:15:25+00:00","description":"Kup haszysz Iso jest produktem ekstrakcji alkoholem izopropylowym. QWISO to skr\u00f3t od skr\u00f3tu Quick Wash Isopropyl Alcohol.","breadcrumb":{"@id":"https:\/\/medicinasinc.com\/pl\/product\/kup-iso-hash-online\/#breadcrumb"},"inLanguage":"en-US","potentialAction":[{"@type":"ReadAction","target":["https:\/\/medicinasinc.com\/pl\/product\/kup-iso-hash-online\/"]}]},{"@type":"ImageObject","inLanguage":"en-US","@id":"https:\/\/medicinasinc.com\/pl\/product\/kup-iso-hash-online\/#primaryimage","url":"https:\/\/medicinasinc.com\/pl\/wp-content\/uploads\/sites\/13\/2022\/02\/Buy-Iso-hash-online.jpg","contentUrl":"https:\/\/medicinasinc.com\/pl\/wp-content\/uploads\/sites\/13\/2022\/02\/Buy-Iso-hash-online.jpg","width":600,"height":600},{"@type":"BreadcrumbList","@id":"https:\/\/medicinasinc.com\/pl\/product\/kup-iso-hash-online\/#breadcrumb","itemListElement":[{"@type":"ListItem","position":1,"name":"Sklep","item":"https:\/\/medicinasinc.com\/pl\/sklep\/"},{"@type":"ListItem","position":2,"name":"Kup Iso Hash Online"}]},{"@type":"WebSite","@id":"https:\/\/medicinasinc.com\/pl\/#website","url":"https:\/\/medicinasinc.com\/pl\/","name":"Medicinas Inc","description":"Health Medical Clinic","potentialAction":[{"@type":"SearchAction","target":{"@type":"EntryPoint","urlTemplate":"https:\/\/medicinasinc.com\/pl\/?s={search_term_string}"},"query-input":{"@type":"PropertyValueSpecification","valueRequired":true,"valueName":"search_term_string"}}],"inLanguage":"en-US"}]}},"_links":{"self":[{"href":"https:\/\/medicinasinc.com\/pl\/wp-json\/wp\/v2\/product\/4685","targetHints":{"allow":["GET"]}}],"collection":[{"href":"https:\/\/medicinasinc.com\/pl\/wp-json\/wp\/v2\/product"}],"about":[{"href":"https:\/\/medicinasinc.com\/pl\/wp-json\/wp\/v2\/types\/product"}],"replies":[{"embeddable":true,"href":"https:\/\/medicinasinc.com\/pl\/wp-json\/wp\/v2\/comments?post=4685"}],"wp:featuredmedia":[{"embeddable":true,"href":"https:\/\/medicinasinc.com\/pl\/wp-json\/wp\/v2\/media\/4698"}],"wp:attachment":[{"href":"https:\/\/medicinasinc.com\/pl\/wp-json\/wp\/v2\/media?parent=4685"}],"wp:term":[{"taxonomy":"product_brand","embeddable":true,"href":"https:\/\/medicinasinc.com\/pl\/wp-json\/wp\/v2\/product_brand?post=4685"},{"taxonomy":"product_cat","embeddable":true,"href":"https:\/\/medicinasinc.com\/pl\/wp-json\/wp\/v2\/product_cat?post=4685"},{"taxonomy":"product_tag","embeddable":true,"href":"https:\/\/medicinasinc.com\/pl\/wp-json\/wp\/v2\/product_tag?post=4685"}],"curies":[{"name":"wp","href":"https:\/\/api.w.org\/{rel}","templated":true}]}}