{"id":4667,"date":"2022-02-20T14:27:35","date_gmt":"2022-02-20T14:27:35","guid":{"rendered":"https:\/\/medicinasinc.com\/pl\/?post_type=product&#038;p=4667"},"modified":"2022-03-22T01:15:47","modified_gmt":"2022-03-22T01:15:47","slug":"kup-indie-charas-czarny-hash","status":"publish","type":"product","link":"https:\/\/medicinasinc.com\/pl\/product\/kup-indie-charas-czarny-hash\/","title":{"rendered":"Kup Indie Charas Black Hash"},"content":{"rendered":"<p>Zakup indyjskiego Charas Black Hash przez Internet| Zakup online India Charas Black Hash<\/p>\n<p>Zakup online India Charas Black Hash. \u0141atwo si\u0119 z nim pracuje, ma ostry, pikantny aromat i zapewnia u\u017cytkownikom silne brz\u0119czenie ca\u0142ego cia\u0142a. Uprawiana i produkowana w Dolinie Parvati, kt\u00f3ra s\u0142ynie z wyj\u0105tkowego szczepu Charas o nazwie Malana Cream, cenionego za wysok\u0105 zawarto\u015b\u0107 THC. To doskona\u0142y towarzysz w ci\u0105gu dnia dla do\u015bwiadczonych palaczy, kt\u00f3rzy radz\u0105 sobie z silnym hajem. Termin \u201eIndian Charas Black Hash\u201d odnosi si\u0119 do haszyszu wytwarzanego r\u0119cznie w Indiach, Pakistanie lub Nepalu. Z zewn\u0105trz haszysz ma ciemnobr\u0105zowy kolor. Po otwarciu haszysz ods\u0142ania ciemnozielone\/br\u0105zowe wn\u0119trze. Wyra\u017any aromat waha si\u0119 od ostrego do niezwykle ostrego. Wytwarza niezwykle kamienisty i fizyczny haj. India Charas Black Hash mo\u017cna kupi\u0107 online.<\/p>\n<p>Korzy\u015bci<\/p>\n<p>Pomaga w \u0142agodzeniu nast\u0119puj\u0105cych dolegliwo\u015bci:<\/p>\n<p>Stres,Depresja,B\u00f3le B\u00f3le g\u0142owy<br \/>Bezsenno\u015b\u0107<br \/> Gdzie kupowa\u0107 w Indiach Online Charas Black Hash<\/p>\n<p>Naszym celem jest zadowolenie naszych klient\u00f3w i zapewnienie im jak najlepszych zakup\u00f3w online. Dbamy o to, aby wszystkie nasze produkty by\u0142y najwy\u017cszej jako\u015bci, aby nasi klienci otrzymywali tylko to, co najlepsze. Oferujemy autentyczny India Charas Black Hash. Nasze ceny s\u0105 najni\u017cszymi dost\u0119pnymi online. Kup jako\u015b\u0107 i odkryj, o czym wszyscy m\u00f3wi\u0105. Ju\u017c dzi\u015b z\u0142\u00f3\u017c u nas zam\u00f3wienie na India Charas Black Hash online i ciesz si\u0119 bezpiecze\u0144stwem i najlepszymi us\u0142ugami dostawy. Tylko kilka klikni\u0119\u0107 dzieli Ci\u0119 od zakupu India Charas Black Hash Online.<\/p>\n","protected":false},"excerpt":{"rendered":"<p>Kup India Charas Black Hash online. \u0141atwy w u\u017cyciu, kryje ostry, pikantny aromat i zapewnia silny szum dla cia\u0142a. Zam\u00f3w tutaj czarny hasz.<\/p>\n<ul>\n<li>Wysy\u0142ka na ca\u0142y \u015bwiat<\/li>\n<li><strong>Klasa: AAAAA<\/strong><\/li>\n<li>Skontaktuj si\u0119 z nami w przypadku wi\u0119kszych zam\u00f3wie\u0144<\/li>\n<\/ul>\n","protected":false},"featured_media":4681,"comment_status":"open","ping_status":"closed","template":"","meta":[],"product_brand":[],"product_cat":[610],"product_tag":[],"class_list":{"0":"post-4667","1":"product","2":"type-product","3":"status-publish","4":"has-post-thumbnail","6":"product_cat-kup-hasz-haszysz","8":"first","9":"instock","10":"shipping-taxable","11":"purchasable","12":"product-type-variable","13":"has-default-attributes"},"yoast_head":"<!-- This site is optimized with the Yoast SEO plugin v27.2 - https:\/\/yoast.com\/product\/yoast-seo-wordpress\/ -->\n<title>Kup India Charas Black Hash - Najlepsze najlepsze globalne leki<\/title>\n<meta name=\"description\" content=\"Kup Indie Charas Black Hash Online. \u0141atwy w u\u017cyciu, kryje ostry, pikantny aromat i zapewnia silne brz\u0119czenie cia\u0142a. Zam\u00f3w tutaj czarny hasz.\" \/>\n<meta name=\"robots\" content=\"index, follow, max-snippet:-1, max-image-preview:large, max-video-preview:-1\" \/>\n<link rel=\"canonical\" href=\"https:\/\/medicinasinc.com\/pl\/product\/kup-indie-charas-czarny-hash\/\" \/>\n<meta property=\"og:locale\" content=\"en_US\" \/>\n<meta property=\"og:type\" content=\"article\" \/>\n<meta property=\"og:title\" content=\"Kup India Charas Black Hash - Najlepsze najlepsze globalne leki\" \/>\n<meta property=\"og:description\" content=\"Kup Indie Charas Black Hash Online. \u0141atwy w u\u017cyciu, kryje ostry, pikantny aromat i zapewnia silne brz\u0119czenie cia\u0142a. Zam\u00f3w tutaj czarny hasz.\" \/>\n<meta property=\"og:url\" content=\"https:\/\/medicinasinc.com\/pl\/product\/kup-indie-charas-czarny-hash\/\" \/>\n<meta property=\"og:site_name\" content=\"Medicinas Inc\" \/>\n<meta property=\"article:modified_time\" content=\"2022-03-22T01:15:47+00:00\" \/>\n<meta property=\"og:image\" content=\"https:\/\/medicinasinc.com\/pl\/wp-content\/uploads\/sites\/13\/2022\/02\/Buy-India-Charas-Black-Hash.jpg\" \/>\n\t<meta property=\"og:image:width\" content=\"600\" \/>\n\t<meta property=\"og:image:height\" content=\"600\" \/>\n\t<meta property=\"og:image:type\" content=\"image\/jpeg\" \/>\n<meta name=\"twitter:card\" content=\"summary_large_image\" \/>\n<meta name=\"twitter:label1\" content=\"Est. reading time\" \/>\n\t<meta name=\"twitter:data1\" content=\"2 minutes\" \/>\n<script type=\"application\/ld+json\" class=\"yoast-schema-graph\">{\"@context\":\"https:\/\/schema.org\",\"@graph\":[{\"@type\":\"WebPage\",\"@id\":\"https:\/\/medicinasinc.com\/pl\/product\/kup-indie-charas-czarny-hash\/\",\"url\":\"https:\/\/medicinasinc.com\/pl\/product\/kup-indie-charas-czarny-hash\/\",\"name\":\"Kup India Charas Black Hash - Najlepsze najlepsze globalne leki\",\"isPartOf\":{\"@id\":\"https:\/\/medicinasinc.com\/pl\/#website\"},\"primaryImageOfPage\":{\"@id\":\"https:\/\/medicinasinc.com\/pl\/product\/kup-indie-charas-czarny-hash\/#primaryimage\"},\"image\":{\"@id\":\"https:\/\/medicinasinc.com\/pl\/product\/kup-indie-charas-czarny-hash\/#primaryimage\"},\"thumbnailUrl\":\"https:\/\/medicinasinc.com\/pl\/wp-content\/uploads\/sites\/13\/2022\/02\/Buy-India-Charas-Black-Hash.jpg\",\"datePublished\":\"2022-02-20T14:27:35+00:00\",\"dateModified\":\"2022-03-22T01:15:47+00:00\",\"description\":\"Kup Indie Charas Black Hash Online. \u0141atwy w u\u017cyciu, kryje ostry, pikantny aromat i zapewnia silne brz\u0119czenie cia\u0142a. Zam\u00f3w tutaj czarny hasz.\",\"breadcrumb\":{\"@id\":\"https:\/\/medicinasinc.com\/pl\/product\/kup-indie-charas-czarny-hash\/#breadcrumb\"},\"inLanguage\":\"en-US\",\"potentialAction\":[{\"@type\":\"ReadAction\",\"target\":[\"https:\/\/medicinasinc.com\/pl\/product\/kup-indie-charas-czarny-hash\/\"]}]},{\"@type\":\"ImageObject\",\"inLanguage\":\"en-US\",\"@id\":\"https:\/\/medicinasinc.com\/pl\/product\/kup-indie-charas-czarny-hash\/#primaryimage\",\"url\":\"https:\/\/medicinasinc.com\/pl\/wp-content\/uploads\/sites\/13\/2022\/02\/Buy-India-Charas-Black-Hash.jpg\",\"contentUrl\":\"https:\/\/medicinasinc.com\/pl\/wp-content\/uploads\/sites\/13\/2022\/02\/Buy-India-Charas-Black-Hash.jpg\",\"width\":600,\"height\":600},{\"@type\":\"BreadcrumbList\",\"@id\":\"https:\/\/medicinasinc.com\/pl\/product\/kup-indie-charas-czarny-hash\/#breadcrumb\",\"itemListElement\":[{\"@type\":\"ListItem\",\"position\":1,\"name\":\"Sklep\",\"item\":\"https:\/\/medicinasinc.com\/pl\/sklep\/\"},{\"@type\":\"ListItem\",\"position\":2,\"name\":\"Kup Indie Charas Black Hash\"}]},{\"@type\":\"WebSite\",\"@id\":\"https:\/\/medicinasinc.com\/pl\/#website\",\"url\":\"https:\/\/medicinasinc.com\/pl\/\",\"name\":\"Medicinas Inc\",\"description\":\"Health Medical Clinic\",\"potentialAction\":[{\"@type\":\"SearchAction\",\"target\":{\"@type\":\"EntryPoint\",\"urlTemplate\":\"https:\/\/medicinasinc.com\/pl\/?s={search_term_string}\"},\"query-input\":{\"@type\":\"PropertyValueSpecification\",\"valueRequired\":true,\"valueName\":\"search_term_string\"}}],\"inLanguage\":\"en-US\"}]}<\/script>\n<!-- \/ Yoast SEO plugin. -->","yoast_head_json":{"title":"Kup India Charas Black Hash - Najlepsze najlepsze globalne leki","description":"Kup Indie Charas Black Hash Online. \u0141atwy w u\u017cyciu, kryje ostry, pikantny aromat i zapewnia silne brz\u0119czenie cia\u0142a. Zam\u00f3w tutaj czarny hasz.","robots":{"index":"index","follow":"follow","max-snippet":"max-snippet:-1","max-image-preview":"max-image-preview:large","max-video-preview":"max-video-preview:-1"},"canonical":"https:\/\/medicinasinc.com\/pl\/product\/kup-indie-charas-czarny-hash\/","og_locale":"en_US","og_type":"article","og_title":"Kup India Charas Black Hash - Najlepsze najlepsze globalne leki","og_description":"Kup Indie Charas Black Hash Online. \u0141atwy w u\u017cyciu, kryje ostry, pikantny aromat i zapewnia silne brz\u0119czenie cia\u0142a. Zam\u00f3w tutaj czarny hasz.","og_url":"https:\/\/medicinasinc.com\/pl\/product\/kup-indie-charas-czarny-hash\/","og_site_name":"Medicinas Inc","article_modified_time":"2022-03-22T01:15:47+00:00","og_image":[{"width":600,"height":600,"url":"https:\/\/medicinasinc.com\/pl\/wp-content\/uploads\/sites\/13\/2022\/02\/Buy-India-Charas-Black-Hash.jpg","type":"image\/jpeg"}],"twitter_card":"summary_large_image","twitter_misc":{"Est. reading time":"2 minutes"},"schema":{"@context":"https:\/\/schema.org","@graph":[{"@type":"WebPage","@id":"https:\/\/medicinasinc.com\/pl\/product\/kup-indie-charas-czarny-hash\/","url":"https:\/\/medicinasinc.com\/pl\/product\/kup-indie-charas-czarny-hash\/","name":"Kup India Charas Black Hash - Najlepsze najlepsze globalne leki","isPartOf":{"@id":"https:\/\/medicinasinc.com\/pl\/#website"},"primaryImageOfPage":{"@id":"https:\/\/medicinasinc.com\/pl\/product\/kup-indie-charas-czarny-hash\/#primaryimage"},"image":{"@id":"https:\/\/medicinasinc.com\/pl\/product\/kup-indie-charas-czarny-hash\/#primaryimage"},"thumbnailUrl":"https:\/\/medicinasinc.com\/pl\/wp-content\/uploads\/sites\/13\/2022\/02\/Buy-India-Charas-Black-Hash.jpg","datePublished":"2022-02-20T14:27:35+00:00","dateModified":"2022-03-22T01:15:47+00:00","description":"Kup Indie Charas Black Hash Online. \u0141atwy w u\u017cyciu, kryje ostry, pikantny aromat i zapewnia silne brz\u0119czenie cia\u0142a. Zam\u00f3w tutaj czarny hasz.","breadcrumb":{"@id":"https:\/\/medicinasinc.com\/pl\/product\/kup-indie-charas-czarny-hash\/#breadcrumb"},"inLanguage":"en-US","potentialAction":[{"@type":"ReadAction","target":["https:\/\/medicinasinc.com\/pl\/product\/kup-indie-charas-czarny-hash\/"]}]},{"@type":"ImageObject","inLanguage":"en-US","@id":"https:\/\/medicinasinc.com\/pl\/product\/kup-indie-charas-czarny-hash\/#primaryimage","url":"https:\/\/medicinasinc.com\/pl\/wp-content\/uploads\/sites\/13\/2022\/02\/Buy-India-Charas-Black-Hash.jpg","contentUrl":"https:\/\/medicinasinc.com\/pl\/wp-content\/uploads\/sites\/13\/2022\/02\/Buy-India-Charas-Black-Hash.jpg","width":600,"height":600},{"@type":"BreadcrumbList","@id":"https:\/\/medicinasinc.com\/pl\/product\/kup-indie-charas-czarny-hash\/#breadcrumb","itemListElement":[{"@type":"ListItem","position":1,"name":"Sklep","item":"https:\/\/medicinasinc.com\/pl\/sklep\/"},{"@type":"ListItem","position":2,"name":"Kup Indie Charas Black Hash"}]},{"@type":"WebSite","@id":"https:\/\/medicinasinc.com\/pl\/#website","url":"https:\/\/medicinasinc.com\/pl\/","name":"Medicinas Inc","description":"Health Medical Clinic","potentialAction":[{"@type":"SearchAction","target":{"@type":"EntryPoint","urlTemplate":"https:\/\/medicinasinc.com\/pl\/?s={search_term_string}"},"query-input":{"@type":"PropertyValueSpecification","valueRequired":true,"valueName":"search_term_string"}}],"inLanguage":"en-US"}]}},"_links":{"self":[{"href":"https:\/\/medicinasinc.com\/pl\/wp-json\/wp\/v2\/product\/4667","targetHints":{"allow":["GET"]}}],"collection":[{"href":"https:\/\/medicinasinc.com\/pl\/wp-json\/wp\/v2\/product"}],"about":[{"href":"https:\/\/medicinasinc.com\/pl\/wp-json\/wp\/v2\/types\/product"}],"replies":[{"embeddable":true,"href":"https:\/\/medicinasinc.com\/pl\/wp-json\/wp\/v2\/comments?post=4667"}],"wp:featuredmedia":[{"embeddable":true,"href":"https:\/\/medicinasinc.com\/pl\/wp-json\/wp\/v2\/media\/4681"}],"wp:attachment":[{"href":"https:\/\/medicinasinc.com\/pl\/wp-json\/wp\/v2\/media?parent=4667"}],"wp:term":[{"taxonomy":"product_brand","embeddable":true,"href":"https:\/\/medicinasinc.com\/pl\/wp-json\/wp\/v2\/product_brand?post=4667"},{"taxonomy":"product_cat","embeddable":true,"href":"https:\/\/medicinasinc.com\/pl\/wp-json\/wp\/v2\/product_cat?post=4667"},{"taxonomy":"product_tag","embeddable":true,"href":"https:\/\/medicinasinc.com\/pl\/wp-json\/wp\/v2\/product_tag?post=4667"}],"curies":[{"name":"wp","href":"https:\/\/api.w.org\/{rel}","templated":true}]}}