{"id":4666,"date":"2022-02-20T14:26:53","date_gmt":"2022-02-20T14:26:53","guid":{"rendered":"https:\/\/medicinasinc.com\/pl\/?post_type=product&#038;p=4666"},"modified":"2022-03-22T01:15:55","modified_gmt":"2022-03-22T01:15:55","slug":"kup-lody-hash-sticks","status":"publish","type":"product","link":"https:\/\/medicinasinc.com\/pl\/product\/kup-lody-hash-sticks\/","title":{"rendered":"Kup Ice Hash Sticks"},"content":{"rendered":"<p>Ice Hash szybko zyskuje na popularno\u015bci jako nie wymagaj\u0105ca konserwacji metoda produkcji wysokiej jako\u015bci haszyszu. Marihuan\u0119 \u0142\u0105czy si\u0119 z wod\u0105, a nast\u0119pnie filtruje przez r\u00f3\u017cnego rodzaju tkaniny. \u017bywica, kt\u00f3ra powstaje, jest niesamowita. Pa\u0142eczki do haszyszu wykonane z lodu. Istnieje wiele metod tworzenia Ice Hash. Mo\u017cesz kupi\u0107 Ice-o-latory online, aby stworzy\u0107 Ice Hash. Kup pa\u0142eczki haszyszowe wykonane z lodu<\/p>\n<p>Jak definiuje si\u0119 haszysz (haszysz)?<\/p>\n<p>\u201eHaszysz to substancja psychoaktywna pochodz\u0105ca z gruczo\u0142\u00f3w \u017cywicznych \u017ce\u0144skiej ro\u015bliny konopi (s\u0142upek).[\u2026 ] Celem jest wyizolowanie (a tym samym skoncentrowanie) \u017cywicy zawieraj\u0105cej THC w celu wytworzenia haszyszu.\u201d Patyczki z haszem wykonane z lodu<\/p>\n<p>Kup lodowe patyczki z haszem | Kup Ice Hash Sticks | Kup Ice Hash Sticks<\/p>\n<p>M\u00f3wi\u0105c najpro\u015bciej, haszysz (kt\u00f3ry teraz b\u0119dziemy nazywa\u0107 haszem) to izolowane gruczo\u0142y \u017cywiczne ro\u015bliny konopi. Jeszcze prostsze, haszysz jest wtedy, gdy dobre lepkie substancje z twojej marihuany s\u0105 ekstrahowane ca\u0142kowicie samodzielnie. Hash to w pewnym sensie konopie destylowane! Patyczki do haszyszu z lodu<\/p>\n<p>Wykonywanie haszyszu z suchego lodu to najprostsza, najszybsza i najbardziej wydajna metoda ekstrakcji \u017cywicy z konopi. Kr\u00f3tko m\u00f3wi\u0105c, to nasza zbiorowa opinia. Hash Dry Ice to optymalna metoda produkcji haszyszu. Pa\u0142eczki z haszem z lodu<\/p>\n<p>&nbsp;<\/p>\n<p>Co sprawia, \u017ce \u200b\u200bhaszysz z suchego lodu jest wyj\u0105tkowy?<\/p>\n<p>Chocia\u017c nie wszystkie haszy s\u0105 identyczne, wiele z nich jest do\u015b\u0107 podobnych.<\/p>\n<p>Hash wodny \u2013 alternatywnie okre\u015blany jako hasz lodowy, hasz b\u0105belkowy, hasz grawitacyjny (Gumby) i haszysz z suchego lodu \u2013 wszystkie wytwarzaj\u0105 izolowane gruczo\u0142y \u017cywiczne.<\/p>\n<p>Patyczki haszyszowe wykonane z lodu<\/p>\n<p>Podczas gdy wiele metod daje ten sam lub podobny produkt, u\u017cycie suchego lodu ma wiele zalet w por\u00f3wnaniu z innymi metodami zbierania \u017cywicy:<\/p>\n<p>Jest to bardziej celowe ni\u017c metody alternatywne.<br \/> Mo\u017cesz Uko\u0144cz hasz z suchym lodem w oko\u0142o 1\/25 czasu potrzebnego do wykonania haszu grawitacyjnego! Chocia\u017c ten przyk\u0142ad jest ekstremalny, zrobienie haszyszu z suchego lodu zajmuje tylko kilka minut i jest znacznie szybsze ni\u017c inne metody. Patyczki do haszyszu z lodu<br \/> To \u015bmiesznie proste, a ta prostota przek\u0142ada si\u0119 na natychmiastow\u0105 satysfakcj\u0119. Potrz\u0105saj\u0105c wiadrem i torb\u0105, uzyskujesz haszysz premium przez mniej ni\u017c 15 minut.<br \/> Nie ma wilgoci!<br \/> Oznacza to, \u017ce \u017cywica jest gotowa natychmiast po wstrz\u0105\u015bni\u0119ciu luzem!<\/p>\n","protected":false},"excerpt":{"rendered":"<div class=\"woocommerce-product-details__short-description\">\n<p>Ice Hash Sticks, znane r\u00f3wnie\u017c jako Thai Sticks, to czysta odmiana sativa, kt\u00f3ra powsta\u0142a w Tajlandii i dotar\u0142a do Stan\u00f3w Zjednoczonych w latach 70.<\/p>\n<p>Ice Hash szybko zyskuje na popularno\u015bci jako nie wymagaj\u0105ca konserwacji metoda produkcji wysokiej jako\u015bci haszyszu. Marihuan\u0119 \u0142\u0105czy si\u0119 z wod\u0105, a nast\u0119pnie filtruje przez r\u00f3\u017cnego rodzaju tkaniny. \u017bywica, kt\u00f3ra powstaje, jest niesamowita. Pa\u0142eczki do haszyszu wykonane z lodu. Istnieje wiele metod tworzenia Ice Hash. Mo\u017cesz kupi\u0107 Ice-o-latory online, aby stworzy\u0107 Ice Hash. Kup pa\u0142eczki haszyszowe wykonane z lodu<\/p>\n<\/p><\/div>\n","protected":false},"featured_media":4679,"comment_status":"open","ping_status":"closed","template":"","meta":[],"product_brand":[],"product_cat":[610],"product_tag":[],"class_list":{"0":"post-4666","1":"product","2":"type-product","3":"status-publish","4":"has-post-thumbnail","6":"product_cat-kup-hasz-haszysz","8":"first","9":"instock","10":"shipping-taxable","11":"purchasable","12":"product-type-variable","13":"has-default-attributes"},"yoast_head":"<!-- This site is optimized with the Yoast SEO plugin v27.3 - https:\/\/yoast.com\/product\/yoast-seo-wordpress\/ -->\n<title>Kup Ice Hash Sticks \u2014 najlepsze na \u015bwiecie leki<\/title>\n<meta name=\"description\" content=\"Kup Ice Hash Sticks na sprzeda\u017c Wielka Brytania, Europe Online, znana r\u00f3wnie\u017c jako Thai Sticks, to czysta odmiana sativa, kt\u00f3ra rozpocz\u0119\u0142a si\u0119 w Tajlandii, a do Stan\u00f3w Zjednoczonych dotar\u0142a dopiero w latach 70-tych.\" \/>\n<meta name=\"robots\" content=\"index, follow, max-snippet:-1, max-image-preview:large, max-video-preview:-1\" \/>\n<link rel=\"canonical\" href=\"https:\/\/medicinasinc.com\/pl\/product\/kup-lody-hash-sticks\/\" \/>\n<meta property=\"og:locale\" content=\"en_US\" \/>\n<meta property=\"og:type\" content=\"article\" \/>\n<meta property=\"og:title\" content=\"Kup Ice Hash Sticks \u2014 najlepsze na \u015bwiecie leki\" \/>\n<meta property=\"og:description\" content=\"Kup Ice Hash Sticks na sprzeda\u017c Wielka Brytania, Europe Online, znana r\u00f3wnie\u017c jako Thai Sticks, to czysta odmiana sativa, kt\u00f3ra rozpocz\u0119\u0142a si\u0119 w Tajlandii, a do Stan\u00f3w Zjednoczonych dotar\u0142a dopiero w latach 70-tych.\" \/>\n<meta property=\"og:url\" content=\"https:\/\/medicinasinc.com\/pl\/product\/kup-lody-hash-sticks\/\" \/>\n<meta property=\"og:site_name\" content=\"Medicinas Inc\" \/>\n<meta property=\"article:modified_time\" content=\"2022-03-22T01:15:55+00:00\" \/>\n<meta property=\"og:image\" content=\"https:\/\/medicinasinc.com\/pl\/wp-content\/uploads\/sites\/13\/2022\/02\/Buy-Ice-Hash-Sticks.jpg\" \/>\n\t<meta property=\"og:image:width\" content=\"600\" \/>\n\t<meta property=\"og:image:height\" content=\"600\" \/>\n\t<meta property=\"og:image:type\" content=\"image\/jpeg\" \/>\n<meta name=\"twitter:card\" content=\"summary_large_image\" \/>\n<meta name=\"twitter:label1\" content=\"Est. reading time\" \/>\n\t<meta name=\"twitter:data1\" content=\"2 minutes\" \/>\n<script type=\"application\/ld+json\" class=\"yoast-schema-graph\">{\"@context\":\"https:\\\/\\\/schema.org\",\"@graph\":[{\"@type\":\"WebPage\",\"@id\":\"https:\\\/\\\/medicinasinc.com\\\/pl\\\/product\\\/kup-lody-hash-sticks\\\/\",\"url\":\"https:\\\/\\\/medicinasinc.com\\\/pl\\\/product\\\/kup-lody-hash-sticks\\\/\",\"name\":\"Kup Ice Hash Sticks \u2014 najlepsze na \u015bwiecie leki\",\"isPartOf\":{\"@id\":\"https:\\\/\\\/medicinasinc.com\\\/pl\\\/#website\"},\"primaryImageOfPage\":{\"@id\":\"https:\\\/\\\/medicinasinc.com\\\/pl\\\/product\\\/kup-lody-hash-sticks\\\/#primaryimage\"},\"image\":{\"@id\":\"https:\\\/\\\/medicinasinc.com\\\/pl\\\/product\\\/kup-lody-hash-sticks\\\/#primaryimage\"},\"thumbnailUrl\":\"https:\\\/\\\/medicinasinc.com\\\/pl\\\/wp-content\\\/uploads\\\/sites\\\/13\\\/2022\\\/02\\\/Buy-Ice-Hash-Sticks.jpg\",\"datePublished\":\"2022-02-20T14:26:53+00:00\",\"dateModified\":\"2022-03-22T01:15:55+00:00\",\"description\":\"Kup Ice Hash Sticks na sprzeda\u017c Wielka Brytania, Europe Online, znana r\u00f3wnie\u017c jako Thai Sticks, to czysta odmiana sativa, kt\u00f3ra rozpocz\u0119\u0142a si\u0119 w Tajlandii, a do Stan\u00f3w Zjednoczonych dotar\u0142a dopiero w latach 70-tych.\",\"breadcrumb\":{\"@id\":\"https:\\\/\\\/medicinasinc.com\\\/pl\\\/product\\\/kup-lody-hash-sticks\\\/#breadcrumb\"},\"inLanguage\":\"en-US\",\"potentialAction\":[{\"@type\":\"ReadAction\",\"target\":[\"https:\\\/\\\/medicinasinc.com\\\/pl\\\/product\\\/kup-lody-hash-sticks\\\/\"]}]},{\"@type\":\"ImageObject\",\"inLanguage\":\"en-US\",\"@id\":\"https:\\\/\\\/medicinasinc.com\\\/pl\\\/product\\\/kup-lody-hash-sticks\\\/#primaryimage\",\"url\":\"https:\\\/\\\/medicinasinc.com\\\/pl\\\/wp-content\\\/uploads\\\/sites\\\/13\\\/2022\\\/02\\\/Buy-Ice-Hash-Sticks.jpg\",\"contentUrl\":\"https:\\\/\\\/medicinasinc.com\\\/pl\\\/wp-content\\\/uploads\\\/sites\\\/13\\\/2022\\\/02\\\/Buy-Ice-Hash-Sticks.jpg\",\"width\":600,\"height\":600},{\"@type\":\"BreadcrumbList\",\"@id\":\"https:\\\/\\\/medicinasinc.com\\\/pl\\\/product\\\/kup-lody-hash-sticks\\\/#breadcrumb\",\"itemListElement\":[{\"@type\":\"ListItem\",\"position\":1,\"name\":\"Sklep\",\"item\":\"https:\\\/\\\/medicinasinc.com\\\/pl\\\/sklep\\\/\"},{\"@type\":\"ListItem\",\"position\":2,\"name\":\"Kup Ice Hash Sticks\"}]},{\"@type\":\"WebSite\",\"@id\":\"https:\\\/\\\/medicinasinc.com\\\/pl\\\/#website\",\"url\":\"https:\\\/\\\/medicinasinc.com\\\/pl\\\/\",\"name\":\"Medicinas Inc\",\"description\":\"Health Medical Clinic\",\"potentialAction\":[{\"@type\":\"SearchAction\",\"target\":{\"@type\":\"EntryPoint\",\"urlTemplate\":\"https:\\\/\\\/medicinasinc.com\\\/pl\\\/?s={search_term_string}\"},\"query-input\":{\"@type\":\"PropertyValueSpecification\",\"valueRequired\":true,\"valueName\":\"search_term_string\"}}],\"inLanguage\":\"en-US\"}]}<\/script>\n<!-- \/ Yoast SEO plugin. -->","yoast_head_json":{"title":"Kup Ice Hash Sticks \u2014 najlepsze na \u015bwiecie leki","description":"Kup Ice Hash Sticks na sprzeda\u017c Wielka Brytania, Europe Online, znana r\u00f3wnie\u017c jako Thai Sticks, to czysta odmiana sativa, kt\u00f3ra rozpocz\u0119\u0142a si\u0119 w Tajlandii, a do Stan\u00f3w Zjednoczonych dotar\u0142a dopiero w latach 70-tych.","robots":{"index":"index","follow":"follow","max-snippet":"max-snippet:-1","max-image-preview":"max-image-preview:large","max-video-preview":"max-video-preview:-1"},"canonical":"https:\/\/medicinasinc.com\/pl\/product\/kup-lody-hash-sticks\/","og_locale":"en_US","og_type":"article","og_title":"Kup Ice Hash Sticks \u2014 najlepsze na \u015bwiecie leki","og_description":"Kup Ice Hash Sticks na sprzeda\u017c Wielka Brytania, Europe Online, znana r\u00f3wnie\u017c jako Thai Sticks, to czysta odmiana sativa, kt\u00f3ra rozpocz\u0119\u0142a si\u0119 w Tajlandii, a do Stan\u00f3w Zjednoczonych dotar\u0142a dopiero w latach 70-tych.","og_url":"https:\/\/medicinasinc.com\/pl\/product\/kup-lody-hash-sticks\/","og_site_name":"Medicinas Inc","article_modified_time":"2022-03-22T01:15:55+00:00","og_image":[{"width":600,"height":600,"url":"https:\/\/medicinasinc.com\/pl\/wp-content\/uploads\/sites\/13\/2022\/02\/Buy-Ice-Hash-Sticks.jpg","type":"image\/jpeg"}],"twitter_card":"summary_large_image","twitter_misc":{"Est. reading time":"2 minutes"},"schema":{"@context":"https:\/\/schema.org","@graph":[{"@type":"WebPage","@id":"https:\/\/medicinasinc.com\/pl\/product\/kup-lody-hash-sticks\/","url":"https:\/\/medicinasinc.com\/pl\/product\/kup-lody-hash-sticks\/","name":"Kup Ice Hash Sticks \u2014 najlepsze na \u015bwiecie leki","isPartOf":{"@id":"https:\/\/medicinasinc.com\/pl\/#website"},"primaryImageOfPage":{"@id":"https:\/\/medicinasinc.com\/pl\/product\/kup-lody-hash-sticks\/#primaryimage"},"image":{"@id":"https:\/\/medicinasinc.com\/pl\/product\/kup-lody-hash-sticks\/#primaryimage"},"thumbnailUrl":"https:\/\/medicinasinc.com\/pl\/wp-content\/uploads\/sites\/13\/2022\/02\/Buy-Ice-Hash-Sticks.jpg","datePublished":"2022-02-20T14:26:53+00:00","dateModified":"2022-03-22T01:15:55+00:00","description":"Kup Ice Hash Sticks na sprzeda\u017c Wielka Brytania, Europe Online, znana r\u00f3wnie\u017c jako Thai Sticks, to czysta odmiana sativa, kt\u00f3ra rozpocz\u0119\u0142a si\u0119 w Tajlandii, a do Stan\u00f3w Zjednoczonych dotar\u0142a dopiero w latach 70-tych.","breadcrumb":{"@id":"https:\/\/medicinasinc.com\/pl\/product\/kup-lody-hash-sticks\/#breadcrumb"},"inLanguage":"en-US","potentialAction":[{"@type":"ReadAction","target":["https:\/\/medicinasinc.com\/pl\/product\/kup-lody-hash-sticks\/"]}]},{"@type":"ImageObject","inLanguage":"en-US","@id":"https:\/\/medicinasinc.com\/pl\/product\/kup-lody-hash-sticks\/#primaryimage","url":"https:\/\/medicinasinc.com\/pl\/wp-content\/uploads\/sites\/13\/2022\/02\/Buy-Ice-Hash-Sticks.jpg","contentUrl":"https:\/\/medicinasinc.com\/pl\/wp-content\/uploads\/sites\/13\/2022\/02\/Buy-Ice-Hash-Sticks.jpg","width":600,"height":600},{"@type":"BreadcrumbList","@id":"https:\/\/medicinasinc.com\/pl\/product\/kup-lody-hash-sticks\/#breadcrumb","itemListElement":[{"@type":"ListItem","position":1,"name":"Sklep","item":"https:\/\/medicinasinc.com\/pl\/sklep\/"},{"@type":"ListItem","position":2,"name":"Kup Ice Hash Sticks"}]},{"@type":"WebSite","@id":"https:\/\/medicinasinc.com\/pl\/#website","url":"https:\/\/medicinasinc.com\/pl\/","name":"Medicinas Inc","description":"Health Medical Clinic","potentialAction":[{"@type":"SearchAction","target":{"@type":"EntryPoint","urlTemplate":"https:\/\/medicinasinc.com\/pl\/?s={search_term_string}"},"query-input":{"@type":"PropertyValueSpecification","valueRequired":true,"valueName":"search_term_string"}}],"inLanguage":"en-US"}]}},"_links":{"self":[{"href":"https:\/\/medicinasinc.com\/pl\/wp-json\/wp\/v2\/product\/4666","targetHints":{"allow":["GET"]}}],"collection":[{"href":"https:\/\/medicinasinc.com\/pl\/wp-json\/wp\/v2\/product"}],"about":[{"href":"https:\/\/medicinasinc.com\/pl\/wp-json\/wp\/v2\/types\/product"}],"replies":[{"embeddable":true,"href":"https:\/\/medicinasinc.com\/pl\/wp-json\/wp\/v2\/comments?post=4666"}],"wp:featuredmedia":[{"embeddable":true,"href":"https:\/\/medicinasinc.com\/pl\/wp-json\/wp\/v2\/media\/4679"}],"wp:attachment":[{"href":"https:\/\/medicinasinc.com\/pl\/wp-json\/wp\/v2\/media?parent=4666"}],"wp:term":[{"taxonomy":"product_brand","embeddable":true,"href":"https:\/\/medicinasinc.com\/pl\/wp-json\/wp\/v2\/product_brand?post=4666"},{"taxonomy":"product_cat","embeddable":true,"href":"https:\/\/medicinasinc.com\/pl\/wp-json\/wp\/v2\/product_cat?post=4666"},{"taxonomy":"product_tag","embeddable":true,"href":"https:\/\/medicinasinc.com\/pl\/wp-json\/wp\/v2\/product_tag?post=4666"}],"curies":[{"name":"wp","href":"https:\/\/api.w.org\/{rel}","templated":true}]}}