{"id":4658,"date":"2022-02-20T14:22:15","date_gmt":"2022-02-20T14:22:15","guid":{"rendered":"https:\/\/medicinasinc.com\/pl\/?post_type=product&#038;p=4658"},"modified":"2022-03-22T01:16:04","modified_gmt":"2022-03-22T01:16:04","slug":"kup-miodowy-marokanski-blond-hash","status":"publish","type":"product","link":"https:\/\/medicinasinc.com\/pl\/product\/kup-miodowy-marokanski-blond-hash\/","title":{"rendered":"Kup miodowy maroka\u0144ski blond hasz"},"content":{"rendered":"<div class=\"woocommerce-tabs wc-tabs-wrapper\">\n<div id=\"tab-description\" class=\"woocommerce-Tabs-panel woocommerce-Tabs-panel--description panel entry-content wc-tab\" role=\"tabpanel\" aria-labelledby=\"tab-title-description\">\n<p>Zakup online Honey Maroccan Blonde Hash. Kif jest cz\u0119sto u\u017cywany w po\u0142\u0105czeniu z haszyszem. Kif jest cz\u0119sto u\u017cywany na Zachodzie do tworzenia unikalnego Honey Moroccan Blonde Hash. Kiedy u\u017cywa si\u0119 \u0142agodniejszych li\u015bci, okre\u015bla si\u0119 je jako \u201ehabisha\u201d, co jest podobne do marihuany.<\/p>\n<p>Honey Maroccan Blonde Hash ma typowo s\u0142odki smak z g\u0142adk\u0105 nut\u0105 na j\u0119zyku. To rodzaj smaku, kt\u00f3ry uwielbiaj\u0105 kubki smakowe. Mo\u017cliwe jest uzyskanie niezwykle \u017cywicznego haszyszu.<\/p>\n<p>Smak miodu Moroccan Blonde Hash:<\/p>\n<p>Honey Moroccan Blonde Hash ma s\u0142odki smak i g\u0142adk\u0105 konsystencj\u0119 na j\u0119zyku. To rodzaj smaku, kt\u00f3ry doceniaj\u0105 kubki smakowe. Mo\u017cliwe jest posiadanie bardzo \u017cywicznego haszyszu. Zakup online Honey Maroccan Blonde Hash<\/p>\n<\/p><\/div><\/div>\n","protected":false},"excerpt":{"rendered":"<div class=\"woocommerce-product-details__short-description\">\n<p>Kup Honey Maroccan Blonde Hash na sprzeda\u017c w Wielkiej Brytanii, Europie. Jest lekko aromatyczny z nut\u0105 przypraw, kt\u00f3ra daje m\u00f3zgowy i aktywny haj. blond haszysz.<\/p>\n<\/p><\/div>\n","protected":false},"featured_media":4671,"comment_status":"open","ping_status":"closed","template":"","meta":[],"product_brand":[],"product_cat":[610],"product_tag":[],"class_list":{"0":"post-4658","1":"product","2":"type-product","3":"status-publish","4":"has-post-thumbnail","6":"product_cat-kup-hasz-haszysz","8":"first","9":"instock","10":"shipping-taxable","11":"purchasable","12":"product-type-variable","13":"has-default-attributes"},"yoast_head":"<!-- This site is optimized with the Yoast SEO plugin v27.3 - https:\/\/yoast.com\/product\/yoast-seo-wordpress\/ -->\n<title>Kup Honey Maroccan Blonde Hash - Best Global Medicina<\/title>\n<meta name=\"description\" content=\"Sprzedam Honey Moroccan Blonde Hash na sprzeda\u017c w Wielkiej Brytanii, Europie. Jest lekko aromatyczny z nut\u0105 przypraw, kt\u00f3ra daje m\u00f3zgowy i aktywny haj. blond haszysz.\" \/>\n<meta name=\"robots\" content=\"index, follow, max-snippet:-1, max-image-preview:large, max-video-preview:-1\" \/>\n<link rel=\"canonical\" href=\"https:\/\/medicinasinc.com\/pl\/product\/kup-miodowy-marokanski-blond-hash\/\" \/>\n<meta property=\"og:locale\" content=\"en_US\" \/>\n<meta property=\"og:type\" content=\"article\" \/>\n<meta property=\"og:title\" content=\"Kup Honey Maroccan Blonde Hash - Best Global Medicina\" \/>\n<meta property=\"og:description\" content=\"Sprzedam Honey Moroccan Blonde Hash na sprzeda\u017c w Wielkiej Brytanii, Europie. Jest lekko aromatyczny z nut\u0105 przypraw, kt\u00f3ra daje m\u00f3zgowy i aktywny haj. blond haszysz.\" \/>\n<meta property=\"og:url\" content=\"https:\/\/medicinasinc.com\/pl\/product\/kup-miodowy-marokanski-blond-hash\/\" \/>\n<meta property=\"og:site_name\" content=\"Medicinas Inc\" \/>\n<meta property=\"article:modified_time\" content=\"2022-03-22T01:16:04+00:00\" \/>\n<meta property=\"og:image\" content=\"https:\/\/medicinasinc.com\/pl\/wp-content\/uploads\/sites\/13\/2022\/02\/Buy-Honey-Moroccan-Blonde-Hash.jpg\" \/>\n\t<meta property=\"og:image:width\" content=\"600\" \/>\n\t<meta property=\"og:image:height\" content=\"600\" \/>\n\t<meta property=\"og:image:type\" content=\"image\/jpeg\" \/>\n<meta name=\"twitter:card\" content=\"summary_large_image\" \/>\n<meta name=\"twitter:label1\" content=\"Est. reading time\" \/>\n\t<meta name=\"twitter:data1\" content=\"1 minute\" \/>\n<script type=\"application\/ld+json\" class=\"yoast-schema-graph\">{\"@context\":\"https:\\\/\\\/schema.org\",\"@graph\":[{\"@type\":\"WebPage\",\"@id\":\"https:\\\/\\\/medicinasinc.com\\\/pl\\\/product\\\/kup-miodowy-marokanski-blond-hash\\\/\",\"url\":\"https:\\\/\\\/medicinasinc.com\\\/pl\\\/product\\\/kup-miodowy-marokanski-blond-hash\\\/\",\"name\":\"Kup Honey Maroccan Blonde Hash - Best Global Medicina\",\"isPartOf\":{\"@id\":\"https:\\\/\\\/medicinasinc.com\\\/pl\\\/#website\"},\"primaryImageOfPage\":{\"@id\":\"https:\\\/\\\/medicinasinc.com\\\/pl\\\/product\\\/kup-miodowy-marokanski-blond-hash\\\/#primaryimage\"},\"image\":{\"@id\":\"https:\\\/\\\/medicinasinc.com\\\/pl\\\/product\\\/kup-miodowy-marokanski-blond-hash\\\/#primaryimage\"},\"thumbnailUrl\":\"https:\\\/\\\/medicinasinc.com\\\/pl\\\/wp-content\\\/uploads\\\/sites\\\/13\\\/2022\\\/02\\\/Buy-Honey-Moroccan-Blonde-Hash.jpg\",\"datePublished\":\"2022-02-20T14:22:15+00:00\",\"dateModified\":\"2022-03-22T01:16:04+00:00\",\"description\":\"Sprzedam Honey Moroccan Blonde Hash na sprzeda\u017c w Wielkiej Brytanii, Europie. Jest lekko aromatyczny z nut\u0105 przypraw, kt\u00f3ra daje m\u00f3zgowy i aktywny haj. blond haszysz.\",\"breadcrumb\":{\"@id\":\"https:\\\/\\\/medicinasinc.com\\\/pl\\\/product\\\/kup-miodowy-marokanski-blond-hash\\\/#breadcrumb\"},\"inLanguage\":\"en-US\",\"potentialAction\":[{\"@type\":\"ReadAction\",\"target\":[\"https:\\\/\\\/medicinasinc.com\\\/pl\\\/product\\\/kup-miodowy-marokanski-blond-hash\\\/\"]}]},{\"@type\":\"ImageObject\",\"inLanguage\":\"en-US\",\"@id\":\"https:\\\/\\\/medicinasinc.com\\\/pl\\\/product\\\/kup-miodowy-marokanski-blond-hash\\\/#primaryimage\",\"url\":\"https:\\\/\\\/medicinasinc.com\\\/pl\\\/wp-content\\\/uploads\\\/sites\\\/13\\\/2022\\\/02\\\/Buy-Honey-Moroccan-Blonde-Hash.jpg\",\"contentUrl\":\"https:\\\/\\\/medicinasinc.com\\\/pl\\\/wp-content\\\/uploads\\\/sites\\\/13\\\/2022\\\/02\\\/Buy-Honey-Moroccan-Blonde-Hash.jpg\",\"width\":600,\"height\":600},{\"@type\":\"BreadcrumbList\",\"@id\":\"https:\\\/\\\/medicinasinc.com\\\/pl\\\/product\\\/kup-miodowy-marokanski-blond-hash\\\/#breadcrumb\",\"itemListElement\":[{\"@type\":\"ListItem\",\"position\":1,\"name\":\"Sklep\",\"item\":\"https:\\\/\\\/medicinasinc.com\\\/pl\\\/sklep\\\/\"},{\"@type\":\"ListItem\",\"position\":2,\"name\":\"Kup miodowy maroka\u0144ski blond hasz\"}]},{\"@type\":\"WebSite\",\"@id\":\"https:\\\/\\\/medicinasinc.com\\\/pl\\\/#website\",\"url\":\"https:\\\/\\\/medicinasinc.com\\\/pl\\\/\",\"name\":\"Medicinas Inc\",\"description\":\"Health Medical Clinic\",\"potentialAction\":[{\"@type\":\"SearchAction\",\"target\":{\"@type\":\"EntryPoint\",\"urlTemplate\":\"https:\\\/\\\/medicinasinc.com\\\/pl\\\/?s={search_term_string}\"},\"query-input\":{\"@type\":\"PropertyValueSpecification\",\"valueRequired\":true,\"valueName\":\"search_term_string\"}}],\"inLanguage\":\"en-US\"}]}<\/script>\n<!-- \/ Yoast SEO plugin. -->","yoast_head_json":{"title":"Kup Honey Maroccan Blonde Hash - Best Global Medicina","description":"Sprzedam Honey Moroccan Blonde Hash na sprzeda\u017c w Wielkiej Brytanii, Europie. Jest lekko aromatyczny z nut\u0105 przypraw, kt\u00f3ra daje m\u00f3zgowy i aktywny haj. blond haszysz.","robots":{"index":"index","follow":"follow","max-snippet":"max-snippet:-1","max-image-preview":"max-image-preview:large","max-video-preview":"max-video-preview:-1"},"canonical":"https:\/\/medicinasinc.com\/pl\/product\/kup-miodowy-marokanski-blond-hash\/","og_locale":"en_US","og_type":"article","og_title":"Kup Honey Maroccan Blonde Hash - Best Global Medicina","og_description":"Sprzedam Honey Moroccan Blonde Hash na sprzeda\u017c w Wielkiej Brytanii, Europie. Jest lekko aromatyczny z nut\u0105 przypraw, kt\u00f3ra daje m\u00f3zgowy i aktywny haj. blond haszysz.","og_url":"https:\/\/medicinasinc.com\/pl\/product\/kup-miodowy-marokanski-blond-hash\/","og_site_name":"Medicinas Inc","article_modified_time":"2022-03-22T01:16:04+00:00","og_image":[{"width":600,"height":600,"url":"https:\/\/medicinasinc.com\/pl\/wp-content\/uploads\/sites\/13\/2022\/02\/Buy-Honey-Moroccan-Blonde-Hash.jpg","type":"image\/jpeg"}],"twitter_card":"summary_large_image","twitter_misc":{"Est. reading time":"1 minute"},"schema":{"@context":"https:\/\/schema.org","@graph":[{"@type":"WebPage","@id":"https:\/\/medicinasinc.com\/pl\/product\/kup-miodowy-marokanski-blond-hash\/","url":"https:\/\/medicinasinc.com\/pl\/product\/kup-miodowy-marokanski-blond-hash\/","name":"Kup Honey Maroccan Blonde Hash - Best Global Medicina","isPartOf":{"@id":"https:\/\/medicinasinc.com\/pl\/#website"},"primaryImageOfPage":{"@id":"https:\/\/medicinasinc.com\/pl\/product\/kup-miodowy-marokanski-blond-hash\/#primaryimage"},"image":{"@id":"https:\/\/medicinasinc.com\/pl\/product\/kup-miodowy-marokanski-blond-hash\/#primaryimage"},"thumbnailUrl":"https:\/\/medicinasinc.com\/pl\/wp-content\/uploads\/sites\/13\/2022\/02\/Buy-Honey-Moroccan-Blonde-Hash.jpg","datePublished":"2022-02-20T14:22:15+00:00","dateModified":"2022-03-22T01:16:04+00:00","description":"Sprzedam Honey Moroccan Blonde Hash na sprzeda\u017c w Wielkiej Brytanii, Europie. Jest lekko aromatyczny z nut\u0105 przypraw, kt\u00f3ra daje m\u00f3zgowy i aktywny haj. blond haszysz.","breadcrumb":{"@id":"https:\/\/medicinasinc.com\/pl\/product\/kup-miodowy-marokanski-blond-hash\/#breadcrumb"},"inLanguage":"en-US","potentialAction":[{"@type":"ReadAction","target":["https:\/\/medicinasinc.com\/pl\/product\/kup-miodowy-marokanski-blond-hash\/"]}]},{"@type":"ImageObject","inLanguage":"en-US","@id":"https:\/\/medicinasinc.com\/pl\/product\/kup-miodowy-marokanski-blond-hash\/#primaryimage","url":"https:\/\/medicinasinc.com\/pl\/wp-content\/uploads\/sites\/13\/2022\/02\/Buy-Honey-Moroccan-Blonde-Hash.jpg","contentUrl":"https:\/\/medicinasinc.com\/pl\/wp-content\/uploads\/sites\/13\/2022\/02\/Buy-Honey-Moroccan-Blonde-Hash.jpg","width":600,"height":600},{"@type":"BreadcrumbList","@id":"https:\/\/medicinasinc.com\/pl\/product\/kup-miodowy-marokanski-blond-hash\/#breadcrumb","itemListElement":[{"@type":"ListItem","position":1,"name":"Sklep","item":"https:\/\/medicinasinc.com\/pl\/sklep\/"},{"@type":"ListItem","position":2,"name":"Kup miodowy maroka\u0144ski blond hasz"}]},{"@type":"WebSite","@id":"https:\/\/medicinasinc.com\/pl\/#website","url":"https:\/\/medicinasinc.com\/pl\/","name":"Medicinas Inc","description":"Health Medical Clinic","potentialAction":[{"@type":"SearchAction","target":{"@type":"EntryPoint","urlTemplate":"https:\/\/medicinasinc.com\/pl\/?s={search_term_string}"},"query-input":{"@type":"PropertyValueSpecification","valueRequired":true,"valueName":"search_term_string"}}],"inLanguage":"en-US"}]}},"_links":{"self":[{"href":"https:\/\/medicinasinc.com\/pl\/wp-json\/wp\/v2\/product\/4658","targetHints":{"allow":["GET"]}}],"collection":[{"href":"https:\/\/medicinasinc.com\/pl\/wp-json\/wp\/v2\/product"}],"about":[{"href":"https:\/\/medicinasinc.com\/pl\/wp-json\/wp\/v2\/types\/product"}],"replies":[{"embeddable":true,"href":"https:\/\/medicinasinc.com\/pl\/wp-json\/wp\/v2\/comments?post=4658"}],"wp:featuredmedia":[{"embeddable":true,"href":"https:\/\/medicinasinc.com\/pl\/wp-json\/wp\/v2\/media\/4671"}],"wp:attachment":[{"href":"https:\/\/medicinasinc.com\/pl\/wp-json\/wp\/v2\/media?parent=4658"}],"wp:term":[{"taxonomy":"product_brand","embeddable":true,"href":"https:\/\/medicinasinc.com\/pl\/wp-json\/wp\/v2\/product_brand?post=4658"},{"taxonomy":"product_cat","embeddable":true,"href":"https:\/\/medicinasinc.com\/pl\/wp-json\/wp\/v2\/product_cat?post=4658"},{"taxonomy":"product_tag","embeddable":true,"href":"https:\/\/medicinasinc.com\/pl\/wp-json\/wp\/v2\/product_tag?post=4658"}],"curies":[{"name":"wp","href":"https:\/\/api.w.org\/{rel}","templated":true}]}}