{"id":4627,"date":"2022-02-20T13:57:00","date_gmt":"2022-02-20T13:57:00","guid":{"rendered":"https:\/\/medicinasinc.com\/pl\/?post_type=product&#038;p=4627"},"modified":"2022-03-22T01:16:43","modified_gmt":"2022-03-22T01:16:43","slug":"kup-bc-hasz","status":"publish","type":"product","link":"https:\/\/medicinasinc.com\/pl\/product\/kup-bc-hasz\/","title":{"rendered":"Kup hasz BC"},"content":{"rendered":"<div class=\"woocommerce-tabs wc-tabs-wrapper\">\n<div id=\"tab-description\" class=\"woocommerce-Tabs-panel woocommerce-Tabs-panel--description panel entry-content wc-tab\" role=\"tabpanel\" aria-labelledby=\"tab-title-description\">\n<p>BC-Hash mo\u017cna kupi\u0107 online.<\/p>\n<p>Chcesz dzisiaj spr\u00f3bowa\u0107 czego\u015b nowego? Nasz\u0105 rekomendacj\u0105 jest sprawdzenie tego wysokiej jako\u015bci haszyszu, kt\u00f3ry jest popularny zar\u00f3wno w\u015br\u00f3d pocz\u0105tkuj\u0105cych, jak i do\u015bwiadczonych u\u017cytkownik\u00f3w marihuany. BC-Hash mo\u017cna kupi\u0107 online.<\/p>\n<p>BC Hash ma wyra\u017any sosnowy aromat i smak.<\/p>\n<p>Podczas gdy wiele os\u00f3b spodziewa si\u0119 silnego zapachu, w rzeczywisto\u015bci jest on do\u015b\u0107 \u0142agodny, dzi\u0119ki czemu ten produkt r\u00f3wnie\u017c jest ca\u0142kiem praktyczny. Najlepsze jest to, \u017ce haj nie zaczyna si\u0119 natychmiast, wi\u0119c nie spiesz si\u0119 i spodziewaj si\u0119, \u017ce b\u0119dzie trwa\u0142 d\u0142ugo. Jest to doskona\u0142a opcja dla os\u00f3b poszukuj\u0105cych dnia relaksu, a tak\u017ce dla tych, kt\u00f3rzy chc\u0105 zwalczy\u0107 niepok\u00f3j. Wysy\u0142amy do Stan\u00f3w Zjednoczonych Ameryki, Wielkiej Brytanii, Australii, Kanady i Europy, a tak\u017ce za granic\u0119.<\/p>\n<\/p><\/div><\/div>\n","protected":false},"excerpt":{"rendered":"<p>Kup BC Hash na sprzeda\u017c w Wielkiej Brytanii Online w najlepszym globalnym ba\u0142aganie. Zam\u00f3w produkty z oleju haszyszowego i haszysz BC. Kup chwast online tutaj i uzyskaj szybk\u0105 wysy\u0142k\u0119 w dowolne miejsce w Europie, Wielkiej Brytanii.<\/p>\n<p>&nbsp;<\/p>\n<ul>\n<li>Wysy\u0142ka na ca\u0142y \u015bwiat<\/li>\n<li><strong>Klasa: AAAA<\/strong><\/li>\n<li><strong>Skontaktuj si\u0119 z nami<\/strong>\u00a0w przypadku wi\u0119kszych zam\u00f3wie\u0144<\/li>\n<\/ul>\n","protected":false},"featured_media":4639,"comment_status":"open","ping_status":"closed","template":"","meta":[],"product_brand":[],"product_cat":[610],"product_tag":[611,612,613,616,617,618,619,620,621,622,626,628,629,632,633,634,636,637,638,642,643,644,651,652,655,646,648,647,649,473,470,475,650,640,624,625,455,627,459,635,631,630,461,623,615,645,639,641,653,454,657,656,659,658,660,661,662,664,665,614,670,671,672,673,682,681,663,669,654,668,667,666,680,678,679,674,675,676,677],"class_list":{"0":"post-4627","1":"product","2":"type-product","3":"status-publish","4":"has-post-thumbnail","6":"product_cat-kup-hasz-haszysz","7":"product_tag-420-zamwienie-poczty-marihuany-usa","8":"product_tag-420-zamwienie-wysykowe-usa","9":"product_tag-best-marijuana-online-shop-usa","10":"product_tag-buy-cannabis-online-kuwait","11":"product_tag-buy-cannabis-online-malaysia","12":"product_tag-buy-cheap-weed-online-usa","13":"product_tag-buy-dabs-online","14":"product_tag-buy-dabs-online-mail-order","15":"product_tag-buy-hash-oil-online-australia","16":"product_tag-buy-hash-online-uk","17":"product_tag-buy-legal-weed-online","18":"product_tag-buy-marijuana-online-brazil","19":"product_tag-buy-marijuana-online-ca","20":"product_tag-buy-marijuana-online-malaysia","21":"product_tag-buy-marijuana-online-middle-east","22":"product_tag-buy-marijuana-online-uk","23":"product_tag-buy-marijuana-shatter-wax-online-with-worldwide-shipping","24":"product_tag-buy-marijuana-shatterwax-online-with-worldwide-shipping","25":"product_tag-buy-marijuana-wax-online-australia","26":"product_tag-buy-shatter-wax-online","27":"product_tag-buy-thc-oil-online","28":"product_tag-buy-thc-wax-online","29":"product_tag-buy-weed-wax-online-with-worldwide-shipping","30":"product_tag-buying-marijuana-online-usa","31":"product_tag-edibles-worldwide-shipping","32":"product_tag-kup-chwasty-jadalne-online","33":"product_tag-kup-chwastw-online-australia","34":"product_tag-kup-chwastw-online-azja","35":"product_tag-kup-chwastw-online-usa","36":"product_tag-kup-chwastw-online-europa","37":"product_tag-kup-chwastw-online","38":"product_tag-kup-chwastw-online-uk","39":"product_tag-kup-chwastw-online-z-wysyk-na-caym-wiecie","40":"product_tag-kup-ksi-c4-99-c5-bcyc-ska-c5-82y-online","41":"product_tag-kup-kush-online","42":"product_tag-kup-kush-online-us","43":"product_tag-kup-marihuan-online","44":"product_tag-kup-marihuan-online-australia","45":"product_tag-kubek-marihuany-c4-99-online-usa","46":"product_tag-kup-marihuan-online-z-wysyk-na-caym-wiecie","47":"product_tag-kup-marihuany-online-latynoamerykaski","48":"product_tag-kup-marihuana-online-dyskretne-opakowanie","49":"product_tag-kup-medyczn-marihuan-online","50":"product_tag-kup-olej-konopny-wysokiej-thc-online","51":"product_tag-kup-konopi-olej-online","52":"product_tag-kup-woskw-online-z-wysyk-na-caym-wiecie","53":"product_tag-kup-marihuana-wosk-online-uk","54":"product_tag-kup-pre-walcowane-zcza-online","55":"product_tag-kupowanie-chwastw-online-usa-recenzje","56":"product_tag-kup-marihuany-jadalne-online","57":"product_tag-legalny-online-przychodnia","58":"product_tag-legalna-marihuana-na-sprzedaz-usa","59":"product_tag-legalna-online-przychodnia-wysyka-na-caym-wiecie","60":"product_tag-legalna-online-poradnia-wysyka-us","61":"product_tag-mail-order-marijuana-online","62":"product_tag-mail-order-marijuana-online-usa","63":"product_tag-mail-order-marijuana-online-with-worldwide-shipping","64":"product_tag-marihuana-sprzedam-usa","65":"product_tag-marihuana-online-us","66":"product_tag-najlepsza-przychodnia-online","67":"product_tag-online-dispensary-shipping-worldwide-reviews","68":"product_tag-order-kush-online-usa","69":"product_tag-order-marijuana-online","70":"product_tag-order-marijuana-online-europe","71":"product_tag-sklep-online-konopny-na-caym-wiecie","72":"product_tag-chwastw-na-sprzeda-online-usa","73":"product_tag-wysykowy-chwastw-online-z-wysyk-na-caym-wiecie","74":"product_tag-online-poradnia-wysyka-na-caym-wiecie","75":"product_tag-kalifornia-ambulatorium-wysyka-na-caym-wiecie","76":"product_tag-online-poradnia-wysyka-usa","77":"product_tag-online-przychodnia-wysyka-pl-pl","78":"product_tag-wysyka-internetowa-przychodnia","79":"product_tag-zamawianie-chwastw-on-line-w-usa","80":"product_tag-zamw-chwastw-online","81":"product_tag-zamw-chwastw-online-usa","82":"product_tag-zamw-marihuan-online-francja","83":"product_tag-zamw-marihuan-online-usa","84":"product_tag-zamw-marihuan-on-line-na-cay-wiat-wysyka","85":"product_tag-zamwienia-rozbicie-online-nas","87":"first","88":"instock","89":"shipping-taxable","90":"purchasable","91":"product-type-variable","92":"has-default-attributes"},"yoast_head":"<!-- This site is optimized with the Yoast SEO plugin v27.3 - https:\/\/yoast.com\/product\/yoast-seo-wordpress\/ -->\n<title>Kup BC Hash Online - Najlepsze najlepsze globalne leki<\/title>\n<meta name=\"description\" content=\"Kup BC Hash na sprzeda\u017c w UK Online w najlepszym globalnym ba\u0142aganie. Zam\u00f3w produkty z oleju haszyszowego i haszysz BC. Kup chwast online tutaj i otrzymaj szybk\u0105 wysy\u0142k\u0119 w dowolne miejsce w Europie, Wielkiej Brytanii.\" \/>\n<meta name=\"robots\" content=\"index, follow, max-snippet:-1, max-image-preview:large, max-video-preview:-1\" \/>\n<link rel=\"canonical\" href=\"https:\/\/medicinasinc.com\/pl\/product\/kup-bc-hasz\/\" \/>\n<meta property=\"og:locale\" content=\"en_US\" \/>\n<meta property=\"og:type\" content=\"article\" \/>\n<meta property=\"og:title\" content=\"Kup BC Hash Online - Najlepsze najlepsze globalne leki\" \/>\n<meta property=\"og:description\" content=\"Kup BC Hash na sprzeda\u017c w UK Online w najlepszym globalnym ba\u0142aganie. Zam\u00f3w produkty z oleju haszyszowego i haszysz BC. Kup chwast online tutaj i otrzymaj szybk\u0105 wysy\u0142k\u0119 w dowolne miejsce w Europie, Wielkiej Brytanii.\" \/>\n<meta property=\"og:url\" content=\"https:\/\/medicinasinc.com\/pl\/product\/kup-bc-hasz\/\" \/>\n<meta property=\"og:site_name\" content=\"Medicinas Inc\" \/>\n<meta property=\"article:modified_time\" content=\"2022-03-22T01:16:43+00:00\" \/>\n<meta property=\"og:image\" content=\"https:\/\/medicinasinc.com\/pl\/wp-content\/uploads\/sites\/13\/2022\/02\/Buy-BC-Hash.jpg\" \/>\n\t<meta property=\"og:image:width\" content=\"600\" \/>\n\t<meta property=\"og:image:height\" content=\"600\" \/>\n\t<meta property=\"og:image:type\" content=\"image\/jpeg\" \/>\n<meta name=\"twitter:card\" content=\"summary_large_image\" \/>\n<meta name=\"twitter:label1\" content=\"Est. reading time\" \/>\n\t<meta name=\"twitter:data1\" content=\"1 minute\" \/>\n<script type=\"application\/ld+json\" class=\"yoast-schema-graph\">{\"@context\":\"https:\\\/\\\/schema.org\",\"@graph\":[{\"@type\":\"WebPage\",\"@id\":\"https:\\\/\\\/medicinasinc.com\\\/pl\\\/product\\\/kup-bc-hasz\\\/\",\"url\":\"https:\\\/\\\/medicinasinc.com\\\/pl\\\/product\\\/kup-bc-hasz\\\/\",\"name\":\"Kup BC Hash Online - Najlepsze najlepsze globalne leki\",\"isPartOf\":{\"@id\":\"https:\\\/\\\/medicinasinc.com\\\/pl\\\/#website\"},\"primaryImageOfPage\":{\"@id\":\"https:\\\/\\\/medicinasinc.com\\\/pl\\\/product\\\/kup-bc-hasz\\\/#primaryimage\"},\"image\":{\"@id\":\"https:\\\/\\\/medicinasinc.com\\\/pl\\\/product\\\/kup-bc-hasz\\\/#primaryimage\"},\"thumbnailUrl\":\"https:\\\/\\\/medicinasinc.com\\\/pl\\\/wp-content\\\/uploads\\\/sites\\\/13\\\/2022\\\/02\\\/Buy-BC-Hash.jpg\",\"datePublished\":\"2022-02-20T13:57:00+00:00\",\"dateModified\":\"2022-03-22T01:16:43+00:00\",\"description\":\"Kup BC Hash na sprzeda\u017c w UK Online w najlepszym globalnym ba\u0142aganie. Zam\u00f3w produkty z oleju haszyszowego i haszysz BC. Kup chwast online tutaj i otrzymaj szybk\u0105 wysy\u0142k\u0119 w dowolne miejsce w Europie, Wielkiej Brytanii.\",\"breadcrumb\":{\"@id\":\"https:\\\/\\\/medicinasinc.com\\\/pl\\\/product\\\/kup-bc-hasz\\\/#breadcrumb\"},\"inLanguage\":\"en-US\",\"potentialAction\":[{\"@type\":\"ReadAction\",\"target\":[\"https:\\\/\\\/medicinasinc.com\\\/pl\\\/product\\\/kup-bc-hasz\\\/\"]}]},{\"@type\":\"ImageObject\",\"inLanguage\":\"en-US\",\"@id\":\"https:\\\/\\\/medicinasinc.com\\\/pl\\\/product\\\/kup-bc-hasz\\\/#primaryimage\",\"url\":\"https:\\\/\\\/medicinasinc.com\\\/pl\\\/wp-content\\\/uploads\\\/sites\\\/13\\\/2022\\\/02\\\/Buy-BC-Hash.jpg\",\"contentUrl\":\"https:\\\/\\\/medicinasinc.com\\\/pl\\\/wp-content\\\/uploads\\\/sites\\\/13\\\/2022\\\/02\\\/Buy-BC-Hash.jpg\",\"width\":600,\"height\":600},{\"@type\":\"BreadcrumbList\",\"@id\":\"https:\\\/\\\/medicinasinc.com\\\/pl\\\/product\\\/kup-bc-hasz\\\/#breadcrumb\",\"itemListElement\":[{\"@type\":\"ListItem\",\"position\":1,\"name\":\"Sklep\",\"item\":\"https:\\\/\\\/medicinasinc.com\\\/pl\\\/sklep\\\/\"},{\"@type\":\"ListItem\",\"position\":2,\"name\":\"Kup hasz BC\"}]},{\"@type\":\"WebSite\",\"@id\":\"https:\\\/\\\/medicinasinc.com\\\/pl\\\/#website\",\"url\":\"https:\\\/\\\/medicinasinc.com\\\/pl\\\/\",\"name\":\"Medicinas Inc\",\"description\":\"Health Medical Clinic\",\"potentialAction\":[{\"@type\":\"SearchAction\",\"target\":{\"@type\":\"EntryPoint\",\"urlTemplate\":\"https:\\\/\\\/medicinasinc.com\\\/pl\\\/?s={search_term_string}\"},\"query-input\":{\"@type\":\"PropertyValueSpecification\",\"valueRequired\":true,\"valueName\":\"search_term_string\"}}],\"inLanguage\":\"en-US\"}]}<\/script>\n<!-- \/ Yoast SEO plugin. -->","yoast_head_json":{"title":"Kup BC Hash Online - Najlepsze najlepsze globalne leki","description":"Kup BC Hash na sprzeda\u017c w UK Online w najlepszym globalnym ba\u0142aganie. Zam\u00f3w produkty z oleju haszyszowego i haszysz BC. Kup chwast online tutaj i otrzymaj szybk\u0105 wysy\u0142k\u0119 w dowolne miejsce w Europie, Wielkiej Brytanii.","robots":{"index":"index","follow":"follow","max-snippet":"max-snippet:-1","max-image-preview":"max-image-preview:large","max-video-preview":"max-video-preview:-1"},"canonical":"https:\/\/medicinasinc.com\/pl\/product\/kup-bc-hasz\/","og_locale":"en_US","og_type":"article","og_title":"Kup BC Hash Online - Najlepsze najlepsze globalne leki","og_description":"Kup BC Hash na sprzeda\u017c w UK Online w najlepszym globalnym ba\u0142aganie. Zam\u00f3w produkty z oleju haszyszowego i haszysz BC. Kup chwast online tutaj i otrzymaj szybk\u0105 wysy\u0142k\u0119 w dowolne miejsce w Europie, Wielkiej Brytanii.","og_url":"https:\/\/medicinasinc.com\/pl\/product\/kup-bc-hasz\/","og_site_name":"Medicinas Inc","article_modified_time":"2022-03-22T01:16:43+00:00","og_image":[{"width":600,"height":600,"url":"https:\/\/medicinasinc.com\/pl\/wp-content\/uploads\/sites\/13\/2022\/02\/Buy-BC-Hash.jpg","type":"image\/jpeg"}],"twitter_card":"summary_large_image","twitter_misc":{"Est. reading time":"1 minute"},"schema":{"@context":"https:\/\/schema.org","@graph":[{"@type":"WebPage","@id":"https:\/\/medicinasinc.com\/pl\/product\/kup-bc-hasz\/","url":"https:\/\/medicinasinc.com\/pl\/product\/kup-bc-hasz\/","name":"Kup BC Hash Online - Najlepsze najlepsze globalne leki","isPartOf":{"@id":"https:\/\/medicinasinc.com\/pl\/#website"},"primaryImageOfPage":{"@id":"https:\/\/medicinasinc.com\/pl\/product\/kup-bc-hasz\/#primaryimage"},"image":{"@id":"https:\/\/medicinasinc.com\/pl\/product\/kup-bc-hasz\/#primaryimage"},"thumbnailUrl":"https:\/\/medicinasinc.com\/pl\/wp-content\/uploads\/sites\/13\/2022\/02\/Buy-BC-Hash.jpg","datePublished":"2022-02-20T13:57:00+00:00","dateModified":"2022-03-22T01:16:43+00:00","description":"Kup BC Hash na sprzeda\u017c w UK Online w najlepszym globalnym ba\u0142aganie. Zam\u00f3w produkty z oleju haszyszowego i haszysz BC. Kup chwast online tutaj i otrzymaj szybk\u0105 wysy\u0142k\u0119 w dowolne miejsce w Europie, Wielkiej Brytanii.","breadcrumb":{"@id":"https:\/\/medicinasinc.com\/pl\/product\/kup-bc-hasz\/#breadcrumb"},"inLanguage":"en-US","potentialAction":[{"@type":"ReadAction","target":["https:\/\/medicinasinc.com\/pl\/product\/kup-bc-hasz\/"]}]},{"@type":"ImageObject","inLanguage":"en-US","@id":"https:\/\/medicinasinc.com\/pl\/product\/kup-bc-hasz\/#primaryimage","url":"https:\/\/medicinasinc.com\/pl\/wp-content\/uploads\/sites\/13\/2022\/02\/Buy-BC-Hash.jpg","contentUrl":"https:\/\/medicinasinc.com\/pl\/wp-content\/uploads\/sites\/13\/2022\/02\/Buy-BC-Hash.jpg","width":600,"height":600},{"@type":"BreadcrumbList","@id":"https:\/\/medicinasinc.com\/pl\/product\/kup-bc-hasz\/#breadcrumb","itemListElement":[{"@type":"ListItem","position":1,"name":"Sklep","item":"https:\/\/medicinasinc.com\/pl\/sklep\/"},{"@type":"ListItem","position":2,"name":"Kup hasz BC"}]},{"@type":"WebSite","@id":"https:\/\/medicinasinc.com\/pl\/#website","url":"https:\/\/medicinasinc.com\/pl\/","name":"Medicinas Inc","description":"Health Medical Clinic","potentialAction":[{"@type":"SearchAction","target":{"@type":"EntryPoint","urlTemplate":"https:\/\/medicinasinc.com\/pl\/?s={search_term_string}"},"query-input":{"@type":"PropertyValueSpecification","valueRequired":true,"valueName":"search_term_string"}}],"inLanguage":"en-US"}]}},"_links":{"self":[{"href":"https:\/\/medicinasinc.com\/pl\/wp-json\/wp\/v2\/product\/4627","targetHints":{"allow":["GET"]}}],"collection":[{"href":"https:\/\/medicinasinc.com\/pl\/wp-json\/wp\/v2\/product"}],"about":[{"href":"https:\/\/medicinasinc.com\/pl\/wp-json\/wp\/v2\/types\/product"}],"replies":[{"embeddable":true,"href":"https:\/\/medicinasinc.com\/pl\/wp-json\/wp\/v2\/comments?post=4627"}],"wp:featuredmedia":[{"embeddable":true,"href":"https:\/\/medicinasinc.com\/pl\/wp-json\/wp\/v2\/media\/4639"}],"wp:attachment":[{"href":"https:\/\/medicinasinc.com\/pl\/wp-json\/wp\/v2\/media?parent=4627"}],"wp:term":[{"taxonomy":"product_brand","embeddable":true,"href":"https:\/\/medicinasinc.com\/pl\/wp-json\/wp\/v2\/product_brand?post=4627"},{"taxonomy":"product_cat","embeddable":true,"href":"https:\/\/medicinasinc.com\/pl\/wp-json\/wp\/v2\/product_cat?post=4627"},{"taxonomy":"product_tag","embeddable":true,"href":"https:\/\/medicinasinc.com\/pl\/wp-json\/wp\/v2\/product_tag?post=4627"}],"curies":[{"name":"wp","href":"https:\/\/api.w.org\/{rel}","templated":true}]}}