{"id":4610,"date":"2022-02-20T13:45:31","date_gmt":"2022-02-20T13:45:31","guid":{"rendered":"https:\/\/medicinasinc.com\/pl\/?post_type=product&#038;p=4610"},"modified":"2022-03-22T01:16:55","modified_gmt":"2022-03-22T01:16:55","slug":"zamow-biale-mercedes-ecstasy-pigulki","status":"publish","type":"product","link":"https:\/\/medicinasinc.com\/pl\/product\/zamow-biale-mercedes-ecstasy-pigulki\/","title":{"rendered":"Zam\u00f3w bia\u0142e tabletki ecstasy Mercedesa"},"content":{"rendered":"<h1>Zam\u00f3w bia\u0142e tabletki ecstasy Mercedes online 295 mg<\/h1>\n<table style=\"height: 70px\" width=\"686\">\n<tbody>\n<tr>\n<th>Kolor:<\/th>\n<td>Ecru <\/td>\n<\/tr>\n<tr>\n<th>Rozmiar:<\/th>\n<td>295 mg<\/td>\n<\/tr>\n<\/tbody>\n<\/table>\n","protected":false},"excerpt":{"rendered":"<div class=\"woocommerce-product-details__short-description\">\n<p>Kup bia\u0142e tabletki ecstasy Mercedes na sprzeda\u017c w Wielkiej Brytanii, Europie w najlepszych cenach, gwarantujemy dyskretn\u0105 i bezpieczn\u0105 dostaw\u0119 na ca\u0142ym \u015bwiecie ze \u015bledzeniem przesy\u0142ki<\/p>\n<p><strong>Minimalne zam\u00f3wienie<\/strong><strong> to 50 tabletek.<\/strong><\/p>\n<\/p><\/div>\n","protected":false},"featured_media":4623,"comment_status":"open","ping_status":"closed","template":"","meta":[],"product_brand":[],"product_cat":[498],"product_tag":[],"class_list":{"0":"post-4610","1":"product","2":"type-product","3":"status-publish","4":"has-post-thumbnail","6":"product_cat-kup-tabletki-ekstazy","8":"first","9":"instock","10":"shipping-taxable","11":"purchasable","12":"product-type-variable","13":"has-default-attributes"},"yoast_head":"<!-- This site is optimized with the Yoast SEO plugin v27.3 - https:\/\/yoast.com\/product\/yoast-seo-wordpress\/ -->\n<title>Kup bia\u0142e tabletki ecstasy Mercedesa online - Najlepsze najlepsze globalne leki<\/title>\n<meta name=\"description\" content=\"Kup bia\u0142e tabletki ecstasy Mercedes na sprzeda\u017c w Wielkiej Brytanii, Europie w najlepszych cenach, gwarantujemy dyskretn\u0105 i bezpieczn\u0105 dostaw\u0119 na ca\u0142ym \u015bwiecie ze \u015bledzeniem przesy\u0142ki\" \/>\n<meta name=\"robots\" content=\"index, follow, max-snippet:-1, max-image-preview:large, max-video-preview:-1\" \/>\n<link rel=\"canonical\" href=\"https:\/\/medicinasinc.com\/pl\/product\/zamow-biale-mercedes-ecstasy-pigulki\/\" \/>\n<meta property=\"og:locale\" content=\"en_US\" \/>\n<meta property=\"og:type\" content=\"article\" \/>\n<meta property=\"og:title\" content=\"Kup bia\u0142e tabletki ecstasy Mercedesa online - Najlepsze najlepsze globalne leki\" \/>\n<meta property=\"og:description\" content=\"Kup bia\u0142e tabletki ecstasy Mercedes na sprzeda\u017c w Wielkiej Brytanii, Europie w najlepszych cenach, gwarantujemy dyskretn\u0105 i bezpieczn\u0105 dostaw\u0119 na ca\u0142ym \u015bwiecie ze \u015bledzeniem przesy\u0142ki\" \/>\n<meta property=\"og:url\" content=\"https:\/\/medicinasinc.com\/pl\/product\/zamow-biale-mercedes-ecstasy-pigulki\/\" \/>\n<meta property=\"og:site_name\" content=\"Medicinas Inc\" \/>\n<meta property=\"article:modified_time\" content=\"2022-03-22T01:16:55+00:00\" \/>\n<meta property=\"og:image\" content=\"https:\/\/medicinasinc.com\/pl\/wp-content\/uploads\/sites\/13\/2022\/02\/order-white-mercedes-ecstasy-pills-online.jpg\" \/>\n\t<meta property=\"og:image:width\" content=\"600\" \/>\n\t<meta property=\"og:image:height\" content=\"600\" \/>\n\t<meta property=\"og:image:type\" content=\"image\/jpeg\" \/>\n<meta name=\"twitter:card\" content=\"summary_large_image\" \/>\n<meta name=\"twitter:label1\" content=\"Est. reading time\" \/>\n\t<meta name=\"twitter:data1\" content=\"1 minute\" \/>\n<script type=\"application\/ld+json\" class=\"yoast-schema-graph\">{\"@context\":\"https:\\\/\\\/schema.org\",\"@graph\":[{\"@type\":\"WebPage\",\"@id\":\"https:\\\/\\\/medicinasinc.com\\\/pl\\\/product\\\/zamow-biale-mercedes-ecstasy-pigulki\\\/\",\"url\":\"https:\\\/\\\/medicinasinc.com\\\/pl\\\/product\\\/zamow-biale-mercedes-ecstasy-pigulki\\\/\",\"name\":\"Kup bia\u0142e tabletki ecstasy Mercedesa online - Najlepsze najlepsze globalne leki\",\"isPartOf\":{\"@id\":\"https:\\\/\\\/medicinasinc.com\\\/pl\\\/#website\"},\"primaryImageOfPage\":{\"@id\":\"https:\\\/\\\/medicinasinc.com\\\/pl\\\/product\\\/zamow-biale-mercedes-ecstasy-pigulki\\\/#primaryimage\"},\"image\":{\"@id\":\"https:\\\/\\\/medicinasinc.com\\\/pl\\\/product\\\/zamow-biale-mercedes-ecstasy-pigulki\\\/#primaryimage\"},\"thumbnailUrl\":\"https:\\\/\\\/medicinasinc.com\\\/pl\\\/wp-content\\\/uploads\\\/sites\\\/13\\\/2022\\\/02\\\/order-white-mercedes-ecstasy-pills-online.jpg\",\"datePublished\":\"2022-02-20T13:45:31+00:00\",\"dateModified\":\"2022-03-22T01:16:55+00:00\",\"description\":\"Kup bia\u0142e tabletki ecstasy Mercedes na sprzeda\u017c w Wielkiej Brytanii, Europie w najlepszych cenach, gwarantujemy dyskretn\u0105 i bezpieczn\u0105 dostaw\u0119 na ca\u0142ym \u015bwiecie ze \u015bledzeniem przesy\u0142ki\",\"breadcrumb\":{\"@id\":\"https:\\\/\\\/medicinasinc.com\\\/pl\\\/product\\\/zamow-biale-mercedes-ecstasy-pigulki\\\/#breadcrumb\"},\"inLanguage\":\"en-US\",\"potentialAction\":[{\"@type\":\"ReadAction\",\"target\":[\"https:\\\/\\\/medicinasinc.com\\\/pl\\\/product\\\/zamow-biale-mercedes-ecstasy-pigulki\\\/\"]}]},{\"@type\":\"ImageObject\",\"inLanguage\":\"en-US\",\"@id\":\"https:\\\/\\\/medicinasinc.com\\\/pl\\\/product\\\/zamow-biale-mercedes-ecstasy-pigulki\\\/#primaryimage\",\"url\":\"https:\\\/\\\/medicinasinc.com\\\/pl\\\/wp-content\\\/uploads\\\/sites\\\/13\\\/2022\\\/02\\\/order-white-mercedes-ecstasy-pills-online.jpg\",\"contentUrl\":\"https:\\\/\\\/medicinasinc.com\\\/pl\\\/wp-content\\\/uploads\\\/sites\\\/13\\\/2022\\\/02\\\/order-white-mercedes-ecstasy-pills-online.jpg\",\"width\":600,\"height\":600},{\"@type\":\"BreadcrumbList\",\"@id\":\"https:\\\/\\\/medicinasinc.com\\\/pl\\\/product\\\/zamow-biale-mercedes-ecstasy-pigulki\\\/#breadcrumb\",\"itemListElement\":[{\"@type\":\"ListItem\",\"position\":1,\"name\":\"Sklep\",\"item\":\"https:\\\/\\\/medicinasinc.com\\\/pl\\\/sklep\\\/\"},{\"@type\":\"ListItem\",\"position\":2,\"name\":\"Zam\u00f3w bia\u0142e tabletki ecstasy Mercedesa\"}]},{\"@type\":\"WebSite\",\"@id\":\"https:\\\/\\\/medicinasinc.com\\\/pl\\\/#website\",\"url\":\"https:\\\/\\\/medicinasinc.com\\\/pl\\\/\",\"name\":\"Medicinas Inc\",\"description\":\"Health Medical Clinic\",\"potentialAction\":[{\"@type\":\"SearchAction\",\"target\":{\"@type\":\"EntryPoint\",\"urlTemplate\":\"https:\\\/\\\/medicinasinc.com\\\/pl\\\/?s={search_term_string}\"},\"query-input\":{\"@type\":\"PropertyValueSpecification\",\"valueRequired\":true,\"valueName\":\"search_term_string\"}}],\"inLanguage\":\"en-US\"}]}<\/script>\n<!-- \/ Yoast SEO plugin. -->","yoast_head_json":{"title":"Kup bia\u0142e tabletki ecstasy Mercedesa online - Najlepsze najlepsze globalne leki","description":"Kup bia\u0142e tabletki ecstasy Mercedes na sprzeda\u017c w Wielkiej Brytanii, Europie w najlepszych cenach, gwarantujemy dyskretn\u0105 i bezpieczn\u0105 dostaw\u0119 na ca\u0142ym \u015bwiecie ze \u015bledzeniem przesy\u0142ki","robots":{"index":"index","follow":"follow","max-snippet":"max-snippet:-1","max-image-preview":"max-image-preview:large","max-video-preview":"max-video-preview:-1"},"canonical":"https:\/\/medicinasinc.com\/pl\/product\/zamow-biale-mercedes-ecstasy-pigulki\/","og_locale":"en_US","og_type":"article","og_title":"Kup bia\u0142e tabletki ecstasy Mercedesa online - Najlepsze najlepsze globalne leki","og_description":"Kup bia\u0142e tabletki ecstasy Mercedes na sprzeda\u017c w Wielkiej Brytanii, Europie w najlepszych cenach, gwarantujemy dyskretn\u0105 i bezpieczn\u0105 dostaw\u0119 na ca\u0142ym \u015bwiecie ze \u015bledzeniem przesy\u0142ki","og_url":"https:\/\/medicinasinc.com\/pl\/product\/zamow-biale-mercedes-ecstasy-pigulki\/","og_site_name":"Medicinas Inc","article_modified_time":"2022-03-22T01:16:55+00:00","og_image":[{"width":600,"height":600,"url":"https:\/\/medicinasinc.com\/pl\/wp-content\/uploads\/sites\/13\/2022\/02\/order-white-mercedes-ecstasy-pills-online.jpg","type":"image\/jpeg"}],"twitter_card":"summary_large_image","twitter_misc":{"Est. reading time":"1 minute"},"schema":{"@context":"https:\/\/schema.org","@graph":[{"@type":"WebPage","@id":"https:\/\/medicinasinc.com\/pl\/product\/zamow-biale-mercedes-ecstasy-pigulki\/","url":"https:\/\/medicinasinc.com\/pl\/product\/zamow-biale-mercedes-ecstasy-pigulki\/","name":"Kup bia\u0142e tabletki ecstasy Mercedesa online - Najlepsze najlepsze globalne leki","isPartOf":{"@id":"https:\/\/medicinasinc.com\/pl\/#website"},"primaryImageOfPage":{"@id":"https:\/\/medicinasinc.com\/pl\/product\/zamow-biale-mercedes-ecstasy-pigulki\/#primaryimage"},"image":{"@id":"https:\/\/medicinasinc.com\/pl\/product\/zamow-biale-mercedes-ecstasy-pigulki\/#primaryimage"},"thumbnailUrl":"https:\/\/medicinasinc.com\/pl\/wp-content\/uploads\/sites\/13\/2022\/02\/order-white-mercedes-ecstasy-pills-online.jpg","datePublished":"2022-02-20T13:45:31+00:00","dateModified":"2022-03-22T01:16:55+00:00","description":"Kup bia\u0142e tabletki ecstasy Mercedes na sprzeda\u017c w Wielkiej Brytanii, Europie w najlepszych cenach, gwarantujemy dyskretn\u0105 i bezpieczn\u0105 dostaw\u0119 na ca\u0142ym \u015bwiecie ze \u015bledzeniem przesy\u0142ki","breadcrumb":{"@id":"https:\/\/medicinasinc.com\/pl\/product\/zamow-biale-mercedes-ecstasy-pigulki\/#breadcrumb"},"inLanguage":"en-US","potentialAction":[{"@type":"ReadAction","target":["https:\/\/medicinasinc.com\/pl\/product\/zamow-biale-mercedes-ecstasy-pigulki\/"]}]},{"@type":"ImageObject","inLanguage":"en-US","@id":"https:\/\/medicinasinc.com\/pl\/product\/zamow-biale-mercedes-ecstasy-pigulki\/#primaryimage","url":"https:\/\/medicinasinc.com\/pl\/wp-content\/uploads\/sites\/13\/2022\/02\/order-white-mercedes-ecstasy-pills-online.jpg","contentUrl":"https:\/\/medicinasinc.com\/pl\/wp-content\/uploads\/sites\/13\/2022\/02\/order-white-mercedes-ecstasy-pills-online.jpg","width":600,"height":600},{"@type":"BreadcrumbList","@id":"https:\/\/medicinasinc.com\/pl\/product\/zamow-biale-mercedes-ecstasy-pigulki\/#breadcrumb","itemListElement":[{"@type":"ListItem","position":1,"name":"Sklep","item":"https:\/\/medicinasinc.com\/pl\/sklep\/"},{"@type":"ListItem","position":2,"name":"Zam\u00f3w bia\u0142e tabletki ecstasy Mercedesa"}]},{"@type":"WebSite","@id":"https:\/\/medicinasinc.com\/pl\/#website","url":"https:\/\/medicinasinc.com\/pl\/","name":"Medicinas Inc","description":"Health Medical Clinic","potentialAction":[{"@type":"SearchAction","target":{"@type":"EntryPoint","urlTemplate":"https:\/\/medicinasinc.com\/pl\/?s={search_term_string}"},"query-input":{"@type":"PropertyValueSpecification","valueRequired":true,"valueName":"search_term_string"}}],"inLanguage":"en-US"}]}},"_links":{"self":[{"href":"https:\/\/medicinasinc.com\/pl\/wp-json\/wp\/v2\/product\/4610","targetHints":{"allow":["GET"]}}],"collection":[{"href":"https:\/\/medicinasinc.com\/pl\/wp-json\/wp\/v2\/product"}],"about":[{"href":"https:\/\/medicinasinc.com\/pl\/wp-json\/wp\/v2\/types\/product"}],"replies":[{"embeddable":true,"href":"https:\/\/medicinasinc.com\/pl\/wp-json\/wp\/v2\/comments?post=4610"}],"wp:featuredmedia":[{"embeddable":true,"href":"https:\/\/medicinasinc.com\/pl\/wp-json\/wp\/v2\/media\/4623"}],"wp:attachment":[{"href":"https:\/\/medicinasinc.com\/pl\/wp-json\/wp\/v2\/media?parent=4610"}],"wp:term":[{"taxonomy":"product_brand","embeddable":true,"href":"https:\/\/medicinasinc.com\/pl\/wp-json\/wp\/v2\/product_brand?post=4610"},{"taxonomy":"product_cat","embeddable":true,"href":"https:\/\/medicinasinc.com\/pl\/wp-json\/wp\/v2\/product_cat?post=4610"},{"taxonomy":"product_tag","embeddable":true,"href":"https:\/\/medicinasinc.com\/pl\/wp-json\/wp\/v2\/product_tag?post=4610"}],"curies":[{"name":"wp","href":"https:\/\/api.w.org\/{rel}","templated":true}]}}