{"id":4609,"date":"2022-02-20T13:44:35","date_gmt":"2022-02-20T13:44:35","guid":{"rendered":"https:\/\/medicinasinc.com\/pl\/?post_type=product&#038;p=4609"},"modified":"2022-03-22T01:17:03","modified_gmt":"2022-03-22T01:17:03","slug":"kup-prawdziwe-zielone-jablko-tabletki-ekstazy","status":"publish","type":"product","link":"https:\/\/medicinasinc.com\/pl\/product\/kup-prawdziwe-zielone-jablko-tabletki-ekstazy\/","title":{"rendered":"Kup tabletki ecstasy z prawdziwym zielonym jab\u0142kiem"},"content":{"rendered":"<p>Kup Genuine Green Apple Ecstasy online.<\/p>\n<p>Jestem pewien, \u017ce jeste\u015b dobrze znany z tego aksjomatu. \u201eJab\u0142ko dziennie odstrasza specjalist\u0119\u201d \u2013 m\u00f3wi przys\u0142owie. Bior\u0105c pod uwag\u0119 liczne korzy\u015bci zdrowotne zwi\u0105zane z jedzeniem jab\u0142ek, to przys\u0142owie dietetyczne mo\u017ce nie by\u0107 zbyt dalekie od celu. Oto kilka korzy\u015bci zdrowotnych zwi\u0105zanych ze spo\u017cywaniem zielonych jab\u0142ek.<\/p>\n<p>Wykazano, \u017ce spo\u017cywanie jab\u0142ek poprawia zdrowie serca i zmniejsza ryzyko rozwoju chor\u00f3b sercowo-naczyniowych.<\/p>\n<p>Dok\u0142adny mechanizm kt\u00f3re jab\u0142ka poprawiaj\u0105 zdrowie serca jest niejasne. Jednym z mo\u017cliwych wyja\u015bnie\u0144 jest to, \u017ce jab\u0142ka zawieraj\u0105 du\u017c\u0105 ilo\u015b\u0107 b\u0142onnika pokarmowego, kt\u00f3ry zosta\u0142 powi\u0105zany z obni\u017ceniem poziomu cholesterolu LDL.<\/p>\n<p>Zmniejszenie ryzyka rozwoju cukrzycy typu 2<\/p>\n<p>Spo\u017cywanie tak ma\u0142ej ilo\u015bci Wed\u0142ug jednego z bada\u0144 kilka zielonych jab\u0142ek na tydzie\u0144 mo\u017ce zmniejszy\u0107 ryzyko rozwoju cukrzycy typu 2; jednak nale\u017cy przeprowadzi\u0107 dodatkowe badania. Nie wiadomo, czy zwi\u0105zki znajduj\u0105ce si\u0119 w zielonych jab\u0142kach pomagaj\u0105 osobom w radzeniu sobie z objawami cukrzycy.<\/p>\n<p>Poniewa\u017c zielone jab\u0142ko ma wiele zalet, tabletki zielone jab\u0142ko r\u00f3wnie\u017c maj\u0105 wiele zalet. Powinni\u015bmy porozmawia\u0107 o pigu\u0142kach z zielonych jab\u0142ek.<br \/> Je\u015bli lubisz pi\u0107 \u015bwie\u017cy sok jab\u0142kowy w upalny letni dzie\u0144, pigu\u0142ki Green and Apple poprawi\u0105 twoje wra\u017cenia i satysfakcj\u0119 o kilka stopni. Wyprodukowana w Waszyngtonie z zielonych jab\u0142ek grupa nasyci\u0142a te tabletki najlepsz\u0105 marihuan\u0105 w stanie.<\/p>\n<p>THC mo\u017ce by\u0107 trudny do spalenia z perspektywy dawkowania, zw\u0142aszcza je\u015bli posiadacze nie s\u0105 wyj\u0105tkowo dobrze oznakowani. Tabletki Green Apple zmieni\u0142y to wszystko, poniewa\u017c teraz oferuj\u0105 trzy r\u00f3\u017cne szczepy s\u0142ynnej mieszanki o masie 12 uncji o r\u00f3\u017cnym stopniu mocy. Znacz\u0105ce hity doceni\u0105 ich najbardziej ugruntowan\u0105 mieszank\u0119, kt\u00f3ra zawiera 100 mg na 12 uncji.<\/p>\n<p>Ze wzgl\u0119du na fakt, \u017ce pigu\u0142ki Green Apple zawieraj\u0105 konopie indyjskie za pomoc\u0105 nowatorskiej metody, klienci nie maj\u0105 wyczuwalnego zapachu ani smaku chwast\u00f3w, dzi\u0119ki czemu s\u0105 idealne dla os\u00f3b, kt\u00f3re chc\u0105 si\u0119 odurzy\u0107, ale nie s\u0105 w stanie wyj\u015b\u0107 poza typ innych tabletek. Ponadto za\u017cywanie marihuany przyczynia si\u0119 do rozwoju zdrowszego stylu \u017cycia, poniewa\u017c dym z kwiat\u00f3w lub e-papieros\u00f3w mo\u017ce po pewnym czasie sta\u0107 si\u0119 szkodliwy. Pigu\u0142ka z zielonym jab\u0142kiem jest korzystna przez rok i zawiera niewiele kalorii, wi\u0119c jedyne, o co musisz si\u0119 martwi\u0107, to powstrzymanie si\u0119 od jedzenia po za\u017cyciu leku.<\/p>\n<table style=\"height: 104px\" width=\"508\">\n<tbody>\n<tr>\n<th><span style=\"font-weight: 400\">Kolor:<\/span><\/th>\n<td>Zielony<\/td>\n<\/tr>\n<tr>\n<th> <span style=\"font-weight: 400\">Rozmiar:<\/span><\/th>\n<td>279 mg<\/td>\n<\/tr>\n<\/tbody>\n<\/table>\n","protected":false},"excerpt":{"rendered":"<div class=\"woocommerce-product-details__short-description\">\n<p>Kup prawdziwe zielone tabletki ecstasy na sprzeda\u017c online w Wielkiej Brytanii i Europie w najlepszych cenach od najlepszego niezawodnego dostawcy MDMA. Gwarantujemy dyskretn\u0105 i bezpieczn\u0105 dostaw\u0119 na ca\u0142ym \u015bwiecie<\/p>\n<p><strong>Minimalne zam\u00f3wienie<\/strong><strong> to 50 tabletek.<\/strong><\/p>\n<\/p><\/div>\n","protected":false},"featured_media":4620,"comment_status":"open","ping_status":"closed","template":"","meta":[],"product_brand":[],"product_cat":[498],"product_tag":[593,596,598,599,600,608,594,597,609,607,595,602,606,604,605,601,603],"class_list":{"0":"post-4609","1":"product","2":"type-product","3":"status-publish","4":"has-post-thumbnail","6":"product_cat-kup-tabletki-ekstazy","7":"product_tag-apple-drug","8":"product_tag-e-pill-pink","9":"product_tag-green-apple-drugs","10":"product_tag-green-apple-ecstasy","11":"product_tag-green-apple-logo","12":"product_tag-green-tablet-pill","13":"product_tag-jabko-ekstaza","14":"product_tag-zielony-jabko-lek","15":"product_tag-mae-zielone-piguki","16":"product_tag-zielony-rolex-pill-raport","17":"product_tag-tabletki-jabkowe","18":"product_tag-zielona-ekstaza-piguka","19":"product_tag-zielona-piguka-rolex","20":"product_tag-zielone-piguki","21":"product_tag-zielone-piguki-narkotyki","22":"product_tag-zielone-jabko-tabletki","23":"product_tag-zielone-piguki-extacy","25":"first","26":"instock","27":"shipping-taxable","28":"purchasable","29":"product-type-variable","30":"has-default-attributes"},"yoast_head":"<!-- This site is optimized with the Yoast SEO plugin v27.3 - https:\/\/yoast.com\/product\/yoast-seo-wordpress\/ -->\n<title>Kup online pigu\u0142ki ecstasy z prawdziwym zielonym jab\u0142kiem \u2013 najlepsze leki na \u015bwiecie<\/title>\n<meta name=\"description\" content=\"Kup tabletki ecstasy Real Green Apple na sprzeda\u017c online w Wielkiej Brytanii, Europie w najlepszych cenach od najlepszego niezawodnego dostawcy MDMA, Gwarantujemy dyskretn\u0105 i bezpieczn\u0105 dostaw\u0119 na ca\u0142ym \u015bwiecie\" \/>\n<meta name=\"robots\" content=\"index, follow, max-snippet:-1, max-image-preview:large, max-video-preview:-1\" \/>\n<link rel=\"canonical\" href=\"https:\/\/medicinasinc.com\/pl\/product\/kup-prawdziwe-zielone-jablko-tabletki-ekstazy\/\" \/>\n<meta property=\"og:locale\" content=\"en_US\" \/>\n<meta property=\"og:type\" content=\"article\" \/>\n<meta property=\"og:title\" content=\"Kup online pigu\u0142ki ecstasy z prawdziwym zielonym jab\u0142kiem \u2013 najlepsze leki na \u015bwiecie\" \/>\n<meta property=\"og:description\" content=\"Kup tabletki ecstasy Real Green Apple na sprzeda\u017c online w Wielkiej Brytanii, Europie w najlepszych cenach od najlepszego niezawodnego dostawcy MDMA, Gwarantujemy dyskretn\u0105 i bezpieczn\u0105 dostaw\u0119 na ca\u0142ym \u015bwiecie\" \/>\n<meta property=\"og:url\" content=\"https:\/\/medicinasinc.com\/pl\/product\/kup-prawdziwe-zielone-jablko-tabletki-ekstazy\/\" \/>\n<meta property=\"og:site_name\" content=\"Medicinas Inc\" \/>\n<meta property=\"article:modified_time\" content=\"2022-03-22T01:17:03+00:00\" \/>\n<meta property=\"og:image\" content=\"https:\/\/medicinasinc.com\/pl\/wp-content\/uploads\/sites\/13\/2022\/02\/order-real-green-apple-ecstasy-pills-online.jpg\" \/>\n\t<meta property=\"og:image:width\" content=\"600\" \/>\n\t<meta property=\"og:image:height\" content=\"600\" \/>\n\t<meta property=\"og:image:type\" content=\"image\/jpeg\" \/>\n<meta name=\"twitter:card\" content=\"summary_large_image\" \/>\n<meta name=\"twitter:label1\" content=\"Est. reading time\" \/>\n\t<meta name=\"twitter:data1\" content=\"2 minutes\" \/>\n<script type=\"application\/ld+json\" class=\"yoast-schema-graph\">{\"@context\":\"https:\\\/\\\/schema.org\",\"@graph\":[{\"@type\":\"WebPage\",\"@id\":\"https:\\\/\\\/medicinasinc.com\\\/pl\\\/product\\\/kup-prawdziwe-zielone-jablko-tabletki-ekstazy\\\/\",\"url\":\"https:\\\/\\\/medicinasinc.com\\\/pl\\\/product\\\/kup-prawdziwe-zielone-jablko-tabletki-ekstazy\\\/\",\"name\":\"Kup online pigu\u0142ki ecstasy z prawdziwym zielonym jab\u0142kiem \u2013 najlepsze leki na \u015bwiecie\",\"isPartOf\":{\"@id\":\"https:\\\/\\\/medicinasinc.com\\\/pl\\\/#website\"},\"primaryImageOfPage\":{\"@id\":\"https:\\\/\\\/medicinasinc.com\\\/pl\\\/product\\\/kup-prawdziwe-zielone-jablko-tabletki-ekstazy\\\/#primaryimage\"},\"image\":{\"@id\":\"https:\\\/\\\/medicinasinc.com\\\/pl\\\/product\\\/kup-prawdziwe-zielone-jablko-tabletki-ekstazy\\\/#primaryimage\"},\"thumbnailUrl\":\"https:\\\/\\\/medicinasinc.com\\\/pl\\\/wp-content\\\/uploads\\\/sites\\\/13\\\/2022\\\/02\\\/order-real-green-apple-ecstasy-pills-online.jpg\",\"datePublished\":\"2022-02-20T13:44:35+00:00\",\"dateModified\":\"2022-03-22T01:17:03+00:00\",\"description\":\"Kup tabletki ecstasy Real Green Apple na sprzeda\u017c online w Wielkiej Brytanii, Europie w najlepszych cenach od najlepszego niezawodnego dostawcy MDMA, Gwarantujemy dyskretn\u0105 i bezpieczn\u0105 dostaw\u0119 na ca\u0142ym \u015bwiecie\",\"breadcrumb\":{\"@id\":\"https:\\\/\\\/medicinasinc.com\\\/pl\\\/product\\\/kup-prawdziwe-zielone-jablko-tabletki-ekstazy\\\/#breadcrumb\"},\"inLanguage\":\"en-US\",\"potentialAction\":[{\"@type\":\"ReadAction\",\"target\":[\"https:\\\/\\\/medicinasinc.com\\\/pl\\\/product\\\/kup-prawdziwe-zielone-jablko-tabletki-ekstazy\\\/\"]}]},{\"@type\":\"ImageObject\",\"inLanguage\":\"en-US\",\"@id\":\"https:\\\/\\\/medicinasinc.com\\\/pl\\\/product\\\/kup-prawdziwe-zielone-jablko-tabletki-ekstazy\\\/#primaryimage\",\"url\":\"https:\\\/\\\/medicinasinc.com\\\/pl\\\/wp-content\\\/uploads\\\/sites\\\/13\\\/2022\\\/02\\\/order-real-green-apple-ecstasy-pills-online.jpg\",\"contentUrl\":\"https:\\\/\\\/medicinasinc.com\\\/pl\\\/wp-content\\\/uploads\\\/sites\\\/13\\\/2022\\\/02\\\/order-real-green-apple-ecstasy-pills-online.jpg\",\"width\":600,\"height\":600},{\"@type\":\"BreadcrumbList\",\"@id\":\"https:\\\/\\\/medicinasinc.com\\\/pl\\\/product\\\/kup-prawdziwe-zielone-jablko-tabletki-ekstazy\\\/#breadcrumb\",\"itemListElement\":[{\"@type\":\"ListItem\",\"position\":1,\"name\":\"Sklep\",\"item\":\"https:\\\/\\\/medicinasinc.com\\\/pl\\\/sklep\\\/\"},{\"@type\":\"ListItem\",\"position\":2,\"name\":\"Kup tabletki ecstasy z prawdziwym zielonym jab\u0142kiem\"}]},{\"@type\":\"WebSite\",\"@id\":\"https:\\\/\\\/medicinasinc.com\\\/pl\\\/#website\",\"url\":\"https:\\\/\\\/medicinasinc.com\\\/pl\\\/\",\"name\":\"Medicinas Inc\",\"description\":\"Health Medical Clinic\",\"potentialAction\":[{\"@type\":\"SearchAction\",\"target\":{\"@type\":\"EntryPoint\",\"urlTemplate\":\"https:\\\/\\\/medicinasinc.com\\\/pl\\\/?s={search_term_string}\"},\"query-input\":{\"@type\":\"PropertyValueSpecification\",\"valueRequired\":true,\"valueName\":\"search_term_string\"}}],\"inLanguage\":\"en-US\"}]}<\/script>\n<!-- \/ Yoast SEO plugin. -->","yoast_head_json":{"title":"Kup online pigu\u0142ki ecstasy z prawdziwym zielonym jab\u0142kiem \u2013 najlepsze leki na \u015bwiecie","description":"Kup tabletki ecstasy Real Green Apple na sprzeda\u017c online w Wielkiej Brytanii, Europie w najlepszych cenach od najlepszego niezawodnego dostawcy MDMA, Gwarantujemy dyskretn\u0105 i bezpieczn\u0105 dostaw\u0119 na ca\u0142ym \u015bwiecie","robots":{"index":"index","follow":"follow","max-snippet":"max-snippet:-1","max-image-preview":"max-image-preview:large","max-video-preview":"max-video-preview:-1"},"canonical":"https:\/\/medicinasinc.com\/pl\/product\/kup-prawdziwe-zielone-jablko-tabletki-ekstazy\/","og_locale":"en_US","og_type":"article","og_title":"Kup online pigu\u0142ki ecstasy z prawdziwym zielonym jab\u0142kiem \u2013 najlepsze leki na \u015bwiecie","og_description":"Kup tabletki ecstasy Real Green Apple na sprzeda\u017c online w Wielkiej Brytanii, Europie w najlepszych cenach od najlepszego niezawodnego dostawcy MDMA, Gwarantujemy dyskretn\u0105 i bezpieczn\u0105 dostaw\u0119 na ca\u0142ym \u015bwiecie","og_url":"https:\/\/medicinasinc.com\/pl\/product\/kup-prawdziwe-zielone-jablko-tabletki-ekstazy\/","og_site_name":"Medicinas Inc","article_modified_time":"2022-03-22T01:17:03+00:00","og_image":[{"width":600,"height":600,"url":"https:\/\/medicinasinc.com\/pl\/wp-content\/uploads\/sites\/13\/2022\/02\/order-real-green-apple-ecstasy-pills-online.jpg","type":"image\/jpeg"}],"twitter_card":"summary_large_image","twitter_misc":{"Est. reading time":"2 minutes"},"schema":{"@context":"https:\/\/schema.org","@graph":[{"@type":"WebPage","@id":"https:\/\/medicinasinc.com\/pl\/product\/kup-prawdziwe-zielone-jablko-tabletki-ekstazy\/","url":"https:\/\/medicinasinc.com\/pl\/product\/kup-prawdziwe-zielone-jablko-tabletki-ekstazy\/","name":"Kup online pigu\u0142ki ecstasy z prawdziwym zielonym jab\u0142kiem \u2013 najlepsze leki na \u015bwiecie","isPartOf":{"@id":"https:\/\/medicinasinc.com\/pl\/#website"},"primaryImageOfPage":{"@id":"https:\/\/medicinasinc.com\/pl\/product\/kup-prawdziwe-zielone-jablko-tabletki-ekstazy\/#primaryimage"},"image":{"@id":"https:\/\/medicinasinc.com\/pl\/product\/kup-prawdziwe-zielone-jablko-tabletki-ekstazy\/#primaryimage"},"thumbnailUrl":"https:\/\/medicinasinc.com\/pl\/wp-content\/uploads\/sites\/13\/2022\/02\/order-real-green-apple-ecstasy-pills-online.jpg","datePublished":"2022-02-20T13:44:35+00:00","dateModified":"2022-03-22T01:17:03+00:00","description":"Kup tabletki ecstasy Real Green Apple na sprzeda\u017c online w Wielkiej Brytanii, Europie w najlepszych cenach od najlepszego niezawodnego dostawcy MDMA, Gwarantujemy dyskretn\u0105 i bezpieczn\u0105 dostaw\u0119 na ca\u0142ym \u015bwiecie","breadcrumb":{"@id":"https:\/\/medicinasinc.com\/pl\/product\/kup-prawdziwe-zielone-jablko-tabletki-ekstazy\/#breadcrumb"},"inLanguage":"en-US","potentialAction":[{"@type":"ReadAction","target":["https:\/\/medicinasinc.com\/pl\/product\/kup-prawdziwe-zielone-jablko-tabletki-ekstazy\/"]}]},{"@type":"ImageObject","inLanguage":"en-US","@id":"https:\/\/medicinasinc.com\/pl\/product\/kup-prawdziwe-zielone-jablko-tabletki-ekstazy\/#primaryimage","url":"https:\/\/medicinasinc.com\/pl\/wp-content\/uploads\/sites\/13\/2022\/02\/order-real-green-apple-ecstasy-pills-online.jpg","contentUrl":"https:\/\/medicinasinc.com\/pl\/wp-content\/uploads\/sites\/13\/2022\/02\/order-real-green-apple-ecstasy-pills-online.jpg","width":600,"height":600},{"@type":"BreadcrumbList","@id":"https:\/\/medicinasinc.com\/pl\/product\/kup-prawdziwe-zielone-jablko-tabletki-ekstazy\/#breadcrumb","itemListElement":[{"@type":"ListItem","position":1,"name":"Sklep","item":"https:\/\/medicinasinc.com\/pl\/sklep\/"},{"@type":"ListItem","position":2,"name":"Kup tabletki ecstasy z prawdziwym zielonym jab\u0142kiem"}]},{"@type":"WebSite","@id":"https:\/\/medicinasinc.com\/pl\/#website","url":"https:\/\/medicinasinc.com\/pl\/","name":"Medicinas Inc","description":"Health Medical Clinic","potentialAction":[{"@type":"SearchAction","target":{"@type":"EntryPoint","urlTemplate":"https:\/\/medicinasinc.com\/pl\/?s={search_term_string}"},"query-input":{"@type":"PropertyValueSpecification","valueRequired":true,"valueName":"search_term_string"}}],"inLanguage":"en-US"}]}},"_links":{"self":[{"href":"https:\/\/medicinasinc.com\/pl\/wp-json\/wp\/v2\/product\/4609","targetHints":{"allow":["GET"]}}],"collection":[{"href":"https:\/\/medicinasinc.com\/pl\/wp-json\/wp\/v2\/product"}],"about":[{"href":"https:\/\/medicinasinc.com\/pl\/wp-json\/wp\/v2\/types\/product"}],"replies":[{"embeddable":true,"href":"https:\/\/medicinasinc.com\/pl\/wp-json\/wp\/v2\/comments?post=4609"}],"wp:featuredmedia":[{"embeddable":true,"href":"https:\/\/medicinasinc.com\/pl\/wp-json\/wp\/v2\/media\/4620"}],"wp:attachment":[{"href":"https:\/\/medicinasinc.com\/pl\/wp-json\/wp\/v2\/media?parent=4609"}],"wp:term":[{"taxonomy":"product_brand","embeddable":true,"href":"https:\/\/medicinasinc.com\/pl\/wp-json\/wp\/v2\/product_brand?post=4609"},{"taxonomy":"product_cat","embeddable":true,"href":"https:\/\/medicinasinc.com\/pl\/wp-json\/wp\/v2\/product_cat?post=4609"},{"taxonomy":"product_tag","embeddable":true,"href":"https:\/\/medicinasinc.com\/pl\/wp-json\/wp\/v2\/product_tag?post=4609"}],"curies":[{"name":"wp","href":"https:\/\/api.w.org\/{rel}","templated":true}]}}