{"id":4592,"date":"2022-02-20T13:31:58","date_gmt":"2022-02-20T13:31:58","guid":{"rendered":"https:\/\/medicinasinc.com\/pl\/?post_type=product&#038;p=4592"},"modified":"2022-03-22T01:17:13","modified_gmt":"2022-03-22T01:17:13","slug":"kup-ecstasy-philipp-plein-blue-524-mg-mdma-pills","status":"publish","type":"product","link":"https:\/\/medicinasinc.com\/pl\/product\/kup-ecstasy-philipp-plein-blue-524-mg-mdma-pills\/","title":{"rendered":"Kup Ecstasy &#8211; Philipp Plein Blue &#8211; 524 mg pigu\u0142ek MDMA"},"content":{"rendered":"<div class=\"woocommerce-tabs wc-tabs-wrapper\">\n<div id=\"tab-description\" class=\"woocommerce-Tabs-panel woocommerce-Tabs-panel--description panel entry-content wc-tab\" role=\"tabpanel\" aria-labelledby=\"tab-title-description\">\n<p>Zakup online tabletek XTC- Philipp Plein Blue-524 mg MDMA.<\/p>\n<p>\u2013 Philipp Plein 524MG zapewnia wyj\u0105tkowe wra\u017cenia. Jest to produkt ca\u0142kowicie bezpieczny i higieniczny. Doskona\u0142a jako\u015b\u0107 w przyst\u0119pnej cenie. \u2013 Efekty zaczynaj\u0105 si\u0119 oko\u0142o 30 minut p\u00f3\u017aniej i trwaj\u0105 oko\u0142o 6 godzin.<br \/> \u2013 Stosuj jednorazowo po\u0142ow\u0119 tej tabletki. Podczas przyjmowania lek\u00f3w spo\u017cywaj odpowiedni\u0105 ilo\u015b\u0107 wody.<\/p>\n<h1><a style=\"font-size: 16px\" href=\"https:\/\/merrydrug.com\/\">.<\/a><\/h1>\n<\/p><\/div><\/div>\n<div class=\"produkty powi\u0105zane\"><\/div>\n","protected":false},"excerpt":{"rendered":"<div class=\"woocommerce-product-details__short-description\">\n<p>Kup Philipp Plein Blue-524 Mg MDMA w Wielkiej Brytanii i Europie w najlepszej cenie rynkowej. Wszystkie nasze produkty s\u0105 wykonane z ca\u0142kowicie naturalnych sk\u0142adnik\u00f3w wolnych od THC. Z\u0142\u00f3\u017c zam\u00f3wienie online ju\u017c teraz!<\/p>\n<p>Philipp Blue-524 to ekstremalna pigu\u0142ka imprezowa i lek MDMA, kt\u00f3ry jest szeroko stosowany w Stanach Zjednoczonych i Korei. Jego w\u0142a\u015bciwo\u015bci psychoaktywne odkryto w po\u0142owie lat pi\u0119\u0107dziesi\u0105tych XVIII wieku. Je\u015bli kto\u015b chce do\u015bwiadczy\u0107 ekstremalnego poziomu haju, po wypr\u00f3bowaniu nie opu\u015bci tego produktu. Philipp Blue jest r\u00f3wnie\u017c u\u017cywany podczas ceremonii religijnych i od lat pozostaje produktem wysokiej jako\u015bci, poniewa\u017c ludzie s\u0105 \u015bwiadomi jego zalet i nie mog\u0105 bez niego \u017cy\u0107.<\/p>\n<p>Osoby zmieniaj\u0105 kolejno\u015b\u0107 ze wzgl\u0119du na jego silne efekty i szybkie rezultaty. Ze wzgl\u0119du na swoj\u0105 skuteczno\u015b\u0107 nigdy nie pozostanie w magazynie przez d\u0142u\u017cszy czas.<\/p>\n<p>Zakup tabletek Philipp Plein Blue-524<\/p>\n<p>Minimalna ilo\u015b\u0107 zam\u00f3wienia to pi\u0119\u0107dziesi\u0105t tabletek.<\/p>\n<\/p><\/div>\n","protected":false},"featured_media":4605,"comment_status":"open","ping_status":"closed","template":"","meta":[],"product_brand":[],"product_cat":[498],"product_tag":[584,585,587,589,590,501,583,512,591,586,588,592],"class_list":{"0":"post-4592","1":"product","2":"type-product","3":"status-publish","4":"has-post-thumbnail","6":"product_cat-kup-tabletki-ekstazy","7":"product_tag-buy-xtc-pills-online","8":"product_tag-buy-xtc-philipp-plein-blue-524-mg-mdma-pills-online","9":"product_tag-ecstasy","10":"product_tag-ghb","11":"product_tag-narkotyki-miosne","12":"product_tag-kup-mdma-online","13":"product_tag-kup-ecstasy-pills-online","14":"product_tag-mdma","15":"product_tag-mg-mdma","16":"product_tag-narkotyki","17":"product_tag-tabletki-ekstazy","18":"product_tag-tabletki-xtc","20":"first","21":"instock","22":"shipping-taxable","23":"purchasable","24":"product-type-variable","25":"has-default-attributes"},"yoast_head":"<!-- This site is optimized with the Yoast SEO plugin v27.3 - https:\/\/yoast.com\/product\/yoast-seo-wordpress\/ -->\n<title>Kup Ecstasy - Philipp Plein Blue - 524 mg pigu\u0142ki MDMA - Global Medicina<\/title>\n<meta name=\"description\" content=\"Kup Philipp Plein Blue- 524 Mg MDMA UK, Europa w najlepszej cenie rynkowej. Wszystkie nasze produkty s\u0105 wykonane z czystych naturalnych sk\u0142adnik\u00f3w wolnych od THC. Zam\u00f3w online ju\u017c teraz!\" \/>\n<meta name=\"robots\" content=\"index, follow, max-snippet:-1, max-image-preview:large, max-video-preview:-1\" \/>\n<link rel=\"canonical\" href=\"https:\/\/medicinasinc.com\/pl\/product\/kup-ecstasy-philipp-plein-blue-524-mg-mdma-pills\/\" \/>\n<meta property=\"og:locale\" content=\"en_US\" \/>\n<meta property=\"og:type\" content=\"article\" \/>\n<meta property=\"og:title\" content=\"Kup Ecstasy - Philipp Plein Blue - 524 mg pigu\u0142ki MDMA - Global Medicina\" \/>\n<meta property=\"og:description\" content=\"Kup Philipp Plein Blue- 524 Mg MDMA UK, Europa w najlepszej cenie rynkowej. Wszystkie nasze produkty s\u0105 wykonane z czystych naturalnych sk\u0142adnik\u00f3w wolnych od THC. Zam\u00f3w online ju\u017c teraz!\" \/>\n<meta property=\"og:url\" content=\"https:\/\/medicinasinc.com\/pl\/product\/kup-ecstasy-philipp-plein-blue-524-mg-mdma-pills\/\" \/>\n<meta property=\"og:site_name\" content=\"Medicinas Inc\" \/>\n<meta property=\"article:modified_time\" content=\"2022-03-22T01:17:13+00:00\" \/>\n<meta property=\"og:image\" content=\"https:\/\/medicinasinc.com\/pl\/wp-content\/uploads\/sites\/13\/2022\/02\/buy-xtc-philipp-plein-blue-524-mg-mdma-pills-online.jpg\" \/>\n\t<meta property=\"og:image:width\" content=\"600\" \/>\n\t<meta property=\"og:image:height\" content=\"600\" \/>\n\t<meta property=\"og:image:type\" content=\"image\/jpeg\" \/>\n<meta name=\"twitter:card\" content=\"summary_large_image\" \/>\n<meta name=\"twitter:label1\" content=\"Est. reading time\" \/>\n\t<meta name=\"twitter:data1\" content=\"1 minute\" \/>\n<script type=\"application\/ld+json\" class=\"yoast-schema-graph\">{\"@context\":\"https:\\\/\\\/schema.org\",\"@graph\":[{\"@type\":\"WebPage\",\"@id\":\"https:\\\/\\\/medicinasinc.com\\\/pl\\\/product\\\/kup-ecstasy-philipp-plein-blue-524-mg-mdma-pills\\\/\",\"url\":\"https:\\\/\\\/medicinasinc.com\\\/pl\\\/product\\\/kup-ecstasy-philipp-plein-blue-524-mg-mdma-pills\\\/\",\"name\":\"Kup Ecstasy - Philipp Plein Blue - 524 mg pigu\u0142ki MDMA - Global Medicina\",\"isPartOf\":{\"@id\":\"https:\\\/\\\/medicinasinc.com\\\/pl\\\/#website\"},\"primaryImageOfPage\":{\"@id\":\"https:\\\/\\\/medicinasinc.com\\\/pl\\\/product\\\/kup-ecstasy-philipp-plein-blue-524-mg-mdma-pills\\\/#primaryimage\"},\"image\":{\"@id\":\"https:\\\/\\\/medicinasinc.com\\\/pl\\\/product\\\/kup-ecstasy-philipp-plein-blue-524-mg-mdma-pills\\\/#primaryimage\"},\"thumbnailUrl\":\"https:\\\/\\\/medicinasinc.com\\\/pl\\\/wp-content\\\/uploads\\\/sites\\\/13\\\/2022\\\/02\\\/buy-xtc-philipp-plein-blue-524-mg-mdma-pills-online.jpg\",\"datePublished\":\"2022-02-20T13:31:58+00:00\",\"dateModified\":\"2022-03-22T01:17:13+00:00\",\"description\":\"Kup Philipp Plein Blue- 524 Mg MDMA UK, Europa w najlepszej cenie rynkowej. Wszystkie nasze produkty s\u0105 wykonane z czystych naturalnych sk\u0142adnik\u00f3w wolnych od THC. Zam\u00f3w online ju\u017c teraz!\",\"breadcrumb\":{\"@id\":\"https:\\\/\\\/medicinasinc.com\\\/pl\\\/product\\\/kup-ecstasy-philipp-plein-blue-524-mg-mdma-pills\\\/#breadcrumb\"},\"inLanguage\":\"en-US\",\"potentialAction\":[{\"@type\":\"ReadAction\",\"target\":[\"https:\\\/\\\/medicinasinc.com\\\/pl\\\/product\\\/kup-ecstasy-philipp-plein-blue-524-mg-mdma-pills\\\/\"]}]},{\"@type\":\"ImageObject\",\"inLanguage\":\"en-US\",\"@id\":\"https:\\\/\\\/medicinasinc.com\\\/pl\\\/product\\\/kup-ecstasy-philipp-plein-blue-524-mg-mdma-pills\\\/#primaryimage\",\"url\":\"https:\\\/\\\/medicinasinc.com\\\/pl\\\/wp-content\\\/uploads\\\/sites\\\/13\\\/2022\\\/02\\\/buy-xtc-philipp-plein-blue-524-mg-mdma-pills-online.jpg\",\"contentUrl\":\"https:\\\/\\\/medicinasinc.com\\\/pl\\\/wp-content\\\/uploads\\\/sites\\\/13\\\/2022\\\/02\\\/buy-xtc-philipp-plein-blue-524-mg-mdma-pills-online.jpg\",\"width\":600,\"height\":600},{\"@type\":\"BreadcrumbList\",\"@id\":\"https:\\\/\\\/medicinasinc.com\\\/pl\\\/product\\\/kup-ecstasy-philipp-plein-blue-524-mg-mdma-pills\\\/#breadcrumb\",\"itemListElement\":[{\"@type\":\"ListItem\",\"position\":1,\"name\":\"Sklep\",\"item\":\"https:\\\/\\\/medicinasinc.com\\\/pl\\\/sklep\\\/\"},{\"@type\":\"ListItem\",\"position\":2,\"name\":\"Kup Ecstasy &#8211; Philipp Plein Blue &#8211; 524 mg pigu\u0142ek MDMA\"}]},{\"@type\":\"WebSite\",\"@id\":\"https:\\\/\\\/medicinasinc.com\\\/pl\\\/#website\",\"url\":\"https:\\\/\\\/medicinasinc.com\\\/pl\\\/\",\"name\":\"Medicinas Inc\",\"description\":\"Health Medical Clinic\",\"potentialAction\":[{\"@type\":\"SearchAction\",\"target\":{\"@type\":\"EntryPoint\",\"urlTemplate\":\"https:\\\/\\\/medicinasinc.com\\\/pl\\\/?s={search_term_string}\"},\"query-input\":{\"@type\":\"PropertyValueSpecification\",\"valueRequired\":true,\"valueName\":\"search_term_string\"}}],\"inLanguage\":\"en-US\"}]}<\/script>\n<!-- \/ Yoast SEO plugin. -->","yoast_head_json":{"title":"Kup Ecstasy - Philipp Plein Blue - 524 mg pigu\u0142ki MDMA - Global Medicina","description":"Kup Philipp Plein Blue- 524 Mg MDMA UK, Europa w najlepszej cenie rynkowej. Wszystkie nasze produkty s\u0105 wykonane z czystych naturalnych sk\u0142adnik\u00f3w wolnych od THC. Zam\u00f3w online ju\u017c teraz!","robots":{"index":"index","follow":"follow","max-snippet":"max-snippet:-1","max-image-preview":"max-image-preview:large","max-video-preview":"max-video-preview:-1"},"canonical":"https:\/\/medicinasinc.com\/pl\/product\/kup-ecstasy-philipp-plein-blue-524-mg-mdma-pills\/","og_locale":"en_US","og_type":"article","og_title":"Kup Ecstasy - Philipp Plein Blue - 524 mg pigu\u0142ki MDMA - Global Medicina","og_description":"Kup Philipp Plein Blue- 524 Mg MDMA UK, Europa w najlepszej cenie rynkowej. Wszystkie nasze produkty s\u0105 wykonane z czystych naturalnych sk\u0142adnik\u00f3w wolnych od THC. Zam\u00f3w online ju\u017c teraz!","og_url":"https:\/\/medicinasinc.com\/pl\/product\/kup-ecstasy-philipp-plein-blue-524-mg-mdma-pills\/","og_site_name":"Medicinas Inc","article_modified_time":"2022-03-22T01:17:13+00:00","og_image":[{"width":600,"height":600,"url":"https:\/\/medicinasinc.com\/pl\/wp-content\/uploads\/sites\/13\/2022\/02\/buy-xtc-philipp-plein-blue-524-mg-mdma-pills-online.jpg","type":"image\/jpeg"}],"twitter_card":"summary_large_image","twitter_misc":{"Est. reading time":"1 minute"},"schema":{"@context":"https:\/\/schema.org","@graph":[{"@type":"WebPage","@id":"https:\/\/medicinasinc.com\/pl\/product\/kup-ecstasy-philipp-plein-blue-524-mg-mdma-pills\/","url":"https:\/\/medicinasinc.com\/pl\/product\/kup-ecstasy-philipp-plein-blue-524-mg-mdma-pills\/","name":"Kup Ecstasy - Philipp Plein Blue - 524 mg pigu\u0142ki MDMA - Global Medicina","isPartOf":{"@id":"https:\/\/medicinasinc.com\/pl\/#website"},"primaryImageOfPage":{"@id":"https:\/\/medicinasinc.com\/pl\/product\/kup-ecstasy-philipp-plein-blue-524-mg-mdma-pills\/#primaryimage"},"image":{"@id":"https:\/\/medicinasinc.com\/pl\/product\/kup-ecstasy-philipp-plein-blue-524-mg-mdma-pills\/#primaryimage"},"thumbnailUrl":"https:\/\/medicinasinc.com\/pl\/wp-content\/uploads\/sites\/13\/2022\/02\/buy-xtc-philipp-plein-blue-524-mg-mdma-pills-online.jpg","datePublished":"2022-02-20T13:31:58+00:00","dateModified":"2022-03-22T01:17:13+00:00","description":"Kup Philipp Plein Blue- 524 Mg MDMA UK, Europa w najlepszej cenie rynkowej. Wszystkie nasze produkty s\u0105 wykonane z czystych naturalnych sk\u0142adnik\u00f3w wolnych od THC. Zam\u00f3w online ju\u017c teraz!","breadcrumb":{"@id":"https:\/\/medicinasinc.com\/pl\/product\/kup-ecstasy-philipp-plein-blue-524-mg-mdma-pills\/#breadcrumb"},"inLanguage":"en-US","potentialAction":[{"@type":"ReadAction","target":["https:\/\/medicinasinc.com\/pl\/product\/kup-ecstasy-philipp-plein-blue-524-mg-mdma-pills\/"]}]},{"@type":"ImageObject","inLanguage":"en-US","@id":"https:\/\/medicinasinc.com\/pl\/product\/kup-ecstasy-philipp-plein-blue-524-mg-mdma-pills\/#primaryimage","url":"https:\/\/medicinasinc.com\/pl\/wp-content\/uploads\/sites\/13\/2022\/02\/buy-xtc-philipp-plein-blue-524-mg-mdma-pills-online.jpg","contentUrl":"https:\/\/medicinasinc.com\/pl\/wp-content\/uploads\/sites\/13\/2022\/02\/buy-xtc-philipp-plein-blue-524-mg-mdma-pills-online.jpg","width":600,"height":600},{"@type":"BreadcrumbList","@id":"https:\/\/medicinasinc.com\/pl\/product\/kup-ecstasy-philipp-plein-blue-524-mg-mdma-pills\/#breadcrumb","itemListElement":[{"@type":"ListItem","position":1,"name":"Sklep","item":"https:\/\/medicinasinc.com\/pl\/sklep\/"},{"@type":"ListItem","position":2,"name":"Kup Ecstasy &#8211; Philipp Plein Blue &#8211; 524 mg pigu\u0142ek MDMA"}]},{"@type":"WebSite","@id":"https:\/\/medicinasinc.com\/pl\/#website","url":"https:\/\/medicinasinc.com\/pl\/","name":"Medicinas Inc","description":"Health Medical Clinic","potentialAction":[{"@type":"SearchAction","target":{"@type":"EntryPoint","urlTemplate":"https:\/\/medicinasinc.com\/pl\/?s={search_term_string}"},"query-input":{"@type":"PropertyValueSpecification","valueRequired":true,"valueName":"search_term_string"}}],"inLanguage":"en-US"}]}},"_links":{"self":[{"href":"https:\/\/medicinasinc.com\/pl\/wp-json\/wp\/v2\/product\/4592","targetHints":{"allow":["GET"]}}],"collection":[{"href":"https:\/\/medicinasinc.com\/pl\/wp-json\/wp\/v2\/product"}],"about":[{"href":"https:\/\/medicinasinc.com\/pl\/wp-json\/wp\/v2\/types\/product"}],"replies":[{"embeddable":true,"href":"https:\/\/medicinasinc.com\/pl\/wp-json\/wp\/v2\/comments?post=4592"}],"wp:featuredmedia":[{"embeddable":true,"href":"https:\/\/medicinasinc.com\/pl\/wp-json\/wp\/v2\/media\/4605"}],"wp:attachment":[{"href":"https:\/\/medicinasinc.com\/pl\/wp-json\/wp\/v2\/media?parent=4592"}],"wp:term":[{"taxonomy":"product_brand","embeddable":true,"href":"https:\/\/medicinasinc.com\/pl\/wp-json\/wp\/v2\/product_brand?post=4592"},{"taxonomy":"product_cat","embeddable":true,"href":"https:\/\/medicinasinc.com\/pl\/wp-json\/wp\/v2\/product_cat?post=4592"},{"taxonomy":"product_tag","embeddable":true,"href":"https:\/\/medicinasinc.com\/pl\/wp-json\/wp\/v2\/product_tag?post=4592"}],"curies":[{"name":"wp","href":"https:\/\/api.w.org\/{rel}","templated":true}]}}