{"id":4591,"date":"2022-02-20T13:30:56","date_gmt":"2022-02-20T13:30:56","guid":{"rendered":"https:\/\/medicinasinc.com\/pl\/?post_type=product&#038;p=4591"},"modified":"2022-03-22T01:17:22","modified_gmt":"2022-03-22T01:17:22","slug":"kup-bialy-rolex-ecstasy-pigulki","status":"publish","type":"product","link":"https:\/\/medicinasinc.com\/pl\/product\/kup-bialy-rolex-ecstasy-pigulki\/","title":{"rendered":"Kup bia\u0142e pigu\u0142ki ecstasy Rolex"},"content":{"rendered":"<h1>Kup bia\u0142e pigu\u0142ki ecstasy Rolex online.<\/h1>\n<table style=\"height: 82px\" width=\"495\">\n<tbody>\n<tr>\n<th>Kolor:<\/th>\n<td>Bia\u0142y lub Off Bia\u0142y<\/td>\n<\/tr>\n<tr>\n<th>Rozmiar:<\/th>\n<td>195 mg<\/td>\n<\/tr>\n<\/tbody>\n<\/table>\n","protected":false},"excerpt":{"rendered":"<div class=\"woocommerce-product-details__short-description\">\n<p>Kup bia\u0142e pigu\u0142ki ecstasy Rolex online na sprzeda\u017c w Wielkiej Brytanii, Europie od najbardziej niezawodnego dostawcy mdma w najlepszych cenach. Gwarantujemy dyskretn\u0105 i bezpieczn\u0105 wysy\u0142k\u0119 na ca\u0142y \u015bwiat<\/p>\n<p><strong>Minimalne zam\u00f3wienie<\/strong><strong> to 50 tabletek.<\/strong><\/p>\n<\/p><\/div>\n","protected":false},"featured_media":4603,"comment_status":"open","ping_status":"closed","template":"","meta":[],"product_brand":[],"product_cat":[498],"product_tag":[576,577,578,581,582,580,579],"class_list":{"0":"post-4591","1":"product","2":"type-product","3":"status-publish","4":"has-post-thumbnail","6":"product_cat-kup-tabletki-ekstazy","7":"product_tag-buy-white-rolex-ecstasy-online","8":"product_tag-buy-white-rolex-ecstasy-pills-online","9":"product_tag-cheap-white-rolex-ecstasy-pills-for-sale","10":"product_tag-gdzie-kupi-biae-rolex-piguki-ekstazy","11":"product_tag-gdzie-zamwi-biay-rolex-tabletki-ekstazy","12":"product_tag-order-white-rolex-ecstasy-pills","13":"product_tag-potrzebuj-biay-rolex-tabletki-ekstazy","15":"first","16":"instock","17":"shipping-taxable","18":"purchasable","19":"product-type-variable","20":"has-default-attributes"},"yoast_head":"<!-- This site is optimized with the Yoast SEO plugin v27.3 - https:\/\/yoast.com\/product\/yoast-seo-wordpress\/ -->\n<title>Kup bia\u0142e pigu\u0142ki ecstasy Rolex online - Najlepsze najlepsze \u015bwiatowe leki<\/title>\n<meta name=\"description\" content=\"Kup bia\u0142e pigu\u0142ki ecstasy Rolex online na sprzeda\u017c w Wielkiej Brytanii, Europie od najbardziej niezawodnego dostawcy mdma w najlepszych cenach. Gwarantujemy dyskretn\u0105 i bezpieczn\u0105 wysy\u0142k\u0119 na ca\u0142y \u015bwiat\" \/>\n<meta name=\"robots\" content=\"index, follow, max-snippet:-1, max-image-preview:large, max-video-preview:-1\" \/>\n<link rel=\"canonical\" href=\"https:\/\/medicinasinc.com\/pl\/product\/kup-bialy-rolex-ecstasy-pigulki\/\" \/>\n<meta property=\"og:locale\" content=\"en_US\" \/>\n<meta property=\"og:type\" content=\"article\" \/>\n<meta property=\"og:title\" content=\"Kup bia\u0142e pigu\u0142ki ecstasy Rolex online - Najlepsze najlepsze \u015bwiatowe leki\" \/>\n<meta property=\"og:description\" content=\"Kup bia\u0142e pigu\u0142ki ecstasy Rolex online na sprzeda\u017c w Wielkiej Brytanii, Europie od najbardziej niezawodnego dostawcy mdma w najlepszych cenach. Gwarantujemy dyskretn\u0105 i bezpieczn\u0105 wysy\u0142k\u0119 na ca\u0142y \u015bwiat\" \/>\n<meta property=\"og:url\" content=\"https:\/\/medicinasinc.com\/pl\/product\/kup-bialy-rolex-ecstasy-pigulki\/\" \/>\n<meta property=\"og:site_name\" content=\"Medicinas Inc\" \/>\n<meta property=\"article:modified_time\" content=\"2022-03-22T01:17:22+00:00\" \/>\n<meta property=\"og:image\" content=\"https:\/\/medicinasinc.com\/pl\/wp-content\/uploads\/sites\/13\/2022\/02\/buy-white-rolex-ecstasy-pills-online.jpg\" \/>\n\t<meta property=\"og:image:width\" content=\"600\" \/>\n\t<meta property=\"og:image:height\" content=\"600\" \/>\n\t<meta property=\"og:image:type\" content=\"image\/jpeg\" \/>\n<meta name=\"twitter:card\" content=\"summary_large_image\" \/>\n<meta name=\"twitter:label1\" content=\"Est. reading time\" \/>\n\t<meta name=\"twitter:data1\" content=\"1 minute\" \/>\n<script type=\"application\/ld+json\" class=\"yoast-schema-graph\">{\"@context\":\"https:\\\/\\\/schema.org\",\"@graph\":[{\"@type\":\"WebPage\",\"@id\":\"https:\\\/\\\/medicinasinc.com\\\/pl\\\/product\\\/kup-bialy-rolex-ecstasy-pigulki\\\/\",\"url\":\"https:\\\/\\\/medicinasinc.com\\\/pl\\\/product\\\/kup-bialy-rolex-ecstasy-pigulki\\\/\",\"name\":\"Kup bia\u0142e pigu\u0142ki ecstasy Rolex online - Najlepsze najlepsze \u015bwiatowe leki\",\"isPartOf\":{\"@id\":\"https:\\\/\\\/medicinasinc.com\\\/pl\\\/#website\"},\"primaryImageOfPage\":{\"@id\":\"https:\\\/\\\/medicinasinc.com\\\/pl\\\/product\\\/kup-bialy-rolex-ecstasy-pigulki\\\/#primaryimage\"},\"image\":{\"@id\":\"https:\\\/\\\/medicinasinc.com\\\/pl\\\/product\\\/kup-bialy-rolex-ecstasy-pigulki\\\/#primaryimage\"},\"thumbnailUrl\":\"https:\\\/\\\/medicinasinc.com\\\/pl\\\/wp-content\\\/uploads\\\/sites\\\/13\\\/2022\\\/02\\\/buy-white-rolex-ecstasy-pills-online.jpg\",\"datePublished\":\"2022-02-20T13:30:56+00:00\",\"dateModified\":\"2022-03-22T01:17:22+00:00\",\"description\":\"Kup bia\u0142e pigu\u0142ki ecstasy Rolex online na sprzeda\u017c w Wielkiej Brytanii, Europie od najbardziej niezawodnego dostawcy mdma w najlepszych cenach. Gwarantujemy dyskretn\u0105 i bezpieczn\u0105 wysy\u0142k\u0119 na ca\u0142y \u015bwiat\",\"breadcrumb\":{\"@id\":\"https:\\\/\\\/medicinasinc.com\\\/pl\\\/product\\\/kup-bialy-rolex-ecstasy-pigulki\\\/#breadcrumb\"},\"inLanguage\":\"en-US\",\"potentialAction\":[{\"@type\":\"ReadAction\",\"target\":[\"https:\\\/\\\/medicinasinc.com\\\/pl\\\/product\\\/kup-bialy-rolex-ecstasy-pigulki\\\/\"]}]},{\"@type\":\"ImageObject\",\"inLanguage\":\"en-US\",\"@id\":\"https:\\\/\\\/medicinasinc.com\\\/pl\\\/product\\\/kup-bialy-rolex-ecstasy-pigulki\\\/#primaryimage\",\"url\":\"https:\\\/\\\/medicinasinc.com\\\/pl\\\/wp-content\\\/uploads\\\/sites\\\/13\\\/2022\\\/02\\\/buy-white-rolex-ecstasy-pills-online.jpg\",\"contentUrl\":\"https:\\\/\\\/medicinasinc.com\\\/pl\\\/wp-content\\\/uploads\\\/sites\\\/13\\\/2022\\\/02\\\/buy-white-rolex-ecstasy-pills-online.jpg\",\"width\":600,\"height\":600},{\"@type\":\"BreadcrumbList\",\"@id\":\"https:\\\/\\\/medicinasinc.com\\\/pl\\\/product\\\/kup-bialy-rolex-ecstasy-pigulki\\\/#breadcrumb\",\"itemListElement\":[{\"@type\":\"ListItem\",\"position\":1,\"name\":\"Sklep\",\"item\":\"https:\\\/\\\/medicinasinc.com\\\/pl\\\/sklep\\\/\"},{\"@type\":\"ListItem\",\"position\":2,\"name\":\"Kup bia\u0142e pigu\u0142ki ecstasy Rolex\"}]},{\"@type\":\"WebSite\",\"@id\":\"https:\\\/\\\/medicinasinc.com\\\/pl\\\/#website\",\"url\":\"https:\\\/\\\/medicinasinc.com\\\/pl\\\/\",\"name\":\"Medicinas Inc\",\"description\":\"Health Medical Clinic\",\"potentialAction\":[{\"@type\":\"SearchAction\",\"target\":{\"@type\":\"EntryPoint\",\"urlTemplate\":\"https:\\\/\\\/medicinasinc.com\\\/pl\\\/?s={search_term_string}\"},\"query-input\":{\"@type\":\"PropertyValueSpecification\",\"valueRequired\":true,\"valueName\":\"search_term_string\"}}],\"inLanguage\":\"en-US\"}]}<\/script>\n<!-- \/ Yoast SEO plugin. -->","yoast_head_json":{"title":"Kup bia\u0142e pigu\u0142ki ecstasy Rolex online - Najlepsze najlepsze \u015bwiatowe leki","description":"Kup bia\u0142e pigu\u0142ki ecstasy Rolex online na sprzeda\u017c w Wielkiej Brytanii, Europie od najbardziej niezawodnego dostawcy mdma w najlepszych cenach. Gwarantujemy dyskretn\u0105 i bezpieczn\u0105 wysy\u0142k\u0119 na ca\u0142y \u015bwiat","robots":{"index":"index","follow":"follow","max-snippet":"max-snippet:-1","max-image-preview":"max-image-preview:large","max-video-preview":"max-video-preview:-1"},"canonical":"https:\/\/medicinasinc.com\/pl\/product\/kup-bialy-rolex-ecstasy-pigulki\/","og_locale":"en_US","og_type":"article","og_title":"Kup bia\u0142e pigu\u0142ki ecstasy Rolex online - Najlepsze najlepsze \u015bwiatowe leki","og_description":"Kup bia\u0142e pigu\u0142ki ecstasy Rolex online na sprzeda\u017c w Wielkiej Brytanii, Europie od najbardziej niezawodnego dostawcy mdma w najlepszych cenach. Gwarantujemy dyskretn\u0105 i bezpieczn\u0105 wysy\u0142k\u0119 na ca\u0142y \u015bwiat","og_url":"https:\/\/medicinasinc.com\/pl\/product\/kup-bialy-rolex-ecstasy-pigulki\/","og_site_name":"Medicinas Inc","article_modified_time":"2022-03-22T01:17:22+00:00","og_image":[{"width":600,"height":600,"url":"https:\/\/medicinasinc.com\/pl\/wp-content\/uploads\/sites\/13\/2022\/02\/buy-white-rolex-ecstasy-pills-online.jpg","type":"image\/jpeg"}],"twitter_card":"summary_large_image","twitter_misc":{"Est. reading time":"1 minute"},"schema":{"@context":"https:\/\/schema.org","@graph":[{"@type":"WebPage","@id":"https:\/\/medicinasinc.com\/pl\/product\/kup-bialy-rolex-ecstasy-pigulki\/","url":"https:\/\/medicinasinc.com\/pl\/product\/kup-bialy-rolex-ecstasy-pigulki\/","name":"Kup bia\u0142e pigu\u0142ki ecstasy Rolex online - Najlepsze najlepsze \u015bwiatowe leki","isPartOf":{"@id":"https:\/\/medicinasinc.com\/pl\/#website"},"primaryImageOfPage":{"@id":"https:\/\/medicinasinc.com\/pl\/product\/kup-bialy-rolex-ecstasy-pigulki\/#primaryimage"},"image":{"@id":"https:\/\/medicinasinc.com\/pl\/product\/kup-bialy-rolex-ecstasy-pigulki\/#primaryimage"},"thumbnailUrl":"https:\/\/medicinasinc.com\/pl\/wp-content\/uploads\/sites\/13\/2022\/02\/buy-white-rolex-ecstasy-pills-online.jpg","datePublished":"2022-02-20T13:30:56+00:00","dateModified":"2022-03-22T01:17:22+00:00","description":"Kup bia\u0142e pigu\u0142ki ecstasy Rolex online na sprzeda\u017c w Wielkiej Brytanii, Europie od najbardziej niezawodnego dostawcy mdma w najlepszych cenach. Gwarantujemy dyskretn\u0105 i bezpieczn\u0105 wysy\u0142k\u0119 na ca\u0142y \u015bwiat","breadcrumb":{"@id":"https:\/\/medicinasinc.com\/pl\/product\/kup-bialy-rolex-ecstasy-pigulki\/#breadcrumb"},"inLanguage":"en-US","potentialAction":[{"@type":"ReadAction","target":["https:\/\/medicinasinc.com\/pl\/product\/kup-bialy-rolex-ecstasy-pigulki\/"]}]},{"@type":"ImageObject","inLanguage":"en-US","@id":"https:\/\/medicinasinc.com\/pl\/product\/kup-bialy-rolex-ecstasy-pigulki\/#primaryimage","url":"https:\/\/medicinasinc.com\/pl\/wp-content\/uploads\/sites\/13\/2022\/02\/buy-white-rolex-ecstasy-pills-online.jpg","contentUrl":"https:\/\/medicinasinc.com\/pl\/wp-content\/uploads\/sites\/13\/2022\/02\/buy-white-rolex-ecstasy-pills-online.jpg","width":600,"height":600},{"@type":"BreadcrumbList","@id":"https:\/\/medicinasinc.com\/pl\/product\/kup-bialy-rolex-ecstasy-pigulki\/#breadcrumb","itemListElement":[{"@type":"ListItem","position":1,"name":"Sklep","item":"https:\/\/medicinasinc.com\/pl\/sklep\/"},{"@type":"ListItem","position":2,"name":"Kup bia\u0142e pigu\u0142ki ecstasy Rolex"}]},{"@type":"WebSite","@id":"https:\/\/medicinasinc.com\/pl\/#website","url":"https:\/\/medicinasinc.com\/pl\/","name":"Medicinas Inc","description":"Health Medical Clinic","potentialAction":[{"@type":"SearchAction","target":{"@type":"EntryPoint","urlTemplate":"https:\/\/medicinasinc.com\/pl\/?s={search_term_string}"},"query-input":{"@type":"PropertyValueSpecification","valueRequired":true,"valueName":"search_term_string"}}],"inLanguage":"en-US"}]}},"_links":{"self":[{"href":"https:\/\/medicinasinc.com\/pl\/wp-json\/wp\/v2\/product\/4591","targetHints":{"allow":["GET"]}}],"collection":[{"href":"https:\/\/medicinasinc.com\/pl\/wp-json\/wp\/v2\/product"}],"about":[{"href":"https:\/\/medicinasinc.com\/pl\/wp-json\/wp\/v2\/types\/product"}],"replies":[{"embeddable":true,"href":"https:\/\/medicinasinc.com\/pl\/wp-json\/wp\/v2\/comments?post=4591"}],"wp:featuredmedia":[{"embeddable":true,"href":"https:\/\/medicinasinc.com\/pl\/wp-json\/wp\/v2\/media\/4603"}],"wp:attachment":[{"href":"https:\/\/medicinasinc.com\/pl\/wp-json\/wp\/v2\/media?parent=4591"}],"wp:term":[{"taxonomy":"product_brand","embeddable":true,"href":"https:\/\/medicinasinc.com\/pl\/wp-json\/wp\/v2\/product_brand?post=4591"},{"taxonomy":"product_cat","embeddable":true,"href":"https:\/\/medicinasinc.com\/pl\/wp-json\/wp\/v2\/product_cat?post=4591"},{"taxonomy":"product_tag","embeddable":true,"href":"https:\/\/medicinasinc.com\/pl\/wp-json\/wp\/v2\/product_tag?post=4591"}],"curies":[{"name":"wp","href":"https:\/\/api.w.org\/{rel}","templated":true}]}}