{"id":4576,"date":"2022-02-20T13:20:42","date_gmt":"2022-02-20T13:20:42","guid":{"rendered":"https:\/\/medicinasinc.com\/pl\/?post_type=product&#038;p=4576"},"modified":"2022-03-22T01:17:33","modified_gmt":"2022-03-22T01:17:33","slug":"kup-pomaranczowe-tabletki-ekstazy","status":"publish","type":"product","link":"https:\/\/medicinasinc.com\/pl\/product\/kup-pomaranczowe-tabletki-ekstazy\/","title":{"rendered":"Kup Pomara\u0144czowe Tabletki Ekstazy Tesli"},"content":{"rendered":"<p>Kup pigu\u0142ki ecstasy Orange Tesla<\/p>\n<p>3,4 metylenodioksy-metamfetamina jest aktywnym sk\u0142adnikiem tabletek ecstasy Orange Tesla (MDMA). Ma\u0142e pomara\u0144czowe tabliczki maj\u0105 kszta\u0142t tarczy i nosz\u0105 s\u0142owo \u201eTesla\u201d nad logo Tesli w kszta\u0142cie litery t.<\/p>\n<p>\u015awiec\u0105 si\u0119 w ciemno\u015bci, a niekt\u00f3re s\u0105 posypane fioletowym brokatem.<\/p>\n<p>S\u0105 popularne, poniewa\u017c s\u0105 mocne, maj\u0105 zabawny design i s\u0105 kojarzone ze znan\u0105 mark\u0105 o pozytywnej reputacji. Wi\u0119kszo\u015b\u0107 ludzi ch\u0119tniej kupi pigu\u0142k\u0119 ecstasy z rozpoznawalnym logo ni\u017c zwyk\u0142\u0105 bia\u0142\u0105 pigu\u0142k\u0119 zrobion\u0105 przez kogokolwiek.<\/p>\n<p>Jednak pomara\u0144czowe pigu\u0142ki Tesli nie maj\u0105 nic wsp\u00f3lnego z Tesl\u0105 Elona Muska, ameryka\u0144skiego producenta samochod\u00f3w i firma zajmuj\u0105ca si\u0119 czyst\u0105 energi\u0105.<\/p>\n<p>Marka nie sugeruje, \u017ce s\u0105 one wysokiej jako\u015bci lub nawet sta\u0142ej jako\u015bci. U\u017cywaj\u0105c podobnej prasy i barwnika, ka\u017cdy mo\u017ce odtworzy\u0107 pomara\u0144czow\u0105 pigu\u0142k\u0119 ecstasy Tesli.<\/p>\n","protected":false},"excerpt":{"rendered":"<p>Kup Orange Tesla Ecstasy Pills na sprzeda\u017c Europa, Wielka Brytania. Kup ecstasy online, sprzedawca ecstasy, zamawiaj tabletki ecstasy online, mamy do czynienia z najczystszymi i najlepszymi produktami.<\/p>\n<p>W Best na \u015bwiecie mo\u017cesz kupi\u0107 oryginalne tabletki ecstasy Tesli w przyst\u0119pnej cenie. Wszystkie produkty s\u0105 testowane laboratoryjnie i s\u0105 najwy\u017cszej jako\u015bci.<\/p>\n","protected":false},"featured_media":4589,"comment_status":"open","ping_status":"closed","template":"","meta":[],"product_brand":[],"product_cat":[498],"product_tag":[555,556,557,558,572,560,568,554,574,565,573,566,562,563,564,567,559,569,570,571,561,575],"class_list":{"0":"post-4576","1":"product","2":"type-product","3":"status-publish","4":"has-post-thumbnail","6":"product_cat-kup-tabletki-ekstazy","7":"product_tag-blue-tesla-pill-mg","8":"product_tag-bluelight-orange-tesla-ecstasy-vs-molly","9":"product_tag-different-extacy-pills-list","10":"product_tag-ecstasy-pills-tesla-stamp-from-the-netherlands","11":"product_tag-tesla-pill-blue-effects","12":"product_tag-ekstaza-tesla","13":"product_tag-tesla-ekstaza","14":"product_tag-blue-tesla-ecstasy","15":"product_tag-tesla-tabletki-niebieskie","16":"product_tag-orange-tesla-pill-effects","17":"product_tag-ostrzeenie-o-piguce-tesli","18":"product_tag-peach-hard-tesla-ecstasy-with-score-on-back","19":"product_tag-pomaraczowy-tesla-2021","20":"product_tag-pomaraczowy-tesla-ecstasy-mg","21":"product_tag-pomaraczowy-tesla-ecstasy-pills-los-angeles-2019","22":"product_tag-reddit-ecstasy-pill-rating-tesla-vs-punisher-vs","23":"product_tag-ecstasy-prasa-tabletki-tesla","24":"product_tag-tesla-ecstasy-pill","25":"product_tag-tesla-ecstasy-recenzja","26":"product_tag-tesla-ekstaza-tampa","27":"product_tag-zdjcia-piguek-extacy","28":"product_tag-c5-bc-c3-b3-c5-82ta-tesla-ecstasy-tampa","30":"first","31":"instock","32":"shipping-taxable","33":"purchasable","34":"product-type-variable","35":"has-default-attributes"},"yoast_head":"<!-- This site is optimized with the Yoast SEO plugin v27.3 - https:\/\/yoast.com\/product\/yoast-seo-wordpress\/ -->\n<title>Kup Pomara\u0144czowe Tabletki Ekstazy Tesli - Najlepsze Najlepsze \u015bwiatowe Medycyny<\/title>\n<meta name=\"description\" content=\"Sprzedam Pomara\u0144czowe Tabletki Ekstazy Tesli na sprzeda\u017c Europa, Wielka Brytania. Kup Ecstasy Online, Ecstasy Seller, Zam\u00f3w tabletki ecstasy online, mamy do czynienia z najczystszymi i najlepszymi produktami.\" \/>\n<meta name=\"robots\" content=\"index, follow, max-snippet:-1, max-image-preview:large, max-video-preview:-1\" \/>\n<link rel=\"canonical\" href=\"https:\/\/medicinasinc.com\/pl\/product\/kup-pomaranczowe-tabletki-ekstazy\/\" \/>\n<meta property=\"og:locale\" content=\"en_US\" \/>\n<meta property=\"og:type\" content=\"article\" \/>\n<meta property=\"og:title\" content=\"Kup Pomara\u0144czowe Tabletki Ekstazy Tesli - Najlepsze Najlepsze \u015bwiatowe Medycyny\" \/>\n<meta property=\"og:description\" content=\"Sprzedam Pomara\u0144czowe Tabletki Ekstazy Tesli na sprzeda\u017c Europa, Wielka Brytania. Kup Ecstasy Online, Ecstasy Seller, Zam\u00f3w tabletki ecstasy online, mamy do czynienia z najczystszymi i najlepszymi produktami.\" \/>\n<meta property=\"og:url\" content=\"https:\/\/medicinasinc.com\/pl\/product\/kup-pomaranczowe-tabletki-ekstazy\/\" \/>\n<meta property=\"og:site_name\" content=\"Medicinas Inc\" \/>\n<meta property=\"article:modified_time\" content=\"2022-03-22T01:17:33+00:00\" \/>\n<meta property=\"og:image\" content=\"https:\/\/medicinasinc.com\/pl\/wp-content\/uploads\/sites\/13\/2022\/02\/Buy-Orange-Tesla-Ecstasy-Pills.jpg\" \/>\n\t<meta property=\"og:image:width\" content=\"747\" \/>\n\t<meta property=\"og:image:height\" content=\"560\" \/>\n\t<meta property=\"og:image:type\" content=\"image\/jpeg\" \/>\n<meta name=\"twitter:card\" content=\"summary_large_image\" \/>\n<meta name=\"twitter:label1\" content=\"Est. reading time\" \/>\n\t<meta name=\"twitter:data1\" content=\"1 minute\" \/>\n<script type=\"application\/ld+json\" class=\"yoast-schema-graph\">{\"@context\":\"https:\\\/\\\/schema.org\",\"@graph\":[{\"@type\":\"WebPage\",\"@id\":\"https:\\\/\\\/medicinasinc.com\\\/pl\\\/product\\\/kup-pomaranczowe-tabletki-ekstazy\\\/\",\"url\":\"https:\\\/\\\/medicinasinc.com\\\/pl\\\/product\\\/kup-pomaranczowe-tabletki-ekstazy\\\/\",\"name\":\"Kup Pomara\u0144czowe Tabletki Ekstazy Tesli - Najlepsze Najlepsze \u015bwiatowe Medycyny\",\"isPartOf\":{\"@id\":\"https:\\\/\\\/medicinasinc.com\\\/pl\\\/#website\"},\"primaryImageOfPage\":{\"@id\":\"https:\\\/\\\/medicinasinc.com\\\/pl\\\/product\\\/kup-pomaranczowe-tabletki-ekstazy\\\/#primaryimage\"},\"image\":{\"@id\":\"https:\\\/\\\/medicinasinc.com\\\/pl\\\/product\\\/kup-pomaranczowe-tabletki-ekstazy\\\/#primaryimage\"},\"thumbnailUrl\":\"https:\\\/\\\/medicinasinc.com\\\/pl\\\/wp-content\\\/uploads\\\/sites\\\/13\\\/2022\\\/02\\\/Buy-Orange-Tesla-Ecstasy-Pills.jpg\",\"datePublished\":\"2022-02-20T13:20:42+00:00\",\"dateModified\":\"2022-03-22T01:17:33+00:00\",\"description\":\"Sprzedam Pomara\u0144czowe Tabletki Ekstazy Tesli na sprzeda\u017c Europa, Wielka Brytania. Kup Ecstasy Online, Ecstasy Seller, Zam\u00f3w tabletki ecstasy online, mamy do czynienia z najczystszymi i najlepszymi produktami.\",\"breadcrumb\":{\"@id\":\"https:\\\/\\\/medicinasinc.com\\\/pl\\\/product\\\/kup-pomaranczowe-tabletki-ekstazy\\\/#breadcrumb\"},\"inLanguage\":\"en-US\",\"potentialAction\":[{\"@type\":\"ReadAction\",\"target\":[\"https:\\\/\\\/medicinasinc.com\\\/pl\\\/product\\\/kup-pomaranczowe-tabletki-ekstazy\\\/\"]}]},{\"@type\":\"ImageObject\",\"inLanguage\":\"en-US\",\"@id\":\"https:\\\/\\\/medicinasinc.com\\\/pl\\\/product\\\/kup-pomaranczowe-tabletki-ekstazy\\\/#primaryimage\",\"url\":\"https:\\\/\\\/medicinasinc.com\\\/pl\\\/wp-content\\\/uploads\\\/sites\\\/13\\\/2022\\\/02\\\/Buy-Orange-Tesla-Ecstasy-Pills.jpg\",\"contentUrl\":\"https:\\\/\\\/medicinasinc.com\\\/pl\\\/wp-content\\\/uploads\\\/sites\\\/13\\\/2022\\\/02\\\/Buy-Orange-Tesla-Ecstasy-Pills.jpg\",\"width\":747,\"height\":560},{\"@type\":\"BreadcrumbList\",\"@id\":\"https:\\\/\\\/medicinasinc.com\\\/pl\\\/product\\\/kup-pomaranczowe-tabletki-ekstazy\\\/#breadcrumb\",\"itemListElement\":[{\"@type\":\"ListItem\",\"position\":1,\"name\":\"Sklep\",\"item\":\"https:\\\/\\\/medicinasinc.com\\\/pl\\\/sklep\\\/\"},{\"@type\":\"ListItem\",\"position\":2,\"name\":\"Kup Pomara\u0144czowe Tabletki Ekstazy Tesli\"}]},{\"@type\":\"WebSite\",\"@id\":\"https:\\\/\\\/medicinasinc.com\\\/pl\\\/#website\",\"url\":\"https:\\\/\\\/medicinasinc.com\\\/pl\\\/\",\"name\":\"Medicinas Inc\",\"description\":\"Health Medical Clinic\",\"potentialAction\":[{\"@type\":\"SearchAction\",\"target\":{\"@type\":\"EntryPoint\",\"urlTemplate\":\"https:\\\/\\\/medicinasinc.com\\\/pl\\\/?s={search_term_string}\"},\"query-input\":{\"@type\":\"PropertyValueSpecification\",\"valueRequired\":true,\"valueName\":\"search_term_string\"}}],\"inLanguage\":\"en-US\"}]}<\/script>\n<!-- \/ Yoast SEO plugin. -->","yoast_head_json":{"title":"Kup Pomara\u0144czowe Tabletki Ekstazy Tesli - Najlepsze Najlepsze \u015bwiatowe Medycyny","description":"Sprzedam Pomara\u0144czowe Tabletki Ekstazy Tesli na sprzeda\u017c Europa, Wielka Brytania. Kup Ecstasy Online, Ecstasy Seller, Zam\u00f3w tabletki ecstasy online, mamy do czynienia z najczystszymi i najlepszymi produktami.","robots":{"index":"index","follow":"follow","max-snippet":"max-snippet:-1","max-image-preview":"max-image-preview:large","max-video-preview":"max-video-preview:-1"},"canonical":"https:\/\/medicinasinc.com\/pl\/product\/kup-pomaranczowe-tabletki-ekstazy\/","og_locale":"en_US","og_type":"article","og_title":"Kup Pomara\u0144czowe Tabletki Ekstazy Tesli - Najlepsze Najlepsze \u015bwiatowe Medycyny","og_description":"Sprzedam Pomara\u0144czowe Tabletki Ekstazy Tesli na sprzeda\u017c Europa, Wielka Brytania. Kup Ecstasy Online, Ecstasy Seller, Zam\u00f3w tabletki ecstasy online, mamy do czynienia z najczystszymi i najlepszymi produktami.","og_url":"https:\/\/medicinasinc.com\/pl\/product\/kup-pomaranczowe-tabletki-ekstazy\/","og_site_name":"Medicinas Inc","article_modified_time":"2022-03-22T01:17:33+00:00","og_image":[{"width":747,"height":560,"url":"https:\/\/medicinasinc.com\/pl\/wp-content\/uploads\/sites\/13\/2022\/02\/Buy-Orange-Tesla-Ecstasy-Pills.jpg","type":"image\/jpeg"}],"twitter_card":"summary_large_image","twitter_misc":{"Est. reading time":"1 minute"},"schema":{"@context":"https:\/\/schema.org","@graph":[{"@type":"WebPage","@id":"https:\/\/medicinasinc.com\/pl\/product\/kup-pomaranczowe-tabletki-ekstazy\/","url":"https:\/\/medicinasinc.com\/pl\/product\/kup-pomaranczowe-tabletki-ekstazy\/","name":"Kup Pomara\u0144czowe Tabletki Ekstazy Tesli - Najlepsze Najlepsze \u015bwiatowe Medycyny","isPartOf":{"@id":"https:\/\/medicinasinc.com\/pl\/#website"},"primaryImageOfPage":{"@id":"https:\/\/medicinasinc.com\/pl\/product\/kup-pomaranczowe-tabletki-ekstazy\/#primaryimage"},"image":{"@id":"https:\/\/medicinasinc.com\/pl\/product\/kup-pomaranczowe-tabletki-ekstazy\/#primaryimage"},"thumbnailUrl":"https:\/\/medicinasinc.com\/pl\/wp-content\/uploads\/sites\/13\/2022\/02\/Buy-Orange-Tesla-Ecstasy-Pills.jpg","datePublished":"2022-02-20T13:20:42+00:00","dateModified":"2022-03-22T01:17:33+00:00","description":"Sprzedam Pomara\u0144czowe Tabletki Ekstazy Tesli na sprzeda\u017c Europa, Wielka Brytania. Kup Ecstasy Online, Ecstasy Seller, Zam\u00f3w tabletki ecstasy online, mamy do czynienia z najczystszymi i najlepszymi produktami.","breadcrumb":{"@id":"https:\/\/medicinasinc.com\/pl\/product\/kup-pomaranczowe-tabletki-ekstazy\/#breadcrumb"},"inLanguage":"en-US","potentialAction":[{"@type":"ReadAction","target":["https:\/\/medicinasinc.com\/pl\/product\/kup-pomaranczowe-tabletki-ekstazy\/"]}]},{"@type":"ImageObject","inLanguage":"en-US","@id":"https:\/\/medicinasinc.com\/pl\/product\/kup-pomaranczowe-tabletki-ekstazy\/#primaryimage","url":"https:\/\/medicinasinc.com\/pl\/wp-content\/uploads\/sites\/13\/2022\/02\/Buy-Orange-Tesla-Ecstasy-Pills.jpg","contentUrl":"https:\/\/medicinasinc.com\/pl\/wp-content\/uploads\/sites\/13\/2022\/02\/Buy-Orange-Tesla-Ecstasy-Pills.jpg","width":747,"height":560},{"@type":"BreadcrumbList","@id":"https:\/\/medicinasinc.com\/pl\/product\/kup-pomaranczowe-tabletki-ekstazy\/#breadcrumb","itemListElement":[{"@type":"ListItem","position":1,"name":"Sklep","item":"https:\/\/medicinasinc.com\/pl\/sklep\/"},{"@type":"ListItem","position":2,"name":"Kup Pomara\u0144czowe Tabletki Ekstazy Tesli"}]},{"@type":"WebSite","@id":"https:\/\/medicinasinc.com\/pl\/#website","url":"https:\/\/medicinasinc.com\/pl\/","name":"Medicinas Inc","description":"Health Medical Clinic","potentialAction":[{"@type":"SearchAction","target":{"@type":"EntryPoint","urlTemplate":"https:\/\/medicinasinc.com\/pl\/?s={search_term_string}"},"query-input":{"@type":"PropertyValueSpecification","valueRequired":true,"valueName":"search_term_string"}}],"inLanguage":"en-US"}]}},"_links":{"self":[{"href":"https:\/\/medicinasinc.com\/pl\/wp-json\/wp\/v2\/product\/4576","targetHints":{"allow":["GET"]}}],"collection":[{"href":"https:\/\/medicinasinc.com\/pl\/wp-json\/wp\/v2\/product"}],"about":[{"href":"https:\/\/medicinasinc.com\/pl\/wp-json\/wp\/v2\/types\/product"}],"replies":[{"embeddable":true,"href":"https:\/\/medicinasinc.com\/pl\/wp-json\/wp\/v2\/comments?post=4576"}],"wp:featuredmedia":[{"embeddable":true,"href":"https:\/\/medicinasinc.com\/pl\/wp-json\/wp\/v2\/media\/4589"}],"wp:attachment":[{"href":"https:\/\/medicinasinc.com\/pl\/wp-json\/wp\/v2\/media?parent=4576"}],"wp:term":[{"taxonomy":"product_brand","embeddable":true,"href":"https:\/\/medicinasinc.com\/pl\/wp-json\/wp\/v2\/product_brand?post=4576"},{"taxonomy":"product_cat","embeddable":true,"href":"https:\/\/medicinasinc.com\/pl\/wp-json\/wp\/v2\/product_cat?post=4576"},{"taxonomy":"product_tag","embeddable":true,"href":"https:\/\/medicinasinc.com\/pl\/wp-json\/wp\/v2\/product_tag?post=4576"}],"curies":[{"name":"wp","href":"https:\/\/api.w.org\/{rel}","templated":true}]}}