{"id":4553,"date":"2022-02-20T10:45:15","date_gmt":"2022-02-20T10:45:15","guid":{"rendered":"https:\/\/medicinasinc.com\/pl\/?post_type=product&#038;p=4553"},"modified":"2022-03-22T01:17:50","modified_gmt":"2022-03-22T01:17:50","slug":"kup-rozowe-flugels-250mg-ecstasy-pigulki","status":"publish","type":"product","link":"https:\/\/medicinasinc.com\/pl\/product\/kup-rozowe-flugels-250mg-ecstasy-pigulki\/","title":{"rendered":"Kup r\u00f3\u017cowe flugels 250mg pigu\u0142ek ecstasy"},"content":{"rendered":"<p>Zakup online r\u00f3\u017cowych flugel\u00f3w 250 mg pigu\u0142ek ecstasy<\/p>\n<p>r\u00f3\u017cowe flugels, raport o r\u00f3\u017cowych flugelsach, czym s\u0105 r\u00f3\u017cowe flugels, pink flugels pills, pink flugels ecstasy i ile mdma jest w r\u00f3\u017cowych flugelsach<\/p>\n<div class=\"product-next-previous\">\n<div class=\"product-prev\"><\/div><\/div>\n","protected":false},"excerpt":{"rendered":"<p>Kup r\u00f3\u017cowe flugels 250 mg pigu\u0142ki ecstasy przez Internet.<\/p>\n<p><em>Kup r\u00f3\u017cowe flugels 250 mg<\/em>\u00a0XTC\u00a0<em>Pigu\u0142ki<\/em>\u00a0w najlepszej cenie rynkowej. Wszystkie nasze produkty s\u0105 wykonane z czystych naturalnych sk\u0142adnik\u00f3w wolnych od THC. Zam\u00f3w teraz online!<\/p>\n","protected":false},"featured_media":4571,"comment_status":"open","ping_status":"closed","template":"","meta":[],"product_brand":[],"product_cat":[498],"product_tag":[553,548,550,551,552,549],"class_list":{"0":"post-4553","1":"product","2":"type-product","3":"status-publish","4":"has-post-thumbnail","6":"product_cat-kup-tabletki-ekstazy","7":"product_tag-czym-sa-rozowe-flugels","8":"product_tag-how-much-mdma-are-in-pink-flugels","9":"product_tag-pink-flugels","10":"product_tag-rowe-flugels-ekstazy","11":"product_tag-rowe-flugels-piguki","12":"product_tag-piguka-raport-rowe-flugels","14":"first","15":"instock","16":"shipping-taxable","17":"purchasable","18":"product-type-variable","19":"has-default-attributes"},"yoast_head":"<!-- This site is optimized with the Yoast SEO plugin v27.3 - https:\/\/yoast.com\/product\/yoast-seo-wordpress\/ -->\n<title>Kup r\u00f3\u017cowe flugels 250mg pigu\u0142ki ecstasy - Best Best Global Meds<\/title>\n<meta name=\"description\" content=\"Kup Pink Flugels 250mg XTC Pills UK, Europa w najlepszej cenie rynkowej. Wszystkie nasze produkty s\u0105 wykonane z czystych naturalnych sk\u0142adnik\u00f3w wolnych od THC. Zam\u00f3w online ju\u017c teraz!\" \/>\n<meta name=\"robots\" content=\"index, follow, max-snippet:-1, max-image-preview:large, max-video-preview:-1\" \/>\n<link rel=\"canonical\" href=\"https:\/\/medicinasinc.com\/pl\/product\/kup-rozowe-flugels-250mg-ecstasy-pigulki\/\" \/>\n<meta property=\"og:locale\" content=\"en_US\" \/>\n<meta property=\"og:type\" content=\"article\" \/>\n<meta property=\"og:title\" content=\"Kup r\u00f3\u017cowe flugels 250mg pigu\u0142ki ecstasy - Best Best Global Meds\" \/>\n<meta property=\"og:description\" content=\"Kup Pink Flugels 250mg XTC Pills UK, Europa w najlepszej cenie rynkowej. Wszystkie nasze produkty s\u0105 wykonane z czystych naturalnych sk\u0142adnik\u00f3w wolnych od THC. Zam\u00f3w online ju\u017c teraz!\" \/>\n<meta property=\"og:url\" content=\"https:\/\/medicinasinc.com\/pl\/product\/kup-rozowe-flugels-250mg-ecstasy-pigulki\/\" \/>\n<meta property=\"og:site_name\" content=\"Medicinas Inc\" \/>\n<meta property=\"article:modified_time\" content=\"2022-03-22T01:17:50+00:00\" \/>\n<meta property=\"og:image\" content=\"https:\/\/medicinasinc.com\/pl\/wp-content\/uploads\/sites\/13\/2022\/02\/buy-pink-flugels-250mg-ecstasy-pills-online.jpg\" \/>\n\t<meta property=\"og:image:width\" content=\"600\" \/>\n\t<meta property=\"og:image:height\" content=\"600\" \/>\n\t<meta property=\"og:image:type\" content=\"image\/jpeg\" \/>\n<meta name=\"twitter:card\" content=\"summary_large_image\" \/>\n<meta name=\"twitter:label1\" content=\"Est. reading time\" \/>\n\t<meta name=\"twitter:data1\" content=\"1 minute\" \/>\n<script type=\"application\/ld+json\" class=\"yoast-schema-graph\">{\"@context\":\"https:\\\/\\\/schema.org\",\"@graph\":[{\"@type\":\"WebPage\",\"@id\":\"https:\\\/\\\/medicinasinc.com\\\/pl\\\/product\\\/kup-rozowe-flugels-250mg-ecstasy-pigulki\\\/\",\"url\":\"https:\\\/\\\/medicinasinc.com\\\/pl\\\/product\\\/kup-rozowe-flugels-250mg-ecstasy-pigulki\\\/\",\"name\":\"Kup r\u00f3\u017cowe flugels 250mg pigu\u0142ki ecstasy - Best Best Global Meds\",\"isPartOf\":{\"@id\":\"https:\\\/\\\/medicinasinc.com\\\/pl\\\/#website\"},\"primaryImageOfPage\":{\"@id\":\"https:\\\/\\\/medicinasinc.com\\\/pl\\\/product\\\/kup-rozowe-flugels-250mg-ecstasy-pigulki\\\/#primaryimage\"},\"image\":{\"@id\":\"https:\\\/\\\/medicinasinc.com\\\/pl\\\/product\\\/kup-rozowe-flugels-250mg-ecstasy-pigulki\\\/#primaryimage\"},\"thumbnailUrl\":\"https:\\\/\\\/medicinasinc.com\\\/pl\\\/wp-content\\\/uploads\\\/sites\\\/13\\\/2022\\\/02\\\/buy-pink-flugels-250mg-ecstasy-pills-online.jpg\",\"datePublished\":\"2022-02-20T10:45:15+00:00\",\"dateModified\":\"2022-03-22T01:17:50+00:00\",\"description\":\"Kup Pink Flugels 250mg XTC Pills UK, Europa w najlepszej cenie rynkowej. Wszystkie nasze produkty s\u0105 wykonane z czystych naturalnych sk\u0142adnik\u00f3w wolnych od THC. Zam\u00f3w online ju\u017c teraz!\",\"breadcrumb\":{\"@id\":\"https:\\\/\\\/medicinasinc.com\\\/pl\\\/product\\\/kup-rozowe-flugels-250mg-ecstasy-pigulki\\\/#breadcrumb\"},\"inLanguage\":\"en-US\",\"potentialAction\":[{\"@type\":\"ReadAction\",\"target\":[\"https:\\\/\\\/medicinasinc.com\\\/pl\\\/product\\\/kup-rozowe-flugels-250mg-ecstasy-pigulki\\\/\"]}]},{\"@type\":\"ImageObject\",\"inLanguage\":\"en-US\",\"@id\":\"https:\\\/\\\/medicinasinc.com\\\/pl\\\/product\\\/kup-rozowe-flugels-250mg-ecstasy-pigulki\\\/#primaryimage\",\"url\":\"https:\\\/\\\/medicinasinc.com\\\/pl\\\/wp-content\\\/uploads\\\/sites\\\/13\\\/2022\\\/02\\\/buy-pink-flugels-250mg-ecstasy-pills-online.jpg\",\"contentUrl\":\"https:\\\/\\\/medicinasinc.com\\\/pl\\\/wp-content\\\/uploads\\\/sites\\\/13\\\/2022\\\/02\\\/buy-pink-flugels-250mg-ecstasy-pills-online.jpg\",\"width\":600,\"height\":600},{\"@type\":\"BreadcrumbList\",\"@id\":\"https:\\\/\\\/medicinasinc.com\\\/pl\\\/product\\\/kup-rozowe-flugels-250mg-ecstasy-pigulki\\\/#breadcrumb\",\"itemListElement\":[{\"@type\":\"ListItem\",\"position\":1,\"name\":\"Sklep\",\"item\":\"https:\\\/\\\/medicinasinc.com\\\/pl\\\/sklep\\\/\"},{\"@type\":\"ListItem\",\"position\":2,\"name\":\"Kup r\u00f3\u017cowe flugels 250mg pigu\u0142ek ecstasy\"}]},{\"@type\":\"WebSite\",\"@id\":\"https:\\\/\\\/medicinasinc.com\\\/pl\\\/#website\",\"url\":\"https:\\\/\\\/medicinasinc.com\\\/pl\\\/\",\"name\":\"Medicinas Inc\",\"description\":\"Health Medical Clinic\",\"potentialAction\":[{\"@type\":\"SearchAction\",\"target\":{\"@type\":\"EntryPoint\",\"urlTemplate\":\"https:\\\/\\\/medicinasinc.com\\\/pl\\\/?s={search_term_string}\"},\"query-input\":{\"@type\":\"PropertyValueSpecification\",\"valueRequired\":true,\"valueName\":\"search_term_string\"}}],\"inLanguage\":\"en-US\"}]}<\/script>\n<!-- \/ Yoast SEO plugin. -->","yoast_head_json":{"title":"Kup r\u00f3\u017cowe flugels 250mg pigu\u0142ki ecstasy - Best Best Global Meds","description":"Kup Pink Flugels 250mg XTC Pills UK, Europa w najlepszej cenie rynkowej. Wszystkie nasze produkty s\u0105 wykonane z czystych naturalnych sk\u0142adnik\u00f3w wolnych od THC. Zam\u00f3w online ju\u017c teraz!","robots":{"index":"index","follow":"follow","max-snippet":"max-snippet:-1","max-image-preview":"max-image-preview:large","max-video-preview":"max-video-preview:-1"},"canonical":"https:\/\/medicinasinc.com\/pl\/product\/kup-rozowe-flugels-250mg-ecstasy-pigulki\/","og_locale":"en_US","og_type":"article","og_title":"Kup r\u00f3\u017cowe flugels 250mg pigu\u0142ki ecstasy - Best Best Global Meds","og_description":"Kup Pink Flugels 250mg XTC Pills UK, Europa w najlepszej cenie rynkowej. Wszystkie nasze produkty s\u0105 wykonane z czystych naturalnych sk\u0142adnik\u00f3w wolnych od THC. Zam\u00f3w online ju\u017c teraz!","og_url":"https:\/\/medicinasinc.com\/pl\/product\/kup-rozowe-flugels-250mg-ecstasy-pigulki\/","og_site_name":"Medicinas Inc","article_modified_time":"2022-03-22T01:17:50+00:00","og_image":[{"width":600,"height":600,"url":"https:\/\/medicinasinc.com\/pl\/wp-content\/uploads\/sites\/13\/2022\/02\/buy-pink-flugels-250mg-ecstasy-pills-online.jpg","type":"image\/jpeg"}],"twitter_card":"summary_large_image","twitter_misc":{"Est. reading time":"1 minute"},"schema":{"@context":"https:\/\/schema.org","@graph":[{"@type":"WebPage","@id":"https:\/\/medicinasinc.com\/pl\/product\/kup-rozowe-flugels-250mg-ecstasy-pigulki\/","url":"https:\/\/medicinasinc.com\/pl\/product\/kup-rozowe-flugels-250mg-ecstasy-pigulki\/","name":"Kup r\u00f3\u017cowe flugels 250mg pigu\u0142ki ecstasy - Best Best Global Meds","isPartOf":{"@id":"https:\/\/medicinasinc.com\/pl\/#website"},"primaryImageOfPage":{"@id":"https:\/\/medicinasinc.com\/pl\/product\/kup-rozowe-flugels-250mg-ecstasy-pigulki\/#primaryimage"},"image":{"@id":"https:\/\/medicinasinc.com\/pl\/product\/kup-rozowe-flugels-250mg-ecstasy-pigulki\/#primaryimage"},"thumbnailUrl":"https:\/\/medicinasinc.com\/pl\/wp-content\/uploads\/sites\/13\/2022\/02\/buy-pink-flugels-250mg-ecstasy-pills-online.jpg","datePublished":"2022-02-20T10:45:15+00:00","dateModified":"2022-03-22T01:17:50+00:00","description":"Kup Pink Flugels 250mg XTC Pills UK, Europa w najlepszej cenie rynkowej. Wszystkie nasze produkty s\u0105 wykonane z czystych naturalnych sk\u0142adnik\u00f3w wolnych od THC. Zam\u00f3w online ju\u017c teraz!","breadcrumb":{"@id":"https:\/\/medicinasinc.com\/pl\/product\/kup-rozowe-flugels-250mg-ecstasy-pigulki\/#breadcrumb"},"inLanguage":"en-US","potentialAction":[{"@type":"ReadAction","target":["https:\/\/medicinasinc.com\/pl\/product\/kup-rozowe-flugels-250mg-ecstasy-pigulki\/"]}]},{"@type":"ImageObject","inLanguage":"en-US","@id":"https:\/\/medicinasinc.com\/pl\/product\/kup-rozowe-flugels-250mg-ecstasy-pigulki\/#primaryimage","url":"https:\/\/medicinasinc.com\/pl\/wp-content\/uploads\/sites\/13\/2022\/02\/buy-pink-flugels-250mg-ecstasy-pills-online.jpg","contentUrl":"https:\/\/medicinasinc.com\/pl\/wp-content\/uploads\/sites\/13\/2022\/02\/buy-pink-flugels-250mg-ecstasy-pills-online.jpg","width":600,"height":600},{"@type":"BreadcrumbList","@id":"https:\/\/medicinasinc.com\/pl\/product\/kup-rozowe-flugels-250mg-ecstasy-pigulki\/#breadcrumb","itemListElement":[{"@type":"ListItem","position":1,"name":"Sklep","item":"https:\/\/medicinasinc.com\/pl\/sklep\/"},{"@type":"ListItem","position":2,"name":"Kup r\u00f3\u017cowe flugels 250mg pigu\u0142ek ecstasy"}]},{"@type":"WebSite","@id":"https:\/\/medicinasinc.com\/pl\/#website","url":"https:\/\/medicinasinc.com\/pl\/","name":"Medicinas Inc","description":"Health Medical Clinic","potentialAction":[{"@type":"SearchAction","target":{"@type":"EntryPoint","urlTemplate":"https:\/\/medicinasinc.com\/pl\/?s={search_term_string}"},"query-input":{"@type":"PropertyValueSpecification","valueRequired":true,"valueName":"search_term_string"}}],"inLanguage":"en-US"}]}},"_links":{"self":[{"href":"https:\/\/medicinasinc.com\/pl\/wp-json\/wp\/v2\/product\/4553","targetHints":{"allow":["GET"]}}],"collection":[{"href":"https:\/\/medicinasinc.com\/pl\/wp-json\/wp\/v2\/product"}],"about":[{"href":"https:\/\/medicinasinc.com\/pl\/wp-json\/wp\/v2\/types\/product"}],"replies":[{"embeddable":true,"href":"https:\/\/medicinasinc.com\/pl\/wp-json\/wp\/v2\/comments?post=4553"}],"wp:featuredmedia":[{"embeddable":true,"href":"https:\/\/medicinasinc.com\/pl\/wp-json\/wp\/v2\/media\/4571"}],"wp:attachment":[{"href":"https:\/\/medicinasinc.com\/pl\/wp-json\/wp\/v2\/media?parent=4553"}],"wp:term":[{"taxonomy":"product_brand","embeddable":true,"href":"https:\/\/medicinasinc.com\/pl\/wp-json\/wp\/v2\/product_brand?post=4553"},{"taxonomy":"product_cat","embeddable":true,"href":"https:\/\/medicinasinc.com\/pl\/wp-json\/wp\/v2\/product_cat?post=4553"},{"taxonomy":"product_tag","embeddable":true,"href":"https:\/\/medicinasinc.com\/pl\/wp-json\/wp\/v2\/product_tag?post=4553"}],"curies":[{"name":"wp","href":"https:\/\/api.w.org\/{rel}","templated":true}]}}