{"id":4535,"date":"2022-02-20T10:31:14","date_gmt":"2022-02-20T10:31:14","guid":{"rendered":"https:\/\/medicinasinc.com\/pl\/?post_type=product&#038;p=4535"},"modified":"2022-03-22T01:18:11","modified_gmt":"2022-03-22T01:18:11","slug":"kup-szare-bugatti-tabletki-mdma","status":"publish","type":"product","link":"https:\/\/medicinasinc.com\/pl\/product\/kup-szare-bugatti-tabletki-mdma\/","title":{"rendered":"Kup tabletki Grey Bugatti MDMA"},"content":{"rendered":"<p>KUP ONLINE GREY BUGATTI MDMA PILLS<\/p>\n<p>MDMA (metamfetamina-metylenodioksymetamfetamina) to syntetyczny stymulant, kt\u00f3ry zmienia percepcj\u0119 i nastr\u00f3j (\u015bwiadomo\u015b\u0107 otaczaj\u0105cych warunk\u00f3w i przedmiot\u00f3w). Chemicznie jest podobny do halucynogen\u00f3w i stymulant\u00f3w, wywo\u0142uj\u0105c uczucie zwi\u0119kszonej przyjemno\u015bci, energii, ciep\u0142a emocjonalnego, percepcji czasu i zniekszta\u0142conej percepcji zmys\u0142owej. Kup czyste mdma online.<\/p>\n<p>MDMA by\u0142o pocz\u0105tkowo popularne na ca\u0142onocnych imprezach tanecznych i na scenie w klubach nocnych, ale teraz narkotyk ten dotyka zr\u00f3\u017cnicowan\u0105 grup\u0119 ludzi, kt\u00f3rzy nazywaj\u0105 go Molly lub Ecstasy. Kup online pigu\u0142ek Grey Bugatti MDMA<\/p>\n<p>Ekstaza to \u015brodek pobudzaj\u0105cy, kt\u00f3ry mo\u017ce wywo\u0142ywa\u0107 halucynacje. Osoby s\u0105 okre\u015blane mianem narkotyk\u00f3w projektant\u00f3w, poniewa\u017c powoduj\u0105, \u017ce osoba czuje si\u0119 zrelaksowana, pobudzona i na haju. Narkotyk jest szczeg\u00f3lnie popularny w\u015br\u00f3d m\u0142odych doros\u0142ych i nastolatk\u00f3w, kt\u00f3rzy chodz\u0105 na koncerty, do klub\u00f3w i na imprezy \u201erave\u201d. Kup mdma online<\/p>\n<p>Ekstaza jest cz\u0119sto okre\u015blana jako \u201epigu\u0142ka mi\u0142o\u015bci\u201d, poniewa\u017c poprawia percepcj\u0119 d\u017awi\u0119ku i koloru oraz rzekomo wzmacnia doznania, gdy jedna osoba pie\u015bci lub dotyka drug\u0105, zw\u0142aszcza podczas seksu. Mo\u017cesz tak\u017ce kupi\u0107 Viagr\u0119, aby poprawi\u0107 sprawno\u015b\u0107 seksualn\u0105.<\/p>\n<p>U\u017cytkownicy uwa\u017caj\u0105, \u017ce lek sprawi, \u017ce poczuj\u0105 si\u0119 zrelaksowani i zdrowi, a tak\u017ce zapewni im d\u0142ugie dni bez odpoczynku. Osoby u\u017cywaj\u0105ce ecstasy nie s\u0105 \u015bwiadome niebezpiecze\u0144stw zwi\u0105zanych z tym lekiem. Gdzie mog\u0119 kupi\u0107 czyst\u0105 mdma online?<\/p>\n<p>Ekstaza sta\u0142a si\u0119 jednym z najszerzej dost\u0119pnych narkotyk\u00f3w ulicznych. Ecstasy wys\u0142a\u0142o wielu z nas na izby przyj\u0119\u0107 w ci\u0105gu ostatnich kilku lat z powodu niebezpiecznych skutk\u00f3w ubocznych. Zam\u00f3w MDMA w Unii Europejskiej, czy mog\u0119 kupi\u0107 MDMA online, hurtowo online MDMA, czyste MDMA na sprzeda\u017c online, prawdziwe MDMA na sprzeda\u017c online w Stanach Zjednoczonych Ameryki<\/p>\n","protected":false},"excerpt":{"rendered":"<p>Kup Grey Bugatti MDMA Pills na sprzeda\u017c online w najlepszej cenie. Gwarantujemy bezpieczn\u0105 i bezpieczn\u0105 wysy\u0142k\u0119 na ca\u0142y \u015bwiat. Zam\u00f3w MDMA w UE, czy mog\u0119 kupi\u0107 MDMA online, hurt MDMA online<\/p>\n<p><em>Kup pigu\u0142ki Grey Bugatti MDMA<\/em>\u00a0Online w najlepszej cenie. Gwarantujemy bezpieczn\u0105 i bezpieczn\u0105 wysy\u0142k\u0119 na ca\u0142y \u015bwiat. Po\u0142\u0105cz si\u0119 z nami teraz<\/p>\n","protected":false},"featured_media":4558,"comment_status":"open","ping_status":"closed","template":"","meta":[],"product_brand":[],"product_cat":[498],"product_tag":[500,504,507,508,542,546,547,544,545,510,506,501,505,499,502,503,512,513,514,515,516,518,521,522,523,524,517,519,520,527,528,529,530,535,511,537,538,539,532,509,536,541,543,534,526,533,540,525,531],"class_list":{"0":"post-4535","1":"product","2":"type-product","3":"status-publish","4":"has-post-thumbnail","6":"product_cat-kup-tabletki-ekstazy","7":"product_tag-buy-mdma","8":"product_tag-buy-molly-online","9":"product_tag-buy-research-chemicals-online","10":"product_tag-mog-zamwi-mdma-online","11":"product_tag-pure-mdma-do-sprzeday-online","12":"product_tag-gdzie-kupi-pure-mdma-online","13":"product_tag-gdzie-kupi-pure-molly-online","14":"product_tag-gdzie-kupi-tabletki-mdma","15":"product_tag-gdzie-kupi-mdma-pills-online","16":"product_tag-how-to-order-mdma","17":"product_tag-kup-pure-mdma-online","18":"product_tag-kup-mdma-online","19":"product_tag-kup-mollymdma-online","20":"product_tag-kup-szare-bugatti-mdma-pills-online","21":"product_tag-kup-tabletki-mdma","22":"product_tag-kup-mdma-pills-online","23":"product_tag-mdma","24":"product_tag-mdma-100mg","25":"product_tag-mdma-1g","26":"product_tag-mdma-3-4-methylenedioxy-n-methylamphetamine","27":"product_tag-mdma-3g","28":"product_tag-mdma-for-sale-online","29":"product_tag-mdma-molly","30":"product_tag-mdma-molly-crystals","31":"product_tag-mdma-molly-for-sale","32":"product_tag-mdma-molly-powder","33":"product_tag-mdma-na-sprzeda","34":"product_tag-mdma-do-sprzeday-online-us","35":"product_tag-mdma-do-sprzeday-zamwienie-online","36":"product_tag-mdma-online-sales","37":"product_tag-mdma-online-sales-vendors","38":"product_tag-mdma-online-shop","39":"product_tag-mdma-order-online","40":"product_tag-mdma-sales","41":"product_tag-nielegalne-narkotyki-na-sprzeda-online-mdma","42":"product_tag-online","43":"product_tag-online-mdma-sales","44":"product_tag-order-mdma-online","45":"product_tag-winiaka-mdma","46":"product_tag-pobierz-mdma-online","47":"product_tag-molly-mdma-proszek","48":"product_tag-pure-mdma","49":"product_tag-real-mdma-for-sale-online","50":"product_tag-sprzeda-mdma","51":"product_tag-mdma-sprzeda-online","52":"product_tag-tabletki-mdma-do-sprzeday-online","53":"product_tag-zamw-pure-mdma-online","54":"product_tag-mdma-zamwienie-online","55":"product_tag-zdjcia-mdma","57":"first","58":"instock","59":"shipping-taxable","60":"purchasable","61":"product-type-variable","62":"has-default-attributes"},"yoast_head":"<!-- This site is optimized with the Yoast SEO plugin v27.3 - https:\/\/yoast.com\/product\/yoast-seo-wordpress\/ -->\n<title>Kup pigu\u0142ki Grey Bugatti MDMA - Best Best Global Meds<\/title>\n<meta name=\"description\" content=\"Kup tabletki Grey Bugatti MDMA na sprzeda\u017c online w najlepszej cenie. Gwarantujemy bezpieczn\u0105 i bezpieczn\u0105 wysy\u0142k\u0119 na ca\u0142y \u015bwiat. Zam\u00f3w MDMA w UE, czy mog\u0119 kupi\u0107 MDMA online, hurtowo MDMA online?\" \/>\n<meta name=\"robots\" content=\"index, follow, max-snippet:-1, max-image-preview:large, max-video-preview:-1\" \/>\n<link rel=\"canonical\" href=\"https:\/\/medicinasinc.com\/pl\/product\/kup-szare-bugatti-tabletki-mdma\/\" \/>\n<meta property=\"og:locale\" content=\"en_US\" \/>\n<meta property=\"og:type\" content=\"article\" \/>\n<meta property=\"og:title\" content=\"Kup pigu\u0142ki Grey Bugatti MDMA - Best Best Global Meds\" \/>\n<meta property=\"og:description\" content=\"Kup tabletki Grey Bugatti MDMA na sprzeda\u017c online w najlepszej cenie. Gwarantujemy bezpieczn\u0105 i bezpieczn\u0105 wysy\u0142k\u0119 na ca\u0142y \u015bwiat. Zam\u00f3w MDMA w UE, czy mog\u0119 kupi\u0107 MDMA online, hurtowo MDMA online?\" \/>\n<meta property=\"og:url\" content=\"https:\/\/medicinasinc.com\/pl\/product\/kup-szare-bugatti-tabletki-mdma\/\" \/>\n<meta property=\"og:site_name\" content=\"Medicinas Inc\" \/>\n<meta property=\"article:modified_time\" content=\"2022-03-22T01:18:11+00:00\" \/>\n<meta property=\"og:image\" content=\"https:\/\/medicinasinc.com\/pl\/wp-content\/uploads\/sites\/13\/2022\/02\/buy-gray-bugatti-mdma-pills-online.jpg\" \/>\n\t<meta property=\"og:image:width\" content=\"600\" \/>\n\t<meta property=\"og:image:height\" content=\"600\" \/>\n\t<meta property=\"og:image:type\" content=\"image\/jpeg\" \/>\n<meta name=\"twitter:card\" content=\"summary_large_image\" \/>\n<meta name=\"twitter:label1\" content=\"Est. reading time\" \/>\n\t<meta name=\"twitter:data1\" content=\"2 minutes\" \/>\n<script type=\"application\/ld+json\" class=\"yoast-schema-graph\">{\"@context\":\"https:\\\/\\\/schema.org\",\"@graph\":[{\"@type\":\"WebPage\",\"@id\":\"https:\\\/\\\/medicinasinc.com\\\/pl\\\/product\\\/kup-szare-bugatti-tabletki-mdma\\\/\",\"url\":\"https:\\\/\\\/medicinasinc.com\\\/pl\\\/product\\\/kup-szare-bugatti-tabletki-mdma\\\/\",\"name\":\"Kup pigu\u0142ki Grey Bugatti MDMA - Best Best Global Meds\",\"isPartOf\":{\"@id\":\"https:\\\/\\\/medicinasinc.com\\\/pl\\\/#website\"},\"primaryImageOfPage\":{\"@id\":\"https:\\\/\\\/medicinasinc.com\\\/pl\\\/product\\\/kup-szare-bugatti-tabletki-mdma\\\/#primaryimage\"},\"image\":{\"@id\":\"https:\\\/\\\/medicinasinc.com\\\/pl\\\/product\\\/kup-szare-bugatti-tabletki-mdma\\\/#primaryimage\"},\"thumbnailUrl\":\"https:\\\/\\\/medicinasinc.com\\\/pl\\\/wp-content\\\/uploads\\\/sites\\\/13\\\/2022\\\/02\\\/buy-gray-bugatti-mdma-pills-online.jpg\",\"datePublished\":\"2022-02-20T10:31:14+00:00\",\"dateModified\":\"2022-03-22T01:18:11+00:00\",\"description\":\"Kup tabletki Grey Bugatti MDMA na sprzeda\u017c online w najlepszej cenie. Gwarantujemy bezpieczn\u0105 i bezpieczn\u0105 wysy\u0142k\u0119 na ca\u0142y \u015bwiat. Zam\u00f3w MDMA w UE, czy mog\u0119 kupi\u0107 MDMA online, hurtowo MDMA online?\",\"breadcrumb\":{\"@id\":\"https:\\\/\\\/medicinasinc.com\\\/pl\\\/product\\\/kup-szare-bugatti-tabletki-mdma\\\/#breadcrumb\"},\"inLanguage\":\"en-US\",\"potentialAction\":[{\"@type\":\"ReadAction\",\"target\":[\"https:\\\/\\\/medicinasinc.com\\\/pl\\\/product\\\/kup-szare-bugatti-tabletki-mdma\\\/\"]}]},{\"@type\":\"ImageObject\",\"inLanguage\":\"en-US\",\"@id\":\"https:\\\/\\\/medicinasinc.com\\\/pl\\\/product\\\/kup-szare-bugatti-tabletki-mdma\\\/#primaryimage\",\"url\":\"https:\\\/\\\/medicinasinc.com\\\/pl\\\/wp-content\\\/uploads\\\/sites\\\/13\\\/2022\\\/02\\\/buy-gray-bugatti-mdma-pills-online.jpg\",\"contentUrl\":\"https:\\\/\\\/medicinasinc.com\\\/pl\\\/wp-content\\\/uploads\\\/sites\\\/13\\\/2022\\\/02\\\/buy-gray-bugatti-mdma-pills-online.jpg\",\"width\":600,\"height\":600},{\"@type\":\"BreadcrumbList\",\"@id\":\"https:\\\/\\\/medicinasinc.com\\\/pl\\\/product\\\/kup-szare-bugatti-tabletki-mdma\\\/#breadcrumb\",\"itemListElement\":[{\"@type\":\"ListItem\",\"position\":1,\"name\":\"Sklep\",\"item\":\"https:\\\/\\\/medicinasinc.com\\\/pl\\\/sklep\\\/\"},{\"@type\":\"ListItem\",\"position\":2,\"name\":\"Kup tabletki Grey Bugatti MDMA\"}]},{\"@type\":\"WebSite\",\"@id\":\"https:\\\/\\\/medicinasinc.com\\\/pl\\\/#website\",\"url\":\"https:\\\/\\\/medicinasinc.com\\\/pl\\\/\",\"name\":\"Medicinas Inc\",\"description\":\"Health Medical Clinic\",\"potentialAction\":[{\"@type\":\"SearchAction\",\"target\":{\"@type\":\"EntryPoint\",\"urlTemplate\":\"https:\\\/\\\/medicinasinc.com\\\/pl\\\/?s={search_term_string}\"},\"query-input\":{\"@type\":\"PropertyValueSpecification\",\"valueRequired\":true,\"valueName\":\"search_term_string\"}}],\"inLanguage\":\"en-US\"}]}<\/script>\n<!-- \/ Yoast SEO plugin. -->","yoast_head_json":{"title":"Kup pigu\u0142ki Grey Bugatti MDMA - Best Best Global Meds","description":"Kup tabletki Grey Bugatti MDMA na sprzeda\u017c online w najlepszej cenie. Gwarantujemy bezpieczn\u0105 i bezpieczn\u0105 wysy\u0142k\u0119 na ca\u0142y \u015bwiat. Zam\u00f3w MDMA w UE, czy mog\u0119 kupi\u0107 MDMA online, hurtowo MDMA online?","robots":{"index":"index","follow":"follow","max-snippet":"max-snippet:-1","max-image-preview":"max-image-preview:large","max-video-preview":"max-video-preview:-1"},"canonical":"https:\/\/medicinasinc.com\/pl\/product\/kup-szare-bugatti-tabletki-mdma\/","og_locale":"en_US","og_type":"article","og_title":"Kup pigu\u0142ki Grey Bugatti MDMA - Best Best Global Meds","og_description":"Kup tabletki Grey Bugatti MDMA na sprzeda\u017c online w najlepszej cenie. Gwarantujemy bezpieczn\u0105 i bezpieczn\u0105 wysy\u0142k\u0119 na ca\u0142y \u015bwiat. Zam\u00f3w MDMA w UE, czy mog\u0119 kupi\u0107 MDMA online, hurtowo MDMA online?","og_url":"https:\/\/medicinasinc.com\/pl\/product\/kup-szare-bugatti-tabletki-mdma\/","og_site_name":"Medicinas Inc","article_modified_time":"2022-03-22T01:18:11+00:00","og_image":[{"width":600,"height":600,"url":"https:\/\/medicinasinc.com\/pl\/wp-content\/uploads\/sites\/13\/2022\/02\/buy-gray-bugatti-mdma-pills-online.jpg","type":"image\/jpeg"}],"twitter_card":"summary_large_image","twitter_misc":{"Est. reading time":"2 minutes"},"schema":{"@context":"https:\/\/schema.org","@graph":[{"@type":"WebPage","@id":"https:\/\/medicinasinc.com\/pl\/product\/kup-szare-bugatti-tabletki-mdma\/","url":"https:\/\/medicinasinc.com\/pl\/product\/kup-szare-bugatti-tabletki-mdma\/","name":"Kup pigu\u0142ki Grey Bugatti MDMA - Best Best Global Meds","isPartOf":{"@id":"https:\/\/medicinasinc.com\/pl\/#website"},"primaryImageOfPage":{"@id":"https:\/\/medicinasinc.com\/pl\/product\/kup-szare-bugatti-tabletki-mdma\/#primaryimage"},"image":{"@id":"https:\/\/medicinasinc.com\/pl\/product\/kup-szare-bugatti-tabletki-mdma\/#primaryimage"},"thumbnailUrl":"https:\/\/medicinasinc.com\/pl\/wp-content\/uploads\/sites\/13\/2022\/02\/buy-gray-bugatti-mdma-pills-online.jpg","datePublished":"2022-02-20T10:31:14+00:00","dateModified":"2022-03-22T01:18:11+00:00","description":"Kup tabletki Grey Bugatti MDMA na sprzeda\u017c online w najlepszej cenie. Gwarantujemy bezpieczn\u0105 i bezpieczn\u0105 wysy\u0142k\u0119 na ca\u0142y \u015bwiat. Zam\u00f3w MDMA w UE, czy mog\u0119 kupi\u0107 MDMA online, hurtowo MDMA online?","breadcrumb":{"@id":"https:\/\/medicinasinc.com\/pl\/product\/kup-szare-bugatti-tabletki-mdma\/#breadcrumb"},"inLanguage":"en-US","potentialAction":[{"@type":"ReadAction","target":["https:\/\/medicinasinc.com\/pl\/product\/kup-szare-bugatti-tabletki-mdma\/"]}]},{"@type":"ImageObject","inLanguage":"en-US","@id":"https:\/\/medicinasinc.com\/pl\/product\/kup-szare-bugatti-tabletki-mdma\/#primaryimage","url":"https:\/\/medicinasinc.com\/pl\/wp-content\/uploads\/sites\/13\/2022\/02\/buy-gray-bugatti-mdma-pills-online.jpg","contentUrl":"https:\/\/medicinasinc.com\/pl\/wp-content\/uploads\/sites\/13\/2022\/02\/buy-gray-bugatti-mdma-pills-online.jpg","width":600,"height":600},{"@type":"BreadcrumbList","@id":"https:\/\/medicinasinc.com\/pl\/product\/kup-szare-bugatti-tabletki-mdma\/#breadcrumb","itemListElement":[{"@type":"ListItem","position":1,"name":"Sklep","item":"https:\/\/medicinasinc.com\/pl\/sklep\/"},{"@type":"ListItem","position":2,"name":"Kup tabletki Grey Bugatti MDMA"}]},{"@type":"WebSite","@id":"https:\/\/medicinasinc.com\/pl\/#website","url":"https:\/\/medicinasinc.com\/pl\/","name":"Medicinas Inc","description":"Health Medical Clinic","potentialAction":[{"@type":"SearchAction","target":{"@type":"EntryPoint","urlTemplate":"https:\/\/medicinasinc.com\/pl\/?s={search_term_string}"},"query-input":{"@type":"PropertyValueSpecification","valueRequired":true,"valueName":"search_term_string"}}],"inLanguage":"en-US"}]}},"_links":{"self":[{"href":"https:\/\/medicinasinc.com\/pl\/wp-json\/wp\/v2\/product\/4535","targetHints":{"allow":["GET"]}}],"collection":[{"href":"https:\/\/medicinasinc.com\/pl\/wp-json\/wp\/v2\/product"}],"about":[{"href":"https:\/\/medicinasinc.com\/pl\/wp-json\/wp\/v2\/types\/product"}],"replies":[{"embeddable":true,"href":"https:\/\/medicinasinc.com\/pl\/wp-json\/wp\/v2\/comments?post=4535"}],"wp:featuredmedia":[{"embeddable":true,"href":"https:\/\/medicinasinc.com\/pl\/wp-json\/wp\/v2\/media\/4558"}],"wp:attachment":[{"href":"https:\/\/medicinasinc.com\/pl\/wp-json\/wp\/v2\/media?parent=4535"}],"wp:term":[{"taxonomy":"product_brand","embeddable":true,"href":"https:\/\/medicinasinc.com\/pl\/wp-json\/wp\/v2\/product_brand?post=4535"},{"taxonomy":"product_cat","embeddable":true,"href":"https:\/\/medicinasinc.com\/pl\/wp-json\/wp\/v2\/product_cat?post=4535"},{"taxonomy":"product_tag","embeddable":true,"href":"https:\/\/medicinasinc.com\/pl\/wp-json\/wp\/v2\/product_tag?post=4535"}],"curies":[{"name":"wp","href":"https:\/\/api.w.org\/{rel}","templated":true}]}}