{"id":4526,"date":"2022-02-20T10:19:12","date_gmt":"2022-02-20T10:19:12","guid":{"rendered":"https:\/\/medicinasinc.com\/pl\/?post_type=product&#038;p=4526"},"modified":"2022-03-22T01:18:29","modified_gmt":"2022-03-22T01:18:29","slug":"kup-zlote-flugels-250mg-ecstasy-pigulki","status":"publish","type":"product","link":"https:\/\/medicinasinc.com\/pl\/product\/kup-zlote-flugels-250mg-ecstasy-pigulki\/","title":{"rendered":"Kup z\u0142ote flugels 250mg pigu\u0142ek ecstasy"},"content":{"rendered":"<h1 class=\"product_title entry-title\">Kup z\u0142ote pigu\u0142ki 250 mg ecstasy online<\/h1>\n<div class=\"product-next-previous\">\n<div class=\"product-prev\"><\/div><\/div>\n","protected":false},"excerpt":{"rendered":"<p><em>Kup Golden Flugels 250 mg<\/em>\u00a0XTC\u00a0<em>pigu\u0142ki<\/em>\u00a0w najlepszej cenie rynkowej. Wszystkie nasze produkty s\u0105 wykonane z czystych naturalnych sk\u0142adnik\u00f3w wolnych od THC. Zam\u00f3w online ju\u017c teraz!<\/p>\n<p><em>Kup z\u0142ote flugels 250 mg pigu\u0142ki ecstasy<\/em>\u00a0online. Kup leki online \u2013 kokaina, LSD, zio\u0142o, XTC, MDMA i heroina XTC Golden Flugels 250 mg<\/p>\n","protected":false},"featured_media":4556,"comment_status":"open","ping_status":"closed","template":"","meta":[],"product_brand":[],"product_cat":[498],"product_tag":[],"class_list":{"0":"post-4526","1":"product","2":"type-product","3":"status-publish","4":"has-post-thumbnail","6":"product_cat-kup-tabletki-ekstazy","8":"first","9":"instock","10":"shipping-taxable","11":"purchasable","12":"product-type-variable","13":"has-default-attributes"},"yoast_head":"<!-- This site is optimized with the Yoast SEO plugin v27.3 - https:\/\/yoast.com\/product\/yoast-seo-wordpress\/ -->\n<title>Kup z\u0142ote flugels 250mg pigu\u0142ki ecstasy - Best Best Global Meds<\/title>\n<meta name=\"description\" content=\"Kup z\u0142ote pigu\u0142ki ecstasy 250mg flugels na sprzeda\u017c w Wielkiej Brytanii, Europie przez Internet. Kup Narkotyki Online \u2013 Kokaina, LSD, Weed, XTC, MDMA i Heroina XTC Golden Flugels 250mg\" \/>\n<meta name=\"robots\" content=\"index, follow, max-snippet:-1, max-image-preview:large, max-video-preview:-1\" \/>\n<link rel=\"canonical\" href=\"https:\/\/medicinasinc.com\/pl\/product\/kup-zlote-flugels-250mg-ecstasy-pigulki\/\" \/>\n<meta property=\"og:locale\" content=\"en_US\" \/>\n<meta property=\"og:type\" content=\"article\" \/>\n<meta property=\"og:title\" content=\"Kup z\u0142ote flugels 250mg pigu\u0142ki ecstasy - Best Best Global Meds\" \/>\n<meta property=\"og:description\" content=\"Kup z\u0142ote pigu\u0142ki ecstasy 250mg flugels na sprzeda\u017c w Wielkiej Brytanii, Europie przez Internet. Kup Narkotyki Online \u2013 Kokaina, LSD, Weed, XTC, MDMA i Heroina XTC Golden Flugels 250mg\" \/>\n<meta property=\"og:url\" content=\"https:\/\/medicinasinc.com\/pl\/product\/kup-zlote-flugels-250mg-ecstasy-pigulki\/\" \/>\n<meta property=\"og:site_name\" content=\"Medicinas Inc\" \/>\n<meta property=\"article:modified_time\" content=\"2022-03-22T01:18:29+00:00\" \/>\n<meta property=\"og:image\" content=\"https:\/\/medicinasinc.com\/pl\/wp-content\/uploads\/sites\/13\/2022\/02\/buy-golden-flugels-250mg-ecstasy-pills-online.jpg\" \/>\n\t<meta property=\"og:image:width\" content=\"600\" \/>\n\t<meta property=\"og:image:height\" content=\"600\" \/>\n\t<meta property=\"og:image:type\" content=\"image\/jpeg\" \/>\n<meta name=\"twitter:card\" content=\"summary_large_image\" \/>\n<meta name=\"twitter:label1\" content=\"Est. reading time\" \/>\n\t<meta name=\"twitter:data1\" content=\"1 minute\" \/>\n<script type=\"application\/ld+json\" class=\"yoast-schema-graph\">{\"@context\":\"https:\\\/\\\/schema.org\",\"@graph\":[{\"@type\":\"WebPage\",\"@id\":\"https:\\\/\\\/medicinasinc.com\\\/pl\\\/product\\\/kup-zlote-flugels-250mg-ecstasy-pigulki\\\/\",\"url\":\"https:\\\/\\\/medicinasinc.com\\\/pl\\\/product\\\/kup-zlote-flugels-250mg-ecstasy-pigulki\\\/\",\"name\":\"Kup z\u0142ote flugels 250mg pigu\u0142ki ecstasy - Best Best Global Meds\",\"isPartOf\":{\"@id\":\"https:\\\/\\\/medicinasinc.com\\\/pl\\\/#website\"},\"primaryImageOfPage\":{\"@id\":\"https:\\\/\\\/medicinasinc.com\\\/pl\\\/product\\\/kup-zlote-flugels-250mg-ecstasy-pigulki\\\/#primaryimage\"},\"image\":{\"@id\":\"https:\\\/\\\/medicinasinc.com\\\/pl\\\/product\\\/kup-zlote-flugels-250mg-ecstasy-pigulki\\\/#primaryimage\"},\"thumbnailUrl\":\"https:\\\/\\\/medicinasinc.com\\\/pl\\\/wp-content\\\/uploads\\\/sites\\\/13\\\/2022\\\/02\\\/buy-golden-flugels-250mg-ecstasy-pills-online.jpg\",\"datePublished\":\"2022-02-20T10:19:12+00:00\",\"dateModified\":\"2022-03-22T01:18:29+00:00\",\"description\":\"Kup z\u0142ote pigu\u0142ki ecstasy 250mg flugels na sprzeda\u017c w Wielkiej Brytanii, Europie przez Internet. Kup Narkotyki Online \u2013 Kokaina, LSD, Weed, XTC, MDMA i Heroina XTC Golden Flugels 250mg\",\"breadcrumb\":{\"@id\":\"https:\\\/\\\/medicinasinc.com\\\/pl\\\/product\\\/kup-zlote-flugels-250mg-ecstasy-pigulki\\\/#breadcrumb\"},\"inLanguage\":\"en-US\",\"potentialAction\":[{\"@type\":\"ReadAction\",\"target\":[\"https:\\\/\\\/medicinasinc.com\\\/pl\\\/product\\\/kup-zlote-flugels-250mg-ecstasy-pigulki\\\/\"]}]},{\"@type\":\"ImageObject\",\"inLanguage\":\"en-US\",\"@id\":\"https:\\\/\\\/medicinasinc.com\\\/pl\\\/product\\\/kup-zlote-flugels-250mg-ecstasy-pigulki\\\/#primaryimage\",\"url\":\"https:\\\/\\\/medicinasinc.com\\\/pl\\\/wp-content\\\/uploads\\\/sites\\\/13\\\/2022\\\/02\\\/buy-golden-flugels-250mg-ecstasy-pills-online.jpg\",\"contentUrl\":\"https:\\\/\\\/medicinasinc.com\\\/pl\\\/wp-content\\\/uploads\\\/sites\\\/13\\\/2022\\\/02\\\/buy-golden-flugels-250mg-ecstasy-pills-online.jpg\",\"width\":600,\"height\":600},{\"@type\":\"BreadcrumbList\",\"@id\":\"https:\\\/\\\/medicinasinc.com\\\/pl\\\/product\\\/kup-zlote-flugels-250mg-ecstasy-pigulki\\\/#breadcrumb\",\"itemListElement\":[{\"@type\":\"ListItem\",\"position\":1,\"name\":\"Sklep\",\"item\":\"https:\\\/\\\/medicinasinc.com\\\/pl\\\/sklep\\\/\"},{\"@type\":\"ListItem\",\"position\":2,\"name\":\"Kup z\u0142ote flugels 250mg pigu\u0142ek ecstasy\"}]},{\"@type\":\"WebSite\",\"@id\":\"https:\\\/\\\/medicinasinc.com\\\/pl\\\/#website\",\"url\":\"https:\\\/\\\/medicinasinc.com\\\/pl\\\/\",\"name\":\"Medicinas Inc\",\"description\":\"Health Medical Clinic\",\"potentialAction\":[{\"@type\":\"SearchAction\",\"target\":{\"@type\":\"EntryPoint\",\"urlTemplate\":\"https:\\\/\\\/medicinasinc.com\\\/pl\\\/?s={search_term_string}\"},\"query-input\":{\"@type\":\"PropertyValueSpecification\",\"valueRequired\":true,\"valueName\":\"search_term_string\"}}],\"inLanguage\":\"en-US\"}]}<\/script>\n<!-- \/ Yoast SEO plugin. -->","yoast_head_json":{"title":"Kup z\u0142ote flugels 250mg pigu\u0142ki ecstasy - Best Best Global Meds","description":"Kup z\u0142ote pigu\u0142ki ecstasy 250mg flugels na sprzeda\u017c w Wielkiej Brytanii, Europie przez Internet. Kup Narkotyki Online \u2013 Kokaina, LSD, Weed, XTC, MDMA i Heroina XTC Golden Flugels 250mg","robots":{"index":"index","follow":"follow","max-snippet":"max-snippet:-1","max-image-preview":"max-image-preview:large","max-video-preview":"max-video-preview:-1"},"canonical":"https:\/\/medicinasinc.com\/pl\/product\/kup-zlote-flugels-250mg-ecstasy-pigulki\/","og_locale":"en_US","og_type":"article","og_title":"Kup z\u0142ote flugels 250mg pigu\u0142ki ecstasy - Best Best Global Meds","og_description":"Kup z\u0142ote pigu\u0142ki ecstasy 250mg flugels na sprzeda\u017c w Wielkiej Brytanii, Europie przez Internet. Kup Narkotyki Online \u2013 Kokaina, LSD, Weed, XTC, MDMA i Heroina XTC Golden Flugels 250mg","og_url":"https:\/\/medicinasinc.com\/pl\/product\/kup-zlote-flugels-250mg-ecstasy-pigulki\/","og_site_name":"Medicinas Inc","article_modified_time":"2022-03-22T01:18:29+00:00","og_image":[{"width":600,"height":600,"url":"https:\/\/medicinasinc.com\/pl\/wp-content\/uploads\/sites\/13\/2022\/02\/buy-golden-flugels-250mg-ecstasy-pills-online.jpg","type":"image\/jpeg"}],"twitter_card":"summary_large_image","twitter_misc":{"Est. reading time":"1 minute"},"schema":{"@context":"https:\/\/schema.org","@graph":[{"@type":"WebPage","@id":"https:\/\/medicinasinc.com\/pl\/product\/kup-zlote-flugels-250mg-ecstasy-pigulki\/","url":"https:\/\/medicinasinc.com\/pl\/product\/kup-zlote-flugels-250mg-ecstasy-pigulki\/","name":"Kup z\u0142ote flugels 250mg pigu\u0142ki ecstasy - Best Best Global Meds","isPartOf":{"@id":"https:\/\/medicinasinc.com\/pl\/#website"},"primaryImageOfPage":{"@id":"https:\/\/medicinasinc.com\/pl\/product\/kup-zlote-flugels-250mg-ecstasy-pigulki\/#primaryimage"},"image":{"@id":"https:\/\/medicinasinc.com\/pl\/product\/kup-zlote-flugels-250mg-ecstasy-pigulki\/#primaryimage"},"thumbnailUrl":"https:\/\/medicinasinc.com\/pl\/wp-content\/uploads\/sites\/13\/2022\/02\/buy-golden-flugels-250mg-ecstasy-pills-online.jpg","datePublished":"2022-02-20T10:19:12+00:00","dateModified":"2022-03-22T01:18:29+00:00","description":"Kup z\u0142ote pigu\u0142ki ecstasy 250mg flugels na sprzeda\u017c w Wielkiej Brytanii, Europie przez Internet. Kup Narkotyki Online \u2013 Kokaina, LSD, Weed, XTC, MDMA i Heroina XTC Golden Flugels 250mg","breadcrumb":{"@id":"https:\/\/medicinasinc.com\/pl\/product\/kup-zlote-flugels-250mg-ecstasy-pigulki\/#breadcrumb"},"inLanguage":"en-US","potentialAction":[{"@type":"ReadAction","target":["https:\/\/medicinasinc.com\/pl\/product\/kup-zlote-flugels-250mg-ecstasy-pigulki\/"]}]},{"@type":"ImageObject","inLanguage":"en-US","@id":"https:\/\/medicinasinc.com\/pl\/product\/kup-zlote-flugels-250mg-ecstasy-pigulki\/#primaryimage","url":"https:\/\/medicinasinc.com\/pl\/wp-content\/uploads\/sites\/13\/2022\/02\/buy-golden-flugels-250mg-ecstasy-pills-online.jpg","contentUrl":"https:\/\/medicinasinc.com\/pl\/wp-content\/uploads\/sites\/13\/2022\/02\/buy-golden-flugels-250mg-ecstasy-pills-online.jpg","width":600,"height":600},{"@type":"BreadcrumbList","@id":"https:\/\/medicinasinc.com\/pl\/product\/kup-zlote-flugels-250mg-ecstasy-pigulki\/#breadcrumb","itemListElement":[{"@type":"ListItem","position":1,"name":"Sklep","item":"https:\/\/medicinasinc.com\/pl\/sklep\/"},{"@type":"ListItem","position":2,"name":"Kup z\u0142ote flugels 250mg pigu\u0142ek ecstasy"}]},{"@type":"WebSite","@id":"https:\/\/medicinasinc.com\/pl\/#website","url":"https:\/\/medicinasinc.com\/pl\/","name":"Medicinas Inc","description":"Health Medical Clinic","potentialAction":[{"@type":"SearchAction","target":{"@type":"EntryPoint","urlTemplate":"https:\/\/medicinasinc.com\/pl\/?s={search_term_string}"},"query-input":{"@type":"PropertyValueSpecification","valueRequired":true,"valueName":"search_term_string"}}],"inLanguage":"en-US"}]}},"_links":{"self":[{"href":"https:\/\/medicinasinc.com\/pl\/wp-json\/wp\/v2\/product\/4526","targetHints":{"allow":["GET"]}}],"collection":[{"href":"https:\/\/medicinasinc.com\/pl\/wp-json\/wp\/v2\/product"}],"about":[{"href":"https:\/\/medicinasinc.com\/pl\/wp-json\/wp\/v2\/types\/product"}],"replies":[{"embeddable":true,"href":"https:\/\/medicinasinc.com\/pl\/wp-json\/wp\/v2\/comments?post=4526"}],"wp:featuredmedia":[{"embeddable":true,"href":"https:\/\/medicinasinc.com\/pl\/wp-json\/wp\/v2\/media\/4556"}],"wp:attachment":[{"href":"https:\/\/medicinasinc.com\/pl\/wp-json\/wp\/v2\/media?parent=4526"}],"wp:term":[{"taxonomy":"product_brand","embeddable":true,"href":"https:\/\/medicinasinc.com\/pl\/wp-json\/wp\/v2\/product_brand?post=4526"},{"taxonomy":"product_cat","embeddable":true,"href":"https:\/\/medicinasinc.com\/pl\/wp-json\/wp\/v2\/product_cat?post=4526"},{"taxonomy":"product_tag","embeddable":true,"href":"https:\/\/medicinasinc.com\/pl\/wp-json\/wp\/v2\/product_tag?post=4526"}],"curies":[{"name":"wp","href":"https:\/\/api.w.org\/{rel}","templated":true}]}}