{"id":4508,"date":"2022-02-20T10:06:18","date_gmt":"2022-02-20T10:06:18","guid":{"rendered":"https:\/\/medicinasinc.com\/pl\/?post_type=product&#038;p=4508"},"modified":"2022-03-22T01:18:49","modified_gmt":"2022-03-22T01:18:49","slug":"kup-niebieskie-superman-pigulki-ekstazy","status":"publish","type":"product","link":"https:\/\/medicinasinc.com\/pl\/product\/kup-niebieskie-superman-pigulki-ekstazy\/","title":{"rendered":"Kup tabletki ecstasy Blue Superman"},"content":{"rendered":"<h1>Kup niebieskie tabletki ecstasy Supermana online.<\/h1>\n<table style=\"height: 67px\" width=\"506\">\n<tbody>\n<tr>\n<th>Kolor:<\/th>\n<td>Niebieski<\/td>\n<\/tr>\n<tr>\n<th>Rozmiar:<\/th>\n<td>353 mg<\/td>\n<\/tr>\n<\/tbody>\n<\/table>\n","protected":false},"excerpt":{"rendered":"<p>Kup online Blue Superman Ecstasy Pills w przyst\u0119pnej cenie w Gold Medications! Wszystkie produkty s\u0105 zakwalifikowane do laboratorium i maj\u0105 najwy\u017csz\u0105 jako\u015b\u0107.<\/p>\n<p><em>Niebieski Superman<\/em>\u00a0XTC\u00a0<em>Pigu\u0142ki<\/em>. XTC\u00a0<em>niebieski superman<\/em>\u00a0300 mg hardkorowych <em>pigu\u0142ek<\/em> XTC. Hardcore\u00a0<em>tabletki<\/em>\u00a0czyste i bardzo mocne, grubo prasowane, z lini\u0105 \u0142amania. markiz przetestowany OK.<\/p>\n","protected":false},"featured_media":4540,"comment_status":"open","ping_status":"closed","template":"","meta":[],"product_brand":[],"product_cat":[498],"product_tag":[],"class_list":{"0":"post-4508","1":"product","2":"type-product","3":"status-publish","4":"has-post-thumbnail","6":"product_cat-kup-tabletki-ekstazy","8":"first","9":"instock","10":"shipping-taxable","11":"purchasable","12":"product-type-variable","13":"has-default-attributes"},"yoast_head":"<!-- This site is optimized with the Yoast SEO plugin v27.3 - https:\/\/yoast.com\/product\/yoast-seo-wordpress\/ -->\n<title>Kup niebieskie tabletki ecstasy Supermana online - Najlepsze najlepsze \u015bwiatowe leki<\/title>\n<meta name=\"description\" content=\"Kup online Blue Superman Ecstasy Pills w przyst\u0119pnej cenie w Gold Medications! Wszystkie produkty posiadaj\u0105 kwalifikacje laboratoryjne i maj\u0105 najwy\u017csz\u0105 jako\u015b\u0107.\" \/>\n<meta name=\"robots\" content=\"index, follow, max-snippet:-1, max-image-preview:large, max-video-preview:-1\" \/>\n<link rel=\"canonical\" href=\"https:\/\/medicinasinc.com\/pl\/product\/kup-niebieskie-superman-pigulki-ekstazy\/\" \/>\n<meta property=\"og:locale\" content=\"en_US\" \/>\n<meta property=\"og:type\" content=\"article\" \/>\n<meta property=\"og:title\" content=\"Kup niebieskie tabletki ecstasy Supermana online - Najlepsze najlepsze \u015bwiatowe leki\" \/>\n<meta property=\"og:description\" content=\"Kup online Blue Superman Ecstasy Pills w przyst\u0119pnej cenie w Gold Medications! Wszystkie produkty posiadaj\u0105 kwalifikacje laboratoryjne i maj\u0105 najwy\u017csz\u0105 jako\u015b\u0107.\" \/>\n<meta property=\"og:url\" content=\"https:\/\/medicinasinc.com\/pl\/product\/kup-niebieskie-superman-pigulki-ekstazy\/\" \/>\n<meta property=\"og:site_name\" content=\"Medicinas Inc\" \/>\n<meta property=\"article:modified_time\" content=\"2022-03-22T01:18:49+00:00\" \/>\n<meta property=\"og:image\" content=\"https:\/\/medicinasinc.com\/pl\/wp-content\/uploads\/sites\/13\/2022\/02\/buy-blue-superman-ecstasy-pills-online.jpg\" \/>\n\t<meta property=\"og:image:width\" content=\"600\" \/>\n\t<meta property=\"og:image:height\" content=\"600\" \/>\n\t<meta property=\"og:image:type\" content=\"image\/jpeg\" \/>\n<meta name=\"twitter:card\" content=\"summary_large_image\" \/>\n<meta name=\"twitter:label1\" content=\"Est. reading time\" \/>\n\t<meta name=\"twitter:data1\" content=\"1 minute\" \/>\n<script type=\"application\/ld+json\" class=\"yoast-schema-graph\">{\"@context\":\"https:\\\/\\\/schema.org\",\"@graph\":[{\"@type\":\"WebPage\",\"@id\":\"https:\\\/\\\/medicinasinc.com\\\/pl\\\/product\\\/kup-niebieskie-superman-pigulki-ekstazy\\\/\",\"url\":\"https:\\\/\\\/medicinasinc.com\\\/pl\\\/product\\\/kup-niebieskie-superman-pigulki-ekstazy\\\/\",\"name\":\"Kup niebieskie tabletki ecstasy Supermana online - Najlepsze najlepsze \u015bwiatowe leki\",\"isPartOf\":{\"@id\":\"https:\\\/\\\/medicinasinc.com\\\/pl\\\/#website\"},\"primaryImageOfPage\":{\"@id\":\"https:\\\/\\\/medicinasinc.com\\\/pl\\\/product\\\/kup-niebieskie-superman-pigulki-ekstazy\\\/#primaryimage\"},\"image\":{\"@id\":\"https:\\\/\\\/medicinasinc.com\\\/pl\\\/product\\\/kup-niebieskie-superman-pigulki-ekstazy\\\/#primaryimage\"},\"thumbnailUrl\":\"https:\\\/\\\/medicinasinc.com\\\/pl\\\/wp-content\\\/uploads\\\/sites\\\/13\\\/2022\\\/02\\\/buy-blue-superman-ecstasy-pills-online.jpg\",\"datePublished\":\"2022-02-20T10:06:18+00:00\",\"dateModified\":\"2022-03-22T01:18:49+00:00\",\"description\":\"Kup online Blue Superman Ecstasy Pills w przyst\u0119pnej cenie w Gold Medications! Wszystkie produkty posiadaj\u0105 kwalifikacje laboratoryjne i maj\u0105 najwy\u017csz\u0105 jako\u015b\u0107.\",\"breadcrumb\":{\"@id\":\"https:\\\/\\\/medicinasinc.com\\\/pl\\\/product\\\/kup-niebieskie-superman-pigulki-ekstazy\\\/#breadcrumb\"},\"inLanguage\":\"en-US\",\"potentialAction\":[{\"@type\":\"ReadAction\",\"target\":[\"https:\\\/\\\/medicinasinc.com\\\/pl\\\/product\\\/kup-niebieskie-superman-pigulki-ekstazy\\\/\"]}]},{\"@type\":\"ImageObject\",\"inLanguage\":\"en-US\",\"@id\":\"https:\\\/\\\/medicinasinc.com\\\/pl\\\/product\\\/kup-niebieskie-superman-pigulki-ekstazy\\\/#primaryimage\",\"url\":\"https:\\\/\\\/medicinasinc.com\\\/pl\\\/wp-content\\\/uploads\\\/sites\\\/13\\\/2022\\\/02\\\/buy-blue-superman-ecstasy-pills-online.jpg\",\"contentUrl\":\"https:\\\/\\\/medicinasinc.com\\\/pl\\\/wp-content\\\/uploads\\\/sites\\\/13\\\/2022\\\/02\\\/buy-blue-superman-ecstasy-pills-online.jpg\",\"width\":600,\"height\":600},{\"@type\":\"BreadcrumbList\",\"@id\":\"https:\\\/\\\/medicinasinc.com\\\/pl\\\/product\\\/kup-niebieskie-superman-pigulki-ekstazy\\\/#breadcrumb\",\"itemListElement\":[{\"@type\":\"ListItem\",\"position\":1,\"name\":\"Sklep\",\"item\":\"https:\\\/\\\/medicinasinc.com\\\/pl\\\/sklep\\\/\"},{\"@type\":\"ListItem\",\"position\":2,\"name\":\"Kup tabletki ecstasy Blue Superman\"}]},{\"@type\":\"WebSite\",\"@id\":\"https:\\\/\\\/medicinasinc.com\\\/pl\\\/#website\",\"url\":\"https:\\\/\\\/medicinasinc.com\\\/pl\\\/\",\"name\":\"Medicinas Inc\",\"description\":\"Health Medical Clinic\",\"potentialAction\":[{\"@type\":\"SearchAction\",\"target\":{\"@type\":\"EntryPoint\",\"urlTemplate\":\"https:\\\/\\\/medicinasinc.com\\\/pl\\\/?s={search_term_string}\"},\"query-input\":{\"@type\":\"PropertyValueSpecification\",\"valueRequired\":true,\"valueName\":\"search_term_string\"}}],\"inLanguage\":\"en-US\"}]}<\/script>\n<!-- \/ Yoast SEO plugin. -->","yoast_head_json":{"title":"Kup niebieskie tabletki ecstasy Supermana online - Najlepsze najlepsze \u015bwiatowe leki","description":"Kup online Blue Superman Ecstasy Pills w przyst\u0119pnej cenie w Gold Medications! Wszystkie produkty posiadaj\u0105 kwalifikacje laboratoryjne i maj\u0105 najwy\u017csz\u0105 jako\u015b\u0107.","robots":{"index":"index","follow":"follow","max-snippet":"max-snippet:-1","max-image-preview":"max-image-preview:large","max-video-preview":"max-video-preview:-1"},"canonical":"https:\/\/medicinasinc.com\/pl\/product\/kup-niebieskie-superman-pigulki-ekstazy\/","og_locale":"en_US","og_type":"article","og_title":"Kup niebieskie tabletki ecstasy Supermana online - Najlepsze najlepsze \u015bwiatowe leki","og_description":"Kup online Blue Superman Ecstasy Pills w przyst\u0119pnej cenie w Gold Medications! Wszystkie produkty posiadaj\u0105 kwalifikacje laboratoryjne i maj\u0105 najwy\u017csz\u0105 jako\u015b\u0107.","og_url":"https:\/\/medicinasinc.com\/pl\/product\/kup-niebieskie-superman-pigulki-ekstazy\/","og_site_name":"Medicinas Inc","article_modified_time":"2022-03-22T01:18:49+00:00","og_image":[{"width":600,"height":600,"url":"https:\/\/medicinasinc.com\/pl\/wp-content\/uploads\/sites\/13\/2022\/02\/buy-blue-superman-ecstasy-pills-online.jpg","type":"image\/jpeg"}],"twitter_card":"summary_large_image","twitter_misc":{"Est. reading time":"1 minute"},"schema":{"@context":"https:\/\/schema.org","@graph":[{"@type":"WebPage","@id":"https:\/\/medicinasinc.com\/pl\/product\/kup-niebieskie-superman-pigulki-ekstazy\/","url":"https:\/\/medicinasinc.com\/pl\/product\/kup-niebieskie-superman-pigulki-ekstazy\/","name":"Kup niebieskie tabletki ecstasy Supermana online - Najlepsze najlepsze \u015bwiatowe leki","isPartOf":{"@id":"https:\/\/medicinasinc.com\/pl\/#website"},"primaryImageOfPage":{"@id":"https:\/\/medicinasinc.com\/pl\/product\/kup-niebieskie-superman-pigulki-ekstazy\/#primaryimage"},"image":{"@id":"https:\/\/medicinasinc.com\/pl\/product\/kup-niebieskie-superman-pigulki-ekstazy\/#primaryimage"},"thumbnailUrl":"https:\/\/medicinasinc.com\/pl\/wp-content\/uploads\/sites\/13\/2022\/02\/buy-blue-superman-ecstasy-pills-online.jpg","datePublished":"2022-02-20T10:06:18+00:00","dateModified":"2022-03-22T01:18:49+00:00","description":"Kup online Blue Superman Ecstasy Pills w przyst\u0119pnej cenie w Gold Medications! Wszystkie produkty posiadaj\u0105 kwalifikacje laboratoryjne i maj\u0105 najwy\u017csz\u0105 jako\u015b\u0107.","breadcrumb":{"@id":"https:\/\/medicinasinc.com\/pl\/product\/kup-niebieskie-superman-pigulki-ekstazy\/#breadcrumb"},"inLanguage":"en-US","potentialAction":[{"@type":"ReadAction","target":["https:\/\/medicinasinc.com\/pl\/product\/kup-niebieskie-superman-pigulki-ekstazy\/"]}]},{"@type":"ImageObject","inLanguage":"en-US","@id":"https:\/\/medicinasinc.com\/pl\/product\/kup-niebieskie-superman-pigulki-ekstazy\/#primaryimage","url":"https:\/\/medicinasinc.com\/pl\/wp-content\/uploads\/sites\/13\/2022\/02\/buy-blue-superman-ecstasy-pills-online.jpg","contentUrl":"https:\/\/medicinasinc.com\/pl\/wp-content\/uploads\/sites\/13\/2022\/02\/buy-blue-superman-ecstasy-pills-online.jpg","width":600,"height":600},{"@type":"BreadcrumbList","@id":"https:\/\/medicinasinc.com\/pl\/product\/kup-niebieskie-superman-pigulki-ekstazy\/#breadcrumb","itemListElement":[{"@type":"ListItem","position":1,"name":"Sklep","item":"https:\/\/medicinasinc.com\/pl\/sklep\/"},{"@type":"ListItem","position":2,"name":"Kup tabletki ecstasy Blue Superman"}]},{"@type":"WebSite","@id":"https:\/\/medicinasinc.com\/pl\/#website","url":"https:\/\/medicinasinc.com\/pl\/","name":"Medicinas Inc","description":"Health Medical Clinic","potentialAction":[{"@type":"SearchAction","target":{"@type":"EntryPoint","urlTemplate":"https:\/\/medicinasinc.com\/pl\/?s={search_term_string}"},"query-input":{"@type":"PropertyValueSpecification","valueRequired":true,"valueName":"search_term_string"}}],"inLanguage":"en-US"}]}},"_links":{"self":[{"href":"https:\/\/medicinasinc.com\/pl\/wp-json\/wp\/v2\/product\/4508","targetHints":{"allow":["GET"]}}],"collection":[{"href":"https:\/\/medicinasinc.com\/pl\/wp-json\/wp\/v2\/product"}],"about":[{"href":"https:\/\/medicinasinc.com\/pl\/wp-json\/wp\/v2\/types\/product"}],"replies":[{"embeddable":true,"href":"https:\/\/medicinasinc.com\/pl\/wp-json\/wp\/v2\/comments?post=4508"}],"wp:featuredmedia":[{"embeddable":true,"href":"https:\/\/medicinasinc.com\/pl\/wp-json\/wp\/v2\/media\/4540"}],"wp:attachment":[{"href":"https:\/\/medicinasinc.com\/pl\/wp-json\/wp\/v2\/media?parent=4508"}],"wp:term":[{"taxonomy":"product_brand","embeddable":true,"href":"https:\/\/medicinasinc.com\/pl\/wp-json\/wp\/v2\/product_brand?post=4508"},{"taxonomy":"product_cat","embeddable":true,"href":"https:\/\/medicinasinc.com\/pl\/wp-json\/wp\/v2\/product_cat?post=4508"},{"taxonomy":"product_tag","embeddable":true,"href":"https:\/\/medicinasinc.com\/pl\/wp-json\/wp\/v2\/product_tag?post=4508"}],"curies":[{"name":"wp","href":"https:\/\/api.w.org\/{rel}","templated":true}]}}