{"id":4479,"date":"2022-02-20T09:44:15","date_gmt":"2022-02-20T09:44:15","guid":{"rendered":"https:\/\/medicinasinc.com\/pl\/?post_type=product&#038;p=4479"},"modified":"2022-03-22T01:19:12","modified_gmt":"2022-03-22T01:19:12","slug":"kup-niebieski-delfin-pigulki-ekstazy","status":"publish","type":"product","link":"https:\/\/medicinasinc.com\/pl\/product\/kup-niebieski-delfin-pigulki-ekstazy\/","title":{"rendered":"Kup pigu\u0142ki Blue Dolphin Ecstasy"},"content":{"rendered":"<p>Kup pigu\u0142ki ecstasy Blue Dolphin 295 mg przez Internet.<\/p>\n<p>Substancja Blue Dolphin<\/p>\n<p>Ecstasy zosta\u0142a wynaleziona w 1912 roku przez zwi\u0105zek narkotykowy firmy Merck. Zosta\u0142 nazwany \u201eMDMA\u201d ze wzgl\u0119du na swoj\u0105 nowatorsk\u0105 struktur\u0119. Po raz pierwszy zosta\u0142 u\u017cyty przez Si\u0142y Zbrojne Stan\u00f3w Zjednoczonych w 1953 roku do test\u00f3w zaanga\u017cowania psychicznego i powr\u00f3ci\u0142 na kr\u00f3tko w latach 60. jako rozwi\u0105zanie psychoterapeutyczne \u201eni\u017cszych zahamowa\u0144\u201d. 1 MDMA nie by\u0142o u\u017cywane jako recepta do zbierania a\u017c do lat 70.<\/p>\n<p>W po\u0142owie lat 80. MDMA by\u0142o promowane jako \u201enajbardziej spieniaj\u0105ca rzecz w technice z misj\u0105 zadowalania ludzi poprzez nauk\u0119\u201d i &#8220;w rozwi\u0105zaniu&#8221; dla d\u0142ugotrwa\u0142ych imprez. MDMA by\u0142 nadal powszechnie dost\u0119pny w 1984 roku pod mark\u0105 \u201eJoy\u201d, ale do 1985 roku jego stosowanie zosta\u0142o ograniczone ze wzgl\u0119d\u00f3w bezpiecze\u0144stwa.<br \/> Leki na niebieskie delfiny mog\u0105 by\u0107 szczeg\u00f3lnie korzystne dla os\u00f3b do\u015bwiadczaj\u0105cych problem\u00f3w z komponentami mia\u017cd\u017c\u0105cymi po og\u0142uszeniu ( PTSD). Wielu pacjent\u00f3w nie jest w stanie om\u00f3wi\u0107 niebezpiecznych wydarze\u0144, kt\u00f3re spowodowa\u0142y ich problemy. Spekuluje si\u0119, \u017ce spe\u0142nienie mo\u017ce pom\u00f3c jednostkom w powi\u0119kszeniu tych ran.<\/p>\n<p>Ecstasy of the Blue Dolphin<\/p>\n<p>Doblin, lat 50, naprawd\u0119 nie jest przygotowanym zdolnym ani monitoruj\u0105cym; jednak ponosi du\u017c\u0105 odpowiedzialno\u015b\u0107 za narkotyki, za\u017cywaj\u0105c je przy wielu okazjach. \u201eZrobi\u0142o to znacz\u0105c\u0105 r\u00f3\u017cnic\u0119 w moim \u017cyciu\u201d \u2013 wyja\u015bni\u0142. W ci\u0105gu ostatnich kilku lat zainwestowa\u0142 w rozpowszechnianie przes\u0142ania, \u017ce \u200b\u200bJoy i inne \u015brodki energetyzuj\u0105ce odnosz\u0105 fundamentalny sukces w idealnych warunkach.<br \/> Je\u015bli naprawd\u0119 szukasz stowarzyszenia, kt\u00f3re mo\u017ce zapewni\u0107 Ci produkty najlepszej jako\u015bci, masz przyjd\u017a we w\u0142a\u015bciwe miejsce. U nas mo\u017cesz wybra\u0107 najlepsze przedmioty, kt\u00f3re pomog\u0105 Ci zbudowa\u0107 zaufanie i nawi\u0105za\u0107 z nami rozs\u0105dn\u0105 relacj\u0119 ze wzgl\u0119du na mo\u017cliwo\u015b\u0107 naszych przedmiot\u00f3w. Z\u0142\u00f3\u017c zam\u00f3wienie teraz i otrzymaj Blue Dolphin ecstasy na wyci\u0105gni\u0119cie r\u0119ki w ci\u0105gu pi\u0119ciu dni roboczych. Ecstacy, niebieski delfin<\/p>\n<p>Ecstacy zosta\u0142 opracowany przez zwi\u0105zek narkotykowy firmy Merck w 1912 roku. Zosta\u0142 nazwany \u201eMDMA\u201d ze wzgl\u0119du na swoj\u0105 nowatorsk\u0105 struktur\u0119. Po raz pierwszy zosta\u0142 u\u017cyty przez Si\u0142y Zbrojne Stan\u00f3w Zjednoczonych w 1953 roku do test\u00f3w zaanga\u017cowania psychicznego i powr\u00f3ci\u0142 na kr\u00f3tko w latach 60. jako rozwi\u0105zanie psychoterapeutyczne \u201eni\u017cszych zahamowa\u0144\u201d. 1 MDMA nie by\u0142o u\u017cywane jako recepta do zbierania a\u017c do lat 70.<\/p>\n<p>W po\u0142owie lat 80. MDMA by\u0142o promowane jako \u201enajbardziej spieniaj\u0105ca rzecz w technice z misj\u0105 zadowalania ludzi poprzez nauk\u0119\u201d i &#8220;w rozwi\u0105zaniu&#8221; dla d\u0142ugotrwa\u0142ych imprez. MDMA by\u0142 nadal powszechnie dost\u0119pny w 1984 r. pod mark\u0105 \u201eJoy\u201d, ale do 1985 r. stosowanie leku zosta\u0142o ograniczone ze wzgl\u0119d\u00f3w bezpiecze\u0144stwa.<\/p>\n<p>Ekstaza z niebieskim delfinem, leki z niebieskim delfinem, ecstasy z niebieskim delfinem<\/p>\n<table>\n<tbody>\n<tr>\n<th><span style=\"font-weight: 400\">Kolor:<\/span><\/th>\n<td>Niebieski<\/td>\n<\/tr>\n<tr>\n<th><span style=\"font-weight: 400\">Rozmiar:<\/span><\/th>\n<td>295 mg<\/td>\n<\/tr>\n<\/tbody>\n<\/table>\n","protected":false},"excerpt":{"rendered":"<p>Kup pigu\u0142ki ecstasy online. Kup tabletki ecstasy Blue Dolphin na sprzeda\u017c w Wielkiej Brytanii, w Europie w doskona\u0142ych cenach od nas. Pakowanie jest wykonywane przez profesjonalist\u00f3w, a dostawa jest w 100% gwarantowana.<\/p>\n","protected":false},"featured_media":4516,"comment_status":"open","ping_status":"closed","template":"","meta":[],"product_brand":[],"product_cat":[498],"product_tag":[],"class_list":{"0":"post-4479","1":"product","2":"type-product","3":"status-publish","4":"has-post-thumbnail","6":"product_cat-kup-tabletki-ekstazy","8":"first","9":"instock","10":"shipping-taxable","11":"purchasable","12":"product-type-variable","13":"has-default-attributes"},"yoast_head":"<!-- This site is optimized with the Yoast SEO plugin v27.3 - https:\/\/yoast.com\/product\/yoast-seo-wordpress\/ -->\n<title>Kup pigu\u0142ki Blue Dolphin Ecstasy online - najlepsze \u015bwiatowe leki<\/title>\n<meta name=\"description\" content=\"Kup tabletki ecstasy online. Kup tabletki ecstasy Blue Dolphin na sprzeda\u017c w Wielkiej Brytanii, w Europie w doskona\u0142ych cenach od nas. Pakowanie jest wykonywane przez profesjonalist\u00f3w, a dostawa jest w 100% gwarantowana.\" \/>\n<meta name=\"robots\" content=\"index, follow, max-snippet:-1, max-image-preview:large, max-video-preview:-1\" \/>\n<link rel=\"canonical\" href=\"https:\/\/medicinasinc.com\/pl\/product\/kup-niebieski-delfin-pigulki-ekstazy\/\" \/>\n<meta property=\"og:locale\" content=\"en_US\" \/>\n<meta property=\"og:type\" content=\"article\" \/>\n<meta property=\"og:title\" content=\"Kup pigu\u0142ki Blue Dolphin Ecstasy online - najlepsze \u015bwiatowe leki\" \/>\n<meta property=\"og:description\" content=\"Kup tabletki ecstasy online. Kup tabletki ecstasy Blue Dolphin na sprzeda\u017c w Wielkiej Brytanii, w Europie w doskona\u0142ych cenach od nas. Pakowanie jest wykonywane przez profesjonalist\u00f3w, a dostawa jest w 100% gwarantowana.\" \/>\n<meta property=\"og:url\" content=\"https:\/\/medicinasinc.com\/pl\/product\/kup-niebieski-delfin-pigulki-ekstazy\/\" \/>\n<meta property=\"og:site_name\" content=\"Medicinas Inc\" \/>\n<meta property=\"article:modified_time\" content=\"2022-03-22T01:19:12+00:00\" \/>\n<meta property=\"og:image\" content=\"https:\/\/medicinasinc.com\/pl\/wp-content\/uploads\/sites\/13\/2022\/02\/buy-blue-dolphin-ecstasy-pills-online.jpg\" \/>\n\t<meta property=\"og:image:width\" content=\"600\" \/>\n\t<meta property=\"og:image:height\" content=\"600\" \/>\n\t<meta property=\"og:image:type\" content=\"image\/jpeg\" \/>\n<meta name=\"twitter:card\" content=\"summary_large_image\" \/>\n<meta name=\"twitter:label1\" content=\"Est. reading time\" \/>\n\t<meta name=\"twitter:data1\" content=\"2 minutes\" \/>\n<script type=\"application\/ld+json\" class=\"yoast-schema-graph\">{\"@context\":\"https:\\\/\\\/schema.org\",\"@graph\":[{\"@type\":\"WebPage\",\"@id\":\"https:\\\/\\\/medicinasinc.com\\\/pl\\\/product\\\/kup-niebieski-delfin-pigulki-ekstazy\\\/\",\"url\":\"https:\\\/\\\/medicinasinc.com\\\/pl\\\/product\\\/kup-niebieski-delfin-pigulki-ekstazy\\\/\",\"name\":\"Kup pigu\u0142ki Blue Dolphin Ecstasy online - najlepsze \u015bwiatowe leki\",\"isPartOf\":{\"@id\":\"https:\\\/\\\/medicinasinc.com\\\/pl\\\/#website\"},\"primaryImageOfPage\":{\"@id\":\"https:\\\/\\\/medicinasinc.com\\\/pl\\\/product\\\/kup-niebieski-delfin-pigulki-ekstazy\\\/#primaryimage\"},\"image\":{\"@id\":\"https:\\\/\\\/medicinasinc.com\\\/pl\\\/product\\\/kup-niebieski-delfin-pigulki-ekstazy\\\/#primaryimage\"},\"thumbnailUrl\":\"https:\\\/\\\/medicinasinc.com\\\/pl\\\/wp-content\\\/uploads\\\/sites\\\/13\\\/2022\\\/02\\\/buy-blue-dolphin-ecstasy-pills-online.jpg\",\"datePublished\":\"2022-02-20T09:44:15+00:00\",\"dateModified\":\"2022-03-22T01:19:12+00:00\",\"description\":\"Kup tabletki ecstasy online. Kup tabletki ecstasy Blue Dolphin na sprzeda\u017c w Wielkiej Brytanii, w Europie w doskona\u0142ych cenach od nas. Pakowanie jest wykonywane przez profesjonalist\u00f3w, a dostawa jest w 100% gwarantowana.\",\"breadcrumb\":{\"@id\":\"https:\\\/\\\/medicinasinc.com\\\/pl\\\/product\\\/kup-niebieski-delfin-pigulki-ekstazy\\\/#breadcrumb\"},\"inLanguage\":\"en-US\",\"potentialAction\":[{\"@type\":\"ReadAction\",\"target\":[\"https:\\\/\\\/medicinasinc.com\\\/pl\\\/product\\\/kup-niebieski-delfin-pigulki-ekstazy\\\/\"]}]},{\"@type\":\"ImageObject\",\"inLanguage\":\"en-US\",\"@id\":\"https:\\\/\\\/medicinasinc.com\\\/pl\\\/product\\\/kup-niebieski-delfin-pigulki-ekstazy\\\/#primaryimage\",\"url\":\"https:\\\/\\\/medicinasinc.com\\\/pl\\\/wp-content\\\/uploads\\\/sites\\\/13\\\/2022\\\/02\\\/buy-blue-dolphin-ecstasy-pills-online.jpg\",\"contentUrl\":\"https:\\\/\\\/medicinasinc.com\\\/pl\\\/wp-content\\\/uploads\\\/sites\\\/13\\\/2022\\\/02\\\/buy-blue-dolphin-ecstasy-pills-online.jpg\",\"width\":600,\"height\":600},{\"@type\":\"BreadcrumbList\",\"@id\":\"https:\\\/\\\/medicinasinc.com\\\/pl\\\/product\\\/kup-niebieski-delfin-pigulki-ekstazy\\\/#breadcrumb\",\"itemListElement\":[{\"@type\":\"ListItem\",\"position\":1,\"name\":\"Sklep\",\"item\":\"https:\\\/\\\/medicinasinc.com\\\/pl\\\/sklep\\\/\"},{\"@type\":\"ListItem\",\"position\":2,\"name\":\"Kup pigu\u0142ki Blue Dolphin Ecstasy\"}]},{\"@type\":\"WebSite\",\"@id\":\"https:\\\/\\\/medicinasinc.com\\\/pl\\\/#website\",\"url\":\"https:\\\/\\\/medicinasinc.com\\\/pl\\\/\",\"name\":\"Medicinas Inc\",\"description\":\"Health Medical Clinic\",\"potentialAction\":[{\"@type\":\"SearchAction\",\"target\":{\"@type\":\"EntryPoint\",\"urlTemplate\":\"https:\\\/\\\/medicinasinc.com\\\/pl\\\/?s={search_term_string}\"},\"query-input\":{\"@type\":\"PropertyValueSpecification\",\"valueRequired\":true,\"valueName\":\"search_term_string\"}}],\"inLanguage\":\"en-US\"}]}<\/script>\n<!-- \/ Yoast SEO plugin. -->","yoast_head_json":{"title":"Kup pigu\u0142ki Blue Dolphin Ecstasy online - najlepsze \u015bwiatowe leki","description":"Kup tabletki ecstasy online. Kup tabletki ecstasy Blue Dolphin na sprzeda\u017c w Wielkiej Brytanii, w Europie w doskona\u0142ych cenach od nas. Pakowanie jest wykonywane przez profesjonalist\u00f3w, a dostawa jest w 100% gwarantowana.","robots":{"index":"index","follow":"follow","max-snippet":"max-snippet:-1","max-image-preview":"max-image-preview:large","max-video-preview":"max-video-preview:-1"},"canonical":"https:\/\/medicinasinc.com\/pl\/product\/kup-niebieski-delfin-pigulki-ekstazy\/","og_locale":"en_US","og_type":"article","og_title":"Kup pigu\u0142ki Blue Dolphin Ecstasy online - najlepsze \u015bwiatowe leki","og_description":"Kup tabletki ecstasy online. Kup tabletki ecstasy Blue Dolphin na sprzeda\u017c w Wielkiej Brytanii, w Europie w doskona\u0142ych cenach od nas. Pakowanie jest wykonywane przez profesjonalist\u00f3w, a dostawa jest w 100% gwarantowana.","og_url":"https:\/\/medicinasinc.com\/pl\/product\/kup-niebieski-delfin-pigulki-ekstazy\/","og_site_name":"Medicinas Inc","article_modified_time":"2022-03-22T01:19:12+00:00","og_image":[{"width":600,"height":600,"url":"https:\/\/medicinasinc.com\/pl\/wp-content\/uploads\/sites\/13\/2022\/02\/buy-blue-dolphin-ecstasy-pills-online.jpg","type":"image\/jpeg"}],"twitter_card":"summary_large_image","twitter_misc":{"Est. reading time":"2 minutes"},"schema":{"@context":"https:\/\/schema.org","@graph":[{"@type":"WebPage","@id":"https:\/\/medicinasinc.com\/pl\/product\/kup-niebieski-delfin-pigulki-ekstazy\/","url":"https:\/\/medicinasinc.com\/pl\/product\/kup-niebieski-delfin-pigulki-ekstazy\/","name":"Kup pigu\u0142ki Blue Dolphin Ecstasy online - najlepsze \u015bwiatowe leki","isPartOf":{"@id":"https:\/\/medicinasinc.com\/pl\/#website"},"primaryImageOfPage":{"@id":"https:\/\/medicinasinc.com\/pl\/product\/kup-niebieski-delfin-pigulki-ekstazy\/#primaryimage"},"image":{"@id":"https:\/\/medicinasinc.com\/pl\/product\/kup-niebieski-delfin-pigulki-ekstazy\/#primaryimage"},"thumbnailUrl":"https:\/\/medicinasinc.com\/pl\/wp-content\/uploads\/sites\/13\/2022\/02\/buy-blue-dolphin-ecstasy-pills-online.jpg","datePublished":"2022-02-20T09:44:15+00:00","dateModified":"2022-03-22T01:19:12+00:00","description":"Kup tabletki ecstasy online. Kup tabletki ecstasy Blue Dolphin na sprzeda\u017c w Wielkiej Brytanii, w Europie w doskona\u0142ych cenach od nas. Pakowanie jest wykonywane przez profesjonalist\u00f3w, a dostawa jest w 100% gwarantowana.","breadcrumb":{"@id":"https:\/\/medicinasinc.com\/pl\/product\/kup-niebieski-delfin-pigulki-ekstazy\/#breadcrumb"},"inLanguage":"en-US","potentialAction":[{"@type":"ReadAction","target":["https:\/\/medicinasinc.com\/pl\/product\/kup-niebieski-delfin-pigulki-ekstazy\/"]}]},{"@type":"ImageObject","inLanguage":"en-US","@id":"https:\/\/medicinasinc.com\/pl\/product\/kup-niebieski-delfin-pigulki-ekstazy\/#primaryimage","url":"https:\/\/medicinasinc.com\/pl\/wp-content\/uploads\/sites\/13\/2022\/02\/buy-blue-dolphin-ecstasy-pills-online.jpg","contentUrl":"https:\/\/medicinasinc.com\/pl\/wp-content\/uploads\/sites\/13\/2022\/02\/buy-blue-dolphin-ecstasy-pills-online.jpg","width":600,"height":600},{"@type":"BreadcrumbList","@id":"https:\/\/medicinasinc.com\/pl\/product\/kup-niebieski-delfin-pigulki-ekstazy\/#breadcrumb","itemListElement":[{"@type":"ListItem","position":1,"name":"Sklep","item":"https:\/\/medicinasinc.com\/pl\/sklep\/"},{"@type":"ListItem","position":2,"name":"Kup pigu\u0142ki Blue Dolphin Ecstasy"}]},{"@type":"WebSite","@id":"https:\/\/medicinasinc.com\/pl\/#website","url":"https:\/\/medicinasinc.com\/pl\/","name":"Medicinas Inc","description":"Health Medical Clinic","potentialAction":[{"@type":"SearchAction","target":{"@type":"EntryPoint","urlTemplate":"https:\/\/medicinasinc.com\/pl\/?s={search_term_string}"},"query-input":{"@type":"PropertyValueSpecification","valueRequired":true,"valueName":"search_term_string"}}],"inLanguage":"en-US"}]}},"_links":{"self":[{"href":"https:\/\/medicinasinc.com\/pl\/wp-json\/wp\/v2\/product\/4479","targetHints":{"allow":["GET"]}}],"collection":[{"href":"https:\/\/medicinasinc.com\/pl\/wp-json\/wp\/v2\/product"}],"about":[{"href":"https:\/\/medicinasinc.com\/pl\/wp-json\/wp\/v2\/types\/product"}],"replies":[{"embeddable":true,"href":"https:\/\/medicinasinc.com\/pl\/wp-json\/wp\/v2\/comments?post=4479"}],"wp:featuredmedia":[{"embeddable":true,"href":"https:\/\/medicinasinc.com\/pl\/wp-json\/wp\/v2\/media\/4516"}],"wp:attachment":[{"href":"https:\/\/medicinasinc.com\/pl\/wp-json\/wp\/v2\/media?parent=4479"}],"wp:term":[{"taxonomy":"product_brand","embeddable":true,"href":"https:\/\/medicinasinc.com\/pl\/wp-json\/wp\/v2\/product_brand?post=4479"},{"taxonomy":"product_cat","embeddable":true,"href":"https:\/\/medicinasinc.com\/pl\/wp-json\/wp\/v2\/product_cat?post=4479"},{"taxonomy":"product_tag","embeddable":true,"href":"https:\/\/medicinasinc.com\/pl\/wp-json\/wp\/v2\/product_tag?post=4479"}],"curies":[{"name":"wp","href":"https:\/\/api.w.org\/{rel}","templated":true}]}}