{"id":4458,"date":"2022-02-20T09:30:17","date_gmt":"2022-02-20T09:30:17","guid":{"rendered":"https:\/\/medicinasinc.com\/pl\/?post_type=product&#038;p=4458"},"modified":"2022-03-22T01:20:04","modified_gmt":"2022-03-22T01:20:04","slug":"kup-ketof-syrop-na-kaszel","status":"publish","type":"product","link":"https:\/\/medicinasinc.com\/pl\/product\/kup-ketof-syrop-na-kaszel\/","title":{"rendered":"Kup syrop na kaszel Ketof"},"content":{"rendered":"<h1>Kup syrop Keto Cough online<\/h1>\n<p>Kup syrop Keto Cough online. Dost\u0119pna jest r\u00f3wnie\u017c mo\u017cliwo\u015b\u0107 zakupu heroiny online po niskich cenach. Mamy tu dost\u0119p do szerokiej gamy narkotyk\u00f3w, takich jak kokaina, metamfetamina i wiele innych.<\/p>\n","protected":false},"excerpt":{"rendered":"<p>Kup syrop Ketof Cough na sprzeda\u017c w Wielkiej Brytanii, Europie przez Internet. Sk\u0142adniki aktywne: Ketotifen. Przy zam\u00f3wieniach hurtowych oferujemy specjalne rabaty. Pami\u0119taj, \u017ce zapewniamy r\u00f3wnie\u017c bezp\u0142atn\u0105 wysy\u0142k\u0119 tego produktu, a tak\u017ce aktywacj\u0119 na sprzeda\u017c.<\/p>\n","protected":false},"featured_media":4493,"comment_status":"open","ping_status":"closed","template":"","meta":[],"product_brand":[],"product_cat":[497],"product_tag":[],"class_list":{"0":"post-4458","1":"product","2":"type-product","3":"status-publish","4":"has-post-thumbnail","6":"product_cat-kup-syrop-na-kaszel","8":"first","9":"instock","10":"shipping-taxable","11":"purchasable","12":"product-type-variable","13":"has-default-attributes"},"yoast_head":"<!-- This site is optimized with the Yoast SEO plugin v27.3 - https:\/\/yoast.com\/product\/yoast-seo-wordpress\/ -->\n<title>Kup syrop Ketof na kaszel - najlepsze najlepsze globalne leki<\/title>\n<meta name=\"description\" content=\"Kupi\u0107 syrop na kaszel Ketof na sprzeda\u017c Wielka Brytania, Europa przez Internet. Sk\u0142adniki aktywne: Ketotifen. Przy zam\u00f3wieniach hurtowych oferujemy specjalne rabaty. Pami\u0119taj, \u017ce oferujemy r\u00f3wnie\u017c bezp\u0142atn\u0105 wysy\u0142k\u0119 tego produktu, a tak\u017ce aktywacj\u0119 na sprzeda\u017c.\" \/>\n<meta name=\"robots\" content=\"index, follow, max-snippet:-1, max-image-preview:large, max-video-preview:-1\" \/>\n<link rel=\"canonical\" href=\"https:\/\/medicinasinc.com\/pl\/product\/kup-ketof-syrop-na-kaszel\/\" \/>\n<meta property=\"og:locale\" content=\"en_US\" \/>\n<meta property=\"og:type\" content=\"article\" \/>\n<meta property=\"og:title\" content=\"Kup syrop Ketof na kaszel - najlepsze najlepsze globalne leki\" \/>\n<meta property=\"og:description\" content=\"Kupi\u0107 syrop na kaszel Ketof na sprzeda\u017c Wielka Brytania, Europa przez Internet. Sk\u0142adniki aktywne: Ketotifen. Przy zam\u00f3wieniach hurtowych oferujemy specjalne rabaty. Pami\u0119taj, \u017ce oferujemy r\u00f3wnie\u017c bezp\u0142atn\u0105 wysy\u0142k\u0119 tego produktu, a tak\u017ce aktywacj\u0119 na sprzeda\u017c.\" \/>\n<meta property=\"og:url\" content=\"https:\/\/medicinasinc.com\/pl\/product\/kup-ketof-syrop-na-kaszel\/\" \/>\n<meta property=\"og:site_name\" content=\"Medicinas Inc\" \/>\n<meta property=\"article:modified_time\" content=\"2022-03-22T01:20:04+00:00\" \/>\n<meta property=\"og:image\" content=\"https:\/\/medicinasinc.com\/pl\/wp-content\/uploads\/sites\/13\/2022\/02\/buy-ketof-cough-syrup-online.jpg\" \/>\n\t<meta property=\"og:image:width\" content=\"600\" \/>\n\t<meta property=\"og:image:height\" content=\"600\" \/>\n\t<meta property=\"og:image:type\" content=\"image\/jpeg\" \/>\n<meta name=\"twitter:card\" content=\"summary_large_image\" \/>\n<meta name=\"twitter:label1\" content=\"Est. reading time\" \/>\n\t<meta name=\"twitter:data1\" content=\"1 minute\" \/>\n<script type=\"application\/ld+json\" class=\"yoast-schema-graph\">{\"@context\":\"https:\\\/\\\/schema.org\",\"@graph\":[{\"@type\":\"WebPage\",\"@id\":\"https:\\\/\\\/medicinasinc.com\\\/pl\\\/product\\\/kup-ketof-syrop-na-kaszel\\\/\",\"url\":\"https:\\\/\\\/medicinasinc.com\\\/pl\\\/product\\\/kup-ketof-syrop-na-kaszel\\\/\",\"name\":\"Kup syrop Ketof na kaszel - najlepsze najlepsze globalne leki\",\"isPartOf\":{\"@id\":\"https:\\\/\\\/medicinasinc.com\\\/pl\\\/#website\"},\"primaryImageOfPage\":{\"@id\":\"https:\\\/\\\/medicinasinc.com\\\/pl\\\/product\\\/kup-ketof-syrop-na-kaszel\\\/#primaryimage\"},\"image\":{\"@id\":\"https:\\\/\\\/medicinasinc.com\\\/pl\\\/product\\\/kup-ketof-syrop-na-kaszel\\\/#primaryimage\"},\"thumbnailUrl\":\"https:\\\/\\\/medicinasinc.com\\\/pl\\\/wp-content\\\/uploads\\\/sites\\\/13\\\/2022\\\/02\\\/buy-ketof-cough-syrup-online.jpg\",\"datePublished\":\"2022-02-20T09:30:17+00:00\",\"dateModified\":\"2022-03-22T01:20:04+00:00\",\"description\":\"Kupi\u0107 syrop na kaszel Ketof na sprzeda\u017c Wielka Brytania, Europa przez Internet. Sk\u0142adniki aktywne: Ketotifen. Przy zam\u00f3wieniach hurtowych oferujemy specjalne rabaty. Pami\u0119taj, \u017ce oferujemy r\u00f3wnie\u017c bezp\u0142atn\u0105 wysy\u0142k\u0119 tego produktu, a tak\u017ce aktywacj\u0119 na sprzeda\u017c.\",\"breadcrumb\":{\"@id\":\"https:\\\/\\\/medicinasinc.com\\\/pl\\\/product\\\/kup-ketof-syrop-na-kaszel\\\/#breadcrumb\"},\"inLanguage\":\"en-US\",\"potentialAction\":[{\"@type\":\"ReadAction\",\"target\":[\"https:\\\/\\\/medicinasinc.com\\\/pl\\\/product\\\/kup-ketof-syrop-na-kaszel\\\/\"]}]},{\"@type\":\"ImageObject\",\"inLanguage\":\"en-US\",\"@id\":\"https:\\\/\\\/medicinasinc.com\\\/pl\\\/product\\\/kup-ketof-syrop-na-kaszel\\\/#primaryimage\",\"url\":\"https:\\\/\\\/medicinasinc.com\\\/pl\\\/wp-content\\\/uploads\\\/sites\\\/13\\\/2022\\\/02\\\/buy-ketof-cough-syrup-online.jpg\",\"contentUrl\":\"https:\\\/\\\/medicinasinc.com\\\/pl\\\/wp-content\\\/uploads\\\/sites\\\/13\\\/2022\\\/02\\\/buy-ketof-cough-syrup-online.jpg\",\"width\":600,\"height\":600},{\"@type\":\"BreadcrumbList\",\"@id\":\"https:\\\/\\\/medicinasinc.com\\\/pl\\\/product\\\/kup-ketof-syrop-na-kaszel\\\/#breadcrumb\",\"itemListElement\":[{\"@type\":\"ListItem\",\"position\":1,\"name\":\"Sklep\",\"item\":\"https:\\\/\\\/medicinasinc.com\\\/pl\\\/sklep\\\/\"},{\"@type\":\"ListItem\",\"position\":2,\"name\":\"Kup syrop na kaszel Ketof\"}]},{\"@type\":\"WebSite\",\"@id\":\"https:\\\/\\\/medicinasinc.com\\\/pl\\\/#website\",\"url\":\"https:\\\/\\\/medicinasinc.com\\\/pl\\\/\",\"name\":\"Medicinas Inc\",\"description\":\"Health Medical Clinic\",\"potentialAction\":[{\"@type\":\"SearchAction\",\"target\":{\"@type\":\"EntryPoint\",\"urlTemplate\":\"https:\\\/\\\/medicinasinc.com\\\/pl\\\/?s={search_term_string}\"},\"query-input\":{\"@type\":\"PropertyValueSpecification\",\"valueRequired\":true,\"valueName\":\"search_term_string\"}}],\"inLanguage\":\"en-US\"}]}<\/script>\n<!-- \/ Yoast SEO plugin. -->","yoast_head_json":{"title":"Kup syrop Ketof na kaszel - najlepsze najlepsze globalne leki","description":"Kupi\u0107 syrop na kaszel Ketof na sprzeda\u017c Wielka Brytania, Europa przez Internet. Sk\u0142adniki aktywne: Ketotifen. Przy zam\u00f3wieniach hurtowych oferujemy specjalne rabaty. Pami\u0119taj, \u017ce oferujemy r\u00f3wnie\u017c bezp\u0142atn\u0105 wysy\u0142k\u0119 tego produktu, a tak\u017ce aktywacj\u0119 na sprzeda\u017c.","robots":{"index":"index","follow":"follow","max-snippet":"max-snippet:-1","max-image-preview":"max-image-preview:large","max-video-preview":"max-video-preview:-1"},"canonical":"https:\/\/medicinasinc.com\/pl\/product\/kup-ketof-syrop-na-kaszel\/","og_locale":"en_US","og_type":"article","og_title":"Kup syrop Ketof na kaszel - najlepsze najlepsze globalne leki","og_description":"Kupi\u0107 syrop na kaszel Ketof na sprzeda\u017c Wielka Brytania, Europa przez Internet. Sk\u0142adniki aktywne: Ketotifen. Przy zam\u00f3wieniach hurtowych oferujemy specjalne rabaty. Pami\u0119taj, \u017ce oferujemy r\u00f3wnie\u017c bezp\u0142atn\u0105 wysy\u0142k\u0119 tego produktu, a tak\u017ce aktywacj\u0119 na sprzeda\u017c.","og_url":"https:\/\/medicinasinc.com\/pl\/product\/kup-ketof-syrop-na-kaszel\/","og_site_name":"Medicinas Inc","article_modified_time":"2022-03-22T01:20:04+00:00","og_image":[{"width":600,"height":600,"url":"https:\/\/medicinasinc.com\/pl\/wp-content\/uploads\/sites\/13\/2022\/02\/buy-ketof-cough-syrup-online.jpg","type":"image\/jpeg"}],"twitter_card":"summary_large_image","twitter_misc":{"Est. reading time":"1 minute"},"schema":{"@context":"https:\/\/schema.org","@graph":[{"@type":"WebPage","@id":"https:\/\/medicinasinc.com\/pl\/product\/kup-ketof-syrop-na-kaszel\/","url":"https:\/\/medicinasinc.com\/pl\/product\/kup-ketof-syrop-na-kaszel\/","name":"Kup syrop Ketof na kaszel - najlepsze najlepsze globalne leki","isPartOf":{"@id":"https:\/\/medicinasinc.com\/pl\/#website"},"primaryImageOfPage":{"@id":"https:\/\/medicinasinc.com\/pl\/product\/kup-ketof-syrop-na-kaszel\/#primaryimage"},"image":{"@id":"https:\/\/medicinasinc.com\/pl\/product\/kup-ketof-syrop-na-kaszel\/#primaryimage"},"thumbnailUrl":"https:\/\/medicinasinc.com\/pl\/wp-content\/uploads\/sites\/13\/2022\/02\/buy-ketof-cough-syrup-online.jpg","datePublished":"2022-02-20T09:30:17+00:00","dateModified":"2022-03-22T01:20:04+00:00","description":"Kupi\u0107 syrop na kaszel Ketof na sprzeda\u017c Wielka Brytania, Europa przez Internet. Sk\u0142adniki aktywne: Ketotifen. Przy zam\u00f3wieniach hurtowych oferujemy specjalne rabaty. Pami\u0119taj, \u017ce oferujemy r\u00f3wnie\u017c bezp\u0142atn\u0105 wysy\u0142k\u0119 tego produktu, a tak\u017ce aktywacj\u0119 na sprzeda\u017c.","breadcrumb":{"@id":"https:\/\/medicinasinc.com\/pl\/product\/kup-ketof-syrop-na-kaszel\/#breadcrumb"},"inLanguage":"en-US","potentialAction":[{"@type":"ReadAction","target":["https:\/\/medicinasinc.com\/pl\/product\/kup-ketof-syrop-na-kaszel\/"]}]},{"@type":"ImageObject","inLanguage":"en-US","@id":"https:\/\/medicinasinc.com\/pl\/product\/kup-ketof-syrop-na-kaszel\/#primaryimage","url":"https:\/\/medicinasinc.com\/pl\/wp-content\/uploads\/sites\/13\/2022\/02\/buy-ketof-cough-syrup-online.jpg","contentUrl":"https:\/\/medicinasinc.com\/pl\/wp-content\/uploads\/sites\/13\/2022\/02\/buy-ketof-cough-syrup-online.jpg","width":600,"height":600},{"@type":"BreadcrumbList","@id":"https:\/\/medicinasinc.com\/pl\/product\/kup-ketof-syrop-na-kaszel\/#breadcrumb","itemListElement":[{"@type":"ListItem","position":1,"name":"Sklep","item":"https:\/\/medicinasinc.com\/pl\/sklep\/"},{"@type":"ListItem","position":2,"name":"Kup syrop na kaszel Ketof"}]},{"@type":"WebSite","@id":"https:\/\/medicinasinc.com\/pl\/#website","url":"https:\/\/medicinasinc.com\/pl\/","name":"Medicinas Inc","description":"Health Medical Clinic","potentialAction":[{"@type":"SearchAction","target":{"@type":"EntryPoint","urlTemplate":"https:\/\/medicinasinc.com\/pl\/?s={search_term_string}"},"query-input":{"@type":"PropertyValueSpecification","valueRequired":true,"valueName":"search_term_string"}}],"inLanguage":"en-US"}]}},"_links":{"self":[{"href":"https:\/\/medicinasinc.com\/pl\/wp-json\/wp\/v2\/product\/4458","targetHints":{"allow":["GET"]}}],"collection":[{"href":"https:\/\/medicinasinc.com\/pl\/wp-json\/wp\/v2\/product"}],"about":[{"href":"https:\/\/medicinasinc.com\/pl\/wp-json\/wp\/v2\/types\/product"}],"replies":[{"embeddable":true,"href":"https:\/\/medicinasinc.com\/pl\/wp-json\/wp\/v2\/comments?post=4458"}],"wp:featuredmedia":[{"embeddable":true,"href":"https:\/\/medicinasinc.com\/pl\/wp-json\/wp\/v2\/media\/4493"}],"wp:attachment":[{"href":"https:\/\/medicinasinc.com\/pl\/wp-json\/wp\/v2\/media?parent=4458"}],"wp:term":[{"taxonomy":"product_brand","embeddable":true,"href":"https:\/\/medicinasinc.com\/pl\/wp-json\/wp\/v2\/product_brand?post=4458"},{"taxonomy":"product_cat","embeddable":true,"href":"https:\/\/medicinasinc.com\/pl\/wp-json\/wp\/v2\/product_cat?post=4458"},{"taxonomy":"product_tag","embeddable":true,"href":"https:\/\/medicinasinc.com\/pl\/wp-json\/wp\/v2\/product_tag?post=4458"}],"curies":[{"name":"wp","href":"https:\/\/api.w.org\/{rel}","templated":true}]}}