{"id":4455,"date":"2022-02-20T09:28:05","date_gmt":"2022-02-20T09:28:05","guid":{"rendered":"https:\/\/medicinasinc.com\/pl\/?post_type=product&#038;p=4455"},"modified":"2022-03-22T01:20:16","modified_gmt":"2022-03-22T01:20:16","slug":"kup-hi-tech-syrop-na-kaszel","status":"publish","type":"product","link":"https:\/\/medicinasinc.com\/pl\/product\/kup-hi-tech-syrop-na-kaszel\/","title":{"rendered":"Kup syrop na kaszel Hi-Tech"},"content":{"rendered":"<p>Zakup syropu na kaszel Hi-Tech przez Internet.<\/p>\n<p>Kup syrop na kaszel Hi-Tech przez Internet po wyj\u0105tkowo niskich cenach. dodatkowo kupuj kokain\u0119 w celu odsprzeda\u017cy. Sprzedajemy r\u00f3\u017cne stymulanty i narkotyki, w tym GHB.<\/p>\n<p>Chocia\u017c doceniam przyzwoit\u0105 smakowito\u015b\u0107, uwa\u017cam, \u017ce ich uruchomienie trwa zbyt d\u0142ugo. Ze wzgl\u0119du na swoj\u0105 moc i smak, syrop THC mo\u017ce sta\u0107 si\u0119 Twoim nowym przejd\u017a do substancji, aby uzyska\u0107 pomoc.<\/p>\n<p>Syrop z konopi jest fantastyczny zar\u00f3wno dla klient\u00f3w regeneruj\u0105cych, jak i rekreacyjnych. Jest mocny i skuteczny \u2013 cz\u0119sto dzia\u0142a w ci\u0105gu 20 do 30 minut \u2013 i rozs\u0105dny w u\u017cyciu. Po prostu dodaj swoj\u0105 porcj\u0119 do dowolnego jedzenia lub napoju i gotowe. Mo\u017cna jednak bez problemu wypi\u0107 ma\u0142\u0105 miark\u0119. To wszystko!<\/p>\n<p>Sprzedam syrop na kaszel, zaawansowany technologicznie syrop na kaszel, internetowy syrop na kaszel, zaawansowany technologicznie chudy cena, zaawansowany technologicznie syrop na kaszel online, zaawansowany technologicznie online. Tych, kt\u00f3rzy nie mog\u0105 znie\u015b\u0107 my\u015bli o paleniu trawki (lub by\u0107 mo\u017ce s\u0105 zbyt niezdolni, aby to rozwa\u017cy\u0107), ale nadal chc\u0105 czerpa\u0107 korzy\u015bci z tej naprawd\u0119 wspania\u0142ej ro\u015bliny, zach\u0119camy do rozwa\u017cenia syropu THC jako alternatywnej metody spo\u017cycia. Klienci \u015bci\u015ble terapeutyczni z przyjemno\u015bci\u0105 dowiedz\u0105 si\u0119, \u017ce dost\u0119pny jest r\u00f3wnie\u017c syrop CBD. To jednak temat na inny artyku\u0142!<\/p>\n<p>WYKONAJ SYROP THC: INSTRUKCJE KROK PO KROKU<\/p>\n<p>Je\u015bli szukasz prostego przepisu na syrop THC, nie szukaj dalej. Bez w\u0105tpienia mo\u017cesz zrobi\u0107 syrop THC w domu, u\u017cywaj\u0105c tylko kilku sk\u0142adnik\u00f3w i minimalnego sprz\u0119tu. Jest to prawdopodobnie najprostszy przedmiot do samodzielnego wykonania, poniewa\u017c nie oczekuje si\u0119, \u017ce potencjalnie niebezpieczne substancje syntetyczne b\u0119d\u0105 wydobywa\u0107 THC z materia\u0142u ro\u015blinnego.<\/p>\n<p>Aby stworzy\u0107 w\u0142asny syrop z THC, b\u0119dziesz potrzebowa\u0107&#8230;.<\/p>\n<p>Woda. Oko\u0142o 200 ml da rozs\u0105dn\u0105 ilo\u015b\u0107 syropu. Poniewa\u017c formu\u0142a jest tak prosta, mo\u017cesz p\u00f3\u017aniej zrobi\u0107 tyle, ile chcesz.<\/p>\n<p>Cukier. Ilo\u015b\u0107 u\u017cywanego cukru wp\u0142ynie na czas przechowywania syropu konopnego. Syrop zrobiony z dw\u00f3ch porcji cukru i jednej porcji wody mo\u017ce by\u0107 przechowywany przez oko\u0142o \u0107wier\u0107 roku). Mo\u017cna r\u00f3wnie\u017c zrobi\u0107 syrop 1:1, cho\u0107 nie b\u0119dzie on trwa\u0142 tak d\u0142ugo.<\/p>\n<p>R\u00f3\u017cne formy zgrubnie zdekarboksylowanego THC (kwitnienie, przycinanie, wstrz\u0105sanie, hasz, olej, p\u0119kanie, wosk, w prawdziwym sensie wszystko mo\u017ce by\u0107 wykorzystane).<\/p>\n<p>DAWKOWANIE SYROPU THC<\/p>\n<p>Ilo\u015b\u0107 spo\u017cywanego syropu THC r\u00f3\u017cni si\u0119 znacznie u poszczeg\u00f3lnych os\u00f3b. Bardzo wa\u017cne jest, aby zachowa\u0107 ostro\u017cno\u015b\u0107 i por\u00f3wna\u0107 swoj\u0105 zdolno\u015b\u0107 z si\u0142\u0105 dowolnego przedmiotu zawieraj\u0105cego THC. syrop na kaszel online, zaawansowany technologicznie syrop thc, hi-tech chuda cena, zaawansowany technologicznie syrop na kaszel online, hi-tech online, syrop na kaszel na sprzeda\u017c<\/p>\n<p>Problem z domowymi syropami mieszanymi z THC polega na tym, \u017ce ich si\u0142a koncentratu jest cz\u0119sto nieznana. Je\u015bli martwisz si\u0119 tym lub po prostu nie chcesz zajmowa\u0107 si\u0119 (nieznacznym) k\u0142opotem z konfiguracj\u0105 w\u0142asnego, sp\u00f3jrz poni\u017cej na nasze najlepsze typy na dzisiejszym rynku.<\/p>\n","protected":false},"excerpt":{"rendered":"<p>Kup syrop na kaszel Hi-Tech na sprzeda\u017c w Wielkiej Brytanii, Europie przez Internet. Hi-Tech Promethazine Hydrochloride and Codeine Phosphate Syrop\u2026 ka\u017cde 5 ml zawiera: chlorowodorek prometazyny 6,25 mg; fosforan kodeiny 10 mg. Alkohol 7%Wskazanie: \u015brodek przeciwkaszlowy<\/p>\n","protected":false},"featured_media":4489,"comment_status":"open","ping_status":"closed","template":"","meta":[],"product_brand":[],"product_cat":[497],"product_tag":[],"class_list":{"0":"post-4455","1":"product","2":"type-product","3":"status-publish","4":"has-post-thumbnail","6":"product_cat-kup-syrop-na-kaszel","8":"first","9":"instock","10":"shipping-taxable","11":"purchasable","12":"product-type-variable","13":"has-default-attributes"},"yoast_head":"<!-- This site is optimized with the Yoast SEO plugin v27.3 - https:\/\/yoast.com\/product\/yoast-seo-wordpress\/ -->\n<title>Kup Hi-Tech syrop na kaszel - najlepsze najlepsze \u015bwiatowe leki<\/title>\n<meta name=\"description\" content=\"Kup syrop na kaszel Hi-Tech na sprzeda\u017c w Wielkiej Brytanii, Europie przez Internet. Hi-Tech Promethazine Hydrochloride and Codeine Phosphate Syrop\u2026 ka\u017cde 5 ml zawiera: chlorowodorek prometazyny 6,25 mg; fosforan kodeiny 10 mg. Alkohol 7% Wskazanie: \u015brodek przeciwkaszlowy\" \/>\n<meta name=\"robots\" content=\"index, follow, max-snippet:-1, max-image-preview:large, max-video-preview:-1\" \/>\n<link rel=\"canonical\" href=\"https:\/\/medicinasinc.com\/pl\/product\/kup-hi-tech-syrop-na-kaszel\/\" \/>\n<meta property=\"og:locale\" content=\"en_US\" \/>\n<meta property=\"og:type\" content=\"article\" \/>\n<meta property=\"og:title\" content=\"Kup Hi-Tech syrop na kaszel - najlepsze najlepsze \u015bwiatowe leki\" \/>\n<meta property=\"og:description\" content=\"Kup syrop na kaszel Hi-Tech na sprzeda\u017c w Wielkiej Brytanii, Europie przez Internet. Hi-Tech Promethazine Hydrochloride and Codeine Phosphate Syrop\u2026 ka\u017cde 5 ml zawiera: chlorowodorek prometazyny 6,25 mg; fosforan kodeiny 10 mg. Alkohol 7% Wskazanie: \u015brodek przeciwkaszlowy\" \/>\n<meta property=\"og:url\" content=\"https:\/\/medicinasinc.com\/pl\/product\/kup-hi-tech-syrop-na-kaszel\/\" \/>\n<meta property=\"og:site_name\" content=\"Medicinas Inc\" \/>\n<meta property=\"article:modified_time\" content=\"2022-03-22T01:20:16+00:00\" \/>\n<meta property=\"og:image\" content=\"https:\/\/medicinasinc.com\/pl\/wp-content\/uploads\/sites\/13\/2022\/02\/buy-hi-tech-cough-syrup-online.jpg\" \/>\n\t<meta property=\"og:image:width\" content=\"600\" \/>\n\t<meta property=\"og:image:height\" content=\"600\" \/>\n\t<meta property=\"og:image:type\" content=\"image\/jpeg\" \/>\n<meta name=\"twitter:card\" content=\"summary_large_image\" \/>\n<meta name=\"twitter:label1\" content=\"Est. reading time\" \/>\n\t<meta name=\"twitter:data1\" content=\"3 minutes\" \/>\n<script type=\"application\/ld+json\" class=\"yoast-schema-graph\">{\"@context\":\"https:\\\/\\\/schema.org\",\"@graph\":[{\"@type\":\"WebPage\",\"@id\":\"https:\\\/\\\/medicinasinc.com\\\/pl\\\/product\\\/kup-hi-tech-syrop-na-kaszel\\\/\",\"url\":\"https:\\\/\\\/medicinasinc.com\\\/pl\\\/product\\\/kup-hi-tech-syrop-na-kaszel\\\/\",\"name\":\"Kup Hi-Tech syrop na kaszel - najlepsze najlepsze \u015bwiatowe leki\",\"isPartOf\":{\"@id\":\"https:\\\/\\\/medicinasinc.com\\\/pl\\\/#website\"},\"primaryImageOfPage\":{\"@id\":\"https:\\\/\\\/medicinasinc.com\\\/pl\\\/product\\\/kup-hi-tech-syrop-na-kaszel\\\/#primaryimage\"},\"image\":{\"@id\":\"https:\\\/\\\/medicinasinc.com\\\/pl\\\/product\\\/kup-hi-tech-syrop-na-kaszel\\\/#primaryimage\"},\"thumbnailUrl\":\"https:\\\/\\\/medicinasinc.com\\\/pl\\\/wp-content\\\/uploads\\\/sites\\\/13\\\/2022\\\/02\\\/buy-hi-tech-cough-syrup-online.jpg\",\"datePublished\":\"2022-02-20T09:28:05+00:00\",\"dateModified\":\"2022-03-22T01:20:16+00:00\",\"description\":\"Kup syrop na kaszel Hi-Tech na sprzeda\u017c w Wielkiej Brytanii, Europie przez Internet. Hi-Tech Promethazine Hydrochloride and Codeine Phosphate Syrop\u2026 ka\u017cde 5 ml zawiera: chlorowodorek prometazyny 6,25 mg; fosforan kodeiny 10 mg. Alkohol 7% Wskazanie: \u015brodek przeciwkaszlowy\",\"breadcrumb\":{\"@id\":\"https:\\\/\\\/medicinasinc.com\\\/pl\\\/product\\\/kup-hi-tech-syrop-na-kaszel\\\/#breadcrumb\"},\"inLanguage\":\"en-US\",\"potentialAction\":[{\"@type\":\"ReadAction\",\"target\":[\"https:\\\/\\\/medicinasinc.com\\\/pl\\\/product\\\/kup-hi-tech-syrop-na-kaszel\\\/\"]}]},{\"@type\":\"ImageObject\",\"inLanguage\":\"en-US\",\"@id\":\"https:\\\/\\\/medicinasinc.com\\\/pl\\\/product\\\/kup-hi-tech-syrop-na-kaszel\\\/#primaryimage\",\"url\":\"https:\\\/\\\/medicinasinc.com\\\/pl\\\/wp-content\\\/uploads\\\/sites\\\/13\\\/2022\\\/02\\\/buy-hi-tech-cough-syrup-online.jpg\",\"contentUrl\":\"https:\\\/\\\/medicinasinc.com\\\/pl\\\/wp-content\\\/uploads\\\/sites\\\/13\\\/2022\\\/02\\\/buy-hi-tech-cough-syrup-online.jpg\",\"width\":600,\"height\":600},{\"@type\":\"BreadcrumbList\",\"@id\":\"https:\\\/\\\/medicinasinc.com\\\/pl\\\/product\\\/kup-hi-tech-syrop-na-kaszel\\\/#breadcrumb\",\"itemListElement\":[{\"@type\":\"ListItem\",\"position\":1,\"name\":\"Sklep\",\"item\":\"https:\\\/\\\/medicinasinc.com\\\/pl\\\/sklep\\\/\"},{\"@type\":\"ListItem\",\"position\":2,\"name\":\"Kup syrop na kaszel Hi-Tech\"}]},{\"@type\":\"WebSite\",\"@id\":\"https:\\\/\\\/medicinasinc.com\\\/pl\\\/#website\",\"url\":\"https:\\\/\\\/medicinasinc.com\\\/pl\\\/\",\"name\":\"Medicinas Inc\",\"description\":\"Health Medical Clinic\",\"potentialAction\":[{\"@type\":\"SearchAction\",\"target\":{\"@type\":\"EntryPoint\",\"urlTemplate\":\"https:\\\/\\\/medicinasinc.com\\\/pl\\\/?s={search_term_string}\"},\"query-input\":{\"@type\":\"PropertyValueSpecification\",\"valueRequired\":true,\"valueName\":\"search_term_string\"}}],\"inLanguage\":\"en-US\"}]}<\/script>\n<!-- \/ Yoast SEO plugin. -->","yoast_head_json":{"title":"Kup Hi-Tech syrop na kaszel - najlepsze najlepsze \u015bwiatowe leki","description":"Kup syrop na kaszel Hi-Tech na sprzeda\u017c w Wielkiej Brytanii, Europie przez Internet. Hi-Tech Promethazine Hydrochloride and Codeine Phosphate Syrop\u2026 ka\u017cde 5 ml zawiera: chlorowodorek prometazyny 6,25 mg; fosforan kodeiny 10 mg. Alkohol 7% Wskazanie: \u015brodek przeciwkaszlowy","robots":{"index":"index","follow":"follow","max-snippet":"max-snippet:-1","max-image-preview":"max-image-preview:large","max-video-preview":"max-video-preview:-1"},"canonical":"https:\/\/medicinasinc.com\/pl\/product\/kup-hi-tech-syrop-na-kaszel\/","og_locale":"en_US","og_type":"article","og_title":"Kup Hi-Tech syrop na kaszel - najlepsze najlepsze \u015bwiatowe leki","og_description":"Kup syrop na kaszel Hi-Tech na sprzeda\u017c w Wielkiej Brytanii, Europie przez Internet. Hi-Tech Promethazine Hydrochloride and Codeine Phosphate Syrop\u2026 ka\u017cde 5 ml zawiera: chlorowodorek prometazyny 6,25 mg; fosforan kodeiny 10 mg. Alkohol 7% Wskazanie: \u015brodek przeciwkaszlowy","og_url":"https:\/\/medicinasinc.com\/pl\/product\/kup-hi-tech-syrop-na-kaszel\/","og_site_name":"Medicinas Inc","article_modified_time":"2022-03-22T01:20:16+00:00","og_image":[{"width":600,"height":600,"url":"https:\/\/medicinasinc.com\/pl\/wp-content\/uploads\/sites\/13\/2022\/02\/buy-hi-tech-cough-syrup-online.jpg","type":"image\/jpeg"}],"twitter_card":"summary_large_image","twitter_misc":{"Est. reading time":"3 minutes"},"schema":{"@context":"https:\/\/schema.org","@graph":[{"@type":"WebPage","@id":"https:\/\/medicinasinc.com\/pl\/product\/kup-hi-tech-syrop-na-kaszel\/","url":"https:\/\/medicinasinc.com\/pl\/product\/kup-hi-tech-syrop-na-kaszel\/","name":"Kup Hi-Tech syrop na kaszel - najlepsze najlepsze \u015bwiatowe leki","isPartOf":{"@id":"https:\/\/medicinasinc.com\/pl\/#website"},"primaryImageOfPage":{"@id":"https:\/\/medicinasinc.com\/pl\/product\/kup-hi-tech-syrop-na-kaszel\/#primaryimage"},"image":{"@id":"https:\/\/medicinasinc.com\/pl\/product\/kup-hi-tech-syrop-na-kaszel\/#primaryimage"},"thumbnailUrl":"https:\/\/medicinasinc.com\/pl\/wp-content\/uploads\/sites\/13\/2022\/02\/buy-hi-tech-cough-syrup-online.jpg","datePublished":"2022-02-20T09:28:05+00:00","dateModified":"2022-03-22T01:20:16+00:00","description":"Kup syrop na kaszel Hi-Tech na sprzeda\u017c w Wielkiej Brytanii, Europie przez Internet. Hi-Tech Promethazine Hydrochloride and Codeine Phosphate Syrop\u2026 ka\u017cde 5 ml zawiera: chlorowodorek prometazyny 6,25 mg; fosforan kodeiny 10 mg. Alkohol 7% Wskazanie: \u015brodek przeciwkaszlowy","breadcrumb":{"@id":"https:\/\/medicinasinc.com\/pl\/product\/kup-hi-tech-syrop-na-kaszel\/#breadcrumb"},"inLanguage":"en-US","potentialAction":[{"@type":"ReadAction","target":["https:\/\/medicinasinc.com\/pl\/product\/kup-hi-tech-syrop-na-kaszel\/"]}]},{"@type":"ImageObject","inLanguage":"en-US","@id":"https:\/\/medicinasinc.com\/pl\/product\/kup-hi-tech-syrop-na-kaszel\/#primaryimage","url":"https:\/\/medicinasinc.com\/pl\/wp-content\/uploads\/sites\/13\/2022\/02\/buy-hi-tech-cough-syrup-online.jpg","contentUrl":"https:\/\/medicinasinc.com\/pl\/wp-content\/uploads\/sites\/13\/2022\/02\/buy-hi-tech-cough-syrup-online.jpg","width":600,"height":600},{"@type":"BreadcrumbList","@id":"https:\/\/medicinasinc.com\/pl\/product\/kup-hi-tech-syrop-na-kaszel\/#breadcrumb","itemListElement":[{"@type":"ListItem","position":1,"name":"Sklep","item":"https:\/\/medicinasinc.com\/pl\/sklep\/"},{"@type":"ListItem","position":2,"name":"Kup syrop na kaszel Hi-Tech"}]},{"@type":"WebSite","@id":"https:\/\/medicinasinc.com\/pl\/#website","url":"https:\/\/medicinasinc.com\/pl\/","name":"Medicinas Inc","description":"Health Medical Clinic","potentialAction":[{"@type":"SearchAction","target":{"@type":"EntryPoint","urlTemplate":"https:\/\/medicinasinc.com\/pl\/?s={search_term_string}"},"query-input":{"@type":"PropertyValueSpecification","valueRequired":true,"valueName":"search_term_string"}}],"inLanguage":"en-US"}]}},"_links":{"self":[{"href":"https:\/\/medicinasinc.com\/pl\/wp-json\/wp\/v2\/product\/4455","targetHints":{"allow":["GET"]}}],"collection":[{"href":"https:\/\/medicinasinc.com\/pl\/wp-json\/wp\/v2\/product"}],"about":[{"href":"https:\/\/medicinasinc.com\/pl\/wp-json\/wp\/v2\/types\/product"}],"replies":[{"embeddable":true,"href":"https:\/\/medicinasinc.com\/pl\/wp-json\/wp\/v2\/comments?post=4455"}],"wp:featuredmedia":[{"embeddable":true,"href":"https:\/\/medicinasinc.com\/pl\/wp-json\/wp\/v2\/media\/4489"}],"wp:attachment":[{"href":"https:\/\/medicinasinc.com\/pl\/wp-json\/wp\/v2\/media?parent=4455"}],"wp:term":[{"taxonomy":"product_brand","embeddable":true,"href":"https:\/\/medicinasinc.com\/pl\/wp-json\/wp\/v2\/product_brand?post=4455"},{"taxonomy":"product_cat","embeddable":true,"href":"https:\/\/medicinasinc.com\/pl\/wp-json\/wp\/v2\/product_cat?post=4455"},{"taxonomy":"product_tag","embeddable":true,"href":"https:\/\/medicinasinc.com\/pl\/wp-json\/wp\/v2\/product_tag?post=4455"}],"curies":[{"name":"wp","href":"https:\/\/api.w.org\/{rel}","templated":true}]}}