{"id":4425,"date":"2022-02-20T09:10:27","date_gmt":"2022-02-20T09:10:27","guid":{"rendered":"https:\/\/medicinasinc.com\/pl\/?post_type=product&#038;p=4425"},"modified":"2022-03-22T01:20:52","modified_gmt":"2022-03-22T01:20:52","slug":"kup-skywalker-og-thc-destylat-koszerny-ekstrakt","status":"publish","type":"product","link":"https:\/\/medicinasinc.com\/pl\/product\/kup-skywalker-og-thc-destylat-koszerny-ekstrakt\/","title":{"rendered":"Kup destylat Skywalker OG THC \u2013 ekstrakt koszerny"},"content":{"rendered":"<p>Koszerny ekstrakt z destylatu THC<\/p>\n<p>Destylat THC to jeden z najczystszych i najsilniejszych ekstrakt\u00f3w z konopi na rynku, zapewniaj\u0105cy szerok\u0105 gam\u0119 korzy\u015bci i w\u0142a\u015bciwo\u015bci leczniczych. Konopie s\u0105 rozk\u0142adane przy u\u017cyciu molekularnej destylacji kr\u00f3tko\u015bcie\u017ckowej, a\u017c praktycznie ka\u017cdy sk\u0142adnik zostanie oddzielony od THC (w tym: terpeny, lipidy ro\u015blinne, pestycydy i inne zanieczyszczenia). Ta metoda daje niezwykle czysty ekstrakt z konopi bez u\u017cycia rozpuszczalnik\u00f3w do ekstrakcji THC. Wraz z t\u0105 czysto\u015bci\u0105 destylacja daje produkt, kt\u00f3ry jest znacznie silniejszy ni\u017c suszone zio\u0142a lub inne ekstrakty z konopi. Destylat THC mo\u017ce zawiera\u0107 od 85 do 99 procent THC!<\/p>\n","protected":false},"excerpt":{"rendered":"<p><em>Kup Skywalker OG Distillate<\/em>\u00a0Strzykawka to relaksuj\u0105cy olejek Indica, kt\u00f3ry uspokaja umys\u0142, odpr\u0119\u017ca cia\u0142o i wprowadza w ca\u0142kowity stan euforii.<\/p>\n<p><em>Kup Destylat Skywalker OG THC<\/em>\u00a0&#8211; ekstrakt koszerny online Kanada z najwi\u0119kszej apteki internetowej, Kup moj\u0105 chwast\u00f3w online.<\/p>\n<ul>\n<li><\/li>\n<li>Wysy\u0142ka na ca\u0142y \u015bwiat<\/li>\n<li>Minimalna ilo\u015b\u0107 zam\u00f3wienia to 5<\/li>\n<li><strong>Skontaktuj si\u0119 z nami<\/strong>\u00a0w przypadku wi\u0119kszych zam\u00f3wie\u0144<\/li>\n<\/ul>\n","protected":false},"featured_media":4459,"comment_status":"open","ping_status":"closed","template":"","meta":[],"product_brand":[],"product_cat":[440],"product_tag":[],"class_list":{"0":"post-4425","1":"product","2":"type-product","3":"status-publish","4":"has-post-thumbnail","6":"product_cat-kup-konopi-olej-cbd","8":"first","9":"instock","10":"shipping-taxable","11":"purchasable","12":"product-type-variable","13":"has-default-attributes"},"yoast_head":"<!-- This site is optimized with the Yoast SEO plugin v27.3 - https:\/\/yoast.com\/product\/yoast-seo-wordpress\/ -->\n<title>Kup destylat Skywalker OG THC \u2013 ekstrakt koszerny \u2013 podgl\u0105d opisu Best Global MedsMeta:<\/title>\n<meta name=\"description\" content=\"Kup wyprzeda\u017c destylatu Skywalker OG THC - koszerny ekstrakt online w Europie z najwi\u0119kszej internetowej apteki, Buy My Weed Online.\" \/>\n<meta name=\"robots\" content=\"index, follow, max-snippet:-1, max-image-preview:large, max-video-preview:-1\" \/>\n<link rel=\"canonical\" href=\"https:\/\/medicinasinc.com\/pl\/product\/kup-skywalker-og-thc-destylat-koszerny-ekstrakt\/\" \/>\n<meta property=\"og:locale\" content=\"en_US\" \/>\n<meta property=\"og:type\" content=\"article\" \/>\n<meta property=\"og:title\" content=\"Kup destylat Skywalker OG THC \u2013 ekstrakt koszerny \u2013 podgl\u0105d opisu Best Global MedsMeta:\" \/>\n<meta property=\"og:description\" content=\"Kup wyprzeda\u017c destylatu Skywalker OG THC - koszerny ekstrakt online w Europie z najwi\u0119kszej internetowej apteki, Buy My Weed Online.\" \/>\n<meta property=\"og:url\" content=\"https:\/\/medicinasinc.com\/pl\/product\/kup-skywalker-og-thc-destylat-koszerny-ekstrakt\/\" \/>\n<meta property=\"og:site_name\" content=\"Medicinas Inc\" \/>\n<meta property=\"article:modified_time\" content=\"2022-03-22T01:20:52+00:00\" \/>\n<meta property=\"og:image\" content=\"https:\/\/medicinasinc.com\/pl\/wp-content\/uploads\/sites\/13\/2022\/02\/Buy-Skywalker-OG-THC-Distillate.jpg\" \/>\n\t<meta property=\"og:image:width\" content=\"980\" \/>\n\t<meta property=\"og:image:height\" content=\"980\" \/>\n\t<meta property=\"og:image:type\" content=\"image\/jpeg\" \/>\n<meta name=\"twitter:card\" content=\"summary_large_image\" \/>\n<meta name=\"twitter:label1\" content=\"Est. reading time\" \/>\n\t<meta name=\"twitter:data1\" content=\"1 minute\" \/>\n<script type=\"application\/ld+json\" class=\"yoast-schema-graph\">{\"@context\":\"https:\\\/\\\/schema.org\",\"@graph\":[{\"@type\":\"WebPage\",\"@id\":\"https:\\\/\\\/medicinasinc.com\\\/pl\\\/product\\\/kup-skywalker-og-thc-destylat-koszerny-ekstrakt\\\/\",\"url\":\"https:\\\/\\\/medicinasinc.com\\\/pl\\\/product\\\/kup-skywalker-og-thc-destylat-koszerny-ekstrakt\\\/\",\"name\":\"Kup destylat Skywalker OG THC \u2013 ekstrakt koszerny \u2013 podgl\u0105d opisu Best Global MedsMeta:\",\"isPartOf\":{\"@id\":\"https:\\\/\\\/medicinasinc.com\\\/pl\\\/#website\"},\"primaryImageOfPage\":{\"@id\":\"https:\\\/\\\/medicinasinc.com\\\/pl\\\/product\\\/kup-skywalker-og-thc-destylat-koszerny-ekstrakt\\\/#primaryimage\"},\"image\":{\"@id\":\"https:\\\/\\\/medicinasinc.com\\\/pl\\\/product\\\/kup-skywalker-og-thc-destylat-koszerny-ekstrakt\\\/#primaryimage\"},\"thumbnailUrl\":\"https:\\\/\\\/medicinasinc.com\\\/pl\\\/wp-content\\\/uploads\\\/sites\\\/13\\\/2022\\\/02\\\/Buy-Skywalker-OG-THC-Distillate.jpg\",\"datePublished\":\"2022-02-20T09:10:27+00:00\",\"dateModified\":\"2022-03-22T01:20:52+00:00\",\"description\":\"Kup wyprzeda\u017c destylatu Skywalker OG THC - koszerny ekstrakt online w Europie z najwi\u0119kszej internetowej apteki, Buy My Weed Online.\",\"breadcrumb\":{\"@id\":\"https:\\\/\\\/medicinasinc.com\\\/pl\\\/product\\\/kup-skywalker-og-thc-destylat-koszerny-ekstrakt\\\/#breadcrumb\"},\"inLanguage\":\"en-US\",\"potentialAction\":[{\"@type\":\"ReadAction\",\"target\":[\"https:\\\/\\\/medicinasinc.com\\\/pl\\\/product\\\/kup-skywalker-og-thc-destylat-koszerny-ekstrakt\\\/\"]}]},{\"@type\":\"ImageObject\",\"inLanguage\":\"en-US\",\"@id\":\"https:\\\/\\\/medicinasinc.com\\\/pl\\\/product\\\/kup-skywalker-og-thc-destylat-koszerny-ekstrakt\\\/#primaryimage\",\"url\":\"https:\\\/\\\/medicinasinc.com\\\/pl\\\/wp-content\\\/uploads\\\/sites\\\/13\\\/2022\\\/02\\\/Buy-Skywalker-OG-THC-Distillate.jpg\",\"contentUrl\":\"https:\\\/\\\/medicinasinc.com\\\/pl\\\/wp-content\\\/uploads\\\/sites\\\/13\\\/2022\\\/02\\\/Buy-Skywalker-OG-THC-Distillate.jpg\",\"width\":980,\"height\":980},{\"@type\":\"BreadcrumbList\",\"@id\":\"https:\\\/\\\/medicinasinc.com\\\/pl\\\/product\\\/kup-skywalker-og-thc-destylat-koszerny-ekstrakt\\\/#breadcrumb\",\"itemListElement\":[{\"@type\":\"ListItem\",\"position\":1,\"name\":\"Sklep\",\"item\":\"https:\\\/\\\/medicinasinc.com\\\/pl\\\/sklep\\\/\"},{\"@type\":\"ListItem\",\"position\":2,\"name\":\"Kup destylat Skywalker OG THC \u2013 ekstrakt koszerny\"}]},{\"@type\":\"WebSite\",\"@id\":\"https:\\\/\\\/medicinasinc.com\\\/pl\\\/#website\",\"url\":\"https:\\\/\\\/medicinasinc.com\\\/pl\\\/\",\"name\":\"Medicinas Inc\",\"description\":\"Health Medical Clinic\",\"potentialAction\":[{\"@type\":\"SearchAction\",\"target\":{\"@type\":\"EntryPoint\",\"urlTemplate\":\"https:\\\/\\\/medicinasinc.com\\\/pl\\\/?s={search_term_string}\"},\"query-input\":{\"@type\":\"PropertyValueSpecification\",\"valueRequired\":true,\"valueName\":\"search_term_string\"}}],\"inLanguage\":\"en-US\"}]}<\/script>\n<!-- \/ Yoast SEO plugin. -->","yoast_head_json":{"title":"Kup destylat Skywalker OG THC \u2013 ekstrakt koszerny \u2013 podgl\u0105d opisu Best Global MedsMeta:","description":"Kup wyprzeda\u017c destylatu Skywalker OG THC - koszerny ekstrakt online w Europie z najwi\u0119kszej internetowej apteki, Buy My Weed Online.","robots":{"index":"index","follow":"follow","max-snippet":"max-snippet:-1","max-image-preview":"max-image-preview:large","max-video-preview":"max-video-preview:-1"},"canonical":"https:\/\/medicinasinc.com\/pl\/product\/kup-skywalker-og-thc-destylat-koszerny-ekstrakt\/","og_locale":"en_US","og_type":"article","og_title":"Kup destylat Skywalker OG THC \u2013 ekstrakt koszerny \u2013 podgl\u0105d opisu Best Global MedsMeta:","og_description":"Kup wyprzeda\u017c destylatu Skywalker OG THC - koszerny ekstrakt online w Europie z najwi\u0119kszej internetowej apteki, Buy My Weed Online.","og_url":"https:\/\/medicinasinc.com\/pl\/product\/kup-skywalker-og-thc-destylat-koszerny-ekstrakt\/","og_site_name":"Medicinas Inc","article_modified_time":"2022-03-22T01:20:52+00:00","og_image":[{"width":980,"height":980,"url":"https:\/\/medicinasinc.com\/pl\/wp-content\/uploads\/sites\/13\/2022\/02\/Buy-Skywalker-OG-THC-Distillate.jpg","type":"image\/jpeg"}],"twitter_card":"summary_large_image","twitter_misc":{"Est. reading time":"1 minute"},"schema":{"@context":"https:\/\/schema.org","@graph":[{"@type":"WebPage","@id":"https:\/\/medicinasinc.com\/pl\/product\/kup-skywalker-og-thc-destylat-koszerny-ekstrakt\/","url":"https:\/\/medicinasinc.com\/pl\/product\/kup-skywalker-og-thc-destylat-koszerny-ekstrakt\/","name":"Kup destylat Skywalker OG THC \u2013 ekstrakt koszerny \u2013 podgl\u0105d opisu Best Global MedsMeta:","isPartOf":{"@id":"https:\/\/medicinasinc.com\/pl\/#website"},"primaryImageOfPage":{"@id":"https:\/\/medicinasinc.com\/pl\/product\/kup-skywalker-og-thc-destylat-koszerny-ekstrakt\/#primaryimage"},"image":{"@id":"https:\/\/medicinasinc.com\/pl\/product\/kup-skywalker-og-thc-destylat-koszerny-ekstrakt\/#primaryimage"},"thumbnailUrl":"https:\/\/medicinasinc.com\/pl\/wp-content\/uploads\/sites\/13\/2022\/02\/Buy-Skywalker-OG-THC-Distillate.jpg","datePublished":"2022-02-20T09:10:27+00:00","dateModified":"2022-03-22T01:20:52+00:00","description":"Kup wyprzeda\u017c destylatu Skywalker OG THC - koszerny ekstrakt online w Europie z najwi\u0119kszej internetowej apteki, Buy My Weed Online.","breadcrumb":{"@id":"https:\/\/medicinasinc.com\/pl\/product\/kup-skywalker-og-thc-destylat-koszerny-ekstrakt\/#breadcrumb"},"inLanguage":"en-US","potentialAction":[{"@type":"ReadAction","target":["https:\/\/medicinasinc.com\/pl\/product\/kup-skywalker-og-thc-destylat-koszerny-ekstrakt\/"]}]},{"@type":"ImageObject","inLanguage":"en-US","@id":"https:\/\/medicinasinc.com\/pl\/product\/kup-skywalker-og-thc-destylat-koszerny-ekstrakt\/#primaryimage","url":"https:\/\/medicinasinc.com\/pl\/wp-content\/uploads\/sites\/13\/2022\/02\/Buy-Skywalker-OG-THC-Distillate.jpg","contentUrl":"https:\/\/medicinasinc.com\/pl\/wp-content\/uploads\/sites\/13\/2022\/02\/Buy-Skywalker-OG-THC-Distillate.jpg","width":980,"height":980},{"@type":"BreadcrumbList","@id":"https:\/\/medicinasinc.com\/pl\/product\/kup-skywalker-og-thc-destylat-koszerny-ekstrakt\/#breadcrumb","itemListElement":[{"@type":"ListItem","position":1,"name":"Sklep","item":"https:\/\/medicinasinc.com\/pl\/sklep\/"},{"@type":"ListItem","position":2,"name":"Kup destylat Skywalker OG THC \u2013 ekstrakt koszerny"}]},{"@type":"WebSite","@id":"https:\/\/medicinasinc.com\/pl\/#website","url":"https:\/\/medicinasinc.com\/pl\/","name":"Medicinas Inc","description":"Health Medical Clinic","potentialAction":[{"@type":"SearchAction","target":{"@type":"EntryPoint","urlTemplate":"https:\/\/medicinasinc.com\/pl\/?s={search_term_string}"},"query-input":{"@type":"PropertyValueSpecification","valueRequired":true,"valueName":"search_term_string"}}],"inLanguage":"en-US"}]}},"_links":{"self":[{"href":"https:\/\/medicinasinc.com\/pl\/wp-json\/wp\/v2\/product\/4425","targetHints":{"allow":["GET"]}}],"collection":[{"href":"https:\/\/medicinasinc.com\/pl\/wp-json\/wp\/v2\/product"}],"about":[{"href":"https:\/\/medicinasinc.com\/pl\/wp-json\/wp\/v2\/types\/product"}],"replies":[{"embeddable":true,"href":"https:\/\/medicinasinc.com\/pl\/wp-json\/wp\/v2\/comments?post=4425"}],"wp:featuredmedia":[{"embeddable":true,"href":"https:\/\/medicinasinc.com\/pl\/wp-json\/wp\/v2\/media\/4459"}],"wp:attachment":[{"href":"https:\/\/medicinasinc.com\/pl\/wp-json\/wp\/v2\/media?parent=4425"}],"wp:term":[{"taxonomy":"product_brand","embeddable":true,"href":"https:\/\/medicinasinc.com\/pl\/wp-json\/wp\/v2\/product_brand?post=4425"},{"taxonomy":"product_cat","embeddable":true,"href":"https:\/\/medicinasinc.com\/pl\/wp-json\/wp\/v2\/product_cat?post=4425"},{"taxonomy":"product_tag","embeddable":true,"href":"https:\/\/medicinasinc.com\/pl\/wp-json\/wp\/v2\/product_tag?post=4425"}],"curies":[{"name":"wp","href":"https:\/\/api.w.org\/{rel}","templated":true}]}}