{"id":4413,"date":"2022-02-20T09:01:25","date_gmt":"2022-02-20T09:01:25","guid":{"rendered":"https:\/\/medicinasinc.com\/pl\/?post_type=product&#038;p=4413"},"modified":"2022-03-22T01:21:02","modified_gmt":"2022-03-22T01:21:02","slug":"rso-rozowy-kush-olej-5ml","status":"publish","type":"product","link":"https:\/\/medicinasinc.com\/pl\/product\/rso-rozowy-kush-olej-5ml\/","title":{"rendered":"RSO | Olejek Pink Kush \u2013 5ml"},"content":{"rendered":"<p>Kush Pink (Rick Simpson Oil)<\/p>\n<p>5 ml w dozowniku \u201eEos\u201d wykonanym z polipropylenu z zielon\u0105 nitk\u0105 do precyzyjnego dozowania.<\/p>\n<p>Ten Rick Simpson Oil pochodzi z Pink Kwiaty Kush uprawiane w bujnym wn\u0119trzu Kolumbii Brytyjskiej!<\/p>\n<p>Uwa\u017ca si\u0119, \u017ce Pink Kush jest dalekim krewnym legendarnego OG Kush (jednej z najpopularniejszych odmian konopi w historii). Pink Kush kontynuuje tradycj\u0119, zapewniaj\u0105c silny haj, co czyni go jedn\u0105 z najbardziej leczniczych dost\u0119pnych odmian. Efekty tego szczepu s\u0105 niemal natychmiastowe. U\u017cytkownik zostaje zalany rozgrzewaj\u0105cym uczuciem cia\u0142a, kt\u00f3remu towarzyszy intensywnie euforyczne, m\u00f3zgowe brz\u0119czenie. Hybryda z dominacj\u0105 sativy, kt\u00f3ra zapewnia intensywny, skoncentrowany na ciele haj. Pink Kush jest zatem skutecznym lekiem na l\u0119k, depresj\u0119, stany zapalne, przewlek\u0142y b\u00f3l, b\u00f3le g\u0142owy, bezsenno\u015b\u0107 i utrat\u0119 apetytu.<\/p>\n<p>Niezale\u017cne testy w laboratoriach MB wykaza\u0142y, \u017ce ta premium RSO zawiera ponad 73,27 procent kannabinoid\u00f3w, w tym 68,80 procent THC!<\/p>\n<p>Stwierdzili\u015bmy, \u017ce ten produkt zawiera 90% indica.<\/p>\n<p>1) Delta-9 THC = 68,80%<br \/> 2) CBG = 1,80%<br \/> 3) CBC = 0,96%<br \/> 4) CBN = 0,89%<br \/> 5) CBD = 0,44%<\/p>\n<div class=\"product-next-previous\">\n<div><\/div><\/div>\n","protected":false},"excerpt":{"rendered":"<p>Kup RSO | R\u00f3\u017cowy olej Kush &#8211; 5 ml na sprzeda\u017c online w USA, Europie z najwi\u0119kszej apteki internetowej, Kup My Weed Online na sprzeda\u017c.<\/p>\n<p><em>Kup<\/em>\u00a0Viridesco&#8217;s\u00a0<em>RSO Pink Kush 5ml<\/em>\u00a0dzi\u015b w zaciszu w\u0142asnego domu. <em>Kup RSO<\/em> bezpiecznie i dyskretnie w dowolnej prowincji w Kanadzie. Zam\u00f3w online ju\u017c dzi\u015b!<\/p>\n<ul>\n<li><\/li>\n<li>Wysy\u0142ka na ca\u0142y \u015bwiat<\/li>\n<li>Minimalna ilo\u015b\u0107 zam\u00f3wienia to 5<\/li>\n<li><strong>Skontaktuj si\u0119 z nami<\/strong>\u00a0dla wi\u0119kszych zam\u00f3wie\u0144<\/li>\n<\/ul>\n","protected":false},"featured_media":4447,"comment_status":"open","ping_status":"closed","template":"","meta":[],"product_brand":[],"product_cat":[440],"product_tag":[],"class_list":{"0":"post-4413","1":"product","2":"type-product","3":"status-publish","4":"has-post-thumbnail","6":"product_cat-kup-konopi-olej-cbd","8":"first","9":"instock","10":"shipping-taxable","11":"purchasable","12":"product-type-variable","13":"has-default-attributes"},"yoast_head":"<!-- This site is optimized with the Yoast SEO plugin v27.3 - https:\/\/yoast.com\/product\/yoast-seo-wordpress\/ -->\n<title>RSO | Olejek Pink Kush - 5ml - Kup My Weed Online - Global Medicnas<\/title>\n<meta name=\"description\" content=\"Kup RSO | Pink Kush Oil - 5ml do sprzeda\u017cy online USA, Europa z najwi\u0119kszej apteki internetowej, Buy My Weed Online na sprzeda\u017c.\" \/>\n<meta name=\"robots\" content=\"index, follow, max-snippet:-1, max-image-preview:large, max-video-preview:-1\" \/>\n<link rel=\"canonical\" href=\"https:\/\/medicinasinc.com\/pl\/product\/rso-rozowy-kush-olej-5ml\/\" \/>\n<meta property=\"og:locale\" content=\"en_US\" \/>\n<meta property=\"og:type\" content=\"article\" \/>\n<meta property=\"og:title\" content=\"RSO | Olejek Pink Kush - 5ml - Kup My Weed Online - Global Medicnas\" \/>\n<meta property=\"og:description\" content=\"Kup RSO | Pink Kush Oil - 5ml do sprzeda\u017cy online USA, Europa z najwi\u0119kszej apteki internetowej, Buy My Weed Online na sprzeda\u017c.\" \/>\n<meta property=\"og:url\" content=\"https:\/\/medicinasinc.com\/pl\/product\/rso-rozowy-kush-olej-5ml\/\" \/>\n<meta property=\"og:site_name\" content=\"Medicinas Inc\" \/>\n<meta property=\"article:modified_time\" content=\"2022-03-22T01:21:02+00:00\" \/>\n<meta property=\"og:image\" content=\"https:\/\/medicinasinc.com\/pl\/wp-content\/uploads\/sites\/13\/2022\/02\/Buy-RSO-Pink-Kush-Oil-\u2013-5ml.jpg\" \/>\n\t<meta property=\"og:image:width\" content=\"800\" \/>\n\t<meta property=\"og:image:height\" content=\"800\" \/>\n\t<meta property=\"og:image:type\" content=\"image\/jpeg\" \/>\n<meta name=\"twitter:card\" content=\"summary_large_image\" \/>\n<meta name=\"twitter:label1\" content=\"Est. reading time\" \/>\n\t<meta name=\"twitter:data1\" content=\"1 minute\" \/>\n<script type=\"application\/ld+json\" class=\"yoast-schema-graph\">{\"@context\":\"https:\\\/\\\/schema.org\",\"@graph\":[{\"@type\":\"WebPage\",\"@id\":\"https:\\\/\\\/medicinasinc.com\\\/pl\\\/product\\\/rso-rozowy-kush-olej-5ml\\\/\",\"url\":\"https:\\\/\\\/medicinasinc.com\\\/pl\\\/product\\\/rso-rozowy-kush-olej-5ml\\\/\",\"name\":\"RSO | Olejek Pink Kush - 5ml - Kup My Weed Online - Global Medicnas\",\"isPartOf\":{\"@id\":\"https:\\\/\\\/medicinasinc.com\\\/pl\\\/#website\"},\"primaryImageOfPage\":{\"@id\":\"https:\\\/\\\/medicinasinc.com\\\/pl\\\/product\\\/rso-rozowy-kush-olej-5ml\\\/#primaryimage\"},\"image\":{\"@id\":\"https:\\\/\\\/medicinasinc.com\\\/pl\\\/product\\\/rso-rozowy-kush-olej-5ml\\\/#primaryimage\"},\"thumbnailUrl\":\"https:\\\/\\\/medicinasinc.com\\\/pl\\\/wp-content\\\/uploads\\\/sites\\\/13\\\/2022\\\/02\\\/Buy-RSO-Pink-Kush-Oil-\u2013-5ml.jpg\",\"datePublished\":\"2022-02-20T09:01:25+00:00\",\"dateModified\":\"2022-03-22T01:21:02+00:00\",\"description\":\"Kup RSO | Pink Kush Oil - 5ml do sprzeda\u017cy online USA, Europa z najwi\u0119kszej apteki internetowej, Buy My Weed Online na sprzeda\u017c.\",\"breadcrumb\":{\"@id\":\"https:\\\/\\\/medicinasinc.com\\\/pl\\\/product\\\/rso-rozowy-kush-olej-5ml\\\/#breadcrumb\"},\"inLanguage\":\"en-US\",\"potentialAction\":[{\"@type\":\"ReadAction\",\"target\":[\"https:\\\/\\\/medicinasinc.com\\\/pl\\\/product\\\/rso-rozowy-kush-olej-5ml\\\/\"]}]},{\"@type\":\"ImageObject\",\"inLanguage\":\"en-US\",\"@id\":\"https:\\\/\\\/medicinasinc.com\\\/pl\\\/product\\\/rso-rozowy-kush-olej-5ml\\\/#primaryimage\",\"url\":\"https:\\\/\\\/medicinasinc.com\\\/pl\\\/wp-content\\\/uploads\\\/sites\\\/13\\\/2022\\\/02\\\/Buy-RSO-Pink-Kush-Oil-\u2013-5ml.jpg\",\"contentUrl\":\"https:\\\/\\\/medicinasinc.com\\\/pl\\\/wp-content\\\/uploads\\\/sites\\\/13\\\/2022\\\/02\\\/Buy-RSO-Pink-Kush-Oil-\u2013-5ml.jpg\",\"width\":800,\"height\":800},{\"@type\":\"BreadcrumbList\",\"@id\":\"https:\\\/\\\/medicinasinc.com\\\/pl\\\/product\\\/rso-rozowy-kush-olej-5ml\\\/#breadcrumb\",\"itemListElement\":[{\"@type\":\"ListItem\",\"position\":1,\"name\":\"Sklep\",\"item\":\"https:\\\/\\\/medicinasinc.com\\\/pl\\\/sklep\\\/\"},{\"@type\":\"ListItem\",\"position\":2,\"name\":\"RSO | Olejek Pink Kush \u2013 5ml\"}]},{\"@type\":\"WebSite\",\"@id\":\"https:\\\/\\\/medicinasinc.com\\\/pl\\\/#website\",\"url\":\"https:\\\/\\\/medicinasinc.com\\\/pl\\\/\",\"name\":\"Medicinas Inc\",\"description\":\"Health Medical Clinic\",\"potentialAction\":[{\"@type\":\"SearchAction\",\"target\":{\"@type\":\"EntryPoint\",\"urlTemplate\":\"https:\\\/\\\/medicinasinc.com\\\/pl\\\/?s={search_term_string}\"},\"query-input\":{\"@type\":\"PropertyValueSpecification\",\"valueRequired\":true,\"valueName\":\"search_term_string\"}}],\"inLanguage\":\"en-US\"}]}<\/script>\n<!-- \/ Yoast SEO plugin. -->","yoast_head_json":{"title":"RSO | Olejek Pink Kush - 5ml - Kup My Weed Online - Global Medicnas","description":"Kup RSO | Pink Kush Oil - 5ml do sprzeda\u017cy online USA, Europa z najwi\u0119kszej apteki internetowej, Buy My Weed Online na sprzeda\u017c.","robots":{"index":"index","follow":"follow","max-snippet":"max-snippet:-1","max-image-preview":"max-image-preview:large","max-video-preview":"max-video-preview:-1"},"canonical":"https:\/\/medicinasinc.com\/pl\/product\/rso-rozowy-kush-olej-5ml\/","og_locale":"en_US","og_type":"article","og_title":"RSO | Olejek Pink Kush - 5ml - Kup My Weed Online - Global Medicnas","og_description":"Kup RSO | Pink Kush Oil - 5ml do sprzeda\u017cy online USA, Europa z najwi\u0119kszej apteki internetowej, Buy My Weed Online na sprzeda\u017c.","og_url":"https:\/\/medicinasinc.com\/pl\/product\/rso-rozowy-kush-olej-5ml\/","og_site_name":"Medicinas Inc","article_modified_time":"2022-03-22T01:21:02+00:00","og_image":[{"width":800,"height":800,"url":"https:\/\/medicinasinc.com\/pl\/wp-content\/uploads\/sites\/13\/2022\/02\/Buy-RSO-Pink-Kush-Oil-\u2013-5ml.jpg","type":"image\/jpeg"}],"twitter_card":"summary_large_image","twitter_misc":{"Est. reading time":"1 minute"},"schema":{"@context":"https:\/\/schema.org","@graph":[{"@type":"WebPage","@id":"https:\/\/medicinasinc.com\/pl\/product\/rso-rozowy-kush-olej-5ml\/","url":"https:\/\/medicinasinc.com\/pl\/product\/rso-rozowy-kush-olej-5ml\/","name":"RSO | Olejek Pink Kush - 5ml - Kup My Weed Online - Global Medicnas","isPartOf":{"@id":"https:\/\/medicinasinc.com\/pl\/#website"},"primaryImageOfPage":{"@id":"https:\/\/medicinasinc.com\/pl\/product\/rso-rozowy-kush-olej-5ml\/#primaryimage"},"image":{"@id":"https:\/\/medicinasinc.com\/pl\/product\/rso-rozowy-kush-olej-5ml\/#primaryimage"},"thumbnailUrl":"https:\/\/medicinasinc.com\/pl\/wp-content\/uploads\/sites\/13\/2022\/02\/Buy-RSO-Pink-Kush-Oil-\u2013-5ml.jpg","datePublished":"2022-02-20T09:01:25+00:00","dateModified":"2022-03-22T01:21:02+00:00","description":"Kup RSO | Pink Kush Oil - 5ml do sprzeda\u017cy online USA, Europa z najwi\u0119kszej apteki internetowej, Buy My Weed Online na sprzeda\u017c.","breadcrumb":{"@id":"https:\/\/medicinasinc.com\/pl\/product\/rso-rozowy-kush-olej-5ml\/#breadcrumb"},"inLanguage":"en-US","potentialAction":[{"@type":"ReadAction","target":["https:\/\/medicinasinc.com\/pl\/product\/rso-rozowy-kush-olej-5ml\/"]}]},{"@type":"ImageObject","inLanguage":"en-US","@id":"https:\/\/medicinasinc.com\/pl\/product\/rso-rozowy-kush-olej-5ml\/#primaryimage","url":"https:\/\/medicinasinc.com\/pl\/wp-content\/uploads\/sites\/13\/2022\/02\/Buy-RSO-Pink-Kush-Oil-\u2013-5ml.jpg","contentUrl":"https:\/\/medicinasinc.com\/pl\/wp-content\/uploads\/sites\/13\/2022\/02\/Buy-RSO-Pink-Kush-Oil-\u2013-5ml.jpg","width":800,"height":800},{"@type":"BreadcrumbList","@id":"https:\/\/medicinasinc.com\/pl\/product\/rso-rozowy-kush-olej-5ml\/#breadcrumb","itemListElement":[{"@type":"ListItem","position":1,"name":"Sklep","item":"https:\/\/medicinasinc.com\/pl\/sklep\/"},{"@type":"ListItem","position":2,"name":"RSO | Olejek Pink Kush \u2013 5ml"}]},{"@type":"WebSite","@id":"https:\/\/medicinasinc.com\/pl\/#website","url":"https:\/\/medicinasinc.com\/pl\/","name":"Medicinas Inc","description":"Health Medical Clinic","potentialAction":[{"@type":"SearchAction","target":{"@type":"EntryPoint","urlTemplate":"https:\/\/medicinasinc.com\/pl\/?s={search_term_string}"},"query-input":{"@type":"PropertyValueSpecification","valueRequired":true,"valueName":"search_term_string"}}],"inLanguage":"en-US"}]}},"_links":{"self":[{"href":"https:\/\/medicinasinc.com\/pl\/wp-json\/wp\/v2\/product\/4413","targetHints":{"allow":["GET"]}}],"collection":[{"href":"https:\/\/medicinasinc.com\/pl\/wp-json\/wp\/v2\/product"}],"about":[{"href":"https:\/\/medicinasinc.com\/pl\/wp-json\/wp\/v2\/types\/product"}],"replies":[{"embeddable":true,"href":"https:\/\/medicinasinc.com\/pl\/wp-json\/wp\/v2\/comments?post=4413"}],"wp:featuredmedia":[{"embeddable":true,"href":"https:\/\/medicinasinc.com\/pl\/wp-json\/wp\/v2\/media\/4447"}],"wp:attachment":[{"href":"https:\/\/medicinasinc.com\/pl\/wp-json\/wp\/v2\/media?parent=4413"}],"wp:term":[{"taxonomy":"product_brand","embeddable":true,"href":"https:\/\/medicinasinc.com\/pl\/wp-json\/wp\/v2\/product_brand?post=4413"},{"taxonomy":"product_cat","embeddable":true,"href":"https:\/\/medicinasinc.com\/pl\/wp-json\/wp\/v2\/product_cat?post=4413"},{"taxonomy":"product_tag","embeddable":true,"href":"https:\/\/medicinasinc.com\/pl\/wp-json\/wp\/v2\/product_tag?post=4413"}],"curies":[{"name":"wp","href":"https:\/\/api.w.org\/{rel}","templated":true}]}}