{"id":4412,"date":"2022-02-20T09:00:17","date_gmt":"2022-02-20T09:00:17","guid":{"rendered":"https:\/\/medicinasinc.com\/pl\/?post_type=product&#038;p=4412"},"modified":"2022-03-22T01:21:12","modified_gmt":"2022-03-22T01:21:12","slug":"kup-rick-simpson-olej","status":"publish","type":"product","link":"https:\/\/medicinasinc.com\/pl\/product\/kup-rick-simpson-olej\/","title":{"rendered":"Kup olej Ricka Simpsona"},"content":{"rendered":"<p><strong>Kup olej Ricka Simpsona<\/strong><\/p>\n<div class=\"woocommerce-tabs wc-tabs-wrapper\">\n<div id=\"tab-description\" class=\"woocommerce-Tabs-panel woocommerce-Tabs-panel--description panel entry-content wc-tab\" role=\"tabpanel\" aria-labelledby=\"tab-title-description\">\n<p><strong>RSO to olej na bazie rozpuszczalnika otrzymywany przez mycie konopi p\u0105ki w rozpuszczalniku, takim jak czysta lekka benzyna, a nast\u0119pnie odparowanie rozpuszczalnika w celu wyekstrahowania oleju.<\/strong><br \/> <strong>RSO jest produktem generycznym. Oznacza to, \u017ce nie mo\u017cna kupi\u0107 \u201eOleju Ricka Simpsona\u201d. Simpson pokazuje na swojej stronie internetowej, jak zrobi\u0107 sw\u00f3j tytu\u0142owy olej. Nie czerpie jednak zysk\u00f3w z ropy.<\/strong><\/p>\n<\/p><\/div><\/div>\n<div class=\"related products\">\n<div class=\"woocommerce-tabs wc-tabs-wrapper\">\n<div id=\"tab-description\" class=\"woocommerce-Tabs-panel woocommerce-Tabs-panel--description panel entry-content wc-tab\" role=\"tabpanel\" aria-labelledby=\"tab-title-description\">\n<p>&nbsp;<\/p>\n<\/p><\/div><\/div><\/div>\n<p>&nbsp;<\/p>\n","protected":false},"excerpt":{"rendered":"<p>Kup Rick Simpson Oil (RSO) na sprzeda\u017c Wielka Brytania, Europa Zam\u00f3w online. Posiadamy najwy\u017cszej jako\u015bci Rick Simpson Oil na sprzeda\u017c. Oferujemy oryginaln\u0105 formu\u0142\u0119 RSO o wysokiej zawarto\u015bci THC.<\/p>\n<p><em>Kup<\/em>\u00a0nasz\u00a0<em>olej Ricka Simpsona<\/em>\u00a0na sprzeda\u017c i u\u017cywaj go prawid\u0142owo. Klasyczny\u00a0<em>RSO<\/em>\u00a0jest zazwyczaj wytwarzany ze szczep\u00f3w z dominacj\u0105 Indica, poniewa\u017c zawieraj\u0105 one wy\u017cszy poziom\u00a0<em>CBD<\/em>.<\/p>\n<ul>\n<li>Wysy\u0142ka na ca\u0142y \u015bwiat<\/li>\n<li>Minimalna ilo\u015b\u0107 zam\u00f3wienia to 5<\/li>\n<li><strong>Skontaktuj si\u0119 z nami<\/strong>\u00a0w przypadku wi\u0119kszych zam\u00f3wie\u0144<\/li>\n<\/ul>\n","protected":false},"featured_media":4445,"comment_status":"open","ping_status":"closed","template":"","meta":[],"product_brand":[],"product_cat":[440],"product_tag":[489,495,491,492,496,493,494,490],"class_list":{"0":"post-4412","1":"product","2":"type-product","3":"status-publish","4":"has-post-thumbnail","6":"product_cat-kup-konopi-olej-cbd","7":"product_tag-bulk-cbd-rso","8":"product_tag-rso-olej-do-sprzeday-w-ohio","9":"product_tag-rick-simpson-oil-california","10":"product_tag-rick-simpson-olej-wiki","11":"product_tag-rso-olej-cena-colorado","12":"product_tag-rso-olej-cbd-do-1-c4-99k","13":"product_tag-roso-olej-na-bl","14":"product_tag-wysoki-cbd-rso","16":"first","17":"instock","18":"shipping-taxable","19":"purchasable","20":"product-type-variable","21":"has-default-attributes"},"yoast_head":"<!-- This site is optimized with the Yoast SEO plugin v27.3 - https:\/\/yoast.com\/product\/yoast-seo-wordpress\/ -->\n<title>Kup Rick Simpson Oil - USA - Europa - Best Global Meds<\/title>\n<meta name=\"description\" content=\"Kup Rick Simpson Oil (RSO) na sprzeda\u017c Wielka Brytania, Europa Zam\u00f3w online. Posiadamy najwy\u017cszej jako\u015bci Rick Simpson Oil na sprzeda\u017c. Oferujemy oryginaln\u0105 formu\u0142\u0119 RSO o wysokiej zawarto\u015bci THC.\" \/>\n<meta name=\"robots\" content=\"index, follow, max-snippet:-1, max-image-preview:large, max-video-preview:-1\" \/>\n<link rel=\"canonical\" href=\"https:\/\/medicinasinc.com\/pl\/product\/kup-rick-simpson-olej\/\" \/>\n<meta property=\"og:locale\" content=\"en_US\" \/>\n<meta property=\"og:type\" content=\"article\" \/>\n<meta property=\"og:title\" content=\"Kup Rick Simpson Oil - USA - Europa - Best Global Meds\" \/>\n<meta property=\"og:description\" content=\"Kup Rick Simpson Oil (RSO) na sprzeda\u017c Wielka Brytania, Europa Zam\u00f3w online. Posiadamy najwy\u017cszej jako\u015bci Rick Simpson Oil na sprzeda\u017c. Oferujemy oryginaln\u0105 formu\u0142\u0119 RSO o wysokiej zawarto\u015bci THC.\" \/>\n<meta property=\"og:url\" content=\"https:\/\/medicinasinc.com\/pl\/product\/kup-rick-simpson-olej\/\" \/>\n<meta property=\"og:site_name\" content=\"Medicinas Inc\" \/>\n<meta property=\"article:modified_time\" content=\"2022-03-22T01:21:12+00:00\" \/>\n<meta property=\"og:image\" content=\"https:\/\/medicinasinc.com\/pl\/wp-content\/uploads\/sites\/13\/2022\/02\/Buy-Rick-Simpson-Oil.jpg\" \/>\n\t<meta property=\"og:image:width\" content=\"1170\" \/>\n\t<meta property=\"og:image:height\" content=\"658\" \/>\n\t<meta property=\"og:image:type\" content=\"image\/jpeg\" \/>\n<meta name=\"twitter:card\" content=\"summary_large_image\" \/>\n<meta name=\"twitter:label1\" content=\"Est. reading time\" \/>\n\t<meta name=\"twitter:data1\" content=\"1 minute\" \/>\n<script type=\"application\/ld+json\" class=\"yoast-schema-graph\">{\"@context\":\"https:\\\/\\\/schema.org\",\"@graph\":[{\"@type\":\"WebPage\",\"@id\":\"https:\\\/\\\/medicinasinc.com\\\/pl\\\/product\\\/kup-rick-simpson-olej\\\/\",\"url\":\"https:\\\/\\\/medicinasinc.com\\\/pl\\\/product\\\/kup-rick-simpson-olej\\\/\",\"name\":\"Kup Rick Simpson Oil - USA - Europa - Best Global Meds\",\"isPartOf\":{\"@id\":\"https:\\\/\\\/medicinasinc.com\\\/pl\\\/#website\"},\"primaryImageOfPage\":{\"@id\":\"https:\\\/\\\/medicinasinc.com\\\/pl\\\/product\\\/kup-rick-simpson-olej\\\/#primaryimage\"},\"image\":{\"@id\":\"https:\\\/\\\/medicinasinc.com\\\/pl\\\/product\\\/kup-rick-simpson-olej\\\/#primaryimage\"},\"thumbnailUrl\":\"https:\\\/\\\/medicinasinc.com\\\/pl\\\/wp-content\\\/uploads\\\/sites\\\/13\\\/2022\\\/02\\\/Buy-Rick-Simpson-Oil.jpg\",\"datePublished\":\"2022-02-20T09:00:17+00:00\",\"dateModified\":\"2022-03-22T01:21:12+00:00\",\"description\":\"Kup Rick Simpson Oil (RSO) na sprzeda\u017c Wielka Brytania, Europa Zam\u00f3w online. Posiadamy najwy\u017cszej jako\u015bci Rick Simpson Oil na sprzeda\u017c. Oferujemy oryginaln\u0105 formu\u0142\u0119 RSO o wysokiej zawarto\u015bci THC.\",\"breadcrumb\":{\"@id\":\"https:\\\/\\\/medicinasinc.com\\\/pl\\\/product\\\/kup-rick-simpson-olej\\\/#breadcrumb\"},\"inLanguage\":\"en-US\",\"potentialAction\":[{\"@type\":\"ReadAction\",\"target\":[\"https:\\\/\\\/medicinasinc.com\\\/pl\\\/product\\\/kup-rick-simpson-olej\\\/\"]}]},{\"@type\":\"ImageObject\",\"inLanguage\":\"en-US\",\"@id\":\"https:\\\/\\\/medicinasinc.com\\\/pl\\\/product\\\/kup-rick-simpson-olej\\\/#primaryimage\",\"url\":\"https:\\\/\\\/medicinasinc.com\\\/pl\\\/wp-content\\\/uploads\\\/sites\\\/13\\\/2022\\\/02\\\/Buy-Rick-Simpson-Oil.jpg\",\"contentUrl\":\"https:\\\/\\\/medicinasinc.com\\\/pl\\\/wp-content\\\/uploads\\\/sites\\\/13\\\/2022\\\/02\\\/Buy-Rick-Simpson-Oil.jpg\",\"width\":1170,\"height\":658},{\"@type\":\"BreadcrumbList\",\"@id\":\"https:\\\/\\\/medicinasinc.com\\\/pl\\\/product\\\/kup-rick-simpson-olej\\\/#breadcrumb\",\"itemListElement\":[{\"@type\":\"ListItem\",\"position\":1,\"name\":\"Sklep\",\"item\":\"https:\\\/\\\/medicinasinc.com\\\/pl\\\/sklep\\\/\"},{\"@type\":\"ListItem\",\"position\":2,\"name\":\"Kup olej Ricka Simpsona\"}]},{\"@type\":\"WebSite\",\"@id\":\"https:\\\/\\\/medicinasinc.com\\\/pl\\\/#website\",\"url\":\"https:\\\/\\\/medicinasinc.com\\\/pl\\\/\",\"name\":\"Medicinas Inc\",\"description\":\"Health Medical Clinic\",\"potentialAction\":[{\"@type\":\"SearchAction\",\"target\":{\"@type\":\"EntryPoint\",\"urlTemplate\":\"https:\\\/\\\/medicinasinc.com\\\/pl\\\/?s={search_term_string}\"},\"query-input\":{\"@type\":\"PropertyValueSpecification\",\"valueRequired\":true,\"valueName\":\"search_term_string\"}}],\"inLanguage\":\"en-US\"}]}<\/script>\n<!-- \/ Yoast SEO plugin. -->","yoast_head_json":{"title":"Kup Rick Simpson Oil - USA - Europa - Best Global Meds","description":"Kup Rick Simpson Oil (RSO) na sprzeda\u017c Wielka Brytania, Europa Zam\u00f3w online. Posiadamy najwy\u017cszej jako\u015bci Rick Simpson Oil na sprzeda\u017c. Oferujemy oryginaln\u0105 formu\u0142\u0119 RSO o wysokiej zawarto\u015bci THC.","robots":{"index":"index","follow":"follow","max-snippet":"max-snippet:-1","max-image-preview":"max-image-preview:large","max-video-preview":"max-video-preview:-1"},"canonical":"https:\/\/medicinasinc.com\/pl\/product\/kup-rick-simpson-olej\/","og_locale":"en_US","og_type":"article","og_title":"Kup Rick Simpson Oil - USA - Europa - Best Global Meds","og_description":"Kup Rick Simpson Oil (RSO) na sprzeda\u017c Wielka Brytania, Europa Zam\u00f3w online. Posiadamy najwy\u017cszej jako\u015bci Rick Simpson Oil na sprzeda\u017c. Oferujemy oryginaln\u0105 formu\u0142\u0119 RSO o wysokiej zawarto\u015bci THC.","og_url":"https:\/\/medicinasinc.com\/pl\/product\/kup-rick-simpson-olej\/","og_site_name":"Medicinas Inc","article_modified_time":"2022-03-22T01:21:12+00:00","og_image":[{"width":1170,"height":658,"url":"https:\/\/medicinasinc.com\/pl\/wp-content\/uploads\/sites\/13\/2022\/02\/Buy-Rick-Simpson-Oil.jpg","type":"image\/jpeg"}],"twitter_card":"summary_large_image","twitter_misc":{"Est. reading time":"1 minute"},"schema":{"@context":"https:\/\/schema.org","@graph":[{"@type":"WebPage","@id":"https:\/\/medicinasinc.com\/pl\/product\/kup-rick-simpson-olej\/","url":"https:\/\/medicinasinc.com\/pl\/product\/kup-rick-simpson-olej\/","name":"Kup Rick Simpson Oil - USA - Europa - Best Global Meds","isPartOf":{"@id":"https:\/\/medicinasinc.com\/pl\/#website"},"primaryImageOfPage":{"@id":"https:\/\/medicinasinc.com\/pl\/product\/kup-rick-simpson-olej\/#primaryimage"},"image":{"@id":"https:\/\/medicinasinc.com\/pl\/product\/kup-rick-simpson-olej\/#primaryimage"},"thumbnailUrl":"https:\/\/medicinasinc.com\/pl\/wp-content\/uploads\/sites\/13\/2022\/02\/Buy-Rick-Simpson-Oil.jpg","datePublished":"2022-02-20T09:00:17+00:00","dateModified":"2022-03-22T01:21:12+00:00","description":"Kup Rick Simpson Oil (RSO) na sprzeda\u017c Wielka Brytania, Europa Zam\u00f3w online. Posiadamy najwy\u017cszej jako\u015bci Rick Simpson Oil na sprzeda\u017c. Oferujemy oryginaln\u0105 formu\u0142\u0119 RSO o wysokiej zawarto\u015bci THC.","breadcrumb":{"@id":"https:\/\/medicinasinc.com\/pl\/product\/kup-rick-simpson-olej\/#breadcrumb"},"inLanguage":"en-US","potentialAction":[{"@type":"ReadAction","target":["https:\/\/medicinasinc.com\/pl\/product\/kup-rick-simpson-olej\/"]}]},{"@type":"ImageObject","inLanguage":"en-US","@id":"https:\/\/medicinasinc.com\/pl\/product\/kup-rick-simpson-olej\/#primaryimage","url":"https:\/\/medicinasinc.com\/pl\/wp-content\/uploads\/sites\/13\/2022\/02\/Buy-Rick-Simpson-Oil.jpg","contentUrl":"https:\/\/medicinasinc.com\/pl\/wp-content\/uploads\/sites\/13\/2022\/02\/Buy-Rick-Simpson-Oil.jpg","width":1170,"height":658},{"@type":"BreadcrumbList","@id":"https:\/\/medicinasinc.com\/pl\/product\/kup-rick-simpson-olej\/#breadcrumb","itemListElement":[{"@type":"ListItem","position":1,"name":"Sklep","item":"https:\/\/medicinasinc.com\/pl\/sklep\/"},{"@type":"ListItem","position":2,"name":"Kup olej Ricka Simpsona"}]},{"@type":"WebSite","@id":"https:\/\/medicinasinc.com\/pl\/#website","url":"https:\/\/medicinasinc.com\/pl\/","name":"Medicinas Inc","description":"Health Medical Clinic","potentialAction":[{"@type":"SearchAction","target":{"@type":"EntryPoint","urlTemplate":"https:\/\/medicinasinc.com\/pl\/?s={search_term_string}"},"query-input":{"@type":"PropertyValueSpecification","valueRequired":true,"valueName":"search_term_string"}}],"inLanguage":"en-US"}]}},"_links":{"self":[{"href":"https:\/\/medicinasinc.com\/pl\/wp-json\/wp\/v2\/product\/4412","targetHints":{"allow":["GET"]}}],"collection":[{"href":"https:\/\/medicinasinc.com\/pl\/wp-json\/wp\/v2\/product"}],"about":[{"href":"https:\/\/medicinasinc.com\/pl\/wp-json\/wp\/v2\/types\/product"}],"replies":[{"embeddable":true,"href":"https:\/\/medicinasinc.com\/pl\/wp-json\/wp\/v2\/comments?post=4412"}],"wp:featuredmedia":[{"embeddable":true,"href":"https:\/\/medicinasinc.com\/pl\/wp-json\/wp\/v2\/media\/4445"}],"wp:attachment":[{"href":"https:\/\/medicinasinc.com\/pl\/wp-json\/wp\/v2\/media?parent=4412"}],"wp:term":[{"taxonomy":"product_brand","embeddable":true,"href":"https:\/\/medicinasinc.com\/pl\/wp-json\/wp\/v2\/product_brand?post=4412"},{"taxonomy":"product_cat","embeddable":true,"href":"https:\/\/medicinasinc.com\/pl\/wp-json\/wp\/v2\/product_cat?post=4412"},{"taxonomy":"product_tag","embeddable":true,"href":"https:\/\/medicinasinc.com\/pl\/wp-json\/wp\/v2\/product_tag?post=4412"}],"curies":[{"name":"wp","href":"https:\/\/api.w.org\/{rel}","templated":true}]}}