{"id":4404,"date":"2022-02-20T08:55:28","date_gmt":"2022-02-20T08:55:28","guid":{"rendered":"https:\/\/medicinasinc.com\/pl\/?post_type=product&#038;p=4404"},"modified":"2022-03-22T01:21:22","modified_gmt":"2022-03-22T01:21:22","slug":"kup-rozowy-kush-thc-destylat-dabeast","status":"publish","type":"product","link":"https:\/\/medicinasinc.com\/pl\/product\/kup-rozowy-kush-thc-destylat-dabeast\/","title":{"rendered":"Kup destylat Pink Kush THC \u2013 Dabeast"},"content":{"rendered":"<p>Pink Kush THC destylat na sprzeda\u017c \u2014 Dabeast<\/p>\n<p>Saber Vape Pen z r\u00f3\u017cowym destylatem THC Kush \u2014 Dabeast<\/p>\n<p>1 x elektroniczny papieros Sabre<br \/> 1 x przedwzmacniacz Pink Kush nape\u0142niona kapsu\u0142ka<br \/> 1 x kabel Micro USB I\/LUB 1 x fabrycznie nape\u0142niona kapsu\u0142ka Pink Kush<\/p>\n<p>W\u0142\u00f3\u017c kapsu\u0142k\u0119 do Sabre Pen i natychmiast rozpocznij waporyzacj\u0119. Pe\u0142ny efekt mo\u017ce potrwa\u0107 do pi\u0119tnastu minut. Zaleca si\u0119 dwa do czterech zaci\u0105gni\u0119\u0107 dla pacjent\u00f3w, kt\u00f3rzy nie spo\u017cywali pokarmu przez jaki\u015b czas, ale do dziesi\u0119ciu powinno wystarczy\u0107 dla tych, kt\u00f3rzy spo\u017cywaj\u0105 cz\u0119\u015bciej.<\/p>\n<p>Kush Pink<br \/> Genetyczny rodow\u00f3d Pink Kush jest nieznany \u2013 ale powszechnie uwa\u017ca si\u0119, \u017ce jest krewnym legendarnego OG Kush. Ta hybryda z dominacj\u0105 indici wytwarza silny fizyczny haj, co czyni j\u0105 jedn\u0105 z najbardziej leczniczych dost\u0119pnych odmian. Pink Kush ma s\u0142odki aromat przypominaj\u0105cy wanili\u0119 lub cukierki z nut\u0105 \u015bwie\u017cej sosny. Pink Kush zapewnia d\u0142ugotrwa\u0142y, skoncentrowany na ciele haj, kt\u00f3remu towarzysz\u0105 efekty euforyczne i podnosz\u0105ce na duchu. Przy du\u017cych dawkach niekt\u00f3rzy u\u017cytkownicy mog\u0105 odczuwa\u0107 silne przek\u0105ski, dzi\u0119ki czemu Pink Kush jest doskona\u0142\u0105 odmian\u0105 do stymulowania utraty apetytu. Pink Kush to wszechstronny lek, kt\u00f3ry mo\u017cna stosowa\u0107 w leczeniu depresji, l\u0119k\u00f3w, stan\u00f3w zapalnych, przewlek\u0142ego b\u00f3lu, migren, b\u00f3l\u00f3w g\u0142owy, bezsenno\u015bci i utraty apetytu.<\/p>\n","protected":false},"excerpt":{"rendered":"<p>Kup Pink Kush THC Destillate Sabre Vape Pen na sprzeda\u017c w Wielkiej Brytanii, Europie i Stanach Zjednoczonych Ameryki z najwi\u0119kszej na \u015bwiecie internetowej apteki, Buy My Weed Online.<\/p>\n<p>Kup Pink Kush THC Indica Distillate Strzykawki z #1 najbardziej zaufanej strony internetowej zajmuj\u0105cej si\u0119 sprzeda\u017c\u0105 wysy\u0142kow\u0105 marihuany &#8211; Najlepsze leki zio\u0142owe z bezp\u0142atn\u0105 wysy\u0142k\u0105! Ponad 150 USD.<\/p>\n<p>&nbsp;<\/p>\n<ul>\n<li>Wysy\u0142ka na ca\u0142y \u015bwiat<\/li>\n<li>Minimalna ilo\u015b\u0107 zam\u00f3wienia to 5 wk\u0142ad\u00f3w<\/li>\n<li><strong>Skontaktuj si\u0119 z nami <\/strong>\u00a0dla wi\u0119kszych zam\u00f3wie\u0144<\/li>\n<\/ul>\n","protected":false},"featured_media":4438,"comment_status":"open","ping_status":"closed","template":"","meta":[],"product_brand":[],"product_cat":[440],"product_tag":[],"class_list":{"0":"post-4404","1":"product","2":"type-product","3":"status-publish","4":"has-post-thumbnail","6":"product_cat-kup-konopi-olej-cbd","8":"first","9":"instock","10":"shipping-taxable","11":"purchasable","12":"product-type-simple"},"yoast_head":"<!-- This site is optimized with the Yoast SEO plugin v27.3 - https:\/\/yoast.com\/product\/yoast-seo-wordpress\/ -->\n<title>Kup destylat Pink Kush THC \u2013 Dabeast - Best Global Meds<\/title>\n<meta name=\"description\" content=\"Kup Pink Kush THC Destillate Sabre Vape Pen na sprzeda\u017c w Wielkiej Brytanii, Europie - Dabeast online USA z najwi\u0119kszej apteki internetowej, Buy My Weed Online.\" \/>\n<meta name=\"robots\" content=\"index, follow, max-snippet:-1, max-image-preview:large, max-video-preview:-1\" \/>\n<link rel=\"canonical\" href=\"https:\/\/medicinasinc.com\/pl\/product\/kup-rozowy-kush-thc-destylat-dabeast\/\" \/>\n<meta property=\"og:locale\" content=\"en_US\" \/>\n<meta property=\"og:type\" content=\"article\" \/>\n<meta property=\"og:title\" content=\"Kup destylat Pink Kush THC \u2013 Dabeast - Best Global Meds\" \/>\n<meta property=\"og:description\" content=\"Kup Pink Kush THC Destillate Sabre Vape Pen na sprzeda\u017c w Wielkiej Brytanii, Europie - Dabeast online USA z najwi\u0119kszej apteki internetowej, Buy My Weed Online.\" \/>\n<meta property=\"og:url\" content=\"https:\/\/medicinasinc.com\/pl\/product\/kup-rozowy-kush-thc-destylat-dabeast\/\" \/>\n<meta property=\"og:site_name\" content=\"Medicinas Inc\" \/>\n<meta property=\"article:modified_time\" content=\"2022-03-22T01:21:22+00:00\" \/>\n<meta property=\"og:image\" content=\"https:\/\/medicinasinc.com\/pl\/wp-content\/uploads\/sites\/13\/2022\/02\/Buy-Pink-Kush-THC-Distillate-\u2013-Dabeast.jpg\" \/>\n\t<meta property=\"og:image:width\" content=\"600\" \/>\n\t<meta property=\"og:image:height\" content=\"600\" \/>\n\t<meta property=\"og:image:type\" content=\"image\/jpeg\" \/>\n<meta name=\"twitter:card\" content=\"summary_large_image\" \/>\n<meta name=\"twitter:label1\" content=\"Est. reading time\" \/>\n\t<meta name=\"twitter:data1\" content=\"1 minute\" \/>\n<script type=\"application\/ld+json\" class=\"yoast-schema-graph\">{\"@context\":\"https:\\\/\\\/schema.org\",\"@graph\":[{\"@type\":\"WebPage\",\"@id\":\"https:\\\/\\\/medicinasinc.com\\\/pl\\\/product\\\/kup-rozowy-kush-thc-destylat-dabeast\\\/\",\"url\":\"https:\\\/\\\/medicinasinc.com\\\/pl\\\/product\\\/kup-rozowy-kush-thc-destylat-dabeast\\\/\",\"name\":\"Kup destylat Pink Kush THC \u2013 Dabeast - Best Global Meds\",\"isPartOf\":{\"@id\":\"https:\\\/\\\/medicinasinc.com\\\/pl\\\/#website\"},\"primaryImageOfPage\":{\"@id\":\"https:\\\/\\\/medicinasinc.com\\\/pl\\\/product\\\/kup-rozowy-kush-thc-destylat-dabeast\\\/#primaryimage\"},\"image\":{\"@id\":\"https:\\\/\\\/medicinasinc.com\\\/pl\\\/product\\\/kup-rozowy-kush-thc-destylat-dabeast\\\/#primaryimage\"},\"thumbnailUrl\":\"https:\\\/\\\/medicinasinc.com\\\/pl\\\/wp-content\\\/uploads\\\/sites\\\/13\\\/2022\\\/02\\\/Buy-Pink-Kush-THC-Distillate-\u2013-Dabeast.jpg\",\"datePublished\":\"2022-02-20T08:55:28+00:00\",\"dateModified\":\"2022-03-22T01:21:22+00:00\",\"description\":\"Kup Pink Kush THC Destillate Sabre Vape Pen na sprzeda\u017c w Wielkiej Brytanii, Europie - Dabeast online USA z najwi\u0119kszej apteki internetowej, Buy My Weed Online.\",\"breadcrumb\":{\"@id\":\"https:\\\/\\\/medicinasinc.com\\\/pl\\\/product\\\/kup-rozowy-kush-thc-destylat-dabeast\\\/#breadcrumb\"},\"inLanguage\":\"en-US\",\"potentialAction\":[{\"@type\":\"ReadAction\",\"target\":[\"https:\\\/\\\/medicinasinc.com\\\/pl\\\/product\\\/kup-rozowy-kush-thc-destylat-dabeast\\\/\"]}]},{\"@type\":\"ImageObject\",\"inLanguage\":\"en-US\",\"@id\":\"https:\\\/\\\/medicinasinc.com\\\/pl\\\/product\\\/kup-rozowy-kush-thc-destylat-dabeast\\\/#primaryimage\",\"url\":\"https:\\\/\\\/medicinasinc.com\\\/pl\\\/wp-content\\\/uploads\\\/sites\\\/13\\\/2022\\\/02\\\/Buy-Pink-Kush-THC-Distillate-\u2013-Dabeast.jpg\",\"contentUrl\":\"https:\\\/\\\/medicinasinc.com\\\/pl\\\/wp-content\\\/uploads\\\/sites\\\/13\\\/2022\\\/02\\\/Buy-Pink-Kush-THC-Distillate-\u2013-Dabeast.jpg\",\"width\":600,\"height\":600},{\"@type\":\"BreadcrumbList\",\"@id\":\"https:\\\/\\\/medicinasinc.com\\\/pl\\\/product\\\/kup-rozowy-kush-thc-destylat-dabeast\\\/#breadcrumb\",\"itemListElement\":[{\"@type\":\"ListItem\",\"position\":1,\"name\":\"Sklep\",\"item\":\"https:\\\/\\\/medicinasinc.com\\\/pl\\\/sklep\\\/\"},{\"@type\":\"ListItem\",\"position\":2,\"name\":\"Kup destylat Pink Kush THC \u2013 Dabeast\"}]},{\"@type\":\"WebSite\",\"@id\":\"https:\\\/\\\/medicinasinc.com\\\/pl\\\/#website\",\"url\":\"https:\\\/\\\/medicinasinc.com\\\/pl\\\/\",\"name\":\"Medicinas Inc\",\"description\":\"Health Medical Clinic\",\"potentialAction\":[{\"@type\":\"SearchAction\",\"target\":{\"@type\":\"EntryPoint\",\"urlTemplate\":\"https:\\\/\\\/medicinasinc.com\\\/pl\\\/?s={search_term_string}\"},\"query-input\":{\"@type\":\"PropertyValueSpecification\",\"valueRequired\":true,\"valueName\":\"search_term_string\"}}],\"inLanguage\":\"en-US\"}]}<\/script>\n<!-- \/ Yoast SEO plugin. -->","yoast_head_json":{"title":"Kup destylat Pink Kush THC \u2013 Dabeast - Best Global Meds","description":"Kup Pink Kush THC Destillate Sabre Vape Pen na sprzeda\u017c w Wielkiej Brytanii, Europie - Dabeast online USA z najwi\u0119kszej apteki internetowej, Buy My Weed Online.","robots":{"index":"index","follow":"follow","max-snippet":"max-snippet:-1","max-image-preview":"max-image-preview:large","max-video-preview":"max-video-preview:-1"},"canonical":"https:\/\/medicinasinc.com\/pl\/product\/kup-rozowy-kush-thc-destylat-dabeast\/","og_locale":"en_US","og_type":"article","og_title":"Kup destylat Pink Kush THC \u2013 Dabeast - Best Global Meds","og_description":"Kup Pink Kush THC Destillate Sabre Vape Pen na sprzeda\u017c w Wielkiej Brytanii, Europie - Dabeast online USA z najwi\u0119kszej apteki internetowej, Buy My Weed Online.","og_url":"https:\/\/medicinasinc.com\/pl\/product\/kup-rozowy-kush-thc-destylat-dabeast\/","og_site_name":"Medicinas Inc","article_modified_time":"2022-03-22T01:21:22+00:00","og_image":[{"width":600,"height":600,"url":"https:\/\/medicinasinc.com\/pl\/wp-content\/uploads\/sites\/13\/2022\/02\/Buy-Pink-Kush-THC-Distillate-\u2013-Dabeast.jpg","type":"image\/jpeg"}],"twitter_card":"summary_large_image","twitter_misc":{"Est. reading time":"1 minute"},"schema":{"@context":"https:\/\/schema.org","@graph":[{"@type":"WebPage","@id":"https:\/\/medicinasinc.com\/pl\/product\/kup-rozowy-kush-thc-destylat-dabeast\/","url":"https:\/\/medicinasinc.com\/pl\/product\/kup-rozowy-kush-thc-destylat-dabeast\/","name":"Kup destylat Pink Kush THC \u2013 Dabeast - Best Global Meds","isPartOf":{"@id":"https:\/\/medicinasinc.com\/pl\/#website"},"primaryImageOfPage":{"@id":"https:\/\/medicinasinc.com\/pl\/product\/kup-rozowy-kush-thc-destylat-dabeast\/#primaryimage"},"image":{"@id":"https:\/\/medicinasinc.com\/pl\/product\/kup-rozowy-kush-thc-destylat-dabeast\/#primaryimage"},"thumbnailUrl":"https:\/\/medicinasinc.com\/pl\/wp-content\/uploads\/sites\/13\/2022\/02\/Buy-Pink-Kush-THC-Distillate-\u2013-Dabeast.jpg","datePublished":"2022-02-20T08:55:28+00:00","dateModified":"2022-03-22T01:21:22+00:00","description":"Kup Pink Kush THC Destillate Sabre Vape Pen na sprzeda\u017c w Wielkiej Brytanii, Europie - Dabeast online USA z najwi\u0119kszej apteki internetowej, Buy My Weed Online.","breadcrumb":{"@id":"https:\/\/medicinasinc.com\/pl\/product\/kup-rozowy-kush-thc-destylat-dabeast\/#breadcrumb"},"inLanguage":"en-US","potentialAction":[{"@type":"ReadAction","target":["https:\/\/medicinasinc.com\/pl\/product\/kup-rozowy-kush-thc-destylat-dabeast\/"]}]},{"@type":"ImageObject","inLanguage":"en-US","@id":"https:\/\/medicinasinc.com\/pl\/product\/kup-rozowy-kush-thc-destylat-dabeast\/#primaryimage","url":"https:\/\/medicinasinc.com\/pl\/wp-content\/uploads\/sites\/13\/2022\/02\/Buy-Pink-Kush-THC-Distillate-\u2013-Dabeast.jpg","contentUrl":"https:\/\/medicinasinc.com\/pl\/wp-content\/uploads\/sites\/13\/2022\/02\/Buy-Pink-Kush-THC-Distillate-\u2013-Dabeast.jpg","width":600,"height":600},{"@type":"BreadcrumbList","@id":"https:\/\/medicinasinc.com\/pl\/product\/kup-rozowy-kush-thc-destylat-dabeast\/#breadcrumb","itemListElement":[{"@type":"ListItem","position":1,"name":"Sklep","item":"https:\/\/medicinasinc.com\/pl\/sklep\/"},{"@type":"ListItem","position":2,"name":"Kup destylat Pink Kush THC \u2013 Dabeast"}]},{"@type":"WebSite","@id":"https:\/\/medicinasinc.com\/pl\/#website","url":"https:\/\/medicinasinc.com\/pl\/","name":"Medicinas Inc","description":"Health Medical Clinic","potentialAction":[{"@type":"SearchAction","target":{"@type":"EntryPoint","urlTemplate":"https:\/\/medicinasinc.com\/pl\/?s={search_term_string}"},"query-input":{"@type":"PropertyValueSpecification","valueRequired":true,"valueName":"search_term_string"}}],"inLanguage":"en-US"}]}},"_links":{"self":[{"href":"https:\/\/medicinasinc.com\/pl\/wp-json\/wp\/v2\/product\/4404","targetHints":{"allow":["GET"]}}],"collection":[{"href":"https:\/\/medicinasinc.com\/pl\/wp-json\/wp\/v2\/product"}],"about":[{"href":"https:\/\/medicinasinc.com\/pl\/wp-json\/wp\/v2\/types\/product"}],"replies":[{"embeddable":true,"href":"https:\/\/medicinasinc.com\/pl\/wp-json\/wp\/v2\/comments?post=4404"}],"wp:featuredmedia":[{"embeddable":true,"href":"https:\/\/medicinasinc.com\/pl\/wp-json\/wp\/v2\/media\/4438"}],"wp:attachment":[{"href":"https:\/\/medicinasinc.com\/pl\/wp-json\/wp\/v2\/media?parent=4404"}],"wp:term":[{"taxonomy":"product_brand","embeddable":true,"href":"https:\/\/medicinasinc.com\/pl\/wp-json\/wp\/v2\/product_brand?post=4404"},{"taxonomy":"product_cat","embeddable":true,"href":"https:\/\/medicinasinc.com\/pl\/wp-json\/wp\/v2\/product_cat?post=4404"},{"taxonomy":"product_tag","embeddable":true,"href":"https:\/\/medicinasinc.com\/pl\/wp-json\/wp\/v2\/product_tag?post=4404"}],"curies":[{"name":"wp","href":"https:\/\/api.w.org\/{rel}","templated":true}]}}