{"id":4390,"date":"2022-02-20T08:47:42","date_gmt":"2022-02-20T08:47:42","guid":{"rendered":"https:\/\/medicinasinc.com\/pl\/?post_type=product&#038;p=4390"},"modified":"2022-03-22T01:21:43","modified_gmt":"2022-03-22T01:21:43","slug":"kup-lemon-haze-co2-1g-vape-kartridz","status":"publish","type":"product","link":"https:\/\/medicinasinc.com\/pl\/product\/kup-lemon-haze-co2-1g-vape-kartridz\/","title":{"rendered":"Kup Lemon Haze CO2 1g wk\u0142ad z vape"},"content":{"rendered":"<p>Sprzedam nab\u00f3j Lemon Haze CO2 1g z vape.<\/p>\n<p>Sprzedam nab\u00f3j Lemon Haze CO2 1g z vape.<\/p>\n<p>Sprzedam naboje z vape Lemon Haze CO2. By Pure d\u0105\u017cymy do zapewnienia najczystszego, najbezpieczniejszego i najbardziej sp\u00f3jnego oleju. Nasze aromaty w ca\u0142o\u015bci sk\u0142adaj\u0105 si\u0119 z naturalnie wyst\u0119puj\u0105cych terpen\u00f3w owocowych. 1 gram niezafa\u0142szowanego oleju konopnego<br \/> Lemon Skunk Super Silver Haze firmy Green House Seeds to hybryda Lemon Skunk i Super Silver Haze z przewag\u0105 Sativy, kt\u00f3ra zdoby\u0142a dwa puchary Cannabis Cup. Super Lemon Haze to wielokolorowy cud z ciastem kief. Jak sugeruje nazwa, szczep ten wykazuje wyra\u017ane cechy cytryny. Aromat jest cytrusowy, pikantny i lekko s\u0142odki. Smak jest dok\u0142adnie taki, jakiego mo\u017cna by oczekiwa\u0107 od imiennika; cierpki i s\u0142odki, podobny do cukierk\u00f3w Lemonheads \u2013 cho\u0107 nie tak ostry, jak mo\u017cna by si\u0119 spodziewa\u0107.<\/p>\n<p>Zawarto\u015b\u0107 THC: 65,22% Zawarto\u015b\u0107 CBD: 2,86%<\/p>\n","protected":false},"excerpt":{"rendered":"<p>Kaseta Co2 Vape Super Lemon Haze<\/p>\n<p>Kup Super Lemon Haze Cannabis Oil Vape Strain w Wielkiej Brytanii i Europie. Metoda ekstrakcji oleju Sativa: podkrytyczny CO2. Wk\u0142ad Vape do oleju konopnego Super Lemon Haze.<\/p>\n<p>Jednym z najlepszych naboj\u00f3w Co2 Vape na rynku jest Super Lemon Haze. Dok\u0142adniej, aromat jest pikantny, cytrusowy i lekko s\u0142odki. Smak jest cierpki i s\u0142odki, przypominaj\u0105cy cukierki cytrynowe. Wk\u0142ady vape X-trate CO2 zawieraj\u0105 wy\u0142\u0105cznie czysty olej z konopi indyjskich, kt\u00f3ry zawiera szerokie spektrum organicznych kannabinoid\u00f3w i terpen\u00f3w. Dodatkowo dost\u0119pne s\u0105 wk\u0142ady 1g i 0,5ml.<\/p>\n<p>Cena produktu jest nast\u0119puj\u0105ca: za wk\u0142ad 1g<br \/> Minimalna ilo\u015b\u0107 zam\u00f3wienia to 5 wk\u0142ad\u00f3w.<\/p>\n","protected":false},"featured_media":4423,"comment_status":"open","ping_status":"closed","template":"","meta":[],"product_brand":[],"product_cat":[440],"product_tag":[488,486,487,482,483,484,485,481],"class_list":{"0":"post-4390","1":"product","2":"type-product","3":"status-publish","4":"has-post-thumbnail","6":"product_cat-kup-konopi-olej-cbd","7":"product_tag-super-lemon-haze-opis-opis-wydajnoci-0","8":"product_tag-super-cytrynowa-mgieka-cena","9":"product_tag-super-lemon-haze-nasiona","10":"product_tag-super-lemon-haze-wkad","11":"product_tag-super-lemon-haze-co2-vape-wkad","12":"product_tag-super-lemon-haze-kingpen","13":"product_tag-super-lemon-haze-olej-wkad","14":"product_tag-wstpnie-napenione-wkady-vape-europe-tags-super-lemon-haze-allbud","16":"first","17":"instock","18":"shipping-taxable","19":"purchasable","20":"product-type-variable","21":"has-default-attributes"},"yoast_head":"<!-- This site is optimized with the Yoast SEO plugin v27.3 - https:\/\/yoast.com\/product\/yoast-seo-wordpress\/ -->\n<title>Kup waporyzator CO2 Lemon Haze \u2014 najlepsze leki na \u015bwiecie<\/title>\n<meta name=\"description\" content=\"Kup szczep Super Lemon Haze Cannabis Oil Vape Cartridge na sprzeda\u017c w Wielkiej Brytanii, Europie. Metoda ekstrakcji SativaOil: podkrytyczny CO2. Wk\u0142ad z olejem konopnym Super Lemon Haze.\" \/>\n<meta name=\"robots\" content=\"index, follow, max-snippet:-1, max-image-preview:large, max-video-preview:-1\" \/>\n<link rel=\"canonical\" href=\"https:\/\/medicinasinc.com\/pl\/product\/kup-lemon-haze-co2-1g-vape-kartridz\/\" \/>\n<meta property=\"og:locale\" content=\"en_US\" \/>\n<meta property=\"og:type\" content=\"article\" \/>\n<meta property=\"og:title\" content=\"Kup waporyzator CO2 Lemon Haze \u2014 najlepsze leki na \u015bwiecie\" \/>\n<meta property=\"og:description\" content=\"Kup szczep Super Lemon Haze Cannabis Oil Vape Cartridge na sprzeda\u017c w Wielkiej Brytanii, Europie. Metoda ekstrakcji SativaOil: podkrytyczny CO2. Wk\u0142ad z olejem konopnym Super Lemon Haze.\" \/>\n<meta property=\"og:url\" content=\"https:\/\/medicinasinc.com\/pl\/product\/kup-lemon-haze-co2-1g-vape-kartridz\/\" \/>\n<meta property=\"og:site_name\" content=\"Medicinas Inc\" \/>\n<meta property=\"article:modified_time\" content=\"2022-03-22T01:21:43+00:00\" \/>\n<meta property=\"og:image\" content=\"https:\/\/medicinasinc.com\/pl\/wp-content\/uploads\/sites\/13\/2022\/02\/Buy-High-THC-Cannabis-Oil-1g-cartridge-online.jpg\" \/>\n\t<meta property=\"og:image:width\" content=\"600\" \/>\n\t<meta property=\"og:image:height\" content=\"600\" \/>\n\t<meta property=\"og:image:type\" content=\"image\/jpeg\" \/>\n<meta name=\"twitter:card\" content=\"summary_large_image\" \/>\n<meta name=\"twitter:label1\" content=\"Est. reading time\" \/>\n\t<meta name=\"twitter:data1\" content=\"1 minute\" \/>\n<script type=\"application\/ld+json\" class=\"yoast-schema-graph\">{\"@context\":\"https:\\\/\\\/schema.org\",\"@graph\":[{\"@type\":\"WebPage\",\"@id\":\"https:\\\/\\\/medicinasinc.com\\\/pl\\\/product\\\/kup-lemon-haze-co2-1g-vape-kartridz\\\/\",\"url\":\"https:\\\/\\\/medicinasinc.com\\\/pl\\\/product\\\/kup-lemon-haze-co2-1g-vape-kartridz\\\/\",\"name\":\"Kup waporyzator CO2 Lemon Haze \u2014 najlepsze leki na \u015bwiecie\",\"isPartOf\":{\"@id\":\"https:\\\/\\\/medicinasinc.com\\\/pl\\\/#website\"},\"primaryImageOfPage\":{\"@id\":\"https:\\\/\\\/medicinasinc.com\\\/pl\\\/product\\\/kup-lemon-haze-co2-1g-vape-kartridz\\\/#primaryimage\"},\"image\":{\"@id\":\"https:\\\/\\\/medicinasinc.com\\\/pl\\\/product\\\/kup-lemon-haze-co2-1g-vape-kartridz\\\/#primaryimage\"},\"thumbnailUrl\":\"https:\\\/\\\/medicinasinc.com\\\/pl\\\/wp-content\\\/uploads\\\/sites\\\/13\\\/2022\\\/02\\\/Buy-High-THC-Cannabis-Oil-1g-cartridge-online.jpg\",\"datePublished\":\"2022-02-20T08:47:42+00:00\",\"dateModified\":\"2022-03-22T01:21:43+00:00\",\"description\":\"Kup szczep Super Lemon Haze Cannabis Oil Vape Cartridge na sprzeda\u017c w Wielkiej Brytanii, Europie. Metoda ekstrakcji SativaOil: podkrytyczny CO2. Wk\u0142ad z olejem konopnym Super Lemon Haze.\",\"breadcrumb\":{\"@id\":\"https:\\\/\\\/medicinasinc.com\\\/pl\\\/product\\\/kup-lemon-haze-co2-1g-vape-kartridz\\\/#breadcrumb\"},\"inLanguage\":\"en-US\",\"potentialAction\":[{\"@type\":\"ReadAction\",\"target\":[\"https:\\\/\\\/medicinasinc.com\\\/pl\\\/product\\\/kup-lemon-haze-co2-1g-vape-kartridz\\\/\"]}]},{\"@type\":\"ImageObject\",\"inLanguage\":\"en-US\",\"@id\":\"https:\\\/\\\/medicinasinc.com\\\/pl\\\/product\\\/kup-lemon-haze-co2-1g-vape-kartridz\\\/#primaryimage\",\"url\":\"https:\\\/\\\/medicinasinc.com\\\/pl\\\/wp-content\\\/uploads\\\/sites\\\/13\\\/2022\\\/02\\\/Buy-High-THC-Cannabis-Oil-1g-cartridge-online.jpg\",\"contentUrl\":\"https:\\\/\\\/medicinasinc.com\\\/pl\\\/wp-content\\\/uploads\\\/sites\\\/13\\\/2022\\\/02\\\/Buy-High-THC-Cannabis-Oil-1g-cartridge-online.jpg\",\"width\":600,\"height\":600},{\"@type\":\"BreadcrumbList\",\"@id\":\"https:\\\/\\\/medicinasinc.com\\\/pl\\\/product\\\/kup-lemon-haze-co2-1g-vape-kartridz\\\/#breadcrumb\",\"itemListElement\":[{\"@type\":\"ListItem\",\"position\":1,\"name\":\"Sklep\",\"item\":\"https:\\\/\\\/medicinasinc.com\\\/pl\\\/sklep\\\/\"},{\"@type\":\"ListItem\",\"position\":2,\"name\":\"Kup Lemon Haze CO2 1g wk\u0142ad z vape\"}]},{\"@type\":\"WebSite\",\"@id\":\"https:\\\/\\\/medicinasinc.com\\\/pl\\\/#website\",\"url\":\"https:\\\/\\\/medicinasinc.com\\\/pl\\\/\",\"name\":\"Medicinas Inc\",\"description\":\"Health Medical Clinic\",\"potentialAction\":[{\"@type\":\"SearchAction\",\"target\":{\"@type\":\"EntryPoint\",\"urlTemplate\":\"https:\\\/\\\/medicinasinc.com\\\/pl\\\/?s={search_term_string}\"},\"query-input\":{\"@type\":\"PropertyValueSpecification\",\"valueRequired\":true,\"valueName\":\"search_term_string\"}}],\"inLanguage\":\"en-US\"}]}<\/script>\n<!-- \/ Yoast SEO plugin. -->","yoast_head_json":{"title":"Kup waporyzator CO2 Lemon Haze \u2014 najlepsze leki na \u015bwiecie","description":"Kup szczep Super Lemon Haze Cannabis Oil Vape Cartridge na sprzeda\u017c w Wielkiej Brytanii, Europie. Metoda ekstrakcji SativaOil: podkrytyczny CO2. Wk\u0142ad z olejem konopnym Super Lemon Haze.","robots":{"index":"index","follow":"follow","max-snippet":"max-snippet:-1","max-image-preview":"max-image-preview:large","max-video-preview":"max-video-preview:-1"},"canonical":"https:\/\/medicinasinc.com\/pl\/product\/kup-lemon-haze-co2-1g-vape-kartridz\/","og_locale":"en_US","og_type":"article","og_title":"Kup waporyzator CO2 Lemon Haze \u2014 najlepsze leki na \u015bwiecie","og_description":"Kup szczep Super Lemon Haze Cannabis Oil Vape Cartridge na sprzeda\u017c w Wielkiej Brytanii, Europie. Metoda ekstrakcji SativaOil: podkrytyczny CO2. Wk\u0142ad z olejem konopnym Super Lemon Haze.","og_url":"https:\/\/medicinasinc.com\/pl\/product\/kup-lemon-haze-co2-1g-vape-kartridz\/","og_site_name":"Medicinas Inc","article_modified_time":"2022-03-22T01:21:43+00:00","og_image":[{"width":600,"height":600,"url":"https:\/\/medicinasinc.com\/pl\/wp-content\/uploads\/sites\/13\/2022\/02\/Buy-High-THC-Cannabis-Oil-1g-cartridge-online.jpg","type":"image\/jpeg"}],"twitter_card":"summary_large_image","twitter_misc":{"Est. reading time":"1 minute"},"schema":{"@context":"https:\/\/schema.org","@graph":[{"@type":"WebPage","@id":"https:\/\/medicinasinc.com\/pl\/product\/kup-lemon-haze-co2-1g-vape-kartridz\/","url":"https:\/\/medicinasinc.com\/pl\/product\/kup-lemon-haze-co2-1g-vape-kartridz\/","name":"Kup waporyzator CO2 Lemon Haze \u2014 najlepsze leki na \u015bwiecie","isPartOf":{"@id":"https:\/\/medicinasinc.com\/pl\/#website"},"primaryImageOfPage":{"@id":"https:\/\/medicinasinc.com\/pl\/product\/kup-lemon-haze-co2-1g-vape-kartridz\/#primaryimage"},"image":{"@id":"https:\/\/medicinasinc.com\/pl\/product\/kup-lemon-haze-co2-1g-vape-kartridz\/#primaryimage"},"thumbnailUrl":"https:\/\/medicinasinc.com\/pl\/wp-content\/uploads\/sites\/13\/2022\/02\/Buy-High-THC-Cannabis-Oil-1g-cartridge-online.jpg","datePublished":"2022-02-20T08:47:42+00:00","dateModified":"2022-03-22T01:21:43+00:00","description":"Kup szczep Super Lemon Haze Cannabis Oil Vape Cartridge na sprzeda\u017c w Wielkiej Brytanii, Europie. Metoda ekstrakcji SativaOil: podkrytyczny CO2. Wk\u0142ad z olejem konopnym Super Lemon Haze.","breadcrumb":{"@id":"https:\/\/medicinasinc.com\/pl\/product\/kup-lemon-haze-co2-1g-vape-kartridz\/#breadcrumb"},"inLanguage":"en-US","potentialAction":[{"@type":"ReadAction","target":["https:\/\/medicinasinc.com\/pl\/product\/kup-lemon-haze-co2-1g-vape-kartridz\/"]}]},{"@type":"ImageObject","inLanguage":"en-US","@id":"https:\/\/medicinasinc.com\/pl\/product\/kup-lemon-haze-co2-1g-vape-kartridz\/#primaryimage","url":"https:\/\/medicinasinc.com\/pl\/wp-content\/uploads\/sites\/13\/2022\/02\/Buy-High-THC-Cannabis-Oil-1g-cartridge-online.jpg","contentUrl":"https:\/\/medicinasinc.com\/pl\/wp-content\/uploads\/sites\/13\/2022\/02\/Buy-High-THC-Cannabis-Oil-1g-cartridge-online.jpg","width":600,"height":600},{"@type":"BreadcrumbList","@id":"https:\/\/medicinasinc.com\/pl\/product\/kup-lemon-haze-co2-1g-vape-kartridz\/#breadcrumb","itemListElement":[{"@type":"ListItem","position":1,"name":"Sklep","item":"https:\/\/medicinasinc.com\/pl\/sklep\/"},{"@type":"ListItem","position":2,"name":"Kup Lemon Haze CO2 1g wk\u0142ad z vape"}]},{"@type":"WebSite","@id":"https:\/\/medicinasinc.com\/pl\/#website","url":"https:\/\/medicinasinc.com\/pl\/","name":"Medicinas Inc","description":"Health Medical Clinic","potentialAction":[{"@type":"SearchAction","target":{"@type":"EntryPoint","urlTemplate":"https:\/\/medicinasinc.com\/pl\/?s={search_term_string}"},"query-input":{"@type":"PropertyValueSpecification","valueRequired":true,"valueName":"search_term_string"}}],"inLanguage":"en-US"}]}},"_links":{"self":[{"href":"https:\/\/medicinasinc.com\/pl\/wp-json\/wp\/v2\/product\/4390","targetHints":{"allow":["GET"]}}],"collection":[{"href":"https:\/\/medicinasinc.com\/pl\/wp-json\/wp\/v2\/product"}],"about":[{"href":"https:\/\/medicinasinc.com\/pl\/wp-json\/wp\/v2\/types\/product"}],"replies":[{"embeddable":true,"href":"https:\/\/medicinasinc.com\/pl\/wp-json\/wp\/v2\/comments?post=4390"}],"wp:featuredmedia":[{"embeddable":true,"href":"https:\/\/medicinasinc.com\/pl\/wp-json\/wp\/v2\/media\/4423"}],"wp:attachment":[{"href":"https:\/\/medicinasinc.com\/pl\/wp-json\/wp\/v2\/media?parent=4390"}],"wp:term":[{"taxonomy":"product_brand","embeddable":true,"href":"https:\/\/medicinasinc.com\/pl\/wp-json\/wp\/v2\/product_brand?post=4390"},{"taxonomy":"product_cat","embeddable":true,"href":"https:\/\/medicinasinc.com\/pl\/wp-json\/wp\/v2\/product_cat?post=4390"},{"taxonomy":"product_tag","embeddable":true,"href":"https:\/\/medicinasinc.com\/pl\/wp-json\/wp\/v2\/product_tag?post=4390"}],"curies":[{"name":"wp","href":"https:\/\/api.w.org\/{rel}","templated":true}]}}