{"id":4388,"date":"2022-02-20T08:46:53","date_gmt":"2022-02-20T08:46:53","guid":{"rendered":"https:\/\/medicinasinc.com\/pl\/?post_type=product&#038;p=4388"},"modified":"2022-03-22T01:21:52","modified_gmt":"2022-03-22T01:21:52","slug":"kup-wysokiej-thc-olej-konopi-1g-online","status":"publish","type":"product","link":"https:\/\/medicinasinc.com\/pl\/product\/kup-wysokiej-thc-olej-konopi-1g-online\/","title":{"rendered":"Kup olej konopny o wysokiej zawarto\u015bci THC 1g przez Internet"},"content":{"rendered":"<p>Kup 1g wk\u0142ad z olejem konopnym o wysokiej zawarto\u015bci THC przez Internet.<\/p>\n<p>Zamiast mieszania naszych konopi, oferujemy wk\u0142ady w 18 r\u00f3\u017cnych odmianach. Nie u\u017cywamy \u017cadnych dodatk\u00f3w. Nasze konopie s\u0105 uprawiane naturalnie w regionie konopi premium w P\u00f3\u0142nocnej Kalifornii, a nast\u0119pnie s\u0105 czysto ekstrahowane przy u\u017cyciu opatentowanej metody nadkrytycznego CO2.<\/p>\n<p>Olej z konopi do u\u017cytku medycznego. Hybrid, Sativa i Indica<\/p>\n<p>Medyczne korzy\u015bci p\u0142yn\u0105ce z oleju z konopi<br \/>Ochrona uk\u0142adu odporno\u015bciowego Znacz\u0105co zwi\u0119ksza szanse na remisj\u0119<br \/>Wspomaga stabilizacj\u0119 i eliminacj\u0119 ostrego lub przewlek\u0142ego b\u00f3lu<br \/> Eliminuje potencjalnie szkodliwe protoko\u0142y farmaceutyczne<br \/> Zmniejsza lub eliminuje z\u0142o\u015bliwy wzrost kom\u00f3rek. Zmniejsza lub eliminuje nudno\u015bci.<\/p>\n<p>Konopie indyjskie historycznie zawiera\u0142y st\u0119\u017cenia THC od 12 do 21%.<\/p>\n<p>St\u0119\u017cenia CBD w wi\u0119kszo\u015bci ro\u015blin konopi wahaj\u0105 si\u0119 od 0,1 do 0,3 procent. Jednak obecnie dost\u0119pne s\u0105 szczepy konopi o wy\u017cszej zawarto\u015bci CBD, co sprawia, \u017ce \u200b\u200boleje konopne bogate w CBD s\u0105 bardziej dost\u0119pne. Te olejki z konopi s\u0105 dost\u0119pne w sprzeda\u017cy i mo\u017cna je bezpiecznie zam\u00f3wi\u0107 online u nas. olej haszyszowy na sprzeda\u017c online, jak kupi\u0107 olej haszyszowy online, olej o wysokiej zawarto\u015bci thc na sprzeda\u017c, zam\u00f3w olej haszyszowy online, kup olej haszyszowy online, wk\u0142ad z olejem haszyszowym na sprzeda\u017c, gdzie mog\u0119 kupi\u0107 olej thc online, olej haszyszowy na sprzeda\u017c, haszysz wk\u0142ady olejowe do sprzeda\u017cy online, gdzie kupi\u0107 olej przez Internet, kupi\u0107 wk\u0142ady z olejem haszyszowym online<\/p>\n<p>Ponadto oleje bogate w CBD s\u0105 preferowane w stanach takich jak padaczka, l\u0119k, stres i nudno\u015bci. Olejki CBD pomog\u0105 Ci r\u00f3wnie\u017c si\u0119 zrelaksowa\u0107 i pomog\u0105 w leczeniu bezsenno\u015bci, napi\u0119ciowych b\u00f3l\u00f3w g\u0142owy, zaburze\u0144 nastroju i zaburze\u0144 uwagi.<\/p>\n<p>Zanim kupisz haszysz online, bardzo wa\u017cne jest zrozumienie efektu i jego zwi\u0105zku do konopi i co odr\u00f3\u017cnia je od innych produkt\u00f3w chwast\u00f3w. Haszysz, inny termin okre\u015blaj\u0105cy \u201ehaszysz\u201d w stanie, to koncentrat konopi przenoszony przez smo\u0142\u0119 ro\u015bliny marihuany. Osi\u0105ga si\u0119 to poprzez oddzielenie organ\u00f3w soku ro\u015bliny konopi, kt\u00f3re s\u0105 zbiorczo okre\u015blane jako trichom, od jej kwiat\u00f3w. Wiadomo, \u017ce te trichomy zawieraj\u0105 najwy\u017csze st\u0119\u017cenia kannabinoid\u00f3w i terpen\u00f3w, kt\u00f3re s\u0105 zwi\u0105zkami chemicznymi odpowiedzialnymi za wyj\u0105tkowe w\u0142a\u015bciwo\u015bci i cechy Maryjane. Ze wzgl\u0119du na wysok\u0105 koncentracj\u0119 kannabinoid\u00f3w i terpen\u00f3w w haszyszu, ma niezwyk\u0142\u0105 zdolno\u015b\u0107 do tworzenia osza\u0142amiaj\u0105cych psychoaktywnych i leczniczych spotka\u0144 dla konsument\u00f3w konopi. Olej haszyszowy to wysoce skoncentrowana forma konopi, kt\u00f3r\u0105 mo\u017cna pali\u0107, waporyzowa\u0107, spo\u017cywa\u0107 lub wyciera\u0107 na sk\u00f3r\u0119. Czasami stosowanie oleju haszyszowego jest okre\u015blane jako \u201eosi\u0105gaj\u0105ce\u201d lub \u201ekonsumuj\u0105ce\u201d. Olej haszyszowy pochodzi z ro\u015blin konopi i zawiera THC (delta-9-tetrahydrokannabinol), ten sam rewolucyjny zwi\u0105zek, kt\u00f3ry mo\u017cna znale\u017a\u0107 w innych produktach Maryjane. Niemniej jednak olej haszyszowy jest silniejszy i zawiera do 90% czystego THC. Oczywi\u015bcie w innych cz\u0119\u015bciach ro\u015bliny konopi zawarto\u015b\u0107 THC wynosi zwykle oko\u0142o 12%. Zaufana ekstrakcja CO2 jest obecnie najskuteczniejsz\u0105 metod\u0105 pozyskiwania oleju THC. Ponadto jest to najcz\u0119stsza i najbezpieczniejsza metoda produkcji oleju z konopi indyjskich, destylatu i ci\u0119\u017car\u00f3wek z \u017cyw\u0105 gum\u0105. Powodem, dla kt\u00f3rego jest tak powszechny w dzisiejszych czasach, jest to, \u017ce ten olej THC nie zawiera dodatkowych rozpuszczalnik\u00f3w, takich jak alkohol czy butan. Wi\u0119kszo\u015b\u0107 olejk\u00f3w THC zawiera rodzaj zmniejszaj\u0105cej si\u0119 gotowo\u015bci. Jest to konieczne, aby olejek zachowa\u0142 idealn\u0105 konsystencj\u0119 do waporyzacji. Najbardziej godnymi uwagi specjalistami od zmniejszania si\u0119 s\u0105 gliceryna ro\u015blinna i glikol propylenowy (VG i PG), kt\u00f3re powszechnie wyst\u0119puj\u0105 w standardowych e-liquidach. Kilka zawiera r\u00f3\u017cne wype\u0142niacze, takie jak PEG, a ostatnio TEC Temper, kt\u00f3ry jest kolejnym warunkiem pochodz\u0105cym z naturalnych terpen\u00f3w. Olej haszyszowy jest dost\u0119pny w sprzeda\u017cy.<\/p>\n","protected":false},"excerpt":{"rendered":"<p>Kup olej marihuany o wysokiej zawarto\u015bci THC na sprzeda\u017c w Wielkiej Brytanii, Europie przez Internet. Kup 100% czysty olej z konopi indyjskich na sprzeda\u017c USA. Olej z konopi o pe\u0142nym spektrum. Sprzedam raka oleju THC. Potencja: 85% THC i amp; 15% CBD<\/p>\n<p>cena produktu wynosi: za 5 wk\u0142ad\u00f3w<\/p>\n<p>Minimalna ilo\u015b\u0107 zam\u00f3wienia to: 5 wk\u0142ad\u00f3w<\/p>\n","protected":false},"featured_media":4423,"comment_status":"open","ping_status":"closed","template":"","meta":[],"product_brand":[],"product_cat":[440],"product_tag":[],"class_list":{"0":"post-4388","1":"product","2":"type-product","3":"status-publish","4":"has-post-thumbnail","6":"product_cat-kup-konopi-olej-cbd","8":"first","9":"instock","10":"shipping-taxable","11":"purchasable","12":"product-type-variable","13":"has-default-attributes"},"yoast_head":"<!-- This site is optimized with the Yoast SEO plugin v27.3 - https:\/\/yoast.com\/product\/yoast-seo-wordpress\/ -->\n<title>Kup 1g olej z konopi indyjskich o wysokiej zawarto\u015bci THC online - najlepsze leki na \u015bwiecie<\/title>\n<meta name=\"description\" content=\"Kup olej z marihuany o wysokiej zawarto\u015bci THC na sprzeda\u017c w Wielkiej Brytanii, Europie przez Internet. Kup 100% czysty olej z konopi indyjskich na sprzeda\u017c USA. Olej z konopi o pe\u0142nym spektrum. Sprzedam raka oleju THC. Potencja: 85% THC i amp; 15% CBD\" \/>\n<meta name=\"robots\" content=\"index, follow, max-snippet:-1, max-image-preview:large, max-video-preview:-1\" \/>\n<link rel=\"canonical\" href=\"https:\/\/medicinasinc.com\/pl\/product\/kup-wysokiej-thc-olej-konopi-1g-online\/\" \/>\n<meta property=\"og:locale\" content=\"en_US\" \/>\n<meta property=\"og:type\" content=\"article\" \/>\n<meta property=\"og:title\" content=\"Kup 1g olej z konopi indyjskich o wysokiej zawarto\u015bci THC online - najlepsze leki na \u015bwiecie\" \/>\n<meta property=\"og:description\" content=\"Kup olej z marihuany o wysokiej zawarto\u015bci THC na sprzeda\u017c w Wielkiej Brytanii, Europie przez Internet. Kup 100% czysty olej z konopi indyjskich na sprzeda\u017c USA. Olej z konopi o pe\u0142nym spektrum. Sprzedam raka oleju THC. Potencja: 85% THC i amp; 15% CBD\" \/>\n<meta property=\"og:url\" content=\"https:\/\/medicinasinc.com\/pl\/product\/kup-wysokiej-thc-olej-konopi-1g-online\/\" \/>\n<meta property=\"og:site_name\" content=\"Medicinas Inc\" \/>\n<meta property=\"article:modified_time\" content=\"2022-03-22T01:21:52+00:00\" \/>\n<meta property=\"og:image\" content=\"https:\/\/medicinasinc.com\/pl\/wp-content\/uploads\/sites\/13\/2022\/02\/Buy-High-THC-Cannabis-Oil-1g-cartridge-online.jpg\" \/>\n\t<meta property=\"og:image:width\" content=\"600\" \/>\n\t<meta property=\"og:image:height\" content=\"600\" \/>\n\t<meta property=\"og:image:type\" content=\"image\/jpeg\" \/>\n<meta name=\"twitter:card\" content=\"summary_large_image\" \/>\n<meta name=\"twitter:label1\" content=\"Est. reading time\" \/>\n\t<meta name=\"twitter:data1\" content=\"3 minutes\" \/>\n<script type=\"application\/ld+json\" class=\"yoast-schema-graph\">{\"@context\":\"https:\\\/\\\/schema.org\",\"@graph\":[{\"@type\":\"WebPage\",\"@id\":\"https:\\\/\\\/medicinasinc.com\\\/pl\\\/product\\\/kup-wysokiej-thc-olej-konopi-1g-online\\\/\",\"url\":\"https:\\\/\\\/medicinasinc.com\\\/pl\\\/product\\\/kup-wysokiej-thc-olej-konopi-1g-online\\\/\",\"name\":\"Kup 1g olej z konopi indyjskich o wysokiej zawarto\u015bci THC online - najlepsze leki na \u015bwiecie\",\"isPartOf\":{\"@id\":\"https:\\\/\\\/medicinasinc.com\\\/pl\\\/#website\"},\"primaryImageOfPage\":{\"@id\":\"https:\\\/\\\/medicinasinc.com\\\/pl\\\/product\\\/kup-wysokiej-thc-olej-konopi-1g-online\\\/#primaryimage\"},\"image\":{\"@id\":\"https:\\\/\\\/medicinasinc.com\\\/pl\\\/product\\\/kup-wysokiej-thc-olej-konopi-1g-online\\\/#primaryimage\"},\"thumbnailUrl\":\"https:\\\/\\\/medicinasinc.com\\\/pl\\\/wp-content\\\/uploads\\\/sites\\\/13\\\/2022\\\/02\\\/Buy-High-THC-Cannabis-Oil-1g-cartridge-online.jpg\",\"datePublished\":\"2022-02-20T08:46:53+00:00\",\"dateModified\":\"2022-03-22T01:21:52+00:00\",\"description\":\"Kup olej z marihuany o wysokiej zawarto\u015bci THC na sprzeda\u017c w Wielkiej Brytanii, Europie przez Internet. Kup 100% czysty olej z konopi indyjskich na sprzeda\u017c USA. Olej z konopi o pe\u0142nym spektrum. Sprzedam raka oleju THC. Potencja: 85% THC i amp; 15% CBD\",\"breadcrumb\":{\"@id\":\"https:\\\/\\\/medicinasinc.com\\\/pl\\\/product\\\/kup-wysokiej-thc-olej-konopi-1g-online\\\/#breadcrumb\"},\"inLanguage\":\"en-US\",\"potentialAction\":[{\"@type\":\"ReadAction\",\"target\":[\"https:\\\/\\\/medicinasinc.com\\\/pl\\\/product\\\/kup-wysokiej-thc-olej-konopi-1g-online\\\/\"]}]},{\"@type\":\"ImageObject\",\"inLanguage\":\"en-US\",\"@id\":\"https:\\\/\\\/medicinasinc.com\\\/pl\\\/product\\\/kup-wysokiej-thc-olej-konopi-1g-online\\\/#primaryimage\",\"url\":\"https:\\\/\\\/medicinasinc.com\\\/pl\\\/wp-content\\\/uploads\\\/sites\\\/13\\\/2022\\\/02\\\/Buy-High-THC-Cannabis-Oil-1g-cartridge-online.jpg\",\"contentUrl\":\"https:\\\/\\\/medicinasinc.com\\\/pl\\\/wp-content\\\/uploads\\\/sites\\\/13\\\/2022\\\/02\\\/Buy-High-THC-Cannabis-Oil-1g-cartridge-online.jpg\",\"width\":600,\"height\":600},{\"@type\":\"BreadcrumbList\",\"@id\":\"https:\\\/\\\/medicinasinc.com\\\/pl\\\/product\\\/kup-wysokiej-thc-olej-konopi-1g-online\\\/#breadcrumb\",\"itemListElement\":[{\"@type\":\"ListItem\",\"position\":1,\"name\":\"Sklep\",\"item\":\"https:\\\/\\\/medicinasinc.com\\\/pl\\\/sklep\\\/\"},{\"@type\":\"ListItem\",\"position\":2,\"name\":\"Kup olej konopny o wysokiej zawarto\u015bci THC 1g przez Internet\"}]},{\"@type\":\"WebSite\",\"@id\":\"https:\\\/\\\/medicinasinc.com\\\/pl\\\/#website\",\"url\":\"https:\\\/\\\/medicinasinc.com\\\/pl\\\/\",\"name\":\"Medicinas Inc\",\"description\":\"Health Medical Clinic\",\"potentialAction\":[{\"@type\":\"SearchAction\",\"target\":{\"@type\":\"EntryPoint\",\"urlTemplate\":\"https:\\\/\\\/medicinasinc.com\\\/pl\\\/?s={search_term_string}\"},\"query-input\":{\"@type\":\"PropertyValueSpecification\",\"valueRequired\":true,\"valueName\":\"search_term_string\"}}],\"inLanguage\":\"en-US\"}]}<\/script>\n<!-- \/ Yoast SEO plugin. -->","yoast_head_json":{"title":"Kup 1g olej z konopi indyjskich o wysokiej zawarto\u015bci THC online - najlepsze leki na \u015bwiecie","description":"Kup olej z marihuany o wysokiej zawarto\u015bci THC na sprzeda\u017c w Wielkiej Brytanii, Europie przez Internet. Kup 100% czysty olej z konopi indyjskich na sprzeda\u017c USA. Olej z konopi o pe\u0142nym spektrum. Sprzedam raka oleju THC. Potencja: 85% THC i amp; 15% CBD","robots":{"index":"index","follow":"follow","max-snippet":"max-snippet:-1","max-image-preview":"max-image-preview:large","max-video-preview":"max-video-preview:-1"},"canonical":"https:\/\/medicinasinc.com\/pl\/product\/kup-wysokiej-thc-olej-konopi-1g-online\/","og_locale":"en_US","og_type":"article","og_title":"Kup 1g olej z konopi indyjskich o wysokiej zawarto\u015bci THC online - najlepsze leki na \u015bwiecie","og_description":"Kup olej z marihuany o wysokiej zawarto\u015bci THC na sprzeda\u017c w Wielkiej Brytanii, Europie przez Internet. Kup 100% czysty olej z konopi indyjskich na sprzeda\u017c USA. Olej z konopi o pe\u0142nym spektrum. Sprzedam raka oleju THC. Potencja: 85% THC i amp; 15% CBD","og_url":"https:\/\/medicinasinc.com\/pl\/product\/kup-wysokiej-thc-olej-konopi-1g-online\/","og_site_name":"Medicinas Inc","article_modified_time":"2022-03-22T01:21:52+00:00","og_image":[{"width":600,"height":600,"url":"https:\/\/medicinasinc.com\/pl\/wp-content\/uploads\/sites\/13\/2022\/02\/Buy-High-THC-Cannabis-Oil-1g-cartridge-online.jpg","type":"image\/jpeg"}],"twitter_card":"summary_large_image","twitter_misc":{"Est. reading time":"3 minutes"},"schema":{"@context":"https:\/\/schema.org","@graph":[{"@type":"WebPage","@id":"https:\/\/medicinasinc.com\/pl\/product\/kup-wysokiej-thc-olej-konopi-1g-online\/","url":"https:\/\/medicinasinc.com\/pl\/product\/kup-wysokiej-thc-olej-konopi-1g-online\/","name":"Kup 1g olej z konopi indyjskich o wysokiej zawarto\u015bci THC online - najlepsze leki na \u015bwiecie","isPartOf":{"@id":"https:\/\/medicinasinc.com\/pl\/#website"},"primaryImageOfPage":{"@id":"https:\/\/medicinasinc.com\/pl\/product\/kup-wysokiej-thc-olej-konopi-1g-online\/#primaryimage"},"image":{"@id":"https:\/\/medicinasinc.com\/pl\/product\/kup-wysokiej-thc-olej-konopi-1g-online\/#primaryimage"},"thumbnailUrl":"https:\/\/medicinasinc.com\/pl\/wp-content\/uploads\/sites\/13\/2022\/02\/Buy-High-THC-Cannabis-Oil-1g-cartridge-online.jpg","datePublished":"2022-02-20T08:46:53+00:00","dateModified":"2022-03-22T01:21:52+00:00","description":"Kup olej z marihuany o wysokiej zawarto\u015bci THC na sprzeda\u017c w Wielkiej Brytanii, Europie przez Internet. Kup 100% czysty olej z konopi indyjskich na sprzeda\u017c USA. Olej z konopi o pe\u0142nym spektrum. Sprzedam raka oleju THC. Potencja: 85% THC i amp; 15% CBD","breadcrumb":{"@id":"https:\/\/medicinasinc.com\/pl\/product\/kup-wysokiej-thc-olej-konopi-1g-online\/#breadcrumb"},"inLanguage":"en-US","potentialAction":[{"@type":"ReadAction","target":["https:\/\/medicinasinc.com\/pl\/product\/kup-wysokiej-thc-olej-konopi-1g-online\/"]}]},{"@type":"ImageObject","inLanguage":"en-US","@id":"https:\/\/medicinasinc.com\/pl\/product\/kup-wysokiej-thc-olej-konopi-1g-online\/#primaryimage","url":"https:\/\/medicinasinc.com\/pl\/wp-content\/uploads\/sites\/13\/2022\/02\/Buy-High-THC-Cannabis-Oil-1g-cartridge-online.jpg","contentUrl":"https:\/\/medicinasinc.com\/pl\/wp-content\/uploads\/sites\/13\/2022\/02\/Buy-High-THC-Cannabis-Oil-1g-cartridge-online.jpg","width":600,"height":600},{"@type":"BreadcrumbList","@id":"https:\/\/medicinasinc.com\/pl\/product\/kup-wysokiej-thc-olej-konopi-1g-online\/#breadcrumb","itemListElement":[{"@type":"ListItem","position":1,"name":"Sklep","item":"https:\/\/medicinasinc.com\/pl\/sklep\/"},{"@type":"ListItem","position":2,"name":"Kup olej konopny o wysokiej zawarto\u015bci THC 1g przez Internet"}]},{"@type":"WebSite","@id":"https:\/\/medicinasinc.com\/pl\/#website","url":"https:\/\/medicinasinc.com\/pl\/","name":"Medicinas Inc","description":"Health Medical Clinic","potentialAction":[{"@type":"SearchAction","target":{"@type":"EntryPoint","urlTemplate":"https:\/\/medicinasinc.com\/pl\/?s={search_term_string}"},"query-input":{"@type":"PropertyValueSpecification","valueRequired":true,"valueName":"search_term_string"}}],"inLanguage":"en-US"}]}},"_links":{"self":[{"href":"https:\/\/medicinasinc.com\/pl\/wp-json\/wp\/v2\/product\/4388","targetHints":{"allow":["GET"]}}],"collection":[{"href":"https:\/\/medicinasinc.com\/pl\/wp-json\/wp\/v2\/product"}],"about":[{"href":"https:\/\/medicinasinc.com\/pl\/wp-json\/wp\/v2\/types\/product"}],"replies":[{"embeddable":true,"href":"https:\/\/medicinasinc.com\/pl\/wp-json\/wp\/v2\/comments?post=4388"}],"wp:featuredmedia":[{"embeddable":true,"href":"https:\/\/medicinasinc.com\/pl\/wp-json\/wp\/v2\/media\/4423"}],"wp:attachment":[{"href":"https:\/\/medicinasinc.com\/pl\/wp-json\/wp\/v2\/media?parent=4388"}],"wp:term":[{"taxonomy":"product_brand","embeddable":true,"href":"https:\/\/medicinasinc.com\/pl\/wp-json\/wp\/v2\/product_brand?post=4388"},{"taxonomy":"product_cat","embeddable":true,"href":"https:\/\/medicinasinc.com\/pl\/wp-json\/wp\/v2\/product_cat?post=4388"},{"taxonomy":"product_tag","embeddable":true,"href":"https:\/\/medicinasinc.com\/pl\/wp-json\/wp\/v2\/product_tag?post=4388"}],"curies":[{"name":"wp","href":"https:\/\/api.w.org\/{rel}","templated":true}]}}