{"id":4374,"date":"2022-02-20T08:40:15","date_gmt":"2022-02-20T08:40:15","guid":{"rendered":"https:\/\/medicinasinc.com\/pl\/?post_type=product&#038;p=4374"},"modified":"2022-03-22T01:22:14","modified_gmt":"2022-03-22T01:22:14","slug":"kup-arlekin-co2-oil-1g-wklad","status":"publish","type":"product","link":"https:\/\/medicinasinc.com\/pl\/product\/kup-arlekin-co2-oil-1g-wklad\/","title":{"rendered":"Kup wk\u0142ad olejowy Harlequin CO2 1g"},"content":{"rendered":"<p>Zakup online wk\u0142adu 1g oleju CO2 firmy Harlequin.<\/p>\n<p>Zakup online wk\u0142adu 1g oleju CO2 firmy Harlequin.<\/p>\n<p>Zakup online wk\u0142adu oleju CO2 firmy Harlequin. 13,02 procent THCA | 6,54 procent THC | 49,10 procent CBDA | 5,35 procent CBD<\/p>\n<p>Harlequin to \u0142agodnie psychoaktywna odmiana z dominacj\u0105 Sativy z pra\u017conymi orzechami, czekolad\u0105 i, co najwa\u017cniejsze, kwiatami o zapachu wi\u015bni. Harlequin to szczep o wysokiej zawarto\u015bci CBD o znikomej psychoaktywno\u015bci i w\u0142a\u015bciwo\u015bciach przeciwb\u00f3lowych. Harlequin jest cz\u0119sto stosowany w leczeniu b\u00f3lu i nadaje si\u0119 do stosowania w ci\u0105gu dnia ze wzgl\u0119du na wysok\u0105 zawarto\u015b\u0107 CBD i wyra\u017ane dzia\u0142anie.<\/p>\n<p>Z\u0141OTO KOLUMBII + NEPALI + TAJSKI + SZWAJCARSKI LINII LANDRACE<\/p>\n<p>ZIEMIA \u2013 KORZENNY \u2013 DRZEWNY \u2013 MANGO \u2013 SMAKI<\/p>\n<p>B\u00d3L \u2013 STRES \u2013 ZAPALNE \u2013 DEPRESJA \u2013 NUDNO\u015aCI \u2013 LECZNICZE<\/p>\n<p>POBUDZONE \u2013 ZRELAKSOWANE \u2013 \u0141AGODNE \u2013 SKONCENTROWANE \u2013 OG\u00d3LNIE SZCZ\u0118\u015aLIWE\/p<\/p>\n","protected":false},"excerpt":{"rendered":"<p>Kup naboje Harlequin Co2 na sprzeda\u017c, wk\u0142ad arlequin vape, wk\u0142ad harlequin cbd vape, &#8230; Kup wk\u0142ady olejowe THC Vape Pen, wk\u0142ady THC do sprzeda\u017cy online. Kup przez Internet nab\u00f3j 1g oleju CO2 firmy Harlequin. UK THC Cartridges na sprzeda\u017c. Kup wk\u0142ady z olejem co2 Vape.<\/p>\n<h2>Kup wk\u0142ady z olejem konopnym THC<\/h2>\n<p>cena produktu jest nast\u0119puj\u0105ca: za wk\u0142ad 1g<br \/> <strong>Minimalna ilo\u015b\u0107 zam\u00f3wienia to: 5 wk\u0142ad\u00f3w<\/p>\n","protected":false},"featured_media":4409,"comment_status":"open","ping_status":"closed","template":"","meta":[],"product_brand":[],"product_cat":[440],"product_tag":[],"class_list":{"0":"post-4374","1":"product","2":"type-product","3":"status-publish","4":"has-post-thumbnail","6":"product_cat-kup-konopi-olej-cbd","8":"first","9":"instock","10":"shipping-taxable","11":"purchasable","12":"product-type-variable","13":"has-default-attributes"},"yoast_head":"<!-- This site is optimized with the Yoast SEO plugin v27.3 - https:\/\/yoast.com\/product\/yoast-seo-wordpress\/ -->\n<title>Kup przez Internet 1g kartrid\u017c z olejem CO2 firmy Harlequin - najlepsze leki na \u015bwiecie<\/title>\n<meta name=\"description\" content=\"Kup naboje Harlequin Co2 na sprzeda\u017c, wk\u0142ad arlequin vape, wk\u0142ad harlequin cbd vape, ... Kup wk\u0142ady olejowe THC Vape Pen, wk\u0142ady THC na sprzeda\u017c online. Kup przez Internet nab\u00f3j 1g oleju CO2 firmy Harlequin. UK THC Cartridges na sprzeda\u017c. Sprzedam naboje do oleju co2 Vape.\" \/>\n<meta name=\"robots\" content=\"index, follow, max-snippet:-1, max-image-preview:large, max-video-preview:-1\" \/>\n<link rel=\"canonical\" href=\"https:\/\/medicinasinc.com\/pl\/product\/kup-arlekin-co2-oil-1g-wklad\/\" \/>\n<meta property=\"og:locale\" content=\"en_US\" \/>\n<meta property=\"og:type\" content=\"article\" \/>\n<meta property=\"og:title\" content=\"Kup przez Internet 1g kartrid\u017c z olejem CO2 firmy Harlequin - najlepsze leki na \u015bwiecie\" \/>\n<meta property=\"og:description\" content=\"Kup naboje Harlequin Co2 na sprzeda\u017c, wk\u0142ad arlequin vape, wk\u0142ad harlequin cbd vape, ... Kup wk\u0142ady olejowe THC Vape Pen, wk\u0142ady THC na sprzeda\u017c online. Kup przez Internet nab\u00f3j 1g oleju CO2 firmy Harlequin. UK THC Cartridges na sprzeda\u017c. Sprzedam naboje do oleju co2 Vape.\" \/>\n<meta property=\"og:url\" content=\"https:\/\/medicinasinc.com\/pl\/product\/kup-arlekin-co2-oil-1g-wklad\/\" \/>\n<meta property=\"og:site_name\" content=\"Medicinas Inc\" \/>\n<meta property=\"article:modified_time\" content=\"2022-03-22T01:22:14+00:00\" \/>\n<meta property=\"og:image\" content=\"https:\/\/medicinasinc.com\/pl\/wp-content\/uploads\/sites\/13\/2022\/02\/Buy-Harlequin-CO2-Oil-1g-Cartridge-Online.jpg\" \/>\n\t<meta property=\"og:image:width\" content=\"600\" \/>\n\t<meta property=\"og:image:height\" content=\"600\" \/>\n\t<meta property=\"og:image:type\" content=\"image\/jpeg\" \/>\n<meta name=\"twitter:card\" content=\"summary_large_image\" \/>\n<meta name=\"twitter:label1\" content=\"Est. reading time\" \/>\n\t<meta name=\"twitter:data1\" content=\"1 minute\" \/>\n<script type=\"application\/ld+json\" class=\"yoast-schema-graph\">{\"@context\":\"https:\\\/\\\/schema.org\",\"@graph\":[{\"@type\":\"WebPage\",\"@id\":\"https:\\\/\\\/medicinasinc.com\\\/pl\\\/product\\\/kup-arlekin-co2-oil-1g-wklad\\\/\",\"url\":\"https:\\\/\\\/medicinasinc.com\\\/pl\\\/product\\\/kup-arlekin-co2-oil-1g-wklad\\\/\",\"name\":\"Kup przez Internet 1g kartrid\u017c z olejem CO2 firmy Harlequin - najlepsze leki na \u015bwiecie\",\"isPartOf\":{\"@id\":\"https:\\\/\\\/medicinasinc.com\\\/pl\\\/#website\"},\"primaryImageOfPage\":{\"@id\":\"https:\\\/\\\/medicinasinc.com\\\/pl\\\/product\\\/kup-arlekin-co2-oil-1g-wklad\\\/#primaryimage\"},\"image\":{\"@id\":\"https:\\\/\\\/medicinasinc.com\\\/pl\\\/product\\\/kup-arlekin-co2-oil-1g-wklad\\\/#primaryimage\"},\"thumbnailUrl\":\"https:\\\/\\\/medicinasinc.com\\\/pl\\\/wp-content\\\/uploads\\\/sites\\\/13\\\/2022\\\/02\\\/Buy-Harlequin-CO2-Oil-1g-Cartridge-Online.jpg\",\"datePublished\":\"2022-02-20T08:40:15+00:00\",\"dateModified\":\"2022-03-22T01:22:14+00:00\",\"description\":\"Kup naboje Harlequin Co2 na sprzeda\u017c, wk\u0142ad arlequin vape, wk\u0142ad harlequin cbd vape, ... Kup wk\u0142ady olejowe THC Vape Pen, wk\u0142ady THC na sprzeda\u017c online. Kup przez Internet nab\u00f3j 1g oleju CO2 firmy Harlequin. UK THC Cartridges na sprzeda\u017c. Sprzedam naboje do oleju co2 Vape.\",\"breadcrumb\":{\"@id\":\"https:\\\/\\\/medicinasinc.com\\\/pl\\\/product\\\/kup-arlekin-co2-oil-1g-wklad\\\/#breadcrumb\"},\"inLanguage\":\"en-US\",\"potentialAction\":[{\"@type\":\"ReadAction\",\"target\":[\"https:\\\/\\\/medicinasinc.com\\\/pl\\\/product\\\/kup-arlekin-co2-oil-1g-wklad\\\/\"]}]},{\"@type\":\"ImageObject\",\"inLanguage\":\"en-US\",\"@id\":\"https:\\\/\\\/medicinasinc.com\\\/pl\\\/product\\\/kup-arlekin-co2-oil-1g-wklad\\\/#primaryimage\",\"url\":\"https:\\\/\\\/medicinasinc.com\\\/pl\\\/wp-content\\\/uploads\\\/sites\\\/13\\\/2022\\\/02\\\/Buy-Harlequin-CO2-Oil-1g-Cartridge-Online.jpg\",\"contentUrl\":\"https:\\\/\\\/medicinasinc.com\\\/pl\\\/wp-content\\\/uploads\\\/sites\\\/13\\\/2022\\\/02\\\/Buy-Harlequin-CO2-Oil-1g-Cartridge-Online.jpg\",\"width\":600,\"height\":600},{\"@type\":\"BreadcrumbList\",\"@id\":\"https:\\\/\\\/medicinasinc.com\\\/pl\\\/product\\\/kup-arlekin-co2-oil-1g-wklad\\\/#breadcrumb\",\"itemListElement\":[{\"@type\":\"ListItem\",\"position\":1,\"name\":\"Sklep\",\"item\":\"https:\\\/\\\/medicinasinc.com\\\/pl\\\/sklep\\\/\"},{\"@type\":\"ListItem\",\"position\":2,\"name\":\"Kup wk\u0142ad olejowy Harlequin CO2 1g\"}]},{\"@type\":\"WebSite\",\"@id\":\"https:\\\/\\\/medicinasinc.com\\\/pl\\\/#website\",\"url\":\"https:\\\/\\\/medicinasinc.com\\\/pl\\\/\",\"name\":\"Medicinas Inc\",\"description\":\"Health Medical Clinic\",\"potentialAction\":[{\"@type\":\"SearchAction\",\"target\":{\"@type\":\"EntryPoint\",\"urlTemplate\":\"https:\\\/\\\/medicinasinc.com\\\/pl\\\/?s={search_term_string}\"},\"query-input\":{\"@type\":\"PropertyValueSpecification\",\"valueRequired\":true,\"valueName\":\"search_term_string\"}}],\"inLanguage\":\"en-US\"}]}<\/script>\n<!-- \/ Yoast SEO plugin. -->","yoast_head_json":{"title":"Kup przez Internet 1g kartrid\u017c z olejem CO2 firmy Harlequin - najlepsze leki na \u015bwiecie","description":"Kup naboje Harlequin Co2 na sprzeda\u017c, wk\u0142ad arlequin vape, wk\u0142ad harlequin cbd vape, ... Kup wk\u0142ady olejowe THC Vape Pen, wk\u0142ady THC na sprzeda\u017c online. Kup przez Internet nab\u00f3j 1g oleju CO2 firmy Harlequin. UK THC Cartridges na sprzeda\u017c. Sprzedam naboje do oleju co2 Vape.","robots":{"index":"index","follow":"follow","max-snippet":"max-snippet:-1","max-image-preview":"max-image-preview:large","max-video-preview":"max-video-preview:-1"},"canonical":"https:\/\/medicinasinc.com\/pl\/product\/kup-arlekin-co2-oil-1g-wklad\/","og_locale":"en_US","og_type":"article","og_title":"Kup przez Internet 1g kartrid\u017c z olejem CO2 firmy Harlequin - najlepsze leki na \u015bwiecie","og_description":"Kup naboje Harlequin Co2 na sprzeda\u017c, wk\u0142ad arlequin vape, wk\u0142ad harlequin cbd vape, ... Kup wk\u0142ady olejowe THC Vape Pen, wk\u0142ady THC na sprzeda\u017c online. Kup przez Internet nab\u00f3j 1g oleju CO2 firmy Harlequin. UK THC Cartridges na sprzeda\u017c. Sprzedam naboje do oleju co2 Vape.","og_url":"https:\/\/medicinasinc.com\/pl\/product\/kup-arlekin-co2-oil-1g-wklad\/","og_site_name":"Medicinas Inc","article_modified_time":"2022-03-22T01:22:14+00:00","og_image":[{"width":600,"height":600,"url":"https:\/\/medicinasinc.com\/pl\/wp-content\/uploads\/sites\/13\/2022\/02\/Buy-Harlequin-CO2-Oil-1g-Cartridge-Online.jpg","type":"image\/jpeg"}],"twitter_card":"summary_large_image","twitter_misc":{"Est. reading time":"1 minute"},"schema":{"@context":"https:\/\/schema.org","@graph":[{"@type":"WebPage","@id":"https:\/\/medicinasinc.com\/pl\/product\/kup-arlekin-co2-oil-1g-wklad\/","url":"https:\/\/medicinasinc.com\/pl\/product\/kup-arlekin-co2-oil-1g-wklad\/","name":"Kup przez Internet 1g kartrid\u017c z olejem CO2 firmy Harlequin - najlepsze leki na \u015bwiecie","isPartOf":{"@id":"https:\/\/medicinasinc.com\/pl\/#website"},"primaryImageOfPage":{"@id":"https:\/\/medicinasinc.com\/pl\/product\/kup-arlekin-co2-oil-1g-wklad\/#primaryimage"},"image":{"@id":"https:\/\/medicinasinc.com\/pl\/product\/kup-arlekin-co2-oil-1g-wklad\/#primaryimage"},"thumbnailUrl":"https:\/\/medicinasinc.com\/pl\/wp-content\/uploads\/sites\/13\/2022\/02\/Buy-Harlequin-CO2-Oil-1g-Cartridge-Online.jpg","datePublished":"2022-02-20T08:40:15+00:00","dateModified":"2022-03-22T01:22:14+00:00","description":"Kup naboje Harlequin Co2 na sprzeda\u017c, wk\u0142ad arlequin vape, wk\u0142ad harlequin cbd vape, ... Kup wk\u0142ady olejowe THC Vape Pen, wk\u0142ady THC na sprzeda\u017c online. Kup przez Internet nab\u00f3j 1g oleju CO2 firmy Harlequin. UK THC Cartridges na sprzeda\u017c. Sprzedam naboje do oleju co2 Vape.","breadcrumb":{"@id":"https:\/\/medicinasinc.com\/pl\/product\/kup-arlekin-co2-oil-1g-wklad\/#breadcrumb"},"inLanguage":"en-US","potentialAction":[{"@type":"ReadAction","target":["https:\/\/medicinasinc.com\/pl\/product\/kup-arlekin-co2-oil-1g-wklad\/"]}]},{"@type":"ImageObject","inLanguage":"en-US","@id":"https:\/\/medicinasinc.com\/pl\/product\/kup-arlekin-co2-oil-1g-wklad\/#primaryimage","url":"https:\/\/medicinasinc.com\/pl\/wp-content\/uploads\/sites\/13\/2022\/02\/Buy-Harlequin-CO2-Oil-1g-Cartridge-Online.jpg","contentUrl":"https:\/\/medicinasinc.com\/pl\/wp-content\/uploads\/sites\/13\/2022\/02\/Buy-Harlequin-CO2-Oil-1g-Cartridge-Online.jpg","width":600,"height":600},{"@type":"BreadcrumbList","@id":"https:\/\/medicinasinc.com\/pl\/product\/kup-arlekin-co2-oil-1g-wklad\/#breadcrumb","itemListElement":[{"@type":"ListItem","position":1,"name":"Sklep","item":"https:\/\/medicinasinc.com\/pl\/sklep\/"},{"@type":"ListItem","position":2,"name":"Kup wk\u0142ad olejowy Harlequin CO2 1g"}]},{"@type":"WebSite","@id":"https:\/\/medicinasinc.com\/pl\/#website","url":"https:\/\/medicinasinc.com\/pl\/","name":"Medicinas Inc","description":"Health Medical Clinic","potentialAction":[{"@type":"SearchAction","target":{"@type":"EntryPoint","urlTemplate":"https:\/\/medicinasinc.com\/pl\/?s={search_term_string}"},"query-input":{"@type":"PropertyValueSpecification","valueRequired":true,"valueName":"search_term_string"}}],"inLanguage":"en-US"}]}},"_links":{"self":[{"href":"https:\/\/medicinasinc.com\/pl\/wp-json\/wp\/v2\/product\/4374","targetHints":{"allow":["GET"]}}],"collection":[{"href":"https:\/\/medicinasinc.com\/pl\/wp-json\/wp\/v2\/product"}],"about":[{"href":"https:\/\/medicinasinc.com\/pl\/wp-json\/wp\/v2\/types\/product"}],"replies":[{"embeddable":true,"href":"https:\/\/medicinasinc.com\/pl\/wp-json\/wp\/v2\/comments?post=4374"}],"wp:featuredmedia":[{"embeddable":true,"href":"https:\/\/medicinasinc.com\/pl\/wp-json\/wp\/v2\/media\/4409"}],"wp:attachment":[{"href":"https:\/\/medicinasinc.com\/pl\/wp-json\/wp\/v2\/media?parent=4374"}],"wp:term":[{"taxonomy":"product_brand","embeddable":true,"href":"https:\/\/medicinasinc.com\/pl\/wp-json\/wp\/v2\/product_brand?post=4374"},{"taxonomy":"product_cat","embeddable":true,"href":"https:\/\/medicinasinc.com\/pl\/wp-json\/wp\/v2\/product_cat?post=4374"},{"taxonomy":"product_tag","embeddable":true,"href":"https:\/\/medicinasinc.com\/pl\/wp-json\/wp\/v2\/product_tag?post=4374"}],"curies":[{"name":"wp","href":"https:\/\/api.w.org\/{rel}","templated":true}]}}