{"id":4367,"date":"2022-02-20T08:35:49","date_gmt":"2022-02-20T08:35:49","guid":{"rendered":"https:\/\/medicinasinc.com\/pl\/?post_type=product&#038;p=4367"},"modified":"2022-03-22T01:22:25","modified_gmt":"2022-03-22T01:22:25","slug":"kup-kannatoniczny-co2-olej-wklad","status":"publish","type":"product","link":"https:\/\/medicinasinc.com\/pl\/product\/kup-kannatoniczny-co2-olej-wklad\/","title":{"rendered":"Kup kannatoniczny wk\u0142ad z olejem CO2"},"content":{"rendered":"<p>Kup wk\u0142ady Rick Simpson Cannabis Oil 1g przez Internet w Stanach Zjednoczonych Ameryki.<\/p>\n<p>Kup Rick Simpson Cannabis Oil 1g wk\u0142ady online w Stanach Zjednoczonych Ameryki.<\/p>\n<p>Po namoczeniu najlepsze konopie w czystej nafcie lub alkoholu izopropylowym, zwi\u0105zki terapeutyczne s\u0105 ekstrahowane z ro\u015bliny, pozostawiaj\u0105c po sobie smolist\u0105 ciecz, gdy rozpuszczalnik ca\u0142kowicie wyparowuje. Pozyskujemy wysokiej jako\u015bci olej konopny Rick Simpson. Mo\u017cna go przyjmowa\u0107 doustnie lub nak\u0142ada\u0107 bezpo\u015brednio na sk\u00f3r\u0119.<\/p>\n<p>Waszyngton, DC, olej Rick Simpson<\/p>\n<p>Olej Rick Simpson to waporyzowany roztw\u00f3r na bazie konopi. Dla wielu ludzi by\u0142o to wyj\u015bcie z raka. Ponadto olej jest okre\u015blany jako olej konopny Ricka Simpsona i olej konopny Ricka Simpsona.<\/p>\n<p>Je\u015bli bada\u0142e\u015b marihuan\u0119 do cel\u00f3w leczniczych, by\u0107 mo\u017ce natkn\u0105\u0142e\u015b si\u0119 na olej Ricka Simpsona. RSO to jedyny w swoim rodzaju ekstrakt z konopi, kt\u00f3ry swoj\u0105 nazw\u0119 zawdzi\u0119cza cz\u0142owiekowi o imieniu Rick Simpson.<\/p>\n<p>Jest to niezwykle silny ekstrakt z konopi indyjskich o wysokim st\u0119\u017ceniu THC, psychoaktywnego sk\u0142adnik konopi. Olejek jest wytwarzany poprzez zag\u0119szczanie zawarto\u015bci THC w suszonych kwiatach wska\u017anikowych za pomoc\u0105 rozpuszczalnego \u015brodka. Indica jest preferowana w stosunku do innych szczep\u00f3w ze wzgl\u0119du na jej dzia\u0142anie uspokajaj\u0105ce. Ze wzgl\u0119du na wysokie st\u0119\u017cenie materia\u0142u ro\u015blinnego i brak olejk\u00f3w transporterowych, uzyskany olej ma ciemny, ziemisty kolor i jest g\u0119sty, w przeciwie\u0144stwie do licznych koncentrat\u00f3w, do kt\u00f3rych jeste\u015bmy przyzwyczajeni.<\/p>\n<p>Olej zosta\u0142 odkryty w 2003. Rick Simpson zosta\u0142 zdiagnozowany jako rodzaj raka sk\u00f3ry i zwr\u00f3ci\u0142 si\u0119 do marihuany w celu leczenia. Niedawno zapyta\u0142, czy marihuana mo\u017ce pom\u00f3c w jego r\u00f3\u017cnych dolegliwo\u015bciach, ale spotka\u0142 si\u0119 z niezadowoleniem. Odszuka\u0142 ro\u015blin\u0119 na w\u0142asn\u0105 r\u0119k\u0119 i wierzy\u0142, \u017ce uspokoi\u0142a jego wskazania. Kiedy zda\u0142 sobie spraw\u0119, \u017ce ma raka, przejrza\u0142 dochodzenie, w kt\u00f3rym odkryto, \u017ce konopie indyjskie mog\u0105 zmniejsza\u0107 guzy u myszy, i zdecydowa\u0142 si\u0119 na skuteczn\u0105 aran\u017cacj\u0119 konopi.<\/p>\n<p>Przez cztery dni nak\u0142ada\u0142 koncentraty konopi na gaz\u0119 i zakrywa\u0142 guzy. Kiedy wyeliminowa\u0142 pokosy, guzy znikn\u0119\u0142y. To odkrycie sk\u0142oni\u0142o do za\u0142o\u017cenia firmy Rick Simpson Oil. W ka\u017cdym razie zacz\u0105\u0142 dzieli\u0107 si\u0119 swoimi spostrze\u017ceniami, zbieraj\u0105c konopie indyjskie i produkuj\u0105c olej dla innych os\u00f3b, kt\u00f3re zosta\u0142y pozbawione prawa przed napotkaniem trudno\u015bci prawnych. W tej chwili Rick Simpson zach\u0119ca innych do robienia w\u0142asnego oleju i podaje wskaz\u00f3wki.<\/p>\n<p>Je\u015bli szukasz najlepszego oleju na \u015bwiecie, najlepiej postawi\u0107 na olej Rick Simpson Washington. Waszyngtonowi dostarczamy czysty olejek Ricka Simpsona. Z\u0142\u00f3\u017c zam\u00f3wienie teraz, a zostanie dostarczone do domu w ci\u0105gu kilku dni.<\/p>\n<p>Medycyna, kt\u00f3ra jest zar\u00f3wno bezpieczna, jak i skuteczna<br \/> Olej z konopi Rick Simpson jest klas\u0105 sam\u0105 w sobie ze wzgl\u0119du na brak -toksyczna natura. Je\u015bli szukasz bezpiecznego sposobu na leczenie raka lub wielu innych dolegliwo\u015bci, odpowiedzi\u0105 mo\u017ce by\u0107 olej konopny Ricka Simpsona. Nie potrzebujesz nawet nadzoru lekarza, aby u\u017cywa\u0107 tego oleju.<\/p>\n","protected":false},"excerpt":{"rendered":"<p>Kupuj bezpiecznie i niedrogo wk\u0142ady z olejem Cannatonic CO2 przez Internet. Odkryj r\u00f3\u017cnorodny wyb\u00f3r wysokiej jako\u015bci produkt\u00f3w z marihuan\u0105 dost\u0119pnych w sprzeda\u017cy w Stanach Zjednoczonych, Europie i Wielkiej Brytanii!<\/p>\n<p>Kup wk\u0142ady z olejem konopnym Rick Simpson 1 g przez Internet w Stanach Zjednoczonych Ameryki.<\/p>\n<p>Rick Simpson Cannabis Oil jest dost\u0119pny w wielu odmianach. R\u00f3\u017cne CBD i St\u0119\u017cenia THC w przypadku raka i wi\u0119cej.<\/p>\n<p>Kup Rick Simpson 1g naboje z olejem z konopi<\/p>\n<p>Cena produktu jest nast\u0119puj\u0105ca: za 1g nab\u00f3j<br \/> Minimalna ilo\u015b\u0107 zam\u00f3wienia to 5 naboj\u00f3w. <\/p>\n","protected":false},"featured_media":4402,"comment_status":"open","ping_status":"closed","template":"","meta":[],"product_brand":[],"product_cat":[440],"product_tag":[451,456,464,466,467,468,469,471,472,477,480,474,473,470,475,452,455,457,458,459,461,462,463,453,465,460,476,454,478,479],"class_list":{"0":"post-4367","1":"product","2":"type-product","3":"status-publish","4":"has-post-thumbnail","6":"product_cat-kup-konopi-olej-cbd","7":"product_tag-buy-cannabis-with-bitcoin","8":"product_tag-buy-marijuana-online-bitcoin","9":"product_tag-buy-moonrocks-online","10":"product_tag-buy-weed-in-france","11":"product_tag-buy-weed-in-ireland","12":"product_tag-buy-weed-in-switzerland","13":"product_tag-buy-weed-in-usa","14":"product_tag-buy-weed-online-bitcoin","15":"product_tag-buy-weed-online-discreetly","16":"product_tag-buying-weed-online","17":"product_tag-gdzie-kupi-marihuan-online","18":"product_tag-kup-chwastw-on-line-legalnie","19":"product_tag-kup-chwastw-online-europa","20":"product_tag-kup-chwastw-online","21":"product_tag-kup-chwastw-online-uk","22":"product_tag-kup-kannatoniczny-co2-olej-wkad","23":"product_tag-kup-marihuan-online","24":"product_tag-kup-marihuan-online-europa","25":"product_tag-kup-marihuan-online-w-usa","26":"product_tag-kubek-marihuany-c4-99-online-usa","27":"product_tag-kup-medyczn-marihuan-online","28":"product_tag-kup-moonrock-online-bitcoin","29":"product_tag-kup-moonrock-online-uk","30":"product_tag-kup-kannatoniczny-co2-olej-wkad-online","31":"product_tag-kup-chwastw-w-australii","32":"product_tag-kup-marihuana-wosk-online-usa","33":"product_tag-kupowanie-marihuany-online","34":"product_tag-kup-marihuany-jadalne-online","35":"product_tag-kush-na-sprzeda","36":"product_tag-marijuana-for-sale","38":"first","39":"instock","40":"shipping-taxable","41":"purchasable","42":"product-type-variable","43":"has-default-attributes"},"yoast_head":"<!-- This site is optimized with the Yoast SEO plugin v27.3 - https:\/\/yoast.com\/product\/yoast-seo-wordpress\/ -->\n<title>Kup nab\u00f3j Cannatonic CO2 Oil 1g przez Internet (kopia) - Best Global Meds<\/title>\n<meta name=\"description\" content=\"Kupuj bezpiecznie online wk\u0142ad z olejem Cannatonic CO2 w przyst\u0119pnych cenach. Odkryj szerok\u0105 gam\u0119 wysokiej jako\u015bci produkt\u00f3w chwast\u00f3w na sprzeda\u017c w USA, UE, Wielkiej Brytanii!\" \/>\n<meta name=\"robots\" content=\"index, follow, max-snippet:-1, max-image-preview:large, max-video-preview:-1\" \/>\n<link rel=\"canonical\" href=\"https:\/\/medicinasinc.com\/pl\/product\/kup-kannatoniczny-co2-olej-wklad\/\" \/>\n<meta property=\"og:locale\" content=\"en_US\" \/>\n<meta property=\"og:type\" content=\"article\" \/>\n<meta property=\"og:title\" content=\"Kup nab\u00f3j Cannatonic CO2 Oil 1g przez Internet (kopia) - Best Global Meds\" \/>\n<meta property=\"og:description\" content=\"Kupuj bezpiecznie online wk\u0142ad z olejem Cannatonic CO2 w przyst\u0119pnych cenach. Odkryj szerok\u0105 gam\u0119 wysokiej jako\u015bci produkt\u00f3w chwast\u00f3w na sprzeda\u017c w USA, UE, Wielkiej Brytanii!\" \/>\n<meta property=\"og:url\" content=\"https:\/\/medicinasinc.com\/pl\/product\/kup-kannatoniczny-co2-olej-wklad\/\" \/>\n<meta property=\"og:site_name\" content=\"Medicinas Inc\" \/>\n<meta property=\"article:modified_time\" content=\"2022-03-22T01:22:25+00:00\" \/>\n<meta property=\"og:image\" content=\"https:\/\/medicinasinc.com\/pl\/wp-content\/uploads\/sites\/13\/2022\/02\/Buy-Cannatonic-CO2-Oil-Cartridge.png\" \/>\n\t<meta property=\"og:image:width\" content=\"542\" \/>\n\t<meta property=\"og:image:height\" content=\"420\" \/>\n\t<meta property=\"og:image:type\" content=\"image\/png\" \/>\n<meta name=\"twitter:card\" content=\"summary_large_image\" \/>\n<meta name=\"twitter:label1\" content=\"Est. reading time\" \/>\n\t<meta name=\"twitter:data1\" content=\"3 minutes\" \/>\n<script type=\"application\/ld+json\" class=\"yoast-schema-graph\">{\"@context\":\"https:\\\/\\\/schema.org\",\"@graph\":[{\"@type\":\"WebPage\",\"@id\":\"https:\\\/\\\/medicinasinc.com\\\/pl\\\/product\\\/kup-kannatoniczny-co2-olej-wklad\\\/\",\"url\":\"https:\\\/\\\/medicinasinc.com\\\/pl\\\/product\\\/kup-kannatoniczny-co2-olej-wklad\\\/\",\"name\":\"Kup nab\u00f3j Cannatonic CO2 Oil 1g przez Internet (kopia) - Best Global Meds\",\"isPartOf\":{\"@id\":\"https:\\\/\\\/medicinasinc.com\\\/pl\\\/#website\"},\"primaryImageOfPage\":{\"@id\":\"https:\\\/\\\/medicinasinc.com\\\/pl\\\/product\\\/kup-kannatoniczny-co2-olej-wklad\\\/#primaryimage\"},\"image\":{\"@id\":\"https:\\\/\\\/medicinasinc.com\\\/pl\\\/product\\\/kup-kannatoniczny-co2-olej-wklad\\\/#primaryimage\"},\"thumbnailUrl\":\"https:\\\/\\\/medicinasinc.com\\\/pl\\\/wp-content\\\/uploads\\\/sites\\\/13\\\/2022\\\/02\\\/Buy-Cannatonic-CO2-Oil-Cartridge.png\",\"datePublished\":\"2022-02-20T08:35:49+00:00\",\"dateModified\":\"2022-03-22T01:22:25+00:00\",\"description\":\"Kupuj bezpiecznie online wk\u0142ad z olejem Cannatonic CO2 w przyst\u0119pnych cenach. Odkryj szerok\u0105 gam\u0119 wysokiej jako\u015bci produkt\u00f3w chwast\u00f3w na sprzeda\u017c w USA, UE, Wielkiej Brytanii!\",\"breadcrumb\":{\"@id\":\"https:\\\/\\\/medicinasinc.com\\\/pl\\\/product\\\/kup-kannatoniczny-co2-olej-wklad\\\/#breadcrumb\"},\"inLanguage\":\"en-US\",\"potentialAction\":[{\"@type\":\"ReadAction\",\"target\":[\"https:\\\/\\\/medicinasinc.com\\\/pl\\\/product\\\/kup-kannatoniczny-co2-olej-wklad\\\/\"]}]},{\"@type\":\"ImageObject\",\"inLanguage\":\"en-US\",\"@id\":\"https:\\\/\\\/medicinasinc.com\\\/pl\\\/product\\\/kup-kannatoniczny-co2-olej-wklad\\\/#primaryimage\",\"url\":\"https:\\\/\\\/medicinasinc.com\\\/pl\\\/wp-content\\\/uploads\\\/sites\\\/13\\\/2022\\\/02\\\/Buy-Cannatonic-CO2-Oil-Cartridge.png\",\"contentUrl\":\"https:\\\/\\\/medicinasinc.com\\\/pl\\\/wp-content\\\/uploads\\\/sites\\\/13\\\/2022\\\/02\\\/Buy-Cannatonic-CO2-Oil-Cartridge.png\",\"width\":542,\"height\":420},{\"@type\":\"BreadcrumbList\",\"@id\":\"https:\\\/\\\/medicinasinc.com\\\/pl\\\/product\\\/kup-kannatoniczny-co2-olej-wklad\\\/#breadcrumb\",\"itemListElement\":[{\"@type\":\"ListItem\",\"position\":1,\"name\":\"Sklep\",\"item\":\"https:\\\/\\\/medicinasinc.com\\\/pl\\\/sklep\\\/\"},{\"@type\":\"ListItem\",\"position\":2,\"name\":\"Kup kannatoniczny wk\u0142ad z olejem CO2\"}]},{\"@type\":\"WebSite\",\"@id\":\"https:\\\/\\\/medicinasinc.com\\\/pl\\\/#website\",\"url\":\"https:\\\/\\\/medicinasinc.com\\\/pl\\\/\",\"name\":\"Medicinas Inc\",\"description\":\"Health Medical Clinic\",\"potentialAction\":[{\"@type\":\"SearchAction\",\"target\":{\"@type\":\"EntryPoint\",\"urlTemplate\":\"https:\\\/\\\/medicinasinc.com\\\/pl\\\/?s={search_term_string}\"},\"query-input\":{\"@type\":\"PropertyValueSpecification\",\"valueRequired\":true,\"valueName\":\"search_term_string\"}}],\"inLanguage\":\"en-US\"}]}<\/script>\n<!-- \/ Yoast SEO plugin. -->","yoast_head_json":{"title":"Kup nab\u00f3j Cannatonic CO2 Oil 1g przez Internet (kopia) - Best Global Meds","description":"Kupuj bezpiecznie online wk\u0142ad z olejem Cannatonic CO2 w przyst\u0119pnych cenach. Odkryj szerok\u0105 gam\u0119 wysokiej jako\u015bci produkt\u00f3w chwast\u00f3w na sprzeda\u017c w USA, UE, Wielkiej Brytanii!","robots":{"index":"index","follow":"follow","max-snippet":"max-snippet:-1","max-image-preview":"max-image-preview:large","max-video-preview":"max-video-preview:-1"},"canonical":"https:\/\/medicinasinc.com\/pl\/product\/kup-kannatoniczny-co2-olej-wklad\/","og_locale":"en_US","og_type":"article","og_title":"Kup nab\u00f3j Cannatonic CO2 Oil 1g przez Internet (kopia) - Best Global Meds","og_description":"Kupuj bezpiecznie online wk\u0142ad z olejem Cannatonic CO2 w przyst\u0119pnych cenach. Odkryj szerok\u0105 gam\u0119 wysokiej jako\u015bci produkt\u00f3w chwast\u00f3w na sprzeda\u017c w USA, UE, Wielkiej Brytanii!","og_url":"https:\/\/medicinasinc.com\/pl\/product\/kup-kannatoniczny-co2-olej-wklad\/","og_site_name":"Medicinas Inc","article_modified_time":"2022-03-22T01:22:25+00:00","og_image":[{"width":542,"height":420,"url":"https:\/\/medicinasinc.com\/pl\/wp-content\/uploads\/sites\/13\/2022\/02\/Buy-Cannatonic-CO2-Oil-Cartridge.png","type":"image\/png"}],"twitter_card":"summary_large_image","twitter_misc":{"Est. reading time":"3 minutes"},"schema":{"@context":"https:\/\/schema.org","@graph":[{"@type":"WebPage","@id":"https:\/\/medicinasinc.com\/pl\/product\/kup-kannatoniczny-co2-olej-wklad\/","url":"https:\/\/medicinasinc.com\/pl\/product\/kup-kannatoniczny-co2-olej-wklad\/","name":"Kup nab\u00f3j Cannatonic CO2 Oil 1g przez Internet (kopia) - Best Global Meds","isPartOf":{"@id":"https:\/\/medicinasinc.com\/pl\/#website"},"primaryImageOfPage":{"@id":"https:\/\/medicinasinc.com\/pl\/product\/kup-kannatoniczny-co2-olej-wklad\/#primaryimage"},"image":{"@id":"https:\/\/medicinasinc.com\/pl\/product\/kup-kannatoniczny-co2-olej-wklad\/#primaryimage"},"thumbnailUrl":"https:\/\/medicinasinc.com\/pl\/wp-content\/uploads\/sites\/13\/2022\/02\/Buy-Cannatonic-CO2-Oil-Cartridge.png","datePublished":"2022-02-20T08:35:49+00:00","dateModified":"2022-03-22T01:22:25+00:00","description":"Kupuj bezpiecznie online wk\u0142ad z olejem Cannatonic CO2 w przyst\u0119pnych cenach. Odkryj szerok\u0105 gam\u0119 wysokiej jako\u015bci produkt\u00f3w chwast\u00f3w na sprzeda\u017c w USA, UE, Wielkiej Brytanii!","breadcrumb":{"@id":"https:\/\/medicinasinc.com\/pl\/product\/kup-kannatoniczny-co2-olej-wklad\/#breadcrumb"},"inLanguage":"en-US","potentialAction":[{"@type":"ReadAction","target":["https:\/\/medicinasinc.com\/pl\/product\/kup-kannatoniczny-co2-olej-wklad\/"]}]},{"@type":"ImageObject","inLanguage":"en-US","@id":"https:\/\/medicinasinc.com\/pl\/product\/kup-kannatoniczny-co2-olej-wklad\/#primaryimage","url":"https:\/\/medicinasinc.com\/pl\/wp-content\/uploads\/sites\/13\/2022\/02\/Buy-Cannatonic-CO2-Oil-Cartridge.png","contentUrl":"https:\/\/medicinasinc.com\/pl\/wp-content\/uploads\/sites\/13\/2022\/02\/Buy-Cannatonic-CO2-Oil-Cartridge.png","width":542,"height":420},{"@type":"BreadcrumbList","@id":"https:\/\/medicinasinc.com\/pl\/product\/kup-kannatoniczny-co2-olej-wklad\/#breadcrumb","itemListElement":[{"@type":"ListItem","position":1,"name":"Sklep","item":"https:\/\/medicinasinc.com\/pl\/sklep\/"},{"@type":"ListItem","position":2,"name":"Kup kannatoniczny wk\u0142ad z olejem CO2"}]},{"@type":"WebSite","@id":"https:\/\/medicinasinc.com\/pl\/#website","url":"https:\/\/medicinasinc.com\/pl\/","name":"Medicinas Inc","description":"Health Medical Clinic","potentialAction":[{"@type":"SearchAction","target":{"@type":"EntryPoint","urlTemplate":"https:\/\/medicinasinc.com\/pl\/?s={search_term_string}"},"query-input":{"@type":"PropertyValueSpecification","valueRequired":true,"valueName":"search_term_string"}}],"inLanguage":"en-US"}]}},"_links":{"self":[{"href":"https:\/\/medicinasinc.com\/pl\/wp-json\/wp\/v2\/product\/4367","targetHints":{"allow":["GET"]}}],"collection":[{"href":"https:\/\/medicinasinc.com\/pl\/wp-json\/wp\/v2\/product"}],"about":[{"href":"https:\/\/medicinasinc.com\/pl\/wp-json\/wp\/v2\/types\/product"}],"replies":[{"embeddable":true,"href":"https:\/\/medicinasinc.com\/pl\/wp-json\/wp\/v2\/comments?post=4367"}],"wp:featuredmedia":[{"embeddable":true,"href":"https:\/\/medicinasinc.com\/pl\/wp-json\/wp\/v2\/media\/4402"}],"wp:attachment":[{"href":"https:\/\/medicinasinc.com\/pl\/wp-json\/wp\/v2\/media?parent=4367"}],"wp:term":[{"taxonomy":"product_brand","embeddable":true,"href":"https:\/\/medicinasinc.com\/pl\/wp-json\/wp\/v2\/product_brand?post=4367"},{"taxonomy":"product_cat","embeddable":true,"href":"https:\/\/medicinasinc.com\/pl\/wp-json\/wp\/v2\/product_cat?post=4367"},{"taxonomy":"product_tag","embeddable":true,"href":"https:\/\/medicinasinc.com\/pl\/wp-json\/wp\/v2\/product_tag?post=4367"}],"curies":[{"name":"wp","href":"https:\/\/api.w.org\/{rel}","templated":true}]}}