{"id":4359,"date":"2022-02-20T08:31:50","date_gmt":"2022-02-20T08:31:50","guid":{"rendered":"https:\/\/medicinasinc.com\/pl\/?post_type=product&#038;p=4359"},"modified":"2022-03-22T01:22:33","modified_gmt":"2022-03-22T01:22:33","slug":"kup-fab-cbd-olej-300mg-600mg-1200mg","status":"publish","type":"product","link":"https:\/\/medicinasinc.com\/pl\/product\/kup-fab-cbd-olej-300mg-600mg-1200mg\/","title":{"rendered":"Kup olej Fab CBD 300 mg, 600 mg, 1200 mg"},"content":{"rendered":"<p>Krople oleju CBD to doskona\u0142y spos\u00f3b na promowanie og\u00f3lnego samopoczucia i witalno\u015bci. Oferujemy r\u00f3\u017cne smaki oleju konopnego CBD, kt\u00f3re s\u0105 popularne w\u015br\u00f3d naszych klient\u00f3w, w tym cytrusowy, mi\u0119towy, naturalny, jagodowy i waniliowy. Aromat oleju FAB CBD Oil pochodzi z najlepszych sk\u0142adnik\u00f3w. Ciesz si\u0119 pysznym smakiem i aromatem tych aromatyzowanych olejk\u00f3w CBD lub tradycyjnym smakiem naszego naturalnego oleju CBD.<\/p>\n","protected":false},"excerpt":{"rendered":"<p>Kup Fab CBD Oil 300 mg, Kup Fab CBD Oil 600 mg, Kup Fab CBD 2400 mg, olej CBD, kt\u00f3ry sprawi, \u017ce b\u0119dziesz szcz\u0119\u015bliwy, najlepszy olej z izolatu CBD, kup nalewk\u0119 CBD przez Internet, gnc olej CBD na niepok\u00f3j, jadalne krople oleju CBD, Amazon fab cbd, fab cbd bia\u0142a etykieta,<\/p>\n<p><strong>Minimalna ilo\u015b\u0107 zam\u00f3wienia to: 5 wk\u0142ad\u00f3w<\/strong><\/p>\n","protected":false},"featured_media":4394,"comment_status":"open","ping_status":"closed","template":"","meta":[],"product_brand":[],"product_cat":[440],"product_tag":[441,442,444,445,449,450,447,443,446,448],"class_list":{"0":"post-4359","1":"product","2":"type-product","3":"status-publish","4":"has-post-thumbnail","6":"product_cat-kup-konopi-olej-cbd","7":"product_tag-amazon-fab-cbd","8":"product_tag-best-cbd-isolate-oil","9":"product_tag-buy-fab-cbd-2400-mg","10":"product_tag-buy-fab-cbd-oil-300mg","11":"product_tag-fab-cbd-biaa-etykieta","12":"product_tag-gnc-cbd-olej-na-lk","13":"product_tag-cbd-olej-jadalny-krople","14":"product_tag-kup-nalewka-cbd-online","15":"product_tag-kup-fab-cbd-olej-600mg","16":"product_tag-olej-cbd-ktry-uszczliwia","18":"first","19":"instock","20":"shipping-taxable","21":"purchasable","22":"product-type-variable","23":"has-default-attributes"},"yoast_head":"<!-- This site is optimized with the Yoast SEO plugin v27.3 - https:\/\/yoast.com\/product\/yoast-seo-wordpress\/ -->\n<title>Kup olej Fab CBD 300 mg, 600 mg, 1200 mg - Najlepsze leki na \u015bwiecie<\/title>\n<meta name=\"description\" content=\"Kup olej Fab CBD 300 mg, kup olej Fab CBD 600 mg, kup fab cbd 2400 mg, olej CBD, kt\u00f3ry sprawi, \u017ce b\u0119dziesz szcz\u0119\u015bliwy, najlepszy olej z izolatu CBD, kup nalewk\u0119 CBD przez Internet, olej gnc cbd na niepok\u00f3j, jadalne krople oleju CBD, amazon fab cbd, fajna bia\u0142a etykieta cbd,\" \/>\n<meta name=\"robots\" content=\"index, follow, max-snippet:-1, max-image-preview:large, max-video-preview:-1\" \/>\n<link rel=\"canonical\" href=\"https:\/\/medicinasinc.com\/pl\/product\/kup-fab-cbd-olej-300mg-600mg-1200mg\/\" \/>\n<meta property=\"og:locale\" content=\"en_US\" \/>\n<meta property=\"og:type\" content=\"article\" \/>\n<meta property=\"og:title\" content=\"Kup olej Fab CBD 300 mg, 600 mg, 1200 mg - Najlepsze leki na \u015bwiecie\" \/>\n<meta property=\"og:description\" content=\"Kup olej Fab CBD 300 mg, kup olej Fab CBD 600 mg, kup fab cbd 2400 mg, olej CBD, kt\u00f3ry sprawi, \u017ce b\u0119dziesz szcz\u0119\u015bliwy, najlepszy olej z izolatu CBD, kup nalewk\u0119 CBD przez Internet, olej gnc cbd na niepok\u00f3j, jadalne krople oleju CBD, amazon fab cbd, fajna bia\u0142a etykieta cbd,\" \/>\n<meta property=\"og:url\" content=\"https:\/\/medicinasinc.com\/pl\/product\/kup-fab-cbd-olej-300mg-600mg-1200mg\/\" \/>\n<meta property=\"og:site_name\" content=\"Medicinas Inc\" \/>\n<meta property=\"article:modified_time\" content=\"2022-03-22T01:22:33+00:00\" \/>\n<meta property=\"og:image\" content=\"https:\/\/medicinasinc.com\/pl\/wp-content\/uploads\/sites\/13\/2022\/02\/Buy-Fab-CBD-Oil.jpg\" \/>\n\t<meta property=\"og:image:width\" content=\"600\" \/>\n\t<meta property=\"og:image:height\" content=\"600\" \/>\n\t<meta property=\"og:image:type\" content=\"image\/jpeg\" \/>\n<meta name=\"twitter:card\" content=\"summary_large_image\" \/>\n<meta name=\"twitter:label1\" content=\"Est. reading time\" \/>\n\t<meta name=\"twitter:data1\" content=\"1 minute\" \/>\n<script type=\"application\/ld+json\" class=\"yoast-schema-graph\">{\"@context\":\"https:\\\/\\\/schema.org\",\"@graph\":[{\"@type\":\"WebPage\",\"@id\":\"https:\\\/\\\/medicinasinc.com\\\/pl\\\/product\\\/kup-fab-cbd-olej-300mg-600mg-1200mg\\\/\",\"url\":\"https:\\\/\\\/medicinasinc.com\\\/pl\\\/product\\\/kup-fab-cbd-olej-300mg-600mg-1200mg\\\/\",\"name\":\"Kup olej Fab CBD 300 mg, 600 mg, 1200 mg - Najlepsze leki na \u015bwiecie\",\"isPartOf\":{\"@id\":\"https:\\\/\\\/medicinasinc.com\\\/pl\\\/#website\"},\"primaryImageOfPage\":{\"@id\":\"https:\\\/\\\/medicinasinc.com\\\/pl\\\/product\\\/kup-fab-cbd-olej-300mg-600mg-1200mg\\\/#primaryimage\"},\"image\":{\"@id\":\"https:\\\/\\\/medicinasinc.com\\\/pl\\\/product\\\/kup-fab-cbd-olej-300mg-600mg-1200mg\\\/#primaryimage\"},\"thumbnailUrl\":\"https:\\\/\\\/medicinasinc.com\\\/pl\\\/wp-content\\\/uploads\\\/sites\\\/13\\\/2022\\\/02\\\/Buy-Fab-CBD-Oil.jpg\",\"datePublished\":\"2022-02-20T08:31:50+00:00\",\"dateModified\":\"2022-03-22T01:22:33+00:00\",\"description\":\"Kup olej Fab CBD 300 mg, kup olej Fab CBD 600 mg, kup fab cbd 2400 mg, olej CBD, kt\u00f3ry sprawi, \u017ce b\u0119dziesz szcz\u0119\u015bliwy, najlepszy olej z izolatu CBD, kup nalewk\u0119 CBD przez Internet, olej gnc cbd na niepok\u00f3j, jadalne krople oleju CBD, amazon fab cbd, fajna bia\u0142a etykieta cbd,\",\"breadcrumb\":{\"@id\":\"https:\\\/\\\/medicinasinc.com\\\/pl\\\/product\\\/kup-fab-cbd-olej-300mg-600mg-1200mg\\\/#breadcrumb\"},\"inLanguage\":\"en-US\",\"potentialAction\":[{\"@type\":\"ReadAction\",\"target\":[\"https:\\\/\\\/medicinasinc.com\\\/pl\\\/product\\\/kup-fab-cbd-olej-300mg-600mg-1200mg\\\/\"]}]},{\"@type\":\"ImageObject\",\"inLanguage\":\"en-US\",\"@id\":\"https:\\\/\\\/medicinasinc.com\\\/pl\\\/product\\\/kup-fab-cbd-olej-300mg-600mg-1200mg\\\/#primaryimage\",\"url\":\"https:\\\/\\\/medicinasinc.com\\\/pl\\\/wp-content\\\/uploads\\\/sites\\\/13\\\/2022\\\/02\\\/Buy-Fab-CBD-Oil.jpg\",\"contentUrl\":\"https:\\\/\\\/medicinasinc.com\\\/pl\\\/wp-content\\\/uploads\\\/sites\\\/13\\\/2022\\\/02\\\/Buy-Fab-CBD-Oil.jpg\",\"width\":600,\"height\":600},{\"@type\":\"BreadcrumbList\",\"@id\":\"https:\\\/\\\/medicinasinc.com\\\/pl\\\/product\\\/kup-fab-cbd-olej-300mg-600mg-1200mg\\\/#breadcrumb\",\"itemListElement\":[{\"@type\":\"ListItem\",\"position\":1,\"name\":\"Sklep\",\"item\":\"https:\\\/\\\/medicinasinc.com\\\/pl\\\/sklep\\\/\"},{\"@type\":\"ListItem\",\"position\":2,\"name\":\"Kup olej Fab CBD 300 mg, 600 mg, 1200 mg\"}]},{\"@type\":\"WebSite\",\"@id\":\"https:\\\/\\\/medicinasinc.com\\\/pl\\\/#website\",\"url\":\"https:\\\/\\\/medicinasinc.com\\\/pl\\\/\",\"name\":\"Medicinas Inc\",\"description\":\"Health Medical Clinic\",\"potentialAction\":[{\"@type\":\"SearchAction\",\"target\":{\"@type\":\"EntryPoint\",\"urlTemplate\":\"https:\\\/\\\/medicinasinc.com\\\/pl\\\/?s={search_term_string}\"},\"query-input\":{\"@type\":\"PropertyValueSpecification\",\"valueRequired\":true,\"valueName\":\"search_term_string\"}}],\"inLanguage\":\"en-US\"}]}<\/script>\n<!-- \/ Yoast SEO plugin. -->","yoast_head_json":{"title":"Kup olej Fab CBD 300 mg, 600 mg, 1200 mg - Najlepsze leki na \u015bwiecie","description":"Kup olej Fab CBD 300 mg, kup olej Fab CBD 600 mg, kup fab cbd 2400 mg, olej CBD, kt\u00f3ry sprawi, \u017ce b\u0119dziesz szcz\u0119\u015bliwy, najlepszy olej z izolatu CBD, kup nalewk\u0119 CBD przez Internet, olej gnc cbd na niepok\u00f3j, jadalne krople oleju CBD, amazon fab cbd, fajna bia\u0142a etykieta cbd,","robots":{"index":"index","follow":"follow","max-snippet":"max-snippet:-1","max-image-preview":"max-image-preview:large","max-video-preview":"max-video-preview:-1"},"canonical":"https:\/\/medicinasinc.com\/pl\/product\/kup-fab-cbd-olej-300mg-600mg-1200mg\/","og_locale":"en_US","og_type":"article","og_title":"Kup olej Fab CBD 300 mg, 600 mg, 1200 mg - Najlepsze leki na \u015bwiecie","og_description":"Kup olej Fab CBD 300 mg, kup olej Fab CBD 600 mg, kup fab cbd 2400 mg, olej CBD, kt\u00f3ry sprawi, \u017ce b\u0119dziesz szcz\u0119\u015bliwy, najlepszy olej z izolatu CBD, kup nalewk\u0119 CBD przez Internet, olej gnc cbd na niepok\u00f3j, jadalne krople oleju CBD, amazon fab cbd, fajna bia\u0142a etykieta cbd,","og_url":"https:\/\/medicinasinc.com\/pl\/product\/kup-fab-cbd-olej-300mg-600mg-1200mg\/","og_site_name":"Medicinas Inc","article_modified_time":"2022-03-22T01:22:33+00:00","og_image":[{"width":600,"height":600,"url":"https:\/\/medicinasinc.com\/pl\/wp-content\/uploads\/sites\/13\/2022\/02\/Buy-Fab-CBD-Oil.jpg","type":"image\/jpeg"}],"twitter_card":"summary_large_image","twitter_misc":{"Est. reading time":"1 minute"},"schema":{"@context":"https:\/\/schema.org","@graph":[{"@type":"WebPage","@id":"https:\/\/medicinasinc.com\/pl\/product\/kup-fab-cbd-olej-300mg-600mg-1200mg\/","url":"https:\/\/medicinasinc.com\/pl\/product\/kup-fab-cbd-olej-300mg-600mg-1200mg\/","name":"Kup olej Fab CBD 300 mg, 600 mg, 1200 mg - Najlepsze leki na \u015bwiecie","isPartOf":{"@id":"https:\/\/medicinasinc.com\/pl\/#website"},"primaryImageOfPage":{"@id":"https:\/\/medicinasinc.com\/pl\/product\/kup-fab-cbd-olej-300mg-600mg-1200mg\/#primaryimage"},"image":{"@id":"https:\/\/medicinasinc.com\/pl\/product\/kup-fab-cbd-olej-300mg-600mg-1200mg\/#primaryimage"},"thumbnailUrl":"https:\/\/medicinasinc.com\/pl\/wp-content\/uploads\/sites\/13\/2022\/02\/Buy-Fab-CBD-Oil.jpg","datePublished":"2022-02-20T08:31:50+00:00","dateModified":"2022-03-22T01:22:33+00:00","description":"Kup olej Fab CBD 300 mg, kup olej Fab CBD 600 mg, kup fab cbd 2400 mg, olej CBD, kt\u00f3ry sprawi, \u017ce b\u0119dziesz szcz\u0119\u015bliwy, najlepszy olej z izolatu CBD, kup nalewk\u0119 CBD przez Internet, olej gnc cbd na niepok\u00f3j, jadalne krople oleju CBD, amazon fab cbd, fajna bia\u0142a etykieta cbd,","breadcrumb":{"@id":"https:\/\/medicinasinc.com\/pl\/product\/kup-fab-cbd-olej-300mg-600mg-1200mg\/#breadcrumb"},"inLanguage":"en-US","potentialAction":[{"@type":"ReadAction","target":["https:\/\/medicinasinc.com\/pl\/product\/kup-fab-cbd-olej-300mg-600mg-1200mg\/"]}]},{"@type":"ImageObject","inLanguage":"en-US","@id":"https:\/\/medicinasinc.com\/pl\/product\/kup-fab-cbd-olej-300mg-600mg-1200mg\/#primaryimage","url":"https:\/\/medicinasinc.com\/pl\/wp-content\/uploads\/sites\/13\/2022\/02\/Buy-Fab-CBD-Oil.jpg","contentUrl":"https:\/\/medicinasinc.com\/pl\/wp-content\/uploads\/sites\/13\/2022\/02\/Buy-Fab-CBD-Oil.jpg","width":600,"height":600},{"@type":"BreadcrumbList","@id":"https:\/\/medicinasinc.com\/pl\/product\/kup-fab-cbd-olej-300mg-600mg-1200mg\/#breadcrumb","itemListElement":[{"@type":"ListItem","position":1,"name":"Sklep","item":"https:\/\/medicinasinc.com\/pl\/sklep\/"},{"@type":"ListItem","position":2,"name":"Kup olej Fab CBD 300 mg, 600 mg, 1200 mg"}]},{"@type":"WebSite","@id":"https:\/\/medicinasinc.com\/pl\/#website","url":"https:\/\/medicinasinc.com\/pl\/","name":"Medicinas Inc","description":"Health Medical Clinic","potentialAction":[{"@type":"SearchAction","target":{"@type":"EntryPoint","urlTemplate":"https:\/\/medicinasinc.com\/pl\/?s={search_term_string}"},"query-input":{"@type":"PropertyValueSpecification","valueRequired":true,"valueName":"search_term_string"}}],"inLanguage":"en-US"}]}},"_links":{"self":[{"href":"https:\/\/medicinasinc.com\/pl\/wp-json\/wp\/v2\/product\/4359","targetHints":{"allow":["GET"]}}],"collection":[{"href":"https:\/\/medicinasinc.com\/pl\/wp-json\/wp\/v2\/product"}],"about":[{"href":"https:\/\/medicinasinc.com\/pl\/wp-json\/wp\/v2\/types\/product"}],"replies":[{"embeddable":true,"href":"https:\/\/medicinasinc.com\/pl\/wp-json\/wp\/v2\/comments?post=4359"}],"wp:featuredmedia":[{"embeddable":true,"href":"https:\/\/medicinasinc.com\/pl\/wp-json\/wp\/v2\/media\/4394"}],"wp:attachment":[{"href":"https:\/\/medicinasinc.com\/pl\/wp-json\/wp\/v2\/media?parent=4359"}],"wp:term":[{"taxonomy":"product_brand","embeddable":true,"href":"https:\/\/medicinasinc.com\/pl\/wp-json\/wp\/v2\/product_brand?post=4359"},{"taxonomy":"product_cat","embeddable":true,"href":"https:\/\/medicinasinc.com\/pl\/wp-json\/wp\/v2\/product_cat?post=4359"},{"taxonomy":"product_tag","embeddable":true,"href":"https:\/\/medicinasinc.com\/pl\/wp-json\/wp\/v2\/product_tag?post=4359"}],"curies":[{"name":"wp","href":"https:\/\/api.w.org\/{rel}","templated":true}]}}