{"id":4353,"date":"2022-02-20T08:29:33","date_gmt":"2022-02-20T08:29:33","guid":{"rendered":"https:\/\/medicinasinc.com\/pl\/?post_type=product&#038;p=4353"},"modified":"2022-03-22T01:22:42","modified_gmt":"2022-03-22T01:22:42","slug":"kup-500mg-cbd-jezyny-klucz-flava-blast","status":"publish","type":"product","link":"https:\/\/medicinasinc.com\/pl\/product\/kup-500mg-cbd-jezyny-klucz-flava-blast\/","title":{"rendered":"Kup 500mg CBD Blackberry Keyy FLAVA BLAST"},"content":{"rendered":"<div class=\"woocommerce-tabs wc-tabs-wrapper\">\n<div id=\"tab-description\" class=\"woocommerce-Tabs-panel woocommerce-Tabs-panel--description panel entry-content wc-tab\" role=\"tabpanel\" aria-labelledby=\"tab-title-description\">\n<p>FLAVA BLAST 500mg CBD Blackberry Key<\/p>\n<p>Keey CBD to rozwi\u0105zanie poprawiaj\u0105ce zdrowie i dobre samopoczucie. CBD pomaga w codziennych stresach, utrzymuje spokojny i opanowany stan umys\u0142u, zmniejsza stany zapalne, nudno\u015bci i zawroty g\u0142owy oraz pomaga w wyzdrowieniu z fizycznego bolesno\u015bci lub b\u00f3lu. Teraz, dzi\u0119ki 500 mg CBD FLAVA BLAST, mo\u017cesz w\u0142\u0105czy\u0107 pyszn\u0105 nalewk\u0119 CBD do swojej codziennej rutyny.<\/p>\n<p>Keey \u0142\u0105czy organiczne napary terpenowe, naturalne aromaty i ekstrakty CBD z olejem MCT (OLEJ KOKOSOWY), aby przyspieszy\u0107 wch\u0142anianie dla Twojego trawienia i paliwa na ca\u0142y dzie\u0144.<\/p>\n<p>Keey CBD 500mg FLAVA BLAST oferuje r\u00f3\u017cnorodne smaki BLASTS! 30 ml butelka z zakraplaczem do nalewki.<\/p>\n<\/p><\/div><\/div>\n<div class=\"related products\"><\/div>\n","protected":false},"excerpt":{"rendered":"<p>Kup 500 mg CBD Blackberry Keey FLAVA BLAST online w sklepie Sigma Vape z szybk\u0105 wysy\u0142k\u0105 na ca\u0142y \u015bwiat. Mo\u017cesz znale\u017a\u0107 500 mg CBD Blackberry Keey FLAVA BLAST na sprzeda\u017c<\/p>\n<ul>\n<li>Wysy\u0142ka na ca\u0142y \u015bwiat<\/li>\n<li>Minimalna ilo\u015b\u0107 zam\u00f3wienia to 5<\/li>\n<li><strong>Skontaktuj si\u0119 z nami<\/strong>\u00a0dla wi\u0119kszych zam\u00f3wie\u0144<\/li>\n<\/ul>\n","protected":false},"featured_media":4389,"comment_status":"open","ping_status":"closed","template":"","meta":[],"product_brand":[],"product_cat":[440],"product_tag":[],"class_list":{"0":"post-4353","1":"product","2":"type-product","3":"status-publish","4":"has-post-thumbnail","6":"product_cat-kup-konopi-olej-cbd","8":"first","9":"instock","10":"shipping-taxable","11":"purchasable","12":"product-type-variable","13":"has-default-attributes"},"yoast_head":"<!-- This site is optimized with the Yoast SEO plugin v27.3 - https:\/\/yoast.com\/product\/yoast-seo-wordpress\/ -->\n<title>Kup 500mg CBD Blackberry Keey FLAVA BLAST - Najlepsze globalne leki<\/title>\n<meta name=\"description\" content=\"Kup 500mg CBD Blackberry Keey FLAVA BLAST online w sklepie Sigma Vape z szybk\u0105 wysy\u0142k\u0105 na ca\u0142y \u015bwiat. Mo\u017cesz znale\u017a\u0107 500mg CBD Blackberry Keey FLAVA BLAST na sprzeda\u017c\" \/>\n<meta name=\"robots\" content=\"index, follow, max-snippet:-1, max-image-preview:large, max-video-preview:-1\" \/>\n<link rel=\"canonical\" href=\"https:\/\/medicinasinc.com\/pl\/product\/kup-500mg-cbd-jezyny-klucz-flava-blast\/\" \/>\n<meta property=\"og:locale\" content=\"en_US\" \/>\n<meta property=\"og:type\" content=\"article\" \/>\n<meta property=\"og:title\" content=\"Kup 500mg CBD Blackberry Keey FLAVA BLAST - Najlepsze globalne leki\" \/>\n<meta property=\"og:description\" content=\"Kup 500mg CBD Blackberry Keey FLAVA BLAST online w sklepie Sigma Vape z szybk\u0105 wysy\u0142k\u0105 na ca\u0142y \u015bwiat. Mo\u017cesz znale\u017a\u0107 500mg CBD Blackberry Keey FLAVA BLAST na sprzeda\u017c\" \/>\n<meta property=\"og:url\" content=\"https:\/\/medicinasinc.com\/pl\/product\/kup-500mg-cbd-jezyny-klucz-flava-blast\/\" \/>\n<meta property=\"og:site_name\" content=\"Medicinas Inc\" \/>\n<meta property=\"article:modified_time\" content=\"2022-03-22T01:22:42+00:00\" \/>\n<meta property=\"og:image\" content=\"https:\/\/medicinasinc.com\/pl\/wp-content\/uploads\/sites\/13\/2022\/02\/Buy-500mg-CBD-Blackberry-Keey-FLAVA-BLAST.jpg\" \/>\n\t<meta property=\"og:image:width\" content=\"800\" \/>\n\t<meta property=\"og:image:height\" content=\"800\" \/>\n\t<meta property=\"og:image:type\" content=\"image\/jpeg\" \/>\n<meta name=\"twitter:card\" content=\"summary_large_image\" \/>\n<meta name=\"twitter:label1\" content=\"Est. reading time\" \/>\n\t<meta name=\"twitter:data1\" content=\"1 minute\" \/>\n<script type=\"application\/ld+json\" class=\"yoast-schema-graph\">{\"@context\":\"https:\\\/\\\/schema.org\",\"@graph\":[{\"@type\":\"WebPage\",\"@id\":\"https:\\\/\\\/medicinasinc.com\\\/pl\\\/product\\\/kup-500mg-cbd-jezyny-klucz-flava-blast\\\/\",\"url\":\"https:\\\/\\\/medicinasinc.com\\\/pl\\\/product\\\/kup-500mg-cbd-jezyny-klucz-flava-blast\\\/\",\"name\":\"Kup 500mg CBD Blackberry Keey FLAVA BLAST - Najlepsze globalne leki\",\"isPartOf\":{\"@id\":\"https:\\\/\\\/medicinasinc.com\\\/pl\\\/#website\"},\"primaryImageOfPage\":{\"@id\":\"https:\\\/\\\/medicinasinc.com\\\/pl\\\/product\\\/kup-500mg-cbd-jezyny-klucz-flava-blast\\\/#primaryimage\"},\"image\":{\"@id\":\"https:\\\/\\\/medicinasinc.com\\\/pl\\\/product\\\/kup-500mg-cbd-jezyny-klucz-flava-blast\\\/#primaryimage\"},\"thumbnailUrl\":\"https:\\\/\\\/medicinasinc.com\\\/pl\\\/wp-content\\\/uploads\\\/sites\\\/13\\\/2022\\\/02\\\/Buy-500mg-CBD-Blackberry-Keey-FLAVA-BLAST.jpg\",\"datePublished\":\"2022-02-20T08:29:33+00:00\",\"dateModified\":\"2022-03-22T01:22:42+00:00\",\"description\":\"Kup 500mg CBD Blackberry Keey FLAVA BLAST online w sklepie Sigma Vape z szybk\u0105 wysy\u0142k\u0105 na ca\u0142y \u015bwiat. Mo\u017cesz znale\u017a\u0107 500mg CBD Blackberry Keey FLAVA BLAST na sprzeda\u017c\",\"breadcrumb\":{\"@id\":\"https:\\\/\\\/medicinasinc.com\\\/pl\\\/product\\\/kup-500mg-cbd-jezyny-klucz-flava-blast\\\/#breadcrumb\"},\"inLanguage\":\"en-US\",\"potentialAction\":[{\"@type\":\"ReadAction\",\"target\":[\"https:\\\/\\\/medicinasinc.com\\\/pl\\\/product\\\/kup-500mg-cbd-jezyny-klucz-flava-blast\\\/\"]}]},{\"@type\":\"ImageObject\",\"inLanguage\":\"en-US\",\"@id\":\"https:\\\/\\\/medicinasinc.com\\\/pl\\\/product\\\/kup-500mg-cbd-jezyny-klucz-flava-blast\\\/#primaryimage\",\"url\":\"https:\\\/\\\/medicinasinc.com\\\/pl\\\/wp-content\\\/uploads\\\/sites\\\/13\\\/2022\\\/02\\\/Buy-500mg-CBD-Blackberry-Keey-FLAVA-BLAST.jpg\",\"contentUrl\":\"https:\\\/\\\/medicinasinc.com\\\/pl\\\/wp-content\\\/uploads\\\/sites\\\/13\\\/2022\\\/02\\\/Buy-500mg-CBD-Blackberry-Keey-FLAVA-BLAST.jpg\",\"width\":800,\"height\":800},{\"@type\":\"BreadcrumbList\",\"@id\":\"https:\\\/\\\/medicinasinc.com\\\/pl\\\/product\\\/kup-500mg-cbd-jezyny-klucz-flava-blast\\\/#breadcrumb\",\"itemListElement\":[{\"@type\":\"ListItem\",\"position\":1,\"name\":\"Sklep\",\"item\":\"https:\\\/\\\/medicinasinc.com\\\/pl\\\/sklep\\\/\"},{\"@type\":\"ListItem\",\"position\":2,\"name\":\"Kup 500mg CBD Blackberry Keyy FLAVA BLAST\"}]},{\"@type\":\"WebSite\",\"@id\":\"https:\\\/\\\/medicinasinc.com\\\/pl\\\/#website\",\"url\":\"https:\\\/\\\/medicinasinc.com\\\/pl\\\/\",\"name\":\"Medicinas Inc\",\"description\":\"Health Medical Clinic\",\"potentialAction\":[{\"@type\":\"SearchAction\",\"target\":{\"@type\":\"EntryPoint\",\"urlTemplate\":\"https:\\\/\\\/medicinasinc.com\\\/pl\\\/?s={search_term_string}\"},\"query-input\":{\"@type\":\"PropertyValueSpecification\",\"valueRequired\":true,\"valueName\":\"search_term_string\"}}],\"inLanguage\":\"en-US\"}]}<\/script>\n<!-- \/ Yoast SEO plugin. -->","yoast_head_json":{"title":"Kup 500mg CBD Blackberry Keey FLAVA BLAST - Najlepsze globalne leki","description":"Kup 500mg CBD Blackberry Keey FLAVA BLAST online w sklepie Sigma Vape z szybk\u0105 wysy\u0142k\u0105 na ca\u0142y \u015bwiat. Mo\u017cesz znale\u017a\u0107 500mg CBD Blackberry Keey FLAVA BLAST na sprzeda\u017c","robots":{"index":"index","follow":"follow","max-snippet":"max-snippet:-1","max-image-preview":"max-image-preview:large","max-video-preview":"max-video-preview:-1"},"canonical":"https:\/\/medicinasinc.com\/pl\/product\/kup-500mg-cbd-jezyny-klucz-flava-blast\/","og_locale":"en_US","og_type":"article","og_title":"Kup 500mg CBD Blackberry Keey FLAVA BLAST - Najlepsze globalne leki","og_description":"Kup 500mg CBD Blackberry Keey FLAVA BLAST online w sklepie Sigma Vape z szybk\u0105 wysy\u0142k\u0105 na ca\u0142y \u015bwiat. Mo\u017cesz znale\u017a\u0107 500mg CBD Blackberry Keey FLAVA BLAST na sprzeda\u017c","og_url":"https:\/\/medicinasinc.com\/pl\/product\/kup-500mg-cbd-jezyny-klucz-flava-blast\/","og_site_name":"Medicinas Inc","article_modified_time":"2022-03-22T01:22:42+00:00","og_image":[{"width":800,"height":800,"url":"https:\/\/medicinasinc.com\/pl\/wp-content\/uploads\/sites\/13\/2022\/02\/Buy-500mg-CBD-Blackberry-Keey-FLAVA-BLAST.jpg","type":"image\/jpeg"}],"twitter_card":"summary_large_image","twitter_misc":{"Est. reading time":"1 minute"},"schema":{"@context":"https:\/\/schema.org","@graph":[{"@type":"WebPage","@id":"https:\/\/medicinasinc.com\/pl\/product\/kup-500mg-cbd-jezyny-klucz-flava-blast\/","url":"https:\/\/medicinasinc.com\/pl\/product\/kup-500mg-cbd-jezyny-klucz-flava-blast\/","name":"Kup 500mg CBD Blackberry Keey FLAVA BLAST - Najlepsze globalne leki","isPartOf":{"@id":"https:\/\/medicinasinc.com\/pl\/#website"},"primaryImageOfPage":{"@id":"https:\/\/medicinasinc.com\/pl\/product\/kup-500mg-cbd-jezyny-klucz-flava-blast\/#primaryimage"},"image":{"@id":"https:\/\/medicinasinc.com\/pl\/product\/kup-500mg-cbd-jezyny-klucz-flava-blast\/#primaryimage"},"thumbnailUrl":"https:\/\/medicinasinc.com\/pl\/wp-content\/uploads\/sites\/13\/2022\/02\/Buy-500mg-CBD-Blackberry-Keey-FLAVA-BLAST.jpg","datePublished":"2022-02-20T08:29:33+00:00","dateModified":"2022-03-22T01:22:42+00:00","description":"Kup 500mg CBD Blackberry Keey FLAVA BLAST online w sklepie Sigma Vape z szybk\u0105 wysy\u0142k\u0105 na ca\u0142y \u015bwiat. Mo\u017cesz znale\u017a\u0107 500mg CBD Blackberry Keey FLAVA BLAST na sprzeda\u017c","breadcrumb":{"@id":"https:\/\/medicinasinc.com\/pl\/product\/kup-500mg-cbd-jezyny-klucz-flava-blast\/#breadcrumb"},"inLanguage":"en-US","potentialAction":[{"@type":"ReadAction","target":["https:\/\/medicinasinc.com\/pl\/product\/kup-500mg-cbd-jezyny-klucz-flava-blast\/"]}]},{"@type":"ImageObject","inLanguage":"en-US","@id":"https:\/\/medicinasinc.com\/pl\/product\/kup-500mg-cbd-jezyny-klucz-flava-blast\/#primaryimage","url":"https:\/\/medicinasinc.com\/pl\/wp-content\/uploads\/sites\/13\/2022\/02\/Buy-500mg-CBD-Blackberry-Keey-FLAVA-BLAST.jpg","contentUrl":"https:\/\/medicinasinc.com\/pl\/wp-content\/uploads\/sites\/13\/2022\/02\/Buy-500mg-CBD-Blackberry-Keey-FLAVA-BLAST.jpg","width":800,"height":800},{"@type":"BreadcrumbList","@id":"https:\/\/medicinasinc.com\/pl\/product\/kup-500mg-cbd-jezyny-klucz-flava-blast\/#breadcrumb","itemListElement":[{"@type":"ListItem","position":1,"name":"Sklep","item":"https:\/\/medicinasinc.com\/pl\/sklep\/"},{"@type":"ListItem","position":2,"name":"Kup 500mg CBD Blackberry Keyy FLAVA BLAST"}]},{"@type":"WebSite","@id":"https:\/\/medicinasinc.com\/pl\/#website","url":"https:\/\/medicinasinc.com\/pl\/","name":"Medicinas Inc","description":"Health Medical Clinic","potentialAction":[{"@type":"SearchAction","target":{"@type":"EntryPoint","urlTemplate":"https:\/\/medicinasinc.com\/pl\/?s={search_term_string}"},"query-input":{"@type":"PropertyValueSpecification","valueRequired":true,"valueName":"search_term_string"}}],"inLanguage":"en-US"}]}},"_links":{"self":[{"href":"https:\/\/medicinasinc.com\/pl\/wp-json\/wp\/v2\/product\/4353","targetHints":{"allow":["GET"]}}],"collection":[{"href":"https:\/\/medicinasinc.com\/pl\/wp-json\/wp\/v2\/product"}],"about":[{"href":"https:\/\/medicinasinc.com\/pl\/wp-json\/wp\/v2\/types\/product"}],"replies":[{"embeddable":true,"href":"https:\/\/medicinasinc.com\/pl\/wp-json\/wp\/v2\/comments?post=4353"}],"wp:featuredmedia":[{"embeddable":true,"href":"https:\/\/medicinasinc.com\/pl\/wp-json\/wp\/v2\/media\/4389"}],"wp:attachment":[{"href":"https:\/\/medicinasinc.com\/pl\/wp-json\/wp\/v2\/media?parent=4353"}],"wp:term":[{"taxonomy":"product_brand","embeddable":true,"href":"https:\/\/medicinasinc.com\/pl\/wp-json\/wp\/v2\/product_brand?post=4353"},{"taxonomy":"product_cat","embeddable":true,"href":"https:\/\/medicinasinc.com\/pl\/wp-json\/wp\/v2\/product_cat?post=4353"},{"taxonomy":"product_tag","embeddable":true,"href":"https:\/\/medicinasinc.com\/pl\/wp-json\/wp\/v2\/product_tag?post=4353"}],"curies":[{"name":"wp","href":"https:\/\/api.w.org\/{rel}","templated":true}]}}