{"id":4348,"date":"2022-02-20T08:28:43","date_gmt":"2022-02-20T08:28:43","guid":{"rendered":"https:\/\/medicinasinc.com\/pl\/?post_type=product&#038;p=4348"},"modified":"2022-03-22T01:22:53","modified_gmt":"2022-03-22T01:22:53","slug":"kup-41-nalewka-30ml-mieta-smak-zielona-bogini","status":"publish","type":"product","link":"https:\/\/medicinasinc.com\/pl\/product\/kup-41-nalewka-30ml-mieta-smak-zielona-bogini\/","title":{"rendered":"Kup nalewk\u0119 4:1 (30 ml) o smaku mi\u0119ty zielonej o smaku zielonej bogini"},"content":{"rendered":"<p>Kup Green, Goddess 4:1 Tincture (30 ml) Spearmint Flavour<\/p>\n<p>Krople nalewki maj\u0105 znaczn\u0105 przewag\u0119 nad innymi metodami podawania medycznych kannabinoid\u00f3w: 30 ml s\u0142oik z \u0142atw\u0105 w u\u017cyciu kropl\u0105 pozwala na precyzyjna dawka do podania podj\u0119zykowo do ust. Wch\u0142anianie do krwiobiegu przez b\u0142on\u0119 \u015bluzow\u0105 jamy ustnej jest szybkie i sta\u0142e. Nalewka nie jest przekszta\u0142cana w metabolit przez uk\u0142ad pokarmowy lub w\u0105trob\u0119, jak ma to miejsce w przypadku doustnych kannabinoid\u00f3w w produktach spo\u017cywczych.<\/p>\n<p>Opracowany z wykorzystaniem ekstraktu z ca\u0142ej ro\u015bliny konopi. Dodali\u015bmy ca\u0142kowicie naturalny olej C8+C10, kt\u00f3ry w ca\u0142o\u015bci pochodzi z orzech\u00f3w kokosowych i jest doskona\u0142ym \u017ar\u00f3d\u0142em silnych \u015brednio\u0142a\u0144cuchowych kwas\u00f3w t\u0142uszczowych, kt\u00f3re pomagaj\u0105 utrzyma\u0107 cia\u0142o i umys\u0142 w optymalnym funkcjonowaniu.<\/p>\n<p>13 miligram\u00f3w na zakraplacz 400 miligram\u00f3w CBD 100 miligram\u00f3w THC<\/p>\n<p>Sk\u0142adniki:<\/p>\n<p>Olej MCT o smaku mi\u0119ty zielonej Ekstrakt z ca\u0142ej ro\u015bliny konopi (CBD)<\/p>\n","protected":false},"excerpt":{"rendered":"<p>Kup nalewk\u0119 4:1 (30 ml) o smaku mi\u0119towym Green Goddess na sprzeda\u017c w Wielkiej Brytanii, Europie online w USA w najwi\u0119kszej internetowej aptece Buy My Weed Online.<\/p>\n<ul>\n<li>Wysy\u0142ka na ca\u0142y \u015bwiat<\/li>\n<li>30 ml wskazany zakraplacz<\/li>\n<li>400 mg CBD: 100 mg nalewki THC<\/li>\n<li>smak mi\u0119ty zielonej<\/li>\n<li>Minimalna ilo\u015b\u0107 zam\u00f3wienia to 5<\/li>\n<\/ul>\n","protected":false},"featured_media":4383,"comment_status":"open","ping_status":"closed","template":"","meta":[],"product_brand":[],"product_cat":[440],"product_tag":[],"class_list":{"0":"post-4348","1":"product","2":"type-product","3":"status-publish","4":"has-post-thumbnail","6":"product_cat-kup-konopi-olej-cbd","8":"first","9":"instock","10":"shipping-taxable","11":"purchasable","12":"product-type-variable","13":"has-default-attributes"},"yoast_head":"<!-- This site is optimized with the Yoast SEO plugin v27.3 - https:\/\/yoast.com\/product\/yoast-seo-wordpress\/ -->\n<title>Kup nalewk\u0119 4:1 (30 ml) o smaku mi\u0119ty zielonej Green Goddess - Best Global Meds<\/title>\n<meta name=\"description\" content=\"Kup nalewk\u0119 4:1 (30 ml) o smaku mi\u0119towym zielona bogini na sprzeda\u017c w Wielkiej Brytanii, Europie online USA z najwi\u0119kszej apteki internetowej, Buy My Weed Online.\" \/>\n<meta name=\"robots\" content=\"index, follow, max-snippet:-1, max-image-preview:large, max-video-preview:-1\" \/>\n<link rel=\"canonical\" href=\"https:\/\/medicinasinc.com\/pl\/product\/kup-41-nalewka-30ml-mieta-smak-zielona-bogini\/\" \/>\n<meta property=\"og:locale\" content=\"en_US\" \/>\n<meta property=\"og:type\" content=\"article\" \/>\n<meta property=\"og:title\" content=\"Kup nalewk\u0119 4:1 (30 ml) o smaku mi\u0119ty zielonej Green Goddess - Best Global Meds\" \/>\n<meta property=\"og:description\" content=\"Kup nalewk\u0119 4:1 (30 ml) o smaku mi\u0119towym zielona bogini na sprzeda\u017c w Wielkiej Brytanii, Europie online USA z najwi\u0119kszej apteki internetowej, Buy My Weed Online.\" \/>\n<meta property=\"og:url\" content=\"https:\/\/medicinasinc.com\/pl\/product\/kup-41-nalewka-30ml-mieta-smak-zielona-bogini\/\" \/>\n<meta property=\"og:site_name\" content=\"Medicinas Inc\" \/>\n<meta property=\"article:modified_time\" content=\"2022-03-22T01:22:53+00:00\" \/>\n<meta property=\"og:image\" content=\"https:\/\/medicinasinc.com\/pl\/wp-content\/uploads\/sites\/13\/2022\/02\/Spearmint-Flavour-Green-Goddess.jpg\" \/>\n\t<meta property=\"og:image:width\" content=\"483\" \/>\n\t<meta property=\"og:image:height\" content=\"483\" \/>\n\t<meta property=\"og:image:type\" content=\"image\/jpeg\" \/>\n<meta name=\"twitter:card\" content=\"summary_large_image\" \/>\n<meta name=\"twitter:label1\" content=\"Est. reading time\" \/>\n\t<meta name=\"twitter:data1\" content=\"1 minute\" \/>\n<script type=\"application\/ld+json\" class=\"yoast-schema-graph\">{\"@context\":\"https:\\\/\\\/schema.org\",\"@graph\":[{\"@type\":\"WebPage\",\"@id\":\"https:\\\/\\\/medicinasinc.com\\\/pl\\\/product\\\/kup-41-nalewka-30ml-mieta-smak-zielona-bogini\\\/\",\"url\":\"https:\\\/\\\/medicinasinc.com\\\/pl\\\/product\\\/kup-41-nalewka-30ml-mieta-smak-zielona-bogini\\\/\",\"name\":\"Kup nalewk\u0119 4:1 (30 ml) o smaku mi\u0119ty zielonej Green Goddess - Best Global Meds\",\"isPartOf\":{\"@id\":\"https:\\\/\\\/medicinasinc.com\\\/pl\\\/#website\"},\"primaryImageOfPage\":{\"@id\":\"https:\\\/\\\/medicinasinc.com\\\/pl\\\/product\\\/kup-41-nalewka-30ml-mieta-smak-zielona-bogini\\\/#primaryimage\"},\"image\":{\"@id\":\"https:\\\/\\\/medicinasinc.com\\\/pl\\\/product\\\/kup-41-nalewka-30ml-mieta-smak-zielona-bogini\\\/#primaryimage\"},\"thumbnailUrl\":\"https:\\\/\\\/medicinasinc.com\\\/pl\\\/wp-content\\\/uploads\\\/sites\\\/13\\\/2022\\\/02\\\/Spearmint-Flavour-Green-Goddess.jpg\",\"datePublished\":\"2022-02-20T08:28:43+00:00\",\"dateModified\":\"2022-03-22T01:22:53+00:00\",\"description\":\"Kup nalewk\u0119 4:1 (30 ml) o smaku mi\u0119towym zielona bogini na sprzeda\u017c w Wielkiej Brytanii, Europie online USA z najwi\u0119kszej apteki internetowej, Buy My Weed Online.\",\"breadcrumb\":{\"@id\":\"https:\\\/\\\/medicinasinc.com\\\/pl\\\/product\\\/kup-41-nalewka-30ml-mieta-smak-zielona-bogini\\\/#breadcrumb\"},\"inLanguage\":\"en-US\",\"potentialAction\":[{\"@type\":\"ReadAction\",\"target\":[\"https:\\\/\\\/medicinasinc.com\\\/pl\\\/product\\\/kup-41-nalewka-30ml-mieta-smak-zielona-bogini\\\/\"]}]},{\"@type\":\"ImageObject\",\"inLanguage\":\"en-US\",\"@id\":\"https:\\\/\\\/medicinasinc.com\\\/pl\\\/product\\\/kup-41-nalewka-30ml-mieta-smak-zielona-bogini\\\/#primaryimage\",\"url\":\"https:\\\/\\\/medicinasinc.com\\\/pl\\\/wp-content\\\/uploads\\\/sites\\\/13\\\/2022\\\/02\\\/Spearmint-Flavour-Green-Goddess.jpg\",\"contentUrl\":\"https:\\\/\\\/medicinasinc.com\\\/pl\\\/wp-content\\\/uploads\\\/sites\\\/13\\\/2022\\\/02\\\/Spearmint-Flavour-Green-Goddess.jpg\",\"width\":483,\"height\":483},{\"@type\":\"BreadcrumbList\",\"@id\":\"https:\\\/\\\/medicinasinc.com\\\/pl\\\/product\\\/kup-41-nalewka-30ml-mieta-smak-zielona-bogini\\\/#breadcrumb\",\"itemListElement\":[{\"@type\":\"ListItem\",\"position\":1,\"name\":\"Sklep\",\"item\":\"https:\\\/\\\/medicinasinc.com\\\/pl\\\/sklep\\\/\"},{\"@type\":\"ListItem\",\"position\":2,\"name\":\"Kup nalewk\u0119 4:1 (30 ml) o smaku mi\u0119ty zielonej o smaku zielonej bogini\"}]},{\"@type\":\"WebSite\",\"@id\":\"https:\\\/\\\/medicinasinc.com\\\/pl\\\/#website\",\"url\":\"https:\\\/\\\/medicinasinc.com\\\/pl\\\/\",\"name\":\"Medicinas Inc\",\"description\":\"Health Medical Clinic\",\"potentialAction\":[{\"@type\":\"SearchAction\",\"target\":{\"@type\":\"EntryPoint\",\"urlTemplate\":\"https:\\\/\\\/medicinasinc.com\\\/pl\\\/?s={search_term_string}\"},\"query-input\":{\"@type\":\"PropertyValueSpecification\",\"valueRequired\":true,\"valueName\":\"search_term_string\"}}],\"inLanguage\":\"en-US\"}]}<\/script>\n<!-- \/ Yoast SEO plugin. -->","yoast_head_json":{"title":"Kup nalewk\u0119 4:1 (30 ml) o smaku mi\u0119ty zielonej Green Goddess - Best Global Meds","description":"Kup nalewk\u0119 4:1 (30 ml) o smaku mi\u0119towym zielona bogini na sprzeda\u017c w Wielkiej Brytanii, Europie online USA z najwi\u0119kszej apteki internetowej, Buy My Weed Online.","robots":{"index":"index","follow":"follow","max-snippet":"max-snippet:-1","max-image-preview":"max-image-preview:large","max-video-preview":"max-video-preview:-1"},"canonical":"https:\/\/medicinasinc.com\/pl\/product\/kup-41-nalewka-30ml-mieta-smak-zielona-bogini\/","og_locale":"en_US","og_type":"article","og_title":"Kup nalewk\u0119 4:1 (30 ml) o smaku mi\u0119ty zielonej Green Goddess - Best Global Meds","og_description":"Kup nalewk\u0119 4:1 (30 ml) o smaku mi\u0119towym zielona bogini na sprzeda\u017c w Wielkiej Brytanii, Europie online USA z najwi\u0119kszej apteki internetowej, Buy My Weed Online.","og_url":"https:\/\/medicinasinc.com\/pl\/product\/kup-41-nalewka-30ml-mieta-smak-zielona-bogini\/","og_site_name":"Medicinas Inc","article_modified_time":"2022-03-22T01:22:53+00:00","og_image":[{"width":483,"height":483,"url":"https:\/\/medicinasinc.com\/pl\/wp-content\/uploads\/sites\/13\/2022\/02\/Spearmint-Flavour-Green-Goddess.jpg","type":"image\/jpeg"}],"twitter_card":"summary_large_image","twitter_misc":{"Est. reading time":"1 minute"},"schema":{"@context":"https:\/\/schema.org","@graph":[{"@type":"WebPage","@id":"https:\/\/medicinasinc.com\/pl\/product\/kup-41-nalewka-30ml-mieta-smak-zielona-bogini\/","url":"https:\/\/medicinasinc.com\/pl\/product\/kup-41-nalewka-30ml-mieta-smak-zielona-bogini\/","name":"Kup nalewk\u0119 4:1 (30 ml) o smaku mi\u0119ty zielonej Green Goddess - Best Global Meds","isPartOf":{"@id":"https:\/\/medicinasinc.com\/pl\/#website"},"primaryImageOfPage":{"@id":"https:\/\/medicinasinc.com\/pl\/product\/kup-41-nalewka-30ml-mieta-smak-zielona-bogini\/#primaryimage"},"image":{"@id":"https:\/\/medicinasinc.com\/pl\/product\/kup-41-nalewka-30ml-mieta-smak-zielona-bogini\/#primaryimage"},"thumbnailUrl":"https:\/\/medicinasinc.com\/pl\/wp-content\/uploads\/sites\/13\/2022\/02\/Spearmint-Flavour-Green-Goddess.jpg","datePublished":"2022-02-20T08:28:43+00:00","dateModified":"2022-03-22T01:22:53+00:00","description":"Kup nalewk\u0119 4:1 (30 ml) o smaku mi\u0119towym zielona bogini na sprzeda\u017c w Wielkiej Brytanii, Europie online USA z najwi\u0119kszej apteki internetowej, Buy My Weed Online.","breadcrumb":{"@id":"https:\/\/medicinasinc.com\/pl\/product\/kup-41-nalewka-30ml-mieta-smak-zielona-bogini\/#breadcrumb"},"inLanguage":"en-US","potentialAction":[{"@type":"ReadAction","target":["https:\/\/medicinasinc.com\/pl\/product\/kup-41-nalewka-30ml-mieta-smak-zielona-bogini\/"]}]},{"@type":"ImageObject","inLanguage":"en-US","@id":"https:\/\/medicinasinc.com\/pl\/product\/kup-41-nalewka-30ml-mieta-smak-zielona-bogini\/#primaryimage","url":"https:\/\/medicinasinc.com\/pl\/wp-content\/uploads\/sites\/13\/2022\/02\/Spearmint-Flavour-Green-Goddess.jpg","contentUrl":"https:\/\/medicinasinc.com\/pl\/wp-content\/uploads\/sites\/13\/2022\/02\/Spearmint-Flavour-Green-Goddess.jpg","width":483,"height":483},{"@type":"BreadcrumbList","@id":"https:\/\/medicinasinc.com\/pl\/product\/kup-41-nalewka-30ml-mieta-smak-zielona-bogini\/#breadcrumb","itemListElement":[{"@type":"ListItem","position":1,"name":"Sklep","item":"https:\/\/medicinasinc.com\/pl\/sklep\/"},{"@type":"ListItem","position":2,"name":"Kup nalewk\u0119 4:1 (30 ml) o smaku mi\u0119ty zielonej o smaku zielonej bogini"}]},{"@type":"WebSite","@id":"https:\/\/medicinasinc.com\/pl\/#website","url":"https:\/\/medicinasinc.com\/pl\/","name":"Medicinas Inc","description":"Health Medical Clinic","potentialAction":[{"@type":"SearchAction","target":{"@type":"EntryPoint","urlTemplate":"https:\/\/medicinasinc.com\/pl\/?s={search_term_string}"},"query-input":{"@type":"PropertyValueSpecification","valueRequired":true,"valueName":"search_term_string"}}],"inLanguage":"en-US"}]}},"_links":{"self":[{"href":"https:\/\/medicinasinc.com\/pl\/wp-json\/wp\/v2\/product\/4348","targetHints":{"allow":["GET"]}}],"collection":[{"href":"https:\/\/medicinasinc.com\/pl\/wp-json\/wp\/v2\/product"}],"about":[{"href":"https:\/\/medicinasinc.com\/pl\/wp-json\/wp\/v2\/types\/product"}],"replies":[{"embeddable":true,"href":"https:\/\/medicinasinc.com\/pl\/wp-json\/wp\/v2\/comments?post=4348"}],"wp:featuredmedia":[{"embeddable":true,"href":"https:\/\/medicinasinc.com\/pl\/wp-json\/wp\/v2\/media\/4383"}],"wp:attachment":[{"href":"https:\/\/medicinasinc.com\/pl\/wp-json\/wp\/v2\/media?parent=4348"}],"wp:term":[{"taxonomy":"product_brand","embeddable":true,"href":"https:\/\/medicinasinc.com\/pl\/wp-json\/wp\/v2\/product_brand?post=4348"},{"taxonomy":"product_cat","embeddable":true,"href":"https:\/\/medicinasinc.com\/pl\/wp-json\/wp\/v2\/product_cat?post=4348"},{"taxonomy":"product_tag","embeddable":true,"href":"https:\/\/medicinasinc.com\/pl\/wp-json\/wp\/v2\/product_tag?post=4348"}],"curies":[{"name":"wp","href":"https:\/\/api.w.org\/{rel}","templated":true}]}}