{"id":4343,"date":"2022-02-20T08:27:57","date_gmt":"2022-02-20T08:27:57","guid":{"rendered":"https:\/\/medicinasinc.com\/pl\/?post_type=product&#038;p=4343"},"modified":"2022-03-22T01:23:02","modified_gmt":"2022-03-22T01:23:02","slug":"buy-41-1000mgcbd-250mgthc-nalewka-klucz","status":"publish","type":"product","link":"https:\/\/medicinasinc.com\/pl\/product\/buy-41-1000mgcbd-250mgthc-nalewka-klucz\/","title":{"rendered":"Kup 4:1 \u2013 1000mgCBD: 250mgTHC nalewka \u2013 Keey"},"content":{"rendered":"<div class=\"woocommerce-tabs wc-tabs-wrapper\">\n<div id=\"tab-description\" class=\"woocommerce-Tabs-panel woocommerce-Tabs-panel--description panel entry-content wc-tab\" role=\"tabpanel\" aria-labelledby=\"tab-title-description\">\n<h1>Kup 4:1 \u2013 1000mg CBD: 250mg THC nalewka \u2013 klucz<\/h1>\n<\/p><\/div><\/div>\n<div class=\"produkty powi\u0105zane\"><\/div>\n","protected":false},"excerpt":{"rendered":"<p>Kup 4:1 &#8211; 1000mgCBD: 250mgTHC nalewka &#8211; Klucz do sprzeda\u017cy w Wielkiej Brytanii, Europie online Kanada z najwi\u0119kszej apteki internetowej, Buy My Weed Online.<\/p>\n<ul>\n<li>Wysy\u0142ka na ca\u0142y \u015bwiat<\/li>\n<li>Minimalna ilo\u015b\u0107 zam\u00f3wienia to 5<\/li>\n<li> <strong>Skontaktuj si\u0119 z nami<\/strong>\u00a0w przypadku wi\u0119kszych zam\u00f3wie\u0144<\/li>\n<\/ul>\n","protected":false},"featured_media":4377,"comment_status":"open","ping_status":"closed","template":"","meta":[],"product_brand":[],"product_cat":[440],"product_tag":[],"class_list":{"0":"post-4343","1":"product","2":"type-product","3":"status-publish","4":"has-post-thumbnail","6":"product_cat-kup-konopi-olej-cbd","8":"first","9":"instock","10":"shipping-taxable","11":"purchasable","12":"product-type-variable","13":"has-default-attributes"},"yoast_head":"<!-- This site is optimized with the Yoast SEO plugin v27.3 - https:\/\/yoast.com\/product\/yoast-seo-wordpress\/ -->\n<title>Kup 4:1 \u2013 1000mg CBD : 250mg THC nalewka \u2013 klucz \u2013 najlepsze leki na \u015bwiecie<\/title>\n<meta name=\"description\" content=\"Kup 4:1 - 1000mgCBD: 250mgTHC nalewka - Keey na sprzeda\u017c w Wielkiej Brytanii, Europie online Kanada z najwi\u0119kszej apteki internetowej, Buy My Weed Online.\" \/>\n<meta name=\"robots\" content=\"index, follow, max-snippet:-1, max-image-preview:large, max-video-preview:-1\" \/>\n<link rel=\"canonical\" href=\"https:\/\/medicinasinc.com\/pl\/product\/buy-41-1000mgcbd-250mgthc-nalewka-klucz\/\" \/>\n<meta property=\"og:locale\" content=\"en_US\" \/>\n<meta property=\"og:type\" content=\"article\" \/>\n<meta property=\"og:title\" content=\"Kup 4:1 \u2013 1000mg CBD : 250mg THC nalewka \u2013 klucz \u2013 najlepsze leki na \u015bwiecie\" \/>\n<meta property=\"og:description\" content=\"Kup 4:1 - 1000mgCBD: 250mgTHC nalewka - Keey na sprzeda\u017c w Wielkiej Brytanii, Europie online Kanada z najwi\u0119kszej apteki internetowej, Buy My Weed Online.\" \/>\n<meta property=\"og:url\" content=\"https:\/\/medicinasinc.com\/pl\/product\/buy-41-1000mgcbd-250mgthc-nalewka-klucz\/\" \/>\n<meta property=\"og:site_name\" content=\"Medicinas Inc\" \/>\n<meta property=\"article:modified_time\" content=\"2022-03-22T01:23:02+00:00\" \/>\n<meta property=\"og:image\" content=\"https:\/\/medicinasinc.com\/pl\/wp-content\/uploads\/sites\/13\/2022\/02\/250mgTHC-Tincture-\u2013-Keey.png\" \/>\n\t<meta property=\"og:image:width\" content=\"972\" \/>\n\t<meta property=\"og:image:height\" content=\"972\" \/>\n\t<meta property=\"og:image:type\" content=\"image\/png\" \/>\n<meta name=\"twitter:card\" content=\"summary_large_image\" \/>\n<meta name=\"twitter:label1\" content=\"Est. reading time\" \/>\n\t<meta name=\"twitter:data1\" content=\"1 minute\" \/>\n<script type=\"application\/ld+json\" class=\"yoast-schema-graph\">{\"@context\":\"https:\\\/\\\/schema.org\",\"@graph\":[{\"@type\":\"WebPage\",\"@id\":\"https:\\\/\\\/medicinasinc.com\\\/pl\\\/product\\\/buy-41-1000mgcbd-250mgthc-nalewka-klucz\\\/\",\"url\":\"https:\\\/\\\/medicinasinc.com\\\/pl\\\/product\\\/buy-41-1000mgcbd-250mgthc-nalewka-klucz\\\/\",\"name\":\"Kup 4:1 \u2013 1000mg CBD : 250mg THC nalewka \u2013 klucz \u2013 najlepsze leki na \u015bwiecie\",\"isPartOf\":{\"@id\":\"https:\\\/\\\/medicinasinc.com\\\/pl\\\/#website\"},\"primaryImageOfPage\":{\"@id\":\"https:\\\/\\\/medicinasinc.com\\\/pl\\\/product\\\/buy-41-1000mgcbd-250mgthc-nalewka-klucz\\\/#primaryimage\"},\"image\":{\"@id\":\"https:\\\/\\\/medicinasinc.com\\\/pl\\\/product\\\/buy-41-1000mgcbd-250mgthc-nalewka-klucz\\\/#primaryimage\"},\"thumbnailUrl\":\"https:\\\/\\\/medicinasinc.com\\\/pl\\\/wp-content\\\/uploads\\\/sites\\\/13\\\/2022\\\/02\\\/250mgTHC-Tincture-\u2013-Keey.png\",\"datePublished\":\"2022-02-20T08:27:57+00:00\",\"dateModified\":\"2022-03-22T01:23:02+00:00\",\"description\":\"Kup 4:1 - 1000mgCBD: 250mgTHC nalewka - Keey na sprzeda\u017c w Wielkiej Brytanii, Europie online Kanada z najwi\u0119kszej apteki internetowej, Buy My Weed Online.\",\"breadcrumb\":{\"@id\":\"https:\\\/\\\/medicinasinc.com\\\/pl\\\/product\\\/buy-41-1000mgcbd-250mgthc-nalewka-klucz\\\/#breadcrumb\"},\"inLanguage\":\"en-US\",\"potentialAction\":[{\"@type\":\"ReadAction\",\"target\":[\"https:\\\/\\\/medicinasinc.com\\\/pl\\\/product\\\/buy-41-1000mgcbd-250mgthc-nalewka-klucz\\\/\"]}]},{\"@type\":\"ImageObject\",\"inLanguage\":\"en-US\",\"@id\":\"https:\\\/\\\/medicinasinc.com\\\/pl\\\/product\\\/buy-41-1000mgcbd-250mgthc-nalewka-klucz\\\/#primaryimage\",\"url\":\"https:\\\/\\\/medicinasinc.com\\\/pl\\\/wp-content\\\/uploads\\\/sites\\\/13\\\/2022\\\/02\\\/250mgTHC-Tincture-\u2013-Keey.png\",\"contentUrl\":\"https:\\\/\\\/medicinasinc.com\\\/pl\\\/wp-content\\\/uploads\\\/sites\\\/13\\\/2022\\\/02\\\/250mgTHC-Tincture-\u2013-Keey.png\",\"width\":972,\"height\":972},{\"@type\":\"BreadcrumbList\",\"@id\":\"https:\\\/\\\/medicinasinc.com\\\/pl\\\/product\\\/buy-41-1000mgcbd-250mgthc-nalewka-klucz\\\/#breadcrumb\",\"itemListElement\":[{\"@type\":\"ListItem\",\"position\":1,\"name\":\"Sklep\",\"item\":\"https:\\\/\\\/medicinasinc.com\\\/pl\\\/sklep\\\/\"},{\"@type\":\"ListItem\",\"position\":2,\"name\":\"Kup 4:1 \u2013 1000mgCBD: 250mgTHC nalewka \u2013 Keey\"}]},{\"@type\":\"WebSite\",\"@id\":\"https:\\\/\\\/medicinasinc.com\\\/pl\\\/#website\",\"url\":\"https:\\\/\\\/medicinasinc.com\\\/pl\\\/\",\"name\":\"Medicinas Inc\",\"description\":\"Health Medical Clinic\",\"potentialAction\":[{\"@type\":\"SearchAction\",\"target\":{\"@type\":\"EntryPoint\",\"urlTemplate\":\"https:\\\/\\\/medicinasinc.com\\\/pl\\\/?s={search_term_string}\"},\"query-input\":{\"@type\":\"PropertyValueSpecification\",\"valueRequired\":true,\"valueName\":\"search_term_string\"}}],\"inLanguage\":\"en-US\"}]}<\/script>\n<!-- \/ Yoast SEO plugin. -->","yoast_head_json":{"title":"Kup 4:1 \u2013 1000mg CBD : 250mg THC nalewka \u2013 klucz \u2013 najlepsze leki na \u015bwiecie","description":"Kup 4:1 - 1000mgCBD: 250mgTHC nalewka - Keey na sprzeda\u017c w Wielkiej Brytanii, Europie online Kanada z najwi\u0119kszej apteki internetowej, Buy My Weed Online.","robots":{"index":"index","follow":"follow","max-snippet":"max-snippet:-1","max-image-preview":"max-image-preview:large","max-video-preview":"max-video-preview:-1"},"canonical":"https:\/\/medicinasinc.com\/pl\/product\/buy-41-1000mgcbd-250mgthc-nalewka-klucz\/","og_locale":"en_US","og_type":"article","og_title":"Kup 4:1 \u2013 1000mg CBD : 250mg THC nalewka \u2013 klucz \u2013 najlepsze leki na \u015bwiecie","og_description":"Kup 4:1 - 1000mgCBD: 250mgTHC nalewka - Keey na sprzeda\u017c w Wielkiej Brytanii, Europie online Kanada z najwi\u0119kszej apteki internetowej, Buy My Weed Online.","og_url":"https:\/\/medicinasinc.com\/pl\/product\/buy-41-1000mgcbd-250mgthc-nalewka-klucz\/","og_site_name":"Medicinas Inc","article_modified_time":"2022-03-22T01:23:02+00:00","og_image":[{"width":972,"height":972,"url":"https:\/\/medicinasinc.com\/pl\/wp-content\/uploads\/sites\/13\/2022\/02\/250mgTHC-Tincture-\u2013-Keey.png","type":"image\/png"}],"twitter_card":"summary_large_image","twitter_misc":{"Est. reading time":"1 minute"},"schema":{"@context":"https:\/\/schema.org","@graph":[{"@type":"WebPage","@id":"https:\/\/medicinasinc.com\/pl\/product\/buy-41-1000mgcbd-250mgthc-nalewka-klucz\/","url":"https:\/\/medicinasinc.com\/pl\/product\/buy-41-1000mgcbd-250mgthc-nalewka-klucz\/","name":"Kup 4:1 \u2013 1000mg CBD : 250mg THC nalewka \u2013 klucz \u2013 najlepsze leki na \u015bwiecie","isPartOf":{"@id":"https:\/\/medicinasinc.com\/pl\/#website"},"primaryImageOfPage":{"@id":"https:\/\/medicinasinc.com\/pl\/product\/buy-41-1000mgcbd-250mgthc-nalewka-klucz\/#primaryimage"},"image":{"@id":"https:\/\/medicinasinc.com\/pl\/product\/buy-41-1000mgcbd-250mgthc-nalewka-klucz\/#primaryimage"},"thumbnailUrl":"https:\/\/medicinasinc.com\/pl\/wp-content\/uploads\/sites\/13\/2022\/02\/250mgTHC-Tincture-\u2013-Keey.png","datePublished":"2022-02-20T08:27:57+00:00","dateModified":"2022-03-22T01:23:02+00:00","description":"Kup 4:1 - 1000mgCBD: 250mgTHC nalewka - Keey na sprzeda\u017c w Wielkiej Brytanii, Europie online Kanada z najwi\u0119kszej apteki internetowej, Buy My Weed Online.","breadcrumb":{"@id":"https:\/\/medicinasinc.com\/pl\/product\/buy-41-1000mgcbd-250mgthc-nalewka-klucz\/#breadcrumb"},"inLanguage":"en-US","potentialAction":[{"@type":"ReadAction","target":["https:\/\/medicinasinc.com\/pl\/product\/buy-41-1000mgcbd-250mgthc-nalewka-klucz\/"]}]},{"@type":"ImageObject","inLanguage":"en-US","@id":"https:\/\/medicinasinc.com\/pl\/product\/buy-41-1000mgcbd-250mgthc-nalewka-klucz\/#primaryimage","url":"https:\/\/medicinasinc.com\/pl\/wp-content\/uploads\/sites\/13\/2022\/02\/250mgTHC-Tincture-\u2013-Keey.png","contentUrl":"https:\/\/medicinasinc.com\/pl\/wp-content\/uploads\/sites\/13\/2022\/02\/250mgTHC-Tincture-\u2013-Keey.png","width":972,"height":972},{"@type":"BreadcrumbList","@id":"https:\/\/medicinasinc.com\/pl\/product\/buy-41-1000mgcbd-250mgthc-nalewka-klucz\/#breadcrumb","itemListElement":[{"@type":"ListItem","position":1,"name":"Sklep","item":"https:\/\/medicinasinc.com\/pl\/sklep\/"},{"@type":"ListItem","position":2,"name":"Kup 4:1 \u2013 1000mgCBD: 250mgTHC nalewka \u2013 Keey"}]},{"@type":"WebSite","@id":"https:\/\/medicinasinc.com\/pl\/#website","url":"https:\/\/medicinasinc.com\/pl\/","name":"Medicinas Inc","description":"Health Medical Clinic","potentialAction":[{"@type":"SearchAction","target":{"@type":"EntryPoint","urlTemplate":"https:\/\/medicinasinc.com\/pl\/?s={search_term_string}"},"query-input":{"@type":"PropertyValueSpecification","valueRequired":true,"valueName":"search_term_string"}}],"inLanguage":"en-US"}]}},"_links":{"self":[{"href":"https:\/\/medicinasinc.com\/pl\/wp-json\/wp\/v2\/product\/4343","targetHints":{"allow":["GET"]}}],"collection":[{"href":"https:\/\/medicinasinc.com\/pl\/wp-json\/wp\/v2\/product"}],"about":[{"href":"https:\/\/medicinasinc.com\/pl\/wp-json\/wp\/v2\/types\/product"}],"replies":[{"embeddable":true,"href":"https:\/\/medicinasinc.com\/pl\/wp-json\/wp\/v2\/comments?post=4343"}],"wp:featuredmedia":[{"embeddable":true,"href":"https:\/\/medicinasinc.com\/pl\/wp-json\/wp\/v2\/media\/4377"}],"wp:attachment":[{"href":"https:\/\/medicinasinc.com\/pl\/wp-json\/wp\/v2\/media?parent=4343"}],"wp:term":[{"taxonomy":"product_brand","embeddable":true,"href":"https:\/\/medicinasinc.com\/pl\/wp-json\/wp\/v2\/product_brand?post=4343"},{"taxonomy":"product_cat","embeddable":true,"href":"https:\/\/medicinasinc.com\/pl\/wp-json\/wp\/v2\/product_cat?post=4343"},{"taxonomy":"product_tag","embeddable":true,"href":"https:\/\/medicinasinc.com\/pl\/wp-json\/wp\/v2\/product_tag?post=4343"}],"curies":[{"name":"wp","href":"https:\/\/api.w.org\/{rel}","templated":true}]}}