{"id":4338,"date":"2022-02-20T08:27:22","date_gmt":"2022-02-20T08:27:22","guid":{"rendered":"https:\/\/medicinasinc.com\/pl\/?post_type=product&#038;p=4338"},"modified":"2022-03-22T01:23:12","modified_gmt":"2022-03-22T01:23:12","slug":"kup-250mg-thc-mist-spray-10ml-latwosc","status":"publish","type":"product","link":"https:\/\/medicinasinc.com\/pl\/product\/kup-250mg-thc-mist-spray-10ml-latwosc\/","title":{"rendered":"Kup 250mg THC Mist Spray 10ml \u2013 \u0141atwo\u015b\u0107"},"content":{"rendered":"<p>Kup 10 ml 250 mg THC Mist Spray \u2013 \u0141atwo\u015b\u0107<\/p>\n<p>Dzi\u0119ki naszemu pysznemu sprayowi do oddychania z konopiami, Ease podj\u0119zykowy spray wznosi tradycyjn\u0105 koncepcj\u0119 nalewki na zupe\u0142nie nowy poziom. Ease Spray umo\u017cliwia dozowanie w razie potrzeby, niezale\u017cnie od lokalizacji, bez obaw o pi\u0119tno tradycyjnie kojarzone z wi\u0119kszo\u015bci\u0105 produkt\u00f3w z konopi indyjskich. Ease Spray zawiera a\u017c 5 mg leku na spray, co pozwala precyzyjnie leczy\u0107 do poziomu odpowiadaj\u0105cego Twoim potrzebom. Ease Sprays nie zawiera alkoholu, rozpuszczalnik\u00f3w ani produkt\u00f3w petrochemicznych w ich ca\u0142kowicie naturalnej formule ekstrakt\u00f3w kokosowych, terpen\u00f3w i ekstrakt\u00f3w z konopi.<\/p>\n<p>Ten produkt u\u0142atwia przyjmowanie lek\u00f3w w podr\u00f3\u017cy! Z Ca\u0142kiem Nowej Ease Shake n Spray Extra Strength!<\/p>\n<p>DAWKI DLA PODJ\u0118ZYKOWYCH BUTELEK NA SPRAY<\/p>\n<p>250 \u200b\u200bmg THC w 10 ml szklanej butelce<\/p>\n<p>Ka\u017cda butelka zawiera 50 -60 spray\u00f3w.<\/p>\n","protected":false},"excerpt":{"rendered":"<p>Kup 250mg THC Mist Spray UK 10ml na sprzeda\u017c w Europie Online. Ease Spray daje Ci swobod\u0119 dozowania w razie potrzeby w dowolnym miejscu, bez martwienia si\u0119 o pi\u0119tno tradycyjnie<\/p>\n<ul>\n<li>Wysy\u0142ka na ca\u0142y \u015bwiat<\/li>\n<li>DODATKOWA MOC THC MIST SPRAY<\/li>\n<li>10 ml szklana butelka 250 mg THC<\/li>\n<li>Minimalna ilo\u015b\u0107 zam\u00f3wienia to 5<\/li>\n<li><strong>Skontaktuj si\u0119 z nami<\/strong>\u00a0w przypadku wi\u0119kszych zam\u00f3wie\u0144<\/li>\n<\/ul>\n","protected":false},"featured_media":4371,"comment_status":"open","ping_status":"closed","template":"","meta":[],"product_brand":[],"product_cat":[440],"product_tag":[],"class_list":{"0":"post-4338","1":"product","2":"type-product","3":"status-publish","4":"has-post-thumbnail","6":"product_cat-kup-konopi-olej-cbd","8":"first","9":"instock","10":"shipping-taxable","11":"purchasable","12":"product-type-variable","13":"has-default-attributes"},"yoast_head":"<!-- This site is optimized with the Yoast SEO plugin v27.3 - https:\/\/yoast.com\/product\/yoast-seo-wordpress\/ -->\n<title>Kup 250mg THC Mist Spray 10ml \u2013 \u0141atwo\u015b\u0107 - Najlepsze leki na \u015bwiecie<\/title>\n<meta name=\"description\" content=\"Kup 250mg THC Mist Spray UK 10ml na sprzeda\u017c w Europie Online. Ease Spray daje Ci swobod\u0119 dozowania w razie potrzeby w dowolnym miejscu, bez obawy o pi\u0119tno tradycyjnie\" \/>\n<meta name=\"robots\" content=\"index, follow, max-snippet:-1, max-image-preview:large, max-video-preview:-1\" \/>\n<link rel=\"canonical\" href=\"https:\/\/medicinasinc.com\/pl\/product\/kup-250mg-thc-mist-spray-10ml-latwosc\/\" \/>\n<meta property=\"og:locale\" content=\"en_US\" \/>\n<meta property=\"og:type\" content=\"article\" \/>\n<meta property=\"og:title\" content=\"Kup 250mg THC Mist Spray 10ml \u2013 \u0141atwo\u015b\u0107 - Najlepsze leki na \u015bwiecie\" \/>\n<meta property=\"og:description\" content=\"Kup 250mg THC Mist Spray UK 10ml na sprzeda\u017c w Europie Online. Ease Spray daje Ci swobod\u0119 dozowania w razie potrzeby w dowolnym miejscu, bez obawy o pi\u0119tno tradycyjnie\" \/>\n<meta property=\"og:url\" content=\"https:\/\/medicinasinc.com\/pl\/product\/kup-250mg-thc-mist-spray-10ml-latwosc\/\" \/>\n<meta property=\"og:site_name\" content=\"Medicinas Inc\" \/>\n<meta property=\"article:modified_time\" content=\"2022-03-22T01:23:12+00:00\" \/>\n<meta property=\"og:image\" content=\"https:\/\/medicinasinc.com\/pl\/wp-content\/uploads\/sites\/13\/2022\/02\/Buy-250mg-THC-Mist-Spray-10ml.jpg\" \/>\n\t<meta property=\"og:image:width\" content=\"1500\" \/>\n\t<meta property=\"og:image:height\" content=\"1500\" \/>\n\t<meta property=\"og:image:type\" content=\"image\/jpeg\" \/>\n<meta name=\"twitter:card\" content=\"summary_large_image\" \/>\n<meta name=\"twitter:label1\" content=\"Est. reading time\" \/>\n\t<meta name=\"twitter:data1\" content=\"1 minute\" \/>\n<script type=\"application\/ld+json\" class=\"yoast-schema-graph\">{\"@context\":\"https:\\\/\\\/schema.org\",\"@graph\":[{\"@type\":\"WebPage\",\"@id\":\"https:\\\/\\\/medicinasinc.com\\\/pl\\\/product\\\/kup-250mg-thc-mist-spray-10ml-latwosc\\\/\",\"url\":\"https:\\\/\\\/medicinasinc.com\\\/pl\\\/product\\\/kup-250mg-thc-mist-spray-10ml-latwosc\\\/\",\"name\":\"Kup 250mg THC Mist Spray 10ml \u2013 \u0141atwo\u015b\u0107 - Najlepsze leki na \u015bwiecie\",\"isPartOf\":{\"@id\":\"https:\\\/\\\/medicinasinc.com\\\/pl\\\/#website\"},\"primaryImageOfPage\":{\"@id\":\"https:\\\/\\\/medicinasinc.com\\\/pl\\\/product\\\/kup-250mg-thc-mist-spray-10ml-latwosc\\\/#primaryimage\"},\"image\":{\"@id\":\"https:\\\/\\\/medicinasinc.com\\\/pl\\\/product\\\/kup-250mg-thc-mist-spray-10ml-latwosc\\\/#primaryimage\"},\"thumbnailUrl\":\"https:\\\/\\\/medicinasinc.com\\\/pl\\\/wp-content\\\/uploads\\\/sites\\\/13\\\/2022\\\/02\\\/Buy-250mg-THC-Mist-Spray-10ml.jpg\",\"datePublished\":\"2022-02-20T08:27:22+00:00\",\"dateModified\":\"2022-03-22T01:23:12+00:00\",\"description\":\"Kup 250mg THC Mist Spray UK 10ml na sprzeda\u017c w Europie Online. Ease Spray daje Ci swobod\u0119 dozowania w razie potrzeby w dowolnym miejscu, bez obawy o pi\u0119tno tradycyjnie\",\"breadcrumb\":{\"@id\":\"https:\\\/\\\/medicinasinc.com\\\/pl\\\/product\\\/kup-250mg-thc-mist-spray-10ml-latwosc\\\/#breadcrumb\"},\"inLanguage\":\"en-US\",\"potentialAction\":[{\"@type\":\"ReadAction\",\"target\":[\"https:\\\/\\\/medicinasinc.com\\\/pl\\\/product\\\/kup-250mg-thc-mist-spray-10ml-latwosc\\\/\"]}]},{\"@type\":\"ImageObject\",\"inLanguage\":\"en-US\",\"@id\":\"https:\\\/\\\/medicinasinc.com\\\/pl\\\/product\\\/kup-250mg-thc-mist-spray-10ml-latwosc\\\/#primaryimage\",\"url\":\"https:\\\/\\\/medicinasinc.com\\\/pl\\\/wp-content\\\/uploads\\\/sites\\\/13\\\/2022\\\/02\\\/Buy-250mg-THC-Mist-Spray-10ml.jpg\",\"contentUrl\":\"https:\\\/\\\/medicinasinc.com\\\/pl\\\/wp-content\\\/uploads\\\/sites\\\/13\\\/2022\\\/02\\\/Buy-250mg-THC-Mist-Spray-10ml.jpg\",\"width\":1500,\"height\":1500},{\"@type\":\"BreadcrumbList\",\"@id\":\"https:\\\/\\\/medicinasinc.com\\\/pl\\\/product\\\/kup-250mg-thc-mist-spray-10ml-latwosc\\\/#breadcrumb\",\"itemListElement\":[{\"@type\":\"ListItem\",\"position\":1,\"name\":\"Sklep\",\"item\":\"https:\\\/\\\/medicinasinc.com\\\/pl\\\/sklep\\\/\"},{\"@type\":\"ListItem\",\"position\":2,\"name\":\"Kup 250mg THC Mist Spray 10ml \u2013 \u0141atwo\u015b\u0107\"}]},{\"@type\":\"WebSite\",\"@id\":\"https:\\\/\\\/medicinasinc.com\\\/pl\\\/#website\",\"url\":\"https:\\\/\\\/medicinasinc.com\\\/pl\\\/\",\"name\":\"Medicinas Inc\",\"description\":\"Health Medical Clinic\",\"potentialAction\":[{\"@type\":\"SearchAction\",\"target\":{\"@type\":\"EntryPoint\",\"urlTemplate\":\"https:\\\/\\\/medicinasinc.com\\\/pl\\\/?s={search_term_string}\"},\"query-input\":{\"@type\":\"PropertyValueSpecification\",\"valueRequired\":true,\"valueName\":\"search_term_string\"}}],\"inLanguage\":\"en-US\"}]}<\/script>\n<!-- \/ Yoast SEO plugin. -->","yoast_head_json":{"title":"Kup 250mg THC Mist Spray 10ml \u2013 \u0141atwo\u015b\u0107 - Najlepsze leki na \u015bwiecie","description":"Kup 250mg THC Mist Spray UK 10ml na sprzeda\u017c w Europie Online. Ease Spray daje Ci swobod\u0119 dozowania w razie potrzeby w dowolnym miejscu, bez obawy o pi\u0119tno tradycyjnie","robots":{"index":"index","follow":"follow","max-snippet":"max-snippet:-1","max-image-preview":"max-image-preview:large","max-video-preview":"max-video-preview:-1"},"canonical":"https:\/\/medicinasinc.com\/pl\/product\/kup-250mg-thc-mist-spray-10ml-latwosc\/","og_locale":"en_US","og_type":"article","og_title":"Kup 250mg THC Mist Spray 10ml \u2013 \u0141atwo\u015b\u0107 - Najlepsze leki na \u015bwiecie","og_description":"Kup 250mg THC Mist Spray UK 10ml na sprzeda\u017c w Europie Online. Ease Spray daje Ci swobod\u0119 dozowania w razie potrzeby w dowolnym miejscu, bez obawy o pi\u0119tno tradycyjnie","og_url":"https:\/\/medicinasinc.com\/pl\/product\/kup-250mg-thc-mist-spray-10ml-latwosc\/","og_site_name":"Medicinas Inc","article_modified_time":"2022-03-22T01:23:12+00:00","og_image":[{"width":1500,"height":1500,"url":"https:\/\/medicinasinc.com\/pl\/wp-content\/uploads\/sites\/13\/2022\/02\/Buy-250mg-THC-Mist-Spray-10ml.jpg","type":"image\/jpeg"}],"twitter_card":"summary_large_image","twitter_misc":{"Est. reading time":"1 minute"},"schema":{"@context":"https:\/\/schema.org","@graph":[{"@type":"WebPage","@id":"https:\/\/medicinasinc.com\/pl\/product\/kup-250mg-thc-mist-spray-10ml-latwosc\/","url":"https:\/\/medicinasinc.com\/pl\/product\/kup-250mg-thc-mist-spray-10ml-latwosc\/","name":"Kup 250mg THC Mist Spray 10ml \u2013 \u0141atwo\u015b\u0107 - Najlepsze leki na \u015bwiecie","isPartOf":{"@id":"https:\/\/medicinasinc.com\/pl\/#website"},"primaryImageOfPage":{"@id":"https:\/\/medicinasinc.com\/pl\/product\/kup-250mg-thc-mist-spray-10ml-latwosc\/#primaryimage"},"image":{"@id":"https:\/\/medicinasinc.com\/pl\/product\/kup-250mg-thc-mist-spray-10ml-latwosc\/#primaryimage"},"thumbnailUrl":"https:\/\/medicinasinc.com\/pl\/wp-content\/uploads\/sites\/13\/2022\/02\/Buy-250mg-THC-Mist-Spray-10ml.jpg","datePublished":"2022-02-20T08:27:22+00:00","dateModified":"2022-03-22T01:23:12+00:00","description":"Kup 250mg THC Mist Spray UK 10ml na sprzeda\u017c w Europie Online. Ease Spray daje Ci swobod\u0119 dozowania w razie potrzeby w dowolnym miejscu, bez obawy o pi\u0119tno tradycyjnie","breadcrumb":{"@id":"https:\/\/medicinasinc.com\/pl\/product\/kup-250mg-thc-mist-spray-10ml-latwosc\/#breadcrumb"},"inLanguage":"en-US","potentialAction":[{"@type":"ReadAction","target":["https:\/\/medicinasinc.com\/pl\/product\/kup-250mg-thc-mist-spray-10ml-latwosc\/"]}]},{"@type":"ImageObject","inLanguage":"en-US","@id":"https:\/\/medicinasinc.com\/pl\/product\/kup-250mg-thc-mist-spray-10ml-latwosc\/#primaryimage","url":"https:\/\/medicinasinc.com\/pl\/wp-content\/uploads\/sites\/13\/2022\/02\/Buy-250mg-THC-Mist-Spray-10ml.jpg","contentUrl":"https:\/\/medicinasinc.com\/pl\/wp-content\/uploads\/sites\/13\/2022\/02\/Buy-250mg-THC-Mist-Spray-10ml.jpg","width":1500,"height":1500},{"@type":"BreadcrumbList","@id":"https:\/\/medicinasinc.com\/pl\/product\/kup-250mg-thc-mist-spray-10ml-latwosc\/#breadcrumb","itemListElement":[{"@type":"ListItem","position":1,"name":"Sklep","item":"https:\/\/medicinasinc.com\/pl\/sklep\/"},{"@type":"ListItem","position":2,"name":"Kup 250mg THC Mist Spray 10ml \u2013 \u0141atwo\u015b\u0107"}]},{"@type":"WebSite","@id":"https:\/\/medicinasinc.com\/pl\/#website","url":"https:\/\/medicinasinc.com\/pl\/","name":"Medicinas Inc","description":"Health Medical Clinic","potentialAction":[{"@type":"SearchAction","target":{"@type":"EntryPoint","urlTemplate":"https:\/\/medicinasinc.com\/pl\/?s={search_term_string}"},"query-input":{"@type":"PropertyValueSpecification","valueRequired":true,"valueName":"search_term_string"}}],"inLanguage":"en-US"}]}},"_links":{"self":[{"href":"https:\/\/medicinasinc.com\/pl\/wp-json\/wp\/v2\/product\/4338","targetHints":{"allow":["GET"]}}],"collection":[{"href":"https:\/\/medicinasinc.com\/pl\/wp-json\/wp\/v2\/product"}],"about":[{"href":"https:\/\/medicinasinc.com\/pl\/wp-json\/wp\/v2\/types\/product"}],"replies":[{"embeddable":true,"href":"https:\/\/medicinasinc.com\/pl\/wp-json\/wp\/v2\/comments?post=4338"}],"wp:featuredmedia":[{"embeddable":true,"href":"https:\/\/medicinasinc.com\/pl\/wp-json\/wp\/v2\/media\/4371"}],"wp:attachment":[{"href":"https:\/\/medicinasinc.com\/pl\/wp-json\/wp\/v2\/media?parent=4338"}],"wp:term":[{"taxonomy":"product_brand","embeddable":true,"href":"https:\/\/medicinasinc.com\/pl\/wp-json\/wp\/v2\/product_brand?post=4338"},{"taxonomy":"product_cat","embeddable":true,"href":"https:\/\/medicinasinc.com\/pl\/wp-json\/wp\/v2\/product_cat?post=4338"},{"taxonomy":"product_tag","embeddable":true,"href":"https:\/\/medicinasinc.com\/pl\/wp-json\/wp\/v2\/product_tag?post=4338"}],"curies":[{"name":"wp","href":"https:\/\/api.w.org\/{rel}","templated":true}]}}