{"id":4333,"date":"2022-02-20T08:26:46","date_gmt":"2022-02-20T08:26:46","guid":{"rendered":"https:\/\/medicinasinc.com\/pl\/?post_type=product&#038;p=4333"},"modified":"2022-03-22T01:23:20","modified_gmt":"2022-03-22T01:23:20","slug":"kup-kapsulki-z-olejem-z-nasion-konopi-100mg-thc","status":"publish","type":"product","link":"https:\/\/medicinasinc.com\/pl\/product\/kup-kapsulki-z-olejem-z-nasion-konopi-100mg-thc\/","title":{"rendered":"Kup kapsu\u0142ki z olejem z nasion konopi 100 mg THC"},"content":{"rendered":"<p>Kup kapsu\u0142ki z olejem z nasion konopi 100 mg THC<\/p>\n<p>Aby odr\u00f3\u017cni\u0107 te kapsu\u0142ki od powszechnie dost\u0119pnych, ale gorszych kapsu\u0142ek w proszku z THC, ka\u017cda kapsu\u0142ka zawiera 100 mg oleju z nasion konopi THC.<\/p>\n<p>Sprzedane w trzech opakowaniach<\/p>\n<p>Nasze kapsu\u0142ki olejowe THC pochodz\u0105 z ca\u0142ej ro\u015bliny konopi i s\u0105 wyj\u0105tkowo bogate w terpeny. Te kapsu\u0142ki zawieraj\u0105 najczystszy dost\u0119pny olej THC i nasion konopi. Olej z nasion konopi zawiera kwasy t\u0142uszczowe omega 6 do omega 3 w proporcji 3:1, co spe\u0142nia optymalne wymagania dla d\u0142ugoterminowego zdrowia. Ka\u017cda partia oleju THC jest testowana laboratoryjnie, aby zapewni\u0107 jej czysto\u015b\u0107 i bezpiecze\u0144stwo.<\/p>\n","protected":false},"excerpt":{"rendered":"<p>Kup 100 mg kapsu\u0142ek oleju konopnego THC na sprzeda\u017c, kt\u00f3re s\u0105 formu\u0142owane z ca\u0142ej ro\u015bliny konopi i s\u0105 bogate w terpeny. Te kapsu\u0142ki zawieraj\u0105 najwy\u017cszej jako\u015bci THC i olej z nasion konopi.<\/p>\n<ul>\n<li>Wysy\u0142ka na ca\u0142y \u015bwiat<\/li>\n<li>Ka\u017cda kapsu\u0142ka zawiera 100 mg THC.<\/li>\n<li>Ka\u017cda butelka zawiera 3 kapsu\u0142ki.<\/li>\n<li>Minimalna ilo\u015b\u0107 zam\u00f3wienia to 5<strong><em>\u00a0butelek<\/em><\/strong><\/li>\n<li>Skontaktuj si\u0119 z nami w przypadku wi\u0119kszych zam\u00f3wie\u0144<\/li>\n<\/ul>\n","protected":false},"featured_media":4365,"comment_status":"open","ping_status":"closed","template":"","meta":[],"product_brand":[],"product_cat":[440],"product_tag":[],"class_list":{"0":"post-4333","1":"product","2":"type-product","3":"status-publish","4":"has-post-thumbnail","6":"product_cat-kup-konopi-olej-cbd","8":"first","9":"instock","10":"shipping-taxable","11":"purchasable","12":"product-type-variable","13":"has-default-attributes"},"yoast_head":"<!-- This site is optimized with the Yoast SEO plugin v27.3 - https:\/\/yoast.com\/product\/yoast-seo-wordpress\/ -->\n<title>Kup kapsu\u0142ki z olejem konopnym THC 100 mg - najlepsze leki na \u015bwiecie<\/title>\n<meta name=\"description\" content=\"Kup kapsu\u0142ki oleju konopnego THC 100 mg na sprzeda\u017c s\u0105 formu\u0142owane z ca\u0142ej ro\u015bliny konopi i s\u0105 bogate w terpeny. Kapsu\u0142ki te zawieraj\u0105 najwy\u017cszej jako\u015bci THC i olej z nasion konopi.\" \/>\n<meta name=\"robots\" content=\"index, follow, max-snippet:-1, max-image-preview:large, max-video-preview:-1\" \/>\n<link rel=\"canonical\" href=\"https:\/\/medicinasinc.com\/pl\/product\/kup-kapsulki-z-olejem-z-nasion-konopi-100mg-thc\/\" \/>\n<meta property=\"og:locale\" content=\"en_US\" \/>\n<meta property=\"og:type\" content=\"article\" \/>\n<meta property=\"og:title\" content=\"Kup kapsu\u0142ki z olejem konopnym THC 100 mg - najlepsze leki na \u015bwiecie\" \/>\n<meta property=\"og:description\" content=\"Kup kapsu\u0142ki oleju konopnego THC 100 mg na sprzeda\u017c s\u0105 formu\u0142owane z ca\u0142ej ro\u015bliny konopi i s\u0105 bogate w terpeny. Kapsu\u0142ki te zawieraj\u0105 najwy\u017cszej jako\u015bci THC i olej z nasion konopi.\" \/>\n<meta property=\"og:url\" content=\"https:\/\/medicinasinc.com\/pl\/product\/kup-kapsulki-z-olejem-z-nasion-konopi-100mg-thc\/\" \/>\n<meta property=\"og:site_name\" content=\"Medicinas Inc\" \/>\n<meta property=\"article:modified_time\" content=\"2022-03-22T01:23:20+00:00\" \/>\n<meta property=\"og:image\" content=\"https:\/\/medicinasinc.com\/pl\/wp-content\/uploads\/sites\/13\/2022\/02\/Buy-100mg-THC-Hemp-Seed-Oil-Capsules-2.jpg\" \/>\n\t<meta property=\"og:image:width\" content=\"344\" \/>\n\t<meta property=\"og:image:height\" content=\"400\" \/>\n\t<meta property=\"og:image:type\" content=\"image\/jpeg\" \/>\n<meta name=\"twitter:card\" content=\"summary_large_image\" \/>\n<meta name=\"twitter:label1\" content=\"Est. reading time\" \/>\n\t<meta name=\"twitter:data1\" content=\"1 minute\" \/>\n<script type=\"application\/ld+json\" class=\"yoast-schema-graph\">{\"@context\":\"https:\\\/\\\/schema.org\",\"@graph\":[{\"@type\":\"WebPage\",\"@id\":\"https:\\\/\\\/medicinasinc.com\\\/pl\\\/product\\\/kup-kapsulki-z-olejem-z-nasion-konopi-100mg-thc\\\/\",\"url\":\"https:\\\/\\\/medicinasinc.com\\\/pl\\\/product\\\/kup-kapsulki-z-olejem-z-nasion-konopi-100mg-thc\\\/\",\"name\":\"Kup kapsu\u0142ki z olejem konopnym THC 100 mg - najlepsze leki na \u015bwiecie\",\"isPartOf\":{\"@id\":\"https:\\\/\\\/medicinasinc.com\\\/pl\\\/#website\"},\"primaryImageOfPage\":{\"@id\":\"https:\\\/\\\/medicinasinc.com\\\/pl\\\/product\\\/kup-kapsulki-z-olejem-z-nasion-konopi-100mg-thc\\\/#primaryimage\"},\"image\":{\"@id\":\"https:\\\/\\\/medicinasinc.com\\\/pl\\\/product\\\/kup-kapsulki-z-olejem-z-nasion-konopi-100mg-thc\\\/#primaryimage\"},\"thumbnailUrl\":\"https:\\\/\\\/medicinasinc.com\\\/pl\\\/wp-content\\\/uploads\\\/sites\\\/13\\\/2022\\\/02\\\/Buy-100mg-THC-Hemp-Seed-Oil-Capsules-2.jpg\",\"datePublished\":\"2022-02-20T08:26:46+00:00\",\"dateModified\":\"2022-03-22T01:23:20+00:00\",\"description\":\"Kup kapsu\u0142ki oleju konopnego THC 100 mg na sprzeda\u017c s\u0105 formu\u0142owane z ca\u0142ej ro\u015bliny konopi i s\u0105 bogate w terpeny. Kapsu\u0142ki te zawieraj\u0105 najwy\u017cszej jako\u015bci THC i olej z nasion konopi.\",\"breadcrumb\":{\"@id\":\"https:\\\/\\\/medicinasinc.com\\\/pl\\\/product\\\/kup-kapsulki-z-olejem-z-nasion-konopi-100mg-thc\\\/#breadcrumb\"},\"inLanguage\":\"en-US\",\"potentialAction\":[{\"@type\":\"ReadAction\",\"target\":[\"https:\\\/\\\/medicinasinc.com\\\/pl\\\/product\\\/kup-kapsulki-z-olejem-z-nasion-konopi-100mg-thc\\\/\"]}]},{\"@type\":\"ImageObject\",\"inLanguage\":\"en-US\",\"@id\":\"https:\\\/\\\/medicinasinc.com\\\/pl\\\/product\\\/kup-kapsulki-z-olejem-z-nasion-konopi-100mg-thc\\\/#primaryimage\",\"url\":\"https:\\\/\\\/medicinasinc.com\\\/pl\\\/wp-content\\\/uploads\\\/sites\\\/13\\\/2022\\\/02\\\/Buy-100mg-THC-Hemp-Seed-Oil-Capsules-2.jpg\",\"contentUrl\":\"https:\\\/\\\/medicinasinc.com\\\/pl\\\/wp-content\\\/uploads\\\/sites\\\/13\\\/2022\\\/02\\\/Buy-100mg-THC-Hemp-Seed-Oil-Capsules-2.jpg\",\"width\":344,\"height\":400},{\"@type\":\"BreadcrumbList\",\"@id\":\"https:\\\/\\\/medicinasinc.com\\\/pl\\\/product\\\/kup-kapsulki-z-olejem-z-nasion-konopi-100mg-thc\\\/#breadcrumb\",\"itemListElement\":[{\"@type\":\"ListItem\",\"position\":1,\"name\":\"Sklep\",\"item\":\"https:\\\/\\\/medicinasinc.com\\\/pl\\\/sklep\\\/\"},{\"@type\":\"ListItem\",\"position\":2,\"name\":\"Kup kapsu\u0142ki z olejem z nasion konopi 100 mg THC\"}]},{\"@type\":\"WebSite\",\"@id\":\"https:\\\/\\\/medicinasinc.com\\\/pl\\\/#website\",\"url\":\"https:\\\/\\\/medicinasinc.com\\\/pl\\\/\",\"name\":\"Medicinas Inc\",\"description\":\"Health Medical Clinic\",\"potentialAction\":[{\"@type\":\"SearchAction\",\"target\":{\"@type\":\"EntryPoint\",\"urlTemplate\":\"https:\\\/\\\/medicinasinc.com\\\/pl\\\/?s={search_term_string}\"},\"query-input\":{\"@type\":\"PropertyValueSpecification\",\"valueRequired\":true,\"valueName\":\"search_term_string\"}}],\"inLanguage\":\"en-US\"}]}<\/script>\n<!-- \/ Yoast SEO plugin. -->","yoast_head_json":{"title":"Kup kapsu\u0142ki z olejem konopnym THC 100 mg - najlepsze leki na \u015bwiecie","description":"Kup kapsu\u0142ki oleju konopnego THC 100 mg na sprzeda\u017c s\u0105 formu\u0142owane z ca\u0142ej ro\u015bliny konopi i s\u0105 bogate w terpeny. Kapsu\u0142ki te zawieraj\u0105 najwy\u017cszej jako\u015bci THC i olej z nasion konopi.","robots":{"index":"index","follow":"follow","max-snippet":"max-snippet:-1","max-image-preview":"max-image-preview:large","max-video-preview":"max-video-preview:-1"},"canonical":"https:\/\/medicinasinc.com\/pl\/product\/kup-kapsulki-z-olejem-z-nasion-konopi-100mg-thc\/","og_locale":"en_US","og_type":"article","og_title":"Kup kapsu\u0142ki z olejem konopnym THC 100 mg - najlepsze leki na \u015bwiecie","og_description":"Kup kapsu\u0142ki oleju konopnego THC 100 mg na sprzeda\u017c s\u0105 formu\u0142owane z ca\u0142ej ro\u015bliny konopi i s\u0105 bogate w terpeny. Kapsu\u0142ki te zawieraj\u0105 najwy\u017cszej jako\u015bci THC i olej z nasion konopi.","og_url":"https:\/\/medicinasinc.com\/pl\/product\/kup-kapsulki-z-olejem-z-nasion-konopi-100mg-thc\/","og_site_name":"Medicinas Inc","article_modified_time":"2022-03-22T01:23:20+00:00","og_image":[{"width":344,"height":400,"url":"https:\/\/medicinasinc.com\/pl\/wp-content\/uploads\/sites\/13\/2022\/02\/Buy-100mg-THC-Hemp-Seed-Oil-Capsules-2.jpg","type":"image\/jpeg"}],"twitter_card":"summary_large_image","twitter_misc":{"Est. reading time":"1 minute"},"schema":{"@context":"https:\/\/schema.org","@graph":[{"@type":"WebPage","@id":"https:\/\/medicinasinc.com\/pl\/product\/kup-kapsulki-z-olejem-z-nasion-konopi-100mg-thc\/","url":"https:\/\/medicinasinc.com\/pl\/product\/kup-kapsulki-z-olejem-z-nasion-konopi-100mg-thc\/","name":"Kup kapsu\u0142ki z olejem konopnym THC 100 mg - najlepsze leki na \u015bwiecie","isPartOf":{"@id":"https:\/\/medicinasinc.com\/pl\/#website"},"primaryImageOfPage":{"@id":"https:\/\/medicinasinc.com\/pl\/product\/kup-kapsulki-z-olejem-z-nasion-konopi-100mg-thc\/#primaryimage"},"image":{"@id":"https:\/\/medicinasinc.com\/pl\/product\/kup-kapsulki-z-olejem-z-nasion-konopi-100mg-thc\/#primaryimage"},"thumbnailUrl":"https:\/\/medicinasinc.com\/pl\/wp-content\/uploads\/sites\/13\/2022\/02\/Buy-100mg-THC-Hemp-Seed-Oil-Capsules-2.jpg","datePublished":"2022-02-20T08:26:46+00:00","dateModified":"2022-03-22T01:23:20+00:00","description":"Kup kapsu\u0142ki oleju konopnego THC 100 mg na sprzeda\u017c s\u0105 formu\u0142owane z ca\u0142ej ro\u015bliny konopi i s\u0105 bogate w terpeny. Kapsu\u0142ki te zawieraj\u0105 najwy\u017cszej jako\u015bci THC i olej z nasion konopi.","breadcrumb":{"@id":"https:\/\/medicinasinc.com\/pl\/product\/kup-kapsulki-z-olejem-z-nasion-konopi-100mg-thc\/#breadcrumb"},"inLanguage":"en-US","potentialAction":[{"@type":"ReadAction","target":["https:\/\/medicinasinc.com\/pl\/product\/kup-kapsulki-z-olejem-z-nasion-konopi-100mg-thc\/"]}]},{"@type":"ImageObject","inLanguage":"en-US","@id":"https:\/\/medicinasinc.com\/pl\/product\/kup-kapsulki-z-olejem-z-nasion-konopi-100mg-thc\/#primaryimage","url":"https:\/\/medicinasinc.com\/pl\/wp-content\/uploads\/sites\/13\/2022\/02\/Buy-100mg-THC-Hemp-Seed-Oil-Capsules-2.jpg","contentUrl":"https:\/\/medicinasinc.com\/pl\/wp-content\/uploads\/sites\/13\/2022\/02\/Buy-100mg-THC-Hemp-Seed-Oil-Capsules-2.jpg","width":344,"height":400},{"@type":"BreadcrumbList","@id":"https:\/\/medicinasinc.com\/pl\/product\/kup-kapsulki-z-olejem-z-nasion-konopi-100mg-thc\/#breadcrumb","itemListElement":[{"@type":"ListItem","position":1,"name":"Sklep","item":"https:\/\/medicinasinc.com\/pl\/sklep\/"},{"@type":"ListItem","position":2,"name":"Kup kapsu\u0142ki z olejem z nasion konopi 100 mg THC"}]},{"@type":"WebSite","@id":"https:\/\/medicinasinc.com\/pl\/#website","url":"https:\/\/medicinasinc.com\/pl\/","name":"Medicinas Inc","description":"Health Medical Clinic","potentialAction":[{"@type":"SearchAction","target":{"@type":"EntryPoint","urlTemplate":"https:\/\/medicinasinc.com\/pl\/?s={search_term_string}"},"query-input":{"@type":"PropertyValueSpecification","valueRequired":true,"valueName":"search_term_string"}}],"inLanguage":"en-US"}]}},"_links":{"self":[{"href":"https:\/\/medicinasinc.com\/pl\/wp-json\/wp\/v2\/product\/4333","targetHints":{"allow":["GET"]}}],"collection":[{"href":"https:\/\/medicinasinc.com\/pl\/wp-json\/wp\/v2\/product"}],"about":[{"href":"https:\/\/medicinasinc.com\/pl\/wp-json\/wp\/v2\/types\/product"}],"replies":[{"embeddable":true,"href":"https:\/\/medicinasinc.com\/pl\/wp-json\/wp\/v2\/comments?post=4333"}],"wp:featuredmedia":[{"embeddable":true,"href":"https:\/\/medicinasinc.com\/pl\/wp-json\/wp\/v2\/media\/4365"}],"wp:attachment":[{"href":"https:\/\/medicinasinc.com\/pl\/wp-json\/wp\/v2\/media?parent=4333"}],"wp:term":[{"taxonomy":"product_brand","embeddable":true,"href":"https:\/\/medicinasinc.com\/pl\/wp-json\/wp\/v2\/product_brand?post=4333"},{"taxonomy":"product_cat","embeddable":true,"href":"https:\/\/medicinasinc.com\/pl\/wp-json\/wp\/v2\/product_cat?post=4333"},{"taxonomy":"product_tag","embeddable":true,"href":"https:\/\/medicinasinc.com\/pl\/wp-json\/wp\/v2\/product_tag?post=4333"}],"curies":[{"name":"wp","href":"https:\/\/api.w.org\/{rel}","templated":true}]}}