{"id":4327,"date":"2022-02-20T08:26:03","date_gmt":"2022-02-20T08:26:03","guid":{"rendered":"https:\/\/medicinasinc.com\/pl\/?post_type=product&#038;p=4327"},"modified":"2022-03-22T01:23:40","modified_gmt":"2022-03-22T01:23:40","slug":"destylat-nalewka-1000mg-thc-zielona-bogini","status":"publish","type":"product","link":"https:\/\/medicinasinc.com\/pl\/product\/destylat-nalewka-1000mg-thc-zielona-bogini\/","title":{"rendered":"Nalewka z destylatu &#8211; 1000mg THC \u2013 Zielona Bogini"},"content":{"rendered":"<p>Zielona bogini \u2013 nalewka z THC 1000 mg<\/p>\n<p>Krople nalewki z zielonej bogini maj\u0105 kilka zalet w por\u00f3wnaniu z innymi metodami podawania medycznych kannabinoid\u00f3w: 30 ml s\u0142oik z \u0142atw\u0105 w u\u017cyciu kropl\u0105 umo\u017cliwia precyzyjne i niezawodne dawkowanie podj\u0119zykowe. B\u0142ona \u015bluzowa jamy ustnej u\u0142atwia szybkie i sta\u0142e wch\u0142anianie do krwiobiegu. Uk\u0142ad pokarmowy i w\u0105troba nie bior\u0105 udzia\u0142u w przetwarzaniu tych nalewek, tak jak w przypadku doustnych kannabinoid\u00f3w znajduj\u0105cych si\u0119 w artyku\u0142ach spo\u017cywczych. Dyskretny i idealny dla os\u00f3b niepal\u0105cych, kt\u00f3re poszukuj\u0105 korzy\u015bci p\u0142yn\u0105cych z THC, ale nie maj\u0105 zdolno\u015bci oddechowych niezb\u0119dnych do palenia.<\/p>\n<p>Wyprodukowany przy u\u017cyciu ekstraktu z ca\u0142ej ro\u015bliny konopi. Dodali\u015bmy ca\u0142kowicie naturalny olej C8 + C10, w 100 procentach organiczny olej kokosowy, kt\u00f3ry zawiera silne \u015brednio\u0142a\u0144cuchowe kwasy t\u0142uszczowe, kt\u00f3re pomagaj\u0105 cia\u0142u i umys\u0142owi osi\u0105ga\u0107 najlepsze wyniki. Dodano naturalny aromat.<\/p>\n<p>Sk\u0142adniki:<\/p>\n<p>Olej MCT nasycony ekstraktem z ca\u0142ej ro\u015bliny konopi (THC)<\/p>\n<p>Wskaz\u00f3wki dotycz\u0105ce stosowania<\/p>\n<p>1 -2 zakraplacze co trzy do czterech godzin, wrzu\u0107 pod j\u0119zyk i przytrzymaj przez 30 sekund, aby uzyska\u0107 maksymaln\u0105 ulg\u0119. Skonsultuj si\u0119 z lekarzem, aby ustali\u0107 odpowiedni\u0105 dawk\u0119. Nie zaleca si\u0119 przyjmowania na pusty \u017co\u0142\u0105dek.<\/p>\n","protected":false},"excerpt":{"rendered":"<p>Nasz najwy\u017cszej jako\u015bci destylat CBD 1000 mg THC konopny olej konopny zawiera 1000 mg CBD wyekstrahowanego z organicznych konopi uprawianych w Kolorado. Przyjmuj t\u0119 nalewk\u0119 codziennie, aby zapewni\u0107 dobre samopoczucie zasilane ro\u015blinami!<\/p>\n<ul>\n<li>Wysy\u0142ka na ca\u0142y \u015bwiat<\/li>\n<li>1000 mg THC na 30 ml<\/li>\n<li>Minimalna ilo\u015b\u0107 zam\u00f3wienia to 5<\/li>\n<li>Skontaktuj si\u0119 z nami w przypadku wi\u0119kszych zam\u00f3wie\u0144<\/li>\n<\/ul>\n","protected":false},"featured_media":4357,"comment_status":"open","ping_status":"closed","template":"","meta":[],"product_brand":[],"product_cat":[440],"product_tag":[],"class_list":{"0":"post-4327","1":"product","2":"type-product","3":"status-publish","4":"has-post-thumbnail","6":"product_cat-kup-konopi-olej-cbd","8":"first","9":"instock","10":"shipping-taxable","11":"purchasable","12":"product-type-variable","13":"has-default-attributes"},"yoast_head":"<!-- This site is optimized with the Yoast SEO plugin v27.3 - https:\/\/yoast.com\/product\/yoast-seo-wordpress\/ -->\n<title>Destylat 1000mg THC Nalewka \u2013 Zielona Bogini - Best Global Meds<\/title>\n<meta name=\"description\" content=\"Nasz najwy\u017cszej jako\u015bci olej konopny CBD Destillate 1000 mg THC Tincture zawiera 1000 mg CBD wyekstrahowanego z organicznych konopi uprawianych w Kolorado. Przyjmuj t\u0119 nalewk\u0119 codziennie dla dobrego samopoczucia dzi\u0119ki ro\u015blinom!\" \/>\n<meta name=\"robots\" content=\"index, follow, max-snippet:-1, max-image-preview:large, max-video-preview:-1\" \/>\n<link rel=\"canonical\" href=\"https:\/\/medicinasinc.com\/pl\/product\/destylat-nalewka-1000mg-thc-zielona-bogini\/\" \/>\n<meta property=\"og:locale\" content=\"en_US\" \/>\n<meta property=\"og:type\" content=\"article\" \/>\n<meta property=\"og:title\" content=\"Destylat 1000mg THC Nalewka \u2013 Zielona Bogini - Best Global Meds\" \/>\n<meta property=\"og:description\" content=\"Nasz najwy\u017cszej jako\u015bci olej konopny CBD Destillate 1000 mg THC Tincture zawiera 1000 mg CBD wyekstrahowanego z organicznych konopi uprawianych w Kolorado. Przyjmuj t\u0119 nalewk\u0119 codziennie dla dobrego samopoczucia dzi\u0119ki ro\u015blinom!\" \/>\n<meta property=\"og:url\" content=\"https:\/\/medicinasinc.com\/pl\/product\/destylat-nalewka-1000mg-thc-zielona-bogini\/\" \/>\n<meta property=\"og:site_name\" content=\"Medicinas Inc\" \/>\n<meta property=\"article:modified_time\" content=\"2022-03-22T01:23:40+00:00\" \/>\n<meta property=\"og:image\" content=\"https:\/\/medicinasinc.com\/pl\/wp-content\/uploads\/sites\/13\/2022\/02\/1000mg-THC-Tincture.jpg\" \/>\n\t<meta property=\"og:image:width\" content=\"600\" \/>\n\t<meta property=\"og:image:height\" content=\"600\" \/>\n\t<meta property=\"og:image:type\" content=\"image\/jpeg\" \/>\n<meta name=\"twitter:card\" content=\"summary_large_image\" \/>\n<meta name=\"twitter:label1\" content=\"Est. reading time\" \/>\n\t<meta name=\"twitter:data1\" content=\"1 minute\" \/>\n<script type=\"application\/ld+json\" class=\"yoast-schema-graph\">{\"@context\":\"https:\\\/\\\/schema.org\",\"@graph\":[{\"@type\":\"WebPage\",\"@id\":\"https:\\\/\\\/medicinasinc.com\\\/pl\\\/product\\\/destylat-nalewka-1000mg-thc-zielona-bogini\\\/\",\"url\":\"https:\\\/\\\/medicinasinc.com\\\/pl\\\/product\\\/destylat-nalewka-1000mg-thc-zielona-bogini\\\/\",\"name\":\"Destylat 1000mg THC Nalewka \u2013 Zielona Bogini - Best Global Meds\",\"isPartOf\":{\"@id\":\"https:\\\/\\\/medicinasinc.com\\\/pl\\\/#website\"},\"primaryImageOfPage\":{\"@id\":\"https:\\\/\\\/medicinasinc.com\\\/pl\\\/product\\\/destylat-nalewka-1000mg-thc-zielona-bogini\\\/#primaryimage\"},\"image\":{\"@id\":\"https:\\\/\\\/medicinasinc.com\\\/pl\\\/product\\\/destylat-nalewka-1000mg-thc-zielona-bogini\\\/#primaryimage\"},\"thumbnailUrl\":\"https:\\\/\\\/medicinasinc.com\\\/pl\\\/wp-content\\\/uploads\\\/sites\\\/13\\\/2022\\\/02\\\/1000mg-THC-Tincture.jpg\",\"datePublished\":\"2022-02-20T08:26:03+00:00\",\"dateModified\":\"2022-03-22T01:23:40+00:00\",\"description\":\"Nasz najwy\u017cszej jako\u015bci olej konopny CBD Destillate 1000 mg THC Tincture zawiera 1000 mg CBD wyekstrahowanego z organicznych konopi uprawianych w Kolorado. Przyjmuj t\u0119 nalewk\u0119 codziennie dla dobrego samopoczucia dzi\u0119ki ro\u015blinom!\",\"breadcrumb\":{\"@id\":\"https:\\\/\\\/medicinasinc.com\\\/pl\\\/product\\\/destylat-nalewka-1000mg-thc-zielona-bogini\\\/#breadcrumb\"},\"inLanguage\":\"en-US\",\"potentialAction\":[{\"@type\":\"ReadAction\",\"target\":[\"https:\\\/\\\/medicinasinc.com\\\/pl\\\/product\\\/destylat-nalewka-1000mg-thc-zielona-bogini\\\/\"]}]},{\"@type\":\"ImageObject\",\"inLanguage\":\"en-US\",\"@id\":\"https:\\\/\\\/medicinasinc.com\\\/pl\\\/product\\\/destylat-nalewka-1000mg-thc-zielona-bogini\\\/#primaryimage\",\"url\":\"https:\\\/\\\/medicinasinc.com\\\/pl\\\/wp-content\\\/uploads\\\/sites\\\/13\\\/2022\\\/02\\\/1000mg-THC-Tincture.jpg\",\"contentUrl\":\"https:\\\/\\\/medicinasinc.com\\\/pl\\\/wp-content\\\/uploads\\\/sites\\\/13\\\/2022\\\/02\\\/1000mg-THC-Tincture.jpg\",\"width\":600,\"height\":600},{\"@type\":\"BreadcrumbList\",\"@id\":\"https:\\\/\\\/medicinasinc.com\\\/pl\\\/product\\\/destylat-nalewka-1000mg-thc-zielona-bogini\\\/#breadcrumb\",\"itemListElement\":[{\"@type\":\"ListItem\",\"position\":1,\"name\":\"Sklep\",\"item\":\"https:\\\/\\\/medicinasinc.com\\\/pl\\\/sklep\\\/\"},{\"@type\":\"ListItem\",\"position\":2,\"name\":\"Nalewka z destylatu &#8211; 1000mg THC \u2013 Zielona Bogini\"}]},{\"@type\":\"WebSite\",\"@id\":\"https:\\\/\\\/medicinasinc.com\\\/pl\\\/#website\",\"url\":\"https:\\\/\\\/medicinasinc.com\\\/pl\\\/\",\"name\":\"Medicinas Inc\",\"description\":\"Health Medical Clinic\",\"potentialAction\":[{\"@type\":\"SearchAction\",\"target\":{\"@type\":\"EntryPoint\",\"urlTemplate\":\"https:\\\/\\\/medicinasinc.com\\\/pl\\\/?s={search_term_string}\"},\"query-input\":{\"@type\":\"PropertyValueSpecification\",\"valueRequired\":true,\"valueName\":\"search_term_string\"}}],\"inLanguage\":\"en-US\"}]}<\/script>\n<!-- \/ Yoast SEO plugin. -->","yoast_head_json":{"title":"Destylat 1000mg THC Nalewka \u2013 Zielona Bogini - Best Global Meds","description":"Nasz najwy\u017cszej jako\u015bci olej konopny CBD Destillate 1000 mg THC Tincture zawiera 1000 mg CBD wyekstrahowanego z organicznych konopi uprawianych w Kolorado. Przyjmuj t\u0119 nalewk\u0119 codziennie dla dobrego samopoczucia dzi\u0119ki ro\u015blinom!","robots":{"index":"index","follow":"follow","max-snippet":"max-snippet:-1","max-image-preview":"max-image-preview:large","max-video-preview":"max-video-preview:-1"},"canonical":"https:\/\/medicinasinc.com\/pl\/product\/destylat-nalewka-1000mg-thc-zielona-bogini\/","og_locale":"en_US","og_type":"article","og_title":"Destylat 1000mg THC Nalewka \u2013 Zielona Bogini - Best Global Meds","og_description":"Nasz najwy\u017cszej jako\u015bci olej konopny CBD Destillate 1000 mg THC Tincture zawiera 1000 mg CBD wyekstrahowanego z organicznych konopi uprawianych w Kolorado. Przyjmuj t\u0119 nalewk\u0119 codziennie dla dobrego samopoczucia dzi\u0119ki ro\u015blinom!","og_url":"https:\/\/medicinasinc.com\/pl\/product\/destylat-nalewka-1000mg-thc-zielona-bogini\/","og_site_name":"Medicinas Inc","article_modified_time":"2022-03-22T01:23:40+00:00","og_image":[{"width":600,"height":600,"url":"https:\/\/medicinasinc.com\/pl\/wp-content\/uploads\/sites\/13\/2022\/02\/1000mg-THC-Tincture.jpg","type":"image\/jpeg"}],"twitter_card":"summary_large_image","twitter_misc":{"Est. reading time":"1 minute"},"schema":{"@context":"https:\/\/schema.org","@graph":[{"@type":"WebPage","@id":"https:\/\/medicinasinc.com\/pl\/product\/destylat-nalewka-1000mg-thc-zielona-bogini\/","url":"https:\/\/medicinasinc.com\/pl\/product\/destylat-nalewka-1000mg-thc-zielona-bogini\/","name":"Destylat 1000mg THC Nalewka \u2013 Zielona Bogini - Best Global Meds","isPartOf":{"@id":"https:\/\/medicinasinc.com\/pl\/#website"},"primaryImageOfPage":{"@id":"https:\/\/medicinasinc.com\/pl\/product\/destylat-nalewka-1000mg-thc-zielona-bogini\/#primaryimage"},"image":{"@id":"https:\/\/medicinasinc.com\/pl\/product\/destylat-nalewka-1000mg-thc-zielona-bogini\/#primaryimage"},"thumbnailUrl":"https:\/\/medicinasinc.com\/pl\/wp-content\/uploads\/sites\/13\/2022\/02\/1000mg-THC-Tincture.jpg","datePublished":"2022-02-20T08:26:03+00:00","dateModified":"2022-03-22T01:23:40+00:00","description":"Nasz najwy\u017cszej jako\u015bci olej konopny CBD Destillate 1000 mg THC Tincture zawiera 1000 mg CBD wyekstrahowanego z organicznych konopi uprawianych w Kolorado. Przyjmuj t\u0119 nalewk\u0119 codziennie dla dobrego samopoczucia dzi\u0119ki ro\u015blinom!","breadcrumb":{"@id":"https:\/\/medicinasinc.com\/pl\/product\/destylat-nalewka-1000mg-thc-zielona-bogini\/#breadcrumb"},"inLanguage":"en-US","potentialAction":[{"@type":"ReadAction","target":["https:\/\/medicinasinc.com\/pl\/product\/destylat-nalewka-1000mg-thc-zielona-bogini\/"]}]},{"@type":"ImageObject","inLanguage":"en-US","@id":"https:\/\/medicinasinc.com\/pl\/product\/destylat-nalewka-1000mg-thc-zielona-bogini\/#primaryimage","url":"https:\/\/medicinasinc.com\/pl\/wp-content\/uploads\/sites\/13\/2022\/02\/1000mg-THC-Tincture.jpg","contentUrl":"https:\/\/medicinasinc.com\/pl\/wp-content\/uploads\/sites\/13\/2022\/02\/1000mg-THC-Tincture.jpg","width":600,"height":600},{"@type":"BreadcrumbList","@id":"https:\/\/medicinasinc.com\/pl\/product\/destylat-nalewka-1000mg-thc-zielona-bogini\/#breadcrumb","itemListElement":[{"@type":"ListItem","position":1,"name":"Sklep","item":"https:\/\/medicinasinc.com\/pl\/sklep\/"},{"@type":"ListItem","position":2,"name":"Nalewka z destylatu &#8211; 1000mg THC \u2013 Zielona Bogini"}]},{"@type":"WebSite","@id":"https:\/\/medicinasinc.com\/pl\/#website","url":"https:\/\/medicinasinc.com\/pl\/","name":"Medicinas Inc","description":"Health Medical Clinic","potentialAction":[{"@type":"SearchAction","target":{"@type":"EntryPoint","urlTemplate":"https:\/\/medicinasinc.com\/pl\/?s={search_term_string}"},"query-input":{"@type":"PropertyValueSpecification","valueRequired":true,"valueName":"search_term_string"}}],"inLanguage":"en-US"}]}},"_links":{"self":[{"href":"https:\/\/medicinasinc.com\/pl\/wp-json\/wp\/v2\/product\/4327","targetHints":{"allow":["GET"]}}],"collection":[{"href":"https:\/\/medicinasinc.com\/pl\/wp-json\/wp\/v2\/product"}],"about":[{"href":"https:\/\/medicinasinc.com\/pl\/wp-json\/wp\/v2\/types\/product"}],"replies":[{"embeddable":true,"href":"https:\/\/medicinasinc.com\/pl\/wp-json\/wp\/v2\/comments?post=4327"}],"wp:featuredmedia":[{"embeddable":true,"href":"https:\/\/medicinasinc.com\/pl\/wp-json\/wp\/v2\/media\/4357"}],"wp:attachment":[{"href":"https:\/\/medicinasinc.com\/pl\/wp-json\/wp\/v2\/media?parent=4327"}],"wp:term":[{"taxonomy":"product_brand","embeddable":true,"href":"https:\/\/medicinasinc.com\/pl\/wp-json\/wp\/v2\/product_brand?post=4327"},{"taxonomy":"product_cat","embeddable":true,"href":"https:\/\/medicinasinc.com\/pl\/wp-json\/wp\/v2\/product_cat?post=4327"},{"taxonomy":"product_tag","embeddable":true,"href":"https:\/\/medicinasinc.com\/pl\/wp-json\/wp\/v2\/product_tag?post=4327"}],"curies":[{"name":"wp","href":"https:\/\/api.w.org\/{rel}","templated":true}]}}