{"id":3,"date":"2022-02-19T02:31:18","date_gmt":"2022-02-19T02:31:18","guid":{"rendered":"https:\/\/medicinasinc.com\/pl\/?page_id=3"},"modified":"2022-04-10T13:04:50","modified_gmt":"2022-04-10T13:04:50","slug":"zasady","status":"publish","type":"page","link":"https:\/\/medicinasinc.com\/pl\/zasady\/","title":{"rendered":"Prywatno\u015b\u0107 i warunki"},"content":{"rendered":"<p>[vc_section][vc_row][vc_column][vc_row_inner][vc_column_inner][vc_custom_heading text=&#8221;Nasze zasady&#8221; font_container=&#8221;tag:h1|text_align:left&#8221; use_theme_fonts=&#8221;yes&#8221;][vc_separator align=&#8221;align_left&#8221; border_width=&#8221;2&#8243; el_width=&#8221;10&#8243;][\/vc_column_inner][\/vc_row_inner][\/vc_column][\/vc_row][vc_row][vc_column][vc_row_inner][vc_column_inner][vc_empty_space][vc_custom_heading text=&#8221;Mam pytanie?&#8221; use_theme_fonts=&#8221;yes&#8221;][\/vc_column_inner][\/vc_row_inner][vc_row_inner][vc_column_inner][vc_column_text]Zapoznaj si\u0119 z najcz\u0119\u015bciej zadawanymi pytaniami dotycz\u0105cymi lek\u00f3w poni\u017cej.<\/p>\n<p>Je\u015bli jest pytanie, kt\u00f3rego szukasz, ale nie mo\u017cesz go znale\u017a\u0107, <strong>skontaktuj si\u0119 z nami<\/strong>.[\/vc_column_text][\/vc_column_inner][\/vc_row_inner][vc_row_inner][vc_column_inner][vc_btn title=&#8221;B\u0105d\u017a w kontakcie&#8221; link=&#8221;url:%2Fpl%2Fkontakt%2F&#8221;][\/vc_column_inner][\/vc_row_inner][\/vc_column][\/vc_row][\/vc_section][vc_section][vc_row][vc_column][vc_row_inner][vc_column_inner][vc_empty_space height=&#8221;75px&#8221;][\/vc_column_inner][\/vc_row_inner][vc_row_inner][vc_column_inner][vc_column_text]<\/p>\n<ul>\n<li><a href=\"#shipping\">Zasady wysy\u0142ki<\/a><\/li>\n<li><a href=\"#cancellation\">Zasady anulowania zam\u00f3wie\u0144<\/a><\/li>\n<li><a href=\"#refund\">Zasady zwrot\u00f3w<\/a><\/li>\n<li><a href=\"#privacy\">Polityka prywatno\u015bci<\/a><\/li>\n<li><a href=\"#disclaimer\">Zastrze\u017cenie<\/a><\/li>\n<\/ul>\n<p>[\/vc_column_text][\/vc_column_inner][\/vc_row_inner][\/vc_column][\/vc_row][\/vc_section][vc_section el_id=&#8221;shipping&#8221;][vc_row][vc_column][vc_row_inner][vc_column_inner][vc_empty_space height=&#8221;75px&#8221;][vc_custom_heading text=&#8221;Zasady wysy\u0142ki&#8221; use_theme_fonts=&#8221;yes&#8221;][\/vc_column_inner][\/vc_row_inner][vc_row_inner][vc_column_inner][vc_column_text]Oferowane przez nas leki s\u0105 produkowane i wysy\u0142ane z Indii. To d\u0142uga droga, wi\u0119c dostawa wymaga czasu. Zazwyczaj przesy\u0142ki s\u0105 dostarczane w ci\u0105gu 10-17 dni, ale w niekt\u00f3rych przypadkach mo\u017ce wyst\u0105pi\u0107 op\u00f3\u017anienie o kolejne 5 dni.<\/p>\n<p>W przypadku braku dostawy po terminie prosimy o kontakt w celu poinformowania o sprawie. Postaramy si\u0119 zaproponowa\u0107 Ci rozwi\u0105zanie, kt\u00f3re w pe\u0142ni zaspokoi Twoje zainteresowania. Kliknij <a href=\"\/faq#shipping\" rel=\"nofollow\">tutaj<\/a>, aby dowiedzie\u0107 si\u0119 wi\u0119cej o wysy\u0142ce.[\/vc_column_text][\/vc_column_inner][\/vc_row_inner][\/vc_column][\/vc_row][\/vc_section][vc_section el_id=&#8221;cancellation&#8221;][vc_row][vc_column][vc_row_inner][vc_column_inner][vc_empty_space height=&#8221;75px&#8221;][vc_custom_heading text=&#8221;Zasady anulowania zam\u00f3wienia&#8221; use_theme_fonts=&#8221;yes&#8221;][\/vc_column_inner][\/vc_row_inner][vc_row_inner][vc_column_inner][vc_column_text]Uprzejmie informujemy, \u017ce anulowanie zam\u00f3wienia przyjmujemy WY\u0141\u0104CZNIE w ci\u0105gu 24 godzin od z\u0142o\u017cenia zam\u00f3wienia. Je\u015bli chcesz anulowa\u0107 zam\u00f3wienie, musisz skontaktowa\u0107 si\u0119 z naszym zespo\u0142em pomocy przez telefon lub e-mail ( <a href=\"\/pl\/kontakt\/\" rel=\"nofollow\">Skontaktuj si\u0119 z nami<\/a> ) i poinformowa\u0107 ich o swojej decyzji . Je\u015bli skontaktujesz si\u0119 z nami po 24 godzinach, anulowanie zam\u00f3wienia nie zostanie zrealizowane.<\/p>\n<p>Upewnij si\u0119, \u017ce w formularzu zam\u00f3wienia poda\u0142e\u015b prawid\u0142owy adres wysy\u0142ki, zalecamy dok\u0142adne sprawdzenie uwag przed z\u0142o\u017ceniem zam\u00f3wienia. Ka\u017cdy b\u0142\u0105d mo\u017ce spowodowa\u0107 niedostarczenie zam\u00f3wionych produkt\u00f3w. Je\u015bli zauwa\u017cy\u0142e\u015b, \u017ce notatki adresowe zosta\u0142y podane nieprawid\u0142owo, jak najszybciej skontaktuj si\u0119 z nami, aby poinformowa\u0107 o sprawie ( <a href=\"\/pl\/kontakt\/\" rel=\"nofollow\">Skontaktuj si\u0119 z nami<\/a> ).[\/vc_column_text][\/vc_column_inner][\/vc_row_inner][\/vc_column][\/vc_row][\/vc_section][vc_section el_id=&#8221;refund&#8221;][vc_row][vc_column][vc_row_inner][vc_column_inner][vc_empty_space height=&#8221;75px&#8221;][vc_custom_heading text=&#8221;Polityka zwrot\u00f3w&#8221; use_theme_fonts=&#8221;yes&#8221;][\/vc_column_inner][\/vc_row_inner][vc_row_inner][vc_column_inner][vc_column_text]Oferowane przez nas leki s\u0105 og\u00f3lnie r\u00f3wnowa\u017cne z ich markowymi odpowiednikami. Gwarantujemy, \u017ce s\u0105 one takie same chemicznie i maj\u0105 taki sam efekt medyczny.<\/p>\n<p>Je\u015bli nie jeste\u015b zadowolony z efektu, jaki daj\u0105 nasze leki, <a href=\"\/pl\/kontakt\/\" rel=\"nofollow\">skontaktuj si\u0119 z nami<\/a>, aby poinformowa\u0107 o problemie. Podamy Ci adres zwrotny i jak tylko produkt trafi do naszego dzia\u0142u zwrot\u00f3w, rozpoczniemy procedur\u0119 zwrotu pieni\u0119dzy.<\/p>\n<p>Przed skontaktowaniem si\u0119 z nami upewnij si\u0119, \u017ce przyjmujesz odpowiedni\u0105 dawk\u0119 produkt\u00f3w i post\u0119puj zgodnie z instrukcj\u0105 u\u017cycia. Pami\u0119taj, \u017ce efekty mog\u0105 zosta\u0107 spowolnione przez t\u0142uste jedzenie i alkohol, kt\u00f3re spo\u017cywasz przed przyj\u0119ciem karty.<\/p>\n<p>W przypadku <strong>niedostarczenia produktu<\/strong> w terminie (dostawa trwa 10-17 dni, mo\u017ce wyst\u0105pi\u0107 dodatkowe op\u00f3\u017anienie o 5 dni na kontrol\u0119 celn\u0105) mo\u017cesz skontaktowa\u0107 si\u0119 z naszym zespo\u0142em pomocy technicznej ( &lt; a href=&#8221;\/pl\/kontakt\/&#8221; rel=&#8221;nofollow&#8221;&gt;Skontaktuj si\u0119 z nami ), aby zakwalifikowa\u0107 si\u0119 do zwrotu pieni\u0119dzy. Twoja p\u0142atno\u015b\u0107 zostanie w ca\u0142o\u015bci zwr\u00f3cona na Twoj\u0105 kart\u0119 kredytow\u0105. Procedura zwrotu pieni\u0119dzy trwa zwykle 5-7 dni roboczych, po tym okresie zwrot zostanie odzwierciedlony na wyci\u0105gu z karty kredytowej.<\/p>\n<p>Ze wzgl\u0119du na specyfik\u0119 oferowanych przez nas produkt\u00f3w nie przyjmujemy zwrot\u00f3w. Nikt nie mo\u017ce zagwarantowa\u0107, \u017ce warunki przechowywania s\u0105 spe\u0142nione podczas transportu zam\u00f3wienia, dlatego nie mo\u017cemy ich przyj\u0105\u0107, nawet je\u015bli opakowanie pozostaje nieotwarte.[\/vc_column_text][\/vc_column_inner][\/vc_row_inner][\/vc_column][\/vc_row][\/vc_section][vc_section el_id=&#8221;privacy&#8221;][vc_row][vc_column][vc_row_inner][vc_column_inner][vc_empty_space height=&#8221;75px&#8221;][vc_custom_heading text=&#8221;Polityka prywatno\u015bci&#8221; use_theme_fonts=&#8221;yes&#8221;][\/vc_column_inner][\/vc_row_inner][vc_row_inner][vc_column_inner][vc_column_text]Rozumiemy, \u017ce prywatno\u015b\u0107 wszystkich informacji, kt\u00f3re podajesz, ma pierwszorz\u0119dne znaczenie. Dlatego robimy wszystko, co mo\u017cliwe, aby u\u017cywa\u0107 go ostro\u017cnie i rozs\u0105dnie. Informacje te nigdy nie s\u0105 udost\u0119pniane innym firmom ani zewn\u0119trznym dostawcom us\u0142ug.<\/p>\n<p>Wszystkie transakcje na naszej stronie kasy s\u0105 w 100% bezpieczne. Chronimy bezpiecze\u0144stwo Twoich informacji, korzystaj\u0105c z 256-bitowego oprogramowania Secure Sockets Layer (SSL), kt\u00f3re szyfruje wszystkie wprowadzane przez Ciebie informacje. Ponadto nasze serwery rozliczeniowe s\u0105 certyfikowane przez niezale\u017cne i renomowane agencje, kt\u00f3re zapewniaj\u0105 bezpiecze\u0144stwo i prywatno\u015b\u0107 Twoich informacji.<\/p>\n<p>Tylko 4 ostatnie cyfry Twojej karty kredytowej s\u0105 odzwierciedlone w naszej bazie danych, dlatego nawet nasi operatorzy obs\u0142ugi klienta nie maj\u0105 dost\u0119pu do informacji o karcie kredytowej.[\/vc_column_text][\/vc_column_inner][\/vc_row_inner][\/vc_column][\/vc_row][\/vc_section][vc_section el_id=&#8221;disclaimer&#8221;][vc_row][vc_column][vc_row_inner][vc_column_inner][vc_empty_space height=&#8221;75px&#8221;][vc_custom_heading text=&#8221;Zastrze\u017cenie&#8221; use_theme_fonts=&#8221;yes&#8221;][\/vc_column_inner][\/vc_row_inner][vc_row_inner][vc_column_inner][vc_column_text]Nasza firma nie ponosi odpowiedzialno\u015bci i wyra\u017anie zrzeka si\u0119 wszelkiej odpowiedzialno\u015bci za wszelkie op\u00f3\u017anienia w dostawie, kt\u00f3re nie przekraczaj\u0105 10 dni po okre\u015blonym przewidywanym terminie dostawy. Za termin uwa\u017ca si\u0119 10 (dziesi\u0119\u0107) dni po okre\u015blonej przewidywanej dacie dostawy lub nast\u0119pny dzie\u0144 roboczy, w przypadku \u015bwi\u0119ta lokalnego.<\/p>\n<p>Nasza firma nie ponosi odpowiedzialno\u015bci za nieudan\u0105 dostaw\u0119 w przypadku, gdy Klient poda\u0142 niewystarczaj\u0105cy adres, b\u0142\u0119dny adres lub adres, kt\u00f3ry w \u017caden inny spos\u00f3b nie prowadzi do pomy\u015blnej dostawy.<br \/>\nNasza firma nie ponosi odpowiedzialno\u015bci za nieudan\u0105 dostaw\u0119 w przypadku, gdy Klient nie odebra\u0142 paczki, odm\u00f3wi\u0142 jej lub w inny spos\u00f3b uniemo\u017cliwi\u0142 pomy\u015bln\u0105 dostaw\u0119. Wszystkie zwroty w takich przypadkach s\u0105 dokonywane wy\u0142\u0105cznie za po\u015brednictwem poczty mi\u0119dzynarodowej.<\/p>\n<p>Nasza firma nie ponosi odpowiedzialno\u015bci i wyra\u017anie zrzeka si\u0119 wszelkiej odpowiedzialno\u015bci za dostarczenie jakiegokolwiek produktu generycznego, kt\u00f3ry nie spe\u0142nia oczekiwa\u0144 Klienta pod wzgl\u0119dem kryteri\u00f3w takich jak \u2013 kolor, kszta\u0142t i rozmiar pigu\u0142ki, obecno\u015b\u0107 jakiegokolwiek oznaczenia nadrukowanego lub oznakowanego na pigu\u0142ce, opatrzone nazw\u0105 marketingow\u0105 lub wykonane przez producenta innego ni\u017c ten, kt\u00f3rego spodziewa\u0142 si\u0119 Klient.<br \/>\nW przypadku dowolnego produktu generycznego, wszystkie informacje o produkcie prezentowane na stronie internetowej, takie jak, ale nie wy\u0142\u0105cznie \u2013 miniatury, zdj\u0119cia produkt\u00f3w, nazwy producent\u00f3w i nazwy marketingowe, s\u0105 dost\u0119pne wy\u0142\u0105cznie w celach informacyjnych.<\/p>\n<p>Nasza firma nie ponosi odpowiedzialno\u015bci i wyra\u017anie zrzeka si\u0119 wszelkiej odpowiedzialno\u015bci za brak wydajno\u015bci otrzymanego produktu w przypadku, gdy produkt zosta\u0142 zakupiony do u\u017cytku poza etykiet\u0105.<\/p>\n<p>Sk\u0142adaj\u0105c zam\u00f3wienie w naszej firmie, potwierdzasz, \u017ce przeczyta\u0142e\u015b, zrozumia\u0142e\u015b i zgadzasz si\u0119 z niniejszym zastrze\u017ceniem. Wszelkie dzia\u0142ania podj\u0119te w celu odzyskania p\u0142atno\u015bci z dowolnego z wy\u017cej wymienionych powod\u00f3w zostan\u0105 uznane za dzia\u0142anie oszuka\u0144cze i mog\u0105 prowadzi\u0107 do dzia\u0142a\u0144 prawnych i zablokowania dost\u0119pu do naszego systemu.[\/vc_column_text][\/vc_column_inner][\/vc_row_inner][\/vc_column][\/vc_row][\/vc_section]<\/p>\n","protected":false},"excerpt":{"rendered":"<p>[vc_section][vc_row][vc_column][vc_row_inner][vc_column_inner][vc_custom_heading text=&#8221;Nasze zasady&#8221; font_container=&#8221;tag:h1|text_align:left&#8221; use_theme_fonts=&#8221;yes&#8221;][vc_separator align=&#8221;align_left&#8221; border_width=&#8221;2&#8243; el_width=&#8221;10&#8243;][\/vc_column_inner][\/vc_row_inner][\/vc_column][\/vc_row][vc_row][vc_column][vc_row_inner][vc_column_inner][vc_empty_space][vc_custom_heading text=&#8221;Mam pytanie?&#8221; use_theme_fonts=&#8221;yes&#8221;][\/vc_column_inner][\/vc_row_inner][vc_row_inner][vc_column_inner][vc_column_text]Zapoznaj si\u0119 z najcz\u0119\u015bciej zadawanymi pytaniami dotycz\u0105cymi lek\u00f3w poni\u017cej. Je\u015bli jest pytanie, kt\u00f3rego szukasz, ale nie mo\u017cesz go znale\u017a\u0107, skontaktuj si\u0119 z nami.[\/vc_column_text][\/vc_column_inner][\/vc_row_inner][vc_row_inner][vc_column_inner][vc_btn title=&#8221;B\u0105d\u017a w kontakcie&#8221; link=&#8221;url:%2Fpl%2Fkontakt%2F&#8221;][\/vc_column_inner][\/vc_row_inner][\/vc_column][\/vc_row][\/vc_section][vc_section][vc_row][vc_column][vc_row_inner][vc_column_inner][vc_empty_space height=&#8221;75px&#8221;][\/vc_column_inner][\/vc_row_inner][vc_row_inner][vc_column_inner][vc_column_text] Zasady wysy\u0142ki Zasady anulowania zam\u00f3wie\u0144 Zasady zwrot\u00f3w Polityka prywatno\u015bci Zastrze\u017cenie [\/vc_column_text][\/vc_column_inner][\/vc_row_inner][\/vc_column][\/vc_row][\/vc_section][vc_section el_id=&#8221;shipping&#8221;][vc_row][vc_column][vc_row_inner][vc_column_inner][vc_empty_space height=&#8221;75px&#8221;][vc_custom_heading text=&#8221;Zasady wysy\u0142ki&#8221; use_theme_fonts=&#8221;yes&#8221;][\/vc_column_inner][\/vc_row_inner][vc_row_inner][vc_column_inner][vc_column_text]Oferowane przez<\/p>\n","protected":false},"author":1,"featured_media":6022,"parent":0,"menu_order":0,"comment_status":"closed","ping_status":"closed","template":"","meta":{"footnotes":""},"class_list":["post-3","page","type-page","status-publish","has-post-thumbnail","hentry"],"yoast_head":"<!-- This site is optimized with the Yoast SEO plugin v27.3 - https:\/\/yoast.com\/product\/yoast-seo-wordpress\/ -->\n<title>Prywatno\u015b\u0107 i warunki - Medicinas Inc<\/title>\n<meta name=\"robots\" content=\"index, follow, max-snippet:-1, max-image-preview:large, max-video-preview:-1\" \/>\n<link rel=\"canonical\" href=\"https:\/\/medicinasinc.com\/pl\/zasady\/\" \/>\n<meta property=\"og:locale\" content=\"en_US\" \/>\n<meta property=\"og:type\" content=\"article\" \/>\n<meta property=\"og:title\" content=\"Prywatno\u015b\u0107 i warunki - Medicinas Inc\" \/>\n<meta property=\"og:description\" content=\"[vc_section][vc_row][vc_column][vc_row_inner][vc_column_inner][vc_custom_heading text=&#8221;Nasze zasady&#8221; font_container=&#8221;tag:h1|text_align:left&#8221; use_theme_fonts=&#8221;yes&#8221;][vc_separator align=&#8221;align_left&#8221; border_width=&#8221;2&#8243; el_width=&#8221;10&#8243;][\/vc_column_inner][\/vc_row_inner][\/vc_column][\/vc_row][vc_row][vc_column][vc_row_inner][vc_column_inner][vc_empty_space][vc_custom_heading text=&#8221;Mam pytanie?&#8221; use_theme_fonts=&#8221;yes&#8221;][\/vc_column_inner][\/vc_row_inner][vc_row_inner][vc_column_inner][vc_column_text]Zapoznaj si\u0119 z najcz\u0119\u015bciej zadawanymi pytaniami dotycz\u0105cymi lek\u00f3w poni\u017cej. Je\u015bli jest pytanie, kt\u00f3rego szukasz, ale nie mo\u017cesz go znale\u017a\u0107, skontaktuj si\u0119 z nami.[\/vc_column_text][\/vc_column_inner][\/vc_row_inner][vc_row_inner][vc_column_inner][vc_btn title=&#8221;B\u0105d\u017a w kontakcie&#8221; link=&#8221;url:%2Fpl%2Fkontakt%2F&#8221;][\/vc_column_inner][\/vc_row_inner][\/vc_column][\/vc_row][\/vc_section][vc_section][vc_row][vc_column][vc_row_inner][vc_column_inner][vc_empty_space height=&#8221;75px&#8221;][\/vc_column_inner][\/vc_row_inner][vc_row_inner][vc_column_inner][vc_column_text] Zasady wysy\u0142ki Zasady anulowania zam\u00f3wie\u0144 Zasady zwrot\u00f3w Polityka prywatno\u015bci Zastrze\u017cenie [\/vc_column_text][\/vc_column_inner][\/vc_row_inner][\/vc_column][\/vc_row][\/vc_section][vc_section el_id=&#8221;shipping&#8221;][vc_row][vc_column][vc_row_inner][vc_column_inner][vc_empty_space height=&#8221;75px&#8221;][vc_custom_heading text=&#8221;Zasady wysy\u0142ki&#8221; use_theme_fonts=&#8221;yes&#8221;][\/vc_column_inner][\/vc_row_inner][vc_row_inner][vc_column_inner][vc_column_text]Oferowane przez\" \/>\n<meta property=\"og:url\" content=\"https:\/\/medicinasinc.com\/pl\/zasady\/\" \/>\n<meta property=\"og:site_name\" content=\"Medicinas Inc\" \/>\n<meta property=\"article:modified_time\" content=\"2022-04-10T13:04:50+00:00\" \/>\n<meta name=\"twitter:card\" content=\"summary_large_image\" \/>\n<meta name=\"twitter:label1\" content=\"Est. reading time\" \/>\n\t<meta name=\"twitter:data1\" content=\"4 minutes\" \/>\n<script type=\"application\/ld+json\" class=\"yoast-schema-graph\">{\"@context\":\"https:\\\/\\\/schema.org\",\"@graph\":[{\"@type\":\"WebPage\",\"@id\":\"https:\\\/\\\/medicinasinc.com\\\/pl\\\/zasady\\\/\",\"url\":\"https:\\\/\\\/medicinasinc.com\\\/pl\\\/zasady\\\/\",\"name\":\"Prywatno\u015b\u0107 i warunki - Medicinas Inc\",\"isPartOf\":{\"@id\":\"https:\\\/\\\/medicinasinc.com\\\/pl\\\/#website\"},\"primaryImageOfPage\":{\"@id\":\"https:\\\/\\\/medicinasinc.com\\\/pl\\\/zasady\\\/#primaryimage\"},\"image\":{\"@id\":\"https:\\\/\\\/medicinasinc.com\\\/pl\\\/zasady\\\/#primaryimage\"},\"thumbnailUrl\":\"https:\\\/\\\/medicinasinc.com\\\/pl\\\/wp-content\\\/uploads\\\/sites\\\/13\\\/2022\\\/04\\\/woocommerce-placeholder-medicinasinc.com_.png\",\"datePublished\":\"2022-02-19T02:31:18+00:00\",\"dateModified\":\"2022-04-10T13:04:50+00:00\",\"inLanguage\":\"en-US\",\"potentialAction\":[{\"@type\":\"ReadAction\",\"target\":[\"https:\\\/\\\/medicinasinc.com\\\/pl\\\/zasady\\\/\"]}]},{\"@type\":\"ImageObject\",\"inLanguage\":\"en-US\",\"@id\":\"https:\\\/\\\/medicinasinc.com\\\/pl\\\/zasady\\\/#primaryimage\",\"url\":\"https:\\\/\\\/medicinasinc.com\\\/pl\\\/wp-content\\\/uploads\\\/sites\\\/13\\\/2022\\\/04\\\/woocommerce-placeholder-medicinasinc.com_.png\",\"contentUrl\":\"https:\\\/\\\/medicinasinc.com\\\/pl\\\/wp-content\\\/uploads\\\/sites\\\/13\\\/2022\\\/04\\\/woocommerce-placeholder-medicinasinc.com_.png\",\"width\":1200,\"height\":1200},{\"@type\":\"WebSite\",\"@id\":\"https:\\\/\\\/medicinasinc.com\\\/pl\\\/#website\",\"url\":\"https:\\\/\\\/medicinasinc.com\\\/pl\\\/\",\"name\":\"Medicinas Inc\",\"description\":\"Health Medical Clinic\",\"potentialAction\":[{\"@type\":\"SearchAction\",\"target\":{\"@type\":\"EntryPoint\",\"urlTemplate\":\"https:\\\/\\\/medicinasinc.com\\\/pl\\\/?s={search_term_string}\"},\"query-input\":{\"@type\":\"PropertyValueSpecification\",\"valueRequired\":true,\"valueName\":\"search_term_string\"}}],\"inLanguage\":\"en-US\"}]}<\/script>\n<!-- \/ Yoast SEO plugin. -->","yoast_head_json":{"title":"Prywatno\u015b\u0107 i warunki - Medicinas Inc","robots":{"index":"index","follow":"follow","max-snippet":"max-snippet:-1","max-image-preview":"max-image-preview:large","max-video-preview":"max-video-preview:-1"},"canonical":"https:\/\/medicinasinc.com\/pl\/zasady\/","og_locale":"en_US","og_type":"article","og_title":"Prywatno\u015b\u0107 i warunki - Medicinas Inc","og_description":"[vc_section][vc_row][vc_column][vc_row_inner][vc_column_inner][vc_custom_heading text=&#8221;Nasze zasady&#8221; font_container=&#8221;tag:h1|text_align:left&#8221; use_theme_fonts=&#8221;yes&#8221;][vc_separator align=&#8221;align_left&#8221; border_width=&#8221;2&#8243; el_width=&#8221;10&#8243;][\/vc_column_inner][\/vc_row_inner][\/vc_column][\/vc_row][vc_row][vc_column][vc_row_inner][vc_column_inner][vc_empty_space][vc_custom_heading text=&#8221;Mam pytanie?&#8221; use_theme_fonts=&#8221;yes&#8221;][\/vc_column_inner][\/vc_row_inner][vc_row_inner][vc_column_inner][vc_column_text]Zapoznaj si\u0119 z najcz\u0119\u015bciej zadawanymi pytaniami dotycz\u0105cymi lek\u00f3w poni\u017cej. Je\u015bli jest pytanie, kt\u00f3rego szukasz, ale nie mo\u017cesz go znale\u017a\u0107, skontaktuj si\u0119 z nami.[\/vc_column_text][\/vc_column_inner][\/vc_row_inner][vc_row_inner][vc_column_inner][vc_btn title=&#8221;B\u0105d\u017a w kontakcie&#8221; link=&#8221;url:%2Fpl%2Fkontakt%2F&#8221;][\/vc_column_inner][\/vc_row_inner][\/vc_column][\/vc_row][\/vc_section][vc_section][vc_row][vc_column][vc_row_inner][vc_column_inner][vc_empty_space height=&#8221;75px&#8221;][\/vc_column_inner][\/vc_row_inner][vc_row_inner][vc_column_inner][vc_column_text] Zasady wysy\u0142ki Zasady anulowania zam\u00f3wie\u0144 Zasady zwrot\u00f3w Polityka prywatno\u015bci Zastrze\u017cenie [\/vc_column_text][\/vc_column_inner][\/vc_row_inner][\/vc_column][\/vc_row][\/vc_section][vc_section el_id=&#8221;shipping&#8221;][vc_row][vc_column][vc_row_inner][vc_column_inner][vc_empty_space height=&#8221;75px&#8221;][vc_custom_heading text=&#8221;Zasady wysy\u0142ki&#8221; use_theme_fonts=&#8221;yes&#8221;][\/vc_column_inner][\/vc_row_inner][vc_row_inner][vc_column_inner][vc_column_text]Oferowane przez","og_url":"https:\/\/medicinasinc.com\/pl\/zasady\/","og_site_name":"Medicinas Inc","article_modified_time":"2022-04-10T13:04:50+00:00","twitter_card":"summary_large_image","twitter_misc":{"Est. reading time":"4 minutes"},"schema":{"@context":"https:\/\/schema.org","@graph":[{"@type":"WebPage","@id":"https:\/\/medicinasinc.com\/pl\/zasady\/","url":"https:\/\/medicinasinc.com\/pl\/zasady\/","name":"Prywatno\u015b\u0107 i warunki - Medicinas Inc","isPartOf":{"@id":"https:\/\/medicinasinc.com\/pl\/#website"},"primaryImageOfPage":{"@id":"https:\/\/medicinasinc.com\/pl\/zasady\/#primaryimage"},"image":{"@id":"https:\/\/medicinasinc.com\/pl\/zasady\/#primaryimage"},"thumbnailUrl":"https:\/\/medicinasinc.com\/pl\/wp-content\/uploads\/sites\/13\/2022\/04\/woocommerce-placeholder-medicinasinc.com_.png","datePublished":"2022-02-19T02:31:18+00:00","dateModified":"2022-04-10T13:04:50+00:00","inLanguage":"en-US","potentialAction":[{"@type":"ReadAction","target":["https:\/\/medicinasinc.com\/pl\/zasady\/"]}]},{"@type":"ImageObject","inLanguage":"en-US","@id":"https:\/\/medicinasinc.com\/pl\/zasady\/#primaryimage","url":"https:\/\/medicinasinc.com\/pl\/wp-content\/uploads\/sites\/13\/2022\/04\/woocommerce-placeholder-medicinasinc.com_.png","contentUrl":"https:\/\/medicinasinc.com\/pl\/wp-content\/uploads\/sites\/13\/2022\/04\/woocommerce-placeholder-medicinasinc.com_.png","width":1200,"height":1200},{"@type":"WebSite","@id":"https:\/\/medicinasinc.com\/pl\/#website","url":"https:\/\/medicinasinc.com\/pl\/","name":"Medicinas Inc","description":"Health Medical Clinic","potentialAction":[{"@type":"SearchAction","target":{"@type":"EntryPoint","urlTemplate":"https:\/\/medicinasinc.com\/pl\/?s={search_term_string}"},"query-input":{"@type":"PropertyValueSpecification","valueRequired":true,"valueName":"search_term_string"}}],"inLanguage":"en-US"}]}},"_links":{"self":[{"href":"https:\/\/medicinasinc.com\/pl\/wp-json\/wp\/v2\/pages\/3","targetHints":{"allow":["GET"]}}],"collection":[{"href":"https:\/\/medicinasinc.com\/pl\/wp-json\/wp\/v2\/pages"}],"about":[{"href":"https:\/\/medicinasinc.com\/pl\/wp-json\/wp\/v2\/types\/page"}],"author":[{"embeddable":true,"href":"https:\/\/medicinasinc.com\/pl\/wp-json\/wp\/v2\/users\/1"}],"replies":[{"embeddable":true,"href":"https:\/\/medicinasinc.com\/pl\/wp-json\/wp\/v2\/comments?post=3"}],"version-history":[{"count":0,"href":"https:\/\/medicinasinc.com\/pl\/wp-json\/wp\/v2\/pages\/3\/revisions"}],"wp:featuredmedia":[{"embeddable":true,"href":"https:\/\/medicinasinc.com\/pl\/wp-json\/wp\/v2\/media\/6022"}],"wp:attachment":[{"href":"https:\/\/medicinasinc.com\/pl\/wp-json\/wp\/v2\/media?parent=3"}],"curies":[{"name":"wp","href":"https:\/\/api.w.org\/{rel}","templated":true}]}}