{"id":5926,"date":"2022-02-22T08:28:02","date_gmt":"2022-02-22T08:28:02","guid":{"rendered":"https:\/\/medicinasinc.com\/no\/?post_type=product&#038;p=5926"},"modified":"2022-03-22T00:13:12","modified_gmt":"2022-03-22T00:13:12","slug":"kjop-thj-018","status":"publish","type":"product","link":"https:\/\/medicinasinc.com\/no\/product\/kjop-thj-018\/","title":{"rendered":"Kj\u00f8p THJ-018"},"content":{"rendered":"<p>Til tross for den \u00f8kende prevalensen av nye psykoaktive forbindelser, er det for \u00f8yeblikket ingen data om menneskelig metabolisme tilgjengelig, noe som gj\u00f8r laboratoriedokumentasjon av inntak i urinpr\u00f8ver og vurdering av legemidlenes farmakodynamiske, farmakokinetiske og toksikologiske egenskaper vanskeligere.<\/p>\n<p>Syntetiske cannabis-indazol-analoger av JWH-018 og THJ-2201 ble utgitt i 2014 som THJ-018 og THJ-2201.<\/p>\n<p>THJ 018 er en helt ny syntetisk medisin tilgjengelig for kj\u00f8p. Det er klassifisert som en cannabinoid. Denne forbindelsen er et derivat av det velkjente stoffet jwh 018.<\/p>\n<p>The National Forensic Laboratory Information System har 220 THJ-2201-rapporter, if\u00f8lge AM-2201. I januar 2015 klassifiserte Drug Enforcement Administration THJ-2201 som Schedule I p\u00e5 grunn av mange u\u00f8nskede hendelser.<\/p>\n<p>METODER: Etter inkubering av 10 mol\/L THJ-018 og THJ-2201 i humane hepatocytter i 3 timer, vi brukte h\u00f8yoppl\u00f8selig massespektrometri (HR-MS) (TripleTOF 5600+) for \u00e5 oppdage optimale metabolittmark\u00f8rer. Produktionskanning med massedefektfiltre ble aktivert ved fullstendig skanning og informasjonsavhengig innhenting. MetaSite ble brukt til \u00e5 lage sp\u00e5dommer i silicometabolitt, som deretter ble sammenlignet med metabolitter funnet i humane hepatocytter.<\/p>\n<p>RESULTATER: Tretten THJ-018-metabolitter ble funnet, med hydroksylering p\u00e5 N-pentylkjeden og p\u00e5f\u00f8lgende oksidasjon eller glukuronidering er de dominerende metabolske rutene. Det ble funnet 27 metabolitter i THJ-2201, hvor de fleste var oksidativ defluorering etterfulgt av karboksylering eller glukuronidering, samt glukuronidering av hydroksylerte metabolitter.<\/p>\n<p>Begge forbindelsene viste dihydrodiolsyntese p\u00e5 naftalendelen. MetaSite-prediksjon var n\u00f8yaktig for THJ-018-hepatocyttmetabolitter, mens THJ-2201-oksidativ defluorering ble undervurdert.<\/p>\n<p>Konklusjon: Vi unders\u00f8kte THJ-018- og THJ-2201-metabolismen i humane hepatocytter ved \u00e5 bruke HR-MS for datainnsamling behandling, og vi anbefaler relevante indikatorer for laboratorier for \u00e5 identifisere THJ-018- og THJ-2201-inntak og relatere dokumenterte u\u00f8nskede utfall til disse nye syntetiske cannabinoidene.<\/p>\n<p>SC-er binder seg til endogene cannabinoidreseptorer og produserer cannabimimetiske effekter som kan sammenlignes med 9 -tetrahydrocannabinol (1, 2). Misbruk av SC3 f\u00f8rer til store bivirkninger som akutt nyreskade, hjerteinfarkt og d\u00f8d (3, 4).<\/p>\n<p>Til tross for disse risikoene, fortsetter folk \u00e5 konsumere SC. Mange SC-er har blitt planlagt i USA, Japan og de fleste europeiske nasjoner (for eksempel JWH018, JWH-073, AKB48 og XLR-11); Imidlertid dukker det opp stadig flere strukturelt varierte forbindelser.<\/p>\n","protected":false},"excerpt":{"rendered":"<p>Kj\u00f8p THJ-018 (SGT-17) for salg Europa, Storbritannia er en syntetisk cannabinoid som er indazolanalogen til JWH-018 og har blitt solgt p\u00e5 nettet som et designermedikament. Engrosordre tilgjengelig<\/p>\n","protected":false},"featured_media":5940,"comment_status":"open","ping_status":"closed","template":"","meta":[],"product_brand":[],"product_cat":[2596],"product_tag":[4105,4103,4107,4104,4109,4106,4108],"class_list":{"0":"post-5926","1":"product","2":"type-product","3":"status-publish","4":"has-post-thumbnail","6":"product_cat-cannabinoider-til-salg","7":"product_tag-bestille-thj-018-online","8":"product_tag-buy-thj-018-online","9":"product_tag-det-beste-stedet--kjpe-thj-018-online","10":"product_tag-how-to-buy-thj-018-online","11":"product_tag-hvor-kan-kjpe-thj-018-online","12":"product_tag-kjp-thj-018-online","13":"product_tag-thj-018-til-salg","15":"first","16":"instock","17":"shipping-taxable","18":"purchasable","19":"product-type-variable"},"yoast_head":"<!-- This site is optimized with the Yoast SEO plugin v27.3 - https:\/\/yoast.com\/product\/yoast-seo-wordpress\/ -->\n<title>Kj\u00f8p THJ-018 - SGT-17 - Beste beste globale medisiner<\/title>\n<meta name=\"description\" content=\"Kj\u00f8p THJ-018 (SGT-17) for salg Europa, Storbritannia er en syntetisk cannabinoid som er indazol-analogen til JWH-018 og har blitt solgt online som et designermedikament. Engrosordre tilgjengelig\" \/>\n<meta name=\"robots\" content=\"index, follow, max-snippet:-1, max-image-preview:large, max-video-preview:-1\" \/>\n<link rel=\"canonical\" href=\"https:\/\/medicinasinc.com\/no\/product\/kjop-thj-018\/\" \/>\n<meta property=\"og:locale\" content=\"nn_NO\" \/>\n<meta property=\"og:type\" content=\"article\" \/>\n<meta property=\"og:title\" content=\"Kj\u00f8p THJ-018 - SGT-17 - Beste beste globale medisiner\" \/>\n<meta property=\"og:description\" content=\"Kj\u00f8p THJ-018 (SGT-17) for salg Europa, Storbritannia er en syntetisk cannabinoid som er indazol-analogen til JWH-018 og har blitt solgt online som et designermedikament. Engrosordre tilgjengelig\" \/>\n<meta property=\"og:url\" content=\"https:\/\/medicinasinc.com\/no\/product\/kjop-thj-018\/\" \/>\n<meta property=\"og:site_name\" content=\"Medicinas Inc\" \/>\n<meta property=\"article:modified_time\" content=\"2022-03-22T00:13:12+00:00\" \/>\n<meta property=\"og:image\" content=\"https:\/\/medicinasinc.com\/no\/wp-content\/uploads\/sites\/14\/2022\/02\/Buy-THJ-018.jpeg\" \/>\n\t<meta property=\"og:image:width\" content=\"751\" \/>\n\t<meta property=\"og:image:height\" content=\"800\" \/>\n\t<meta property=\"og:image:type\" content=\"image\/jpeg\" \/>\n<meta name=\"twitter:card\" content=\"summary_large_image\" \/>\n<meta name=\"twitter:label1\" content=\"Est. reading time\" \/>\n\t<meta name=\"twitter:data1\" content=\"2 minutt\" \/>\n<script type=\"application\/ld+json\" class=\"yoast-schema-graph\">{\"@context\":\"https:\\\/\\\/schema.org\",\"@graph\":[{\"@type\":\"WebPage\",\"@id\":\"https:\\\/\\\/medicinasinc.com\\\/no\\\/product\\\/kjop-thj-018\\\/\",\"url\":\"https:\\\/\\\/medicinasinc.com\\\/no\\\/product\\\/kjop-thj-018\\\/\",\"name\":\"Kj\u00f8p THJ-018 - SGT-17 - Beste beste globale medisiner\",\"isPartOf\":{\"@id\":\"https:\\\/\\\/medicinasinc.com\\\/no\\\/#website\"},\"primaryImageOfPage\":{\"@id\":\"https:\\\/\\\/medicinasinc.com\\\/no\\\/product\\\/kjop-thj-018\\\/#primaryimage\"},\"image\":{\"@id\":\"https:\\\/\\\/medicinasinc.com\\\/no\\\/product\\\/kjop-thj-018\\\/#primaryimage\"},\"thumbnailUrl\":\"https:\\\/\\\/medicinasinc.com\\\/no\\\/wp-content\\\/uploads\\\/sites\\\/14\\\/2022\\\/02\\\/Buy-THJ-018.jpeg\",\"datePublished\":\"2022-02-22T08:28:02+00:00\",\"dateModified\":\"2022-03-22T00:13:12+00:00\",\"description\":\"Kj\u00f8p THJ-018 (SGT-17) for salg Europa, Storbritannia er en syntetisk cannabinoid som er indazol-analogen til JWH-018 og har blitt solgt online som et designermedikament. Engrosordre tilgjengelig\",\"breadcrumb\":{\"@id\":\"https:\\\/\\\/medicinasinc.com\\\/no\\\/product\\\/kjop-thj-018\\\/#breadcrumb\"},\"inLanguage\":\"nn-NO\",\"potentialAction\":[{\"@type\":\"ReadAction\",\"target\":[\"https:\\\/\\\/medicinasinc.com\\\/no\\\/product\\\/kjop-thj-018\\\/\"]}]},{\"@type\":\"ImageObject\",\"inLanguage\":\"nn-NO\",\"@id\":\"https:\\\/\\\/medicinasinc.com\\\/no\\\/product\\\/kjop-thj-018\\\/#primaryimage\",\"url\":\"https:\\\/\\\/medicinasinc.com\\\/no\\\/wp-content\\\/uploads\\\/sites\\\/14\\\/2022\\\/02\\\/Buy-THJ-018.jpeg\",\"contentUrl\":\"https:\\\/\\\/medicinasinc.com\\\/no\\\/wp-content\\\/uploads\\\/sites\\\/14\\\/2022\\\/02\\\/Buy-THJ-018.jpeg\",\"width\":751,\"height\":800},{\"@type\":\"BreadcrumbList\",\"@id\":\"https:\\\/\\\/medicinasinc.com\\\/no\\\/product\\\/kjop-thj-018\\\/#breadcrumb\",\"itemListElement\":[{\"@type\":\"ListItem\",\"position\":1,\"name\":\"Butikk\",\"item\":\"https:\\\/\\\/medicinasinc.com\\\/no\\\/butikk\\\/\"},{\"@type\":\"ListItem\",\"position\":2,\"name\":\"Kj\u00f8p THJ-018\"}]},{\"@type\":\"WebSite\",\"@id\":\"https:\\\/\\\/medicinasinc.com\\\/no\\\/#website\",\"url\":\"https:\\\/\\\/medicinasinc.com\\\/no\\\/\",\"name\":\"Medicinas Inc\",\"description\":\"Helsemedisinsk klinikk\",\"potentialAction\":[{\"@type\":\"SearchAction\",\"target\":{\"@type\":\"EntryPoint\",\"urlTemplate\":\"https:\\\/\\\/medicinasinc.com\\\/no\\\/?s={search_term_string}\"},\"query-input\":{\"@type\":\"PropertyValueSpecification\",\"valueRequired\":true,\"valueName\":\"search_term_string\"}}],\"inLanguage\":\"nn-NO\"}]}<\/script>\n<!-- \/ Yoast SEO plugin. -->","yoast_head_json":{"title":"Kj\u00f8p THJ-018 - SGT-17 - Beste beste globale medisiner","description":"Kj\u00f8p THJ-018 (SGT-17) for salg Europa, Storbritannia er en syntetisk cannabinoid som er indazol-analogen til JWH-018 og har blitt solgt online som et designermedikament. Engrosordre tilgjengelig","robots":{"index":"index","follow":"follow","max-snippet":"max-snippet:-1","max-image-preview":"max-image-preview:large","max-video-preview":"max-video-preview:-1"},"canonical":"https:\/\/medicinasinc.com\/no\/product\/kjop-thj-018\/","og_locale":"nn_NO","og_type":"article","og_title":"Kj\u00f8p THJ-018 - SGT-17 - Beste beste globale medisiner","og_description":"Kj\u00f8p THJ-018 (SGT-17) for salg Europa, Storbritannia er en syntetisk cannabinoid som er indazol-analogen til JWH-018 og har blitt solgt online som et designermedikament. Engrosordre tilgjengelig","og_url":"https:\/\/medicinasinc.com\/no\/product\/kjop-thj-018\/","og_site_name":"Medicinas Inc","article_modified_time":"2022-03-22T00:13:12+00:00","og_image":[{"width":751,"height":800,"url":"https:\/\/medicinasinc.com\/no\/wp-content\/uploads\/sites\/14\/2022\/02\/Buy-THJ-018.jpeg","type":"image\/jpeg"}],"twitter_card":"summary_large_image","twitter_misc":{"Est. reading time":"2 minutt"},"schema":{"@context":"https:\/\/schema.org","@graph":[{"@type":"WebPage","@id":"https:\/\/medicinasinc.com\/no\/product\/kjop-thj-018\/","url":"https:\/\/medicinasinc.com\/no\/product\/kjop-thj-018\/","name":"Kj\u00f8p THJ-018 - SGT-17 - Beste beste globale medisiner","isPartOf":{"@id":"https:\/\/medicinasinc.com\/no\/#website"},"primaryImageOfPage":{"@id":"https:\/\/medicinasinc.com\/no\/product\/kjop-thj-018\/#primaryimage"},"image":{"@id":"https:\/\/medicinasinc.com\/no\/product\/kjop-thj-018\/#primaryimage"},"thumbnailUrl":"https:\/\/medicinasinc.com\/no\/wp-content\/uploads\/sites\/14\/2022\/02\/Buy-THJ-018.jpeg","datePublished":"2022-02-22T08:28:02+00:00","dateModified":"2022-03-22T00:13:12+00:00","description":"Kj\u00f8p THJ-018 (SGT-17) for salg Europa, Storbritannia er en syntetisk cannabinoid som er indazol-analogen til JWH-018 og har blitt solgt online som et designermedikament. Engrosordre tilgjengelig","breadcrumb":{"@id":"https:\/\/medicinasinc.com\/no\/product\/kjop-thj-018\/#breadcrumb"},"inLanguage":"nn-NO","potentialAction":[{"@type":"ReadAction","target":["https:\/\/medicinasinc.com\/no\/product\/kjop-thj-018\/"]}]},{"@type":"ImageObject","inLanguage":"nn-NO","@id":"https:\/\/medicinasinc.com\/no\/product\/kjop-thj-018\/#primaryimage","url":"https:\/\/medicinasinc.com\/no\/wp-content\/uploads\/sites\/14\/2022\/02\/Buy-THJ-018.jpeg","contentUrl":"https:\/\/medicinasinc.com\/no\/wp-content\/uploads\/sites\/14\/2022\/02\/Buy-THJ-018.jpeg","width":751,"height":800},{"@type":"BreadcrumbList","@id":"https:\/\/medicinasinc.com\/no\/product\/kjop-thj-018\/#breadcrumb","itemListElement":[{"@type":"ListItem","position":1,"name":"Butikk","item":"https:\/\/medicinasinc.com\/no\/butikk\/"},{"@type":"ListItem","position":2,"name":"Kj\u00f8p THJ-018"}]},{"@type":"WebSite","@id":"https:\/\/medicinasinc.com\/no\/#website","url":"https:\/\/medicinasinc.com\/no\/","name":"Medicinas Inc","description":"Helsemedisinsk klinikk","potentialAction":[{"@type":"SearchAction","target":{"@type":"EntryPoint","urlTemplate":"https:\/\/medicinasinc.com\/no\/?s={search_term_string}"},"query-input":{"@type":"PropertyValueSpecification","valueRequired":true,"valueName":"search_term_string"}}],"inLanguage":"nn-NO"}]}},"_links":{"self":[{"href":"https:\/\/medicinasinc.com\/no\/wp-json\/wp\/v2\/product\/5926","targetHints":{"allow":["GET"]}}],"collection":[{"href":"https:\/\/medicinasinc.com\/no\/wp-json\/wp\/v2\/product"}],"about":[{"href":"https:\/\/medicinasinc.com\/no\/wp-json\/wp\/v2\/types\/product"}],"replies":[{"embeddable":true,"href":"https:\/\/medicinasinc.com\/no\/wp-json\/wp\/v2\/comments?post=5926"}],"wp:featuredmedia":[{"embeddable":true,"href":"https:\/\/medicinasinc.com\/no\/wp-json\/wp\/v2\/media\/5940"}],"wp:attachment":[{"href":"https:\/\/medicinasinc.com\/no\/wp-json\/wp\/v2\/media?parent=5926"}],"wp:term":[{"taxonomy":"product_brand","embeddable":true,"href":"https:\/\/medicinasinc.com\/no\/wp-json\/wp\/v2\/product_brand?post=5926"},{"taxonomy":"product_cat","embeddable":true,"href":"https:\/\/medicinasinc.com\/no\/wp-json\/wp\/v2\/product_cat?post=5926"},{"taxonomy":"product_tag","embeddable":true,"href":"https:\/\/medicinasinc.com\/no\/wp-json\/wp\/v2\/product_tag?post=5926"}],"curies":[{"name":"wp","href":"https:\/\/api.w.org\/{rel}","templated":true}]}}