{"id":5921,"date":"2022-02-22T08:23:15","date_gmt":"2022-02-22T08:23:15","guid":{"rendered":"https:\/\/medicinasinc.com\/no\/?post_type=product&#038;p=5921"},"modified":"2022-03-22T00:13:20","modified_gmt":"2022-03-22T00:13:20","slug":"kjop-sdb-005","status":"publish","type":"product","link":"https:\/\/medicinasinc.com\/no\/product\/kjop-sdb-005\/","title":{"rendered":"Kj\u00f8p SDB-005"},"content":{"rendered":"<p>SDB-005 er en syntetisk cannabis basert p\u00e5 indazoler som har blitt tilbudt som designermedisin p\u00e5 nettet. Det antas \u00e5 v\u00e6re en cannabinoidreseptoragonist for CB1 og CB2. SDB-005 er en indazolkjerneanalog av PB-22 som har en naftalengruppe i stedet for 8-hydroksykinolinen.<\/p>\n<p>SDB-005 ble tidligere tildelt et annet kjemikalie, N-fenylanalogen til SDB- 006, i stedet for N-benzyl-motstykket til SDB-006. Dette kjemikaliet er en sterk agonist av CB1 (Ki = 21 nM) og CB2 (Ki = 140 nM) reseptorer.<\/p>\n<p>SDB-005 er en syntetisk cannabis basert p\u00e5 indazoler som har blitt tilbudt som et designermedikament p\u00e5 nett. Det antas \u00e5 v\u00e6re en cannabinoidreseptoragonist for CB1 og CB2. SDB-005 er en indazolkjerneanalog av PB-22 som har en naftalengruppe i stedet for 8-hydroksykinolinen.<\/p>\n","protected":false},"excerpt":{"rendered":"<p>Kj\u00f8p SDB-005 for salg Europa, Storbritannia\u00a0er en\u00a0indazol-basert\u00a0syntetisk cannabinoid\u00a0som har blitt solgt p\u00e5 nettet som et\u00a0designermedikament<\/p>\n","protected":false},"featured_media":5939,"comment_status":"open","ping_status":"closed","template":"","meta":[],"product_brand":[],"product_cat":[2596],"product_tag":[4098,4101,4097,4102,4096,4099,4100],"class_list":{"0":"post-5921","1":"product","2":"type-product","3":"status-publish","4":"has-post-thumbnail","6":"product_cat-cannabinoider-til-salg","7":"product_tag-bestille-sdb005-online","8":"product_tag-det-beste-stedet--kjpe-sdb005-online","9":"product_tag-how-to-buy-sdb005-online","10":"product_tag-hvor-kan-kjpe-sdb005-online","11":"product_tag-kjp-sdb005-online","12":"product_tag-purchase-sdb005-online","13":"product_tag-sdb005-til-salg","15":"first","16":"instock","17":"shipping-taxable","18":"purchasable","19":"product-type-variable"},"yoast_head":"<!-- This site is optimized with the Yoast SEO plugin v27.3 - https:\/\/yoast.com\/product\/yoast-seo-wordpress\/ -->\n<title>Kj\u00f8p SDB-005 - SDB005 - Beste globale medisiner<\/title>\n<meta name=\"description\" content=\"Kj\u00f8p SDB-005 for salg Europa, Storbritannia\u00a0er en\u00a0indazol-basert\u00a0syntetisk cannabinoid\u00a0som har blitt solgt p\u00e5 nettet som et\u00a0designermedikament.\" \/>\n<meta name=\"robots\" content=\"index, follow, max-snippet:-1, max-image-preview:large, max-video-preview:-1\" \/>\n<link rel=\"canonical\" href=\"https:\/\/medicinasinc.com\/no\/product\/kjop-sdb-005\/\" \/>\n<meta property=\"og:locale\" content=\"nn_NO\" \/>\n<meta property=\"og:type\" content=\"article\" \/>\n<meta property=\"og:title\" content=\"Kj\u00f8p SDB-005 - SDB005 - Beste globale medisiner\" \/>\n<meta property=\"og:description\" content=\"Kj\u00f8p SDB-005 for salg Europa, Storbritannia\u00a0er en\u00a0indazol-basert\u00a0syntetisk cannabinoid\u00a0som har blitt solgt p\u00e5 nettet som et\u00a0designermedikament.\" \/>\n<meta property=\"og:url\" content=\"https:\/\/medicinasinc.com\/no\/product\/kjop-sdb-005\/\" \/>\n<meta property=\"og:site_name\" content=\"Medicinas Inc\" \/>\n<meta property=\"article:modified_time\" content=\"2022-03-22T00:13:20+00:00\" \/>\n<meta property=\"og:image\" content=\"https:\/\/medicinasinc.com\/no\/wp-content\/uploads\/sites\/14\/2022\/02\/Buy-SDB-005.jpeg\" \/>\n\t<meta property=\"og:image:width\" content=\"600\" \/>\n\t<meta property=\"og:image:height\" content=\"451\" \/>\n\t<meta property=\"og:image:type\" content=\"image\/jpeg\" \/>\n<meta name=\"twitter:card\" content=\"summary_large_image\" \/>\n<meta name=\"twitter:label1\" content=\"Est. reading time\" \/>\n\t<meta name=\"twitter:data1\" content=\"1 minutt\" \/>\n<script type=\"application\/ld+json\" class=\"yoast-schema-graph\">{\"@context\":\"https:\\\/\\\/schema.org\",\"@graph\":[{\"@type\":\"WebPage\",\"@id\":\"https:\\\/\\\/medicinasinc.com\\\/no\\\/product\\\/kjop-sdb-005\\\/\",\"url\":\"https:\\\/\\\/medicinasinc.com\\\/no\\\/product\\\/kjop-sdb-005\\\/\",\"name\":\"Kj\u00f8p SDB-005 - SDB005 - Beste globale medisiner\",\"isPartOf\":{\"@id\":\"https:\\\/\\\/medicinasinc.com\\\/no\\\/#website\"},\"primaryImageOfPage\":{\"@id\":\"https:\\\/\\\/medicinasinc.com\\\/no\\\/product\\\/kjop-sdb-005\\\/#primaryimage\"},\"image\":{\"@id\":\"https:\\\/\\\/medicinasinc.com\\\/no\\\/product\\\/kjop-sdb-005\\\/#primaryimage\"},\"thumbnailUrl\":\"https:\\\/\\\/medicinasinc.com\\\/no\\\/wp-content\\\/uploads\\\/sites\\\/14\\\/2022\\\/02\\\/Buy-SDB-005.jpeg\",\"datePublished\":\"2022-02-22T08:23:15+00:00\",\"dateModified\":\"2022-03-22T00:13:20+00:00\",\"description\":\"Kj\u00f8p SDB-005 for salg Europa, Storbritannia\u00a0er en\u00a0indazol-basert\u00a0syntetisk cannabinoid\u00a0som har blitt solgt p\u00e5 nettet som et\u00a0designermedikament.\",\"breadcrumb\":{\"@id\":\"https:\\\/\\\/medicinasinc.com\\\/no\\\/product\\\/kjop-sdb-005\\\/#breadcrumb\"},\"inLanguage\":\"nn-NO\",\"potentialAction\":[{\"@type\":\"ReadAction\",\"target\":[\"https:\\\/\\\/medicinasinc.com\\\/no\\\/product\\\/kjop-sdb-005\\\/\"]}]},{\"@type\":\"ImageObject\",\"inLanguage\":\"nn-NO\",\"@id\":\"https:\\\/\\\/medicinasinc.com\\\/no\\\/product\\\/kjop-sdb-005\\\/#primaryimage\",\"url\":\"https:\\\/\\\/medicinasinc.com\\\/no\\\/wp-content\\\/uploads\\\/sites\\\/14\\\/2022\\\/02\\\/Buy-SDB-005.jpeg\",\"contentUrl\":\"https:\\\/\\\/medicinasinc.com\\\/no\\\/wp-content\\\/uploads\\\/sites\\\/14\\\/2022\\\/02\\\/Buy-SDB-005.jpeg\",\"width\":600,\"height\":451},{\"@type\":\"BreadcrumbList\",\"@id\":\"https:\\\/\\\/medicinasinc.com\\\/no\\\/product\\\/kjop-sdb-005\\\/#breadcrumb\",\"itemListElement\":[{\"@type\":\"ListItem\",\"position\":1,\"name\":\"Butikk\",\"item\":\"https:\\\/\\\/medicinasinc.com\\\/no\\\/butikk\\\/\"},{\"@type\":\"ListItem\",\"position\":2,\"name\":\"Kj\u00f8p SDB-005\"}]},{\"@type\":\"WebSite\",\"@id\":\"https:\\\/\\\/medicinasinc.com\\\/no\\\/#website\",\"url\":\"https:\\\/\\\/medicinasinc.com\\\/no\\\/\",\"name\":\"Medicinas Inc\",\"description\":\"Helsemedisinsk klinikk\",\"potentialAction\":[{\"@type\":\"SearchAction\",\"target\":{\"@type\":\"EntryPoint\",\"urlTemplate\":\"https:\\\/\\\/medicinasinc.com\\\/no\\\/?s={search_term_string}\"},\"query-input\":{\"@type\":\"PropertyValueSpecification\",\"valueRequired\":true,\"valueName\":\"search_term_string\"}}],\"inLanguage\":\"nn-NO\"}]}<\/script>\n<!-- \/ Yoast SEO plugin. -->","yoast_head_json":{"title":"Kj\u00f8p SDB-005 - SDB005 - Beste globale medisiner","description":"Kj\u00f8p SDB-005 for salg Europa, Storbritannia\u00a0er en\u00a0indazol-basert\u00a0syntetisk cannabinoid\u00a0som har blitt solgt p\u00e5 nettet som et\u00a0designermedikament.","robots":{"index":"index","follow":"follow","max-snippet":"max-snippet:-1","max-image-preview":"max-image-preview:large","max-video-preview":"max-video-preview:-1"},"canonical":"https:\/\/medicinasinc.com\/no\/product\/kjop-sdb-005\/","og_locale":"nn_NO","og_type":"article","og_title":"Kj\u00f8p SDB-005 - SDB005 - Beste globale medisiner","og_description":"Kj\u00f8p SDB-005 for salg Europa, Storbritannia\u00a0er en\u00a0indazol-basert\u00a0syntetisk cannabinoid\u00a0som har blitt solgt p\u00e5 nettet som et\u00a0designermedikament.","og_url":"https:\/\/medicinasinc.com\/no\/product\/kjop-sdb-005\/","og_site_name":"Medicinas Inc","article_modified_time":"2022-03-22T00:13:20+00:00","og_image":[{"width":600,"height":451,"url":"https:\/\/medicinasinc.com\/no\/wp-content\/uploads\/sites\/14\/2022\/02\/Buy-SDB-005.jpeg","type":"image\/jpeg"}],"twitter_card":"summary_large_image","twitter_misc":{"Est. reading time":"1 minutt"},"schema":{"@context":"https:\/\/schema.org","@graph":[{"@type":"WebPage","@id":"https:\/\/medicinasinc.com\/no\/product\/kjop-sdb-005\/","url":"https:\/\/medicinasinc.com\/no\/product\/kjop-sdb-005\/","name":"Kj\u00f8p SDB-005 - SDB005 - Beste globale medisiner","isPartOf":{"@id":"https:\/\/medicinasinc.com\/no\/#website"},"primaryImageOfPage":{"@id":"https:\/\/medicinasinc.com\/no\/product\/kjop-sdb-005\/#primaryimage"},"image":{"@id":"https:\/\/medicinasinc.com\/no\/product\/kjop-sdb-005\/#primaryimage"},"thumbnailUrl":"https:\/\/medicinasinc.com\/no\/wp-content\/uploads\/sites\/14\/2022\/02\/Buy-SDB-005.jpeg","datePublished":"2022-02-22T08:23:15+00:00","dateModified":"2022-03-22T00:13:20+00:00","description":"Kj\u00f8p SDB-005 for salg Europa, Storbritannia\u00a0er en\u00a0indazol-basert\u00a0syntetisk cannabinoid\u00a0som har blitt solgt p\u00e5 nettet som et\u00a0designermedikament.","breadcrumb":{"@id":"https:\/\/medicinasinc.com\/no\/product\/kjop-sdb-005\/#breadcrumb"},"inLanguage":"nn-NO","potentialAction":[{"@type":"ReadAction","target":["https:\/\/medicinasinc.com\/no\/product\/kjop-sdb-005\/"]}]},{"@type":"ImageObject","inLanguage":"nn-NO","@id":"https:\/\/medicinasinc.com\/no\/product\/kjop-sdb-005\/#primaryimage","url":"https:\/\/medicinasinc.com\/no\/wp-content\/uploads\/sites\/14\/2022\/02\/Buy-SDB-005.jpeg","contentUrl":"https:\/\/medicinasinc.com\/no\/wp-content\/uploads\/sites\/14\/2022\/02\/Buy-SDB-005.jpeg","width":600,"height":451},{"@type":"BreadcrumbList","@id":"https:\/\/medicinasinc.com\/no\/product\/kjop-sdb-005\/#breadcrumb","itemListElement":[{"@type":"ListItem","position":1,"name":"Butikk","item":"https:\/\/medicinasinc.com\/no\/butikk\/"},{"@type":"ListItem","position":2,"name":"Kj\u00f8p SDB-005"}]},{"@type":"WebSite","@id":"https:\/\/medicinasinc.com\/no\/#website","url":"https:\/\/medicinasinc.com\/no\/","name":"Medicinas Inc","description":"Helsemedisinsk klinikk","potentialAction":[{"@type":"SearchAction","target":{"@type":"EntryPoint","urlTemplate":"https:\/\/medicinasinc.com\/no\/?s={search_term_string}"},"query-input":{"@type":"PropertyValueSpecification","valueRequired":true,"valueName":"search_term_string"}}],"inLanguage":"nn-NO"}]}},"_links":{"self":[{"href":"https:\/\/medicinasinc.com\/no\/wp-json\/wp\/v2\/product\/5921","targetHints":{"allow":["GET"]}}],"collection":[{"href":"https:\/\/medicinasinc.com\/no\/wp-json\/wp\/v2\/product"}],"about":[{"href":"https:\/\/medicinasinc.com\/no\/wp-json\/wp\/v2\/types\/product"}],"replies":[{"embeddable":true,"href":"https:\/\/medicinasinc.com\/no\/wp-json\/wp\/v2\/comments?post=5921"}],"wp:featuredmedia":[{"embeddable":true,"href":"https:\/\/medicinasinc.com\/no\/wp-json\/wp\/v2\/media\/5939"}],"wp:attachment":[{"href":"https:\/\/medicinasinc.com\/no\/wp-json\/wp\/v2\/media?parent=5921"}],"wp:term":[{"taxonomy":"product_brand","embeddable":true,"href":"https:\/\/medicinasinc.com\/no\/wp-json\/wp\/v2\/product_brand?post=5921"},{"taxonomy":"product_cat","embeddable":true,"href":"https:\/\/medicinasinc.com\/no\/wp-json\/wp\/v2\/product_cat?post=5921"},{"taxonomy":"product_tag","embeddable":true,"href":"https:\/\/medicinasinc.com\/no\/wp-json\/wp\/v2\/product_tag?post=5921"}],"curies":[{"name":"wp","href":"https:\/\/api.w.org\/{rel}","templated":true}]}}