{"id":5917,"date":"2022-02-22T08:19:52","date_gmt":"2022-02-22T08:19:52","guid":{"rendered":"https:\/\/medicinasinc.com\/no\/?post_type=product&#038;p=5917"},"modified":"2022-03-22T00:13:29","modified_gmt":"2022-03-22T00:13:29","slug":"kjop-nm-2201","status":"publish","type":"product","link":"https:\/\/medicinasinc.com\/no\/product\/kjop-nm-2201\/","title":{"rendered":"Kj\u00f8p NM-2201"},"content":{"rendered":"<p>Er en indolbasert syntetisk cannabinoid kalt CBL-2201. Den har sannsynligvis de samme egenskapene som 5F-PB-22 og NNE1, som begge er fulle agonister og binder seg til CB1- og CB2-reseptorer med lav nanomolar affinitet.<\/p>\n<p>Kj\u00f8p NM-2201 Online er et bra sted \u00e5 kj\u00f8p Research Chemicals. Du kan kj\u00f8pe NM-2201 online fra en p\u00e5litelig leverand\u00f8r til en rabattert pris. Globalhomemed.com er stedet \u00e5 kj\u00f8pe det. Det er trygt \u00e5 sende NM-2201 fra Europa til USA og andre steder.<\/p>\n<p>Dette er en syntetisk cannabinoid kalt NM-2201. Den har mange av de samme egenskapene som sine n\u00e6re slektninger, 5F-PB-22 og NNE1, som begge er fulle agonister og binder seg til b\u00e5de CB1- og CB2-reseptorer med lav nanomolar affinitet.<\/p>\n<p>Bare for forskning. Den kan ikke brukes til noe annet, som in vivo-diagnostikk, mat, legemidler, medisinsk utstyr og kosmetikk for mennesker og\/eller dyr, og den kan ikke brukes p\u00e5 mennesker eller dyr.<\/p>\n<p>5F -PB-22 og NNE1 er begge syntetiske cannabinoider som er indolbaserte. De er begge fullagonister og binder seg til b\u00e5de CB1- og CB2-reseptorer med lav nanomolar affinitet.<\/p>\n<p>1. 1-(5-fluor-pentyl)-1H, 3-karboksylsyre-N-naftalen-1-ylester N-naftalen-1-ylester N-naftalen-1-ylester N-naftalen-1-1-ylester NM-2201 har den kjemiske formelen C24H22FNO2 og veier 375,16 gram. Det er fortsatt veldig tidlig i prosessen med \u00e5 studere NM-2201. Det er ikke nok data til \u00e5 vise hva den kan gj\u00f8re enn\u00e5. Det er imidlertid det samme som AM-2201. Dette betyr at egenskapene er de samme.<\/p>\n<p>Dette er en syntetisk cannabinoid kalt NM-2201. Den har mange av de samme egenskapene som sine n\u00e6re slektninger, 5F-PB-22 og NNE1, som begge er fulle agonister og binder seg til b\u00e5de CB1- og CB2-reseptorer med lav nanomolar affinitet.<\/p>\n<p>Bare for forskning. Den kan ikke brukes til noe annet, som in vivo-diagnostikk, mat, legemidler, medisinsk utstyr og kosmetikk for mennesker og\/eller dyr, og den kan ikke brukes p\u00e5 mennesker eller dyr.<\/p>\n<p>5F -PB-22 og NNE1 er begge syntetiske cannabinoider som er indolbaserte. De er begge fullagonister og binder seg til b\u00e5de CB1- og CB2-reseptorer med lav nanomolar affinitet.<\/p>\n<p>1. 1-(5-fluor-pentyl)-1H, 3-karboksylsyre-N-naftalen-1-ylester N-naftalen-1-ylester N-naftalen-1-ylester N-naftalen-1-1-ylester NM-2201 har den kjemiske formelen C24H22FNO2 og veier 375,16 gram. Det er fortsatt veldig tidlig i prosessen med \u00e5 studere NM-2201. Det er ikke nok data til \u00e5 vise hva den kan gj\u00f8re enn\u00e5. Det er imidlertid det samme som AM-2201. Dette betyr at egenskapene er de samme.<\/p>\n","protected":false},"excerpt":{"rendered":"<p><b>Kj\u00f8p NM-2201 <\/b>for salg Europa, Storbritannia (ogs\u00e5 kjent som\u00a0<b>CBL-2201<\/b>) er en\u00a0indolbasert\u00a0<a class=\"mw-redirect\" title=\"Synthetic cannabinoid\" href=\"https:\/\/en.wikipedia.org\/wiki\/Synthetic_cannabinoid\">syntetisk cannabinoid<\/a>\u00a0som antagelig har lignende egenskaper som de n\u00e6rt beslektede\u00a05F-PB-22\u00a0og\u00a0NNE1, som begge er\u00a0fulle agonister og\u00a0uselektiv\u00a0binde seg til\u00a0CB<sub>1<\/sub>\u00a0og\u00a0CB<sub>2<\/sub>-reseptorer med lav nanomolar affinitet, engros tilgjengelig<\/p>\n","protected":false},"featured_media":5938,"comment_status":"open","ping_status":"closed","template":"","meta":[],"product_brand":[],"product_cat":[2596],"product_tag":[4092,4090,4094,4095,4093,4091],"class_list":{"0":"post-5917","1":"product","2":"type-product","3":"status-publish","4":"has-post-thumbnail","6":"product_cat-cannabinoider-til-salg","7":"product_tag-bestille-nm2201-online","8":"product_tag-buy-nm2201-online","9":"product_tag-det-beste-stedet--kjpe-nm2201-online","10":"product_tag-hvor-kan-kjpe-nm2201-online","11":"product_tag-kjp-nm2201-online","12":"product_tag-nm2201-til-salg","14":"first","15":"instock","16":"featured","17":"shipping-taxable","18":"purchasable","19":"product-type-variable"},"yoast_head":"<!-- This site is optimized with the Yoast SEO plugin v27.3 - https:\/\/yoast.com\/product\/yoast-seo-wordpress\/ -->\n<title>Kj\u00f8p NM-2201 - CBL-2201 - Beste beste globale medisiner<\/title>\n<meta name=\"description\" content=\"Kj\u00f8p NM-2201 for salg Europa, Storbritannia (ogs\u00e5 kjent som\u00a0CBL-2201) er en\u00a0indol-basert\u00a0syntetisk cannabinoid\u00a0som antagelig har lignende egenskaper som den n\u00e6rt beslektede\u00a05F-PB-22\u00a0og\u00a0NNE1, som begge er\u00a0fulle agonister\u00a0og\u00a0uselektivt\u00a0binder til CB1- og CB2-reseptorer med lav nanomolar affinitet, engros tilgjengelig\" \/>\n<meta name=\"robots\" content=\"index, follow, max-snippet:-1, max-image-preview:large, max-video-preview:-1\" \/>\n<link rel=\"canonical\" href=\"https:\/\/medicinasinc.com\/no\/product\/kjop-nm-2201\/\" \/>\n<meta property=\"og:locale\" content=\"nn_NO\" \/>\n<meta property=\"og:type\" content=\"article\" \/>\n<meta property=\"og:title\" content=\"Kj\u00f8p NM-2201 - CBL-2201 - Beste beste globale medisiner\" \/>\n<meta property=\"og:description\" content=\"Kj\u00f8p NM-2201 for salg Europa, Storbritannia (ogs\u00e5 kjent som\u00a0CBL-2201) er en\u00a0indol-basert\u00a0syntetisk cannabinoid\u00a0som antagelig har lignende egenskaper som den n\u00e6rt beslektede\u00a05F-PB-22\u00a0og\u00a0NNE1, som begge er\u00a0fulle agonister\u00a0og\u00a0uselektivt\u00a0binder til CB1- og CB2-reseptorer med lav nanomolar affinitet, engros tilgjengelig\" \/>\n<meta property=\"og:url\" content=\"https:\/\/medicinasinc.com\/no\/product\/kjop-nm-2201\/\" \/>\n<meta property=\"og:site_name\" content=\"Medicinas Inc\" \/>\n<meta property=\"article:modified_time\" content=\"2022-03-22T00:13:29+00:00\" \/>\n<meta property=\"og:image\" content=\"https:\/\/medicinasinc.com\/no\/wp-content\/uploads\/sites\/14\/2022\/02\/Buy-NM-2201.jpg\" \/>\n\t<meta property=\"og:image:width\" content=\"458\" \/>\n\t<meta property=\"og:image:height\" content=\"458\" \/>\n\t<meta property=\"og:image:type\" content=\"image\/jpeg\" \/>\n<meta name=\"twitter:card\" content=\"summary_large_image\" \/>\n<meta name=\"twitter:label1\" content=\"Est. reading time\" \/>\n\t<meta name=\"twitter:data1\" content=\"2 minutt\" \/>\n<script type=\"application\/ld+json\" class=\"yoast-schema-graph\">{\"@context\":\"https:\\\/\\\/schema.org\",\"@graph\":[{\"@type\":\"WebPage\",\"@id\":\"https:\\\/\\\/medicinasinc.com\\\/no\\\/product\\\/kjop-nm-2201\\\/\",\"url\":\"https:\\\/\\\/medicinasinc.com\\\/no\\\/product\\\/kjop-nm-2201\\\/\",\"name\":\"Kj\u00f8p NM-2201 - CBL-2201 - Beste beste globale medisiner\",\"isPartOf\":{\"@id\":\"https:\\\/\\\/medicinasinc.com\\\/no\\\/#website\"},\"primaryImageOfPage\":{\"@id\":\"https:\\\/\\\/medicinasinc.com\\\/no\\\/product\\\/kjop-nm-2201\\\/#primaryimage\"},\"image\":{\"@id\":\"https:\\\/\\\/medicinasinc.com\\\/no\\\/product\\\/kjop-nm-2201\\\/#primaryimage\"},\"thumbnailUrl\":\"https:\\\/\\\/medicinasinc.com\\\/no\\\/wp-content\\\/uploads\\\/sites\\\/14\\\/2022\\\/02\\\/Buy-NM-2201.jpg\",\"datePublished\":\"2022-02-22T08:19:52+00:00\",\"dateModified\":\"2022-03-22T00:13:29+00:00\",\"description\":\"Kj\u00f8p NM-2201 for salg Europa, Storbritannia (ogs\u00e5 kjent som\u00a0CBL-2201) er en\u00a0indol-basert\u00a0syntetisk cannabinoid\u00a0som antagelig har lignende egenskaper som den n\u00e6rt beslektede\u00a05F-PB-22\u00a0og\u00a0NNE1, som begge er\u00a0fulle agonister\u00a0og\u00a0uselektivt\u00a0binder til CB1- og CB2-reseptorer med lav nanomolar affinitet, engros tilgjengelig\",\"breadcrumb\":{\"@id\":\"https:\\\/\\\/medicinasinc.com\\\/no\\\/product\\\/kjop-nm-2201\\\/#breadcrumb\"},\"inLanguage\":\"nn-NO\",\"potentialAction\":[{\"@type\":\"ReadAction\",\"target\":[\"https:\\\/\\\/medicinasinc.com\\\/no\\\/product\\\/kjop-nm-2201\\\/\"]}]},{\"@type\":\"ImageObject\",\"inLanguage\":\"nn-NO\",\"@id\":\"https:\\\/\\\/medicinasinc.com\\\/no\\\/product\\\/kjop-nm-2201\\\/#primaryimage\",\"url\":\"https:\\\/\\\/medicinasinc.com\\\/no\\\/wp-content\\\/uploads\\\/sites\\\/14\\\/2022\\\/02\\\/Buy-NM-2201.jpg\",\"contentUrl\":\"https:\\\/\\\/medicinasinc.com\\\/no\\\/wp-content\\\/uploads\\\/sites\\\/14\\\/2022\\\/02\\\/Buy-NM-2201.jpg\",\"width\":458,\"height\":458},{\"@type\":\"BreadcrumbList\",\"@id\":\"https:\\\/\\\/medicinasinc.com\\\/no\\\/product\\\/kjop-nm-2201\\\/#breadcrumb\",\"itemListElement\":[{\"@type\":\"ListItem\",\"position\":1,\"name\":\"Butikk\",\"item\":\"https:\\\/\\\/medicinasinc.com\\\/no\\\/butikk\\\/\"},{\"@type\":\"ListItem\",\"position\":2,\"name\":\"Kj\u00f8p NM-2201\"}]},{\"@type\":\"WebSite\",\"@id\":\"https:\\\/\\\/medicinasinc.com\\\/no\\\/#website\",\"url\":\"https:\\\/\\\/medicinasinc.com\\\/no\\\/\",\"name\":\"Medicinas Inc\",\"description\":\"Helsemedisinsk klinikk\",\"potentialAction\":[{\"@type\":\"SearchAction\",\"target\":{\"@type\":\"EntryPoint\",\"urlTemplate\":\"https:\\\/\\\/medicinasinc.com\\\/no\\\/?s={search_term_string}\"},\"query-input\":{\"@type\":\"PropertyValueSpecification\",\"valueRequired\":true,\"valueName\":\"search_term_string\"}}],\"inLanguage\":\"nn-NO\"}]}<\/script>\n<!-- \/ Yoast SEO plugin. -->","yoast_head_json":{"title":"Kj\u00f8p NM-2201 - CBL-2201 - Beste beste globale medisiner","description":"Kj\u00f8p NM-2201 for salg Europa, Storbritannia (ogs\u00e5 kjent som\u00a0CBL-2201) er en\u00a0indol-basert\u00a0syntetisk cannabinoid\u00a0som antagelig har lignende egenskaper som den n\u00e6rt beslektede\u00a05F-PB-22\u00a0og\u00a0NNE1, som begge er\u00a0fulle agonister\u00a0og\u00a0uselektivt\u00a0binder til CB1- og CB2-reseptorer med lav nanomolar affinitet, engros tilgjengelig","robots":{"index":"index","follow":"follow","max-snippet":"max-snippet:-1","max-image-preview":"max-image-preview:large","max-video-preview":"max-video-preview:-1"},"canonical":"https:\/\/medicinasinc.com\/no\/product\/kjop-nm-2201\/","og_locale":"nn_NO","og_type":"article","og_title":"Kj\u00f8p NM-2201 - CBL-2201 - Beste beste globale medisiner","og_description":"Kj\u00f8p NM-2201 for salg Europa, Storbritannia (ogs\u00e5 kjent som\u00a0CBL-2201) er en\u00a0indol-basert\u00a0syntetisk cannabinoid\u00a0som antagelig har lignende egenskaper som den n\u00e6rt beslektede\u00a05F-PB-22\u00a0og\u00a0NNE1, som begge er\u00a0fulle agonister\u00a0og\u00a0uselektivt\u00a0binder til CB1- og CB2-reseptorer med lav nanomolar affinitet, engros tilgjengelig","og_url":"https:\/\/medicinasinc.com\/no\/product\/kjop-nm-2201\/","og_site_name":"Medicinas Inc","article_modified_time":"2022-03-22T00:13:29+00:00","og_image":[{"width":458,"height":458,"url":"https:\/\/medicinasinc.com\/no\/wp-content\/uploads\/sites\/14\/2022\/02\/Buy-NM-2201.jpg","type":"image\/jpeg"}],"twitter_card":"summary_large_image","twitter_misc":{"Est. reading time":"2 minutt"},"schema":{"@context":"https:\/\/schema.org","@graph":[{"@type":"WebPage","@id":"https:\/\/medicinasinc.com\/no\/product\/kjop-nm-2201\/","url":"https:\/\/medicinasinc.com\/no\/product\/kjop-nm-2201\/","name":"Kj\u00f8p NM-2201 - CBL-2201 - Beste beste globale medisiner","isPartOf":{"@id":"https:\/\/medicinasinc.com\/no\/#website"},"primaryImageOfPage":{"@id":"https:\/\/medicinasinc.com\/no\/product\/kjop-nm-2201\/#primaryimage"},"image":{"@id":"https:\/\/medicinasinc.com\/no\/product\/kjop-nm-2201\/#primaryimage"},"thumbnailUrl":"https:\/\/medicinasinc.com\/no\/wp-content\/uploads\/sites\/14\/2022\/02\/Buy-NM-2201.jpg","datePublished":"2022-02-22T08:19:52+00:00","dateModified":"2022-03-22T00:13:29+00:00","description":"Kj\u00f8p NM-2201 for salg Europa, Storbritannia (ogs\u00e5 kjent som\u00a0CBL-2201) er en\u00a0indol-basert\u00a0syntetisk cannabinoid\u00a0som antagelig har lignende egenskaper som den n\u00e6rt beslektede\u00a05F-PB-22\u00a0og\u00a0NNE1, som begge er\u00a0fulle agonister\u00a0og\u00a0uselektivt\u00a0binder til CB1- og CB2-reseptorer med lav nanomolar affinitet, engros tilgjengelig","breadcrumb":{"@id":"https:\/\/medicinasinc.com\/no\/product\/kjop-nm-2201\/#breadcrumb"},"inLanguage":"nn-NO","potentialAction":[{"@type":"ReadAction","target":["https:\/\/medicinasinc.com\/no\/product\/kjop-nm-2201\/"]}]},{"@type":"ImageObject","inLanguage":"nn-NO","@id":"https:\/\/medicinasinc.com\/no\/product\/kjop-nm-2201\/#primaryimage","url":"https:\/\/medicinasinc.com\/no\/wp-content\/uploads\/sites\/14\/2022\/02\/Buy-NM-2201.jpg","contentUrl":"https:\/\/medicinasinc.com\/no\/wp-content\/uploads\/sites\/14\/2022\/02\/Buy-NM-2201.jpg","width":458,"height":458},{"@type":"BreadcrumbList","@id":"https:\/\/medicinasinc.com\/no\/product\/kjop-nm-2201\/#breadcrumb","itemListElement":[{"@type":"ListItem","position":1,"name":"Butikk","item":"https:\/\/medicinasinc.com\/no\/butikk\/"},{"@type":"ListItem","position":2,"name":"Kj\u00f8p NM-2201"}]},{"@type":"WebSite","@id":"https:\/\/medicinasinc.com\/no\/#website","url":"https:\/\/medicinasinc.com\/no\/","name":"Medicinas Inc","description":"Helsemedisinsk klinikk","potentialAction":[{"@type":"SearchAction","target":{"@type":"EntryPoint","urlTemplate":"https:\/\/medicinasinc.com\/no\/?s={search_term_string}"},"query-input":{"@type":"PropertyValueSpecification","valueRequired":true,"valueName":"search_term_string"}}],"inLanguage":"nn-NO"}]}},"_links":{"self":[{"href":"https:\/\/medicinasinc.com\/no\/wp-json\/wp\/v2\/product\/5917","targetHints":{"allow":["GET"]}}],"collection":[{"href":"https:\/\/medicinasinc.com\/no\/wp-json\/wp\/v2\/product"}],"about":[{"href":"https:\/\/medicinasinc.com\/no\/wp-json\/wp\/v2\/types\/product"}],"replies":[{"embeddable":true,"href":"https:\/\/medicinasinc.com\/no\/wp-json\/wp\/v2\/comments?post=5917"}],"wp:featuredmedia":[{"embeddable":true,"href":"https:\/\/medicinasinc.com\/no\/wp-json\/wp\/v2\/media\/5938"}],"wp:attachment":[{"href":"https:\/\/medicinasinc.com\/no\/wp-json\/wp\/v2\/media?parent=5917"}],"wp:term":[{"taxonomy":"product_brand","embeddable":true,"href":"https:\/\/medicinasinc.com\/no\/wp-json\/wp\/v2\/product_brand?post=5917"},{"taxonomy":"product_cat","embeddable":true,"href":"https:\/\/medicinasinc.com\/no\/wp-json\/wp\/v2\/product_cat?post=5917"},{"taxonomy":"product_tag","embeddable":true,"href":"https:\/\/medicinasinc.com\/no\/wp-json\/wp\/v2\/product_tag?post=5917"}],"curies":[{"name":"wp","href":"https:\/\/api.w.org\/{rel}","templated":true}]}}