{"id":5912,"date":"2022-02-22T08:15:30","date_gmt":"2022-02-22T08:15:30","guid":{"rendered":"https:\/\/medicinasinc.com\/no\/?post_type=product&#038;p=5912"},"modified":"2022-03-22T00:13:40","modified_gmt":"2022-03-22T00:13:40","slug":"kjop-mdmb-chmica","status":"publish","type":"product","link":"https:\/\/medicinasinc.com\/no\/product\/kjop-mdmb-chmica\/","title":{"rendered":"Kj\u00f8p MDMB-CHMICA"},"content":{"rendered":"<p>MDMB-CHMICA (eller MMB-CHMINACA) er en indolbasert syntetisk cannabis som har blitt tilbudt p\u00e5 nettet som et designerstoff. Mens MDMB-CHMICA opprinnelig ble markedsf\u00f8rt som &laquo;MMB-CHMINACA&raquo;, ble isopropylanalogen til MDMB-CHMINACA (AMB-CHMINACA) oppdaget p\u00e5 designermedisinmarkedet i 2015.<\/p>\n<p>MMB-CHMINACA<\/p>\n<p>MDMB-CHMINACA<\/p>\n<p>MMB-CHMINACA (MDMB-CHMINACA) er en indolbasert syntetisk cannabis som har blitt tilbudt p\u00e5 nettet som et designermedikament.<\/p>\n<p>MMB-CHMINACA<\/p>\n<p> p&gt; <\/p>\n<p>MDMB-CHMINACA<\/p>\n<p>IUPAC-navn: (2S)<\/p>\n<p>2,3-dimetylbutanoat<br \/> CAS: N\/A<br \/> N\/A ChemSpider <br \/> C23H32N2O3<br \/> 384,5 g\/mol MMB<br \/> MDMB-CHMINACA<\/p>\n<p>(2S)-metyl<\/p>\n<p>1 H-indol-3-ylkarbonylamino-2 ,3-dimetylbutanoat<\/p>\n<p>MMB-CHMINACA (MDMB-CHMINACA) er en indolbasert cannabinoid med en dimetylbutanoatgruppe. Dette kjemikaliet ser ut til \u00e5 ha h\u00f8yere in vitro-bindingsaffinitet enn mange n\u00e5v\u00e6rende cannabinoider, og forskere b\u00f8r ha dette i bakhodet n\u00e5r de designer studier og distribuerer materiale p\u00e5 cellul\u00e6re substrater.<\/p>\n<p>Syntetiske cannabinoider er en stor samling av forbindelser som konstant er utvikler seg og blir introdusert for publikum. Imidlertid vakte introduksjonen av MMB-CHMINACA bemerkelsesverdig interesse p\u00e5 grunn av dens unike egenskaper. Dens hypotese p\u00e5virkning p\u00e5 CB1- og CB2-reseptorene er betydelig st\u00f8rre per enhet enn AB-CHMINACA, noe som krever mindre mengder aktivt materiale for \u00e5 tilfredsstille eksperimentets m\u00e5l.<\/p>\n<p>MMB-CHMINACA er et hvitt pulver som trygt kan lagres og h\u00e5ndteres i et laboratorium. Denne syntetiske cannabinoiden har den kompliserte kjemiske formelen (2S)-metyl-2-(1-(cykloheksylmetyl)-1 H-indol-3-ylkarbonylamino)-3,3-dimetylbutanoat. Molekylmassen er 384,5 g\/mol og formelen er C23H32N2O3.<\/p>\n<p>MMB-CHMINACA er et nytt kjemikalie som b\u00f8r h\u00e5ndteres med st\u00f8rste oppmerksomhet og m\u00e5les n\u00f8yaktig p\u00e5 grunn av sin eksepsjonelle renhet. Vi oppfordrer alle til \u00e5 unders\u00f8ke tilstanden til lokale restriksjoner f\u00f8r de kj\u00f8per syntetisk cannabis og andre stoffer fra nettbutikken v\u00e5r.<\/p>\n","protected":false},"excerpt":{"rendered":"<p>Kj\u00f8p MDMB-CHMICA, MMB2101\u00a0for salg Europa, Storbritannia (ogs\u00e5 feilaktig kjent som MMB-CHMINACA) er en\u00a0indol-basert\u00a0syntetisk cannabinoid\u00a0som er en potent\u00a0agonist\u00a0av\u00a0CB1\u00a0reseptoren\u00a0og har blitt solgt p\u00e5 nettet som et\u00a0designermedikament, Wholesale Bestilling tilgjengelig<\/p>\n","protected":false},"featured_media":5937,"comment_status":"open","ping_status":"closed","template":"","meta":[],"product_brand":[],"product_cat":[2596],"product_tag":[4087,4088,4089,4084,4083,4085,4086],"class_list":{"0":"post-5912","1":"product","2":"type-product","3":"status-publish","4":"has-post-thumbnail","6":"product_cat-cannabinoider-til-salg","7":"product_tag-bestille-mmb-chminaca-online","8":"product_tag-det-beste-stedet--kjpe-mmb-chminaca-online","9":"product_tag-hvor-kan-kjpe-mmb-chminaca-online","10":"product_tag-hvordan-kj-c3-b8pe-mmb-chminaca-online","11":"product_tag-kjp-mmb-chminaca-online","12":"product_tag-mmb-chminaca","13":"product_tag-mmb-chminaca-til-salg","15":"first","16":"instock","17":"shipping-taxable","18":"purchasable","19":"product-type-variable"},"yoast_head":"<!-- This site is optimized with the Yoast SEO plugin v27.3 - https:\/\/yoast.com\/product\/yoast-seo-wordpress\/ -->\n<title>Kj\u00f8p MMB-Chminaca - MMB-CHMINACA - Beste globale medisiner<\/title>\n<meta name=\"description\" content=\"Kj\u00f8p MDMB-CHMICA, MMB2101\u00a0for salg Europa, Storbritannia (ogs\u00e5 feilaktig kjent som MMB-CHMINACA) er en\u00a0indol-basert\u00a0syntetisk cannabinoid\u00a0som er en potent\u00a0agonist\u00a0av\u00a0CB1\u00a0reseptoren\u00a0og har blitt solgt p\u00e5 nettet som et\u00a0designermedisin, engrosordre tilgjengelig\" \/>\n<meta name=\"robots\" content=\"index, follow, max-snippet:-1, max-image-preview:large, max-video-preview:-1\" \/>\n<link rel=\"canonical\" href=\"https:\/\/medicinasinc.com\/no\/product\/kjop-mdmb-chmica\/\" \/>\n<meta property=\"og:locale\" content=\"nn_NO\" \/>\n<meta property=\"og:type\" content=\"article\" \/>\n<meta property=\"og:title\" content=\"Kj\u00f8p MMB-Chminaca - MMB-CHMINACA - Beste globale medisiner\" \/>\n<meta property=\"og:description\" content=\"Kj\u00f8p MDMB-CHMICA, MMB2101\u00a0for salg Europa, Storbritannia (ogs\u00e5 feilaktig kjent som MMB-CHMINACA) er en\u00a0indol-basert\u00a0syntetisk cannabinoid\u00a0som er en potent\u00a0agonist\u00a0av\u00a0CB1\u00a0reseptoren\u00a0og har blitt solgt p\u00e5 nettet som et\u00a0designermedisin, engrosordre tilgjengelig\" \/>\n<meta property=\"og:url\" content=\"https:\/\/medicinasinc.com\/no\/product\/kjop-mdmb-chmica\/\" \/>\n<meta property=\"og:site_name\" content=\"Medicinas Inc\" \/>\n<meta property=\"article:modified_time\" content=\"2022-03-22T00:13:40+00:00\" \/>\n<meta property=\"og:image\" content=\"https:\/\/medicinasinc.com\/no\/wp-content\/uploads\/sites\/14\/2022\/02\/Buy-MDMB-CHMICA.jpg\" \/>\n\t<meta property=\"og:image:width\" content=\"459\" \/>\n\t<meta property=\"og:image:height\" content=\"443\" \/>\n\t<meta property=\"og:image:type\" content=\"image\/jpeg\" \/>\n<meta name=\"twitter:card\" content=\"summary_large_image\" \/>\n<meta name=\"twitter:label1\" content=\"Est. reading time\" \/>\n\t<meta name=\"twitter:data1\" content=\"2 minutt\" \/>\n<script type=\"application\/ld+json\" class=\"yoast-schema-graph\">{\"@context\":\"https:\\\/\\\/schema.org\",\"@graph\":[{\"@type\":\"WebPage\",\"@id\":\"https:\\\/\\\/medicinasinc.com\\\/no\\\/product\\\/kjop-mdmb-chmica\\\/\",\"url\":\"https:\\\/\\\/medicinasinc.com\\\/no\\\/product\\\/kjop-mdmb-chmica\\\/\",\"name\":\"Kj\u00f8p MMB-Chminaca - MMB-CHMINACA - Beste globale medisiner\",\"isPartOf\":{\"@id\":\"https:\\\/\\\/medicinasinc.com\\\/no\\\/#website\"},\"primaryImageOfPage\":{\"@id\":\"https:\\\/\\\/medicinasinc.com\\\/no\\\/product\\\/kjop-mdmb-chmica\\\/#primaryimage\"},\"image\":{\"@id\":\"https:\\\/\\\/medicinasinc.com\\\/no\\\/product\\\/kjop-mdmb-chmica\\\/#primaryimage\"},\"thumbnailUrl\":\"https:\\\/\\\/medicinasinc.com\\\/no\\\/wp-content\\\/uploads\\\/sites\\\/14\\\/2022\\\/02\\\/Buy-MDMB-CHMICA.jpg\",\"datePublished\":\"2022-02-22T08:15:30+00:00\",\"dateModified\":\"2022-03-22T00:13:40+00:00\",\"description\":\"Kj\u00f8p MDMB-CHMICA, MMB2101\u00a0for salg Europa, Storbritannia (ogs\u00e5 feilaktig kjent som MMB-CHMINACA) er en\u00a0indol-basert\u00a0syntetisk cannabinoid\u00a0som er en potent\u00a0agonist\u00a0av\u00a0CB1\u00a0reseptoren\u00a0og har blitt solgt p\u00e5 nettet som et\u00a0designermedisin, engrosordre tilgjengelig\",\"breadcrumb\":{\"@id\":\"https:\\\/\\\/medicinasinc.com\\\/no\\\/product\\\/kjop-mdmb-chmica\\\/#breadcrumb\"},\"inLanguage\":\"nn-NO\",\"potentialAction\":[{\"@type\":\"ReadAction\",\"target\":[\"https:\\\/\\\/medicinasinc.com\\\/no\\\/product\\\/kjop-mdmb-chmica\\\/\"]}]},{\"@type\":\"ImageObject\",\"inLanguage\":\"nn-NO\",\"@id\":\"https:\\\/\\\/medicinasinc.com\\\/no\\\/product\\\/kjop-mdmb-chmica\\\/#primaryimage\",\"url\":\"https:\\\/\\\/medicinasinc.com\\\/no\\\/wp-content\\\/uploads\\\/sites\\\/14\\\/2022\\\/02\\\/Buy-MDMB-CHMICA.jpg\",\"contentUrl\":\"https:\\\/\\\/medicinasinc.com\\\/no\\\/wp-content\\\/uploads\\\/sites\\\/14\\\/2022\\\/02\\\/Buy-MDMB-CHMICA.jpg\",\"width\":459,\"height\":443},{\"@type\":\"BreadcrumbList\",\"@id\":\"https:\\\/\\\/medicinasinc.com\\\/no\\\/product\\\/kjop-mdmb-chmica\\\/#breadcrumb\",\"itemListElement\":[{\"@type\":\"ListItem\",\"position\":1,\"name\":\"Butikk\",\"item\":\"https:\\\/\\\/medicinasinc.com\\\/no\\\/butikk\\\/\"},{\"@type\":\"ListItem\",\"position\":2,\"name\":\"Kj\u00f8p MDMB-CHMICA\"}]},{\"@type\":\"WebSite\",\"@id\":\"https:\\\/\\\/medicinasinc.com\\\/no\\\/#website\",\"url\":\"https:\\\/\\\/medicinasinc.com\\\/no\\\/\",\"name\":\"Medicinas Inc\",\"description\":\"Helsemedisinsk klinikk\",\"potentialAction\":[{\"@type\":\"SearchAction\",\"target\":{\"@type\":\"EntryPoint\",\"urlTemplate\":\"https:\\\/\\\/medicinasinc.com\\\/no\\\/?s={search_term_string}\"},\"query-input\":{\"@type\":\"PropertyValueSpecification\",\"valueRequired\":true,\"valueName\":\"search_term_string\"}}],\"inLanguage\":\"nn-NO\"}]}<\/script>\n<!-- \/ Yoast SEO plugin. -->","yoast_head_json":{"title":"Kj\u00f8p MMB-Chminaca - MMB-CHMINACA - Beste globale medisiner","description":"Kj\u00f8p MDMB-CHMICA, MMB2101\u00a0for salg Europa, Storbritannia (ogs\u00e5 feilaktig kjent som MMB-CHMINACA) er en\u00a0indol-basert\u00a0syntetisk cannabinoid\u00a0som er en potent\u00a0agonist\u00a0av\u00a0CB1\u00a0reseptoren\u00a0og har blitt solgt p\u00e5 nettet som et\u00a0designermedisin, engrosordre tilgjengelig","robots":{"index":"index","follow":"follow","max-snippet":"max-snippet:-1","max-image-preview":"max-image-preview:large","max-video-preview":"max-video-preview:-1"},"canonical":"https:\/\/medicinasinc.com\/no\/product\/kjop-mdmb-chmica\/","og_locale":"nn_NO","og_type":"article","og_title":"Kj\u00f8p MMB-Chminaca - MMB-CHMINACA - Beste globale medisiner","og_description":"Kj\u00f8p MDMB-CHMICA, MMB2101\u00a0for salg Europa, Storbritannia (ogs\u00e5 feilaktig kjent som MMB-CHMINACA) er en\u00a0indol-basert\u00a0syntetisk cannabinoid\u00a0som er en potent\u00a0agonist\u00a0av\u00a0CB1\u00a0reseptoren\u00a0og har blitt solgt p\u00e5 nettet som et\u00a0designermedisin, engrosordre tilgjengelig","og_url":"https:\/\/medicinasinc.com\/no\/product\/kjop-mdmb-chmica\/","og_site_name":"Medicinas Inc","article_modified_time":"2022-03-22T00:13:40+00:00","og_image":[{"width":459,"height":443,"url":"https:\/\/medicinasinc.com\/no\/wp-content\/uploads\/sites\/14\/2022\/02\/Buy-MDMB-CHMICA.jpg","type":"image\/jpeg"}],"twitter_card":"summary_large_image","twitter_misc":{"Est. reading time":"2 minutt"},"schema":{"@context":"https:\/\/schema.org","@graph":[{"@type":"WebPage","@id":"https:\/\/medicinasinc.com\/no\/product\/kjop-mdmb-chmica\/","url":"https:\/\/medicinasinc.com\/no\/product\/kjop-mdmb-chmica\/","name":"Kj\u00f8p MMB-Chminaca - MMB-CHMINACA - Beste globale medisiner","isPartOf":{"@id":"https:\/\/medicinasinc.com\/no\/#website"},"primaryImageOfPage":{"@id":"https:\/\/medicinasinc.com\/no\/product\/kjop-mdmb-chmica\/#primaryimage"},"image":{"@id":"https:\/\/medicinasinc.com\/no\/product\/kjop-mdmb-chmica\/#primaryimage"},"thumbnailUrl":"https:\/\/medicinasinc.com\/no\/wp-content\/uploads\/sites\/14\/2022\/02\/Buy-MDMB-CHMICA.jpg","datePublished":"2022-02-22T08:15:30+00:00","dateModified":"2022-03-22T00:13:40+00:00","description":"Kj\u00f8p MDMB-CHMICA, MMB2101\u00a0for salg Europa, Storbritannia (ogs\u00e5 feilaktig kjent som MMB-CHMINACA) er en\u00a0indol-basert\u00a0syntetisk cannabinoid\u00a0som er en potent\u00a0agonist\u00a0av\u00a0CB1\u00a0reseptoren\u00a0og har blitt solgt p\u00e5 nettet som et\u00a0designermedisin, engrosordre tilgjengelig","breadcrumb":{"@id":"https:\/\/medicinasinc.com\/no\/product\/kjop-mdmb-chmica\/#breadcrumb"},"inLanguage":"nn-NO","potentialAction":[{"@type":"ReadAction","target":["https:\/\/medicinasinc.com\/no\/product\/kjop-mdmb-chmica\/"]}]},{"@type":"ImageObject","inLanguage":"nn-NO","@id":"https:\/\/medicinasinc.com\/no\/product\/kjop-mdmb-chmica\/#primaryimage","url":"https:\/\/medicinasinc.com\/no\/wp-content\/uploads\/sites\/14\/2022\/02\/Buy-MDMB-CHMICA.jpg","contentUrl":"https:\/\/medicinasinc.com\/no\/wp-content\/uploads\/sites\/14\/2022\/02\/Buy-MDMB-CHMICA.jpg","width":459,"height":443},{"@type":"BreadcrumbList","@id":"https:\/\/medicinasinc.com\/no\/product\/kjop-mdmb-chmica\/#breadcrumb","itemListElement":[{"@type":"ListItem","position":1,"name":"Butikk","item":"https:\/\/medicinasinc.com\/no\/butikk\/"},{"@type":"ListItem","position":2,"name":"Kj\u00f8p MDMB-CHMICA"}]},{"@type":"WebSite","@id":"https:\/\/medicinasinc.com\/no\/#website","url":"https:\/\/medicinasinc.com\/no\/","name":"Medicinas Inc","description":"Helsemedisinsk klinikk","potentialAction":[{"@type":"SearchAction","target":{"@type":"EntryPoint","urlTemplate":"https:\/\/medicinasinc.com\/no\/?s={search_term_string}"},"query-input":{"@type":"PropertyValueSpecification","valueRequired":true,"valueName":"search_term_string"}}],"inLanguage":"nn-NO"}]}},"_links":{"self":[{"href":"https:\/\/medicinasinc.com\/no\/wp-json\/wp\/v2\/product\/5912","targetHints":{"allow":["GET"]}}],"collection":[{"href":"https:\/\/medicinasinc.com\/no\/wp-json\/wp\/v2\/product"}],"about":[{"href":"https:\/\/medicinasinc.com\/no\/wp-json\/wp\/v2\/types\/product"}],"replies":[{"embeddable":true,"href":"https:\/\/medicinasinc.com\/no\/wp-json\/wp\/v2\/comments?post=5912"}],"wp:featuredmedia":[{"embeddable":true,"href":"https:\/\/medicinasinc.com\/no\/wp-json\/wp\/v2\/media\/5937"}],"wp:attachment":[{"href":"https:\/\/medicinasinc.com\/no\/wp-json\/wp\/v2\/media?parent=5912"}],"wp:term":[{"taxonomy":"product_brand","embeddable":true,"href":"https:\/\/medicinasinc.com\/no\/wp-json\/wp\/v2\/product_brand?post=5912"},{"taxonomy":"product_cat","embeddable":true,"href":"https:\/\/medicinasinc.com\/no\/wp-json\/wp\/v2\/product_cat?post=5912"},{"taxonomy":"product_tag","embeddable":true,"href":"https:\/\/medicinasinc.com\/no\/wp-json\/wp\/v2\/product_tag?post=5912"}],"curies":[{"name":"wp","href":"https:\/\/api.w.org\/{rel}","templated":true}]}}