{"id":5902,"date":"2022-02-22T08:09:55","date_gmt":"2022-02-22T08:09:55","guid":{"rendered":"https:\/\/medicinasinc.com\/no\/?post_type=product&#038;p=5902"},"modified":"2022-03-22T00:39:50","modified_gmt":"2022-03-22T00:39:50","slug":"kjop-5f-adb","status":"publish","type":"product","link":"https:\/\/medicinasinc.com\/no\/product\/kjop-5f-adb\/","title":{"rendered":"Kj\u00f8p 5F-ADB"},"content":{"rendered":"<p>5F-ADB (alternativt stavet 5F-MDMB-PINACA) er en syntetisk cannabinoid avledet fra indazol som har blitt brukt som en aktiv ingrediens i syntetiske cannabisprodukter og solgt p\u00e5 nettet som et designermedikament.<\/p>\n<p>5F -ADB er en sterk agonist av CB1-reseptoren, selv om dens selektivitet for denne reseptoren er ukjent. 5F-ADB ble funnet for f\u00f8rste gang i november 2014 ved bruk av obduksjonspr\u00f8ver fra en person som d\u00f8de etter \u00e5 ha tatt et produkt som inneholder dette stoffet. Etterf\u00f8lgende testing avsl\u00f8rte at 5F-ADB ble oppdaget hos totalt ti personer som d\u00f8de i Japan mellom september og desember 2014 av uforklarlige overdoser med stoff. Basert p\u00e5 de relativt lave niv\u00e5ene som ble oppdaget i vevstester, antas 5F-ADB \u00e5 v\u00e6re ekstraordin\u00e6rt sterk og ser ut til \u00e5 v\u00e6re betydelig mer farlig enn tidligere solgte syntetiske cannabismedisiner.<\/p>\n<p>N-[[1-(5- fluorpentyl)-1H-indazol-3-yl]karbonyl]<\/p>\n<p>-3-metyl-D-valin metylester (5F-ADB) er en sv\u00e6rt sterk syntetisk cannabis som for\u00e5rsaker alvorlige psykotiske symptomer hos mennesker, av og til d\u00f8delig.<\/p>\n<p>For \u00e5 belyse de nevronale mekanismene bak 5F-toksisitet, studerte ADBs effektene p\u00e5 mellomhjernens dopaminerge og serotonerge kretser, som regulerer en rekke grunnleggende hjernefunksjoner, inkludert de som er forbundet med bel\u00f8nningsrelatert atferd. Ex vivo elektrofysiologiske teknikker ble brukt for \u00e5 registrere endringer i den spontane avfyringsaktiviteten til dopaminerge og serotonerge nevroner produsert av 5F-ADB.<\/p>\n<p>5F-ADB (1 M) \u00f8kte den spontane avfyringshastigheten til dopaminerge nevroner dramatisk, men klarte ikke \u00e5 aktivere dem i n\u00e6rv\u00e6r av CB1-antagonisten AM251 (1 M). Den samme konsentrasjonen av 5F-ADB hadde derimot ingen effekt p\u00e5 serotonerg nevronaktivitet. Disse funnene viser at 5F-ADB aktiverer lokale CB1-reseptorer og forbedrer dopaminerge systemer i midthjernen, samtidig som det ikke har noen effekt p\u00e5 serotonerge systemer i midthjernen.<\/p>\n","protected":false},"excerpt":{"rendered":"<p>Kj\u00f8p 5F-ADB for salg Storbritannia, Europa, Kina (ogs\u00e5 kjent som 5F-MDMB-PINACA) er en indazol-basert syntetisk cannabinoid fra indazol-3-karboksamidfamilien, engrosordre tilgjengelig<\/p>\n","protected":false},"featured_media":5933,"comment_status":"open","ping_status":"closed","template":"","meta":[],"product_brand":[],"product_cat":[2596],"product_tag":[4066,4068,4067,4069,4073,4070,4071,4074,4072,4076,4075],"class_list":{"0":"post-5902","1":"product","2":"type-product","3":"status-publish","4":"has-post-thumbnail","6":"product_cat-cannabinoider-til-salg","7":"product_tag-5f-adb","8":"product_tag-5f-adb-pulver","9":"product_tag-5f-adb-til-salgs","10":"product_tag-5f-mdmb-pinaca","11":"product_tag-bestille-5f-adb-online","12":"product_tag-buy-5f-adb-online","13":"product_tag-c20h28fn3o3","14":"product_tag-det-beste-stedet--kjpe-5f-adb-online","15":"product_tag-how-to-buy-5f-adb-online","16":"product_tag-hvor-kan-kjpe-5f-adb-online","17":"product_tag-v1715016-75-3","19":"first","20":"instock","21":"featured","22":"shipping-taxable","23":"purchasable","24":"product-type-variable"},"yoast_head":"<!-- This site is optimized with the Yoast SEO plugin v27.3 - https:\/\/yoast.com\/product\/yoast-seo-wordpress\/ -->\n<title>Kj\u00f8p 5F-ADB - 5F-MDMB-PINACA - Beste beste globale medisiner<\/title>\n<meta name=\"description\" content=\"Kj\u00f8p 5F-ADB for salg Storbritannia, Europa\u00a0(ogs\u00e5 kjent som\u00a05F-MDMB-PINACA) er en\u00a0indazol-basert syntetisk\u00a0cannabinoid\u00a0fra indazol-3-karboksamid-familien, engrosordre tilgjengelig\" \/>\n<meta name=\"robots\" content=\"index, follow, max-snippet:-1, max-image-preview:large, max-video-preview:-1\" \/>\n<link rel=\"canonical\" href=\"https:\/\/medicinasinc.com\/no\/product\/kjop-5f-adb\/\" \/>\n<meta property=\"og:locale\" content=\"nn_NO\" \/>\n<meta property=\"og:type\" content=\"article\" \/>\n<meta property=\"og:title\" content=\"Kj\u00f8p 5F-ADB - 5F-MDMB-PINACA - Beste beste globale medisiner\" \/>\n<meta property=\"og:description\" content=\"Kj\u00f8p 5F-ADB for salg Storbritannia, Europa\u00a0(ogs\u00e5 kjent som\u00a05F-MDMB-PINACA) er en\u00a0indazol-basert syntetisk\u00a0cannabinoid\u00a0fra indazol-3-karboksamid-familien, engrosordre tilgjengelig\" \/>\n<meta property=\"og:url\" content=\"https:\/\/medicinasinc.com\/no\/product\/kjop-5f-adb\/\" \/>\n<meta property=\"og:site_name\" content=\"Medicinas Inc\" \/>\n<meta property=\"article:modified_time\" content=\"2022-03-22T00:39:50+00:00\" \/>\n<meta property=\"og:image\" content=\"https:\/\/medicinasinc.com\/no\/wp-content\/uploads\/sites\/14\/2022\/02\/Buy-5F-ADB.jpeg\" \/>\n\t<meta property=\"og:image:width\" content=\"800\" \/>\n\t<meta property=\"og:image:height\" content=\"450\" \/>\n\t<meta property=\"og:image:type\" content=\"image\/jpeg\" \/>\n<meta name=\"twitter:card\" content=\"summary_large_image\" \/>\n<meta name=\"twitter:label1\" content=\"Est. reading time\" \/>\n\t<meta name=\"twitter:data1\" content=\"2 minutt\" \/>\n<script type=\"application\/ld+json\" class=\"yoast-schema-graph\">{\"@context\":\"https:\\\/\\\/schema.org\",\"@graph\":[{\"@type\":\"WebPage\",\"@id\":\"https:\\\/\\\/medicinasinc.com\\\/no\\\/product\\\/kjop-5f-adb\\\/\",\"url\":\"https:\\\/\\\/medicinasinc.com\\\/no\\\/product\\\/kjop-5f-adb\\\/\",\"name\":\"Kj\u00f8p 5F-ADB - 5F-MDMB-PINACA - Beste beste globale medisiner\",\"isPartOf\":{\"@id\":\"https:\\\/\\\/medicinasinc.com\\\/no\\\/#website\"},\"primaryImageOfPage\":{\"@id\":\"https:\\\/\\\/medicinasinc.com\\\/no\\\/product\\\/kjop-5f-adb\\\/#primaryimage\"},\"image\":{\"@id\":\"https:\\\/\\\/medicinasinc.com\\\/no\\\/product\\\/kjop-5f-adb\\\/#primaryimage\"},\"thumbnailUrl\":\"https:\\\/\\\/medicinasinc.com\\\/no\\\/wp-content\\\/uploads\\\/sites\\\/14\\\/2022\\\/02\\\/Buy-5F-ADB.jpeg\",\"datePublished\":\"2022-02-22T08:09:55+00:00\",\"dateModified\":\"2022-03-22T00:39:50+00:00\",\"description\":\"Kj\u00f8p 5F-ADB for salg Storbritannia, Europa\u00a0(ogs\u00e5 kjent som\u00a05F-MDMB-PINACA) er en\u00a0indazol-basert syntetisk\u00a0cannabinoid\u00a0fra indazol-3-karboksamid-familien, engrosordre tilgjengelig\",\"breadcrumb\":{\"@id\":\"https:\\\/\\\/medicinasinc.com\\\/no\\\/product\\\/kjop-5f-adb\\\/#breadcrumb\"},\"inLanguage\":\"nn-NO\",\"potentialAction\":[{\"@type\":\"ReadAction\",\"target\":[\"https:\\\/\\\/medicinasinc.com\\\/no\\\/product\\\/kjop-5f-adb\\\/\"]}]},{\"@type\":\"ImageObject\",\"inLanguage\":\"nn-NO\",\"@id\":\"https:\\\/\\\/medicinasinc.com\\\/no\\\/product\\\/kjop-5f-adb\\\/#primaryimage\",\"url\":\"https:\\\/\\\/medicinasinc.com\\\/no\\\/wp-content\\\/uploads\\\/sites\\\/14\\\/2022\\\/02\\\/Buy-5F-ADB.jpeg\",\"contentUrl\":\"https:\\\/\\\/medicinasinc.com\\\/no\\\/wp-content\\\/uploads\\\/sites\\\/14\\\/2022\\\/02\\\/Buy-5F-ADB.jpeg\",\"width\":800,\"height\":450},{\"@type\":\"BreadcrumbList\",\"@id\":\"https:\\\/\\\/medicinasinc.com\\\/no\\\/product\\\/kjop-5f-adb\\\/#breadcrumb\",\"itemListElement\":[{\"@type\":\"ListItem\",\"position\":1,\"name\":\"Butikk\",\"item\":\"https:\\\/\\\/medicinasinc.com\\\/no\\\/butikk\\\/\"},{\"@type\":\"ListItem\",\"position\":2,\"name\":\"Kj\u00f8p 5F-ADB\"}]},{\"@type\":\"WebSite\",\"@id\":\"https:\\\/\\\/medicinasinc.com\\\/no\\\/#website\",\"url\":\"https:\\\/\\\/medicinasinc.com\\\/no\\\/\",\"name\":\"Medicinas Inc\",\"description\":\"Helsemedisinsk klinikk\",\"potentialAction\":[{\"@type\":\"SearchAction\",\"target\":{\"@type\":\"EntryPoint\",\"urlTemplate\":\"https:\\\/\\\/medicinasinc.com\\\/no\\\/?s={search_term_string}\"},\"query-input\":{\"@type\":\"PropertyValueSpecification\",\"valueRequired\":true,\"valueName\":\"search_term_string\"}}],\"inLanguage\":\"nn-NO\"}]}<\/script>\n<!-- \/ Yoast SEO plugin. -->","yoast_head_json":{"title":"Kj\u00f8p 5F-ADB - 5F-MDMB-PINACA - Beste beste globale medisiner","description":"Kj\u00f8p 5F-ADB for salg Storbritannia, Europa\u00a0(ogs\u00e5 kjent som\u00a05F-MDMB-PINACA) er en\u00a0indazol-basert syntetisk\u00a0cannabinoid\u00a0fra indazol-3-karboksamid-familien, engrosordre tilgjengelig","robots":{"index":"index","follow":"follow","max-snippet":"max-snippet:-1","max-image-preview":"max-image-preview:large","max-video-preview":"max-video-preview:-1"},"canonical":"https:\/\/medicinasinc.com\/no\/product\/kjop-5f-adb\/","og_locale":"nn_NO","og_type":"article","og_title":"Kj\u00f8p 5F-ADB - 5F-MDMB-PINACA - Beste beste globale medisiner","og_description":"Kj\u00f8p 5F-ADB for salg Storbritannia, Europa\u00a0(ogs\u00e5 kjent som\u00a05F-MDMB-PINACA) er en\u00a0indazol-basert syntetisk\u00a0cannabinoid\u00a0fra indazol-3-karboksamid-familien, engrosordre tilgjengelig","og_url":"https:\/\/medicinasinc.com\/no\/product\/kjop-5f-adb\/","og_site_name":"Medicinas Inc","article_modified_time":"2022-03-22T00:39:50+00:00","og_image":[{"width":800,"height":450,"url":"https:\/\/medicinasinc.com\/no\/wp-content\/uploads\/sites\/14\/2022\/02\/Buy-5F-ADB.jpeg","type":"image\/jpeg"}],"twitter_card":"summary_large_image","twitter_misc":{"Est. reading time":"2 minutt"},"schema":{"@context":"https:\/\/schema.org","@graph":[{"@type":"WebPage","@id":"https:\/\/medicinasinc.com\/no\/product\/kjop-5f-adb\/","url":"https:\/\/medicinasinc.com\/no\/product\/kjop-5f-adb\/","name":"Kj\u00f8p 5F-ADB - 5F-MDMB-PINACA - Beste beste globale medisiner","isPartOf":{"@id":"https:\/\/medicinasinc.com\/no\/#website"},"primaryImageOfPage":{"@id":"https:\/\/medicinasinc.com\/no\/product\/kjop-5f-adb\/#primaryimage"},"image":{"@id":"https:\/\/medicinasinc.com\/no\/product\/kjop-5f-adb\/#primaryimage"},"thumbnailUrl":"https:\/\/medicinasinc.com\/no\/wp-content\/uploads\/sites\/14\/2022\/02\/Buy-5F-ADB.jpeg","datePublished":"2022-02-22T08:09:55+00:00","dateModified":"2022-03-22T00:39:50+00:00","description":"Kj\u00f8p 5F-ADB for salg Storbritannia, Europa\u00a0(ogs\u00e5 kjent som\u00a05F-MDMB-PINACA) er en\u00a0indazol-basert syntetisk\u00a0cannabinoid\u00a0fra indazol-3-karboksamid-familien, engrosordre tilgjengelig","breadcrumb":{"@id":"https:\/\/medicinasinc.com\/no\/product\/kjop-5f-adb\/#breadcrumb"},"inLanguage":"nn-NO","potentialAction":[{"@type":"ReadAction","target":["https:\/\/medicinasinc.com\/no\/product\/kjop-5f-adb\/"]}]},{"@type":"ImageObject","inLanguage":"nn-NO","@id":"https:\/\/medicinasinc.com\/no\/product\/kjop-5f-adb\/#primaryimage","url":"https:\/\/medicinasinc.com\/no\/wp-content\/uploads\/sites\/14\/2022\/02\/Buy-5F-ADB.jpeg","contentUrl":"https:\/\/medicinasinc.com\/no\/wp-content\/uploads\/sites\/14\/2022\/02\/Buy-5F-ADB.jpeg","width":800,"height":450},{"@type":"BreadcrumbList","@id":"https:\/\/medicinasinc.com\/no\/product\/kjop-5f-adb\/#breadcrumb","itemListElement":[{"@type":"ListItem","position":1,"name":"Butikk","item":"https:\/\/medicinasinc.com\/no\/butikk\/"},{"@type":"ListItem","position":2,"name":"Kj\u00f8p 5F-ADB"}]},{"@type":"WebSite","@id":"https:\/\/medicinasinc.com\/no\/#website","url":"https:\/\/medicinasinc.com\/no\/","name":"Medicinas Inc","description":"Helsemedisinsk klinikk","potentialAction":[{"@type":"SearchAction","target":{"@type":"EntryPoint","urlTemplate":"https:\/\/medicinasinc.com\/no\/?s={search_term_string}"},"query-input":{"@type":"PropertyValueSpecification","valueRequired":true,"valueName":"search_term_string"}}],"inLanguage":"nn-NO"}]}},"_links":{"self":[{"href":"https:\/\/medicinasinc.com\/no\/wp-json\/wp\/v2\/product\/5902","targetHints":{"allow":["GET"]}}],"collection":[{"href":"https:\/\/medicinasinc.com\/no\/wp-json\/wp\/v2\/product"}],"about":[{"href":"https:\/\/medicinasinc.com\/no\/wp-json\/wp\/v2\/types\/product"}],"replies":[{"embeddable":true,"href":"https:\/\/medicinasinc.com\/no\/wp-json\/wp\/v2\/comments?post=5902"}],"wp:featuredmedia":[{"embeddable":true,"href":"https:\/\/medicinasinc.com\/no\/wp-json\/wp\/v2\/media\/5933"}],"wp:attachment":[{"href":"https:\/\/medicinasinc.com\/no\/wp-json\/wp\/v2\/media?parent=5902"}],"wp:term":[{"taxonomy":"product_brand","embeddable":true,"href":"https:\/\/medicinasinc.com\/no\/wp-json\/wp\/v2\/product_brand?post=5902"},{"taxonomy":"product_cat","embeddable":true,"href":"https:\/\/medicinasinc.com\/no\/wp-json\/wp\/v2\/product_cat?post=5902"},{"taxonomy":"product_tag","embeddable":true,"href":"https:\/\/medicinasinc.com\/no\/wp-json\/wp\/v2\/product_tag?post=5902"}],"curies":[{"name":"wp","href":"https:\/\/api.w.org\/{rel}","templated":true}]}}