{"id":5897,"date":"2022-02-22T08:07:13","date_gmt":"2022-02-22T08:07:13","guid":{"rendered":"https:\/\/medicinasinc.com\/no\/?post_type=product&#038;p=5897"},"modified":"2022-03-22T00:39:59","modified_gmt":"2022-03-22T00:39:59","slug":"kjop-5c-akb48","status":"publish","type":"product","link":"https:\/\/medicinasinc.com\/no\/product\/kjop-5c-akb48\/","title":{"rendered":"Kj\u00f8p 5C-AKB48"},"content":{"rendered":"<p>Hva er 5C-AKB48-koden?<\/p>\n<p>5C-AKB48 er en syntetisk cannabinoid som tilh\u00f8rer indazolkarboksamidklassen. Det er 5-klor-analogen til 5F-AKB48 (ofte referert til som AKB48, 5F-APINACA eller 5F-AKB48), den mer kjente syntetiske cannabinoiden som er oppdaget i S\u00f8r-Korea.<\/p>\n<p>Europas st\u00f8rste forhandler av 5C-AKB48-pulver.<\/p>\n<p>5C-AKB48 kan kj\u00f8pes p\u00e5 nettet med Bitcoin. 5C-AKB48 er en sterkere versjon av AKB-48 som opererer p\u00e5 cannabinoidreseptorer.<\/p>\n<p>5C-AKB48 hevdes \u00e5 ha lignende, men kraftigere, effekter enn 5F-AKB48, og som alle syntetiske cannabinoider, den har h\u00f8y affinitet for CB1- og CB2-reseptorene.<\/p>\n<p>5C-AKB48 kjemiske egenskaper<\/p>\n<p>C23H30CIN3O<\/p>\n<p>N- (adamantan-1-yl)<\/p>\n<p> p&gt; <\/p>\n<p>-1-(5-klorpentyl)-1H-indazol<\/p>\n<p>-3-karboksamid<\/p>\n<p>Molekylvekt: 400,00 g\/mol<\/p>\n<p>Renhet : mer enn 98 prosent<\/p>\n<p>5C-AKB48 er en syntetisk cannabinoid som tilh\u00f8rer indazol-3-karboksamidfamilien. Den deler lignende molekyl\u00e6re egenskaper med 5F-ABD. Som tilfellet er med mange cannabinoider, har den h\u00f8y affinitet for CB1- og CB2-reseptorene, noe som bidrar til dens euforiske egenskaper. Som tilfellet er med de fleste cannabinoider, er den ul\u00f8selig i vann og stabil ved romtemperatur. Som tilfellet er med de fleste cannabinoider, har 5C-AKB48 et betydelig potensial for bruk som smertestillende og appetittstimulerende middel. Selv om det ikke er utf\u00f8rt fors\u00f8k p\u00e5 mennesker, er det rimelig \u00e5 anta at 5C-AKB48 har samme syntetiske cannabinoideffekter som andre kjemikalier i samme klasse. Det b\u00f8r nevnes at dette legemidlets sikkerhetsprofil ikke har blitt grundig evaluert og at det ikke er beregnet p\u00e5 konsum.<\/p>\n<p>Hva er de sannsynlige bivirkningene og forholdsreglene forbundet med 5C-AKB48?<\/p>\n<p>5C-psykoaktiv AKB48s effekter er sammenlignbare med effekten av andre naturlige og syntetiske cannabinoider, spesielt 5F-ABD.<\/p>\n<p>Sedering: Kanskje den mest kjente effekten av cannabinoider, forbrukere rapporterer en dyp f\u00f8lelse av ro og reduserte energiniv\u00e5er etter 5C-AKB48-forbruk.<\/p>\n<p>Reduser betennelse: I \u00e5rtusener har naturlig forekommende cannabinoider blitt brukt for sine anti-inflammatoriske egenskaper. CBD (en ikke-psykoaktiv cannabinoid) har nylig vunnet popularitet som smerte- og betennelsesmiddel. Selv om det ikke er utf\u00f8rt noen offisielle studier, er det rimelig \u00e5 anta at 5C-AKB48 har de betennelsesdempende egenskapene assosiert med cannabinoider.<\/p>\n<p>Anti-kvalme og emetiske egenskaper: Cannabinoider har anti-kvalme og brekningsegenskaper som har blitt sett klinisk i mange \u00e5r [1], med rutinemessig forskrevne medisiner som Marinol, syndros og Nabilone som inneholder syntetiske cannabinoider.<\/p>\n<p>Cannabinoider har lenge v\u00e6rt anerkjent for deres evne til \u00e5 redusere alvorlighetsgraden av migrene og migrene betydelig. kronisk hodepine hos mennesker [2]. Dessverre er det ikke utf\u00f8rt kontrollerte studier p\u00e5 nytten av 5C-AKB48 i behandling av hodepine, og det finnes bare noen f\u00e5 anekdotiske rapporter.<\/p>\n<p>Som tidligere angitt, er det ikke foretatt noen formell forskning p\u00e5 5C-AKB48 , og derfor er sikkerhetsprofilen for \u00f8yeblikket uklar. Til tross for frav\u00e6ret av testing, kan vi forvente at det vil vise de typiske cannabisbivirkningene. Som et resultat er det viktig \u00e5 huske at 5C-AKB48 kun er beregnet for forskningsbruk og ikke er beregnet p\u00e5 konsum. Den b\u00f8r ikke h\u00e5ndteres uten bruk av passende laboratorieutstyr, inkludert \u00f8yevern og hansker.<\/p>\n<p>Hvor kan jeg kj\u00f8pe?<\/p>\n<p>Chemical Planet er stolte av \u00e5 tilby 5C- av h\u00f8yeste kvalitet AKB48 p\u00e5 markedet. Chemical Planet er ogs\u00e5 en nr. 1 p\u00e5litelig leverand\u00f8r, som gir rask, diskret frakt til en rekke steder over hele verden.<\/p>\n<p>For \u00e5 kj\u00f8pe 5C-AKB48 m\u00e5 du v\u00e6re minst 18 \u00e5r gammel, og alle vanlige kredittkort s\u00e5 vel som bitcoin aksepteres. Alle produktene, inkludert 5C-AKB48, er utelukkende ment for forskningsbruk og er ikke ment for konsum.<\/p>\n","protected":false},"excerpt":{"rendered":"<p>Kj\u00f8p 5c-akb48 for salg, engros 5c-akb48 UK, bestill 5cakb48 Europe leverand\u00f8r. 5c-akb48 er en indazolbasert syntetisk cannabinoid som har blitt solgt p\u00e5 nettet som et designermedikament.<\/p>\n","protected":false},"featured_media":5928,"comment_status":"open","ping_status":"closed","template":"","meta":[],"product_brand":[],"product_cat":[2596],"product_tag":[4052,4053,4054,4055,4056,2600,2616,4059,4057,4058,2615,4060,4061,4062,4064,4065,4063],"class_list":{"0":"post-5897","1":"product","2":"type-product","3":"status-publish","4":"has-post-thumbnail","6":"product_cat-cannabinoider-til-salg","7":"product_tag-5c-akb48","8":"product_tag-5c-akb48-til-salgs","9":"product_tag-5cakb48","10":"product_tag-5f-mdmb-2201-5f-mdmb-2201-cannabinoid","11":"product_tag-5f-mdmb-2201-psykonaut","12":"product_tag-5f-mdmb-2201","13":"product_tag-5f-mdmb-2201-gjennomgang","14":"product_tag-5f-mdmb-2201-anmeldelser","15":"product_tag-5f-mdmb-2201-cayman","16":"product_tag-5f-mdmb-2201-dosering","17":"product_tag-5f-mdmb-2201-reddit","18":"product_tag-5f-mdmb-2201-wiki","19":"product_tag-5fmdmb2201-5f-mdmb-2201-kannabinoid","20":"product_tag-buy-5c-akb48-online","21":"product_tag-det-beste-stedet--kjpe-5c-akb48-online","22":"product_tag-hvor-kan-kjpe-5c-akb48-online","23":"product_tag-kjp-5c-akb48-online","25":"first","26":"instock","27":"shipping-taxable","28":"purchasable","29":"product-type-variable"},"yoast_head":"<!-- This site is optimized with the Yoast SEO plugin v27.3 - https:\/\/yoast.com\/product\/yoast-seo-wordpress\/ -->\n<title>Kj\u00f8p 5c-akb48 fra en p\u00e5litelig leverand\u00f8r - Cannabinoider - Beste globale medisiner<\/title>\n<meta name=\"description\" content=\"Kj\u00f8p 5c-akb48 for salg, engros 5c-akb48 UK, Bestill 5cakb48 Europe leverand\u00f8r. 5c-akb48 er en indazolbasert syntetisk cannabinoid som har blitt solgt p\u00e5 nettet som et designermedikament.\" \/>\n<meta name=\"robots\" content=\"index, follow, max-snippet:-1, max-image-preview:large, max-video-preview:-1\" \/>\n<link rel=\"canonical\" href=\"https:\/\/medicinasinc.com\/no\/product\/kjop-5c-akb48\/\" \/>\n<meta property=\"og:locale\" content=\"nn_NO\" \/>\n<meta property=\"og:type\" content=\"article\" \/>\n<meta property=\"og:title\" content=\"Kj\u00f8p 5c-akb48 fra en p\u00e5litelig leverand\u00f8r - Cannabinoider - Beste globale medisiner\" \/>\n<meta property=\"og:description\" content=\"Kj\u00f8p 5c-akb48 for salg, engros 5c-akb48 UK, Bestill 5cakb48 Europe leverand\u00f8r. 5c-akb48 er en indazolbasert syntetisk cannabinoid som har blitt solgt p\u00e5 nettet som et designermedikament.\" \/>\n<meta property=\"og:url\" content=\"https:\/\/medicinasinc.com\/no\/product\/kjop-5c-akb48\/\" \/>\n<meta property=\"og:site_name\" content=\"Medicinas Inc\" \/>\n<meta property=\"article:modified_time\" content=\"2022-03-22T00:39:59+00:00\" \/>\n<meta property=\"og:image\" content=\"https:\/\/medicinasinc.com\/no\/wp-content\/uploads\/sites\/14\/2022\/02\/Buy-5C-AKB48.png\" \/>\n\t<meta property=\"og:image:width\" content=\"500\" \/>\n\t<meta property=\"og:image:height\" content=\"500\" \/>\n\t<meta property=\"og:image:type\" content=\"image\/png\" \/>\n<meta name=\"twitter:card\" content=\"summary_large_image\" \/>\n<meta name=\"twitter:label1\" content=\"Est. reading time\" \/>\n\t<meta name=\"twitter:data1\" content=\"3 minutt\" \/>\n<script type=\"application\/ld+json\" class=\"yoast-schema-graph\">{\"@context\":\"https:\\\/\\\/schema.org\",\"@graph\":[{\"@type\":\"WebPage\",\"@id\":\"https:\\\/\\\/medicinasinc.com\\\/no\\\/product\\\/kjop-5c-akb48\\\/\",\"url\":\"https:\\\/\\\/medicinasinc.com\\\/no\\\/product\\\/kjop-5c-akb48\\\/\",\"name\":\"Kj\u00f8p 5c-akb48 fra en p\u00e5litelig leverand\u00f8r - Cannabinoider - Beste globale medisiner\",\"isPartOf\":{\"@id\":\"https:\\\/\\\/medicinasinc.com\\\/no\\\/#website\"},\"primaryImageOfPage\":{\"@id\":\"https:\\\/\\\/medicinasinc.com\\\/no\\\/product\\\/kjop-5c-akb48\\\/#primaryimage\"},\"image\":{\"@id\":\"https:\\\/\\\/medicinasinc.com\\\/no\\\/product\\\/kjop-5c-akb48\\\/#primaryimage\"},\"thumbnailUrl\":\"https:\\\/\\\/medicinasinc.com\\\/no\\\/wp-content\\\/uploads\\\/sites\\\/14\\\/2022\\\/02\\\/Buy-5C-AKB48.png\",\"datePublished\":\"2022-02-22T08:07:13+00:00\",\"dateModified\":\"2022-03-22T00:39:59+00:00\",\"description\":\"Kj\u00f8p 5c-akb48 for salg, engros 5c-akb48 UK, Bestill 5cakb48 Europe leverand\u00f8r. 5c-akb48 er en indazolbasert syntetisk cannabinoid som har blitt solgt p\u00e5 nettet som et designermedikament.\",\"breadcrumb\":{\"@id\":\"https:\\\/\\\/medicinasinc.com\\\/no\\\/product\\\/kjop-5c-akb48\\\/#breadcrumb\"},\"inLanguage\":\"nn-NO\",\"potentialAction\":[{\"@type\":\"ReadAction\",\"target\":[\"https:\\\/\\\/medicinasinc.com\\\/no\\\/product\\\/kjop-5c-akb48\\\/\"]}]},{\"@type\":\"ImageObject\",\"inLanguage\":\"nn-NO\",\"@id\":\"https:\\\/\\\/medicinasinc.com\\\/no\\\/product\\\/kjop-5c-akb48\\\/#primaryimage\",\"url\":\"https:\\\/\\\/medicinasinc.com\\\/no\\\/wp-content\\\/uploads\\\/sites\\\/14\\\/2022\\\/02\\\/Buy-5C-AKB48.png\",\"contentUrl\":\"https:\\\/\\\/medicinasinc.com\\\/no\\\/wp-content\\\/uploads\\\/sites\\\/14\\\/2022\\\/02\\\/Buy-5C-AKB48.png\",\"width\":500,\"height\":500},{\"@type\":\"BreadcrumbList\",\"@id\":\"https:\\\/\\\/medicinasinc.com\\\/no\\\/product\\\/kjop-5c-akb48\\\/#breadcrumb\",\"itemListElement\":[{\"@type\":\"ListItem\",\"position\":1,\"name\":\"Butikk\",\"item\":\"https:\\\/\\\/medicinasinc.com\\\/no\\\/butikk\\\/\"},{\"@type\":\"ListItem\",\"position\":2,\"name\":\"Kj\u00f8p 5C-AKB48\"}]},{\"@type\":\"WebSite\",\"@id\":\"https:\\\/\\\/medicinasinc.com\\\/no\\\/#website\",\"url\":\"https:\\\/\\\/medicinasinc.com\\\/no\\\/\",\"name\":\"Medicinas Inc\",\"description\":\"Helsemedisinsk klinikk\",\"potentialAction\":[{\"@type\":\"SearchAction\",\"target\":{\"@type\":\"EntryPoint\",\"urlTemplate\":\"https:\\\/\\\/medicinasinc.com\\\/no\\\/?s={search_term_string}\"},\"query-input\":{\"@type\":\"PropertyValueSpecification\",\"valueRequired\":true,\"valueName\":\"search_term_string\"}}],\"inLanguage\":\"nn-NO\"}]}<\/script>\n<!-- \/ Yoast SEO plugin. -->","yoast_head_json":{"title":"Kj\u00f8p 5c-akb48 fra en p\u00e5litelig leverand\u00f8r - Cannabinoider - Beste globale medisiner","description":"Kj\u00f8p 5c-akb48 for salg, engros 5c-akb48 UK, Bestill 5cakb48 Europe leverand\u00f8r. 5c-akb48 er en indazolbasert syntetisk cannabinoid som har blitt solgt p\u00e5 nettet som et designermedikament.","robots":{"index":"index","follow":"follow","max-snippet":"max-snippet:-1","max-image-preview":"max-image-preview:large","max-video-preview":"max-video-preview:-1"},"canonical":"https:\/\/medicinasinc.com\/no\/product\/kjop-5c-akb48\/","og_locale":"nn_NO","og_type":"article","og_title":"Kj\u00f8p 5c-akb48 fra en p\u00e5litelig leverand\u00f8r - Cannabinoider - Beste globale medisiner","og_description":"Kj\u00f8p 5c-akb48 for salg, engros 5c-akb48 UK, Bestill 5cakb48 Europe leverand\u00f8r. 5c-akb48 er en indazolbasert syntetisk cannabinoid som har blitt solgt p\u00e5 nettet som et designermedikament.","og_url":"https:\/\/medicinasinc.com\/no\/product\/kjop-5c-akb48\/","og_site_name":"Medicinas Inc","article_modified_time":"2022-03-22T00:39:59+00:00","og_image":[{"width":500,"height":500,"url":"https:\/\/medicinasinc.com\/no\/wp-content\/uploads\/sites\/14\/2022\/02\/Buy-5C-AKB48.png","type":"image\/png"}],"twitter_card":"summary_large_image","twitter_misc":{"Est. reading time":"3 minutt"},"schema":{"@context":"https:\/\/schema.org","@graph":[{"@type":"WebPage","@id":"https:\/\/medicinasinc.com\/no\/product\/kjop-5c-akb48\/","url":"https:\/\/medicinasinc.com\/no\/product\/kjop-5c-akb48\/","name":"Kj\u00f8p 5c-akb48 fra en p\u00e5litelig leverand\u00f8r - Cannabinoider - Beste globale medisiner","isPartOf":{"@id":"https:\/\/medicinasinc.com\/no\/#website"},"primaryImageOfPage":{"@id":"https:\/\/medicinasinc.com\/no\/product\/kjop-5c-akb48\/#primaryimage"},"image":{"@id":"https:\/\/medicinasinc.com\/no\/product\/kjop-5c-akb48\/#primaryimage"},"thumbnailUrl":"https:\/\/medicinasinc.com\/no\/wp-content\/uploads\/sites\/14\/2022\/02\/Buy-5C-AKB48.png","datePublished":"2022-02-22T08:07:13+00:00","dateModified":"2022-03-22T00:39:59+00:00","description":"Kj\u00f8p 5c-akb48 for salg, engros 5c-akb48 UK, Bestill 5cakb48 Europe leverand\u00f8r. 5c-akb48 er en indazolbasert syntetisk cannabinoid som har blitt solgt p\u00e5 nettet som et designermedikament.","breadcrumb":{"@id":"https:\/\/medicinasinc.com\/no\/product\/kjop-5c-akb48\/#breadcrumb"},"inLanguage":"nn-NO","potentialAction":[{"@type":"ReadAction","target":["https:\/\/medicinasinc.com\/no\/product\/kjop-5c-akb48\/"]}]},{"@type":"ImageObject","inLanguage":"nn-NO","@id":"https:\/\/medicinasinc.com\/no\/product\/kjop-5c-akb48\/#primaryimage","url":"https:\/\/medicinasinc.com\/no\/wp-content\/uploads\/sites\/14\/2022\/02\/Buy-5C-AKB48.png","contentUrl":"https:\/\/medicinasinc.com\/no\/wp-content\/uploads\/sites\/14\/2022\/02\/Buy-5C-AKB48.png","width":500,"height":500},{"@type":"BreadcrumbList","@id":"https:\/\/medicinasinc.com\/no\/product\/kjop-5c-akb48\/#breadcrumb","itemListElement":[{"@type":"ListItem","position":1,"name":"Butikk","item":"https:\/\/medicinasinc.com\/no\/butikk\/"},{"@type":"ListItem","position":2,"name":"Kj\u00f8p 5C-AKB48"}]},{"@type":"WebSite","@id":"https:\/\/medicinasinc.com\/no\/#website","url":"https:\/\/medicinasinc.com\/no\/","name":"Medicinas Inc","description":"Helsemedisinsk klinikk","potentialAction":[{"@type":"SearchAction","target":{"@type":"EntryPoint","urlTemplate":"https:\/\/medicinasinc.com\/no\/?s={search_term_string}"},"query-input":{"@type":"PropertyValueSpecification","valueRequired":true,"valueName":"search_term_string"}}],"inLanguage":"nn-NO"}]}},"_links":{"self":[{"href":"https:\/\/medicinasinc.com\/no\/wp-json\/wp\/v2\/product\/5897","targetHints":{"allow":["GET"]}}],"collection":[{"href":"https:\/\/medicinasinc.com\/no\/wp-json\/wp\/v2\/product"}],"about":[{"href":"https:\/\/medicinasinc.com\/no\/wp-json\/wp\/v2\/types\/product"}],"replies":[{"embeddable":true,"href":"https:\/\/medicinasinc.com\/no\/wp-json\/wp\/v2\/comments?post=5897"}],"wp:featuredmedia":[{"embeddable":true,"href":"https:\/\/medicinasinc.com\/no\/wp-json\/wp\/v2\/media\/5928"}],"wp:attachment":[{"href":"https:\/\/medicinasinc.com\/no\/wp-json\/wp\/v2\/media?parent=5897"}],"wp:term":[{"taxonomy":"product_brand","embeddable":true,"href":"https:\/\/medicinasinc.com\/no\/wp-json\/wp\/v2\/product_brand?post=5897"},{"taxonomy":"product_cat","embeddable":true,"href":"https:\/\/medicinasinc.com\/no\/wp-json\/wp\/v2\/product_cat?post=5897"},{"taxonomy":"product_tag","embeddable":true,"href":"https:\/\/medicinasinc.com\/no\/wp-json\/wp\/v2\/product_tag?post=5897"}],"curies":[{"name":"wp","href":"https:\/\/api.w.org\/{rel}","templated":true}]}}