{"id":5893,"date":"2022-02-22T08:05:19","date_gmt":"2022-02-22T08:05:19","guid":{"rendered":"https:\/\/medicinasinc.com\/no\/?post_type=product&#038;p=5893"},"modified":"2022-03-22T00:40:09","modified_gmt":"2022-03-22T00:40:09","slug":"kjop-benzyl-metyl-keton-bmk-pulver-online","status":"publish","type":"product","link":"https:\/\/medicinasinc.com\/no\/product\/kjop-benzyl-metyl-keton-bmk-pulver-online\/","title":{"rendered":"Kj\u00f8p Benzyl Methyl Ketone (BMK) Powder Online"},"content":{"rendered":"<p>Nettkj\u00f8p av BMK-pulver<\/p>\n<p>BMK-pulver kan kj\u00f8pes p\u00e5 nett. Den kjemiske formelen for fenylaceton er C6H5CH2COCH3. Det er en olje som er fargel\u00f8s og l\u00f8selig i organiske l\u00f8semidler. Dette kjemikaliet er generelt referert til som P2P siden det brukes i produksjonen av metamfetamin og amfetamin. Fenylaceton produseres hos mennesker som en metabolitt av amfetamin og metamfetamin via oksidativ deaminering mediert av FMO3.<\/p>\n<p>Fenylaceton, ogs\u00e5 kjent som benzylmetylketon (BMK) eller P2P, var forl\u00f8peren til produksjonen av amfetamin. Det er regulert av Den europeiske union (EU) under forordning (EF) 273\/2004 om narkotikaprekursorer og r\u00e5dsforordning (EF) 111\/2005 om utveksling av narkotikaprekursorer. Som et resultat m\u00e5 administratorer innhente autorisasjon fra dyktige spesialister for \u00e5 eie, importere eller transportere den. Den siste tiden har det ikke v\u00e6rt noen storstilte BMK-fangster innenfor EU. Vi har en veldig god kundetilfredshetsvurdering og er forberedt p\u00e5 \u00e5 v\u00e6re de beste onlineleverand\u00f8rene av fenylacetonolje.<\/p>\n<p>Fenylaceton kan ogs\u00e5 syntetiseres fra forl\u00f8pere som APAAN (alfa-fenylacetoacetonitril). Nylig har importen av APAAN v\u00e6rt p\u00e5 et rekordh\u00f8yt niv\u00e5, og som et resultat ble den balansert i EU n\u00e6r slutten av 2013. I mars 2014 stemte FNs kommisjon for narkotiske stoffer enstemmig for \u00e5 regulere det globalt. <\/p>\n<p>V\u00e5re frakt- og leveringsmetoder er helt sikre og enkle for kj\u00f8p av fenylacetonolje p\u00e5 nettet. Vi er forberedt p\u00e5 \u00e5 selge sm\u00e5 mengder s\u00e5 vel som store mengder av v\u00e5r fenylacetonolje p\u00e5 nett. Fenylacetonolje-kvaliteten v\u00e5r p\u00e5 nett er uovertruffen, og vi selger i sm\u00e5\/store mengder med forsikring om diskret levering til rett tid etter at du har kj\u00f8pt fenylacetonolje online. Frakt via DHL, TNT eller FedEx, blant andre. I tillegg er det avhengig av kundens transportm\u00e5te n\u00e5r du bestiller phenylacetone Oil Online. Ikke n\u00f8l med \u00e5 kontakte oss n\u00e5r du er klar til \u00e5 kj\u00f8pe phenylacetone, siden vi tilbyr den billigste prisen.<\/p>\n<p>Vi er ment \u00e5 gj\u00f8re kj\u00f8p av et bredt utvalg av v\u00e5re produkter enkelt. N\u00e5r du har lagt inn en bestilling p\u00e5 fenylacetonolje online hos oss, vil vi gi deg r\u00e5d om kj\u00f8pet. Vi s\u00f8rger for at kundene v\u00e5re mottar pakken sin og fenylacetonolje av h\u00f8y kvalitet, samt at de n\u00e5r m\u00e5lene sine ved \u00e5 sikre at varene v\u00e5re er riktig behandlet.<\/p>\n","protected":false},"excerpt":{"rendered":"<p>Kj\u00f8p Benzyl Methyl Ketone (BMK) Powder Online. V\u00e5rt BMK-pulver er 100 % laboratorietestet. Vi sender v\u00e5rt BMK Powder som diskret og ekspressforsendelse<\/p>\n","protected":false},"featured_media":5922,"comment_status":"open","ping_status":"closed","template":"","meta":[],"product_brand":[],"product_cat":[2014],"product_tag":[],"class_list":{"0":"post-5893","1":"product","2":"type-product","3":"status-publish","4":"has-post-thumbnail","6":"product_cat-kjpe-forskning-kjemikalier","8":"first","9":"instock","10":"shipping-taxable","11":"purchasable","12":"product-type-variable"},"yoast_head":"<!-- This site is optimized with the Yoast SEO plugin v27.3 - https:\/\/yoast.com\/product\/yoast-seo-wordpress\/ -->\n<title>Kj\u00f8p Benzyl Methyl Ketone (BMK) Powder Online - Beste globale medisiner<\/title>\n<meta name=\"description\" content=\"Kj\u00f8p Benzyl Methyl Ketone (BMK) Powder Online. V\u00e5rt BMK-pulver er 100 % laboratorietestet. Vi sender v\u00e5rt BMK Powder som diskret og ekspressforsendelse\" \/>\n<meta name=\"robots\" content=\"index, follow, max-snippet:-1, max-image-preview:large, max-video-preview:-1\" \/>\n<link rel=\"canonical\" href=\"https:\/\/medicinasinc.com\/no\/product\/kjop-benzyl-metyl-keton-bmk-pulver-online\/\" \/>\n<meta property=\"og:locale\" content=\"nn_NO\" \/>\n<meta property=\"og:type\" content=\"article\" \/>\n<meta property=\"og:title\" content=\"Kj\u00f8p Benzyl Methyl Ketone (BMK) Powder Online - Beste globale medisiner\" \/>\n<meta property=\"og:description\" content=\"Kj\u00f8p Benzyl Methyl Ketone (BMK) Powder Online. V\u00e5rt BMK-pulver er 100 % laboratorietestet. Vi sender v\u00e5rt BMK Powder som diskret og ekspressforsendelse\" \/>\n<meta property=\"og:url\" content=\"https:\/\/medicinasinc.com\/no\/product\/kjop-benzyl-metyl-keton-bmk-pulver-online\/\" \/>\n<meta property=\"og:site_name\" content=\"Medicinas Inc\" \/>\n<meta property=\"article:modified_time\" content=\"2022-03-22T00:40:09+00:00\" \/>\n<meta property=\"og:image\" content=\"https:\/\/medicinasinc.com\/no\/wp-content\/uploads\/sites\/14\/2022\/02\/buy-bmk-powder.jpg\" \/>\n\t<meta property=\"og:image:width\" content=\"447\" \/>\n\t<meta property=\"og:image:height\" content=\"389\" \/>\n\t<meta property=\"og:image:type\" content=\"image\/jpeg\" \/>\n<meta name=\"twitter:card\" content=\"summary_large_image\" \/>\n<meta name=\"twitter:label1\" content=\"Est. reading time\" \/>\n\t<meta name=\"twitter:data1\" content=\"2 minutt\" \/>\n<script type=\"application\/ld+json\" class=\"yoast-schema-graph\">{\"@context\":\"https:\\\/\\\/schema.org\",\"@graph\":[{\"@type\":\"WebPage\",\"@id\":\"https:\\\/\\\/medicinasinc.com\\\/no\\\/product\\\/kjop-benzyl-metyl-keton-bmk-pulver-online\\\/\",\"url\":\"https:\\\/\\\/medicinasinc.com\\\/no\\\/product\\\/kjop-benzyl-metyl-keton-bmk-pulver-online\\\/\",\"name\":\"Kj\u00f8p Benzyl Methyl Ketone (BMK) Powder Online - Beste globale medisiner\",\"isPartOf\":{\"@id\":\"https:\\\/\\\/medicinasinc.com\\\/no\\\/#website\"},\"primaryImageOfPage\":{\"@id\":\"https:\\\/\\\/medicinasinc.com\\\/no\\\/product\\\/kjop-benzyl-metyl-keton-bmk-pulver-online\\\/#primaryimage\"},\"image\":{\"@id\":\"https:\\\/\\\/medicinasinc.com\\\/no\\\/product\\\/kjop-benzyl-metyl-keton-bmk-pulver-online\\\/#primaryimage\"},\"thumbnailUrl\":\"https:\\\/\\\/medicinasinc.com\\\/no\\\/wp-content\\\/uploads\\\/sites\\\/14\\\/2022\\\/02\\\/buy-bmk-powder.jpg\",\"datePublished\":\"2022-02-22T08:05:19+00:00\",\"dateModified\":\"2022-03-22T00:40:09+00:00\",\"description\":\"Kj\u00f8p Benzyl Methyl Ketone (BMK) Powder Online. V\u00e5rt BMK-pulver er 100 % laboratorietestet. Vi sender v\u00e5rt BMK Powder som diskret og ekspressforsendelse\",\"breadcrumb\":{\"@id\":\"https:\\\/\\\/medicinasinc.com\\\/no\\\/product\\\/kjop-benzyl-metyl-keton-bmk-pulver-online\\\/#breadcrumb\"},\"inLanguage\":\"nn-NO\",\"potentialAction\":[{\"@type\":\"ReadAction\",\"target\":[\"https:\\\/\\\/medicinasinc.com\\\/no\\\/product\\\/kjop-benzyl-metyl-keton-bmk-pulver-online\\\/\"]}]},{\"@type\":\"ImageObject\",\"inLanguage\":\"nn-NO\",\"@id\":\"https:\\\/\\\/medicinasinc.com\\\/no\\\/product\\\/kjop-benzyl-metyl-keton-bmk-pulver-online\\\/#primaryimage\",\"url\":\"https:\\\/\\\/medicinasinc.com\\\/no\\\/wp-content\\\/uploads\\\/sites\\\/14\\\/2022\\\/02\\\/buy-bmk-powder.jpg\",\"contentUrl\":\"https:\\\/\\\/medicinasinc.com\\\/no\\\/wp-content\\\/uploads\\\/sites\\\/14\\\/2022\\\/02\\\/buy-bmk-powder.jpg\",\"width\":447,\"height\":389},{\"@type\":\"BreadcrumbList\",\"@id\":\"https:\\\/\\\/medicinasinc.com\\\/no\\\/product\\\/kjop-benzyl-metyl-keton-bmk-pulver-online\\\/#breadcrumb\",\"itemListElement\":[{\"@type\":\"ListItem\",\"position\":1,\"name\":\"Butikk\",\"item\":\"https:\\\/\\\/medicinasinc.com\\\/no\\\/butikk\\\/\"},{\"@type\":\"ListItem\",\"position\":2,\"name\":\"Kj\u00f8p Benzyl Methyl Ketone (BMK) Powder Online\"}]},{\"@type\":\"WebSite\",\"@id\":\"https:\\\/\\\/medicinasinc.com\\\/no\\\/#website\",\"url\":\"https:\\\/\\\/medicinasinc.com\\\/no\\\/\",\"name\":\"Medicinas Inc\",\"description\":\"Helsemedisinsk klinikk\",\"potentialAction\":[{\"@type\":\"SearchAction\",\"target\":{\"@type\":\"EntryPoint\",\"urlTemplate\":\"https:\\\/\\\/medicinasinc.com\\\/no\\\/?s={search_term_string}\"},\"query-input\":{\"@type\":\"PropertyValueSpecification\",\"valueRequired\":true,\"valueName\":\"search_term_string\"}}],\"inLanguage\":\"nn-NO\"}]}<\/script>\n<!-- \/ Yoast SEO plugin. -->","yoast_head_json":{"title":"Kj\u00f8p Benzyl Methyl Ketone (BMK) Powder Online - Beste globale medisiner","description":"Kj\u00f8p Benzyl Methyl Ketone (BMK) Powder Online. V\u00e5rt BMK-pulver er 100 % laboratorietestet. Vi sender v\u00e5rt BMK Powder som diskret og ekspressforsendelse","robots":{"index":"index","follow":"follow","max-snippet":"max-snippet:-1","max-image-preview":"max-image-preview:large","max-video-preview":"max-video-preview:-1"},"canonical":"https:\/\/medicinasinc.com\/no\/product\/kjop-benzyl-metyl-keton-bmk-pulver-online\/","og_locale":"nn_NO","og_type":"article","og_title":"Kj\u00f8p Benzyl Methyl Ketone (BMK) Powder Online - Beste globale medisiner","og_description":"Kj\u00f8p Benzyl Methyl Ketone (BMK) Powder Online. V\u00e5rt BMK-pulver er 100 % laboratorietestet. Vi sender v\u00e5rt BMK Powder som diskret og ekspressforsendelse","og_url":"https:\/\/medicinasinc.com\/no\/product\/kjop-benzyl-metyl-keton-bmk-pulver-online\/","og_site_name":"Medicinas Inc","article_modified_time":"2022-03-22T00:40:09+00:00","og_image":[{"width":447,"height":389,"url":"https:\/\/medicinasinc.com\/no\/wp-content\/uploads\/sites\/14\/2022\/02\/buy-bmk-powder.jpg","type":"image\/jpeg"}],"twitter_card":"summary_large_image","twitter_misc":{"Est. reading time":"2 minutt"},"schema":{"@context":"https:\/\/schema.org","@graph":[{"@type":"WebPage","@id":"https:\/\/medicinasinc.com\/no\/product\/kjop-benzyl-metyl-keton-bmk-pulver-online\/","url":"https:\/\/medicinasinc.com\/no\/product\/kjop-benzyl-metyl-keton-bmk-pulver-online\/","name":"Kj\u00f8p Benzyl Methyl Ketone (BMK) Powder Online - Beste globale medisiner","isPartOf":{"@id":"https:\/\/medicinasinc.com\/no\/#website"},"primaryImageOfPage":{"@id":"https:\/\/medicinasinc.com\/no\/product\/kjop-benzyl-metyl-keton-bmk-pulver-online\/#primaryimage"},"image":{"@id":"https:\/\/medicinasinc.com\/no\/product\/kjop-benzyl-metyl-keton-bmk-pulver-online\/#primaryimage"},"thumbnailUrl":"https:\/\/medicinasinc.com\/no\/wp-content\/uploads\/sites\/14\/2022\/02\/buy-bmk-powder.jpg","datePublished":"2022-02-22T08:05:19+00:00","dateModified":"2022-03-22T00:40:09+00:00","description":"Kj\u00f8p Benzyl Methyl Ketone (BMK) Powder Online. V\u00e5rt BMK-pulver er 100 % laboratorietestet. Vi sender v\u00e5rt BMK Powder som diskret og ekspressforsendelse","breadcrumb":{"@id":"https:\/\/medicinasinc.com\/no\/product\/kjop-benzyl-metyl-keton-bmk-pulver-online\/#breadcrumb"},"inLanguage":"nn-NO","potentialAction":[{"@type":"ReadAction","target":["https:\/\/medicinasinc.com\/no\/product\/kjop-benzyl-metyl-keton-bmk-pulver-online\/"]}]},{"@type":"ImageObject","inLanguage":"nn-NO","@id":"https:\/\/medicinasinc.com\/no\/product\/kjop-benzyl-metyl-keton-bmk-pulver-online\/#primaryimage","url":"https:\/\/medicinasinc.com\/no\/wp-content\/uploads\/sites\/14\/2022\/02\/buy-bmk-powder.jpg","contentUrl":"https:\/\/medicinasinc.com\/no\/wp-content\/uploads\/sites\/14\/2022\/02\/buy-bmk-powder.jpg","width":447,"height":389},{"@type":"BreadcrumbList","@id":"https:\/\/medicinasinc.com\/no\/product\/kjop-benzyl-metyl-keton-bmk-pulver-online\/#breadcrumb","itemListElement":[{"@type":"ListItem","position":1,"name":"Butikk","item":"https:\/\/medicinasinc.com\/no\/butikk\/"},{"@type":"ListItem","position":2,"name":"Kj\u00f8p Benzyl Methyl Ketone (BMK) Powder Online"}]},{"@type":"WebSite","@id":"https:\/\/medicinasinc.com\/no\/#website","url":"https:\/\/medicinasinc.com\/no\/","name":"Medicinas Inc","description":"Helsemedisinsk klinikk","potentialAction":[{"@type":"SearchAction","target":{"@type":"EntryPoint","urlTemplate":"https:\/\/medicinasinc.com\/no\/?s={search_term_string}"},"query-input":{"@type":"PropertyValueSpecification","valueRequired":true,"valueName":"search_term_string"}}],"inLanguage":"nn-NO"}]}},"_links":{"self":[{"href":"https:\/\/medicinasinc.com\/no\/wp-json\/wp\/v2\/product\/5893","targetHints":{"allow":["GET"]}}],"collection":[{"href":"https:\/\/medicinasinc.com\/no\/wp-json\/wp\/v2\/product"}],"about":[{"href":"https:\/\/medicinasinc.com\/no\/wp-json\/wp\/v2\/types\/product"}],"replies":[{"embeddable":true,"href":"https:\/\/medicinasinc.com\/no\/wp-json\/wp\/v2\/comments?post=5893"}],"wp:featuredmedia":[{"embeddable":true,"href":"https:\/\/medicinasinc.com\/no\/wp-json\/wp\/v2\/media\/5922"}],"wp:attachment":[{"href":"https:\/\/medicinasinc.com\/no\/wp-json\/wp\/v2\/media?parent=5893"}],"wp:term":[{"taxonomy":"product_brand","embeddable":true,"href":"https:\/\/medicinasinc.com\/no\/wp-json\/wp\/v2\/product_brand?post=5893"},{"taxonomy":"product_cat","embeddable":true,"href":"https:\/\/medicinasinc.com\/no\/wp-json\/wp\/v2\/product_cat?post=5893"},{"taxonomy":"product_tag","embeddable":true,"href":"https:\/\/medicinasinc.com\/no\/wp-json\/wp\/v2\/product_tag?post=5893"}],"curies":[{"name":"wp","href":"https:\/\/api.w.org\/{rel}","templated":true}]}}